{"id":349706,"date":"2025-10-17T17:07:16","date_gmt":"2025-10-17T20:07:16","guid":{"rendered":"https:\/\/shop.bazarcia.com\/?post_type=product&#038;p=349706"},"modified":"2025-10-17T17:32:21","modified_gmt":"2025-10-17T20:32:21","slug":"acesso-vip-1-anos","status":"publish","type":"product","link":"https:\/\/shop.bazarcia.com\/en\/product\/acesso-vip-1-anos\/","title":{"rendered":"Acesso VIP &#8211; 1 Anos"},"content":{"rendered":"<div>\n<div>Nomes dos Projetos:<\/div>\n<\/div>\n<div>\ud83d\udc5c Bolsinhas &amp; Acess\u00f3rios<\/div>\n<div><\/div>\n<div>\u2022Projeto Bolsinha Len\u00e7o Umedecido<\/div>\n<div>\u2022Bolsinha Ovelha Feita No Feltro<\/div>\n<div>\u2022Bolsinha Luxo Sint\u00e9tico<\/div>\n<div>\u2022Bolsinha Coelha<\/div>\n<div>\u2022Bolsinha Cenoura<\/div>\n<div>\u2022Porta Celular 02<\/div>\n<div>\u2022Porta Celular Com Visor Transparente<\/div>\n<div>\u2022Porta Carregador<\/div>\n<div>\u2022Porta \u00d3culos<\/div>\n<div>\u2022Projeto Necessaire<\/div>\n<div><\/div>\n<div>\n<div>\ud83d\udcd6 Capas &amp; Cadernetas<\/div>\n<div><\/div>\n<div>\u2022Capa de Caderneta Cute Baby<\/div>\n<div>\u2022Capa de Caderneta Baby (Bastidor 2 Est\u00e1gios)<\/div>\n<div>\u2022Capa de Caderneta Baby (Bastidores Maiores)<\/div>\n<div>\u2022Capa Caderneta Safari Cute (Bastidores Menores)<\/div>\n<div>\u2022Capa Caderneta Safari Cute (Bastidores Maiores)<\/div>\n<div>\u2022Capa de Caderneta (Bastidor 2 Est\u00e1gios)<\/div>\n<div>\u2022Capa de Caderneta (Bastidores Maiores)<\/div>\n<div>\u2022Capa Para B\u00edblia CCB (Hin\u00e1rio Brinde) &#8211; Sint\u00e9tico<\/div>\n<div>\u2022Meus Documentos (2 projetos em 1)<\/div>\n<div>\u2022Meu Pet (Capas Para Caderneta de Vacina\u00e7\u00e3o)<\/div>\n<div>\u2022Minhas Vacinas (Capa Para Caderneta)<\/div>\n<div>\u2022Capa Para Caderneta (Projeto 2 em 1)<\/div>\n<div>\u2022Capa de Cart\u00e3o de Vacina\u00e7\u00e3o (Projeto na Bordadeira)<\/div>\n<div><\/div>\n<div>\n<div>\ud83e\uddf8 Projetos Infantis &amp; Sensorial<\/div>\n<div><\/div>\n<div>\u2022Livro Sensorial Quiet Book<\/div>\n<div>\u2022Domin\u00f3 Sensorial<\/div>\n<div>\u2022Jogo da Mem\u00f3ria Sensorial<\/div>\n<div>\u2022Quebra-Cabe\u00e7a Num\u00e9rico Sensorial<\/div>\n<div>\u2022Paleta de Cores Sensorial<\/div>\n<div><\/div>\n<div>\n<div>\ud83e\ude77 Projetos Tem\u00e1ticos &amp; Decorativos<\/div>\n<div><\/div>\n<div>\u2022Projeto Ursinho Cute<\/div>\n<div>\u2022Boneca Raposa<\/div>\n<div>\u2022Corujinha<\/div>\n<div><\/div>\n<\/div>\n<div>\n<div>\ud83e\uddfc Higiene &amp; Organiza\u00e7\u00e3o<\/div>\n<div><\/div>\n<div>\u2022Kit Higiene (Montagem Mista)<\/div>\n<div>\u2022Kit Higiene (100% na Bordadeira)<\/div>\n<div>\u2022Porta Absorvente<\/div>\n<div>\u2022Carteira \/ Porta Absorvente<\/div>\n<div>\u2022Kit Primeiros Socorros<\/div>\n<div>\u2022Porta Chupeta (Bastidores Maiores)<\/div>\n<div><\/div>\n<\/div>\n<div>\n<div>\u2728 Projetos Especiais<\/div>\n<div><\/div>\n<div>\u2022Porta V\u00e9u CCB (Porta Recitativo de Brinde)<\/div>\n<div>\u2022Projeto Saquinho Maternidade<\/div>\n<div>\u2022Tapete Para Caneca<\/div>\n<div>\u2022Porta Chocolate<\/div>\n<div>\u2022Projeto Meu Nascimento<\/div>\n<div><\/div>\n<\/div>\n<div>\n<div>\ud83e\udea1 Cursos &amp; T\u00e9cnicas de Bordado<\/div>\n<div><\/div>\n<div>\u2022Curso de Bordado \u2013 Barradinho Ponto Concha (100% na Bordadeira)<\/div>\n<div>\u2022Curso de Bordado \u2013 Barradinho de Picueta (100% na M\u00e1quina de Bordar)<\/div>\n<div>\u2022Barrinhas Baby<\/div>\n<div>\u2022Dominando o Poder do Bastidor 2 Est\u00e1gios<\/div>\n<\/div>\n<div><\/div>\n<\/div>\n<\/div>","protected":false},"excerpt":{"rendered":"<div>s\u00e3o 46 projetos completos com v\u00eddeos, apostilas, moldes e matrizes prontas para bordar!<br data-start=\"171\" data-end=\"174\" \/>Aprenda passo a passo a produzir pe\u00e7as encantadoras, de bolsas a jogos sensoriais ,\u00a0 com montagem simples e acabamento profissional.<\/div>\n<div><br data-start=\"306\" data-end=\"309\" \/>Acesso imediato \u00e0 \u00e1rea exclusiva, downloads ilimitados e suporte dedicado para tirar d\u00favidas.<br data-start=\"402\" data-end=\"405\" \/>\ud83d\udca5 Economize <strong data-start=\"418\" data-end=\"433\">R$ 2.170,39<\/strong> e garanta seu combo antes que acabe!<\/div>","protected":false},"featured_media":349716,"comment_status":"open","ping_status":"closed","template":"","meta":{"_acf_changed":false,"_joinchat":[]},"product_brand":[],"product_cat":[1970,98,170],"product_tag":[],"class_list":{"0":"post-349706","1":"product","2":"type-product","3":"status-publish","4":"has-post-thumbnail","6":"product_cat-matrizes-de-ponto-costura","7":"product_cat-projetos-na-bordadeira-in-the-hoop-embroidery","8":"product_cat-projeto-bonecas-na-bordadeira","10":"first","11":"instock","12":"sale","13":"downloadable","14":"virtual","15":"purchasable","16":"product-type-simple"},"acf":[],"yoast_head":"<!-- This site is optimized with the Yoast SEO plugin v27.2 - https:\/\/yoast.com\/product\/yoast-seo-wordpress\/ -->\n<title>Acesso VIP - 1 Anos - \ud835\udc1b\ud835\udc1a\ud835\udc33\ud835\udc1a\ud835\udc2b &amp; \ud835\udc1c\ud835\udc22\ud835\udc1a<\/title>\n<meta name=\"robots\" content=\"index, follow, max-snippet:-1, max-image-preview:large, max-video-preview:-1\" \/>\n<link rel=\"canonical\" href=\"https:\/\/shop.bazarcia.com\/en\/product\/acesso-vip-1-anos\/\" \/>\n<meta property=\"og:locale\" content=\"en_US\" \/>\n<meta property=\"og:type\" content=\"article\" \/>\n<meta property=\"og:title\" content=\"Acesso VIP - 1 Anos - \ud835\udc1b\ud835\udc1a\ud835\udc33\ud835\udc1a\ud835\udc2b &amp; \ud835\udc1c\ud835\udc22\ud835\udc1a\" \/>\n<meta property=\"og:description\" content=\"s\u00e3o 46 projetos completos com v\u00eddeos, apostilas, moldes e matrizes prontas para bordar!Aprenda passo a passo a produzir pe\u00e7as encantadoras, de bolsas a jogos sensoriais ,\u00a0 com montagem simples e acabamento profissional. Acesso imediato \u00e0 \u00e1rea exclusiva, downloads ilimitados e suporte dedicado para tirar d\u00favidas.\ud83d\udca5 Economize R$ 2.170,39 e garanta seu combo antes que acabe!\" \/>\n<meta property=\"og:url\" content=\"https:\/\/shop.bazarcia.com\/en\/product\/acesso-vip-1-anos\/\" \/>\n<meta property=\"og:site_name\" content=\"\ud835\udc1b\ud835\udc1a\ud835\udc33\ud835\udc1a\ud835\udc2b &amp; \ud835\udc1c\ud835\udc22\ud835\udc1a\" \/>\n<meta property=\"article:publisher\" content=\"https:\/\/www.facebook.com\/shopbazarcia\" \/>\n<meta property=\"article:modified_time\" content=\"2025-10-17T20:32:21+00:00\" \/>\n<meta property=\"og:image\" content=\"https:\/\/shop.bazarcia.com\/wp-content\/uploads\/2025\/10\/IMG_5593.png\" \/>\n\t<meta property=\"og:image:width\" content=\"1024\" \/>\n\t<meta property=\"og:image:height\" content=\"1024\" \/>\n\t<meta property=\"og:image:type\" content=\"image\/png\" \/>\n<meta name=\"twitter:card\" content=\"summary_large_image\" \/>\n<meta name=\"twitter:label1\" content=\"Est. reading time\" \/>\n\t<meta name=\"twitter:data1\" content=\"1 minute\" \/>\n<script type=\"application\/ld+json\" class=\"yoast-schema-graph\">{\"@context\":\"https:\/\/schema.org\",\"@graph\":[{\"@type\":\"WebPage\",\"@id\":\"https:\/\/shop.bazarcia.com\/produto\/acesso-vip-1-anos\/\",\"url\":\"https:\/\/shop.bazarcia.com\/produto\/acesso-vip-1-anos\/\",\"name\":\"Acesso VIP - 1 Anos - \ud835\udc1b\ud835\udc1a\ud835\udc33\ud835\udc1a\ud835\udc2b &amp; \ud835\udc1c\ud835\udc22\ud835\udc1a\",\"isPartOf\":{\"@id\":\"https:\/\/shop.bazarcia.com\/#website\"},\"primaryImageOfPage\":{\"@id\":\"https:\/\/shop.bazarcia.com\/produto\/acesso-vip-1-anos\/#primaryimage\"},\"image\":{\"@id\":\"https:\/\/shop.bazarcia.com\/produto\/acesso-vip-1-anos\/#primaryimage\"},\"thumbnailUrl\":\"https:\/\/shop.bazarcia.com\/wp-content\/uploads\/2025\/10\/IMG_5593.png\",\"datePublished\":\"2025-10-17T20:07:16+00:00\",\"dateModified\":\"2025-10-17T20:32:21+00:00\",\"breadcrumb\":{\"@id\":\"https:\/\/shop.bazarcia.com\/produto\/acesso-vip-1-anos\/#breadcrumb\"},\"inLanguage\":\"en-US\",\"potentialAction\":[{\"@type\":\"ReadAction\",\"target\":[\"https:\/\/shop.bazarcia.com\/produto\/acesso-vip-1-anos\/\"]}]},{\"@type\":\"ImageObject\",\"inLanguage\":\"en-US\",\"@id\":\"https:\/\/shop.bazarcia.com\/produto\/acesso-vip-1-anos\/#primaryimage\",\"url\":\"https:\/\/shop.bazarcia.com\/wp-content\/uploads\/2025\/10\/IMG_5593.png\",\"contentUrl\":\"https:\/\/shop.bazarcia.com\/wp-content\/uploads\/2025\/10\/IMG_5593.png\",\"width\":1024,\"height\":1024},{\"@type\":\"BreadcrumbList\",\"@id\":\"https:\/\/shop.bazarcia.com\/produto\/acesso-vip-1-anos\/#breadcrumb\",\"itemListElement\":[{\"@type\":\"ListItem\",\"position\":1,\"name\":\"In\u00edcio\",\"item\":\"https:\/\/shop.bazarcia.com\/\"},{\"@type\":\"ListItem\",\"position\":2,\"name\":\"Loja\",\"item\":\"https:\/\/shop.bazarcia.com\/loja\/\"},{\"@type\":\"ListItem\",\"position\":3,\"name\":\"Acesso VIP &#8211; 1 Anos\"}]},{\"@type\":\"WebSite\",\"@id\":\"https:\/\/shop.bazarcia.com\/#website\",\"url\":\"https:\/\/shop.bazarcia.com\/\",\"name\":\"Bazar & Cia\",\"description\":\"criatividade ponto a ponto\",\"publisher\":{\"@id\":\"https:\/\/shop.bazarcia.com\/#organization\"},\"potentialAction\":[{\"@type\":\"SearchAction\",\"target\":{\"@type\":\"EntryPoint\",\"urlTemplate\":\"https:\/\/shop.bazarcia.com\/?s={search_term_string}\"},\"query-input\":{\"@type\":\"PropertyValueSpecification\",\"valueRequired\":true,\"valueName\":\"search_term_string\"}}],\"inLanguage\":\"en-US\"},{\"@type\":\"Organization\",\"@id\":\"https:\/\/shop.bazarcia.com\/#organization\",\"name\":\"Bazar & Cia\",\"url\":\"https:\/\/shop.bazarcia.com\/\",\"logo\":{\"@type\":\"ImageObject\",\"inLanguage\":\"en-US\",\"@id\":\"https:\/\/shop.bazarcia.com\/#\/schema\/logo\/image\/\",\"url\":\"https:\/\/shop.bazarcia.com\/wp-content\/uploads\/2024\/02\/cropped-logo_bazarcia.png\",\"contentUrl\":\"https:\/\/shop.bazarcia.com\/wp-content\/uploads\/2024\/02\/cropped-logo_bazarcia.png\",\"width\":150,\"height\":150,\"caption\":\"Bazar & Cia\"},\"image\":{\"@id\":\"https:\/\/shop.bazarcia.com\/#\/schema\/logo\/image\/\"},\"sameAs\":[\"https:\/\/www.facebook.com\/shopbazarcia\",\"https:\/\/www.instagram.com\/shopbazarcia\",\"https:\/\/br.pinterest.com\/suzane_eloise\/\",\"https:\/\/www.youtube.com\/c\/BazardoBordadoMatrizeseProjetos\"]}]}<\/script>\n<!-- \/ Yoast SEO plugin. -->","yoast_head_json":{"title":"Acesso VIP - 1 Anos - \ud835\udc1b\ud835\udc1a\ud835\udc33\ud835\udc1a\ud835\udc2b &amp; \ud835\udc1c\ud835\udc22\ud835\udc1a","robots":{"index":"index","follow":"follow","max-snippet":"max-snippet:-1","max-image-preview":"max-image-preview:large","max-video-preview":"max-video-preview:-1"},"canonical":"https:\/\/shop.bazarcia.com\/en\/product\/acesso-vip-1-anos\/","og_locale":"en_US","og_type":"article","og_title":"Acesso VIP - 1 Anos - \ud835\udc1b\ud835\udc1a\ud835\udc33\ud835\udc1a\ud835\udc2b &amp; \ud835\udc1c\ud835\udc22\ud835\udc1a","og_description":"s\u00e3o 46 projetos completos com v\u00eddeos, apostilas, moldes e matrizes prontas para bordar!Aprenda passo a passo a produzir pe\u00e7as encantadoras, de bolsas a jogos sensoriais ,\u00a0 com montagem simples e acabamento profissional. Acesso imediato \u00e0 \u00e1rea exclusiva, downloads ilimitados e suporte dedicado para tirar d\u00favidas.\ud83d\udca5 Economize R$ 2.170,39 e garanta seu combo antes que acabe!","og_url":"https:\/\/shop.bazarcia.com\/en\/product\/acesso-vip-1-anos\/","og_site_name":"\ud835\udc1b\ud835\udc1a\ud835\udc33\ud835\udc1a\ud835\udc2b &amp; \ud835\udc1c\ud835\udc22\ud835\udc1a","article_publisher":"https:\/\/www.facebook.com\/shopbazarcia","article_modified_time":"2025-10-17T20:32:21+00:00","og_image":[{"width":1024,"height":1024,"url":"https:\/\/shop.bazarcia.com\/wp-content\/uploads\/2025\/10\/IMG_5593.png","type":"image\/png"}],"twitter_card":"summary_large_image","twitter_misc":{"Est. reading time":"1 minute"},"schema":{"@context":"https:\/\/schema.org","@graph":[{"@type":"WebPage","@id":"https:\/\/shop.bazarcia.com\/produto\/acesso-vip-1-anos\/","url":"https:\/\/shop.bazarcia.com\/produto\/acesso-vip-1-anos\/","name":"Acesso VIP - 1 Anos - \ud835\udc1b\ud835\udc1a\ud835\udc33\ud835\udc1a\ud835\udc2b &amp; \ud835\udc1c\ud835\udc22\ud835\udc1a","isPartOf":{"@id":"https:\/\/shop.bazarcia.com\/#website"},"primaryImageOfPage":{"@id":"https:\/\/shop.bazarcia.com\/produto\/acesso-vip-1-anos\/#primaryimage"},"image":{"@id":"https:\/\/shop.bazarcia.com\/produto\/acesso-vip-1-anos\/#primaryimage"},"thumbnailUrl":"https:\/\/shop.bazarcia.com\/wp-content\/uploads\/2025\/10\/IMG_5593.png","datePublished":"2025-10-17T20:07:16+00:00","dateModified":"2025-10-17T20:32:21+00:00","breadcrumb":{"@id":"https:\/\/shop.bazarcia.com\/produto\/acesso-vip-1-anos\/#breadcrumb"},"inLanguage":"en-US","potentialAction":[{"@type":"ReadAction","target":["https:\/\/shop.bazarcia.com\/produto\/acesso-vip-1-anos\/"]}]},{"@type":"ImageObject","inLanguage":"en-US","@id":"https:\/\/shop.bazarcia.com\/produto\/acesso-vip-1-anos\/#primaryimage","url":"https:\/\/shop.bazarcia.com\/wp-content\/uploads\/2025\/10\/IMG_5593.png","contentUrl":"https:\/\/shop.bazarcia.com\/wp-content\/uploads\/2025\/10\/IMG_5593.png","width":1024,"height":1024},{"@type":"BreadcrumbList","@id":"https:\/\/shop.bazarcia.com\/produto\/acesso-vip-1-anos\/#breadcrumb","itemListElement":[{"@type":"ListItem","position":1,"name":"In\u00edcio","item":"https:\/\/shop.bazarcia.com\/"},{"@type":"ListItem","position":2,"name":"Loja","item":"https:\/\/shop.bazarcia.com\/loja\/"},{"@type":"ListItem","position":3,"name":"Acesso VIP &#8211; 1 Anos"}]},{"@type":"WebSite","@id":"https:\/\/shop.bazarcia.com\/#website","url":"https:\/\/shop.bazarcia.com\/","name":"Bazar & Cia","description":"criatividade ponto a ponto","publisher":{"@id":"https:\/\/shop.bazarcia.com\/#organization"},"potentialAction":[{"@type":"SearchAction","target":{"@type":"EntryPoint","urlTemplate":"https:\/\/shop.bazarcia.com\/?s={search_term_string}"},"query-input":{"@type":"PropertyValueSpecification","valueRequired":true,"valueName":"search_term_string"}}],"inLanguage":"en-US"},{"@type":"Organization","@id":"https:\/\/shop.bazarcia.com\/#organization","name":"Bazar & Cia","url":"https:\/\/shop.bazarcia.com\/","logo":{"@type":"ImageObject","inLanguage":"en-US","@id":"https:\/\/shop.bazarcia.com\/#\/schema\/logo\/image\/","url":"https:\/\/shop.bazarcia.com\/wp-content\/uploads\/2024\/02\/cropped-logo_bazarcia.png","contentUrl":"https:\/\/shop.bazarcia.com\/wp-content\/uploads\/2024\/02\/cropped-logo_bazarcia.png","width":150,"height":150,"caption":"Bazar & Cia"},"image":{"@id":"https:\/\/shop.bazarcia.com\/#\/schema\/logo\/image\/"},"sameAs":["https:\/\/www.facebook.com\/shopbazarcia","https:\/\/www.instagram.com\/shopbazarcia","https:\/\/br.pinterest.com\/suzane_eloise\/","https:\/\/www.youtube.com\/c\/BazardoBordadoMatrizeseProjetos"]}]}},"_links":{"self":[{"href":"https:\/\/shop.bazarcia.com\/en\/wp-json\/wp\/v2\/product\/349706","targetHints":{"allow":["GET"]}}],"collection":[{"href":"https:\/\/shop.bazarcia.com\/en\/wp-json\/wp\/v2\/product"}],"about":[{"href":"https:\/\/shop.bazarcia.com\/en\/wp-json\/wp\/v2\/types\/product"}],"replies":[{"embeddable":true,"href":"https:\/\/shop.bazarcia.com\/en\/wp-json\/wp\/v2\/comments?post=349706"}],"version-history":[{"count":2,"href":"https:\/\/shop.bazarcia.com\/en\/wp-json\/wp\/v2\/product\/349706\/revisions"}],"predecessor-version":[{"id":349725,"href":"https:\/\/shop.bazarcia.com\/en\/wp-json\/wp\/v2\/product\/349706\/revisions\/349725"}],"wp:featuredmedia":[{"embeddable":true,"href":"https:\/\/shop.bazarcia.com\/en\/wp-json\/wp\/v2\/media\/349716"}],"wp:attachment":[{"href":"https:\/\/shop.bazarcia.com\/en\/wp-json\/wp\/v2\/media?parent=349706"}],"wp:term":[{"taxonomy":"product_brand","embeddable":true,"href":"https:\/\/shop.bazarcia.com\/en\/wp-json\/wp\/v2\/product_brand?post=349706"},{"taxonomy":"product_cat","embeddable":true,"href":"https:\/\/shop.bazarcia.com\/en\/wp-json\/wp\/v2\/product_cat?post=349706"},{"taxonomy":"product_tag","embeddable":true,"href":"https:\/\/shop.bazarcia.com\/en\/wp-json\/wp\/v2\/product_tag?post=349706"}],"curies":[{"name":"wp","href":"https:\/\/api.w.org\/{rel}","templated":true}]}}