{"id":352374,"date":"2025-11-05T20:08:18","date_gmt":"2025-11-05T23:08:18","guid":{"rendered":"https:\/\/shop.bazarcia.com\/?post_type=product&#038;p=352374"},"modified":"2026-04-07T12:28:45","modified_gmt":"2026-04-07T15:28:45","slug":"matriz-para-bordado-trio-maquiagem","status":"publish","type":"product","link":"https:\/\/shop.bazarcia.com\/en\/product\/matriz-para-bordado-trio-maquiagem\/","title":{"rendered":"Matriz para Bordado Trio Maquiagem"},"content":{"rendered":"<p><span data-start=\"438\" data-end=\"471\">O <em>Trio <\/em><\/span><em data-start=\"438\" data-end=\"471\">Maquiagem\u201d<\/em> combina os tr\u00eas cl\u00e1ssicos da beleza \u2014 batom, p\u00f3 compacto e r\u00edmel \u2014 em uma composi\u00e7\u00e3o equilibrada e elegante, acompanhada da palavra <em data-start=\"604\" data-end=\"615\">Maquiagem<\/em>. Um toque refinado para projetos cheios de estilo.<br data-start=\"666\" data-end=\"669\" \/>Dispon\u00edvel em <strong data-start=\"683\" data-end=\"697\">3 tamanhos<\/strong>, de <strong data-start=\"702\" data-end=\"730\">8,5 cm a 14 cm de altura<\/strong>, com <strong data-start=\"736\" data-end=\"760\">largura proporcional<\/strong>, ideal para bastidores a partir de <strong data-start=\"796\" data-end=\"805\">10&#215;10<\/strong>.<br data-start=\"806\" data-end=\"809\" \/>Formatos: <strong data-start=\"819\" data-end=\"847\">EXP, DST, JEF, PES e XXX<\/strong>.<\/p>\n<p><a href=\"https:\/\/shop.bazarcia.com\/en\/store\/damel-programacao-de-bordados\/toc\/\">Termos e Condi\u00e7\u00f5es<\/a><\/p>","protected":false},"excerpt":{"rendered":"<p>Delicada e charmosa, esta montagem une batom, p\u00f3 compacto e r\u00edmel com a palavra <em data-start=\"338\" data-end=\"349\">Maquiagem<\/em>, perfeita para personalizar toalhas e acess\u00f3rios femininos.<\/p>\n<p>Gostou desta matriz? Conhe\u00e7a a cole\u00e7\u00e3o <a href=\"https:\/\/shop.bazarcia.com\/en\/product\/colecao-matrizes-para-bordado-makeup\/\">aqui<\/a><\/p>","protected":false},"featured_media":352362,"comment_status":"open","ping_status":"closed","template":"","meta":{"_acf_changed":false,"_joinchat":[]},"product_brand":[],"product_cat":[1323,154,151,1325,84,312],"product_tag":[1170,1431,1433,1280,1430,1432],"class_list":{"0":"post-352374","1":"product","2":"type-product","3":"status-publish","4":"has-post-thumbnail","6":"product_cat-acessorios-femininos","7":"product_cat-dia-das-maes","8":"product_cat-dia-dos-professores","9":"product_cat-maquiagem","10":"product_cat-matrizes-de-bordado","11":"product_cat-matrizes-pontos-leves","12":"product_tag-bordado","13":"product_tag-bordado-computadorizado","14":"product_tag-bordado-eletronico","15":"product_tag-bordar","16":"product_tag-matriz-de-bordado","17":"product_tag-matrizes-de-bordado","19":"first","20":"instock","21":"downloadable","22":"virtual","23":"purchasable","24":"product-type-simple"},"acf":[],"yoast_head":"<!-- This site is optimized with the Yoast SEO plugin v27.2 - https:\/\/yoast.com\/product\/yoast-seo-wordpress\/ -->\n<title>Matriz para Bordado Trio Maquiagem - \ud835\udc1b\ud835\udc1a\ud835\udc33\ud835\udc1a\ud835\udc2b &amp; \ud835\udc1c\ud835\udc22\ud835\udc1a<\/title>\n<meta name=\"robots\" content=\"index, follow, max-snippet:-1, max-image-preview:large, max-video-preview:-1\" \/>\n<link rel=\"canonical\" href=\"https:\/\/shop.bazarcia.com\/en\/product\/matriz-para-bordado-trio-maquiagem\/\" \/>\n<meta property=\"og:locale\" content=\"en_US\" \/>\n<meta property=\"og:type\" content=\"article\" \/>\n<meta property=\"og:title\" content=\"Matriz para Bordado Trio Maquiagem - \ud835\udc1b\ud835\udc1a\ud835\udc33\ud835\udc1a\ud835\udc2b &amp; \ud835\udc1c\ud835\udc22\ud835\udc1a\" \/>\n<meta property=\"og:description\" content=\"Delicada e charmosa, esta montagem une batom, p\u00f3 compacto e r\u00edmel com a palavra Maquiagem, perfeita para personalizar toalhas e acess\u00f3rios femininos.  Gostou desta matriz? Conhe\u00e7a a cole\u00e7\u00e3o aqui\" \/>\n<meta property=\"og:url\" content=\"https:\/\/shop.bazarcia.com\/en\/product\/matriz-para-bordado-trio-maquiagem\/\" \/>\n<meta property=\"og:site_name\" content=\"\ud835\udc1b\ud835\udc1a\ud835\udc33\ud835\udc1a\ud835\udc2b &amp; \ud835\udc1c\ud835\udc22\ud835\udc1a\" \/>\n<meta property=\"article:publisher\" content=\"https:\/\/www.facebook.com\/shopbazarcia\" \/>\n<meta property=\"article:modified_time\" content=\"2026-04-07T15:28:45+00:00\" \/>\n<meta property=\"og:image\" content=\"https:\/\/shop.bazarcia.com\/wp-content\/uploads\/2025\/11\/Matriz-para-Bordado-Maquiagem.png\" \/>\n\t<meta property=\"og:image:width\" content=\"1080\" \/>\n\t<meta property=\"og:image:height\" content=\"1080\" \/>\n\t<meta property=\"og:image:type\" content=\"image\/png\" \/>\n<meta name=\"twitter:card\" content=\"summary_large_image\" \/>\n<script type=\"application\/ld+json\" class=\"yoast-schema-graph\">{\"@context\":\"https:\/\/schema.org\",\"@graph\":[{\"@type\":\"WebPage\",\"@id\":\"https:\/\/shop.bazarcia.com\/produto\/matriz-para-bordado-trio-maquiagem\/\",\"url\":\"https:\/\/shop.bazarcia.com\/produto\/matriz-para-bordado-trio-maquiagem\/\",\"name\":\"Matriz para Bordado Trio Maquiagem - \ud835\udc1b\ud835\udc1a\ud835\udc33\ud835\udc1a\ud835\udc2b &amp; \ud835\udc1c\ud835\udc22\ud835\udc1a\",\"isPartOf\":{\"@id\":\"https:\/\/shop.bazarcia.com\/#website\"},\"primaryImageOfPage\":{\"@id\":\"https:\/\/shop.bazarcia.com\/produto\/matriz-para-bordado-trio-maquiagem\/#primaryimage\"},\"image\":{\"@id\":\"https:\/\/shop.bazarcia.com\/produto\/matriz-para-bordado-trio-maquiagem\/#primaryimage\"},\"thumbnailUrl\":\"https:\/\/shop.bazarcia.com\/wp-content\/uploads\/2025\/11\/Matriz-para-Bordado-Maquiagem.png\",\"datePublished\":\"2025-11-05T23:08:18+00:00\",\"dateModified\":\"2026-04-07T15:28:45+00:00\",\"breadcrumb\":{\"@id\":\"https:\/\/shop.bazarcia.com\/produto\/matriz-para-bordado-trio-maquiagem\/#breadcrumb\"},\"inLanguage\":\"en-US\",\"potentialAction\":[{\"@type\":\"ReadAction\",\"target\":[\"https:\/\/shop.bazarcia.com\/produto\/matriz-para-bordado-trio-maquiagem\/\"]}]},{\"@type\":\"ImageObject\",\"inLanguage\":\"en-US\",\"@id\":\"https:\/\/shop.bazarcia.com\/produto\/matriz-para-bordado-trio-maquiagem\/#primaryimage\",\"url\":\"https:\/\/shop.bazarcia.com\/wp-content\/uploads\/2025\/11\/Matriz-para-Bordado-Maquiagem.png\",\"contentUrl\":\"https:\/\/shop.bazarcia.com\/wp-content\/uploads\/2025\/11\/Matriz-para-Bordado-Maquiagem.png\",\"width\":1080,\"height\":1080},{\"@type\":\"BreadcrumbList\",\"@id\":\"https:\/\/shop.bazarcia.com\/produto\/matriz-para-bordado-trio-maquiagem\/#breadcrumb\",\"itemListElement\":[{\"@type\":\"ListItem\",\"position\":1,\"name\":\"In\u00edcio\",\"item\":\"https:\/\/shop.bazarcia.com\/\"},{\"@type\":\"ListItem\",\"position\":2,\"name\":\"Loja\",\"item\":\"https:\/\/shop.bazarcia.com\/loja\/\"},{\"@type\":\"ListItem\",\"position\":3,\"name\":\"Matriz para Bordado Trio Maquiagem\"}]},{\"@type\":\"WebSite\",\"@id\":\"https:\/\/shop.bazarcia.com\/#website\",\"url\":\"https:\/\/shop.bazarcia.com\/\",\"name\":\"Bazar & Cia\",\"description\":\"criatividade ponto a ponto\",\"publisher\":{\"@id\":\"https:\/\/shop.bazarcia.com\/#organization\"},\"potentialAction\":[{\"@type\":\"SearchAction\",\"target\":{\"@type\":\"EntryPoint\",\"urlTemplate\":\"https:\/\/shop.bazarcia.com\/?s={search_term_string}\"},\"query-input\":{\"@type\":\"PropertyValueSpecification\",\"valueRequired\":true,\"valueName\":\"search_term_string\"}}],\"inLanguage\":\"en-US\"},{\"@type\":\"Organization\",\"@id\":\"https:\/\/shop.bazarcia.com\/#organization\",\"name\":\"Bazar & Cia\",\"url\":\"https:\/\/shop.bazarcia.com\/\",\"logo\":{\"@type\":\"ImageObject\",\"inLanguage\":\"en-US\",\"@id\":\"https:\/\/shop.bazarcia.com\/#\/schema\/logo\/image\/\",\"url\":\"https:\/\/shop.bazarcia.com\/wp-content\/uploads\/2024\/02\/cropped-logo_bazarcia.png\",\"contentUrl\":\"https:\/\/shop.bazarcia.com\/wp-content\/uploads\/2024\/02\/cropped-logo_bazarcia.png\",\"width\":150,\"height\":150,\"caption\":\"Bazar & Cia\"},\"image\":{\"@id\":\"https:\/\/shop.bazarcia.com\/#\/schema\/logo\/image\/\"},\"sameAs\":[\"https:\/\/www.facebook.com\/shopbazarcia\",\"https:\/\/www.instagram.com\/shopbazarcia\",\"https:\/\/br.pinterest.com\/suzane_eloise\/\",\"https:\/\/www.youtube.com\/c\/BazardoBordadoMatrizeseProjetos\"]}]}<\/script>\n<!-- \/ Yoast SEO plugin. -->","yoast_head_json":{"title":"Matriz para Bordado Trio Maquiagem - \ud835\udc1b\ud835\udc1a\ud835\udc33\ud835\udc1a\ud835\udc2b &amp; \ud835\udc1c\ud835\udc22\ud835\udc1a","robots":{"index":"index","follow":"follow","max-snippet":"max-snippet:-1","max-image-preview":"max-image-preview:large","max-video-preview":"max-video-preview:-1"},"canonical":"https:\/\/shop.bazarcia.com\/en\/product\/matriz-para-bordado-trio-maquiagem\/","og_locale":"en_US","og_type":"article","og_title":"Matriz para Bordado Trio Maquiagem - \ud835\udc1b\ud835\udc1a\ud835\udc33\ud835\udc1a\ud835\udc2b &amp; \ud835\udc1c\ud835\udc22\ud835\udc1a","og_description":"Delicada e charmosa, esta montagem une batom, p\u00f3 compacto e r\u00edmel com a palavra Maquiagem, perfeita para personalizar toalhas e acess\u00f3rios femininos.  Gostou desta matriz? Conhe\u00e7a a cole\u00e7\u00e3o aqui","og_url":"https:\/\/shop.bazarcia.com\/en\/product\/matriz-para-bordado-trio-maquiagem\/","og_site_name":"\ud835\udc1b\ud835\udc1a\ud835\udc33\ud835\udc1a\ud835\udc2b &amp; \ud835\udc1c\ud835\udc22\ud835\udc1a","article_publisher":"https:\/\/www.facebook.com\/shopbazarcia","article_modified_time":"2026-04-07T15:28:45+00:00","og_image":[{"width":1080,"height":1080,"url":"https:\/\/shop.bazarcia.com\/wp-content\/uploads\/2025\/11\/Matriz-para-Bordado-Maquiagem.png","type":"image\/png"}],"twitter_card":"summary_large_image","schema":{"@context":"https:\/\/schema.org","@graph":[{"@type":"WebPage","@id":"https:\/\/shop.bazarcia.com\/produto\/matriz-para-bordado-trio-maquiagem\/","url":"https:\/\/shop.bazarcia.com\/produto\/matriz-para-bordado-trio-maquiagem\/","name":"Matriz para Bordado Trio Maquiagem - \ud835\udc1b\ud835\udc1a\ud835\udc33\ud835\udc1a\ud835\udc2b &amp; \ud835\udc1c\ud835\udc22\ud835\udc1a","isPartOf":{"@id":"https:\/\/shop.bazarcia.com\/#website"},"primaryImageOfPage":{"@id":"https:\/\/shop.bazarcia.com\/produto\/matriz-para-bordado-trio-maquiagem\/#primaryimage"},"image":{"@id":"https:\/\/shop.bazarcia.com\/produto\/matriz-para-bordado-trio-maquiagem\/#primaryimage"},"thumbnailUrl":"https:\/\/shop.bazarcia.com\/wp-content\/uploads\/2025\/11\/Matriz-para-Bordado-Maquiagem.png","datePublished":"2025-11-05T23:08:18+00:00","dateModified":"2026-04-07T15:28:45+00:00","breadcrumb":{"@id":"https:\/\/shop.bazarcia.com\/produto\/matriz-para-bordado-trio-maquiagem\/#breadcrumb"},"inLanguage":"en-US","potentialAction":[{"@type":"ReadAction","target":["https:\/\/shop.bazarcia.com\/produto\/matriz-para-bordado-trio-maquiagem\/"]}]},{"@type":"ImageObject","inLanguage":"en-US","@id":"https:\/\/shop.bazarcia.com\/produto\/matriz-para-bordado-trio-maquiagem\/#primaryimage","url":"https:\/\/shop.bazarcia.com\/wp-content\/uploads\/2025\/11\/Matriz-para-Bordado-Maquiagem.png","contentUrl":"https:\/\/shop.bazarcia.com\/wp-content\/uploads\/2025\/11\/Matriz-para-Bordado-Maquiagem.png","width":1080,"height":1080},{"@type":"BreadcrumbList","@id":"https:\/\/shop.bazarcia.com\/produto\/matriz-para-bordado-trio-maquiagem\/#breadcrumb","itemListElement":[{"@type":"ListItem","position":1,"name":"In\u00edcio","item":"https:\/\/shop.bazarcia.com\/"},{"@type":"ListItem","position":2,"name":"Loja","item":"https:\/\/shop.bazarcia.com\/loja\/"},{"@type":"ListItem","position":3,"name":"Matriz para Bordado Trio Maquiagem"}]},{"@type":"WebSite","@id":"https:\/\/shop.bazarcia.com\/#website","url":"https:\/\/shop.bazarcia.com\/","name":"Bazar & Cia","description":"criatividade ponto a ponto","publisher":{"@id":"https:\/\/shop.bazarcia.com\/#organization"},"potentialAction":[{"@type":"SearchAction","target":{"@type":"EntryPoint","urlTemplate":"https:\/\/shop.bazarcia.com\/?s={search_term_string}"},"query-input":{"@type":"PropertyValueSpecification","valueRequired":true,"valueName":"search_term_string"}}],"inLanguage":"en-US"},{"@type":"Organization","@id":"https:\/\/shop.bazarcia.com\/#organization","name":"Bazar & Cia","url":"https:\/\/shop.bazarcia.com\/","logo":{"@type":"ImageObject","inLanguage":"en-US","@id":"https:\/\/shop.bazarcia.com\/#\/schema\/logo\/image\/","url":"https:\/\/shop.bazarcia.com\/wp-content\/uploads\/2024\/02\/cropped-logo_bazarcia.png","contentUrl":"https:\/\/shop.bazarcia.com\/wp-content\/uploads\/2024\/02\/cropped-logo_bazarcia.png","width":150,"height":150,"caption":"Bazar & Cia"},"image":{"@id":"https:\/\/shop.bazarcia.com\/#\/schema\/logo\/image\/"},"sameAs":["https:\/\/www.facebook.com\/shopbazarcia","https:\/\/www.instagram.com\/shopbazarcia","https:\/\/br.pinterest.com\/suzane_eloise\/","https:\/\/www.youtube.com\/c\/BazardoBordadoMatrizeseProjetos"]}]}},"_links":{"self":[{"href":"https:\/\/shop.bazarcia.com\/en\/wp-json\/wp\/v2\/product\/352374","targetHints":{"allow":["GET"]}}],"collection":[{"href":"https:\/\/shop.bazarcia.com\/en\/wp-json\/wp\/v2\/product"}],"about":[{"href":"https:\/\/shop.bazarcia.com\/en\/wp-json\/wp\/v2\/types\/product"}],"replies":[{"embeddable":true,"href":"https:\/\/shop.bazarcia.com\/en\/wp-json\/wp\/v2\/comments?post=352374"}],"version-history":[{"count":1,"href":"https:\/\/shop.bazarcia.com\/en\/wp-json\/wp\/v2\/product\/352374\/revisions"}],"predecessor-version":[{"id":352377,"href":"https:\/\/shop.bazarcia.com\/en\/wp-json\/wp\/v2\/product\/352374\/revisions\/352377"}],"wp:featuredmedia":[{"embeddable":true,"href":"https:\/\/shop.bazarcia.com\/en\/wp-json\/wp\/v2\/media\/352362"}],"wp:attachment":[{"href":"https:\/\/shop.bazarcia.com\/en\/wp-json\/wp\/v2\/media?parent=352374"}],"wp:term":[{"taxonomy":"product_brand","embeddable":true,"href":"https:\/\/shop.bazarcia.com\/en\/wp-json\/wp\/v2\/product_brand?post=352374"},{"taxonomy":"product_cat","embeddable":true,"href":"https:\/\/shop.bazarcia.com\/en\/wp-json\/wp\/v2\/product_cat?post=352374"},{"taxonomy":"product_tag","embeddable":true,"href":"https:\/\/shop.bazarcia.com\/en\/wp-json\/wp\/v2\/product_tag?post=352374"}],"curies":[{"name":"wp","href":"https:\/\/api.w.org\/{rel}","templated":true}]}}