{"id":353492,"date":"2025-11-11T17:54:48","date_gmt":"2025-11-11T20:54:48","guid":{"rendered":"https:\/\/shop.bazarcia.com\/?post_type=product&#038;p=353492"},"modified":"2025-11-12T08:38:25","modified_gmt":"2025-11-12T11:38:25","slug":"colecao-de-matrizes-cafe-com-livros","status":"publish","type":"product","link":"https:\/\/shop.bazarcia.com\/en\/product\/colecao-de-matrizes-cafe-com-livros\/","title":{"rendered":"Cole\u00e7\u00e3o de Matrizes &#8211; Caf\u00e9 com Livros"},"content":{"rendered":"<p>A cole\u00e7\u00e3o Caf\u00e9 com Livros traz 10 matrizes de bordado inspiradas no aconchego de uma boa leitura acompanhada de um caf\u00e9. Cada matriz foi cuidadosamente desenvolvida por um profissional de programa\u00e7\u00e3o experiente, com aten\u00e7\u00e3o aos detalhes e pontos bem equilibrados para garantir leveza, qualidade e excelente resultado no bordado.<\/p>\n<p>Tamanhos a partir de: 6 cm<\/p>\n<p>Bastidores: 10&#215;10 | 13&#215;18 | 17&#215;26<\/p>\n<p>Tipos de pontos utilizados: tatame, ponto cheio e ponto corrido<\/p>\n<p>Formatos dispon\u00edveis: PES \u2013 JEF \u2013 EXP \u2013 XXX \u2013 DST \u2013 HUS \u2013 VP3 &#8211; EMB<\/p>","protected":false},"excerpt":{"rendered":"<p>A cole\u00e7\u00e3o Caf\u00e9 com Livros traz 10 matrizes de bordado inspiradas no aconchego de uma boa leitura acompanhada de um caf\u00e9. Cada matriz foi cuidadosamente desenvolvida por um profissional de programa\u00e7\u00e3o experiente, com aten\u00e7\u00e3o aos detalhes e pontos bem equilibrados para garantir leveza, qualidade e excelente resultado no bordado.<\/p>\n<p>Tamanhos a partir de: 6 cm<\/p>\n<p>Bastidores: 10&#215;10 | 13&#215;18 | 17&#215;26<\/p>\n<p>Tipos de pontos utilizados: tatame, ponto cheio e ponto corrido<\/p>\n<p>Formatos dispon\u00edveis: PES \u2013 JEF \u2013 EXP \u2013 XXX \u2013 DST \u2013 HUS \u2013 VP3 &#8211; EMB<\/p>","protected":false},"featured_media":353605,"comment_status":"open","ping_status":"closed","template":"","meta":{"_acf_changed":false,"_joinchat":[]},"product_brand":[1969],"product_cat":[1852,1066,292,84,312],"product_tag":[],"class_list":{"0":"post-353492","1":"product","2":"type-product","3":"status-publish","4":"has-post-thumbnail","6":"product_brand-exclusivo-bazar","7":"product_cat-cafe","8":"product_cat-colecoes-matrizes-de-bordado","9":"product_cat-cozinha","10":"product_cat-matrizes-de-bordado","11":"product_cat-matrizes-pontos-leves","13":"first","14":"instock","15":"sale","16":"downloadable","17":"virtual","18":"purchasable","19":"product-type-simple"},"acf":[],"yoast_head":"<!-- This site is optimized with the Yoast SEO plugin v27.2 - https:\/\/yoast.com\/product\/yoast-seo-wordpress\/ -->\n<title>Cole\u00e7\u00e3o de Matrizes - Caf\u00e9 com Livros - \ud835\udc1b\ud835\udc1a\ud835\udc33\ud835\udc1a\ud835\udc2b &amp; \ud835\udc1c\ud835\udc22\ud835\udc1a<\/title>\n<meta name=\"robots\" content=\"index, follow, max-snippet:-1, max-image-preview:large, max-video-preview:-1\" \/>\n<link rel=\"canonical\" href=\"https:\/\/shop.bazarcia.com\/en\/product\/colecao-de-matrizes-cafe-com-livros\/\" \/>\n<meta property=\"og:locale\" content=\"en_US\" \/>\n<meta property=\"og:type\" content=\"article\" \/>\n<meta property=\"og:title\" content=\"Cole\u00e7\u00e3o de Matrizes - Caf\u00e9 com Livros - \ud835\udc1b\ud835\udc1a\ud835\udc33\ud835\udc1a\ud835\udc2b &amp; \ud835\udc1c\ud835\udc22\ud835\udc1a\" \/>\n<meta property=\"og:description\" content=\"A cole\u00e7\u00e3o Caf\u00e9 com Livros traz 10 matrizes de bordado inspiradas no aconchego de uma boa leitura acompanhada de um caf\u00e9. Cada matriz foi cuidadosamente desenvolvida por um profissional de programa\u00e7\u00e3o experiente, com aten\u00e7\u00e3o aos detalhes e pontos bem equilibrados para garantir leveza, qualidade e excelente resultado no bordado.  Tamanhos a partir de: 6 cm  Bastidores: 10x10 | 13x18 | 17x26  Tipos de pontos utilizados: tatame, ponto cheio e ponto corrido  Formatos dispon\u00edveis: PES \u2013 JEF \u2013 EXP \u2013 XXX \u2013 DST \u2013 HUS \u2013 VP3 - EMB\" \/>\n<meta property=\"og:url\" content=\"https:\/\/shop.bazarcia.com\/en\/product\/colecao-de-matrizes-cafe-com-livros\/\" \/>\n<meta property=\"og:site_name\" content=\"\ud835\udc1b\ud835\udc1a\ud835\udc33\ud835\udc1a\ud835\udc2b &amp; \ud835\udc1c\ud835\udc22\ud835\udc1a\" \/>\n<meta property=\"article:publisher\" content=\"https:\/\/www.facebook.com\/shopbazarcia\" \/>\n<meta property=\"article:modified_time\" content=\"2025-11-12T11:38:25+00:00\" \/>\n<meta property=\"og:image\" content=\"https:\/\/shop.bazarcia.com\/wp-content\/uploads\/2025\/11\/Cafe-com-livros-scaled.jpg\" \/>\n\t<meta property=\"og:image:width\" content=\"2560\" \/>\n\t<meta property=\"og:image:height\" content=\"2315\" \/>\n\t<meta property=\"og:image:type\" content=\"image\/jpeg\" \/>\n<meta name=\"twitter:card\" content=\"summary_large_image\" \/>\n<meta name=\"twitter:label1\" content=\"Est. reading time\" \/>\n\t<meta name=\"twitter:data1\" content=\"1 minute\" \/>\n<script type=\"application\/ld+json\" class=\"yoast-schema-graph\">{\"@context\":\"https:\/\/schema.org\",\"@graph\":[{\"@type\":\"WebPage\",\"@id\":\"https:\/\/shop.bazarcia.com\/produto\/colecao-de-matrizes-cafe-com-livros\/\",\"url\":\"https:\/\/shop.bazarcia.com\/produto\/colecao-de-matrizes-cafe-com-livros\/\",\"name\":\"Cole\u00e7\u00e3o de Matrizes - Caf\u00e9 com Livros - \ud835\udc1b\ud835\udc1a\ud835\udc33\ud835\udc1a\ud835\udc2b &amp; \ud835\udc1c\ud835\udc22\ud835\udc1a\",\"isPartOf\":{\"@id\":\"https:\/\/shop.bazarcia.com\/#website\"},\"primaryImageOfPage\":{\"@id\":\"https:\/\/shop.bazarcia.com\/produto\/colecao-de-matrizes-cafe-com-livros\/#primaryimage\"},\"image\":{\"@id\":\"https:\/\/shop.bazarcia.com\/produto\/colecao-de-matrizes-cafe-com-livros\/#primaryimage\"},\"thumbnailUrl\":\"https:\/\/shop.bazarcia.com\/wp-content\/uploads\/2025\/11\/Cafe-com-livros-scaled.jpg\",\"datePublished\":\"2025-11-11T20:54:48+00:00\",\"dateModified\":\"2025-11-12T11:38:25+00:00\",\"breadcrumb\":{\"@id\":\"https:\/\/shop.bazarcia.com\/produto\/colecao-de-matrizes-cafe-com-livros\/#breadcrumb\"},\"inLanguage\":\"en-US\",\"potentialAction\":[{\"@type\":\"ReadAction\",\"target\":[\"https:\/\/shop.bazarcia.com\/produto\/colecao-de-matrizes-cafe-com-livros\/\"]}]},{\"@type\":\"ImageObject\",\"inLanguage\":\"en-US\",\"@id\":\"https:\/\/shop.bazarcia.com\/produto\/colecao-de-matrizes-cafe-com-livros\/#primaryimage\",\"url\":\"https:\/\/shop.bazarcia.com\/wp-content\/uploads\/2025\/11\/Cafe-com-livros-scaled.jpg\",\"contentUrl\":\"https:\/\/shop.bazarcia.com\/wp-content\/uploads\/2025\/11\/Cafe-com-livros-scaled.jpg\",\"width\":2560,\"height\":2315},{\"@type\":\"BreadcrumbList\",\"@id\":\"https:\/\/shop.bazarcia.com\/produto\/colecao-de-matrizes-cafe-com-livros\/#breadcrumb\",\"itemListElement\":[{\"@type\":\"ListItem\",\"position\":1,\"name\":\"In\u00edcio\",\"item\":\"https:\/\/shop.bazarcia.com\/\"},{\"@type\":\"ListItem\",\"position\":2,\"name\":\"Loja\",\"item\":\"https:\/\/shop.bazarcia.com\/loja\/\"},{\"@type\":\"ListItem\",\"position\":3,\"name\":\"Cole\u00e7\u00e3o de Matrizes &#8211; Caf\u00e9 com Livros\"}]},{\"@type\":\"WebSite\",\"@id\":\"https:\/\/shop.bazarcia.com\/#website\",\"url\":\"https:\/\/shop.bazarcia.com\/\",\"name\":\"Bazar & Cia\",\"description\":\"criatividade ponto a ponto\",\"publisher\":{\"@id\":\"https:\/\/shop.bazarcia.com\/#organization\"},\"potentialAction\":[{\"@type\":\"SearchAction\",\"target\":{\"@type\":\"EntryPoint\",\"urlTemplate\":\"https:\/\/shop.bazarcia.com\/?s={search_term_string}\"},\"query-input\":{\"@type\":\"PropertyValueSpecification\",\"valueRequired\":true,\"valueName\":\"search_term_string\"}}],\"inLanguage\":\"en-US\"},{\"@type\":\"Organization\",\"@id\":\"https:\/\/shop.bazarcia.com\/#organization\",\"name\":\"Bazar & Cia\",\"url\":\"https:\/\/shop.bazarcia.com\/\",\"logo\":{\"@type\":\"ImageObject\",\"inLanguage\":\"en-US\",\"@id\":\"https:\/\/shop.bazarcia.com\/#\/schema\/logo\/image\/\",\"url\":\"https:\/\/shop.bazarcia.com\/wp-content\/uploads\/2024\/02\/cropped-logo_bazarcia.png\",\"contentUrl\":\"https:\/\/shop.bazarcia.com\/wp-content\/uploads\/2024\/02\/cropped-logo_bazarcia.png\",\"width\":150,\"height\":150,\"caption\":\"Bazar & Cia\"},\"image\":{\"@id\":\"https:\/\/shop.bazarcia.com\/#\/schema\/logo\/image\/\"},\"sameAs\":[\"https:\/\/www.facebook.com\/shopbazarcia\",\"https:\/\/www.instagram.com\/shopbazarcia\",\"https:\/\/br.pinterest.com\/suzane_eloise\/\",\"https:\/\/www.youtube.com\/c\/BazardoBordadoMatrizeseProjetos\"]}]}<\/script>\n<!-- \/ Yoast SEO plugin. -->","yoast_head_json":{"title":"Cole\u00e7\u00e3o de Matrizes - Caf\u00e9 com Livros - \ud835\udc1b\ud835\udc1a\ud835\udc33\ud835\udc1a\ud835\udc2b &amp; \ud835\udc1c\ud835\udc22\ud835\udc1a","robots":{"index":"index","follow":"follow","max-snippet":"max-snippet:-1","max-image-preview":"max-image-preview:large","max-video-preview":"max-video-preview:-1"},"canonical":"https:\/\/shop.bazarcia.com\/en\/product\/colecao-de-matrizes-cafe-com-livros\/","og_locale":"en_US","og_type":"article","og_title":"Cole\u00e7\u00e3o de Matrizes - Caf\u00e9 com Livros - \ud835\udc1b\ud835\udc1a\ud835\udc33\ud835\udc1a\ud835\udc2b &amp; \ud835\udc1c\ud835\udc22\ud835\udc1a","og_description":"A cole\u00e7\u00e3o Caf\u00e9 com Livros traz 10 matrizes de bordado inspiradas no aconchego de uma boa leitura acompanhada de um caf\u00e9. Cada matriz foi cuidadosamente desenvolvida por um profissional de programa\u00e7\u00e3o experiente, com aten\u00e7\u00e3o aos detalhes e pontos bem equilibrados para garantir leveza, qualidade e excelente resultado no bordado.  Tamanhos a partir de: 6 cm  Bastidores: 10x10 | 13x18 | 17x26  Tipos de pontos utilizados: tatame, ponto cheio e ponto corrido  Formatos dispon\u00edveis: PES \u2013 JEF \u2013 EXP \u2013 XXX \u2013 DST \u2013 HUS \u2013 VP3 - EMB","og_url":"https:\/\/shop.bazarcia.com\/en\/product\/colecao-de-matrizes-cafe-com-livros\/","og_site_name":"\ud835\udc1b\ud835\udc1a\ud835\udc33\ud835\udc1a\ud835\udc2b &amp; \ud835\udc1c\ud835\udc22\ud835\udc1a","article_publisher":"https:\/\/www.facebook.com\/shopbazarcia","article_modified_time":"2025-11-12T11:38:25+00:00","og_image":[{"width":2560,"height":2315,"url":"https:\/\/shop.bazarcia.com\/wp-content\/uploads\/2025\/11\/Cafe-com-livros-scaled.jpg","type":"image\/jpeg"}],"twitter_card":"summary_large_image","twitter_misc":{"Est. reading time":"1 minute"},"schema":{"@context":"https:\/\/schema.org","@graph":[{"@type":"WebPage","@id":"https:\/\/shop.bazarcia.com\/produto\/colecao-de-matrizes-cafe-com-livros\/","url":"https:\/\/shop.bazarcia.com\/produto\/colecao-de-matrizes-cafe-com-livros\/","name":"Cole\u00e7\u00e3o de Matrizes - Caf\u00e9 com Livros - \ud835\udc1b\ud835\udc1a\ud835\udc33\ud835\udc1a\ud835\udc2b &amp; \ud835\udc1c\ud835\udc22\ud835\udc1a","isPartOf":{"@id":"https:\/\/shop.bazarcia.com\/#website"},"primaryImageOfPage":{"@id":"https:\/\/shop.bazarcia.com\/produto\/colecao-de-matrizes-cafe-com-livros\/#primaryimage"},"image":{"@id":"https:\/\/shop.bazarcia.com\/produto\/colecao-de-matrizes-cafe-com-livros\/#primaryimage"},"thumbnailUrl":"https:\/\/shop.bazarcia.com\/wp-content\/uploads\/2025\/11\/Cafe-com-livros-scaled.jpg","datePublished":"2025-11-11T20:54:48+00:00","dateModified":"2025-11-12T11:38:25+00:00","breadcrumb":{"@id":"https:\/\/shop.bazarcia.com\/produto\/colecao-de-matrizes-cafe-com-livros\/#breadcrumb"},"inLanguage":"en-US","potentialAction":[{"@type":"ReadAction","target":["https:\/\/shop.bazarcia.com\/produto\/colecao-de-matrizes-cafe-com-livros\/"]}]},{"@type":"ImageObject","inLanguage":"en-US","@id":"https:\/\/shop.bazarcia.com\/produto\/colecao-de-matrizes-cafe-com-livros\/#primaryimage","url":"https:\/\/shop.bazarcia.com\/wp-content\/uploads\/2025\/11\/Cafe-com-livros-scaled.jpg","contentUrl":"https:\/\/shop.bazarcia.com\/wp-content\/uploads\/2025\/11\/Cafe-com-livros-scaled.jpg","width":2560,"height":2315},{"@type":"BreadcrumbList","@id":"https:\/\/shop.bazarcia.com\/produto\/colecao-de-matrizes-cafe-com-livros\/#breadcrumb","itemListElement":[{"@type":"ListItem","position":1,"name":"In\u00edcio","item":"https:\/\/shop.bazarcia.com\/"},{"@type":"ListItem","position":2,"name":"Loja","item":"https:\/\/shop.bazarcia.com\/loja\/"},{"@type":"ListItem","position":3,"name":"Cole\u00e7\u00e3o de Matrizes &#8211; Caf\u00e9 com Livros"}]},{"@type":"WebSite","@id":"https:\/\/shop.bazarcia.com\/#website","url":"https:\/\/shop.bazarcia.com\/","name":"Bazar & Cia","description":"criatividade ponto a ponto","publisher":{"@id":"https:\/\/shop.bazarcia.com\/#organization"},"potentialAction":[{"@type":"SearchAction","target":{"@type":"EntryPoint","urlTemplate":"https:\/\/shop.bazarcia.com\/?s={search_term_string}"},"query-input":{"@type":"PropertyValueSpecification","valueRequired":true,"valueName":"search_term_string"}}],"inLanguage":"en-US"},{"@type":"Organization","@id":"https:\/\/shop.bazarcia.com\/#organization","name":"Bazar & Cia","url":"https:\/\/shop.bazarcia.com\/","logo":{"@type":"ImageObject","inLanguage":"en-US","@id":"https:\/\/shop.bazarcia.com\/#\/schema\/logo\/image\/","url":"https:\/\/shop.bazarcia.com\/wp-content\/uploads\/2024\/02\/cropped-logo_bazarcia.png","contentUrl":"https:\/\/shop.bazarcia.com\/wp-content\/uploads\/2024\/02\/cropped-logo_bazarcia.png","width":150,"height":150,"caption":"Bazar & Cia"},"image":{"@id":"https:\/\/shop.bazarcia.com\/#\/schema\/logo\/image\/"},"sameAs":["https:\/\/www.facebook.com\/shopbazarcia","https:\/\/www.instagram.com\/shopbazarcia","https:\/\/br.pinterest.com\/suzane_eloise\/","https:\/\/www.youtube.com\/c\/BazardoBordadoMatrizeseProjetos"]}]}},"_links":{"self":[{"href":"https:\/\/shop.bazarcia.com\/en\/wp-json\/wp\/v2\/product\/353492","targetHints":{"allow":["GET"]}}],"collection":[{"href":"https:\/\/shop.bazarcia.com\/en\/wp-json\/wp\/v2\/product"}],"about":[{"href":"https:\/\/shop.bazarcia.com\/en\/wp-json\/wp\/v2\/types\/product"}],"replies":[{"embeddable":true,"href":"https:\/\/shop.bazarcia.com\/en\/wp-json\/wp\/v2\/comments?post=353492"}],"version-history":[{"count":2,"href":"https:\/\/shop.bazarcia.com\/en\/wp-json\/wp\/v2\/product\/353492\/revisions"}],"predecessor-version":[{"id":353510,"href":"https:\/\/shop.bazarcia.com\/en\/wp-json\/wp\/v2\/product\/353492\/revisions\/353510"}],"wp:featuredmedia":[{"embeddable":true,"href":"https:\/\/shop.bazarcia.com\/en\/wp-json\/wp\/v2\/media\/353605"}],"wp:attachment":[{"href":"https:\/\/shop.bazarcia.com\/en\/wp-json\/wp\/v2\/media?parent=353492"}],"wp:term":[{"taxonomy":"product_brand","embeddable":true,"href":"https:\/\/shop.bazarcia.com\/en\/wp-json\/wp\/v2\/product_brand?post=353492"},{"taxonomy":"product_cat","embeddable":true,"href":"https:\/\/shop.bazarcia.com\/en\/wp-json\/wp\/v2\/product_cat?post=353492"},{"taxonomy":"product_tag","embeddable":true,"href":"https:\/\/shop.bazarcia.com\/en\/wp-json\/wp\/v2\/product_tag?post=353492"}],"curies":[{"name":"wp","href":"https:\/\/api.w.org\/{rel}","templated":true}]}}