{"id":354642,"date":"2025-11-16T22:11:02","date_gmt":"2025-11-17T01:11:02","guid":{"rendered":"https:\/\/shop.bazarcia.com\/?post_type=product&#038;p=354642"},"modified":"2025-11-16T22:18:17","modified_gmt":"2025-11-17T01:18:17","slug":"abelhinhas","status":"publish","type":"product","link":"https:\/\/shop.bazarcia.com\/en\/product\/abelhinhas\/","title":{"rendered":"ABELHINHAS"},"content":{"rendered":"<p style=\"background: white;vertical-align: baseline;margin: 0cm 0cm 15.0pt 0cm\"><span style=\"font-size: 10.5pt;font-family: 'Arial',sans-serif;color: #777777\">ABELHINHAS<\/span><\/p>\n<p style=\"background: white;vertical-align: baseline;margin: 0cm 0cm 15.0pt 0cm\"><span style=\"font-size: 10.5pt;font-family: 'Arial',sans-serif;color: #777777\">Cole\u00e7\u00e3o para enxoval baby.<\/span><\/p>\n<p style=\"background: white;vertical-align: baseline;line-height: inherit;margin: 0cm 0cm 15.0pt 0cm\"><span style=\"font-size: 10.5pt;font-family: 'Arial',sans-serif;color: #777777\">Matrizes em 10X10, 13X18 e 16\u00d726.<\/span><\/p>\n<p style=\"background: white;vertical-align: baseline;line-height: inherit;margin: 0cm 0cm 15.0pt 0cm\"><span style=\"font-size: 10.5pt;font-family: 'Arial',sans-serif;color: #777777\">Os arquivos ficam dispon\u00edveis para download logo ap\u00f3s o pagamento.<\/span><\/p>\n<p style=\"background: white;vertical-align: baseline;line-height: inherit;margin: 0cm 0cm 15.0pt 0cm\"><span style=\"font-size: 10.5pt;font-family: 'Arial',sans-serif;color: #777777\">Os arquivos encontram-se em pasta compactada (ZIP), sendo necess\u00e1rio descompactar.<\/span><\/p>\n<p style=\"background: white;vertical-align: baseline;line-height: inherit;margin: 0cm 0cm 15.0pt 0cm\"><span style=\"font-size: 10.5pt;font-family: 'Arial',sans-serif;color: #777777\">Os mesmos s\u00e3o compat\u00edveis com v\u00e1rios tipos e modelos de m\u00e1quinas, com os seguintes formatos:<\/span><\/p>\n<p style=\"margin: 0cm;margin-bottom: .0001pt;background: white;vertical-align: baseline;line-height: inherit\"><span style=\"font-size: 10.5pt;font-family: 'Arial',sans-serif;color: #777777\">PES \u2013 JEF \u2013 EXP \u2013 DST \u2013 XXX<\/span><\/p>","protected":false},"excerpt":{"rendered":"<p style=\"background: white;vertical-align: baseline;margin: 0cm 0cm 15.0pt 0cm\"><span style=\"font-size: 10.5pt;font-family: 'Arial',sans-serif;color: #777777\">ABELHINHAS<\/span><\/p>\n<p style=\"background: white;vertical-align: baseline;margin: 0cm 0cm 15.0pt 0cm\"><span style=\"font-size: 10.5pt;font-family: 'Arial',sans-serif;color: #777777\">Cole\u00e7\u00e3o para enxoval baby.<\/span><\/p>\n<p style=\"background: white;vertical-align: baseline;line-height: inherit;margin: 0cm 0cm 15.0pt 0cm\"><span style=\"font-size: 10.5pt;font-family: 'Arial',sans-serif;color: #777777\">Matrizes em 10X10, 13X18 e 16\u00d726.<\/span><\/p>\n<p style=\"background: white;vertical-align: baseline;line-height: inherit;margin: 0cm 0cm 15.0pt 0cm\"><span style=\"font-size: 10.5pt;font-family: 'Arial',sans-serif;color: #777777\">Os arquivos ficam dispon\u00edveis para download logo ap\u00f3s o pagamento.<\/span><\/p>\n<p style=\"background: white;vertical-align: baseline;line-height: inherit;margin: 0cm 0cm 15.0pt 0cm\"><span style=\"font-size: 10.5pt;font-family: 'Arial',sans-serif;color: #777777\">Os arquivos encontram-se em pasta compactada (ZIP), sendo necess\u00e1rio descompactar.<\/span><\/p>\n<p style=\"background: white;vertical-align: baseline;line-height: inherit;margin: 0cm 0cm 15.0pt 0cm\"><span style=\"font-size: 10.5pt;font-family: 'Arial',sans-serif;color: #777777\">Os mesmos s\u00e3o compat\u00edveis com v\u00e1rios tipos e modelos de m\u00e1quinas, com os seguintes formatos:<\/span><\/p>\n<p style=\"margin: 0cm;margin-bottom: .0001pt;background: white;vertical-align: baseline;line-height: inherit\"><span style=\"font-size: 10.5pt;font-family: 'Arial',sans-serif;color: #777777\">PES \u2013 JEF \u2013 EXP \u2013 DST \u2013 XXX<\/span><\/p>","protected":false},"featured_media":354643,"comment_status":"open","ping_status":"closed","template":"","meta":{"_acf_changed":false,"_joinchat":[]},"product_brand":[],"product_cat":[84,122,320],"product_tag":[],"class_list":{"0":"post-354642","1":"product","2":"type-product","3":"status-publish","4":"has-post-thumbnail","6":"product_cat-matrizes-de-bordado","7":"product_cat-matrizes-de-bordado-animais","8":"product_cat-abelhinhas","10":"first","11":"instock","12":"downloadable","13":"virtual","14":"purchasable","15":"product-type-simple"},"acf":[],"yoast_head":"<!-- This site is optimized with the Yoast SEO plugin v27.2 - https:\/\/yoast.com\/product\/yoast-seo-wordpress\/ -->\n<title>ABELHINHAS - \ud835\udc1b\ud835\udc1a\ud835\udc33\ud835\udc1a\ud835\udc2b &amp; \ud835\udc1c\ud835\udc22\ud835\udc1a<\/title>\n<meta name=\"robots\" content=\"index, follow, max-snippet:-1, max-image-preview:large, max-video-preview:-1\" \/>\n<link rel=\"canonical\" href=\"https:\/\/shop.bazarcia.com\/en\/product\/abelhinhas\/\" \/>\n<meta property=\"og:locale\" content=\"en_US\" \/>\n<meta property=\"og:type\" content=\"article\" \/>\n<meta property=\"og:title\" content=\"ABELHINHAS - \ud835\udc1b\ud835\udc1a\ud835\udc33\ud835\udc1a\ud835\udc2b &amp; \ud835\udc1c\ud835\udc22\ud835\udc1a\" \/>\n<meta property=\"og:description\" content=\"ABELHINHAS Cole\u00e7\u00e3o para enxoval baby. Matrizes em 10X10, 13X18 e 16\u00d726. Os arquivos ficam dispon\u00edveis para download logo ap\u00f3s o pagamento. Os arquivos encontram-se em pasta compactada (ZIP), sendo necess\u00e1rio descompactar. Os mesmos s\u00e3o compat\u00edveis com v\u00e1rios tipos e modelos de m\u00e1quinas, com os seguintes formatos: PES \u2013 JEF \u2013 EXP \u2013 DST \u2013 XXX\" \/>\n<meta property=\"og:url\" content=\"https:\/\/shop.bazarcia.com\/en\/product\/abelhinhas\/\" \/>\n<meta property=\"og:site_name\" content=\"\ud835\udc1b\ud835\udc1a\ud835\udc33\ud835\udc1a\ud835\udc2b &amp; \ud835\udc1c\ud835\udc22\ud835\udc1a\" \/>\n<meta property=\"article:publisher\" content=\"https:\/\/www.facebook.com\/shopbazarcia\" \/>\n<meta property=\"article:modified_time\" content=\"2025-11-17T01:18:17+00:00\" \/>\n<meta property=\"og:image\" content=\"https:\/\/shop.bazarcia.com\/wp-content\/uploads\/2025\/11\/LACO-3D-NOSSA-SENHORA-DE-FATIMA-3.jpg\" \/>\n\t<meta property=\"og:image:width\" content=\"1350\" \/>\n\t<meta property=\"og:image:height\" content=\"1350\" \/>\n\t<meta property=\"og:image:type\" content=\"image\/jpeg\" \/>\n<meta name=\"twitter:card\" content=\"summary_large_image\" \/>\n<script type=\"application\/ld+json\" class=\"yoast-schema-graph\">{\"@context\":\"https:\/\/schema.org\",\"@graph\":[{\"@type\":\"WebPage\",\"@id\":\"https:\/\/shop.bazarcia.com\/produto\/abelhinhas\/\",\"url\":\"https:\/\/shop.bazarcia.com\/produto\/abelhinhas\/\",\"name\":\"ABELHINHAS - \ud835\udc1b\ud835\udc1a\ud835\udc33\ud835\udc1a\ud835\udc2b &amp; \ud835\udc1c\ud835\udc22\ud835\udc1a\",\"isPartOf\":{\"@id\":\"https:\/\/shop.bazarcia.com\/#website\"},\"primaryImageOfPage\":{\"@id\":\"https:\/\/shop.bazarcia.com\/produto\/abelhinhas\/#primaryimage\"},\"image\":{\"@id\":\"https:\/\/shop.bazarcia.com\/produto\/abelhinhas\/#primaryimage\"},\"thumbnailUrl\":\"https:\/\/shop.bazarcia.com\/wp-content\/uploads\/2025\/11\/LACO-3D-NOSSA-SENHORA-DE-FATIMA-3.jpg\",\"datePublished\":\"2025-11-17T01:11:02+00:00\",\"dateModified\":\"2025-11-17T01:18:17+00:00\",\"breadcrumb\":{\"@id\":\"https:\/\/shop.bazarcia.com\/produto\/abelhinhas\/#breadcrumb\"},\"inLanguage\":\"en-US\",\"potentialAction\":[{\"@type\":\"ReadAction\",\"target\":[\"https:\/\/shop.bazarcia.com\/produto\/abelhinhas\/\"]}]},{\"@type\":\"ImageObject\",\"inLanguage\":\"en-US\",\"@id\":\"https:\/\/shop.bazarcia.com\/produto\/abelhinhas\/#primaryimage\",\"url\":\"https:\/\/shop.bazarcia.com\/wp-content\/uploads\/2025\/11\/LACO-3D-NOSSA-SENHORA-DE-FATIMA-3.jpg\",\"contentUrl\":\"https:\/\/shop.bazarcia.com\/wp-content\/uploads\/2025\/11\/LACO-3D-NOSSA-SENHORA-DE-FATIMA-3.jpg\",\"width\":1350,\"height\":1350},{\"@type\":\"BreadcrumbList\",\"@id\":\"https:\/\/shop.bazarcia.com\/produto\/abelhinhas\/#breadcrumb\",\"itemListElement\":[{\"@type\":\"ListItem\",\"position\":1,\"name\":\"In\u00edcio\",\"item\":\"https:\/\/shop.bazarcia.com\/\"},{\"@type\":\"ListItem\",\"position\":2,\"name\":\"Loja\",\"item\":\"https:\/\/shop.bazarcia.com\/loja\/\"},{\"@type\":\"ListItem\",\"position\":3,\"name\":\"ABELHINHAS\"}]},{\"@type\":\"WebSite\",\"@id\":\"https:\/\/shop.bazarcia.com\/#website\",\"url\":\"https:\/\/shop.bazarcia.com\/\",\"name\":\"Bazar & Cia\",\"description\":\"criatividade ponto a ponto\",\"publisher\":{\"@id\":\"https:\/\/shop.bazarcia.com\/#organization\"},\"potentialAction\":[{\"@type\":\"SearchAction\",\"target\":{\"@type\":\"EntryPoint\",\"urlTemplate\":\"https:\/\/shop.bazarcia.com\/?s={search_term_string}\"},\"query-input\":{\"@type\":\"PropertyValueSpecification\",\"valueRequired\":true,\"valueName\":\"search_term_string\"}}],\"inLanguage\":\"en-US\"},{\"@type\":\"Organization\",\"@id\":\"https:\/\/shop.bazarcia.com\/#organization\",\"name\":\"Bazar & Cia\",\"url\":\"https:\/\/shop.bazarcia.com\/\",\"logo\":{\"@type\":\"ImageObject\",\"inLanguage\":\"en-US\",\"@id\":\"https:\/\/shop.bazarcia.com\/#\/schema\/logo\/image\/\",\"url\":\"https:\/\/shop.bazarcia.com\/wp-content\/uploads\/2024\/02\/cropped-logo_bazarcia.png\",\"contentUrl\":\"https:\/\/shop.bazarcia.com\/wp-content\/uploads\/2024\/02\/cropped-logo_bazarcia.png\",\"width\":150,\"height\":150,\"caption\":\"Bazar & Cia\"},\"image\":{\"@id\":\"https:\/\/shop.bazarcia.com\/#\/schema\/logo\/image\/\"},\"sameAs\":[\"https:\/\/www.facebook.com\/shopbazarcia\",\"https:\/\/www.instagram.com\/shopbazarcia\",\"https:\/\/br.pinterest.com\/suzane_eloise\/\",\"https:\/\/www.youtube.com\/c\/BazardoBordadoMatrizeseProjetos\"]}]}<\/script>\n<!-- \/ Yoast SEO plugin. -->","yoast_head_json":{"title":"ABELHINHAS - \ud835\udc1b\ud835\udc1a\ud835\udc33\ud835\udc1a\ud835\udc2b &amp; \ud835\udc1c\ud835\udc22\ud835\udc1a","robots":{"index":"index","follow":"follow","max-snippet":"max-snippet:-1","max-image-preview":"max-image-preview:large","max-video-preview":"max-video-preview:-1"},"canonical":"https:\/\/shop.bazarcia.com\/en\/product\/abelhinhas\/","og_locale":"en_US","og_type":"article","og_title":"ABELHINHAS - \ud835\udc1b\ud835\udc1a\ud835\udc33\ud835\udc1a\ud835\udc2b &amp; \ud835\udc1c\ud835\udc22\ud835\udc1a","og_description":"ABELHINHAS Cole\u00e7\u00e3o para enxoval baby. Matrizes em 10X10, 13X18 e 16\u00d726. Os arquivos ficam dispon\u00edveis para download logo ap\u00f3s o pagamento. Os arquivos encontram-se em pasta compactada (ZIP), sendo necess\u00e1rio descompactar. Os mesmos s\u00e3o compat\u00edveis com v\u00e1rios tipos e modelos de m\u00e1quinas, com os seguintes formatos: PES \u2013 JEF \u2013 EXP \u2013 DST \u2013 XXX","og_url":"https:\/\/shop.bazarcia.com\/en\/product\/abelhinhas\/","og_site_name":"\ud835\udc1b\ud835\udc1a\ud835\udc33\ud835\udc1a\ud835\udc2b &amp; \ud835\udc1c\ud835\udc22\ud835\udc1a","article_publisher":"https:\/\/www.facebook.com\/shopbazarcia","article_modified_time":"2025-11-17T01:18:17+00:00","og_image":[{"width":1350,"height":1350,"url":"https:\/\/shop.bazarcia.com\/wp-content\/uploads\/2025\/11\/LACO-3D-NOSSA-SENHORA-DE-FATIMA-3.jpg","type":"image\/jpeg"}],"twitter_card":"summary_large_image","schema":{"@context":"https:\/\/schema.org","@graph":[{"@type":"WebPage","@id":"https:\/\/shop.bazarcia.com\/produto\/abelhinhas\/","url":"https:\/\/shop.bazarcia.com\/produto\/abelhinhas\/","name":"ABELHINHAS - \ud835\udc1b\ud835\udc1a\ud835\udc33\ud835\udc1a\ud835\udc2b &amp; \ud835\udc1c\ud835\udc22\ud835\udc1a","isPartOf":{"@id":"https:\/\/shop.bazarcia.com\/#website"},"primaryImageOfPage":{"@id":"https:\/\/shop.bazarcia.com\/produto\/abelhinhas\/#primaryimage"},"image":{"@id":"https:\/\/shop.bazarcia.com\/produto\/abelhinhas\/#primaryimage"},"thumbnailUrl":"https:\/\/shop.bazarcia.com\/wp-content\/uploads\/2025\/11\/LACO-3D-NOSSA-SENHORA-DE-FATIMA-3.jpg","datePublished":"2025-11-17T01:11:02+00:00","dateModified":"2025-11-17T01:18:17+00:00","breadcrumb":{"@id":"https:\/\/shop.bazarcia.com\/produto\/abelhinhas\/#breadcrumb"},"inLanguage":"en-US","potentialAction":[{"@type":"ReadAction","target":["https:\/\/shop.bazarcia.com\/produto\/abelhinhas\/"]}]},{"@type":"ImageObject","inLanguage":"en-US","@id":"https:\/\/shop.bazarcia.com\/produto\/abelhinhas\/#primaryimage","url":"https:\/\/shop.bazarcia.com\/wp-content\/uploads\/2025\/11\/LACO-3D-NOSSA-SENHORA-DE-FATIMA-3.jpg","contentUrl":"https:\/\/shop.bazarcia.com\/wp-content\/uploads\/2025\/11\/LACO-3D-NOSSA-SENHORA-DE-FATIMA-3.jpg","width":1350,"height":1350},{"@type":"BreadcrumbList","@id":"https:\/\/shop.bazarcia.com\/produto\/abelhinhas\/#breadcrumb","itemListElement":[{"@type":"ListItem","position":1,"name":"In\u00edcio","item":"https:\/\/shop.bazarcia.com\/"},{"@type":"ListItem","position":2,"name":"Loja","item":"https:\/\/shop.bazarcia.com\/loja\/"},{"@type":"ListItem","position":3,"name":"ABELHINHAS"}]},{"@type":"WebSite","@id":"https:\/\/shop.bazarcia.com\/#website","url":"https:\/\/shop.bazarcia.com\/","name":"Bazar & Cia","description":"criatividade ponto a ponto","publisher":{"@id":"https:\/\/shop.bazarcia.com\/#organization"},"potentialAction":[{"@type":"SearchAction","target":{"@type":"EntryPoint","urlTemplate":"https:\/\/shop.bazarcia.com\/?s={search_term_string}"},"query-input":{"@type":"PropertyValueSpecification","valueRequired":true,"valueName":"search_term_string"}}],"inLanguage":"en-US"},{"@type":"Organization","@id":"https:\/\/shop.bazarcia.com\/#organization","name":"Bazar & Cia","url":"https:\/\/shop.bazarcia.com\/","logo":{"@type":"ImageObject","inLanguage":"en-US","@id":"https:\/\/shop.bazarcia.com\/#\/schema\/logo\/image\/","url":"https:\/\/shop.bazarcia.com\/wp-content\/uploads\/2024\/02\/cropped-logo_bazarcia.png","contentUrl":"https:\/\/shop.bazarcia.com\/wp-content\/uploads\/2024\/02\/cropped-logo_bazarcia.png","width":150,"height":150,"caption":"Bazar & Cia"},"image":{"@id":"https:\/\/shop.bazarcia.com\/#\/schema\/logo\/image\/"},"sameAs":["https:\/\/www.facebook.com\/shopbazarcia","https:\/\/www.instagram.com\/shopbazarcia","https:\/\/br.pinterest.com\/suzane_eloise\/","https:\/\/www.youtube.com\/c\/BazardoBordadoMatrizeseProjetos"]}]}},"_links":{"self":[{"href":"https:\/\/shop.bazarcia.com\/en\/wp-json\/wp\/v2\/product\/354642","targetHints":{"allow":["GET"]}}],"collection":[{"href":"https:\/\/shop.bazarcia.com\/en\/wp-json\/wp\/v2\/product"}],"about":[{"href":"https:\/\/shop.bazarcia.com\/en\/wp-json\/wp\/v2\/types\/product"}],"replies":[{"embeddable":true,"href":"https:\/\/shop.bazarcia.com\/en\/wp-json\/wp\/v2\/comments?post=354642"}],"version-history":[{"count":1,"href":"https:\/\/shop.bazarcia.com\/en\/wp-json\/wp\/v2\/product\/354642\/revisions"}],"predecessor-version":[{"id":354645,"href":"https:\/\/shop.bazarcia.com\/en\/wp-json\/wp\/v2\/product\/354642\/revisions\/354645"}],"wp:featuredmedia":[{"embeddable":true,"href":"https:\/\/shop.bazarcia.com\/en\/wp-json\/wp\/v2\/media\/354643"}],"wp:attachment":[{"href":"https:\/\/shop.bazarcia.com\/en\/wp-json\/wp\/v2\/media?parent=354642"}],"wp:term":[{"taxonomy":"product_brand","embeddable":true,"href":"https:\/\/shop.bazarcia.com\/en\/wp-json\/wp\/v2\/product_brand?post=354642"},{"taxonomy":"product_cat","embeddable":true,"href":"https:\/\/shop.bazarcia.com\/en\/wp-json\/wp\/v2\/product_cat?post=354642"},{"taxonomy":"product_tag","embeddable":true,"href":"https:\/\/shop.bazarcia.com\/en\/wp-json\/wp\/v2\/product_tag?post=354642"}],"curies":[{"name":"wp","href":"https:\/\/api.w.org\/{rel}","templated":true}]}}