{"id":354773,"date":"2025-11-17T13:13:05","date_gmt":"2025-11-17T16:13:05","guid":{"rendered":"https:\/\/shop.bazarcia.com\/?post_type=product&#038;p=354773"},"modified":"2026-01-23T21:51:14","modified_gmt":"2026-01-24T00:51:14","slug":"colecao-de-matrizes-festa-no-galinheiro","status":"publish","type":"product","link":"https:\/\/shop.bazarcia.com\/en\/product\/colecao-de-matrizes-festa-no-galinheiro\/","title":{"rendered":"Cole\u00e7\u00e3o de Matrizes Festa no Galinheiro"},"content":{"rendered":"<p data-start=\"861\" data-end=\"1160\">\ud83d\udc95\ud83d\udc14\ud83c\udfb6\u00a0 A cole\u00e7\u00e3o <em data-start=\"871\" data-end=\"892\">Festa no Galinheiro<\/em> apresenta um conjunto encantador de galinhas cheias de ritmo, movimento e express\u00f5es divertidas. Cada matriz foi criada com tra\u00e7os leves, toque c\u00f4mico e detalhes que remetem \u00e0 alegria da vida no galinheiro \u2014 perfeitas para quem ama bordados cheios de personalidade.<\/p>\n<p data-start=\"1162\" data-end=\"1420\">Todas as matrizes est\u00e3o dispon\u00edveis nos tamanhos <strong data-start=\"1211\" data-end=\"1242\">10cm, 11cm e 12cm de altura<\/strong>, com <strong data-start=\"1248\" data-end=\"1272\">largura proporcional<\/strong>, garantindo bordados equilibrados em toalhas de cozinha, panos de prato, jogo americano, aventais, capas de eletrodom\u00e9sticos e pe\u00e7as decorativas.<\/p>\n<p data-start=\"1422\" data-end=\"1541\">Dispon\u00edvel nos formatos <strong data-start=\"1446\" data-end=\"1474\">EXP, DST, JEF, PES e XXX<\/strong>, garantindo compatibilidade com a maioria das m\u00e1quinas de bordado.<\/p>\n<p data-start=\"1422\" data-end=\"1541\"><a href=\"https:\/\/shop.bazarcia.com\/en\/store\/damel-programacao-de-bordados\/toc\/\">Termos e Condi\u00e7\u00f5es<\/a><\/p>","protected":false},"excerpt":{"rendered":"<p data-start=\"368\" data-end=\"619\">\ud83d\udc95\ud83d\udc14\ud83c\udfb6\u00a0 A cole\u00e7\u00e3o <em data-start=\"378\" data-end=\"399\">Festa no Galinheiro<\/em> traz galinhas super divertidas, cheias de personalidade e movimento, perfeitas para dar vida e alegria aos seus panos e projetos. Com tra\u00e7os leves e um ar musical, cada desenho parece estar dan\u00e7ando no ritmo da costura!<\/p>\n<p data-start=\"621\" data-end=\"796\">Delicada, divertida e com aquele toque carism\u00e1tico que s\u00f3 a bordadeira sabe transformar em encanto puro. Ideal para panos de prato, copa, cozinha e pe\u00e7as tem\u00e1ticas fof\u00edssimas.<\/p>","protected":false},"featured_media":354822,"comment_status":"open","ping_status":"closed","template":"","meta":{"_acf_changed":false,"_joinchat":[]},"product_brand":[],"product_cat":[122,1066,291,1444,325,84],"product_tag":[1170,1431,1433,1430,1432],"class_list":{"0":"post-354773","1":"product","2":"type-product","3":"status-publish","4":"has-post-thumbnail","6":"product_cat-matrizes-de-bordado-animais","7":"product_cat-colecoes-matrizes-de-bordado","8":"product_cat-country","9":"product_cat-farm-house","10":"product_cat-galinhas","11":"product_cat-matrizes-de-bordado","12":"product_tag-bordado","13":"product_tag-bordado-computadorizado","14":"product_tag-bordado-eletronico","15":"product_tag-matriz-de-bordado","16":"product_tag-matrizes-de-bordado","18":"first","19":"instock","20":"downloadable","21":"virtual","22":"purchasable","23":"product-type-simple"},"acf":[],"yoast_head":"<!-- This site is optimized with the Yoast SEO plugin v27.2 - https:\/\/yoast.com\/product\/yoast-seo-wordpress\/ -->\n<title>Cole\u00e7\u00e3o de Matrizes Festa no Galinheiro - \ud835\udc1b\ud835\udc1a\ud835\udc33\ud835\udc1a\ud835\udc2b &amp; \ud835\udc1c\ud835\udc22\ud835\udc1a<\/title>\n<meta name=\"robots\" content=\"index, follow, max-snippet:-1, max-image-preview:large, max-video-preview:-1\" \/>\n<link rel=\"canonical\" href=\"https:\/\/shop.bazarcia.com\/en\/product\/colecao-de-matrizes-festa-no-galinheiro\/\" \/>\n<meta property=\"og:locale\" content=\"en_US\" \/>\n<meta property=\"og:type\" content=\"article\" \/>\n<meta property=\"og:title\" content=\"Cole\u00e7\u00e3o de Matrizes Festa no Galinheiro - \ud835\udc1b\ud835\udc1a\ud835\udc33\ud835\udc1a\ud835\udc2b &amp; \ud835\udc1c\ud835\udc22\ud835\udc1a\" \/>\n<meta property=\"og:description\" content=\"\ud83d\udc95\ud83d\udc14\ud83c\udfb6\u00a0 A cole\u00e7\u00e3o Festa no Galinheiro traz galinhas super divertidas, cheias de personalidade e movimento, perfeitas para dar vida e alegria aos seus panos e projetos. Com tra\u00e7os leves e um ar musical, cada desenho parece estar dan\u00e7ando no ritmo da costura! Delicada, divertida e com aquele toque carism\u00e1tico que s\u00f3 a bordadeira sabe transformar em encanto puro. Ideal para panos de prato, copa, cozinha e pe\u00e7as tem\u00e1ticas fof\u00edssimas.\" \/>\n<meta property=\"og:url\" content=\"https:\/\/shop.bazarcia.com\/en\/product\/colecao-de-matrizes-festa-no-galinheiro\/\" \/>\n<meta property=\"og:site_name\" content=\"\ud835\udc1b\ud835\udc1a\ud835\udc33\ud835\udc1a\ud835\udc2b &amp; \ud835\udc1c\ud835\udc22\ud835\udc1a\" \/>\n<meta property=\"article:publisher\" content=\"https:\/\/www.facebook.com\/shopbazarcia\" \/>\n<meta property=\"article:modified_time\" content=\"2026-01-24T00:51:14+00:00\" \/>\n<meta property=\"og:image\" content=\"https:\/\/shop.bazarcia.com\/wp-content\/uploads\/2025\/11\/Colecao-Festa-no-Galinheiro.png\" \/>\n\t<meta property=\"og:image:width\" content=\"1080\" \/>\n\t<meta property=\"og:image:height\" content=\"1080\" \/>\n\t<meta property=\"og:image:type\" content=\"image\/png\" \/>\n<meta name=\"twitter:card\" content=\"summary_large_image\" \/>\n<meta name=\"twitter:label1\" content=\"Est. reading time\" \/>\n\t<meta name=\"twitter:data1\" content=\"1 minute\" \/>\n<script type=\"application\/ld+json\" class=\"yoast-schema-graph\">{\"@context\":\"https:\/\/schema.org\",\"@graph\":[{\"@type\":\"WebPage\",\"@id\":\"https:\/\/shop.bazarcia.com\/produto\/colecao-de-matrizes-festa-no-galinheiro\/\",\"url\":\"https:\/\/shop.bazarcia.com\/produto\/colecao-de-matrizes-festa-no-galinheiro\/\",\"name\":\"Cole\u00e7\u00e3o de Matrizes Festa no Galinheiro - \ud835\udc1b\ud835\udc1a\ud835\udc33\ud835\udc1a\ud835\udc2b &amp; \ud835\udc1c\ud835\udc22\ud835\udc1a\",\"isPartOf\":{\"@id\":\"https:\/\/shop.bazarcia.com\/#website\"},\"primaryImageOfPage\":{\"@id\":\"https:\/\/shop.bazarcia.com\/produto\/colecao-de-matrizes-festa-no-galinheiro\/#primaryimage\"},\"image\":{\"@id\":\"https:\/\/shop.bazarcia.com\/produto\/colecao-de-matrizes-festa-no-galinheiro\/#primaryimage\"},\"thumbnailUrl\":\"https:\/\/shop.bazarcia.com\/wp-content\/uploads\/2025\/11\/Colecao-Festa-no-Galinheiro.png\",\"datePublished\":\"2025-11-17T16:13:05+00:00\",\"dateModified\":\"2026-01-24T00:51:14+00:00\",\"breadcrumb\":{\"@id\":\"https:\/\/shop.bazarcia.com\/produto\/colecao-de-matrizes-festa-no-galinheiro\/#breadcrumb\"},\"inLanguage\":\"en-US\",\"potentialAction\":[{\"@type\":\"ReadAction\",\"target\":[\"https:\/\/shop.bazarcia.com\/produto\/colecao-de-matrizes-festa-no-galinheiro\/\"]}]},{\"@type\":\"ImageObject\",\"inLanguage\":\"en-US\",\"@id\":\"https:\/\/shop.bazarcia.com\/produto\/colecao-de-matrizes-festa-no-galinheiro\/#primaryimage\",\"url\":\"https:\/\/shop.bazarcia.com\/wp-content\/uploads\/2025\/11\/Colecao-Festa-no-Galinheiro.png\",\"contentUrl\":\"https:\/\/shop.bazarcia.com\/wp-content\/uploads\/2025\/11\/Colecao-Festa-no-Galinheiro.png\",\"width\":1080,\"height\":1080},{\"@type\":\"BreadcrumbList\",\"@id\":\"https:\/\/shop.bazarcia.com\/produto\/colecao-de-matrizes-festa-no-galinheiro\/#breadcrumb\",\"itemListElement\":[{\"@type\":\"ListItem\",\"position\":1,\"name\":\"In\u00edcio\",\"item\":\"https:\/\/shop.bazarcia.com\/\"},{\"@type\":\"ListItem\",\"position\":2,\"name\":\"Loja\",\"item\":\"https:\/\/shop.bazarcia.com\/loja\/\"},{\"@type\":\"ListItem\",\"position\":3,\"name\":\"Cole\u00e7\u00e3o de Matrizes Festa no Galinheiro\"}]},{\"@type\":\"WebSite\",\"@id\":\"https:\/\/shop.bazarcia.com\/#website\",\"url\":\"https:\/\/shop.bazarcia.com\/\",\"name\":\"Bazar & Cia\",\"description\":\"criatividade ponto a ponto\",\"publisher\":{\"@id\":\"https:\/\/shop.bazarcia.com\/#organization\"},\"potentialAction\":[{\"@type\":\"SearchAction\",\"target\":{\"@type\":\"EntryPoint\",\"urlTemplate\":\"https:\/\/shop.bazarcia.com\/?s={search_term_string}\"},\"query-input\":{\"@type\":\"PropertyValueSpecification\",\"valueRequired\":true,\"valueName\":\"search_term_string\"}}],\"inLanguage\":\"en-US\"},{\"@type\":\"Organization\",\"@id\":\"https:\/\/shop.bazarcia.com\/#organization\",\"name\":\"Bazar & Cia\",\"url\":\"https:\/\/shop.bazarcia.com\/\",\"logo\":{\"@type\":\"ImageObject\",\"inLanguage\":\"en-US\",\"@id\":\"https:\/\/shop.bazarcia.com\/#\/schema\/logo\/image\/\",\"url\":\"https:\/\/shop.bazarcia.com\/wp-content\/uploads\/2024\/02\/cropped-logo_bazarcia.png\",\"contentUrl\":\"https:\/\/shop.bazarcia.com\/wp-content\/uploads\/2024\/02\/cropped-logo_bazarcia.png\",\"width\":150,\"height\":150,\"caption\":\"Bazar & Cia\"},\"image\":{\"@id\":\"https:\/\/shop.bazarcia.com\/#\/schema\/logo\/image\/\"},\"sameAs\":[\"https:\/\/www.facebook.com\/shopbazarcia\",\"https:\/\/www.instagram.com\/shopbazarcia\",\"https:\/\/br.pinterest.com\/suzane_eloise\/\",\"https:\/\/www.youtube.com\/c\/BazardoBordadoMatrizeseProjetos\"]}]}<\/script>\n<!-- \/ Yoast SEO plugin. -->","yoast_head_json":{"title":"Cole\u00e7\u00e3o de Matrizes Festa no Galinheiro - \ud835\udc1b\ud835\udc1a\ud835\udc33\ud835\udc1a\ud835\udc2b &amp; \ud835\udc1c\ud835\udc22\ud835\udc1a","robots":{"index":"index","follow":"follow","max-snippet":"max-snippet:-1","max-image-preview":"max-image-preview:large","max-video-preview":"max-video-preview:-1"},"canonical":"https:\/\/shop.bazarcia.com\/en\/product\/colecao-de-matrizes-festa-no-galinheiro\/","og_locale":"en_US","og_type":"article","og_title":"Cole\u00e7\u00e3o de Matrizes Festa no Galinheiro - \ud835\udc1b\ud835\udc1a\ud835\udc33\ud835\udc1a\ud835\udc2b &amp; \ud835\udc1c\ud835\udc22\ud835\udc1a","og_description":"\ud83d\udc95\ud83d\udc14\ud83c\udfb6\u00a0 A cole\u00e7\u00e3o Festa no Galinheiro traz galinhas super divertidas, cheias de personalidade e movimento, perfeitas para dar vida e alegria aos seus panos e projetos. Com tra\u00e7os leves e um ar musical, cada desenho parece estar dan\u00e7ando no ritmo da costura! Delicada, divertida e com aquele toque carism\u00e1tico que s\u00f3 a bordadeira sabe transformar em encanto puro. Ideal para panos de prato, copa, cozinha e pe\u00e7as tem\u00e1ticas fof\u00edssimas.","og_url":"https:\/\/shop.bazarcia.com\/en\/product\/colecao-de-matrizes-festa-no-galinheiro\/","og_site_name":"\ud835\udc1b\ud835\udc1a\ud835\udc33\ud835\udc1a\ud835\udc2b &amp; \ud835\udc1c\ud835\udc22\ud835\udc1a","article_publisher":"https:\/\/www.facebook.com\/shopbazarcia","article_modified_time":"2026-01-24T00:51:14+00:00","og_image":[{"width":1080,"height":1080,"url":"https:\/\/shop.bazarcia.com\/wp-content\/uploads\/2025\/11\/Colecao-Festa-no-Galinheiro.png","type":"image\/png"}],"twitter_card":"summary_large_image","twitter_misc":{"Est. reading time":"1 minute"},"schema":{"@context":"https:\/\/schema.org","@graph":[{"@type":"WebPage","@id":"https:\/\/shop.bazarcia.com\/produto\/colecao-de-matrizes-festa-no-galinheiro\/","url":"https:\/\/shop.bazarcia.com\/produto\/colecao-de-matrizes-festa-no-galinheiro\/","name":"Cole\u00e7\u00e3o de Matrizes Festa no Galinheiro - \ud835\udc1b\ud835\udc1a\ud835\udc33\ud835\udc1a\ud835\udc2b &amp; \ud835\udc1c\ud835\udc22\ud835\udc1a","isPartOf":{"@id":"https:\/\/shop.bazarcia.com\/#website"},"primaryImageOfPage":{"@id":"https:\/\/shop.bazarcia.com\/produto\/colecao-de-matrizes-festa-no-galinheiro\/#primaryimage"},"image":{"@id":"https:\/\/shop.bazarcia.com\/produto\/colecao-de-matrizes-festa-no-galinheiro\/#primaryimage"},"thumbnailUrl":"https:\/\/shop.bazarcia.com\/wp-content\/uploads\/2025\/11\/Colecao-Festa-no-Galinheiro.png","datePublished":"2025-11-17T16:13:05+00:00","dateModified":"2026-01-24T00:51:14+00:00","breadcrumb":{"@id":"https:\/\/shop.bazarcia.com\/produto\/colecao-de-matrizes-festa-no-galinheiro\/#breadcrumb"},"inLanguage":"en-US","potentialAction":[{"@type":"ReadAction","target":["https:\/\/shop.bazarcia.com\/produto\/colecao-de-matrizes-festa-no-galinheiro\/"]}]},{"@type":"ImageObject","inLanguage":"en-US","@id":"https:\/\/shop.bazarcia.com\/produto\/colecao-de-matrizes-festa-no-galinheiro\/#primaryimage","url":"https:\/\/shop.bazarcia.com\/wp-content\/uploads\/2025\/11\/Colecao-Festa-no-Galinheiro.png","contentUrl":"https:\/\/shop.bazarcia.com\/wp-content\/uploads\/2025\/11\/Colecao-Festa-no-Galinheiro.png","width":1080,"height":1080},{"@type":"BreadcrumbList","@id":"https:\/\/shop.bazarcia.com\/produto\/colecao-de-matrizes-festa-no-galinheiro\/#breadcrumb","itemListElement":[{"@type":"ListItem","position":1,"name":"In\u00edcio","item":"https:\/\/shop.bazarcia.com\/"},{"@type":"ListItem","position":2,"name":"Loja","item":"https:\/\/shop.bazarcia.com\/loja\/"},{"@type":"ListItem","position":3,"name":"Cole\u00e7\u00e3o de Matrizes Festa no Galinheiro"}]},{"@type":"WebSite","@id":"https:\/\/shop.bazarcia.com\/#website","url":"https:\/\/shop.bazarcia.com\/","name":"Bazar & Cia","description":"criatividade ponto a ponto","publisher":{"@id":"https:\/\/shop.bazarcia.com\/#organization"},"potentialAction":[{"@type":"SearchAction","target":{"@type":"EntryPoint","urlTemplate":"https:\/\/shop.bazarcia.com\/?s={search_term_string}"},"query-input":{"@type":"PropertyValueSpecification","valueRequired":true,"valueName":"search_term_string"}}],"inLanguage":"en-US"},{"@type":"Organization","@id":"https:\/\/shop.bazarcia.com\/#organization","name":"Bazar & Cia","url":"https:\/\/shop.bazarcia.com\/","logo":{"@type":"ImageObject","inLanguage":"en-US","@id":"https:\/\/shop.bazarcia.com\/#\/schema\/logo\/image\/","url":"https:\/\/shop.bazarcia.com\/wp-content\/uploads\/2024\/02\/cropped-logo_bazarcia.png","contentUrl":"https:\/\/shop.bazarcia.com\/wp-content\/uploads\/2024\/02\/cropped-logo_bazarcia.png","width":150,"height":150,"caption":"Bazar & Cia"},"image":{"@id":"https:\/\/shop.bazarcia.com\/#\/schema\/logo\/image\/"},"sameAs":["https:\/\/www.facebook.com\/shopbazarcia","https:\/\/www.instagram.com\/shopbazarcia","https:\/\/br.pinterest.com\/suzane_eloise\/","https:\/\/www.youtube.com\/c\/BazardoBordadoMatrizeseProjetos"]}]}},"_links":{"self":[{"href":"https:\/\/shop.bazarcia.com\/en\/wp-json\/wp\/v2\/product\/354773","targetHints":{"allow":["GET"]}}],"collection":[{"href":"https:\/\/shop.bazarcia.com\/en\/wp-json\/wp\/v2\/product"}],"about":[{"href":"https:\/\/shop.bazarcia.com\/en\/wp-json\/wp\/v2\/types\/product"}],"replies":[{"embeddable":true,"href":"https:\/\/shop.bazarcia.com\/en\/wp-json\/wp\/v2\/comments?post=354773"}],"version-history":[{"count":2,"href":"https:\/\/shop.bazarcia.com\/en\/wp-json\/wp\/v2\/product\/354773\/revisions"}],"predecessor-version":[{"id":354834,"href":"https:\/\/shop.bazarcia.com\/en\/wp-json\/wp\/v2\/product\/354773\/revisions\/354834"}],"wp:featuredmedia":[{"embeddable":true,"href":"https:\/\/shop.bazarcia.com\/en\/wp-json\/wp\/v2\/media\/354822"}],"wp:attachment":[{"href":"https:\/\/shop.bazarcia.com\/en\/wp-json\/wp\/v2\/media?parent=354773"}],"wp:term":[{"taxonomy":"product_brand","embeddable":true,"href":"https:\/\/shop.bazarcia.com\/en\/wp-json\/wp\/v2\/product_brand?post=354773"},{"taxonomy":"product_cat","embeddable":true,"href":"https:\/\/shop.bazarcia.com\/en\/wp-json\/wp\/v2\/product_cat?post=354773"},{"taxonomy":"product_tag","embeddable":true,"href":"https:\/\/shop.bazarcia.com\/en\/wp-json\/wp\/v2\/product_tag?post=354773"}],"curies":[{"name":"wp","href":"https:\/\/api.w.org\/{rel}","templated":true}]}}