{"id":356235,"date":"2025-11-24T10:54:30","date_gmt":"2025-11-24T13:54:30","guid":{"rendered":"https:\/\/shop.bazarcia.com\/?post_type=product&#038;p=356235"},"modified":"2025-12-02T12:16:40","modified_gmt":"2025-12-02T15:16:40","slug":"colecao-de-matrizes-menina-com-flores","status":"publish","type":"product","link":"https:\/\/shop.bazarcia.com\/en\/product\/colecao-de-matrizes-menina-com-flores\/","title":{"rendered":"Cole\u00e7\u00e3o de Matrizes &#8211; Menina com Flores"},"content":{"rendered":"<p>A cole\u00e7\u00e3o Menina com flores traz muitas matrizes de bordado inspiradas em rosas com pontos leves e elementos para complementar teu trabalho!<\/p>\n<p>Cada matriz foi cuidadosamente desenvolvida por um profissional de programa\u00e7\u00e3o experiente, com aten\u00e7\u00e3o aos detalhes e pontos bem equilibrados para garantir leveza, qualidade e excelente resultado no bordado.<\/p>\n<p>Pr\u00e9-venda! <strong>Libera\u00e7\u00e3o das matrizes: sexta-feira &#8211; 28\/11<\/strong><\/p>\n<p>* Tamanhos a partir de: 4 cm<br \/>\n* Bastidores: 10&#215;10 | 13&#215;18 | 16&#215;26 | 20&#215;30<br \/>\n* Tipos de pontos utilizados: tatame, ponto cheio e ponto corrido<br \/>\n* Formatos dispon\u00edveis: PES \u2013 JEF \u2013 EXP \u2013 XXX \u2013 DST<\/p>\n<p>&nbsp;<\/p>","protected":false},"excerpt":{"rendered":"<p>Compre com valor promocional de Pr\u00e9-venda! <strong>Libera\u00e7\u00e3o das matrizes: sexta-feira &#8211; 28\/11<\/strong><\/p>\n<p>* Tamanhos a partir de: 4 cm<br \/>\n* Bastidores: 10&#215;10 | 13&#215;18 | 16&#215;26 | 20&#215;30<\/p>\n<p>Confira mais detalhes na descri\u00e7\u00e3o no fim da p\u00e1gina.<\/p>","protected":false},"featured_media":356240,"comment_status":"open","ping_status":"closed","template":"","meta":{"_acf_changed":false,"_joinchat":[]},"product_brand":[1969],"product_cat":[1066,1059,296,1954,84,312,1061],"product_tag":[],"class_list":{"0":"post-356235","1":"product","2":"type-product","3":"status-publish","4":"has-post-thumbnail","6":"product_brand-exclusivo-bazar","7":"product_cat-colecoes-matrizes-de-bordado","8":"product_cat-criancas","9":"product_cat-florais","10":"product_cat-flores-de-jardim","11":"product_cat-matrizes-de-bordado","12":"product_cat-matrizes-pontos-leves","13":"product_cat-meninas","15":"first","16":"instock","17":"sale","18":"downloadable","19":"virtual","20":"purchasable","21":"product-type-simple"},"acf":[],"yoast_head":"<!-- This site is optimized with the Yoast SEO plugin v27.2 - https:\/\/yoast.com\/product\/yoast-seo-wordpress\/ -->\n<title>Cole\u00e7\u00e3o de Matrizes - Menina com Flores - \ud835\udc1b\ud835\udc1a\ud835\udc33\ud835\udc1a\ud835\udc2b &amp; \ud835\udc1c\ud835\udc22\ud835\udc1a<\/title>\n<meta name=\"robots\" content=\"index, follow, max-snippet:-1, max-image-preview:large, max-video-preview:-1\" \/>\n<link rel=\"canonical\" href=\"https:\/\/shop.bazarcia.com\/en\/product\/colecao-de-matrizes-menina-com-flores\/\" \/>\n<meta property=\"og:locale\" content=\"en_US\" \/>\n<meta property=\"og:type\" content=\"article\" \/>\n<meta property=\"og:title\" content=\"Cole\u00e7\u00e3o de Matrizes - Menina com Flores - \ud835\udc1b\ud835\udc1a\ud835\udc33\ud835\udc1a\ud835\udc2b &amp; \ud835\udc1c\ud835\udc22\ud835\udc1a\" \/>\n<meta property=\"og:description\" content=\"Compre com valor promocional de Pr\u00e9-venda! Libera\u00e7\u00e3o das matrizes: sexta-feira - 28\/11  * Tamanhos a partir de: 4 cm * Bastidores: 10x10 | 13x18 | 16x26 | 20x30  Confira mais detalhes na descri\u00e7\u00e3o no fim da p\u00e1gina.\" \/>\n<meta property=\"og:url\" content=\"https:\/\/shop.bazarcia.com\/en\/product\/colecao-de-matrizes-menina-com-flores\/\" \/>\n<meta property=\"og:site_name\" content=\"\ud835\udc1b\ud835\udc1a\ud835\udc33\ud835\udc1a\ud835\udc2b &amp; \ud835\udc1c\ud835\udc22\ud835\udc1a\" \/>\n<meta property=\"article:publisher\" content=\"https:\/\/www.facebook.com\/shopbazarcia\" \/>\n<meta property=\"article:modified_time\" content=\"2025-12-02T15:16:40+00:00\" \/>\n<meta property=\"og:image\" content=\"https:\/\/shop.bazarcia.com\/wp-content\/uploads\/2025\/11\/MENINA-COM-FLORES.png\" \/>\n\t<meta property=\"og:image:width\" content=\"600\" \/>\n\t<meta property=\"og:image:height\" content=\"600\" \/>\n\t<meta property=\"og:image:type\" content=\"image\/png\" \/>\n<meta name=\"twitter:card\" content=\"summary_large_image\" \/>\n<meta name=\"twitter:label1\" content=\"Est. reading time\" \/>\n\t<meta name=\"twitter:data1\" content=\"1 minute\" \/>\n<script type=\"application\/ld+json\" class=\"yoast-schema-graph\">{\"@context\":\"https:\/\/schema.org\",\"@graph\":[{\"@type\":\"WebPage\",\"@id\":\"https:\/\/shop.bazarcia.com\/produto\/colecao-de-matrizes-menina-com-flores\/\",\"url\":\"https:\/\/shop.bazarcia.com\/produto\/colecao-de-matrizes-menina-com-flores\/\",\"name\":\"Cole\u00e7\u00e3o de Matrizes - Menina com Flores - \ud835\udc1b\ud835\udc1a\ud835\udc33\ud835\udc1a\ud835\udc2b &amp; \ud835\udc1c\ud835\udc22\ud835\udc1a\",\"isPartOf\":{\"@id\":\"https:\/\/shop.bazarcia.com\/#website\"},\"primaryImageOfPage\":{\"@id\":\"https:\/\/shop.bazarcia.com\/produto\/colecao-de-matrizes-menina-com-flores\/#primaryimage\"},\"image\":{\"@id\":\"https:\/\/shop.bazarcia.com\/produto\/colecao-de-matrizes-menina-com-flores\/#primaryimage\"},\"thumbnailUrl\":\"https:\/\/shop.bazarcia.com\/wp-content\/uploads\/2025\/11\/MENINA-COM-FLORES.png\",\"datePublished\":\"2025-11-24T13:54:30+00:00\",\"dateModified\":\"2025-12-02T15:16:40+00:00\",\"breadcrumb\":{\"@id\":\"https:\/\/shop.bazarcia.com\/produto\/colecao-de-matrizes-menina-com-flores\/#breadcrumb\"},\"inLanguage\":\"en-US\",\"potentialAction\":[{\"@type\":\"ReadAction\",\"target\":[\"https:\/\/shop.bazarcia.com\/produto\/colecao-de-matrizes-menina-com-flores\/\"]}]},{\"@type\":\"ImageObject\",\"inLanguage\":\"en-US\",\"@id\":\"https:\/\/shop.bazarcia.com\/produto\/colecao-de-matrizes-menina-com-flores\/#primaryimage\",\"url\":\"https:\/\/shop.bazarcia.com\/wp-content\/uploads\/2025\/11\/MENINA-COM-FLORES.png\",\"contentUrl\":\"https:\/\/shop.bazarcia.com\/wp-content\/uploads\/2025\/11\/MENINA-COM-FLORES.png\",\"width\":600,\"height\":600},{\"@type\":\"BreadcrumbList\",\"@id\":\"https:\/\/shop.bazarcia.com\/produto\/colecao-de-matrizes-menina-com-flores\/#breadcrumb\",\"itemListElement\":[{\"@type\":\"ListItem\",\"position\":1,\"name\":\"In\u00edcio\",\"item\":\"https:\/\/shop.bazarcia.com\/\"},{\"@type\":\"ListItem\",\"position\":2,\"name\":\"Loja\",\"item\":\"https:\/\/shop.bazarcia.com\/loja\/\"},{\"@type\":\"ListItem\",\"position\":3,\"name\":\"Cole\u00e7\u00e3o de Matrizes &#8211; Menina com Flores\"}]},{\"@type\":\"WebSite\",\"@id\":\"https:\/\/shop.bazarcia.com\/#website\",\"url\":\"https:\/\/shop.bazarcia.com\/\",\"name\":\"Bazar & Cia\",\"description\":\"criatividade ponto a ponto\",\"publisher\":{\"@id\":\"https:\/\/shop.bazarcia.com\/#organization\"},\"potentialAction\":[{\"@type\":\"SearchAction\",\"target\":{\"@type\":\"EntryPoint\",\"urlTemplate\":\"https:\/\/shop.bazarcia.com\/?s={search_term_string}\"},\"query-input\":{\"@type\":\"PropertyValueSpecification\",\"valueRequired\":true,\"valueName\":\"search_term_string\"}}],\"inLanguage\":\"en-US\"},{\"@type\":\"Organization\",\"@id\":\"https:\/\/shop.bazarcia.com\/#organization\",\"name\":\"Bazar & Cia\",\"url\":\"https:\/\/shop.bazarcia.com\/\",\"logo\":{\"@type\":\"ImageObject\",\"inLanguage\":\"en-US\",\"@id\":\"https:\/\/shop.bazarcia.com\/#\/schema\/logo\/image\/\",\"url\":\"https:\/\/shop.bazarcia.com\/wp-content\/uploads\/2024\/02\/cropped-logo_bazarcia.png\",\"contentUrl\":\"https:\/\/shop.bazarcia.com\/wp-content\/uploads\/2024\/02\/cropped-logo_bazarcia.png\",\"width\":150,\"height\":150,\"caption\":\"Bazar & Cia\"},\"image\":{\"@id\":\"https:\/\/shop.bazarcia.com\/#\/schema\/logo\/image\/\"},\"sameAs\":[\"https:\/\/www.facebook.com\/shopbazarcia\",\"https:\/\/www.instagram.com\/shopbazarcia\",\"https:\/\/br.pinterest.com\/suzane_eloise\/\",\"https:\/\/www.youtube.com\/c\/BazardoBordadoMatrizeseProjetos\"]}]}<\/script>\n<!-- \/ Yoast SEO plugin. -->","yoast_head_json":{"title":"Cole\u00e7\u00e3o de Matrizes - Menina com Flores - \ud835\udc1b\ud835\udc1a\ud835\udc33\ud835\udc1a\ud835\udc2b &amp; \ud835\udc1c\ud835\udc22\ud835\udc1a","robots":{"index":"index","follow":"follow","max-snippet":"max-snippet:-1","max-image-preview":"max-image-preview:large","max-video-preview":"max-video-preview:-1"},"canonical":"https:\/\/shop.bazarcia.com\/en\/product\/colecao-de-matrizes-menina-com-flores\/","og_locale":"en_US","og_type":"article","og_title":"Cole\u00e7\u00e3o de Matrizes - Menina com Flores - \ud835\udc1b\ud835\udc1a\ud835\udc33\ud835\udc1a\ud835\udc2b &amp; \ud835\udc1c\ud835\udc22\ud835\udc1a","og_description":"Compre com valor promocional de Pr\u00e9-venda! Libera\u00e7\u00e3o das matrizes: sexta-feira - 28\/11  * Tamanhos a partir de: 4 cm * Bastidores: 10x10 | 13x18 | 16x26 | 20x30  Confira mais detalhes na descri\u00e7\u00e3o no fim da p\u00e1gina.","og_url":"https:\/\/shop.bazarcia.com\/en\/product\/colecao-de-matrizes-menina-com-flores\/","og_site_name":"\ud835\udc1b\ud835\udc1a\ud835\udc33\ud835\udc1a\ud835\udc2b &amp; \ud835\udc1c\ud835\udc22\ud835\udc1a","article_publisher":"https:\/\/www.facebook.com\/shopbazarcia","article_modified_time":"2025-12-02T15:16:40+00:00","og_image":[{"width":600,"height":600,"url":"https:\/\/shop.bazarcia.com\/wp-content\/uploads\/2025\/11\/MENINA-COM-FLORES.png","type":"image\/png"}],"twitter_card":"summary_large_image","twitter_misc":{"Est. reading time":"1 minute"},"schema":{"@context":"https:\/\/schema.org","@graph":[{"@type":"WebPage","@id":"https:\/\/shop.bazarcia.com\/produto\/colecao-de-matrizes-menina-com-flores\/","url":"https:\/\/shop.bazarcia.com\/produto\/colecao-de-matrizes-menina-com-flores\/","name":"Cole\u00e7\u00e3o de Matrizes - Menina com Flores - \ud835\udc1b\ud835\udc1a\ud835\udc33\ud835\udc1a\ud835\udc2b &amp; \ud835\udc1c\ud835\udc22\ud835\udc1a","isPartOf":{"@id":"https:\/\/shop.bazarcia.com\/#website"},"primaryImageOfPage":{"@id":"https:\/\/shop.bazarcia.com\/produto\/colecao-de-matrizes-menina-com-flores\/#primaryimage"},"image":{"@id":"https:\/\/shop.bazarcia.com\/produto\/colecao-de-matrizes-menina-com-flores\/#primaryimage"},"thumbnailUrl":"https:\/\/shop.bazarcia.com\/wp-content\/uploads\/2025\/11\/MENINA-COM-FLORES.png","datePublished":"2025-11-24T13:54:30+00:00","dateModified":"2025-12-02T15:16:40+00:00","breadcrumb":{"@id":"https:\/\/shop.bazarcia.com\/produto\/colecao-de-matrizes-menina-com-flores\/#breadcrumb"},"inLanguage":"en-US","potentialAction":[{"@type":"ReadAction","target":["https:\/\/shop.bazarcia.com\/produto\/colecao-de-matrizes-menina-com-flores\/"]}]},{"@type":"ImageObject","inLanguage":"en-US","@id":"https:\/\/shop.bazarcia.com\/produto\/colecao-de-matrizes-menina-com-flores\/#primaryimage","url":"https:\/\/shop.bazarcia.com\/wp-content\/uploads\/2025\/11\/MENINA-COM-FLORES.png","contentUrl":"https:\/\/shop.bazarcia.com\/wp-content\/uploads\/2025\/11\/MENINA-COM-FLORES.png","width":600,"height":600},{"@type":"BreadcrumbList","@id":"https:\/\/shop.bazarcia.com\/produto\/colecao-de-matrizes-menina-com-flores\/#breadcrumb","itemListElement":[{"@type":"ListItem","position":1,"name":"In\u00edcio","item":"https:\/\/shop.bazarcia.com\/"},{"@type":"ListItem","position":2,"name":"Loja","item":"https:\/\/shop.bazarcia.com\/loja\/"},{"@type":"ListItem","position":3,"name":"Cole\u00e7\u00e3o de Matrizes &#8211; Menina com Flores"}]},{"@type":"WebSite","@id":"https:\/\/shop.bazarcia.com\/#website","url":"https:\/\/shop.bazarcia.com\/","name":"Bazar & Cia","description":"criatividade ponto a ponto","publisher":{"@id":"https:\/\/shop.bazarcia.com\/#organization"},"potentialAction":[{"@type":"SearchAction","target":{"@type":"EntryPoint","urlTemplate":"https:\/\/shop.bazarcia.com\/?s={search_term_string}"},"query-input":{"@type":"PropertyValueSpecification","valueRequired":true,"valueName":"search_term_string"}}],"inLanguage":"en-US"},{"@type":"Organization","@id":"https:\/\/shop.bazarcia.com\/#organization","name":"Bazar & Cia","url":"https:\/\/shop.bazarcia.com\/","logo":{"@type":"ImageObject","inLanguage":"en-US","@id":"https:\/\/shop.bazarcia.com\/#\/schema\/logo\/image\/","url":"https:\/\/shop.bazarcia.com\/wp-content\/uploads\/2024\/02\/cropped-logo_bazarcia.png","contentUrl":"https:\/\/shop.bazarcia.com\/wp-content\/uploads\/2024\/02\/cropped-logo_bazarcia.png","width":150,"height":150,"caption":"Bazar & Cia"},"image":{"@id":"https:\/\/shop.bazarcia.com\/#\/schema\/logo\/image\/"},"sameAs":["https:\/\/www.facebook.com\/shopbazarcia","https:\/\/www.instagram.com\/shopbazarcia","https:\/\/br.pinterest.com\/suzane_eloise\/","https:\/\/www.youtube.com\/c\/BazardoBordadoMatrizeseProjetos"]}]}},"_links":{"self":[{"href":"https:\/\/shop.bazarcia.com\/en\/wp-json\/wp\/v2\/product\/356235","targetHints":{"allow":["GET"]}}],"collection":[{"href":"https:\/\/shop.bazarcia.com\/en\/wp-json\/wp\/v2\/product"}],"about":[{"href":"https:\/\/shop.bazarcia.com\/en\/wp-json\/wp\/v2\/types\/product"}],"replies":[{"embeddable":true,"href":"https:\/\/shop.bazarcia.com\/en\/wp-json\/wp\/v2\/comments?post=356235"}],"version-history":[{"count":4,"href":"https:\/\/shop.bazarcia.com\/en\/wp-json\/wp\/v2\/product\/356235\/revisions"}],"predecessor-version":[{"id":357930,"href":"https:\/\/shop.bazarcia.com\/en\/wp-json\/wp\/v2\/product\/356235\/revisions\/357930"}],"wp:featuredmedia":[{"embeddable":true,"href":"https:\/\/shop.bazarcia.com\/en\/wp-json\/wp\/v2\/media\/356240"}],"wp:attachment":[{"href":"https:\/\/shop.bazarcia.com\/en\/wp-json\/wp\/v2\/media?parent=356235"}],"wp:term":[{"taxonomy":"product_brand","embeddable":true,"href":"https:\/\/shop.bazarcia.com\/en\/wp-json\/wp\/v2\/product_brand?post=356235"},{"taxonomy":"product_cat","embeddable":true,"href":"https:\/\/shop.bazarcia.com\/en\/wp-json\/wp\/v2\/product_cat?post=356235"},{"taxonomy":"product_tag","embeddable":true,"href":"https:\/\/shop.bazarcia.com\/en\/wp-json\/wp\/v2\/product_tag?post=356235"}],"curies":[{"name":"wp","href":"https:\/\/api.w.org\/{rel}","templated":true}]}}