{"id":359741,"date":"2025-12-16T11:38:36","date_gmt":"2025-12-16T14:38:36","guid":{"rendered":"https:\/\/shop.bazarcia.com\/?post_type=product&#038;p=359741"},"modified":"2026-01-23T21:41:28","modified_gmt":"2026-01-24T00:41:28","slug":"matriz-de-bordado-semaninha-cozinha-da-vovo-redwork-ponto-corrido","status":"publish","type":"product","link":"https:\/\/shop.bazarcia.com\/en\/product\/matriz-de-bordado-semaninha-cozinha-da-vovo-redwork-ponto-corrido\/","title":{"rendered":"Cole\u00e7\u00e3o de Matrizes Semaninha Vov\u00f3 na Cozinha (Redwork-ponto corrido)"},"content":{"rendered":"<p data-start=\"591\" data-end=\"783\">A cole\u00e7\u00e3o <strong data-start=\"601\" data-end=\"638\">Semaninha Vov\u00f3 na Cozinha Redwork<\/strong> \u00e9 composta por matrizes de bordado eletr\u00f4nico desenvolvidas na t\u00e9cnica <strong data-start=\"710\" data-end=\"737\">Redwork (ponto corrido)<\/strong>, com tra\u00e7os delicados, cont\u00ednuos e elegantes.<\/p>\n<p data-start=\"785\" data-end=\"1024\">Cada matriz representa um dia da semana com cenas da vov\u00f3 na cozinha, sendo ideal para aplica\u00e7\u00e3o em <strong data-start=\"885\" data-end=\"949\">panos de prato, toalhas de copa, aventais e jogos de cozinha<\/strong>. O estilo Redwork garante um bordado limpo, cl\u00e1ssico e r\u00e1pido de executar.<\/p>\n<p data-start=\"1026\" data-end=\"1218\">Dispon\u00edvel nos tamanhos <strong data-start=\"1050\" data-end=\"1086\">18 cm, 20 cm e 22,5 cm de altura<\/strong>, com largura proporcional, nos formatos <strong data-start=\"1127\" data-end=\"1155\">EXP, DST, JEF, PES e XXX<\/strong>, compat\u00edveis com as principais m\u00e1quinas de bordado eletr\u00f4nico. \ud83e\udd63\ud83c\udf70\ud83e\uddc1\ud83c\udf5e<\/p>\n<p data-start=\"1026\" data-end=\"1218\"><a href=\"https:\/\/shop.bazarcia.com\/en\/store\/damel-programacao-de-bordados\/toc\/\">Termos e Condi\u00e7\u00f5es<\/a><\/p>","protected":false},"excerpt":{"rendered":"<p data-start=\"746\" data-end=\"992\">\ud83c\udf38\ud83c\udf38\ud83c\udf38A cole\u00e7\u00e3o <strong data-start=\"756\" data-end=\"785\">Semaninha Vov\u00f3 na Cozinha<\/strong> em <strong data-start=\"789\" data-end=\"816\">Redwork (ponto corrido)<\/strong> retrata a do\u00e7ura da rotina da vov\u00f3 na cozinha, com bordados delicados, elegantes e atemporais.<br data-start=\"911\" data-end=\"914\" \/>Perfeita para deixar suas pe\u00e7as de cozinha ainda mais charmosas e acolhedoras.<\/p>","protected":false},"featured_media":359753,"comment_status":"open","ping_status":"closed","template":"","meta":{"_acf_changed":false,"_joinchat":[]},"product_brand":[],"product_cat":[1805,1066,1804,292,1208,1716,1051,84,313],"product_tag":[1170,1431,1433,1430,1432],"class_list":{"0":"post-359741","1":"product","2":"type-product","3":"status-publish","4":"has-post-thumbnail","6":"product_cat-bolo","7":"product_cat-colecoes-matrizes-de-bordado","8":"product_cat-comidas","9":"product_cat-cozinha","10":"product_cat-cute-kawaii","11":"product_cat-doces","12":"product_cat-linework-colorwork","13":"product_cat-matrizes-de-bordado","14":"product_cat-semaninhas","15":"product_tag-bordado","16":"product_tag-bordado-computadorizado","17":"product_tag-bordado-eletronico","18":"product_tag-matriz-de-bordado","19":"product_tag-matrizes-de-bordado","21":"first","22":"instock","23":"downloadable","24":"virtual","25":"purchasable","26":"product-type-simple"},"acf":[],"yoast_head":"<!-- This site is optimized with the Yoast SEO plugin v27.2 - https:\/\/yoast.com\/product\/yoast-seo-wordpress\/ -->\n<title>Cole\u00e7\u00e3o de Matrizes Semaninha Vov\u00f3 na Cozinha (Redwork-ponto corrido) - \ud835\udc1b\ud835\udc1a\ud835\udc33\ud835\udc1a\ud835\udc2b &amp; \ud835\udc1c\ud835\udc22\ud835\udc1a<\/title>\n<meta name=\"robots\" content=\"index, follow, max-snippet:-1, max-image-preview:large, max-video-preview:-1\" \/>\n<link rel=\"canonical\" href=\"https:\/\/shop.bazarcia.com\/en\/product\/matriz-de-bordado-semaninha-cozinha-da-vovo-redwork-ponto-corrido\/\" \/>\n<meta property=\"og:locale\" content=\"en_US\" \/>\n<meta property=\"og:type\" content=\"article\" \/>\n<meta property=\"og:title\" content=\"Cole\u00e7\u00e3o de Matrizes Semaninha Vov\u00f3 na Cozinha (Redwork-ponto corrido) - \ud835\udc1b\ud835\udc1a\ud835\udc33\ud835\udc1a\ud835\udc2b &amp; \ud835\udc1c\ud835\udc22\ud835\udc1a\" \/>\n<meta property=\"og:description\" content=\"\ud83c\udf38\ud83c\udf38\ud83c\udf38A cole\u00e7\u00e3o Semaninha Vov\u00f3 na Cozinha em Redwork (ponto corrido) retrata a do\u00e7ura da rotina da vov\u00f3 na cozinha, com bordados delicados, elegantes e atemporais.Perfeita para deixar suas pe\u00e7as de cozinha ainda mais charmosas e acolhedoras.\" \/>\n<meta property=\"og:url\" content=\"https:\/\/shop.bazarcia.com\/en\/product\/matriz-de-bordado-semaninha-cozinha-da-vovo-redwork-ponto-corrido\/\" \/>\n<meta property=\"og:site_name\" content=\"\ud835\udc1b\ud835\udc1a\ud835\udc33\ud835\udc1a\ud835\udc2b &amp; \ud835\udc1c\ud835\udc22\ud835\udc1a\" \/>\n<meta property=\"article:publisher\" content=\"https:\/\/www.facebook.com\/shopbazarcia\" \/>\n<meta property=\"article:modified_time\" content=\"2026-01-24T00:41:28+00:00\" \/>\n<meta property=\"og:image\" content=\"https:\/\/shop.bazarcia.com\/wp-content\/uploads\/2025\/12\/Semaninha-Vovo-na-Cozinha-1.png\" \/>\n\t<meta property=\"og:image:width\" content=\"1080\" \/>\n\t<meta property=\"og:image:height\" content=\"1080\" \/>\n\t<meta property=\"og:image:type\" content=\"image\/png\" \/>\n<meta name=\"twitter:card\" content=\"summary_large_image\" \/>\n<meta name=\"twitter:label1\" content=\"Est. reading time\" \/>\n\t<meta name=\"twitter:data1\" content=\"1 minute\" \/>\n<script type=\"application\/ld+json\" class=\"yoast-schema-graph\">{\"@context\":\"https:\/\/schema.org\",\"@graph\":[{\"@type\":\"WebPage\",\"@id\":\"https:\/\/shop.bazarcia.com\/produto\/matriz-de-bordado-semaninha-cozinha-da-vovo-redwork-ponto-corrido\/\",\"url\":\"https:\/\/shop.bazarcia.com\/produto\/matriz-de-bordado-semaninha-cozinha-da-vovo-redwork-ponto-corrido\/\",\"name\":\"Cole\u00e7\u00e3o de Matrizes Semaninha Vov\u00f3 na Cozinha (Redwork-ponto corrido) - \ud835\udc1b\ud835\udc1a\ud835\udc33\ud835\udc1a\ud835\udc2b &amp; \ud835\udc1c\ud835\udc22\ud835\udc1a\",\"isPartOf\":{\"@id\":\"https:\/\/shop.bazarcia.com\/#website\"},\"primaryImageOfPage\":{\"@id\":\"https:\/\/shop.bazarcia.com\/produto\/matriz-de-bordado-semaninha-cozinha-da-vovo-redwork-ponto-corrido\/#primaryimage\"},\"image\":{\"@id\":\"https:\/\/shop.bazarcia.com\/produto\/matriz-de-bordado-semaninha-cozinha-da-vovo-redwork-ponto-corrido\/#primaryimage\"},\"thumbnailUrl\":\"https:\/\/shop.bazarcia.com\/wp-content\/uploads\/2025\/12\/Semaninha-Vovo-na-Cozinha-1.png\",\"datePublished\":\"2025-12-16T14:38:36+00:00\",\"dateModified\":\"2026-01-24T00:41:28+00:00\",\"breadcrumb\":{\"@id\":\"https:\/\/shop.bazarcia.com\/produto\/matriz-de-bordado-semaninha-cozinha-da-vovo-redwork-ponto-corrido\/#breadcrumb\"},\"inLanguage\":\"en-US\",\"potentialAction\":[{\"@type\":\"ReadAction\",\"target\":[\"https:\/\/shop.bazarcia.com\/produto\/matriz-de-bordado-semaninha-cozinha-da-vovo-redwork-ponto-corrido\/\"]}]},{\"@type\":\"ImageObject\",\"inLanguage\":\"en-US\",\"@id\":\"https:\/\/shop.bazarcia.com\/produto\/matriz-de-bordado-semaninha-cozinha-da-vovo-redwork-ponto-corrido\/#primaryimage\",\"url\":\"https:\/\/shop.bazarcia.com\/wp-content\/uploads\/2025\/12\/Semaninha-Vovo-na-Cozinha-1.png\",\"contentUrl\":\"https:\/\/shop.bazarcia.com\/wp-content\/uploads\/2025\/12\/Semaninha-Vovo-na-Cozinha-1.png\",\"width\":1080,\"height\":1080},{\"@type\":\"BreadcrumbList\",\"@id\":\"https:\/\/shop.bazarcia.com\/produto\/matriz-de-bordado-semaninha-cozinha-da-vovo-redwork-ponto-corrido\/#breadcrumb\",\"itemListElement\":[{\"@type\":\"ListItem\",\"position\":1,\"name\":\"In\u00edcio\",\"item\":\"https:\/\/shop.bazarcia.com\/\"},{\"@type\":\"ListItem\",\"position\":2,\"name\":\"Loja\",\"item\":\"https:\/\/shop.bazarcia.com\/loja\/\"},{\"@type\":\"ListItem\",\"position\":3,\"name\":\"Cole\u00e7\u00e3o de Matrizes Semaninha Vov\u00f3 na Cozinha (Redwork-ponto corrido)\"}]},{\"@type\":\"WebSite\",\"@id\":\"https:\/\/shop.bazarcia.com\/#website\",\"url\":\"https:\/\/shop.bazarcia.com\/\",\"name\":\"Bazar & Cia\",\"description\":\"criatividade ponto a ponto\",\"publisher\":{\"@id\":\"https:\/\/shop.bazarcia.com\/#organization\"},\"potentialAction\":[{\"@type\":\"SearchAction\",\"target\":{\"@type\":\"EntryPoint\",\"urlTemplate\":\"https:\/\/shop.bazarcia.com\/?s={search_term_string}\"},\"query-input\":{\"@type\":\"PropertyValueSpecification\",\"valueRequired\":true,\"valueName\":\"search_term_string\"}}],\"inLanguage\":\"en-US\"},{\"@type\":\"Organization\",\"@id\":\"https:\/\/shop.bazarcia.com\/#organization\",\"name\":\"Bazar & Cia\",\"url\":\"https:\/\/shop.bazarcia.com\/\",\"logo\":{\"@type\":\"ImageObject\",\"inLanguage\":\"en-US\",\"@id\":\"https:\/\/shop.bazarcia.com\/#\/schema\/logo\/image\/\",\"url\":\"https:\/\/shop.bazarcia.com\/wp-content\/uploads\/2024\/02\/cropped-logo_bazarcia.png\",\"contentUrl\":\"https:\/\/shop.bazarcia.com\/wp-content\/uploads\/2024\/02\/cropped-logo_bazarcia.png\",\"width\":150,\"height\":150,\"caption\":\"Bazar & Cia\"},\"image\":{\"@id\":\"https:\/\/shop.bazarcia.com\/#\/schema\/logo\/image\/\"},\"sameAs\":[\"https:\/\/www.facebook.com\/shopbazarcia\",\"https:\/\/www.instagram.com\/shopbazarcia\",\"https:\/\/br.pinterest.com\/suzane_eloise\/\",\"https:\/\/www.youtube.com\/c\/BazardoBordadoMatrizeseProjetos\"]}]}<\/script>\n<!-- \/ Yoast SEO plugin. -->","yoast_head_json":{"title":"Cole\u00e7\u00e3o de Matrizes Semaninha Vov\u00f3 na Cozinha (Redwork-ponto corrido) - \ud835\udc1b\ud835\udc1a\ud835\udc33\ud835\udc1a\ud835\udc2b &amp; \ud835\udc1c\ud835\udc22\ud835\udc1a","robots":{"index":"index","follow":"follow","max-snippet":"max-snippet:-1","max-image-preview":"max-image-preview:large","max-video-preview":"max-video-preview:-1"},"canonical":"https:\/\/shop.bazarcia.com\/en\/product\/matriz-de-bordado-semaninha-cozinha-da-vovo-redwork-ponto-corrido\/","og_locale":"en_US","og_type":"article","og_title":"Cole\u00e7\u00e3o de Matrizes Semaninha Vov\u00f3 na Cozinha (Redwork-ponto corrido) - \ud835\udc1b\ud835\udc1a\ud835\udc33\ud835\udc1a\ud835\udc2b &amp; \ud835\udc1c\ud835\udc22\ud835\udc1a","og_description":"\ud83c\udf38\ud83c\udf38\ud83c\udf38A cole\u00e7\u00e3o Semaninha Vov\u00f3 na Cozinha em Redwork (ponto corrido) retrata a do\u00e7ura da rotina da vov\u00f3 na cozinha, com bordados delicados, elegantes e atemporais.Perfeita para deixar suas pe\u00e7as de cozinha ainda mais charmosas e acolhedoras.","og_url":"https:\/\/shop.bazarcia.com\/en\/product\/matriz-de-bordado-semaninha-cozinha-da-vovo-redwork-ponto-corrido\/","og_site_name":"\ud835\udc1b\ud835\udc1a\ud835\udc33\ud835\udc1a\ud835\udc2b &amp; \ud835\udc1c\ud835\udc22\ud835\udc1a","article_publisher":"https:\/\/www.facebook.com\/shopbazarcia","article_modified_time":"2026-01-24T00:41:28+00:00","og_image":[{"width":1080,"height":1080,"url":"https:\/\/shop.bazarcia.com\/wp-content\/uploads\/2025\/12\/Semaninha-Vovo-na-Cozinha-1.png","type":"image\/png"}],"twitter_card":"summary_large_image","twitter_misc":{"Est. reading time":"1 minute"},"schema":{"@context":"https:\/\/schema.org","@graph":[{"@type":"WebPage","@id":"https:\/\/shop.bazarcia.com\/produto\/matriz-de-bordado-semaninha-cozinha-da-vovo-redwork-ponto-corrido\/","url":"https:\/\/shop.bazarcia.com\/produto\/matriz-de-bordado-semaninha-cozinha-da-vovo-redwork-ponto-corrido\/","name":"Cole\u00e7\u00e3o de Matrizes Semaninha Vov\u00f3 na Cozinha (Redwork-ponto corrido) - \ud835\udc1b\ud835\udc1a\ud835\udc33\ud835\udc1a\ud835\udc2b &amp; \ud835\udc1c\ud835\udc22\ud835\udc1a","isPartOf":{"@id":"https:\/\/shop.bazarcia.com\/#website"},"primaryImageOfPage":{"@id":"https:\/\/shop.bazarcia.com\/produto\/matriz-de-bordado-semaninha-cozinha-da-vovo-redwork-ponto-corrido\/#primaryimage"},"image":{"@id":"https:\/\/shop.bazarcia.com\/produto\/matriz-de-bordado-semaninha-cozinha-da-vovo-redwork-ponto-corrido\/#primaryimage"},"thumbnailUrl":"https:\/\/shop.bazarcia.com\/wp-content\/uploads\/2025\/12\/Semaninha-Vovo-na-Cozinha-1.png","datePublished":"2025-12-16T14:38:36+00:00","dateModified":"2026-01-24T00:41:28+00:00","breadcrumb":{"@id":"https:\/\/shop.bazarcia.com\/produto\/matriz-de-bordado-semaninha-cozinha-da-vovo-redwork-ponto-corrido\/#breadcrumb"},"inLanguage":"en-US","potentialAction":[{"@type":"ReadAction","target":["https:\/\/shop.bazarcia.com\/produto\/matriz-de-bordado-semaninha-cozinha-da-vovo-redwork-ponto-corrido\/"]}]},{"@type":"ImageObject","inLanguage":"en-US","@id":"https:\/\/shop.bazarcia.com\/produto\/matriz-de-bordado-semaninha-cozinha-da-vovo-redwork-ponto-corrido\/#primaryimage","url":"https:\/\/shop.bazarcia.com\/wp-content\/uploads\/2025\/12\/Semaninha-Vovo-na-Cozinha-1.png","contentUrl":"https:\/\/shop.bazarcia.com\/wp-content\/uploads\/2025\/12\/Semaninha-Vovo-na-Cozinha-1.png","width":1080,"height":1080},{"@type":"BreadcrumbList","@id":"https:\/\/shop.bazarcia.com\/produto\/matriz-de-bordado-semaninha-cozinha-da-vovo-redwork-ponto-corrido\/#breadcrumb","itemListElement":[{"@type":"ListItem","position":1,"name":"In\u00edcio","item":"https:\/\/shop.bazarcia.com\/"},{"@type":"ListItem","position":2,"name":"Loja","item":"https:\/\/shop.bazarcia.com\/loja\/"},{"@type":"ListItem","position":3,"name":"Cole\u00e7\u00e3o de Matrizes Semaninha Vov\u00f3 na Cozinha (Redwork-ponto corrido)"}]},{"@type":"WebSite","@id":"https:\/\/shop.bazarcia.com\/#website","url":"https:\/\/shop.bazarcia.com\/","name":"Bazar & Cia","description":"criatividade ponto a ponto","publisher":{"@id":"https:\/\/shop.bazarcia.com\/#organization"},"potentialAction":[{"@type":"SearchAction","target":{"@type":"EntryPoint","urlTemplate":"https:\/\/shop.bazarcia.com\/?s={search_term_string}"},"query-input":{"@type":"PropertyValueSpecification","valueRequired":true,"valueName":"search_term_string"}}],"inLanguage":"en-US"},{"@type":"Organization","@id":"https:\/\/shop.bazarcia.com\/#organization","name":"Bazar & Cia","url":"https:\/\/shop.bazarcia.com\/","logo":{"@type":"ImageObject","inLanguage":"en-US","@id":"https:\/\/shop.bazarcia.com\/#\/schema\/logo\/image\/","url":"https:\/\/shop.bazarcia.com\/wp-content\/uploads\/2024\/02\/cropped-logo_bazarcia.png","contentUrl":"https:\/\/shop.bazarcia.com\/wp-content\/uploads\/2024\/02\/cropped-logo_bazarcia.png","width":150,"height":150,"caption":"Bazar & Cia"},"image":{"@id":"https:\/\/shop.bazarcia.com\/#\/schema\/logo\/image\/"},"sameAs":["https:\/\/www.facebook.com\/shopbazarcia","https:\/\/www.instagram.com\/shopbazarcia","https:\/\/br.pinterest.com\/suzane_eloise\/","https:\/\/www.youtube.com\/c\/BazardoBordadoMatrizeseProjetos"]}]}},"_links":{"self":[{"href":"https:\/\/shop.bazarcia.com\/en\/wp-json\/wp\/v2\/product\/359741","targetHints":{"allow":["GET"]}}],"collection":[{"href":"https:\/\/shop.bazarcia.com\/en\/wp-json\/wp\/v2\/product"}],"about":[{"href":"https:\/\/shop.bazarcia.com\/en\/wp-json\/wp\/v2\/types\/product"}],"replies":[{"embeddable":true,"href":"https:\/\/shop.bazarcia.com\/en\/wp-json\/wp\/v2\/comments?post=359741"}],"version-history":[{"count":2,"href":"https:\/\/shop.bazarcia.com\/en\/wp-json\/wp\/v2\/product\/359741\/revisions"}],"predecessor-version":[{"id":359758,"href":"https:\/\/shop.bazarcia.com\/en\/wp-json\/wp\/v2\/product\/359741\/revisions\/359758"}],"wp:featuredmedia":[{"embeddable":true,"href":"https:\/\/shop.bazarcia.com\/en\/wp-json\/wp\/v2\/media\/359753"}],"wp:attachment":[{"href":"https:\/\/shop.bazarcia.com\/en\/wp-json\/wp\/v2\/media?parent=359741"}],"wp:term":[{"taxonomy":"product_brand","embeddable":true,"href":"https:\/\/shop.bazarcia.com\/en\/wp-json\/wp\/v2\/product_brand?post=359741"},{"taxonomy":"product_cat","embeddable":true,"href":"https:\/\/shop.bazarcia.com\/en\/wp-json\/wp\/v2\/product_cat?post=359741"},{"taxonomy":"product_tag","embeddable":true,"href":"https:\/\/shop.bazarcia.com\/en\/wp-json\/wp\/v2\/product_tag?post=359741"}],"curies":[{"name":"wp","href":"https:\/\/api.w.org\/{rel}","templated":true}]}}