{"id":36231,"date":"2020-07-01T16:51:16","date_gmt":"2020-07-01T19:51:16","guid":{"rendered":"https:\/\/shop.bazarcia.com\/produto\/matrizes-de-bordado-gatinha-projeto-porta-laco-pre-venda\/"},"modified":"2024-09-14T14:51:55","modified_gmt":"2024-09-14T17:51:55","slug":"matrizes-de-bordado-gatinha-projeto-porta-laco-pre-venda","status":"publish","type":"product","link":"https:\/\/shop.bazarcia.com\/en\/product\/matrizes-de-bordado-gatinha-projeto-porta-laco-pre-venda\/","title":{"rendered":"Matrizes de Bordado e Projetos na Bordadeira &#8211; Gatinha &#8211; Projeto Porta La\u00e7os"},"content":{"rendered":"<p>Matrizes de Bordado Gatinha &#8211; Projeto Porta La\u00e7o ?N\u00e3o \u00e9 de hoje que as mam\u00e3es de meninas s\u00e3o viciadas em la\u00e7os para suas princesas ?, s\u00e3o la\u00e7os de todas as cores, tamanhos e tipos. E um mais lindo que o outro!Mas como guardar ou organizar esses tantos e tantos la\u00e7os de uma maneira super fofa e divertida?!Pensando nisso, o Ateli\u00ea Mam\u00e3e Coruja apresenta nosso novo projeto, para que as artes\u00e3s bordadeiras possam atender a essas mam\u00e3es deixando-as encantadas.S\u00e3o 4 modelos de porta la\u00e7os para bastidores 13\u00d718 e 16\u00d726,\u00a0mas por esta p\u00e1gina voc\u00ea adquire apenas as matrizes da Gatinha deste projeto,\u00a0e mais os acess\u00f3rios conforme imagens.\u00a0E trago ainda uma t\u00e9cnica inusitada para o bordado, que \u00e9 o cabelinho com fita de cetim muito utilizada na confec\u00e7\u00e3o de bonecas.\u00a0Caso queira adquirir o Projeto Completo basta acessar\u00a0Projeto Porta La\u00e7os<br \/>\nE como as matrizes ficaram t\u00e3o lindas, porque fazer somente porta la\u00e7os?! Pois \u00e9\u2026 o projeto tamb\u00e9m cont\u00eam matrizes para abas de Porta Cadernetas e apliques simples para bordados em toalhinhas, fraldinhas, enfim\u2026 onde quiser. As Tag\u2019s para Cadernetas s\u00e3o para bastidores 13\u00d718, j\u00e1 os apliques para 13\u00d718 e 10\u00d710.E n\u00e3o para por a\u00ed, quem adquirir o projeto, ganha de brinde nosso novo Kit La\u00e7o 3D, que s\u00e3o la\u00e7os para confec\u00e7\u00e3o de chaveiros, aplica\u00e7\u00e3o decorativa em pe\u00e7as, ou at\u00e9 mesmo confec\u00e7\u00e3o das pr\u00f3prias presilhas de cabelo! N\u00e3o \u00e9 mara?!Tudo isso por um pre\u00e7o super razo\u00e1vel e lembrando que com a venda de apenas uma pe\u00e7a voc\u00ea j\u00e1 paga o seu investimento!<br \/>\nOs arquivos estar\u00e3o dispon\u00edveis para download aqui mesmo na sua conta no BDB ap\u00f3s confirma\u00e7\u00e3o do pagamento. (N\u00e3o ser\u00e3o enviados por email!)<br \/>\nOs arquivos est\u00e3o em pasta compactada (ZIP), sendo necess\u00e1rio descompact\u00e1-la.<br \/>\nOs mesmos s\u00e3o compat\u00edveis com v\u00e1rios tipos e modelos de m\u00e1quinas, com os seguintes formatos :<br \/>\nPES \u2013 JEF \u2013 EXP \u2013 HUS \u2013 XXX &#8211; DST.<br \/>\nDesigner dos Desenhos: Val\u00e9ria Ribeiro (Ateli\u00ea Mam\u00e3e Coruja)<br \/>\nAdquirindo nossas matrizes e projetos voc\u00ea se declara de acordo com nossos\u00a0TERMOS E CONDI\u00c7\u00d5ES.<\/p>","protected":false},"excerpt":{"rendered":"<p>https:\/\/www.youtube.com\/watch?v=qEVm-aenIA8&#038;feature=youtu.be<\/p>\n<p>Matrizes de Bordado Gatinha &#8211; Projeto Porta La\u00e7o ?<br \/>\nN\u00e3o \u00e9 de hoje que as mam\u00e3es de meninas s\u00e3o viciadas em la\u00e7os para suas princesas ?, s\u00e3o la\u00e7os de todas as cores, tamanhos e tipos. E um mais lindo que o outro!<br \/>\nMas como guardar ou organizar esses tantos e tantos la\u00e7os de uma maneira super fofa e divertida?!<br \/>\nPensando nisso, o Ateli\u00ea Mam\u00e3e Coruja apresenta nosso novo projeto, para que as artes\u00e3s bordadeiras possam atender a essas mam\u00e3es deixando-as encantadas.<br \/>\nMais informa\u00e7\u00f5es na Descri\u00e7\u00e3o Detalhada abaixo! ???<\/p>","protected":false},"featured_media":44730,"comment_status":"open","ping_status":"closed","template":"","meta":{"_acf_changed":false,"_joinchat":[]},"product_brand":[],"product_cat":[84,122,326,85,98,1329,160,1421],"product_tag":[],"class_list":{"0":"post-36231","1":"product","2":"type-product","3":"status-publish","4":"has-post-thumbnail","6":"product_cat-matrizes-de-bordado","7":"product_cat-matrizes-de-bordado-animais","8":"product_cat-gatinhos","9":"product_cat-apliques","10":"product_cat-projetos-na-bordadeira-in-the-hoop-embroidery","11":"product_cat-projetos-abas-na-bordadeira","12":"product_cat-projeto-lacinhos-na-bordadeira","13":"product_cat-porta-lacos-na-bordadeira-ith","15":"first","16":"instock","17":"sale","18":"downloadable","19":"virtual","20":"sold-individually","21":"purchasable","22":"product-type-simple"},"acf":[],"yoast_head":"<!-- This site is optimized with the Yoast SEO plugin v27.2 - https:\/\/yoast.com\/product\/yoast-seo-wordpress\/ -->\n<title>Matrizes de Bordado e Projetos na Bordadeira - Gatinha - Projeto Porta La\u00e7os - \ud835\udc1b\ud835\udc1a\ud835\udc33\ud835\udc1a\ud835\udc2b &amp; \ud835\udc1c\ud835\udc22\ud835\udc1a<\/title>\n<meta name=\"description\" content=\"Please provide a meta description by editing the snippet below. If you don\u2019t, Google will try to find a relevant part of your post to show in the search results.\" \/>\n<meta name=\"robots\" content=\"index, follow, max-snippet:-1, max-image-preview:large, max-video-preview:-1\" \/>\n<link rel=\"canonical\" href=\"https:\/\/shop.bazarcia.com\/en\/product\/matrizes-de-bordado-gatinha-projeto-porta-laco-pre-venda\/\" \/>\n<meta property=\"og:locale\" content=\"en_US\" \/>\n<meta property=\"og:type\" content=\"article\" \/>\n<meta property=\"og:title\" content=\"Matrizes de Bordado e Projetos na Bordadeira - Gatinha - Projeto Porta La\u00e7os - \ud835\udc1b\ud835\udc1a\ud835\udc33\ud835\udc1a\ud835\udc2b &amp; \ud835\udc1c\ud835\udc22\ud835\udc1a\" \/>\n<meta property=\"og:description\" content=\"Please provide a meta description by editing the snippet below. If you don\u2019t, Google will try to find a relevant part of your post to show in the search results.\" \/>\n<meta property=\"og:url\" content=\"https:\/\/shop.bazarcia.com\/en\/product\/matrizes-de-bordado-gatinha-projeto-porta-laco-pre-venda\/\" \/>\n<meta property=\"og:site_name\" content=\"\ud835\udc1b\ud835\udc1a\ud835\udc33\ud835\udc1a\ud835\udc2b &amp; \ud835\udc1c\ud835\udc22\ud835\udc1a\" \/>\n<meta property=\"article:publisher\" content=\"https:\/\/www.facebook.com\/shopbazarcia\" \/>\n<meta property=\"article:modified_time\" content=\"2024-09-14T17:51:55+00:00\" \/>\n<meta property=\"og:image\" content=\"https:\/\/shop.bazarcia.com\/wp-content\/uploads\/2020\/08\/2-1.jpg\" \/>\n\t<meta property=\"og:image:width\" content=\"960\" \/>\n\t<meta property=\"og:image:height\" content=\"960\" \/>\n\t<meta property=\"og:image:type\" content=\"image\/jpeg\" \/>\n<meta name=\"twitter:card\" content=\"summary_large_image\" \/>\n<meta name=\"twitter:label1\" content=\"Est. reading time\" \/>\n\t<meta name=\"twitter:data1\" content=\"2 minutes\" \/>\n<script type=\"application\/ld+json\" class=\"yoast-schema-graph\">{\"@context\":\"https:\/\/schema.org\",\"@graph\":[{\"@type\":\"WebPage\",\"@id\":\"https:\/\/shop.bazarcia.com\/produto\/matrizes-de-bordado-gatinha-projeto-porta-laco-pre-venda\/\",\"url\":\"https:\/\/shop.bazarcia.com\/produto\/matrizes-de-bordado-gatinha-projeto-porta-laco-pre-venda\/\",\"name\":\"Matrizes de Bordado e Projetos na Bordadeira - Gatinha - Projeto Porta La\u00e7os - \ud835\udc1b\ud835\udc1a\ud835\udc33\ud835\udc1a\ud835\udc2b &amp; \ud835\udc1c\ud835\udc22\ud835\udc1a\",\"isPartOf\":{\"@id\":\"https:\/\/shop.bazarcia.com\/#website\"},\"primaryImageOfPage\":{\"@id\":\"https:\/\/shop.bazarcia.com\/produto\/matrizes-de-bordado-gatinha-projeto-porta-laco-pre-venda\/#primaryimage\"},\"image\":{\"@id\":\"https:\/\/shop.bazarcia.com\/produto\/matrizes-de-bordado-gatinha-projeto-porta-laco-pre-venda\/#primaryimage\"},\"thumbnailUrl\":\"https:\/\/shop.bazarcia.com\/wp-content\/uploads\/2020\/08\/2-1.jpg\",\"datePublished\":\"2020-07-01T19:51:16+00:00\",\"dateModified\":\"2024-09-14T17:51:55+00:00\",\"description\":\"Please provide a meta description by editing the snippet below. If you don\u2019t, Google will try to find a relevant part of your post to show in the search results.\",\"breadcrumb\":{\"@id\":\"https:\/\/shop.bazarcia.com\/produto\/matrizes-de-bordado-gatinha-projeto-porta-laco-pre-venda\/#breadcrumb\"},\"inLanguage\":\"en-US\",\"potentialAction\":[{\"@type\":\"ReadAction\",\"target\":[\"https:\/\/shop.bazarcia.com\/produto\/matrizes-de-bordado-gatinha-projeto-porta-laco-pre-venda\/\"]}]},{\"@type\":\"ImageObject\",\"inLanguage\":\"en-US\",\"@id\":\"https:\/\/shop.bazarcia.com\/produto\/matrizes-de-bordado-gatinha-projeto-porta-laco-pre-venda\/#primaryimage\",\"url\":\"https:\/\/shop.bazarcia.com\/wp-content\/uploads\/2020\/08\/2-1.jpg\",\"contentUrl\":\"https:\/\/shop.bazarcia.com\/wp-content\/uploads\/2020\/08\/2-1.jpg\",\"width\":960,\"height\":960},{\"@type\":\"BreadcrumbList\",\"@id\":\"https:\/\/shop.bazarcia.com\/produto\/matrizes-de-bordado-gatinha-projeto-porta-laco-pre-venda\/#breadcrumb\",\"itemListElement\":[{\"@type\":\"ListItem\",\"position\":1,\"name\":\"In\u00edcio\",\"item\":\"https:\/\/shop.bazarcia.com\/\"},{\"@type\":\"ListItem\",\"position\":2,\"name\":\"Loja\",\"item\":\"https:\/\/shop.bazarcia.com\/loja\/\"},{\"@type\":\"ListItem\",\"position\":3,\"name\":\"Matrizes de Bordado e Projetos na Bordadeira &#8211; Gatinha &#8211; Projeto Porta La\u00e7os\"}]},{\"@type\":\"WebSite\",\"@id\":\"https:\/\/shop.bazarcia.com\/#website\",\"url\":\"https:\/\/shop.bazarcia.com\/\",\"name\":\"Bazar & Cia\",\"description\":\"criatividade ponto a ponto\",\"publisher\":{\"@id\":\"https:\/\/shop.bazarcia.com\/#organization\"},\"potentialAction\":[{\"@type\":\"SearchAction\",\"target\":{\"@type\":\"EntryPoint\",\"urlTemplate\":\"https:\/\/shop.bazarcia.com\/?s={search_term_string}\"},\"query-input\":{\"@type\":\"PropertyValueSpecification\",\"valueRequired\":true,\"valueName\":\"search_term_string\"}}],\"inLanguage\":\"en-US\"},{\"@type\":\"Organization\",\"@id\":\"https:\/\/shop.bazarcia.com\/#organization\",\"name\":\"Bazar & Cia\",\"url\":\"https:\/\/shop.bazarcia.com\/\",\"logo\":{\"@type\":\"ImageObject\",\"inLanguage\":\"en-US\",\"@id\":\"https:\/\/shop.bazarcia.com\/#\/schema\/logo\/image\/\",\"url\":\"https:\/\/shop.bazarcia.com\/wp-content\/uploads\/2024\/02\/cropped-logo_bazarcia.png\",\"contentUrl\":\"https:\/\/shop.bazarcia.com\/wp-content\/uploads\/2024\/02\/cropped-logo_bazarcia.png\",\"width\":150,\"height\":150,\"caption\":\"Bazar & Cia\"},\"image\":{\"@id\":\"https:\/\/shop.bazarcia.com\/#\/schema\/logo\/image\/\"},\"sameAs\":[\"https:\/\/www.facebook.com\/shopbazarcia\",\"https:\/\/www.instagram.com\/shopbazarcia\",\"https:\/\/br.pinterest.com\/suzane_eloise\/\",\"https:\/\/www.youtube.com\/c\/BazardoBordadoMatrizeseProjetos\"]}]}<\/script>\n<!-- \/ Yoast SEO plugin. -->","yoast_head_json":{"title":"Matrizes de Bordado e Projetos na Bordadeira - Gatinha - Projeto Porta La\u00e7os - \ud835\udc1b\ud835\udc1a\ud835\udc33\ud835\udc1a\ud835\udc2b &amp; \ud835\udc1c\ud835\udc22\ud835\udc1a","description":"Please provide a meta description by editing the snippet below. If you don\u2019t, Google will try to find a relevant part of your post to show in the search results.","robots":{"index":"index","follow":"follow","max-snippet":"max-snippet:-1","max-image-preview":"max-image-preview:large","max-video-preview":"max-video-preview:-1"},"canonical":"https:\/\/shop.bazarcia.com\/en\/product\/matrizes-de-bordado-gatinha-projeto-porta-laco-pre-venda\/","og_locale":"en_US","og_type":"article","og_title":"Matrizes de Bordado e Projetos na Bordadeira - Gatinha - Projeto Porta La\u00e7os - \ud835\udc1b\ud835\udc1a\ud835\udc33\ud835\udc1a\ud835\udc2b &amp; \ud835\udc1c\ud835\udc22\ud835\udc1a","og_description":"Please provide a meta description by editing the snippet below. If you don\u2019t, Google will try to find a relevant part of your post to show in the search results.","og_url":"https:\/\/shop.bazarcia.com\/en\/product\/matrizes-de-bordado-gatinha-projeto-porta-laco-pre-venda\/","og_site_name":"\ud835\udc1b\ud835\udc1a\ud835\udc33\ud835\udc1a\ud835\udc2b &amp; \ud835\udc1c\ud835\udc22\ud835\udc1a","article_publisher":"https:\/\/www.facebook.com\/shopbazarcia","article_modified_time":"2024-09-14T17:51:55+00:00","og_image":[{"width":960,"height":960,"url":"https:\/\/shop.bazarcia.com\/wp-content\/uploads\/2020\/08\/2-1.jpg","type":"image\/jpeg"}],"twitter_card":"summary_large_image","twitter_misc":{"Est. reading time":"2 minutes"},"schema":{"@context":"https:\/\/schema.org","@graph":[{"@type":"WebPage","@id":"https:\/\/shop.bazarcia.com\/produto\/matrizes-de-bordado-gatinha-projeto-porta-laco-pre-venda\/","url":"https:\/\/shop.bazarcia.com\/produto\/matrizes-de-bordado-gatinha-projeto-porta-laco-pre-venda\/","name":"Matrizes de Bordado e Projetos na Bordadeira - Gatinha - Projeto Porta La\u00e7os - \ud835\udc1b\ud835\udc1a\ud835\udc33\ud835\udc1a\ud835\udc2b &amp; \ud835\udc1c\ud835\udc22\ud835\udc1a","isPartOf":{"@id":"https:\/\/shop.bazarcia.com\/#website"},"primaryImageOfPage":{"@id":"https:\/\/shop.bazarcia.com\/produto\/matrizes-de-bordado-gatinha-projeto-porta-laco-pre-venda\/#primaryimage"},"image":{"@id":"https:\/\/shop.bazarcia.com\/produto\/matrizes-de-bordado-gatinha-projeto-porta-laco-pre-venda\/#primaryimage"},"thumbnailUrl":"https:\/\/shop.bazarcia.com\/wp-content\/uploads\/2020\/08\/2-1.jpg","datePublished":"2020-07-01T19:51:16+00:00","dateModified":"2024-09-14T17:51:55+00:00","description":"Please provide a meta description by editing the snippet below. If you don\u2019t, Google will try to find a relevant part of your post to show in the search results.","breadcrumb":{"@id":"https:\/\/shop.bazarcia.com\/produto\/matrizes-de-bordado-gatinha-projeto-porta-laco-pre-venda\/#breadcrumb"},"inLanguage":"en-US","potentialAction":[{"@type":"ReadAction","target":["https:\/\/shop.bazarcia.com\/produto\/matrizes-de-bordado-gatinha-projeto-porta-laco-pre-venda\/"]}]},{"@type":"ImageObject","inLanguage":"en-US","@id":"https:\/\/shop.bazarcia.com\/produto\/matrizes-de-bordado-gatinha-projeto-porta-laco-pre-venda\/#primaryimage","url":"https:\/\/shop.bazarcia.com\/wp-content\/uploads\/2020\/08\/2-1.jpg","contentUrl":"https:\/\/shop.bazarcia.com\/wp-content\/uploads\/2020\/08\/2-1.jpg","width":960,"height":960},{"@type":"BreadcrumbList","@id":"https:\/\/shop.bazarcia.com\/produto\/matrizes-de-bordado-gatinha-projeto-porta-laco-pre-venda\/#breadcrumb","itemListElement":[{"@type":"ListItem","position":1,"name":"In\u00edcio","item":"https:\/\/shop.bazarcia.com\/"},{"@type":"ListItem","position":2,"name":"Loja","item":"https:\/\/shop.bazarcia.com\/loja\/"},{"@type":"ListItem","position":3,"name":"Matrizes de Bordado e Projetos na Bordadeira &#8211; Gatinha &#8211; Projeto Porta La\u00e7os"}]},{"@type":"WebSite","@id":"https:\/\/shop.bazarcia.com\/#website","url":"https:\/\/shop.bazarcia.com\/","name":"Bazar & Cia","description":"criatividade ponto a ponto","publisher":{"@id":"https:\/\/shop.bazarcia.com\/#organization"},"potentialAction":[{"@type":"SearchAction","target":{"@type":"EntryPoint","urlTemplate":"https:\/\/shop.bazarcia.com\/?s={search_term_string}"},"query-input":{"@type":"PropertyValueSpecification","valueRequired":true,"valueName":"search_term_string"}}],"inLanguage":"en-US"},{"@type":"Organization","@id":"https:\/\/shop.bazarcia.com\/#organization","name":"Bazar & Cia","url":"https:\/\/shop.bazarcia.com\/","logo":{"@type":"ImageObject","inLanguage":"en-US","@id":"https:\/\/shop.bazarcia.com\/#\/schema\/logo\/image\/","url":"https:\/\/shop.bazarcia.com\/wp-content\/uploads\/2024\/02\/cropped-logo_bazarcia.png","contentUrl":"https:\/\/shop.bazarcia.com\/wp-content\/uploads\/2024\/02\/cropped-logo_bazarcia.png","width":150,"height":150,"caption":"Bazar & Cia"},"image":{"@id":"https:\/\/shop.bazarcia.com\/#\/schema\/logo\/image\/"},"sameAs":["https:\/\/www.facebook.com\/shopbazarcia","https:\/\/www.instagram.com\/shopbazarcia","https:\/\/br.pinterest.com\/suzane_eloise\/","https:\/\/www.youtube.com\/c\/BazardoBordadoMatrizeseProjetos"]}]}},"_links":{"self":[{"href":"https:\/\/shop.bazarcia.com\/en\/wp-json\/wp\/v2\/product\/36231","targetHints":{"allow":["GET"]}}],"collection":[{"href":"https:\/\/shop.bazarcia.com\/en\/wp-json\/wp\/v2\/product"}],"about":[{"href":"https:\/\/shop.bazarcia.com\/en\/wp-json\/wp\/v2\/types\/product"}],"replies":[{"embeddable":true,"href":"https:\/\/shop.bazarcia.com\/en\/wp-json\/wp\/v2\/comments?post=36231"}],"version-history":[{"count":2,"href":"https:\/\/shop.bazarcia.com\/en\/wp-json\/wp\/v2\/product\/36231\/revisions"}],"predecessor-version":[{"id":284877,"href":"https:\/\/shop.bazarcia.com\/en\/wp-json\/wp\/v2\/product\/36231\/revisions\/284877"}],"wp:featuredmedia":[{"embeddable":true,"href":"https:\/\/shop.bazarcia.com\/en\/wp-json\/wp\/v2\/media\/44730"}],"wp:attachment":[{"href":"https:\/\/shop.bazarcia.com\/en\/wp-json\/wp\/v2\/media?parent=36231"}],"wp:term":[{"taxonomy":"product_brand","embeddable":true,"href":"https:\/\/shop.bazarcia.com\/en\/wp-json\/wp\/v2\/product_brand?post=36231"},{"taxonomy":"product_cat","embeddable":true,"href":"https:\/\/shop.bazarcia.com\/en\/wp-json\/wp\/v2\/product_cat?post=36231"},{"taxonomy":"product_tag","embeddable":true,"href":"https:\/\/shop.bazarcia.com\/en\/wp-json\/wp\/v2\/product_tag?post=36231"}],"curies":[{"name":"wp","href":"https:\/\/api.w.org\/{rel}","templated":true}]}}