{"id":363066,"date":"2026-01-13T12:05:34","date_gmt":"2026-01-13T15:05:34","guid":{"rendered":"https:\/\/shop.bazarcia.com\/?post_type=product&#038;p=363066"},"modified":"2026-03-01T11:51:36","modified_gmt":"2026-03-01T14:51:36","slug":"nome-personalizado-baby-urso","status":"publish","type":"product","link":"https:\/\/shop.bazarcia.com\/en\/product\/nome-personalizado-baby-urso\/","title":{"rendered":"Matriz para Bordado Nome Personalizado -Baby (Pontos Leves) Urso"},"content":{"rendered":"<p data-start=\"223\" data-end=\"378\">Este produto \u00e9 um <strong data-start=\"241\" data-end=\"311\">servi\u00e7o de personaliza\u00e7\u00e3o de nome na matriz de bordado \u201cBaby Urso\u201d<\/strong>, j\u00e1 pronta, no qual apenas o nome e a inicial \u00e9 adaptado conforme sua escolha.<\/p>\n<p data-start=\"380\" data-end=\"612\">Ap\u00f3s a compra, voc\u00ea dever\u00e1 informar:<br data-start=\"416\" data-end=\"419\" \/>\u2022 O nome exatamente como deseja (com acentos e mai\u00fasculas, se houver)<br data-start=\"488\" data-end=\"491\" \/>\u2022 O tamanho desejado (em cm ou conforme o bastidor)<br data-start=\"542\" data-end=\"545\" \/>\u2022 O formato do arquivo para sua m\u00e1quina<\/p>\n<p data-start=\"380\" data-end=\"612\">Caso deseje mais de um nome coloque no carrinho a quantidade desejada e enviei os nomes que deseja.<\/p>\n<p data-start=\"614\" data-end=\"805\">Com base nessas informa\u00e7\u00f5es, eu aplicarei o nome escolhido na matriz do ursinho, ajustando propor\u00e7\u00e3o, espa\u00e7amento e leitura do nome para garantir um resultado bonito e equilibrado no bordado.<\/p>\n<p data-start=\"807\" data-end=\"967\">\u23f3 Prazo de produ\u00e7\u00e3o: at\u00e9 1 dias \u00fateis ap\u00f3s o envio de todas as informa\u00e7\u00f5es.<br data-start=\"882\" data-end=\"885\" \/>\u26a0\ufe0f Por se tratar de um produto personalizado, n\u00e3o \u00e9 poss\u00edvel cancelamento, troca ou reembolso ap\u00f3s o in\u00edcio da personaliza\u00e7\u00e3o.<\/p>\n<p data-start=\"1097\" data-end=\"1217\">Este servi\u00e7o \u00e9 ideal para enxovais de beb\u00ea, toalhas, fraldinhas, mantas, bodies e pe\u00e7as infantis feitas com carinho \ud83d\udc97\ud83e\uddf8<\/p>\n<p data-start=\"1219\" data-end=\"1379\"><strong data-start=\"1219\" data-end=\"1307\">Ao finalizar a compra, na nota do seu pedido voc\u00ea pode escrever os nomes que deseja.<\/strong><br data-start=\"1307\" data-end=\"1310\" \/><strong data-start=\"1310\" data-end=\"1379\">Voc\u00ea tamb\u00e9m pode nos chamar no WhatsApp do Bazar: (62) 99351-7244<\/strong><\/p>\n<p data-start=\"1219\" data-end=\"1379\"><a href=\"https:\/\/shop.bazarcia.com\/en\/store\/damel-programacao-de-bordados\/toc\/\">Termos e Condi\u00e7\u00f5es<\/a><\/p>","protected":false},"excerpt":{"rendered":"<p data-start=\"367\" data-end=\"601\">Voc\u00ea est\u00e1 adquirindo um <strong data-start=\"391\" data-end=\"450\">servi\u00e7o de personaliza\u00e7\u00e3o de nome na matriz \u201cBaby Urso\u201d<\/strong>.<br data-start=\"451\" data-end=\"454\" \/>Ap\u00f3s a compra, voc\u00ea informa o nome desejado, o tamanho e o formato do arquivo, e eu preparo a matriz com o nome aplicado especialmente para voc\u00ea \ud83d\udc97<\/p>\n<p data-start=\"603\" data-end=\"663\">A matriz do ursinho \u00e9 fixa \u2014 o que \u00e9 personalizado \u00e9 o nome e a inicial.<\/p>\n<p data-start=\"603\" data-end=\"663\"><strong data-start=\"1219\" data-end=\"1307\">Ao finalizar a compra, na nota do seu pedido voc\u00ea pode escrever os nomes que deseja.<\/strong><br data-start=\"1307\" data-end=\"1310\" \/><strong data-start=\"1310\" data-end=\"1379\">Voc\u00ea tamb\u00e9m pode nos chamar no WhatsApp do Bazar: (62) 99351-7244<\/strong><\/p>","protected":false},"featured_media":363067,"comment_status":"open","ping_status":"closed","template":"","meta":{"_acf_changed":false,"_joinchat":[]},"product_brand":[],"product_cat":[84,1949,1318],"product_tag":[1431,1433,1430,1432],"class_list":{"0":"post-363066","1":"product","2":"type-product","3":"status-publish","4":"has-post-thumbnail","6":"product_cat-matrizes-de-bordado","7":"product_cat-matrizes-de-nomes-sob-encomenda-nomes-para-bordar","8":"product_cat-matrizes-de-bordado-sob-encomenda","9":"product_tag-bordado-computadorizado","10":"product_tag-bordado-eletronico","11":"product_tag-matriz-de-bordado","12":"product_tag-matrizes-de-bordado","14":"first","15":"instock","16":"sale","17":"downloadable","18":"virtual","19":"purchasable","20":"product-type-simple"},"acf":[],"yoast_head":"<!-- This site is optimized with the Yoast SEO plugin v27.2 - https:\/\/yoast.com\/product\/yoast-seo-wordpress\/ -->\n<title>Matriz para Bordado Nome Personalizado -Baby (Pontos Leves) Urso - \ud835\udc1b\ud835\udc1a\ud835\udc33\ud835\udc1a\ud835\udc2b &amp; \ud835\udc1c\ud835\udc22\ud835\udc1a<\/title>\n<meta name=\"robots\" content=\"index, follow, max-snippet:-1, max-image-preview:large, max-video-preview:-1\" \/>\n<link rel=\"canonical\" href=\"https:\/\/shop.bazarcia.com\/en\/product\/nome-personalizado-baby-urso\/\" \/>\n<meta property=\"og:locale\" content=\"en_US\" \/>\n<meta property=\"og:type\" content=\"article\" \/>\n<meta property=\"og:title\" content=\"Matriz para Bordado Nome Personalizado -Baby (Pontos Leves) Urso - \ud835\udc1b\ud835\udc1a\ud835\udc33\ud835\udc1a\ud835\udc2b &amp; \ud835\udc1c\ud835\udc22\ud835\udc1a\" \/>\n<meta property=\"og:description\" content=\"Voc\u00ea est\u00e1 adquirindo um servi\u00e7o de personaliza\u00e7\u00e3o de nome na matriz \u201cBaby Urso\u201d.Ap\u00f3s a compra, voc\u00ea informa o nome desejado, o tamanho e o formato do arquivo, e eu preparo a matriz com o nome aplicado especialmente para voc\u00ea \ud83d\udc97 A matriz do ursinho \u00e9 fixa \u2014 o que \u00e9 personalizado \u00e9 o nome e a inicial. Ao finalizar a compra, na nota do seu pedido voc\u00ea pode escrever os nomes que deseja.Voc\u00ea tamb\u00e9m pode nos chamar no WhatsApp do Bazar: (62) 99351-7244\" \/>\n<meta property=\"og:url\" content=\"https:\/\/shop.bazarcia.com\/en\/product\/nome-personalizado-baby-urso\/\" \/>\n<meta property=\"og:site_name\" content=\"\ud835\udc1b\ud835\udc1a\ud835\udc33\ud835\udc1a\ud835\udc2b &amp; \ud835\udc1c\ud835\udc22\ud835\udc1a\" \/>\n<meta property=\"article:publisher\" content=\"https:\/\/www.facebook.com\/shopbazarcia\" \/>\n<meta property=\"article:modified_time\" content=\"2026-03-01T14:51:36+00:00\" \/>\n<meta property=\"og:image\" content=\"https:\/\/shop.bazarcia.com\/wp-content\/uploads\/2026\/01\/alfabeto-personalizado-baby-urso-1.png\" \/>\n\t<meta property=\"og:image:width\" content=\"1080\" \/>\n\t<meta property=\"og:image:height\" content=\"1080\" \/>\n\t<meta property=\"og:image:type\" content=\"image\/png\" \/>\n<meta name=\"twitter:card\" content=\"summary_large_image\" \/>\n<meta name=\"twitter:label1\" content=\"Est. reading time\" \/>\n\t<meta name=\"twitter:data1\" content=\"1 minute\" \/>\n<script type=\"application\/ld+json\" class=\"yoast-schema-graph\">{\"@context\":\"https:\/\/schema.org\",\"@graph\":[{\"@type\":\"WebPage\",\"@id\":\"https:\/\/shop.bazarcia.com\/produto\/nome-personalizado-baby-urso\/\",\"url\":\"https:\/\/shop.bazarcia.com\/produto\/nome-personalizado-baby-urso\/\",\"name\":\"Matriz para Bordado Nome Personalizado -Baby (Pontos Leves) Urso - \ud835\udc1b\ud835\udc1a\ud835\udc33\ud835\udc1a\ud835\udc2b &amp; \ud835\udc1c\ud835\udc22\ud835\udc1a\",\"isPartOf\":{\"@id\":\"https:\/\/shop.bazarcia.com\/#website\"},\"primaryImageOfPage\":{\"@id\":\"https:\/\/shop.bazarcia.com\/produto\/nome-personalizado-baby-urso\/#primaryimage\"},\"image\":{\"@id\":\"https:\/\/shop.bazarcia.com\/produto\/nome-personalizado-baby-urso\/#primaryimage\"},\"thumbnailUrl\":\"https:\/\/shop.bazarcia.com\/wp-content\/uploads\/2026\/01\/alfabeto-personalizado-baby-urso-1.png\",\"datePublished\":\"2026-01-13T15:05:34+00:00\",\"dateModified\":\"2026-03-01T14:51:36+00:00\",\"breadcrumb\":{\"@id\":\"https:\/\/shop.bazarcia.com\/produto\/nome-personalizado-baby-urso\/#breadcrumb\"},\"inLanguage\":\"en-US\",\"potentialAction\":[{\"@type\":\"ReadAction\",\"target\":[\"https:\/\/shop.bazarcia.com\/produto\/nome-personalizado-baby-urso\/\"]}]},{\"@type\":\"ImageObject\",\"inLanguage\":\"en-US\",\"@id\":\"https:\/\/shop.bazarcia.com\/produto\/nome-personalizado-baby-urso\/#primaryimage\",\"url\":\"https:\/\/shop.bazarcia.com\/wp-content\/uploads\/2026\/01\/alfabeto-personalizado-baby-urso-1.png\",\"contentUrl\":\"https:\/\/shop.bazarcia.com\/wp-content\/uploads\/2026\/01\/alfabeto-personalizado-baby-urso-1.png\",\"width\":1080,\"height\":1080},{\"@type\":\"BreadcrumbList\",\"@id\":\"https:\/\/shop.bazarcia.com\/produto\/nome-personalizado-baby-urso\/#breadcrumb\",\"itemListElement\":[{\"@type\":\"ListItem\",\"position\":1,\"name\":\"In\u00edcio\",\"item\":\"https:\/\/shop.bazarcia.com\/\"},{\"@type\":\"ListItem\",\"position\":2,\"name\":\"Loja\",\"item\":\"https:\/\/shop.bazarcia.com\/loja\/\"},{\"@type\":\"ListItem\",\"position\":3,\"name\":\"Matriz para Bordado Nome Personalizado -Baby (Pontos Leves) Urso\"}]},{\"@type\":\"WebSite\",\"@id\":\"https:\/\/shop.bazarcia.com\/#website\",\"url\":\"https:\/\/shop.bazarcia.com\/\",\"name\":\"Bazar & Cia\",\"description\":\"criatividade ponto a ponto\",\"publisher\":{\"@id\":\"https:\/\/shop.bazarcia.com\/#organization\"},\"potentialAction\":[{\"@type\":\"SearchAction\",\"target\":{\"@type\":\"EntryPoint\",\"urlTemplate\":\"https:\/\/shop.bazarcia.com\/?s={search_term_string}\"},\"query-input\":{\"@type\":\"PropertyValueSpecification\",\"valueRequired\":true,\"valueName\":\"search_term_string\"}}],\"inLanguage\":\"en-US\"},{\"@type\":\"Organization\",\"@id\":\"https:\/\/shop.bazarcia.com\/#organization\",\"name\":\"Bazar & Cia\",\"url\":\"https:\/\/shop.bazarcia.com\/\",\"logo\":{\"@type\":\"ImageObject\",\"inLanguage\":\"en-US\",\"@id\":\"https:\/\/shop.bazarcia.com\/#\/schema\/logo\/image\/\",\"url\":\"https:\/\/shop.bazarcia.com\/wp-content\/uploads\/2024\/02\/cropped-logo_bazarcia.png\",\"contentUrl\":\"https:\/\/shop.bazarcia.com\/wp-content\/uploads\/2024\/02\/cropped-logo_bazarcia.png\",\"width\":150,\"height\":150,\"caption\":\"Bazar & Cia\"},\"image\":{\"@id\":\"https:\/\/shop.bazarcia.com\/#\/schema\/logo\/image\/\"},\"sameAs\":[\"https:\/\/www.facebook.com\/shopbazarcia\",\"https:\/\/www.instagram.com\/shopbazarcia\",\"https:\/\/br.pinterest.com\/suzane_eloise\/\",\"https:\/\/www.youtube.com\/c\/BazardoBordadoMatrizeseProjetos\"]}]}<\/script>\n<!-- \/ Yoast SEO plugin. -->","yoast_head_json":{"title":"Matriz para Bordado Nome Personalizado -Baby (Pontos Leves) Urso - \ud835\udc1b\ud835\udc1a\ud835\udc33\ud835\udc1a\ud835\udc2b &amp; \ud835\udc1c\ud835\udc22\ud835\udc1a","robots":{"index":"index","follow":"follow","max-snippet":"max-snippet:-1","max-image-preview":"max-image-preview:large","max-video-preview":"max-video-preview:-1"},"canonical":"https:\/\/shop.bazarcia.com\/en\/product\/nome-personalizado-baby-urso\/","og_locale":"en_US","og_type":"article","og_title":"Matriz para Bordado Nome Personalizado -Baby (Pontos Leves) Urso - \ud835\udc1b\ud835\udc1a\ud835\udc33\ud835\udc1a\ud835\udc2b &amp; \ud835\udc1c\ud835\udc22\ud835\udc1a","og_description":"Voc\u00ea est\u00e1 adquirindo um servi\u00e7o de personaliza\u00e7\u00e3o de nome na matriz \u201cBaby Urso\u201d.Ap\u00f3s a compra, voc\u00ea informa o nome desejado, o tamanho e o formato do arquivo, e eu preparo a matriz com o nome aplicado especialmente para voc\u00ea \ud83d\udc97 A matriz do ursinho \u00e9 fixa \u2014 o que \u00e9 personalizado \u00e9 o nome e a inicial. Ao finalizar a compra, na nota do seu pedido voc\u00ea pode escrever os nomes que deseja.Voc\u00ea tamb\u00e9m pode nos chamar no WhatsApp do Bazar: (62) 99351-7244","og_url":"https:\/\/shop.bazarcia.com\/en\/product\/nome-personalizado-baby-urso\/","og_site_name":"\ud835\udc1b\ud835\udc1a\ud835\udc33\ud835\udc1a\ud835\udc2b &amp; \ud835\udc1c\ud835\udc22\ud835\udc1a","article_publisher":"https:\/\/www.facebook.com\/shopbazarcia","article_modified_time":"2026-03-01T14:51:36+00:00","og_image":[{"width":1080,"height":1080,"url":"https:\/\/shop.bazarcia.com\/wp-content\/uploads\/2026\/01\/alfabeto-personalizado-baby-urso-1.png","type":"image\/png"}],"twitter_card":"summary_large_image","twitter_misc":{"Est. reading time":"1 minute"},"schema":{"@context":"https:\/\/schema.org","@graph":[{"@type":"WebPage","@id":"https:\/\/shop.bazarcia.com\/produto\/nome-personalizado-baby-urso\/","url":"https:\/\/shop.bazarcia.com\/produto\/nome-personalizado-baby-urso\/","name":"Matriz para Bordado Nome Personalizado -Baby (Pontos Leves) Urso - \ud835\udc1b\ud835\udc1a\ud835\udc33\ud835\udc1a\ud835\udc2b &amp; \ud835\udc1c\ud835\udc22\ud835\udc1a","isPartOf":{"@id":"https:\/\/shop.bazarcia.com\/#website"},"primaryImageOfPage":{"@id":"https:\/\/shop.bazarcia.com\/produto\/nome-personalizado-baby-urso\/#primaryimage"},"image":{"@id":"https:\/\/shop.bazarcia.com\/produto\/nome-personalizado-baby-urso\/#primaryimage"},"thumbnailUrl":"https:\/\/shop.bazarcia.com\/wp-content\/uploads\/2026\/01\/alfabeto-personalizado-baby-urso-1.png","datePublished":"2026-01-13T15:05:34+00:00","dateModified":"2026-03-01T14:51:36+00:00","breadcrumb":{"@id":"https:\/\/shop.bazarcia.com\/produto\/nome-personalizado-baby-urso\/#breadcrumb"},"inLanguage":"en-US","potentialAction":[{"@type":"ReadAction","target":["https:\/\/shop.bazarcia.com\/produto\/nome-personalizado-baby-urso\/"]}]},{"@type":"ImageObject","inLanguage":"en-US","@id":"https:\/\/shop.bazarcia.com\/produto\/nome-personalizado-baby-urso\/#primaryimage","url":"https:\/\/shop.bazarcia.com\/wp-content\/uploads\/2026\/01\/alfabeto-personalizado-baby-urso-1.png","contentUrl":"https:\/\/shop.bazarcia.com\/wp-content\/uploads\/2026\/01\/alfabeto-personalizado-baby-urso-1.png","width":1080,"height":1080},{"@type":"BreadcrumbList","@id":"https:\/\/shop.bazarcia.com\/produto\/nome-personalizado-baby-urso\/#breadcrumb","itemListElement":[{"@type":"ListItem","position":1,"name":"In\u00edcio","item":"https:\/\/shop.bazarcia.com\/"},{"@type":"ListItem","position":2,"name":"Loja","item":"https:\/\/shop.bazarcia.com\/loja\/"},{"@type":"ListItem","position":3,"name":"Matriz para Bordado Nome Personalizado -Baby (Pontos Leves) Urso"}]},{"@type":"WebSite","@id":"https:\/\/shop.bazarcia.com\/#website","url":"https:\/\/shop.bazarcia.com\/","name":"Bazar & Cia","description":"criatividade ponto a ponto","publisher":{"@id":"https:\/\/shop.bazarcia.com\/#organization"},"potentialAction":[{"@type":"SearchAction","target":{"@type":"EntryPoint","urlTemplate":"https:\/\/shop.bazarcia.com\/?s={search_term_string}"},"query-input":{"@type":"PropertyValueSpecification","valueRequired":true,"valueName":"search_term_string"}}],"inLanguage":"en-US"},{"@type":"Organization","@id":"https:\/\/shop.bazarcia.com\/#organization","name":"Bazar & Cia","url":"https:\/\/shop.bazarcia.com\/","logo":{"@type":"ImageObject","inLanguage":"en-US","@id":"https:\/\/shop.bazarcia.com\/#\/schema\/logo\/image\/","url":"https:\/\/shop.bazarcia.com\/wp-content\/uploads\/2024\/02\/cropped-logo_bazarcia.png","contentUrl":"https:\/\/shop.bazarcia.com\/wp-content\/uploads\/2024\/02\/cropped-logo_bazarcia.png","width":150,"height":150,"caption":"Bazar & Cia"},"image":{"@id":"https:\/\/shop.bazarcia.com\/#\/schema\/logo\/image\/"},"sameAs":["https:\/\/www.facebook.com\/shopbazarcia","https:\/\/www.instagram.com\/shopbazarcia","https:\/\/br.pinterest.com\/suzane_eloise\/","https:\/\/www.youtube.com\/c\/BazardoBordadoMatrizeseProjetos"]}]}},"_links":{"self":[{"href":"https:\/\/shop.bazarcia.com\/en\/wp-json\/wp\/v2\/product\/363066","targetHints":{"allow":["GET"]}}],"collection":[{"href":"https:\/\/shop.bazarcia.com\/en\/wp-json\/wp\/v2\/product"}],"about":[{"href":"https:\/\/shop.bazarcia.com\/en\/wp-json\/wp\/v2\/types\/product"}],"replies":[{"embeddable":true,"href":"https:\/\/shop.bazarcia.com\/en\/wp-json\/wp\/v2\/comments?post=363066"}],"version-history":[{"count":6,"href":"https:\/\/shop.bazarcia.com\/en\/wp-json\/wp\/v2\/product\/363066\/revisions"}],"predecessor-version":[{"id":365300,"href":"https:\/\/shop.bazarcia.com\/en\/wp-json\/wp\/v2\/product\/363066\/revisions\/365300"}],"wp:featuredmedia":[{"embeddable":true,"href":"https:\/\/shop.bazarcia.com\/en\/wp-json\/wp\/v2\/media\/363067"}],"wp:attachment":[{"href":"https:\/\/shop.bazarcia.com\/en\/wp-json\/wp\/v2\/media?parent=363066"}],"wp:term":[{"taxonomy":"product_brand","embeddable":true,"href":"https:\/\/shop.bazarcia.com\/en\/wp-json\/wp\/v2\/product_brand?post=363066"},{"taxonomy":"product_cat","embeddable":true,"href":"https:\/\/shop.bazarcia.com\/en\/wp-json\/wp\/v2\/product_cat?post=363066"},{"taxonomy":"product_tag","embeddable":true,"href":"https:\/\/shop.bazarcia.com\/en\/wp-json\/wp\/v2\/product_tag?post=363066"}],"curies":[{"name":"wp","href":"https:\/\/api.w.org\/{rel}","templated":true}]}}