{"id":365773,"date":"2026-02-02T17:18:13","date_gmt":"2026-02-02T20:18:13","guid":{"rendered":"https:\/\/shop.bazarcia.com\/?post_type=product&#038;p=365773"},"modified":"2026-02-02T17:28:29","modified_gmt":"2026-02-02T20:28:29","slug":"matriz-de-bordado-hora-do-soninho-elefantinha","status":"publish","type":"product","link":"https:\/\/shop.bazarcia.com\/en\/product\/matriz-de-bordado-hora-do-soninho-elefantinha\/","title":{"rendered":"Matriz de Bordado Saf\u00e1ri Hora do Soninho &#8211; Elefantinha (Pontos Leves)"},"content":{"rendered":"<p data-start=\"587\" data-end=\"822\">A elefantinha aparece em um momento de descanso, transmitindo calma, do\u00e7ura e aconchego. Seus tra\u00e7os suaves e express\u00e3o serena tornam essa matriz ideal para projetos infantis delicados, criando um bordado encantador e cheio de ternura.<\/p>\n<p data-start=\"824\" data-end=\"1061\">Dispon\u00edvel nos tamanhos <strong data-start=\"848\" data-end=\"879\">10cm, 11cm e 13cm de altura<\/strong>, com pontos leves, excelente defini\u00e7\u00e3o e acabamento limpo. Compat\u00edvel com os formatos <strong data-start=\"966\" data-end=\"994\">EXP, DST, XXX, PES e JEF<\/strong>, ideal para fraldas, toalhas, mantas, naninhas e kits maternidade.<\/p>\n<p data-start=\"824\" data-end=\"1061\"><a href=\"https:\/\/shop.bazarcia.com\/en\/store\/damel-programacao-de-bordados\/toc\/\">Termos e Uso<\/a><\/p>","protected":false},"excerpt":{"rendered":"<p data-start=\"243\" data-end=\"571\">\ud83d\udc18\ud83d\udc18A elefantinhadormindo transmite calma, do\u00e7ura e aconchego, ideal para composi\u00e7\u00f5es infantis delicadas. Seu rostinho sereno e os tra\u00e7os suaves tornam essa matriz perfeita para pe\u00e7as de beb\u00ea, trazendo um visual acolhedor e encantador.<br data-start=\"475\" data-end=\"478\" \/>Dispon\u00edvel nos tamanhos <strong data-start=\"502\" data-end=\"533\">10cm, 11cm e 13cm de altura<\/strong>, com pontos leves e acabamento limpo.<\/p>\n<p data-start=\"243\" data-end=\"571\">Gostou desta matriz? Conhe\u00e7a a cole\u00e7\u00e3o completa <a href=\"https:\/\/shop.bazarcia.com\/en\/product\/colecao-matriz-de-bordado-safari-hora-do-soninho-pontos-leves\/\">AQUI<\/a>.<\/p>","protected":false},"featured_media":365740,"comment_status":"open","ping_status":"closed","template":"","meta":{"_acf_changed":false,"_joinchat":[]},"product_brand":[],"product_cat":[122,1208,187,84,312],"product_tag":[1170,1431,1433,1280,1430,1432],"class_list":{"0":"post-365773","1":"product","2":"type-product","3":"status-publish","4":"has-post-thumbnail","6":"product_cat-matrizes-de-bordado-animais","7":"product_cat-cute-kawaii","8":"product_cat-elefantinhos","9":"product_cat-matrizes-de-bordado","10":"product_cat-matrizes-pontos-leves","11":"product_tag-bordado","12":"product_tag-bordado-computadorizado","13":"product_tag-bordado-eletronico","14":"product_tag-bordar","15":"product_tag-matriz-de-bordado","16":"product_tag-matrizes-de-bordado","18":"first","19":"instock","20":"downloadable","21":"virtual","22":"purchasable","23":"product-type-simple"},"acf":[],"yoast_head":"<!-- This site is optimized with the Yoast SEO plugin v27.2 - https:\/\/yoast.com\/product\/yoast-seo-wordpress\/ -->\n<title>Matriz de Bordado Saf\u00e1ri Hora do Soninho - Elefantinha (Pontos Leves) - \ud835\udc1b\ud835\udc1a\ud835\udc33\ud835\udc1a\ud835\udc2b &amp; \ud835\udc1c\ud835\udc22\ud835\udc1a<\/title>\n<meta name=\"robots\" content=\"index, follow, max-snippet:-1, max-image-preview:large, max-video-preview:-1\" \/>\n<link rel=\"canonical\" href=\"https:\/\/shop.bazarcia.com\/en\/product\/matriz-de-bordado-hora-do-soninho-elefantinha\/\" \/>\n<meta property=\"og:locale\" content=\"en_US\" \/>\n<meta property=\"og:type\" content=\"article\" \/>\n<meta property=\"og:title\" content=\"Matriz de Bordado Saf\u00e1ri Hora do Soninho - Elefantinha (Pontos Leves) - \ud835\udc1b\ud835\udc1a\ud835\udc33\ud835\udc1a\ud835\udc2b &amp; \ud835\udc1c\ud835\udc22\ud835\udc1a\" \/>\n<meta property=\"og:description\" content=\"\ud83d\udc18\ud83d\udc18A elefantinhadormindo transmite calma, do\u00e7ura e aconchego, ideal para composi\u00e7\u00f5es infantis delicadas. Seu rostinho sereno e os tra\u00e7os suaves tornam essa matriz perfeita para pe\u00e7as de beb\u00ea, trazendo um visual acolhedor e encantador.Dispon\u00edvel nos tamanhos 10cm, 11cm e 13cm de altura, com pontos leves e acabamento limpo. Gostou desta matriz? Conhe\u00e7a a cole\u00e7\u00e3o completa AQUI.\" \/>\n<meta property=\"og:url\" content=\"https:\/\/shop.bazarcia.com\/en\/product\/matriz-de-bordado-hora-do-soninho-elefantinha\/\" \/>\n<meta property=\"og:site_name\" content=\"\ud835\udc1b\ud835\udc1a\ud835\udc33\ud835\udc1a\ud835\udc2b &amp; \ud835\udc1c\ud835\udc22\ud835\udc1a\" \/>\n<meta property=\"article:publisher\" content=\"https:\/\/www.facebook.com\/shopbazarcia\" \/>\n<meta property=\"article:modified_time\" content=\"2026-02-02T20:28:29+00:00\" \/>\n<meta property=\"og:image\" content=\"https:\/\/shop.bazarcia.com\/wp-content\/uploads\/2026\/02\/safari-dormindo-elefante.png\" \/>\n\t<meta property=\"og:image:width\" content=\"1080\" \/>\n\t<meta property=\"og:image:height\" content=\"1080\" \/>\n\t<meta property=\"og:image:type\" content=\"image\/png\" \/>\n<meta name=\"twitter:card\" content=\"summary_large_image\" \/>\n<script type=\"application\/ld+json\" class=\"yoast-schema-graph\">{\"@context\":\"https:\/\/schema.org\",\"@graph\":[{\"@type\":\"WebPage\",\"@id\":\"https:\/\/shop.bazarcia.com\/produto\/matriz-de-bordado-hora-do-soninho-elefantinha\/\",\"url\":\"https:\/\/shop.bazarcia.com\/produto\/matriz-de-bordado-hora-do-soninho-elefantinha\/\",\"name\":\"Matriz de Bordado Saf\u00e1ri Hora do Soninho - Elefantinha (Pontos Leves) - \ud835\udc1b\ud835\udc1a\ud835\udc33\ud835\udc1a\ud835\udc2b &amp; \ud835\udc1c\ud835\udc22\ud835\udc1a\",\"isPartOf\":{\"@id\":\"https:\/\/shop.bazarcia.com\/#website\"},\"primaryImageOfPage\":{\"@id\":\"https:\/\/shop.bazarcia.com\/produto\/matriz-de-bordado-hora-do-soninho-elefantinha\/#primaryimage\"},\"image\":{\"@id\":\"https:\/\/shop.bazarcia.com\/produto\/matriz-de-bordado-hora-do-soninho-elefantinha\/#primaryimage\"},\"thumbnailUrl\":\"https:\/\/shop.bazarcia.com\/wp-content\/uploads\/2026\/02\/safari-dormindo-elefante.png\",\"datePublished\":\"2026-02-02T20:18:13+00:00\",\"dateModified\":\"2026-02-02T20:28:29+00:00\",\"breadcrumb\":{\"@id\":\"https:\/\/shop.bazarcia.com\/produto\/matriz-de-bordado-hora-do-soninho-elefantinha\/#breadcrumb\"},\"inLanguage\":\"en-US\",\"potentialAction\":[{\"@type\":\"ReadAction\",\"target\":[\"https:\/\/shop.bazarcia.com\/produto\/matriz-de-bordado-hora-do-soninho-elefantinha\/\"]}]},{\"@type\":\"ImageObject\",\"inLanguage\":\"en-US\",\"@id\":\"https:\/\/shop.bazarcia.com\/produto\/matriz-de-bordado-hora-do-soninho-elefantinha\/#primaryimage\",\"url\":\"https:\/\/shop.bazarcia.com\/wp-content\/uploads\/2026\/02\/safari-dormindo-elefante.png\",\"contentUrl\":\"https:\/\/shop.bazarcia.com\/wp-content\/uploads\/2026\/02\/safari-dormindo-elefante.png\",\"width\":1080,\"height\":1080},{\"@type\":\"BreadcrumbList\",\"@id\":\"https:\/\/shop.bazarcia.com\/produto\/matriz-de-bordado-hora-do-soninho-elefantinha\/#breadcrumb\",\"itemListElement\":[{\"@type\":\"ListItem\",\"position\":1,\"name\":\"In\u00edcio\",\"item\":\"https:\/\/shop.bazarcia.com\/\"},{\"@type\":\"ListItem\",\"position\":2,\"name\":\"Loja\",\"item\":\"https:\/\/shop.bazarcia.com\/loja\/\"},{\"@type\":\"ListItem\",\"position\":3,\"name\":\"Matriz de Bordado Saf\u00e1ri Hora do Soninho &#8211; Elefantinha (Pontos Leves)\"}]},{\"@type\":\"WebSite\",\"@id\":\"https:\/\/shop.bazarcia.com\/#website\",\"url\":\"https:\/\/shop.bazarcia.com\/\",\"name\":\"Bazar & Cia\",\"description\":\"criatividade ponto a ponto\",\"publisher\":{\"@id\":\"https:\/\/shop.bazarcia.com\/#organization\"},\"potentialAction\":[{\"@type\":\"SearchAction\",\"target\":{\"@type\":\"EntryPoint\",\"urlTemplate\":\"https:\/\/shop.bazarcia.com\/?s={search_term_string}\"},\"query-input\":{\"@type\":\"PropertyValueSpecification\",\"valueRequired\":true,\"valueName\":\"search_term_string\"}}],\"inLanguage\":\"en-US\"},{\"@type\":\"Organization\",\"@id\":\"https:\/\/shop.bazarcia.com\/#organization\",\"name\":\"Bazar & Cia\",\"url\":\"https:\/\/shop.bazarcia.com\/\",\"logo\":{\"@type\":\"ImageObject\",\"inLanguage\":\"en-US\",\"@id\":\"https:\/\/shop.bazarcia.com\/#\/schema\/logo\/image\/\",\"url\":\"https:\/\/shop.bazarcia.com\/wp-content\/uploads\/2024\/02\/cropped-logo_bazarcia.png\",\"contentUrl\":\"https:\/\/shop.bazarcia.com\/wp-content\/uploads\/2024\/02\/cropped-logo_bazarcia.png\",\"width\":150,\"height\":150,\"caption\":\"Bazar & Cia\"},\"image\":{\"@id\":\"https:\/\/shop.bazarcia.com\/#\/schema\/logo\/image\/\"},\"sameAs\":[\"https:\/\/www.facebook.com\/shopbazarcia\",\"https:\/\/www.instagram.com\/shopbazarcia\",\"https:\/\/br.pinterest.com\/suzane_eloise\/\",\"https:\/\/www.youtube.com\/c\/BazardoBordadoMatrizeseProjetos\"]}]}<\/script>\n<!-- \/ Yoast SEO plugin. -->","yoast_head_json":{"title":"Matriz de Bordado Saf\u00e1ri Hora do Soninho - Elefantinha (Pontos Leves) - \ud835\udc1b\ud835\udc1a\ud835\udc33\ud835\udc1a\ud835\udc2b &amp; \ud835\udc1c\ud835\udc22\ud835\udc1a","robots":{"index":"index","follow":"follow","max-snippet":"max-snippet:-1","max-image-preview":"max-image-preview:large","max-video-preview":"max-video-preview:-1"},"canonical":"https:\/\/shop.bazarcia.com\/en\/product\/matriz-de-bordado-hora-do-soninho-elefantinha\/","og_locale":"en_US","og_type":"article","og_title":"Matriz de Bordado Saf\u00e1ri Hora do Soninho - Elefantinha (Pontos Leves) - \ud835\udc1b\ud835\udc1a\ud835\udc33\ud835\udc1a\ud835\udc2b &amp; \ud835\udc1c\ud835\udc22\ud835\udc1a","og_description":"\ud83d\udc18\ud83d\udc18A elefantinhadormindo transmite calma, do\u00e7ura e aconchego, ideal para composi\u00e7\u00f5es infantis delicadas. Seu rostinho sereno e os tra\u00e7os suaves tornam essa matriz perfeita para pe\u00e7as de beb\u00ea, trazendo um visual acolhedor e encantador.Dispon\u00edvel nos tamanhos 10cm, 11cm e 13cm de altura, com pontos leves e acabamento limpo. Gostou desta matriz? Conhe\u00e7a a cole\u00e7\u00e3o completa AQUI.","og_url":"https:\/\/shop.bazarcia.com\/en\/product\/matriz-de-bordado-hora-do-soninho-elefantinha\/","og_site_name":"\ud835\udc1b\ud835\udc1a\ud835\udc33\ud835\udc1a\ud835\udc2b &amp; \ud835\udc1c\ud835\udc22\ud835\udc1a","article_publisher":"https:\/\/www.facebook.com\/shopbazarcia","article_modified_time":"2026-02-02T20:28:29+00:00","og_image":[{"width":1080,"height":1080,"url":"https:\/\/shop.bazarcia.com\/wp-content\/uploads\/2026\/02\/safari-dormindo-elefante.png","type":"image\/png"}],"twitter_card":"summary_large_image","schema":{"@context":"https:\/\/schema.org","@graph":[{"@type":"WebPage","@id":"https:\/\/shop.bazarcia.com\/produto\/matriz-de-bordado-hora-do-soninho-elefantinha\/","url":"https:\/\/shop.bazarcia.com\/produto\/matriz-de-bordado-hora-do-soninho-elefantinha\/","name":"Matriz de Bordado Saf\u00e1ri Hora do Soninho - Elefantinha (Pontos Leves) - \ud835\udc1b\ud835\udc1a\ud835\udc33\ud835\udc1a\ud835\udc2b &amp; \ud835\udc1c\ud835\udc22\ud835\udc1a","isPartOf":{"@id":"https:\/\/shop.bazarcia.com\/#website"},"primaryImageOfPage":{"@id":"https:\/\/shop.bazarcia.com\/produto\/matriz-de-bordado-hora-do-soninho-elefantinha\/#primaryimage"},"image":{"@id":"https:\/\/shop.bazarcia.com\/produto\/matriz-de-bordado-hora-do-soninho-elefantinha\/#primaryimage"},"thumbnailUrl":"https:\/\/shop.bazarcia.com\/wp-content\/uploads\/2026\/02\/safari-dormindo-elefante.png","datePublished":"2026-02-02T20:18:13+00:00","dateModified":"2026-02-02T20:28:29+00:00","breadcrumb":{"@id":"https:\/\/shop.bazarcia.com\/produto\/matriz-de-bordado-hora-do-soninho-elefantinha\/#breadcrumb"},"inLanguage":"en-US","potentialAction":[{"@type":"ReadAction","target":["https:\/\/shop.bazarcia.com\/produto\/matriz-de-bordado-hora-do-soninho-elefantinha\/"]}]},{"@type":"ImageObject","inLanguage":"en-US","@id":"https:\/\/shop.bazarcia.com\/produto\/matriz-de-bordado-hora-do-soninho-elefantinha\/#primaryimage","url":"https:\/\/shop.bazarcia.com\/wp-content\/uploads\/2026\/02\/safari-dormindo-elefante.png","contentUrl":"https:\/\/shop.bazarcia.com\/wp-content\/uploads\/2026\/02\/safari-dormindo-elefante.png","width":1080,"height":1080},{"@type":"BreadcrumbList","@id":"https:\/\/shop.bazarcia.com\/produto\/matriz-de-bordado-hora-do-soninho-elefantinha\/#breadcrumb","itemListElement":[{"@type":"ListItem","position":1,"name":"In\u00edcio","item":"https:\/\/shop.bazarcia.com\/"},{"@type":"ListItem","position":2,"name":"Loja","item":"https:\/\/shop.bazarcia.com\/loja\/"},{"@type":"ListItem","position":3,"name":"Matriz de Bordado Saf\u00e1ri Hora do Soninho &#8211; Elefantinha (Pontos Leves)"}]},{"@type":"WebSite","@id":"https:\/\/shop.bazarcia.com\/#website","url":"https:\/\/shop.bazarcia.com\/","name":"Bazar & Cia","description":"criatividade ponto a ponto","publisher":{"@id":"https:\/\/shop.bazarcia.com\/#organization"},"potentialAction":[{"@type":"SearchAction","target":{"@type":"EntryPoint","urlTemplate":"https:\/\/shop.bazarcia.com\/?s={search_term_string}"},"query-input":{"@type":"PropertyValueSpecification","valueRequired":true,"valueName":"search_term_string"}}],"inLanguage":"en-US"},{"@type":"Organization","@id":"https:\/\/shop.bazarcia.com\/#organization","name":"Bazar & Cia","url":"https:\/\/shop.bazarcia.com\/","logo":{"@type":"ImageObject","inLanguage":"en-US","@id":"https:\/\/shop.bazarcia.com\/#\/schema\/logo\/image\/","url":"https:\/\/shop.bazarcia.com\/wp-content\/uploads\/2024\/02\/cropped-logo_bazarcia.png","contentUrl":"https:\/\/shop.bazarcia.com\/wp-content\/uploads\/2024\/02\/cropped-logo_bazarcia.png","width":150,"height":150,"caption":"Bazar & Cia"},"image":{"@id":"https:\/\/shop.bazarcia.com\/#\/schema\/logo\/image\/"},"sameAs":["https:\/\/www.facebook.com\/shopbazarcia","https:\/\/www.instagram.com\/shopbazarcia","https:\/\/br.pinterest.com\/suzane_eloise\/","https:\/\/www.youtube.com\/c\/BazardoBordadoMatrizeseProjetos"]}]}},"_links":{"self":[{"href":"https:\/\/shop.bazarcia.com\/en\/wp-json\/wp\/v2\/product\/365773","targetHints":{"allow":["GET"]}}],"collection":[{"href":"https:\/\/shop.bazarcia.com\/en\/wp-json\/wp\/v2\/product"}],"about":[{"href":"https:\/\/shop.bazarcia.com\/en\/wp-json\/wp\/v2\/types\/product"}],"replies":[{"embeddable":true,"href":"https:\/\/shop.bazarcia.com\/en\/wp-json\/wp\/v2\/comments?post=365773"}],"version-history":[{"count":2,"href":"https:\/\/shop.bazarcia.com\/en\/wp-json\/wp\/v2\/product\/365773\/revisions"}],"predecessor-version":[{"id":365777,"href":"https:\/\/shop.bazarcia.com\/en\/wp-json\/wp\/v2\/product\/365773\/revisions\/365777"}],"wp:featuredmedia":[{"embeddable":true,"href":"https:\/\/shop.bazarcia.com\/en\/wp-json\/wp\/v2\/media\/365740"}],"wp:attachment":[{"href":"https:\/\/shop.bazarcia.com\/en\/wp-json\/wp\/v2\/media?parent=365773"}],"wp:term":[{"taxonomy":"product_brand","embeddable":true,"href":"https:\/\/shop.bazarcia.com\/en\/wp-json\/wp\/v2\/product_brand?post=365773"},{"taxonomy":"product_cat","embeddable":true,"href":"https:\/\/shop.bazarcia.com\/en\/wp-json\/wp\/v2\/product_cat?post=365773"},{"taxonomy":"product_tag","embeddable":true,"href":"https:\/\/shop.bazarcia.com\/en\/wp-json\/wp\/v2\/product_tag?post=365773"}],"curies":[{"name":"wp","href":"https:\/\/api.w.org\/{rel}","templated":true}]}}