{"id":366714,"date":"2026-02-10T15:00:43","date_gmt":"2026-02-10T18:00:43","guid":{"rendered":"https:\/\/shop.bazarcia.com\/?post_type=product&#038;p=366714"},"modified":"2026-02-10T15:00:45","modified_gmt":"2026-02-10T18:00:45","slug":"matrizes-de-bordado-colecao-ursinho-teddy-realeza","status":"publish","type":"product","link":"https:\/\/shop.bazarcia.com\/en\/product\/matrizes-de-bordado-colecao-ursinho-teddy-realeza\/","title":{"rendered":"Matrizes de Bordado &#8211; Cole\u00e7\u00e3o Ursinho Teddy Realeza"},"content":{"rendered":"<p data-start=\"189\" data-end=\"705\">Encante com a do\u00e7ura e a delicadeza da Cole\u00e7\u00e3o Ursinho Teddy! Ideal para personalizar enxovais de beb\u00ea, toalhas, mantas, fraldas e pe\u00e7as infantis com um toque de realeza e ternura. Os ursinhos v\u00eam acompanhados de coroas, escudos e guirlandas, perfeitos para criar pe\u00e7as encantadoras e sofisticadas.<br data-start=\"504\" data-end=\"507\" \/>\u2022 Perfeitas para projetos newborn e personalizados com tema nobre<br data-start=\"572\" data-end=\"575\" \/>\u2022 Combina com enxovais cl\u00e1ssicos, quartinhos de beb\u00ea e lembran\u00e7as<br data-start=\"640\" data-end=\"643\" \/>\u2022 Cores suaves e tra\u00e7os delicados para um acabamento impec\u00e1vel<\/p>\n<p data-start=\"707\" data-end=\"899\">Este Kit cont\u00e9m arquivos\/matrizes de bordado. As matrizes est\u00e3o dispon\u00edveis em diversos tamanhos. Compat\u00edveis com os principais formatos de m\u00e1quinas de bordado.<\/p>","protected":false},"excerpt":{"rendered":"<p data-start=\"189\" data-end=\"705\">Encante com a do\u00e7ura e a delicadeza da Cole\u00e7\u00e3o Ursinho Teddy! Ideal para personalizar enxovais de beb\u00ea, toalhas, mantas, fraldas e pe\u00e7as infantis com um toque de realeza e ternura. Os ursinhos v\u00eam acompanhados de coroas, escudos e guirlandas, perfeitos para criar pe\u00e7as encantadoras e sofisticadas.<br data-start=\"504\" data-end=\"507\" \/>\u2022 Perfeitas para projetos newborn e personalizados com tema nobre<br data-start=\"572\" data-end=\"575\" \/>\u2022 Combina com enxovais cl\u00e1ssicos, quartinhos de beb\u00ea e lembran\u00e7as<br data-start=\"640\" data-end=\"643\" \/>\u2022 Cores suaves e tra\u00e7os delicados para um acabamento impec\u00e1vel<\/p>\n<p data-start=\"707\" data-end=\"899\">Este Kit cont\u00e9m [x] arquivos\/matrizes de bordado. As matrizes est\u00e3o dispon\u00edveis em diversos tamanhos, ideais para bastidores [x]. Compat\u00edveis com os principais formatos de m\u00e1quinas de bordado.<\/p>\n<p data-start=\"906\" data-end=\"938\">\u2139\ufe0f <strong data-start=\"909\" data-end=\"936\">Informa\u00e7\u00f5es Adicionais:<\/strong><\/p>\n<ul data-start=\"939\" data-end=\"1223\">\n<li data-start=\"939\" data-end=\"1061\">\n<p data-start=\"941\" data-end=\"1061\">Matrizes de Bordado disponibilizadas em <strong data-start=\"981\" data-end=\"994\">Pasta ZIP<\/strong>, nos seguintes formatos: PES &#8211; JEF &#8211; EXP &#8211; DST &#8211; XXX &#8211; HUS &#8211; VP3<\/p>\n<\/li>\n<li data-start=\"1062\" data-end=\"1096\">\n<p data-start=\"1064\" data-end=\"1096\"><strong data-start=\"1064\" data-end=\"1090\">Tamanhos das Matrizes:<\/strong> [x]<\/p>\n<\/li>\n<li data-start=\"1097\" data-end=\"1223\">\n<p data-start=\"1099\" data-end=\"1223\"><strong data-start=\"1099\" data-end=\"1118\">Palavras-chave:<\/strong> matriz, matrizes, projeto, bordado, ursinho, teddy bear, beb\u00ea, realeza, enxoval, infantil, escudo, coroa<a href=\"https:\/\/shop.bazarcia.com\/wp-content\/uploads\/2026\/02\/CUT.zip\">CUT<\/a><\/p>\n<\/li>\n<\/ul>\n","protected":false},"featured_media":366776,"comment_status":"open","ping_status":"closed","template":"","meta":{"_acf_changed":false,"_joinchat":[]},"product_brand":[],"product_cat":[122,84,1974,123],"product_tag":[],"class_list":{"0":"post-366714","1":"product","2":"type-product","3":"status-publish","4":"has-post-thumbnail","6":"product_cat-matrizes-de-bordado-animais","7":"product_cat-matrizes-de-bordado","8":"product_cat-personagens","9":"product_cat-ursinhos","11":"first","12":"instock","13":"downloadable","14":"virtual","15":"purchasable","16":"product-type-simple"},"acf":[],"yoast_head":"<!-- This site is optimized with the Yoast SEO plugin v27.2 - https:\/\/yoast.com\/product\/yoast-seo-wordpress\/ -->\n<title>Matrizes de Bordado - Cole\u00e7\u00e3o Ursinho Teddy Realeza - \ud835\udc1b\ud835\udc1a\ud835\udc33\ud835\udc1a\ud835\udc2b &amp; \ud835\udc1c\ud835\udc22\ud835\udc1a<\/title>\n<meta name=\"robots\" content=\"index, follow, max-snippet:-1, max-image-preview:large, max-video-preview:-1\" \/>\n<link rel=\"canonical\" href=\"https:\/\/shop.bazarcia.com\/en\/product\/matrizes-de-bordado-colecao-ursinho-teddy-realeza\/\" \/>\n<meta property=\"og:locale\" content=\"en_US\" \/>\n<meta property=\"og:type\" content=\"article\" \/>\n<meta property=\"og:title\" content=\"Matrizes de Bordado - Cole\u00e7\u00e3o Ursinho Teddy Realeza - \ud835\udc1b\ud835\udc1a\ud835\udc33\ud835\udc1a\ud835\udc2b &amp; \ud835\udc1c\ud835\udc22\ud835\udc1a\" \/>\n<meta property=\"og:description\" content=\"Encante com a do\u00e7ura e a delicadeza da Cole\u00e7\u00e3o Ursinho Teddy! Ideal para personalizar enxovais de beb\u00ea, toalhas, mantas, fraldas e pe\u00e7as infantis com um toque de realeza e ternura. Os ursinhos v\u00eam acompanhados de coroas, escudos e guirlandas, perfeitos para criar pe\u00e7as encantadoras e sofisticadas.\u2022 Perfeitas para projetos newborn e personalizados com tema nobre\u2022 Combina com enxovais cl\u00e1ssicos, quartinhos de beb\u00ea e lembran\u00e7as\u2022 Cores suaves e tra\u00e7os delicados para um acabamento impec\u00e1vel Este Kit cont\u00e9m [x] arquivos\/matrizes de bordado. As matrizes est\u00e3o dispon\u00edveis em diversos tamanhos, ideais para bastidores [x]. Compat\u00edveis com os principais formatos de m\u00e1quinas de bordado. \u2139\ufe0f Informa\u00e7\u00f5es Adicionais:     Matrizes de Bordado disponibilizadas em Pasta ZIP, nos seguintes formatos: PES - JEF - EXP - DST - XXX - HUS - VP3    Tamanhos das Matrizes: [x]    Palavras-chave: matriz, matrizes, projeto, bordado, ursinho, teddy bear, beb\u00ea, realeza, enxoval, infantil, escudo, coroaCUT\" \/>\n<meta property=\"og:url\" content=\"https:\/\/shop.bazarcia.com\/en\/product\/matrizes-de-bordado-colecao-ursinho-teddy-realeza\/\" \/>\n<meta property=\"og:site_name\" content=\"\ud835\udc1b\ud835\udc1a\ud835\udc33\ud835\udc1a\ud835\udc2b &amp; \ud835\udc1c\ud835\udc22\ud835\udc1a\" \/>\n<meta property=\"article:publisher\" content=\"https:\/\/www.facebook.com\/shopbazarcia\" \/>\n<meta property=\"article:modified_time\" content=\"2026-02-10T18:00:45+00:00\" \/>\n<meta property=\"og:image\" content=\"https:\/\/shop.bazarcia.com\/wp-content\/uploads\/2026\/02\/Colecao-ursinho-teddy-600x0-2.png\" \/>\n\t<meta property=\"og:image:width\" content=\"600\" \/>\n\t<meta property=\"og:image:height\" content=\"600\" \/>\n\t<meta property=\"og:image:type\" content=\"image\/png\" \/>\n<meta name=\"twitter:card\" content=\"summary_large_image\" \/>\n<meta name=\"twitter:label1\" content=\"Est. reading time\" \/>\n\t<meta name=\"twitter:data1\" content=\"1 minute\" \/>\n<script type=\"application\/ld+json\" class=\"yoast-schema-graph\">{\"@context\":\"https:\/\/schema.org\",\"@graph\":[{\"@type\":\"WebPage\",\"@id\":\"https:\/\/shop.bazarcia.com\/produto\/matrizes-de-bordado-colecao-ursinho-teddy-realeza\/\",\"url\":\"https:\/\/shop.bazarcia.com\/produto\/matrizes-de-bordado-colecao-ursinho-teddy-realeza\/\",\"name\":\"Matrizes de Bordado - Cole\u00e7\u00e3o Ursinho Teddy Realeza - \ud835\udc1b\ud835\udc1a\ud835\udc33\ud835\udc1a\ud835\udc2b &amp; \ud835\udc1c\ud835\udc22\ud835\udc1a\",\"isPartOf\":{\"@id\":\"https:\/\/shop.bazarcia.com\/#website\"},\"primaryImageOfPage\":{\"@id\":\"https:\/\/shop.bazarcia.com\/produto\/matrizes-de-bordado-colecao-ursinho-teddy-realeza\/#primaryimage\"},\"image\":{\"@id\":\"https:\/\/shop.bazarcia.com\/produto\/matrizes-de-bordado-colecao-ursinho-teddy-realeza\/#primaryimage\"},\"thumbnailUrl\":\"https:\/\/shop.bazarcia.com\/wp-content\/uploads\/2026\/02\/Colecao-ursinho-teddy-600x0-2.png\",\"datePublished\":\"2026-02-10T18:00:43+00:00\",\"dateModified\":\"2026-02-10T18:00:45+00:00\",\"breadcrumb\":{\"@id\":\"https:\/\/shop.bazarcia.com\/produto\/matrizes-de-bordado-colecao-ursinho-teddy-realeza\/#breadcrumb\"},\"inLanguage\":\"en-US\",\"potentialAction\":[{\"@type\":\"ReadAction\",\"target\":[\"https:\/\/shop.bazarcia.com\/produto\/matrizes-de-bordado-colecao-ursinho-teddy-realeza\/\"]}]},{\"@type\":\"ImageObject\",\"inLanguage\":\"en-US\",\"@id\":\"https:\/\/shop.bazarcia.com\/produto\/matrizes-de-bordado-colecao-ursinho-teddy-realeza\/#primaryimage\",\"url\":\"https:\/\/shop.bazarcia.com\/wp-content\/uploads\/2026\/02\/Colecao-ursinho-teddy-600x0-2.png\",\"contentUrl\":\"https:\/\/shop.bazarcia.com\/wp-content\/uploads\/2026\/02\/Colecao-ursinho-teddy-600x0-2.png\",\"width\":600,\"height\":600},{\"@type\":\"BreadcrumbList\",\"@id\":\"https:\/\/shop.bazarcia.com\/produto\/matrizes-de-bordado-colecao-ursinho-teddy-realeza\/#breadcrumb\",\"itemListElement\":[{\"@type\":\"ListItem\",\"position\":1,\"name\":\"In\u00edcio\",\"item\":\"https:\/\/shop.bazarcia.com\/\"},{\"@type\":\"ListItem\",\"position\":2,\"name\":\"Loja\",\"item\":\"https:\/\/shop.bazarcia.com\/loja\/\"},{\"@type\":\"ListItem\",\"position\":3,\"name\":\"Matrizes de Bordado &#8211; Cole\u00e7\u00e3o Ursinho Teddy Realeza\"}]},{\"@type\":\"WebSite\",\"@id\":\"https:\/\/shop.bazarcia.com\/#website\",\"url\":\"https:\/\/shop.bazarcia.com\/\",\"name\":\"Bazar & Cia\",\"description\":\"criatividade ponto a ponto\",\"publisher\":{\"@id\":\"https:\/\/shop.bazarcia.com\/#organization\"},\"potentialAction\":[{\"@type\":\"SearchAction\",\"target\":{\"@type\":\"EntryPoint\",\"urlTemplate\":\"https:\/\/shop.bazarcia.com\/?s={search_term_string}\"},\"query-input\":{\"@type\":\"PropertyValueSpecification\",\"valueRequired\":true,\"valueName\":\"search_term_string\"}}],\"inLanguage\":\"en-US\"},{\"@type\":\"Organization\",\"@id\":\"https:\/\/shop.bazarcia.com\/#organization\",\"name\":\"Bazar & Cia\",\"url\":\"https:\/\/shop.bazarcia.com\/\",\"logo\":{\"@type\":\"ImageObject\",\"inLanguage\":\"en-US\",\"@id\":\"https:\/\/shop.bazarcia.com\/#\/schema\/logo\/image\/\",\"url\":\"https:\/\/shop.bazarcia.com\/wp-content\/uploads\/2024\/02\/cropped-logo_bazarcia.png\",\"contentUrl\":\"https:\/\/shop.bazarcia.com\/wp-content\/uploads\/2024\/02\/cropped-logo_bazarcia.png\",\"width\":150,\"height\":150,\"caption\":\"Bazar & Cia\"},\"image\":{\"@id\":\"https:\/\/shop.bazarcia.com\/#\/schema\/logo\/image\/\"},\"sameAs\":[\"https:\/\/www.facebook.com\/shopbazarcia\",\"https:\/\/www.instagram.com\/shopbazarcia\",\"https:\/\/br.pinterest.com\/suzane_eloise\/\",\"https:\/\/www.youtube.com\/c\/BazardoBordadoMatrizeseProjetos\"]}]}<\/script>\n<!-- \/ Yoast SEO plugin. -->","yoast_head_json":{"title":"Matrizes de Bordado - Cole\u00e7\u00e3o Ursinho Teddy Realeza - \ud835\udc1b\ud835\udc1a\ud835\udc33\ud835\udc1a\ud835\udc2b &amp; \ud835\udc1c\ud835\udc22\ud835\udc1a","robots":{"index":"index","follow":"follow","max-snippet":"max-snippet:-1","max-image-preview":"max-image-preview:large","max-video-preview":"max-video-preview:-1"},"canonical":"https:\/\/shop.bazarcia.com\/en\/product\/matrizes-de-bordado-colecao-ursinho-teddy-realeza\/","og_locale":"en_US","og_type":"article","og_title":"Matrizes de Bordado - Cole\u00e7\u00e3o Ursinho Teddy Realeza - \ud835\udc1b\ud835\udc1a\ud835\udc33\ud835\udc1a\ud835\udc2b &amp; \ud835\udc1c\ud835\udc22\ud835\udc1a","og_description":"Encante com a do\u00e7ura e a delicadeza da Cole\u00e7\u00e3o Ursinho Teddy! Ideal para personalizar enxovais de beb\u00ea, toalhas, mantas, fraldas e pe\u00e7as infantis com um toque de realeza e ternura. Os ursinhos v\u00eam acompanhados de coroas, escudos e guirlandas, perfeitos para criar pe\u00e7as encantadoras e sofisticadas.\u2022 Perfeitas para projetos newborn e personalizados com tema nobre\u2022 Combina com enxovais cl\u00e1ssicos, quartinhos de beb\u00ea e lembran\u00e7as\u2022 Cores suaves e tra\u00e7os delicados para um acabamento impec\u00e1vel Este Kit cont\u00e9m [x] arquivos\/matrizes de bordado. As matrizes est\u00e3o dispon\u00edveis em diversos tamanhos, ideais para bastidores [x]. Compat\u00edveis com os principais formatos de m\u00e1quinas de bordado. \u2139\ufe0f Informa\u00e7\u00f5es Adicionais:     Matrizes de Bordado disponibilizadas em Pasta ZIP, nos seguintes formatos: PES - JEF - EXP - DST - XXX - HUS - VP3    Tamanhos das Matrizes: [x]    Palavras-chave: matriz, matrizes, projeto, bordado, ursinho, teddy bear, beb\u00ea, realeza, enxoval, infantil, escudo, coroaCUT","og_url":"https:\/\/shop.bazarcia.com\/en\/product\/matrizes-de-bordado-colecao-ursinho-teddy-realeza\/","og_site_name":"\ud835\udc1b\ud835\udc1a\ud835\udc33\ud835\udc1a\ud835\udc2b &amp; \ud835\udc1c\ud835\udc22\ud835\udc1a","article_publisher":"https:\/\/www.facebook.com\/shopbazarcia","article_modified_time":"2026-02-10T18:00:45+00:00","og_image":[{"width":600,"height":600,"url":"https:\/\/shop.bazarcia.com\/wp-content\/uploads\/2026\/02\/Colecao-ursinho-teddy-600x0-2.png","type":"image\/png"}],"twitter_card":"summary_large_image","twitter_misc":{"Est. reading time":"1 minute"},"schema":{"@context":"https:\/\/schema.org","@graph":[{"@type":"WebPage","@id":"https:\/\/shop.bazarcia.com\/produto\/matrizes-de-bordado-colecao-ursinho-teddy-realeza\/","url":"https:\/\/shop.bazarcia.com\/produto\/matrizes-de-bordado-colecao-ursinho-teddy-realeza\/","name":"Matrizes de Bordado - Cole\u00e7\u00e3o Ursinho Teddy Realeza - \ud835\udc1b\ud835\udc1a\ud835\udc33\ud835\udc1a\ud835\udc2b &amp; \ud835\udc1c\ud835\udc22\ud835\udc1a","isPartOf":{"@id":"https:\/\/shop.bazarcia.com\/#website"},"primaryImageOfPage":{"@id":"https:\/\/shop.bazarcia.com\/produto\/matrizes-de-bordado-colecao-ursinho-teddy-realeza\/#primaryimage"},"image":{"@id":"https:\/\/shop.bazarcia.com\/produto\/matrizes-de-bordado-colecao-ursinho-teddy-realeza\/#primaryimage"},"thumbnailUrl":"https:\/\/shop.bazarcia.com\/wp-content\/uploads\/2026\/02\/Colecao-ursinho-teddy-600x0-2.png","datePublished":"2026-02-10T18:00:43+00:00","dateModified":"2026-02-10T18:00:45+00:00","breadcrumb":{"@id":"https:\/\/shop.bazarcia.com\/produto\/matrizes-de-bordado-colecao-ursinho-teddy-realeza\/#breadcrumb"},"inLanguage":"en-US","potentialAction":[{"@type":"ReadAction","target":["https:\/\/shop.bazarcia.com\/produto\/matrizes-de-bordado-colecao-ursinho-teddy-realeza\/"]}]},{"@type":"ImageObject","inLanguage":"en-US","@id":"https:\/\/shop.bazarcia.com\/produto\/matrizes-de-bordado-colecao-ursinho-teddy-realeza\/#primaryimage","url":"https:\/\/shop.bazarcia.com\/wp-content\/uploads\/2026\/02\/Colecao-ursinho-teddy-600x0-2.png","contentUrl":"https:\/\/shop.bazarcia.com\/wp-content\/uploads\/2026\/02\/Colecao-ursinho-teddy-600x0-2.png","width":600,"height":600},{"@type":"BreadcrumbList","@id":"https:\/\/shop.bazarcia.com\/produto\/matrizes-de-bordado-colecao-ursinho-teddy-realeza\/#breadcrumb","itemListElement":[{"@type":"ListItem","position":1,"name":"In\u00edcio","item":"https:\/\/shop.bazarcia.com\/"},{"@type":"ListItem","position":2,"name":"Loja","item":"https:\/\/shop.bazarcia.com\/loja\/"},{"@type":"ListItem","position":3,"name":"Matrizes de Bordado &#8211; Cole\u00e7\u00e3o Ursinho Teddy Realeza"}]},{"@type":"WebSite","@id":"https:\/\/shop.bazarcia.com\/#website","url":"https:\/\/shop.bazarcia.com\/","name":"Bazar & Cia","description":"criatividade ponto a ponto","publisher":{"@id":"https:\/\/shop.bazarcia.com\/#organization"},"potentialAction":[{"@type":"SearchAction","target":{"@type":"EntryPoint","urlTemplate":"https:\/\/shop.bazarcia.com\/?s={search_term_string}"},"query-input":{"@type":"PropertyValueSpecification","valueRequired":true,"valueName":"search_term_string"}}],"inLanguage":"en-US"},{"@type":"Organization","@id":"https:\/\/shop.bazarcia.com\/#organization","name":"Bazar & Cia","url":"https:\/\/shop.bazarcia.com\/","logo":{"@type":"ImageObject","inLanguage":"en-US","@id":"https:\/\/shop.bazarcia.com\/#\/schema\/logo\/image\/","url":"https:\/\/shop.bazarcia.com\/wp-content\/uploads\/2024\/02\/cropped-logo_bazarcia.png","contentUrl":"https:\/\/shop.bazarcia.com\/wp-content\/uploads\/2024\/02\/cropped-logo_bazarcia.png","width":150,"height":150,"caption":"Bazar & Cia"},"image":{"@id":"https:\/\/shop.bazarcia.com\/#\/schema\/logo\/image\/"},"sameAs":["https:\/\/www.facebook.com\/shopbazarcia","https:\/\/www.instagram.com\/shopbazarcia","https:\/\/br.pinterest.com\/suzane_eloise\/","https:\/\/www.youtube.com\/c\/BazardoBordadoMatrizeseProjetos"]}]}},"_links":{"self":[{"href":"https:\/\/shop.bazarcia.com\/en\/wp-json\/wp\/v2\/product\/366714","targetHints":{"allow":["GET"]}}],"collection":[{"href":"https:\/\/shop.bazarcia.com\/en\/wp-json\/wp\/v2\/product"}],"about":[{"href":"https:\/\/shop.bazarcia.com\/en\/wp-json\/wp\/v2\/types\/product"}],"replies":[{"embeddable":true,"href":"https:\/\/shop.bazarcia.com\/en\/wp-json\/wp\/v2\/comments?post=366714"}],"version-history":[{"count":1,"href":"https:\/\/shop.bazarcia.com\/en\/wp-json\/wp\/v2\/product\/366714\/revisions"}],"predecessor-version":[{"id":366783,"href":"https:\/\/shop.bazarcia.com\/en\/wp-json\/wp\/v2\/product\/366714\/revisions\/366783"}],"wp:featuredmedia":[{"embeddable":true,"href":"https:\/\/shop.bazarcia.com\/en\/wp-json\/wp\/v2\/media\/366776"}],"wp:attachment":[{"href":"https:\/\/shop.bazarcia.com\/en\/wp-json\/wp\/v2\/media?parent=366714"}],"wp:term":[{"taxonomy":"product_brand","embeddable":true,"href":"https:\/\/shop.bazarcia.com\/en\/wp-json\/wp\/v2\/product_brand?post=366714"},{"taxonomy":"product_cat","embeddable":true,"href":"https:\/\/shop.bazarcia.com\/en\/wp-json\/wp\/v2\/product_cat?post=366714"},{"taxonomy":"product_tag","embeddable":true,"href":"https:\/\/shop.bazarcia.com\/en\/wp-json\/wp\/v2\/product_tag?post=366714"}],"curies":[{"name":"wp","href":"https:\/\/api.w.org\/{rel}","templated":true}]}}