{"id":366942,"date":"2026-02-11T16:52:30","date_gmt":"2026-02-11T19:52:30","guid":{"rendered":"https:\/\/shop.bazarcia.com\/?post_type=product&#038;p=366942"},"modified":"2026-02-25T17:57:10","modified_gmt":"2026-02-25T20:57:10","slug":"matrizes-de-bordado-ursinho-anjinho-com-frases-e-asas-3d","status":"publish","type":"product","link":"https:\/\/shop.bazarcia.com\/en\/product\/matrizes-de-bordado-ursinho-anjinho-com-frases-e-asas-3d\/","title":{"rendered":"Matrizes de Bordado &#8211; Ursinho Anjinho com Frases e Asas 3D"},"content":{"rendered":"","protected":false},"excerpt":{"rendered":"<p data-start=\"83\" data-end=\"647\">Encante com do\u00e7ura e f\u00e9! Este kit exclusivo traz um ador\u00e1vel ursinho anjinho com asas em efeito 3D, perfeito para projetos infantis, batizados, sa\u00eddas de maternidade, toalhinhas e lembran\u00e7as personalizadas. Acompanha frases delicadas como a ora\u00e7\u00e3o do Anjinho da Guarda e molduras com \u201cDinda\u201d e \u201cDindo\u201d, ideais para bordar amor e prote\u00e7\u00e3o em cada ponto.<\/p>\n<p data-start=\"649\" data-end=\"878\">\ud83d\udca1 <strong data-start=\"652\" data-end=\"666\">Dicas:<\/strong><br data-start=\"666\" data-end=\"669\" \/>\u2022 Crie kits de batizado personalizados com o nome do beb\u00ea e seus padrinhos<br data-start=\"743\" data-end=\"746\" \/>\u2022 Use as asas 3D para dar destaque em pe\u00e7as de decora\u00e7\u00e3o infantil<br data-start=\"811\" data-end=\"814\" \/>\u2022 Bordado perfeito para presentes afetivos com toque celestial<\/p>","protected":false},"featured_media":366947,"comment_status":"open","ping_status":"closed","template":"","meta":{"_acf_changed":false,"_joinchat":[]},"product_brand":[],"product_cat":[1207,222,1059,137,297,1977,84,302],"product_tag":[],"class_list":{"0":"post-366942","1":"product","2":"type-product","3":"status-publish","4":"has-post-thumbnail","6":"product_cat-baby","7":"product_cat-batizado","8":"product_cat-criancas","9":"product_cat-datas-especiais","10":"product_cat-frases-palavras","11":"product_cat-infantil","12":"product_cat-matrizes-de-bordado","13":"product_cat-matrizes-de-bordado-3d","15":"first","16":"instock","17":"downloadable","18":"virtual","19":"purchasable","20":"product-type-simple"},"acf":[],"yoast_head":"<!-- This site is optimized with the Yoast SEO plugin v27.2 - https:\/\/yoast.com\/product\/yoast-seo-wordpress\/ -->\n<title>Matrizes de Bordado - Ursinho Anjinho com Frases e Asas 3D - \ud835\udc1b\ud835\udc1a\ud835\udc33\ud835\udc1a\ud835\udc2b &amp; \ud835\udc1c\ud835\udc22\ud835\udc1a<\/title>\n<meta name=\"robots\" content=\"index, follow, max-snippet:-1, max-image-preview:large, max-video-preview:-1\" \/>\n<link rel=\"canonical\" href=\"https:\/\/shop.bazarcia.com\/en\/product\/matrizes-de-bordado-ursinho-anjinho-com-frases-e-asas-3d\/\" \/>\n<meta property=\"og:locale\" content=\"en_US\" \/>\n<meta property=\"og:type\" content=\"article\" \/>\n<meta property=\"og:title\" content=\"Matrizes de Bordado - Ursinho Anjinho com Frases e Asas 3D - \ud835\udc1b\ud835\udc1a\ud835\udc33\ud835\udc1a\ud835\udc2b &amp; \ud835\udc1c\ud835\udc22\ud835\udc1a\" \/>\n<meta property=\"og:description\" content=\"Encante com do\u00e7ura e f\u00e9! Este kit exclusivo traz um ador\u00e1vel ursinho anjinho com asas em efeito 3D, perfeito para projetos infantis, batizados, sa\u00eddas de maternidade, toalhinhas e lembran\u00e7as personalizadas. Acompanha frases delicadas como a ora\u00e7\u00e3o do Anjinho da Guarda e molduras com \u201cDinda\u201d e \u201cDindo\u201d, ideais para bordar amor e prote\u00e7\u00e3o em cada ponto. \ud83d\udca1 Dicas:\u2022 Crie kits de batizado personalizados com o nome do beb\u00ea e seus padrinhos\u2022 Use as asas 3D para dar destaque em pe\u00e7as de decora\u00e7\u00e3o infantil\u2022 Bordado perfeito para presentes afetivos com toque celestial\" \/>\n<meta property=\"og:url\" content=\"https:\/\/shop.bazarcia.com\/en\/product\/matrizes-de-bordado-ursinho-anjinho-com-frases-e-asas-3d\/\" \/>\n<meta property=\"og:site_name\" content=\"\ud835\udc1b\ud835\udc1a\ud835\udc33\ud835\udc1a\ud835\udc2b &amp; \ud835\udc1c\ud835\udc22\ud835\udc1a\" \/>\n<meta property=\"article:publisher\" content=\"https:\/\/www.facebook.com\/shopbazarcia\" \/>\n<meta property=\"article:modified_time\" content=\"2026-02-25T20:57:10+00:00\" \/>\n<meta property=\"og:image\" content=\"https:\/\/shop.bazarcia.com\/wp-content\/uploads\/2026\/02\/ursinho-e-frases-Asas-3D-600x0-1.png\" \/>\n\t<meta property=\"og:image:width\" content=\"600\" \/>\n\t<meta property=\"og:image:height\" content=\"600\" \/>\n\t<meta property=\"og:image:type\" content=\"image\/png\" \/>\n<meta name=\"twitter:card\" content=\"summary_large_image\" \/>\n<meta name=\"twitter:label1\" content=\"Est. reading time\" \/>\n\t<meta name=\"twitter:data1\" content=\"1 minute\" \/>\n<script type=\"application\/ld+json\" class=\"yoast-schema-graph\">{\"@context\":\"https:\/\/schema.org\",\"@graph\":[{\"@type\":\"WebPage\",\"@id\":\"https:\/\/shop.bazarcia.com\/produto\/matrizes-de-bordado-ursinho-anjinho-com-frases-e-asas-3d\/\",\"url\":\"https:\/\/shop.bazarcia.com\/produto\/matrizes-de-bordado-ursinho-anjinho-com-frases-e-asas-3d\/\",\"name\":\"Matrizes de Bordado - Ursinho Anjinho com Frases e Asas 3D - \ud835\udc1b\ud835\udc1a\ud835\udc33\ud835\udc1a\ud835\udc2b &amp; \ud835\udc1c\ud835\udc22\ud835\udc1a\",\"isPartOf\":{\"@id\":\"https:\/\/shop.bazarcia.com\/#website\"},\"primaryImageOfPage\":{\"@id\":\"https:\/\/shop.bazarcia.com\/produto\/matrizes-de-bordado-ursinho-anjinho-com-frases-e-asas-3d\/#primaryimage\"},\"image\":{\"@id\":\"https:\/\/shop.bazarcia.com\/produto\/matrizes-de-bordado-ursinho-anjinho-com-frases-e-asas-3d\/#primaryimage\"},\"thumbnailUrl\":\"https:\/\/shop.bazarcia.com\/wp-content\/uploads\/2026\/02\/ursinho-e-frases-Asas-3D-600x0-1.png\",\"datePublished\":\"2026-02-11T19:52:30+00:00\",\"dateModified\":\"2026-02-25T20:57:10+00:00\",\"breadcrumb\":{\"@id\":\"https:\/\/shop.bazarcia.com\/produto\/matrizes-de-bordado-ursinho-anjinho-com-frases-e-asas-3d\/#breadcrumb\"},\"inLanguage\":\"en-US\",\"potentialAction\":[{\"@type\":\"ReadAction\",\"target\":[\"https:\/\/shop.bazarcia.com\/produto\/matrizes-de-bordado-ursinho-anjinho-com-frases-e-asas-3d\/\"]}]},{\"@type\":\"ImageObject\",\"inLanguage\":\"en-US\",\"@id\":\"https:\/\/shop.bazarcia.com\/produto\/matrizes-de-bordado-ursinho-anjinho-com-frases-e-asas-3d\/#primaryimage\",\"url\":\"https:\/\/shop.bazarcia.com\/wp-content\/uploads\/2026\/02\/ursinho-e-frases-Asas-3D-600x0-1.png\",\"contentUrl\":\"https:\/\/shop.bazarcia.com\/wp-content\/uploads\/2026\/02\/ursinho-e-frases-Asas-3D-600x0-1.png\",\"width\":600,\"height\":600},{\"@type\":\"BreadcrumbList\",\"@id\":\"https:\/\/shop.bazarcia.com\/produto\/matrizes-de-bordado-ursinho-anjinho-com-frases-e-asas-3d\/#breadcrumb\",\"itemListElement\":[{\"@type\":\"ListItem\",\"position\":1,\"name\":\"In\u00edcio\",\"item\":\"https:\/\/shop.bazarcia.com\/\"},{\"@type\":\"ListItem\",\"position\":2,\"name\":\"Loja\",\"item\":\"https:\/\/shop.bazarcia.com\/loja\/\"},{\"@type\":\"ListItem\",\"position\":3,\"name\":\"Matrizes de Bordado &#8211; Ursinho Anjinho com Frases e Asas 3D\"}]},{\"@type\":\"WebSite\",\"@id\":\"https:\/\/shop.bazarcia.com\/#website\",\"url\":\"https:\/\/shop.bazarcia.com\/\",\"name\":\"Bazar & Cia\",\"description\":\"criatividade ponto a ponto\",\"publisher\":{\"@id\":\"https:\/\/shop.bazarcia.com\/#organization\"},\"potentialAction\":[{\"@type\":\"SearchAction\",\"target\":{\"@type\":\"EntryPoint\",\"urlTemplate\":\"https:\/\/shop.bazarcia.com\/?s={search_term_string}\"},\"query-input\":{\"@type\":\"PropertyValueSpecification\",\"valueRequired\":true,\"valueName\":\"search_term_string\"}}],\"inLanguage\":\"en-US\"},{\"@type\":\"Organization\",\"@id\":\"https:\/\/shop.bazarcia.com\/#organization\",\"name\":\"Bazar & Cia\",\"url\":\"https:\/\/shop.bazarcia.com\/\",\"logo\":{\"@type\":\"ImageObject\",\"inLanguage\":\"en-US\",\"@id\":\"https:\/\/shop.bazarcia.com\/#\/schema\/logo\/image\/\",\"url\":\"https:\/\/shop.bazarcia.com\/wp-content\/uploads\/2024\/02\/cropped-logo_bazarcia.png\",\"contentUrl\":\"https:\/\/shop.bazarcia.com\/wp-content\/uploads\/2024\/02\/cropped-logo_bazarcia.png\",\"width\":150,\"height\":150,\"caption\":\"Bazar & Cia\"},\"image\":{\"@id\":\"https:\/\/shop.bazarcia.com\/#\/schema\/logo\/image\/\"},\"sameAs\":[\"https:\/\/www.facebook.com\/shopbazarcia\",\"https:\/\/www.instagram.com\/shopbazarcia\",\"https:\/\/br.pinterest.com\/suzane_eloise\/\",\"https:\/\/www.youtube.com\/c\/BazardoBordadoMatrizeseProjetos\"]}]}<\/script>\n<!-- \/ Yoast SEO plugin. -->","yoast_head_json":{"title":"Matrizes de Bordado - Ursinho Anjinho com Frases e Asas 3D - \ud835\udc1b\ud835\udc1a\ud835\udc33\ud835\udc1a\ud835\udc2b &amp; \ud835\udc1c\ud835\udc22\ud835\udc1a","robots":{"index":"index","follow":"follow","max-snippet":"max-snippet:-1","max-image-preview":"max-image-preview:large","max-video-preview":"max-video-preview:-1"},"canonical":"https:\/\/shop.bazarcia.com\/en\/product\/matrizes-de-bordado-ursinho-anjinho-com-frases-e-asas-3d\/","og_locale":"en_US","og_type":"article","og_title":"Matrizes de Bordado - Ursinho Anjinho com Frases e Asas 3D - \ud835\udc1b\ud835\udc1a\ud835\udc33\ud835\udc1a\ud835\udc2b &amp; \ud835\udc1c\ud835\udc22\ud835\udc1a","og_description":"Encante com do\u00e7ura e f\u00e9! Este kit exclusivo traz um ador\u00e1vel ursinho anjinho com asas em efeito 3D, perfeito para projetos infantis, batizados, sa\u00eddas de maternidade, toalhinhas e lembran\u00e7as personalizadas. Acompanha frases delicadas como a ora\u00e7\u00e3o do Anjinho da Guarda e molduras com \u201cDinda\u201d e \u201cDindo\u201d, ideais para bordar amor e prote\u00e7\u00e3o em cada ponto. \ud83d\udca1 Dicas:\u2022 Crie kits de batizado personalizados com o nome do beb\u00ea e seus padrinhos\u2022 Use as asas 3D para dar destaque em pe\u00e7as de decora\u00e7\u00e3o infantil\u2022 Bordado perfeito para presentes afetivos com toque celestial","og_url":"https:\/\/shop.bazarcia.com\/en\/product\/matrizes-de-bordado-ursinho-anjinho-com-frases-e-asas-3d\/","og_site_name":"\ud835\udc1b\ud835\udc1a\ud835\udc33\ud835\udc1a\ud835\udc2b &amp; \ud835\udc1c\ud835\udc22\ud835\udc1a","article_publisher":"https:\/\/www.facebook.com\/shopbazarcia","article_modified_time":"2026-02-25T20:57:10+00:00","og_image":[{"width":600,"height":600,"url":"https:\/\/shop.bazarcia.com\/wp-content\/uploads\/2026\/02\/ursinho-e-frases-Asas-3D-600x0-1.png","type":"image\/png"}],"twitter_card":"summary_large_image","twitter_misc":{"Est. reading time":"1 minute"},"schema":{"@context":"https:\/\/schema.org","@graph":[{"@type":"WebPage","@id":"https:\/\/shop.bazarcia.com\/produto\/matrizes-de-bordado-ursinho-anjinho-com-frases-e-asas-3d\/","url":"https:\/\/shop.bazarcia.com\/produto\/matrizes-de-bordado-ursinho-anjinho-com-frases-e-asas-3d\/","name":"Matrizes de Bordado - Ursinho Anjinho com Frases e Asas 3D - \ud835\udc1b\ud835\udc1a\ud835\udc33\ud835\udc1a\ud835\udc2b &amp; \ud835\udc1c\ud835\udc22\ud835\udc1a","isPartOf":{"@id":"https:\/\/shop.bazarcia.com\/#website"},"primaryImageOfPage":{"@id":"https:\/\/shop.bazarcia.com\/produto\/matrizes-de-bordado-ursinho-anjinho-com-frases-e-asas-3d\/#primaryimage"},"image":{"@id":"https:\/\/shop.bazarcia.com\/produto\/matrizes-de-bordado-ursinho-anjinho-com-frases-e-asas-3d\/#primaryimage"},"thumbnailUrl":"https:\/\/shop.bazarcia.com\/wp-content\/uploads\/2026\/02\/ursinho-e-frases-Asas-3D-600x0-1.png","datePublished":"2026-02-11T19:52:30+00:00","dateModified":"2026-02-25T20:57:10+00:00","breadcrumb":{"@id":"https:\/\/shop.bazarcia.com\/produto\/matrizes-de-bordado-ursinho-anjinho-com-frases-e-asas-3d\/#breadcrumb"},"inLanguage":"en-US","potentialAction":[{"@type":"ReadAction","target":["https:\/\/shop.bazarcia.com\/produto\/matrizes-de-bordado-ursinho-anjinho-com-frases-e-asas-3d\/"]}]},{"@type":"ImageObject","inLanguage":"en-US","@id":"https:\/\/shop.bazarcia.com\/produto\/matrizes-de-bordado-ursinho-anjinho-com-frases-e-asas-3d\/#primaryimage","url":"https:\/\/shop.bazarcia.com\/wp-content\/uploads\/2026\/02\/ursinho-e-frases-Asas-3D-600x0-1.png","contentUrl":"https:\/\/shop.bazarcia.com\/wp-content\/uploads\/2026\/02\/ursinho-e-frases-Asas-3D-600x0-1.png","width":600,"height":600},{"@type":"BreadcrumbList","@id":"https:\/\/shop.bazarcia.com\/produto\/matrizes-de-bordado-ursinho-anjinho-com-frases-e-asas-3d\/#breadcrumb","itemListElement":[{"@type":"ListItem","position":1,"name":"In\u00edcio","item":"https:\/\/shop.bazarcia.com\/"},{"@type":"ListItem","position":2,"name":"Loja","item":"https:\/\/shop.bazarcia.com\/loja\/"},{"@type":"ListItem","position":3,"name":"Matrizes de Bordado &#8211; Ursinho Anjinho com Frases e Asas 3D"}]},{"@type":"WebSite","@id":"https:\/\/shop.bazarcia.com\/#website","url":"https:\/\/shop.bazarcia.com\/","name":"Bazar & Cia","description":"criatividade ponto a ponto","publisher":{"@id":"https:\/\/shop.bazarcia.com\/#organization"},"potentialAction":[{"@type":"SearchAction","target":{"@type":"EntryPoint","urlTemplate":"https:\/\/shop.bazarcia.com\/?s={search_term_string}"},"query-input":{"@type":"PropertyValueSpecification","valueRequired":true,"valueName":"search_term_string"}}],"inLanguage":"en-US"},{"@type":"Organization","@id":"https:\/\/shop.bazarcia.com\/#organization","name":"Bazar & Cia","url":"https:\/\/shop.bazarcia.com\/","logo":{"@type":"ImageObject","inLanguage":"en-US","@id":"https:\/\/shop.bazarcia.com\/#\/schema\/logo\/image\/","url":"https:\/\/shop.bazarcia.com\/wp-content\/uploads\/2024\/02\/cropped-logo_bazarcia.png","contentUrl":"https:\/\/shop.bazarcia.com\/wp-content\/uploads\/2024\/02\/cropped-logo_bazarcia.png","width":150,"height":150,"caption":"Bazar & Cia"},"image":{"@id":"https:\/\/shop.bazarcia.com\/#\/schema\/logo\/image\/"},"sameAs":["https:\/\/www.facebook.com\/shopbazarcia","https:\/\/www.instagram.com\/shopbazarcia","https:\/\/br.pinterest.com\/suzane_eloise\/","https:\/\/www.youtube.com\/c\/BazardoBordadoMatrizeseProjetos"]}]}},"_links":{"self":[{"href":"https:\/\/shop.bazarcia.com\/en\/wp-json\/wp\/v2\/product\/366942","targetHints":{"allow":["GET"]}}],"collection":[{"href":"https:\/\/shop.bazarcia.com\/en\/wp-json\/wp\/v2\/product"}],"about":[{"href":"https:\/\/shop.bazarcia.com\/en\/wp-json\/wp\/v2\/types\/product"}],"replies":[{"embeddable":true,"href":"https:\/\/shop.bazarcia.com\/en\/wp-json\/wp\/v2\/comments?post=366942"}],"version-history":[{"count":4,"href":"https:\/\/shop.bazarcia.com\/en\/wp-json\/wp\/v2\/product\/366942\/revisions"}],"predecessor-version":[{"id":369063,"href":"https:\/\/shop.bazarcia.com\/en\/wp-json\/wp\/v2\/product\/366942\/revisions\/369063"}],"wp:featuredmedia":[{"embeddable":true,"href":"https:\/\/shop.bazarcia.com\/en\/wp-json\/wp\/v2\/media\/366947"}],"wp:attachment":[{"href":"https:\/\/shop.bazarcia.com\/en\/wp-json\/wp\/v2\/media?parent=366942"}],"wp:term":[{"taxonomy":"product_brand","embeddable":true,"href":"https:\/\/shop.bazarcia.com\/en\/wp-json\/wp\/v2\/product_brand?post=366942"},{"taxonomy":"product_cat","embeddable":true,"href":"https:\/\/shop.bazarcia.com\/en\/wp-json\/wp\/v2\/product_cat?post=366942"},{"taxonomy":"product_tag","embeddable":true,"href":"https:\/\/shop.bazarcia.com\/en\/wp-json\/wp\/v2\/product_tag?post=366942"}],"curies":[{"name":"wp","href":"https:\/\/api.w.org\/{rel}","templated":true}]}}