{"id":366949,"date":"2026-02-11T16:58:26","date_gmt":"2026-02-11T19:58:26","guid":{"rendered":"https:\/\/shop.bazarcia.com\/?post_type=product&#038;p=366949"},"modified":"2026-02-26T17:27:07","modified_gmt":"2026-02-26T20:27:07","slug":"matrizes-de-bordado-colecao-safari-com-animais-fofos-para-personalizacao-infantil","status":"publish","type":"product","link":"https:\/\/shop.bazarcia.com\/en\/product\/matrizes-de-bordado-colecao-safari-com-animais-fofos-para-personalizacao-infantil\/","title":{"rendered":"Matrizes de Bordado &#8211; Cole\u00e7\u00e3o Safari com Animais Fofos"},"content":{"rendered":"<p data-start=\"912\" data-end=\"944\">\u2139\ufe0f <strong data-start=\"915\" data-end=\"942\">Informa\u00e7\u00f5es Adicionais:<\/strong><\/p>\n<ul data-start=\"945\" data-end=\"1210\">\n<li data-start=\"945\" data-end=\"1067\">\n<p data-start=\"947\" data-end=\"1067\">Matrizes de Bordado disponibilizadas em <strong data-start=\"987\" data-end=\"1000\">Pasta ZIP<\/strong>, nos seguintes formatos: PES &#8211; JEF &#8211; EXP &#8211; DST &#8211; XXX &#8211; HUS &#8211; VP3<\/p>\n<\/li>\n<li data-start=\"1103\" data-end=\"1210\">\n<p data-start=\"1105\" data-end=\"1210\"><strong data-start=\"1105\" data-end=\"1124\">Palavras-chave:<\/strong> matriz, matrizes, projeto, bordado, safari, animais, infantil, bichinhos, selva, beb\u00ea<\/p>\n<\/li>\n<\/ul>","protected":false},"excerpt":{"rendered":"<p data-start=\"108\" data-end=\"465\">Explore o encanto da savana com a Cole\u00e7\u00e3o Safari! Uma sele\u00e7\u00e3o irresist\u00edvel de matrizes de bordado com animais como le\u00e3o, girafa, elefante, zebra, macaquinho e muito mais \u2014 perfeitas para criar pe\u00e7as infantis cheias de ternura e aventura. Ideal para decorar toalhas, mantas, roupinhas, mochilas, almofadas e tudo que sua criatividade mandar!<\/p>\n<p data-start=\"108\" data-end=\"465\">Animais avulsos cabem no bastidor 10&#215;10<\/p>\n<p data-start=\"108\" data-end=\"465\">Animais no carrinho somente bastidores grandes: 16&#215;26 &#8211; 20&#215;20<\/p>\n<p data-start=\"467\" data-end=\"711\">\u2022 Tem\u00e1tica l\u00fadica e encantadora para beb\u00eas e crian\u00e7as<br data-start=\"520\" data-end=\"523\" \/>\u2022 Perfeita para presentes personalizados e enxovais<br data-start=\"574\" data-end=\"577\" \/>\u2022 Combina com quartos tem\u00e1ticos, lembrancinhas e pe\u00e7as escolares<br data-start=\"641\" data-end=\"644\" \/>\u2022 Matrizes com tra\u00e7os delicados e cores vibrantes, f\u00e1ceis de bordar<\/p>\n<p data-start=\"1105\" data-end=\"1210\">","protected":false},"featured_media":366951,"comment_status":"open","ping_status":"closed","template":"","meta":{"_acf_changed":false,"_joinchat":[]},"product_brand":[],"product_cat":[122,1059,187,236,1977,237,84,234,239,240],"product_tag":[],"class_list":{"0":"post-366949","1":"product","2":"type-product","3":"status-publish","4":"has-post-thumbnail","6":"product_cat-matrizes-de-bordado-animais","7":"product_cat-criancas","8":"product_cat-elefantinhos","9":"product_cat-hipopotamos","10":"product_cat-infantil","11":"product_cat-leaozinho","12":"product_cat-matrizes-de-bordado","13":"product_cat-safari","14":"product_cat-tigre","15":"product_cat-zebrinha","17":"first","18":"instock","19":"downloadable","20":"virtual","21":"purchasable","22":"product-type-simple"},"acf":[],"yoast_head":"<!-- This site is optimized with the Yoast SEO plugin v27.2 - https:\/\/yoast.com\/product\/yoast-seo-wordpress\/ -->\n<title>Matrizes de Bordado - Cole\u00e7\u00e3o Safari com Animais Fofos - \ud835\udc1b\ud835\udc1a\ud835\udc33\ud835\udc1a\ud835\udc2b &amp; \ud835\udc1c\ud835\udc22\ud835\udc1a<\/title>\n<meta name=\"robots\" content=\"index, follow, max-snippet:-1, max-image-preview:large, max-video-preview:-1\" \/>\n<link rel=\"canonical\" href=\"https:\/\/shop.bazarcia.com\/en\/product\/matrizes-de-bordado-colecao-safari-com-animais-fofos-para-personalizacao-infantil\/\" \/>\n<meta property=\"og:locale\" content=\"en_US\" \/>\n<meta property=\"og:type\" content=\"article\" \/>\n<meta property=\"og:title\" content=\"Matrizes de Bordado - Cole\u00e7\u00e3o Safari com Animais Fofos - \ud835\udc1b\ud835\udc1a\ud835\udc33\ud835\udc1a\ud835\udc2b &amp; \ud835\udc1c\ud835\udc22\ud835\udc1a\" \/>\n<meta property=\"og:description\" content=\"Explore o encanto da savana com a Cole\u00e7\u00e3o Safari! Uma sele\u00e7\u00e3o irresist\u00edvel de matrizes de bordado com animais como le\u00e3o, girafa, elefante, zebra, macaquinho e muito mais \u2014 perfeitas para criar pe\u00e7as infantis cheias de ternura e aventura. Ideal para decorar toalhas, mantas, roupinhas, mochilas, almofadas e tudo que sua criatividade mandar! Animais avulsos cabem no bastidor 10x10 Animais no carrinho somente bastidores grandes: 16x26 - 20x20 \u2022 Tem\u00e1tica l\u00fadica e encantadora para beb\u00eas e crian\u00e7as\u2022 Perfeita para presentes personalizados e enxovais\u2022 Combina com quartos tem\u00e1ticos, lembrancinhas e pe\u00e7as escolares\u2022 Matrizes com tra\u00e7os delicados e cores vibrantes, f\u00e1ceis de bordar\" \/>\n<meta property=\"og:url\" content=\"https:\/\/shop.bazarcia.com\/en\/product\/matrizes-de-bordado-colecao-safari-com-animais-fofos-para-personalizacao-infantil\/\" \/>\n<meta property=\"og:site_name\" content=\"\ud835\udc1b\ud835\udc1a\ud835\udc33\ud835\udc1a\ud835\udc2b &amp; \ud835\udc1c\ud835\udc22\ud835\udc1a\" \/>\n<meta property=\"article:publisher\" content=\"https:\/\/www.facebook.com\/shopbazarcia\" \/>\n<meta property=\"article:modified_time\" content=\"2026-02-26T20:27:07+00:00\" \/>\n<meta property=\"og:image\" content=\"https:\/\/shop.bazarcia.com\/wp-content\/uploads\/2026\/02\/safari-1-1-600x0-1.png\" \/>\n\t<meta property=\"og:image:width\" content=\"600\" \/>\n\t<meta property=\"og:image:height\" content=\"600\" \/>\n\t<meta property=\"og:image:type\" content=\"image\/png\" \/>\n<meta name=\"twitter:card\" content=\"summary_large_image\" \/>\n<meta name=\"twitter:label1\" content=\"Est. reading time\" \/>\n\t<meta name=\"twitter:data1\" content=\"1 minute\" \/>\n<script type=\"application\/ld+json\" class=\"yoast-schema-graph\">{\"@context\":\"https:\/\/schema.org\",\"@graph\":[{\"@type\":\"WebPage\",\"@id\":\"https:\/\/shop.bazarcia.com\/produto\/matrizes-de-bordado-colecao-safari-com-animais-fofos-para-personalizacao-infantil\/\",\"url\":\"https:\/\/shop.bazarcia.com\/produto\/matrizes-de-bordado-colecao-safari-com-animais-fofos-para-personalizacao-infantil\/\",\"name\":\"Matrizes de Bordado - Cole\u00e7\u00e3o Safari com Animais Fofos - \ud835\udc1b\ud835\udc1a\ud835\udc33\ud835\udc1a\ud835\udc2b &amp; \ud835\udc1c\ud835\udc22\ud835\udc1a\",\"isPartOf\":{\"@id\":\"https:\/\/shop.bazarcia.com\/#website\"},\"primaryImageOfPage\":{\"@id\":\"https:\/\/shop.bazarcia.com\/produto\/matrizes-de-bordado-colecao-safari-com-animais-fofos-para-personalizacao-infantil\/#primaryimage\"},\"image\":{\"@id\":\"https:\/\/shop.bazarcia.com\/produto\/matrizes-de-bordado-colecao-safari-com-animais-fofos-para-personalizacao-infantil\/#primaryimage\"},\"thumbnailUrl\":\"https:\/\/shop.bazarcia.com\/wp-content\/uploads\/2026\/02\/safari-1-1-600x0-1.png\",\"datePublished\":\"2026-02-11T19:58:26+00:00\",\"dateModified\":\"2026-02-26T20:27:07+00:00\",\"breadcrumb\":{\"@id\":\"https:\/\/shop.bazarcia.com\/produto\/matrizes-de-bordado-colecao-safari-com-animais-fofos-para-personalizacao-infantil\/#breadcrumb\"},\"inLanguage\":\"en-US\",\"potentialAction\":[{\"@type\":\"ReadAction\",\"target\":[\"https:\/\/shop.bazarcia.com\/produto\/matrizes-de-bordado-colecao-safari-com-animais-fofos-para-personalizacao-infantil\/\"]}]},{\"@type\":\"ImageObject\",\"inLanguage\":\"en-US\",\"@id\":\"https:\/\/shop.bazarcia.com\/produto\/matrizes-de-bordado-colecao-safari-com-animais-fofos-para-personalizacao-infantil\/#primaryimage\",\"url\":\"https:\/\/shop.bazarcia.com\/wp-content\/uploads\/2026\/02\/safari-1-1-600x0-1.png\",\"contentUrl\":\"https:\/\/shop.bazarcia.com\/wp-content\/uploads\/2026\/02\/safari-1-1-600x0-1.png\",\"width\":600,\"height\":600},{\"@type\":\"BreadcrumbList\",\"@id\":\"https:\/\/shop.bazarcia.com\/produto\/matrizes-de-bordado-colecao-safari-com-animais-fofos-para-personalizacao-infantil\/#breadcrumb\",\"itemListElement\":[{\"@type\":\"ListItem\",\"position\":1,\"name\":\"In\u00edcio\",\"item\":\"https:\/\/shop.bazarcia.com\/\"},{\"@type\":\"ListItem\",\"position\":2,\"name\":\"Loja\",\"item\":\"https:\/\/shop.bazarcia.com\/loja\/\"},{\"@type\":\"ListItem\",\"position\":3,\"name\":\"Matrizes de Bordado &#8211; Cole\u00e7\u00e3o Safari com Animais Fofos\"}]},{\"@type\":\"WebSite\",\"@id\":\"https:\/\/shop.bazarcia.com\/#website\",\"url\":\"https:\/\/shop.bazarcia.com\/\",\"name\":\"Bazar & Cia\",\"description\":\"criatividade ponto a ponto\",\"publisher\":{\"@id\":\"https:\/\/shop.bazarcia.com\/#organization\"},\"potentialAction\":[{\"@type\":\"SearchAction\",\"target\":{\"@type\":\"EntryPoint\",\"urlTemplate\":\"https:\/\/shop.bazarcia.com\/?s={search_term_string}\"},\"query-input\":{\"@type\":\"PropertyValueSpecification\",\"valueRequired\":true,\"valueName\":\"search_term_string\"}}],\"inLanguage\":\"en-US\"},{\"@type\":\"Organization\",\"@id\":\"https:\/\/shop.bazarcia.com\/#organization\",\"name\":\"Bazar & Cia\",\"url\":\"https:\/\/shop.bazarcia.com\/\",\"logo\":{\"@type\":\"ImageObject\",\"inLanguage\":\"en-US\",\"@id\":\"https:\/\/shop.bazarcia.com\/#\/schema\/logo\/image\/\",\"url\":\"https:\/\/shop.bazarcia.com\/wp-content\/uploads\/2024\/02\/cropped-logo_bazarcia.png\",\"contentUrl\":\"https:\/\/shop.bazarcia.com\/wp-content\/uploads\/2024\/02\/cropped-logo_bazarcia.png\",\"width\":150,\"height\":150,\"caption\":\"Bazar & Cia\"},\"image\":{\"@id\":\"https:\/\/shop.bazarcia.com\/#\/schema\/logo\/image\/\"},\"sameAs\":[\"https:\/\/www.facebook.com\/shopbazarcia\",\"https:\/\/www.instagram.com\/shopbazarcia\",\"https:\/\/br.pinterest.com\/suzane_eloise\/\",\"https:\/\/www.youtube.com\/c\/BazardoBordadoMatrizeseProjetos\"]}]}<\/script>\n<!-- \/ Yoast SEO plugin. -->","yoast_head_json":{"title":"Matrizes de Bordado - Cole\u00e7\u00e3o Safari com Animais Fofos - \ud835\udc1b\ud835\udc1a\ud835\udc33\ud835\udc1a\ud835\udc2b &amp; \ud835\udc1c\ud835\udc22\ud835\udc1a","robots":{"index":"index","follow":"follow","max-snippet":"max-snippet:-1","max-image-preview":"max-image-preview:large","max-video-preview":"max-video-preview:-1"},"canonical":"https:\/\/shop.bazarcia.com\/en\/product\/matrizes-de-bordado-colecao-safari-com-animais-fofos-para-personalizacao-infantil\/","og_locale":"en_US","og_type":"article","og_title":"Matrizes de Bordado - Cole\u00e7\u00e3o Safari com Animais Fofos - \ud835\udc1b\ud835\udc1a\ud835\udc33\ud835\udc1a\ud835\udc2b &amp; \ud835\udc1c\ud835\udc22\ud835\udc1a","og_description":"Explore o encanto da savana com a Cole\u00e7\u00e3o Safari! Uma sele\u00e7\u00e3o irresist\u00edvel de matrizes de bordado com animais como le\u00e3o, girafa, elefante, zebra, macaquinho e muito mais \u2014 perfeitas para criar pe\u00e7as infantis cheias de ternura e aventura. Ideal para decorar toalhas, mantas, roupinhas, mochilas, almofadas e tudo que sua criatividade mandar! Animais avulsos cabem no bastidor 10x10 Animais no carrinho somente bastidores grandes: 16x26 - 20x20 \u2022 Tem\u00e1tica l\u00fadica e encantadora para beb\u00eas e crian\u00e7as\u2022 Perfeita para presentes personalizados e enxovais\u2022 Combina com quartos tem\u00e1ticos, lembrancinhas e pe\u00e7as escolares\u2022 Matrizes com tra\u00e7os delicados e cores vibrantes, f\u00e1ceis de bordar","og_url":"https:\/\/shop.bazarcia.com\/en\/product\/matrizes-de-bordado-colecao-safari-com-animais-fofos-para-personalizacao-infantil\/","og_site_name":"\ud835\udc1b\ud835\udc1a\ud835\udc33\ud835\udc1a\ud835\udc2b &amp; \ud835\udc1c\ud835\udc22\ud835\udc1a","article_publisher":"https:\/\/www.facebook.com\/shopbazarcia","article_modified_time":"2026-02-26T20:27:07+00:00","og_image":[{"width":600,"height":600,"url":"https:\/\/shop.bazarcia.com\/wp-content\/uploads\/2026\/02\/safari-1-1-600x0-1.png","type":"image\/png"}],"twitter_card":"summary_large_image","twitter_misc":{"Est. reading time":"1 minute"},"schema":{"@context":"https:\/\/schema.org","@graph":[{"@type":"WebPage","@id":"https:\/\/shop.bazarcia.com\/produto\/matrizes-de-bordado-colecao-safari-com-animais-fofos-para-personalizacao-infantil\/","url":"https:\/\/shop.bazarcia.com\/produto\/matrizes-de-bordado-colecao-safari-com-animais-fofos-para-personalizacao-infantil\/","name":"Matrizes de Bordado - Cole\u00e7\u00e3o Safari com Animais Fofos - \ud835\udc1b\ud835\udc1a\ud835\udc33\ud835\udc1a\ud835\udc2b &amp; \ud835\udc1c\ud835\udc22\ud835\udc1a","isPartOf":{"@id":"https:\/\/shop.bazarcia.com\/#website"},"primaryImageOfPage":{"@id":"https:\/\/shop.bazarcia.com\/produto\/matrizes-de-bordado-colecao-safari-com-animais-fofos-para-personalizacao-infantil\/#primaryimage"},"image":{"@id":"https:\/\/shop.bazarcia.com\/produto\/matrizes-de-bordado-colecao-safari-com-animais-fofos-para-personalizacao-infantil\/#primaryimage"},"thumbnailUrl":"https:\/\/shop.bazarcia.com\/wp-content\/uploads\/2026\/02\/safari-1-1-600x0-1.png","datePublished":"2026-02-11T19:58:26+00:00","dateModified":"2026-02-26T20:27:07+00:00","breadcrumb":{"@id":"https:\/\/shop.bazarcia.com\/produto\/matrizes-de-bordado-colecao-safari-com-animais-fofos-para-personalizacao-infantil\/#breadcrumb"},"inLanguage":"en-US","potentialAction":[{"@type":"ReadAction","target":["https:\/\/shop.bazarcia.com\/produto\/matrizes-de-bordado-colecao-safari-com-animais-fofos-para-personalizacao-infantil\/"]}]},{"@type":"ImageObject","inLanguage":"en-US","@id":"https:\/\/shop.bazarcia.com\/produto\/matrizes-de-bordado-colecao-safari-com-animais-fofos-para-personalizacao-infantil\/#primaryimage","url":"https:\/\/shop.bazarcia.com\/wp-content\/uploads\/2026\/02\/safari-1-1-600x0-1.png","contentUrl":"https:\/\/shop.bazarcia.com\/wp-content\/uploads\/2026\/02\/safari-1-1-600x0-1.png","width":600,"height":600},{"@type":"BreadcrumbList","@id":"https:\/\/shop.bazarcia.com\/produto\/matrizes-de-bordado-colecao-safari-com-animais-fofos-para-personalizacao-infantil\/#breadcrumb","itemListElement":[{"@type":"ListItem","position":1,"name":"In\u00edcio","item":"https:\/\/shop.bazarcia.com\/"},{"@type":"ListItem","position":2,"name":"Loja","item":"https:\/\/shop.bazarcia.com\/loja\/"},{"@type":"ListItem","position":3,"name":"Matrizes de Bordado &#8211; Cole\u00e7\u00e3o Safari com Animais Fofos"}]},{"@type":"WebSite","@id":"https:\/\/shop.bazarcia.com\/#website","url":"https:\/\/shop.bazarcia.com\/","name":"Bazar & Cia","description":"criatividade ponto a ponto","publisher":{"@id":"https:\/\/shop.bazarcia.com\/#organization"},"potentialAction":[{"@type":"SearchAction","target":{"@type":"EntryPoint","urlTemplate":"https:\/\/shop.bazarcia.com\/?s={search_term_string}"},"query-input":{"@type":"PropertyValueSpecification","valueRequired":true,"valueName":"search_term_string"}}],"inLanguage":"en-US"},{"@type":"Organization","@id":"https:\/\/shop.bazarcia.com\/#organization","name":"Bazar & Cia","url":"https:\/\/shop.bazarcia.com\/","logo":{"@type":"ImageObject","inLanguage":"en-US","@id":"https:\/\/shop.bazarcia.com\/#\/schema\/logo\/image\/","url":"https:\/\/shop.bazarcia.com\/wp-content\/uploads\/2024\/02\/cropped-logo_bazarcia.png","contentUrl":"https:\/\/shop.bazarcia.com\/wp-content\/uploads\/2024\/02\/cropped-logo_bazarcia.png","width":150,"height":150,"caption":"Bazar & Cia"},"image":{"@id":"https:\/\/shop.bazarcia.com\/#\/schema\/logo\/image\/"},"sameAs":["https:\/\/www.facebook.com\/shopbazarcia","https:\/\/www.instagram.com\/shopbazarcia","https:\/\/br.pinterest.com\/suzane_eloise\/","https:\/\/www.youtube.com\/c\/BazardoBordadoMatrizeseProjetos"]}]}},"_links":{"self":[{"href":"https:\/\/shop.bazarcia.com\/en\/wp-json\/wp\/v2\/product\/366949","targetHints":{"allow":["GET"]}}],"collection":[{"href":"https:\/\/shop.bazarcia.com\/en\/wp-json\/wp\/v2\/product"}],"about":[{"href":"https:\/\/shop.bazarcia.com\/en\/wp-json\/wp\/v2\/types\/product"}],"replies":[{"embeddable":true,"href":"https:\/\/shop.bazarcia.com\/en\/wp-json\/wp\/v2\/comments?post=366949"}],"version-history":[{"count":4,"href":"https:\/\/shop.bazarcia.com\/en\/wp-json\/wp\/v2\/product\/366949\/revisions"}],"predecessor-version":[{"id":369234,"href":"https:\/\/shop.bazarcia.com\/en\/wp-json\/wp\/v2\/product\/366949\/revisions\/369234"}],"wp:featuredmedia":[{"embeddable":true,"href":"https:\/\/shop.bazarcia.com\/en\/wp-json\/wp\/v2\/media\/366951"}],"wp:attachment":[{"href":"https:\/\/shop.bazarcia.com\/en\/wp-json\/wp\/v2\/media?parent=366949"}],"wp:term":[{"taxonomy":"product_brand","embeddable":true,"href":"https:\/\/shop.bazarcia.com\/en\/wp-json\/wp\/v2\/product_brand?post=366949"},{"taxonomy":"product_cat","embeddable":true,"href":"https:\/\/shop.bazarcia.com\/en\/wp-json\/wp\/v2\/product_cat?post=366949"},{"taxonomy":"product_tag","embeddable":true,"href":"https:\/\/shop.bazarcia.com\/en\/wp-json\/wp\/v2\/product_tag?post=366949"}],"curies":[{"name":"wp","href":"https:\/\/api.w.org\/{rel}","templated":true}]}}