{"id":367957,"date":"2026-02-19T09:47:28","date_gmt":"2026-02-19T12:47:28","guid":{"rendered":"https:\/\/shop.bazarcia.com\/?post_type=product&#038;p=367957"},"modified":"2026-02-19T14:37:14","modified_gmt":"2026-02-19T17:37:14","slug":"matriz-de-bordado-plaquinhas-com-coelhinho-e-coracoes","status":"publish","type":"product","link":"https:\/\/shop.bazarcia.com\/en\/product\/matriz-de-bordado-plaquinhas-com-coelhinho-e-coracoes\/","title":{"rendered":"Matriz de Bordado &#8211; Plaquinhas com Coelhinho e Cora\u00e7\u00f5es"},"content":{"rendered":"<h4><em>Matriz de bordado para ser utilizada em m\u00e1quina de bordar computadorizada. Programada em pontos leves, com 7 cores, 8 trocas de linha facilitando o acabamento. Os pontos mais abertos permitem ver aquele brilho quando usado o papel nacarado por baixo do bordado.<\/em><\/h4>\n<h4><em>Os arquivos est\u00e3o uma pasta compactada para download imediato ap\u00f3s a compra, necessita descompactar para acessar as matrizes.<\/em><\/h4>\n<h4><em>Disponibilizamos 3 (quatro) tamanhos, com alturas de 10, 13 e 16 cm, que atendem os principais bastidores de m\u00e1quina, 10&#215;10 \/13&#215;18 \/ 14&#215;20 e maiores;<\/em><\/h4>\n<h4><em>6 (seis) formatos de Arquivos: Brother PES, Janome JEF, M\u00e1quinas Industriais DST, \u00a0Singer XXX, Husqvarna HUS, Bernina\/Melco\u00a0 EXP<\/em><\/h4>\n<h4><em>Sugerimos tirar quaisquer d\u00favidas antes de efetuar a compra pois este \u00e9 um produto digital e, portanto, reserva o direito de n\u00e3o aceitar devolu\u00e7\u00e3o.<\/em><\/h4>\n<p>&nbsp;<\/p>\n<h4><em>Orientamos que toda matriz de bordados seja testada, em tecido semelhante ao do produto final antes de executar o bordado no produto do cliente, isso evitar\u00e1 perdas e retrabalho.<\/em><\/h4>","protected":false},"excerpt":{"rendered":"<h4><em><span style=\"font-family: 'Arial',sans-serif\">Matriz de Bordado testada em pontos leves, r\u00e1pida de bordar e f\u00e1cil de dar acabamento.<\/span><\/em><\/h4>\n<h4><em>S\u00e3o duas matrizes separadas, uma com texto e outra sem texto para voc\u00ea compor como quiser.<\/em><\/h4>\n<h4><em><span style=\"font-family: 'Arial',sans-serif\">Usando o papel nacarado por baixo do bordado, deixa aparente aquele brilho que a gente tanto ama.<\/span><\/em><\/h4>","protected":false},"featured_media":368046,"comment_status":"open","ping_status":"closed","template":"","meta":{"_acf_changed":false,"_joinchat":[]},"product_brand":[],"product_cat":[137,84,312,336,1550,165],"product_tag":[1170,1431,1433,1430,1432],"class_list":{"0":"post-367957","1":"product","2":"type-product","3":"status-publish","4":"has-post-thumbnail","6":"product_cat-datas-especiais","7":"product_cat-matrizes-de-bordado","8":"product_cat-matrizes-pontos-leves","9":"product_cat-molduras","10":"product_cat-molduras-em-bordado","11":"product_cat-matriz-de-bordado-pascoa","12":"product_tag-bordado","13":"product_tag-bordado-computadorizado","14":"product_tag-bordado-eletronico","15":"product_tag-matriz-de-bordado","16":"product_tag-matrizes-de-bordado","18":"first","19":"instock","20":"sale","21":"downloadable","22":"virtual","23":"purchasable","24":"product-type-simple"},"acf":[],"yoast_head":"<!-- This site is optimized with the Yoast SEO plugin v27.2 - https:\/\/yoast.com\/product\/yoast-seo-wordpress\/ -->\n<title>Matriz de Bordado - Plaquinhas com Coelhinho e Cora\u00e7\u00f5es - \ud835\udc1b\ud835\udc1a\ud835\udc33\ud835\udc1a\ud835\udc2b &amp; \ud835\udc1c\ud835\udc22\ud835\udc1a<\/title>\n<meta name=\"robots\" content=\"index, follow, max-snippet:-1, max-image-preview:large, max-video-preview:-1\" \/>\n<link rel=\"canonical\" href=\"https:\/\/shop.bazarcia.com\/en\/product\/matriz-de-bordado-plaquinhas-com-coelhinho-e-coracoes\/\" \/>\n<meta property=\"og:locale\" content=\"en_US\" \/>\n<meta property=\"og:type\" content=\"article\" \/>\n<meta property=\"og:title\" content=\"Matriz de Bordado - Plaquinhas com Coelhinho e Cora\u00e7\u00f5es - \ud835\udc1b\ud835\udc1a\ud835\udc33\ud835\udc1a\ud835\udc2b &amp; \ud835\udc1c\ud835\udc22\ud835\udc1a\" \/>\n<meta property=\"og:description\" content=\"Matriz de Bordado testada em pontos leves, r\u00e1pida de bordar e f\u00e1cil de dar acabamento. S\u00e3o duas matrizes separadas, uma com texto e outra sem texto para voc\u00ea compor como quiser. Usando o papel nacarado por baixo do bordado, deixa aparente aquele brilho que a gente tanto ama.\" \/>\n<meta property=\"og:url\" content=\"https:\/\/shop.bazarcia.com\/en\/product\/matriz-de-bordado-plaquinhas-com-coelhinho-e-coracoes\/\" \/>\n<meta property=\"og:site_name\" content=\"\ud835\udc1b\ud835\udc1a\ud835\udc33\ud835\udc1a\ud835\udc2b &amp; \ud835\udc1c\ud835\udc22\ud835\udc1a\" \/>\n<meta property=\"article:publisher\" content=\"https:\/\/www.facebook.com\/shopbazarcia\" \/>\n<meta property=\"article:modified_time\" content=\"2026-02-19T17:37:14+00:00\" \/>\n<meta property=\"og:image\" content=\"https:\/\/shop.bazarcia.com\/wp-content\/uploads\/2026\/02\/Coelho-sobre-plaquinha-Matriz-Testada-sugestao-de-uso.jpg\" \/>\n\t<meta property=\"og:image:width\" content=\"1080\" \/>\n\t<meta property=\"og:image:height\" content=\"1080\" \/>\n\t<meta property=\"og:image:type\" content=\"image\/jpeg\" \/>\n<meta name=\"twitter:card\" content=\"summary_large_image\" \/>\n<meta name=\"twitter:label1\" content=\"Est. reading time\" \/>\n\t<meta name=\"twitter:data1\" content=\"1 minute\" \/>\n<script type=\"application\/ld+json\" class=\"yoast-schema-graph\">{\"@context\":\"https:\/\/schema.org\",\"@graph\":[{\"@type\":\"WebPage\",\"@id\":\"https:\/\/shop.bazarcia.com\/produto\/matriz-de-bordado-plaquinhas-com-coelhinho-e-coracoes\/\",\"url\":\"https:\/\/shop.bazarcia.com\/produto\/matriz-de-bordado-plaquinhas-com-coelhinho-e-coracoes\/\",\"name\":\"Matriz de Bordado - Plaquinhas com Coelhinho e Cora\u00e7\u00f5es - \ud835\udc1b\ud835\udc1a\ud835\udc33\ud835\udc1a\ud835\udc2b &amp; \ud835\udc1c\ud835\udc22\ud835\udc1a\",\"isPartOf\":{\"@id\":\"https:\/\/shop.bazarcia.com\/#website\"},\"primaryImageOfPage\":{\"@id\":\"https:\/\/shop.bazarcia.com\/produto\/matriz-de-bordado-plaquinhas-com-coelhinho-e-coracoes\/#primaryimage\"},\"image\":{\"@id\":\"https:\/\/shop.bazarcia.com\/produto\/matriz-de-bordado-plaquinhas-com-coelhinho-e-coracoes\/#primaryimage\"},\"thumbnailUrl\":\"https:\/\/shop.bazarcia.com\/wp-content\/uploads\/2026\/02\/Coelho-sobre-plaquinha-Matriz-Testada-sugestao-de-uso.jpg\",\"datePublished\":\"2026-02-19T12:47:28+00:00\",\"dateModified\":\"2026-02-19T17:37:14+00:00\",\"breadcrumb\":{\"@id\":\"https:\/\/shop.bazarcia.com\/produto\/matriz-de-bordado-plaquinhas-com-coelhinho-e-coracoes\/#breadcrumb\"},\"inLanguage\":\"en-US\",\"potentialAction\":[{\"@type\":\"ReadAction\",\"target\":[\"https:\/\/shop.bazarcia.com\/produto\/matriz-de-bordado-plaquinhas-com-coelhinho-e-coracoes\/\"]}]},{\"@type\":\"ImageObject\",\"inLanguage\":\"en-US\",\"@id\":\"https:\/\/shop.bazarcia.com\/produto\/matriz-de-bordado-plaquinhas-com-coelhinho-e-coracoes\/#primaryimage\",\"url\":\"https:\/\/shop.bazarcia.com\/wp-content\/uploads\/2026\/02\/Coelho-sobre-plaquinha-Matriz-Testada-sugestao-de-uso.jpg\",\"contentUrl\":\"https:\/\/shop.bazarcia.com\/wp-content\/uploads\/2026\/02\/Coelho-sobre-plaquinha-Matriz-Testada-sugestao-de-uso.jpg\",\"width\":1080,\"height\":1080},{\"@type\":\"BreadcrumbList\",\"@id\":\"https:\/\/shop.bazarcia.com\/produto\/matriz-de-bordado-plaquinhas-com-coelhinho-e-coracoes\/#breadcrumb\",\"itemListElement\":[{\"@type\":\"ListItem\",\"position\":1,\"name\":\"In\u00edcio\",\"item\":\"https:\/\/shop.bazarcia.com\/\"},{\"@type\":\"ListItem\",\"position\":2,\"name\":\"Loja\",\"item\":\"https:\/\/shop.bazarcia.com\/loja\/\"},{\"@type\":\"ListItem\",\"position\":3,\"name\":\"Matriz de Bordado &#8211; Plaquinhas com Coelhinho e Cora\u00e7\u00f5es\"}]},{\"@type\":\"WebSite\",\"@id\":\"https:\/\/shop.bazarcia.com\/#website\",\"url\":\"https:\/\/shop.bazarcia.com\/\",\"name\":\"Bazar & Cia\",\"description\":\"criatividade ponto a ponto\",\"publisher\":{\"@id\":\"https:\/\/shop.bazarcia.com\/#organization\"},\"potentialAction\":[{\"@type\":\"SearchAction\",\"target\":{\"@type\":\"EntryPoint\",\"urlTemplate\":\"https:\/\/shop.bazarcia.com\/?s={search_term_string}\"},\"query-input\":{\"@type\":\"PropertyValueSpecification\",\"valueRequired\":true,\"valueName\":\"search_term_string\"}}],\"inLanguage\":\"en-US\"},{\"@type\":\"Organization\",\"@id\":\"https:\/\/shop.bazarcia.com\/#organization\",\"name\":\"Bazar & Cia\",\"url\":\"https:\/\/shop.bazarcia.com\/\",\"logo\":{\"@type\":\"ImageObject\",\"inLanguage\":\"en-US\",\"@id\":\"https:\/\/shop.bazarcia.com\/#\/schema\/logo\/image\/\",\"url\":\"https:\/\/shop.bazarcia.com\/wp-content\/uploads\/2024\/02\/cropped-logo_bazarcia.png\",\"contentUrl\":\"https:\/\/shop.bazarcia.com\/wp-content\/uploads\/2024\/02\/cropped-logo_bazarcia.png\",\"width\":150,\"height\":150,\"caption\":\"Bazar & Cia\"},\"image\":{\"@id\":\"https:\/\/shop.bazarcia.com\/#\/schema\/logo\/image\/\"},\"sameAs\":[\"https:\/\/www.facebook.com\/shopbazarcia\",\"https:\/\/www.instagram.com\/shopbazarcia\",\"https:\/\/br.pinterest.com\/suzane_eloise\/\",\"https:\/\/www.youtube.com\/c\/BazardoBordadoMatrizeseProjetos\"]}]}<\/script>\n<!-- \/ Yoast SEO plugin. -->","yoast_head_json":{"title":"Matriz de Bordado - Plaquinhas com Coelhinho e Cora\u00e7\u00f5es - \ud835\udc1b\ud835\udc1a\ud835\udc33\ud835\udc1a\ud835\udc2b &amp; \ud835\udc1c\ud835\udc22\ud835\udc1a","robots":{"index":"index","follow":"follow","max-snippet":"max-snippet:-1","max-image-preview":"max-image-preview:large","max-video-preview":"max-video-preview:-1"},"canonical":"https:\/\/shop.bazarcia.com\/en\/product\/matriz-de-bordado-plaquinhas-com-coelhinho-e-coracoes\/","og_locale":"en_US","og_type":"article","og_title":"Matriz de Bordado - Plaquinhas com Coelhinho e Cora\u00e7\u00f5es - \ud835\udc1b\ud835\udc1a\ud835\udc33\ud835\udc1a\ud835\udc2b &amp; \ud835\udc1c\ud835\udc22\ud835\udc1a","og_description":"Matriz de Bordado testada em pontos leves, r\u00e1pida de bordar e f\u00e1cil de dar acabamento. S\u00e3o duas matrizes separadas, uma com texto e outra sem texto para voc\u00ea compor como quiser. Usando o papel nacarado por baixo do bordado, deixa aparente aquele brilho que a gente tanto ama.","og_url":"https:\/\/shop.bazarcia.com\/en\/product\/matriz-de-bordado-plaquinhas-com-coelhinho-e-coracoes\/","og_site_name":"\ud835\udc1b\ud835\udc1a\ud835\udc33\ud835\udc1a\ud835\udc2b &amp; \ud835\udc1c\ud835\udc22\ud835\udc1a","article_publisher":"https:\/\/www.facebook.com\/shopbazarcia","article_modified_time":"2026-02-19T17:37:14+00:00","og_image":[{"width":1080,"height":1080,"url":"https:\/\/shop.bazarcia.com\/wp-content\/uploads\/2026\/02\/Coelho-sobre-plaquinha-Matriz-Testada-sugestao-de-uso.jpg","type":"image\/jpeg"}],"twitter_card":"summary_large_image","twitter_misc":{"Est. reading time":"1 minute"},"schema":{"@context":"https:\/\/schema.org","@graph":[{"@type":"WebPage","@id":"https:\/\/shop.bazarcia.com\/produto\/matriz-de-bordado-plaquinhas-com-coelhinho-e-coracoes\/","url":"https:\/\/shop.bazarcia.com\/produto\/matriz-de-bordado-plaquinhas-com-coelhinho-e-coracoes\/","name":"Matriz de Bordado - Plaquinhas com Coelhinho e Cora\u00e7\u00f5es - \ud835\udc1b\ud835\udc1a\ud835\udc33\ud835\udc1a\ud835\udc2b &amp; \ud835\udc1c\ud835\udc22\ud835\udc1a","isPartOf":{"@id":"https:\/\/shop.bazarcia.com\/#website"},"primaryImageOfPage":{"@id":"https:\/\/shop.bazarcia.com\/produto\/matriz-de-bordado-plaquinhas-com-coelhinho-e-coracoes\/#primaryimage"},"image":{"@id":"https:\/\/shop.bazarcia.com\/produto\/matriz-de-bordado-plaquinhas-com-coelhinho-e-coracoes\/#primaryimage"},"thumbnailUrl":"https:\/\/shop.bazarcia.com\/wp-content\/uploads\/2026\/02\/Coelho-sobre-plaquinha-Matriz-Testada-sugestao-de-uso.jpg","datePublished":"2026-02-19T12:47:28+00:00","dateModified":"2026-02-19T17:37:14+00:00","breadcrumb":{"@id":"https:\/\/shop.bazarcia.com\/produto\/matriz-de-bordado-plaquinhas-com-coelhinho-e-coracoes\/#breadcrumb"},"inLanguage":"en-US","potentialAction":[{"@type":"ReadAction","target":["https:\/\/shop.bazarcia.com\/produto\/matriz-de-bordado-plaquinhas-com-coelhinho-e-coracoes\/"]}]},{"@type":"ImageObject","inLanguage":"en-US","@id":"https:\/\/shop.bazarcia.com\/produto\/matriz-de-bordado-plaquinhas-com-coelhinho-e-coracoes\/#primaryimage","url":"https:\/\/shop.bazarcia.com\/wp-content\/uploads\/2026\/02\/Coelho-sobre-plaquinha-Matriz-Testada-sugestao-de-uso.jpg","contentUrl":"https:\/\/shop.bazarcia.com\/wp-content\/uploads\/2026\/02\/Coelho-sobre-plaquinha-Matriz-Testada-sugestao-de-uso.jpg","width":1080,"height":1080},{"@type":"BreadcrumbList","@id":"https:\/\/shop.bazarcia.com\/produto\/matriz-de-bordado-plaquinhas-com-coelhinho-e-coracoes\/#breadcrumb","itemListElement":[{"@type":"ListItem","position":1,"name":"In\u00edcio","item":"https:\/\/shop.bazarcia.com\/"},{"@type":"ListItem","position":2,"name":"Loja","item":"https:\/\/shop.bazarcia.com\/loja\/"},{"@type":"ListItem","position":3,"name":"Matriz de Bordado &#8211; Plaquinhas com Coelhinho e Cora\u00e7\u00f5es"}]},{"@type":"WebSite","@id":"https:\/\/shop.bazarcia.com\/#website","url":"https:\/\/shop.bazarcia.com\/","name":"Bazar & Cia","description":"criatividade ponto a ponto","publisher":{"@id":"https:\/\/shop.bazarcia.com\/#organization"},"potentialAction":[{"@type":"SearchAction","target":{"@type":"EntryPoint","urlTemplate":"https:\/\/shop.bazarcia.com\/?s={search_term_string}"},"query-input":{"@type":"PropertyValueSpecification","valueRequired":true,"valueName":"search_term_string"}}],"inLanguage":"en-US"},{"@type":"Organization","@id":"https:\/\/shop.bazarcia.com\/#organization","name":"Bazar & Cia","url":"https:\/\/shop.bazarcia.com\/","logo":{"@type":"ImageObject","inLanguage":"en-US","@id":"https:\/\/shop.bazarcia.com\/#\/schema\/logo\/image\/","url":"https:\/\/shop.bazarcia.com\/wp-content\/uploads\/2024\/02\/cropped-logo_bazarcia.png","contentUrl":"https:\/\/shop.bazarcia.com\/wp-content\/uploads\/2024\/02\/cropped-logo_bazarcia.png","width":150,"height":150,"caption":"Bazar & Cia"},"image":{"@id":"https:\/\/shop.bazarcia.com\/#\/schema\/logo\/image\/"},"sameAs":["https:\/\/www.facebook.com\/shopbazarcia","https:\/\/www.instagram.com\/shopbazarcia","https:\/\/br.pinterest.com\/suzane_eloise\/","https:\/\/www.youtube.com\/c\/BazardoBordadoMatrizeseProjetos"]}]}},"_links":{"self":[{"href":"https:\/\/shop.bazarcia.com\/en\/wp-json\/wp\/v2\/product\/367957","targetHints":{"allow":["GET"]}}],"collection":[{"href":"https:\/\/shop.bazarcia.com\/en\/wp-json\/wp\/v2\/product"}],"about":[{"href":"https:\/\/shop.bazarcia.com\/en\/wp-json\/wp\/v2\/types\/product"}],"replies":[{"embeddable":true,"href":"https:\/\/shop.bazarcia.com\/en\/wp-json\/wp\/v2\/comments?post=367957"}],"version-history":[{"count":3,"href":"https:\/\/shop.bazarcia.com\/en\/wp-json\/wp\/v2\/product\/367957\/revisions"}],"predecessor-version":[{"id":368002,"href":"https:\/\/shop.bazarcia.com\/en\/wp-json\/wp\/v2\/product\/367957\/revisions\/368002"}],"wp:featuredmedia":[{"embeddable":true,"href":"https:\/\/shop.bazarcia.com\/en\/wp-json\/wp\/v2\/media\/368046"}],"wp:attachment":[{"href":"https:\/\/shop.bazarcia.com\/en\/wp-json\/wp\/v2\/media?parent=367957"}],"wp:term":[{"taxonomy":"product_brand","embeddable":true,"href":"https:\/\/shop.bazarcia.com\/en\/wp-json\/wp\/v2\/product_brand?post=367957"},{"taxonomy":"product_cat","embeddable":true,"href":"https:\/\/shop.bazarcia.com\/en\/wp-json\/wp\/v2\/product_cat?post=367957"},{"taxonomy":"product_tag","embeddable":true,"href":"https:\/\/shop.bazarcia.com\/en\/wp-json\/wp\/v2\/product_tag?post=367957"}],"curies":[{"name":"wp","href":"https:\/\/api.w.org\/{rel}","templated":true}]}}