{"id":369975,"date":"2026-03-03T07:48:48","date_gmt":"2026-03-03T10:48:48","guid":{"rendered":"https:\/\/shop.bazarcia.com\/?post_type=product&#038;p=369975"},"modified":"2026-03-11T08:29:34","modified_gmt":"2026-03-11T11:29:34","slug":"pequeno-principe-convite-animado-em-video","status":"publish","type":"product","link":"https:\/\/shop.bazarcia.com\/en\/product\/pequeno-principe-convite-animado-em-video\/","title":{"rendered":"Pequeno Principe Convite Animado em V\u00eddeo"},"content":{"rendered":"<p align=\"center\"><span style=\"color: #443205\"> <span style=\"font-family: Alpha Echo\"><span style=\"font-size: large\">Convites animados em v\u00eddeo<\/span><\/span><\/span><\/p>\n<p align=\"left\"><span style=\"color: #443205\"><span style=\"font-family: Alpha Echo\"><span style=\"font-size: large\">Surpreenda e envie um Convite Animado para seus convidados.<\/span><\/span><\/span><\/p>\n<p align=\"left\"><span style=\"color: #443205\"><span style=\"font-family: Alpha Echo\"><span style=\"font-size: large\">Eles v\u00e3o amar!!!<\/span><\/span><\/span><\/p>\n<p align=\"left\"><span style=\"color: #443205\"><span style=\"font-family: Alpha Echo\"><span style=\"font-size: large\">Convite animado em v\u00eddeo \u00e9 um convite personalizado em v\u00eddeo que pode ser enviado para todos os seus convidados por meio das redes sociais (WhatsApp, Facebook, E-mail e outras redes sociais). Uma forma diferente e econ\u00f4mica de convidar amigos para festas!<\/span><\/span><\/span><\/p>\n<p align=\"left\"><span style=\"color: #443205\"><span style=\"font-family: Alpha Echo\"><span style=\"font-size: large\">O convite animado em v\u00eddeo ser\u00e1 feito de acordo com o modelo exibido no v\u00eddeo.<\/span><\/span><\/span><\/p>\n<p align=\"left\"><span style=\"color: #443205\"><span style=\"font-family: Alpha Echo\"><span style=\"font-size: large\">Depois do projeto montado, enviamos o link para voc\u00ea assistir, e poder\u00e1 fazer altera\u00e7\u00f5es. As altera\u00e7\u00f5es ser\u00e3o s\u00f3 feitas nas fotos e texto.<\/span><\/span><\/span><\/p>\n<p align=\"left\"><span style=\"color: #443205\"><span style=\"font-family: Alpha Echo\"><span style=\"font-size: large\">Para fazermos o convite<\/span><\/span><\/span><\/p>\n<p align=\"left\"><span style=\"color: #443205\"><span style=\"font-family: Alpha Echo\"><span style=\"font-size: large\">SE HOUVER FOTOS:<\/span><\/span><\/span><\/p>\n<p align=\"left\"><span style=\"color: #443205\"><span style=\"font-family: Alpha Echo\"><span style=\"font-size: large\">As fotos podem ser enviadas via;<\/span><\/span><\/span><\/p>\n<p align=\"left\"><span style=\"color: #443205\"><span style=\"font-family: Alpha Echo\"><span style=\"font-size: large\">WhatsApp<\/span><\/span><\/span><\/p>\n<p align=\"left\"><span style=\"color: #443205\"><span style=\"font-family: Alpha Echo\"><span style=\"font-size: large\">Ou pelo google driver<\/span><\/span><\/span><\/p>\n<p align=\"left\"><span style=\"color: #443205\"><span style=\"font-family: Alpha Echo\"><span style=\"font-size: large\">*O prazo de produ\u00e7\u00e3o s\u00f3 se inicia ap\u00f3s confirma\u00e7\u00e3o de pagamento e envio de todas as fotos. (antes de enviar, devem ser numeradas na ordem em que quer que apare\u00e7am. E que sejam com boa resolu\u00e7\u00e3o.<\/span><\/span><\/span><\/p>\n<p align=\"left\"><span style=\"color: #443205\"><span style=\"font-family: Alpha Echo\"><span style=\"font-size: large\">E os dados para cria\u00e7\u00e3o do seu convite:<\/span><\/span><\/span><\/p>\n<p align=\"left\"><span style=\"color: #443205\"><span style=\"font-family: Alpha Echo\"><span style=\"font-size: large\">Nome e idade do aniversariante;<\/span><\/span><\/span><\/p>\n<p align=\"left\"><span style=\"color: #443205\"><span style=\"font-family: Alpha Echo\"><span style=\"font-size: large\">Data, hora e local do evento,<\/span><\/span><\/span><\/p>\n<p align=\"left\"><span style=\"color: #443205\"><span style=\"font-family: Alpha Echo\"><span style=\"font-size: large\">O prazo de produ\u00e7\u00e3o \u00e9 de at\u00e9 2 dias \u00fateis para produ\u00e7\u00e3o.<\/span><\/span><\/span><\/p>\n<p align=\"left\"><span style=\"color: #443205\"><span style=\"font-family: Alpha Echo\"><span style=\"font-size: large\">Produto Digital. Envio por WhatsApp<\/span><\/span><\/span><\/p>\n<p align=\"left\"><span style=\"color: #443205\"><span style=\"font-family: Alpha Echo\"><span style=\"font-size: large\">D\u00favidas entre em contato pelo chat da loja<\/span><\/span><\/span><\/p>\n<p align=\"left\"><span style=\"color: #443205\"><span style=\"font-family: Alpha Echo\"><span style=\"font-size: large\">LOJA EVO777<\/span><\/span><\/span><\/p>","protected":false},"excerpt":{"rendered":"<p><span style=\"color: #443205\"><span style=\"font-family: Alpha Echo\"><span style=\"font-size: large\"><span style=\"color: #777777\"><span style=\"font-family: Lato, Arial, Helvetica, sans-serif\"><span style=\"font-size: small\">PARA VISUALISAR O MODELO DO CONVITE ACESSE O LINK ABAIXO<\/span><\/span><\/span> <\/span><\/span><\/span><\/p>\n<p>https:\/\/youtu.be\/oQtCiG44-5w?si=xuRf6kBET9Ts_DCG<\/p>\n<p align=\"center\"><span style=\"color: #443205\"><span style=\"font-family: Alpha Echo\"><span style=\"font-size: large\">Convites animados em v\u00eddeo<\/span><\/span><\/span><\/p>\n<p align=\"left\"><span style=\"color: #443205\"><span style=\"font-family: Alpha Echo\"><span style=\"font-size: large\">Surpreenda e envie um Convite Animado para seus convidados.<\/span><\/span><\/span><\/p>\n<p align=\"left\"><span style=\"color: #443205\"><span style=\"font-family: Alpha Echo\"><span style=\"font-size: large\">Eles v\u00e3o amar!!!<\/span><\/span><\/span><\/p>\n<p align=\"left\"><span style=\"color: #443205\"><span style=\"font-family: Alpha Echo\"><span style=\"font-size: large\">Convite animado em v\u00eddeo \u00e9 um convite personalizado em v\u00eddeo que pode ser enviado para todos os seus convidados por meio das redes sociais (WhatsApp, Facebook, E-mail e outras redes sociais). Uma forma diferente e econ\u00f4mica de convidar amigos para festas!<\/span><\/span><\/span><\/p>","protected":false},"featured_media":369976,"comment_status":"open","ping_status":"closed","template":"","meta":{"_acf_changed":false,"_joinchat":[]},"product_brand":[],"product_cat":[1977],"product_tag":[],"class_list":{"0":"post-369975","1":"product","2":"type-product","3":"status-publish","4":"has-post-thumbnail","6":"product_cat-infantil","8":"first","9":"instock","10":"sale","11":"virtual","12":"purchasable","13":"product-type-simple"},"acf":[],"yoast_head":"<!-- This site is optimized with the Yoast SEO plugin v27.2 - https:\/\/yoast.com\/product\/yoast-seo-wordpress\/ -->\n<title>Pequeno Principe Convite Animado em V\u00eddeo - \ud835\udc1b\ud835\udc1a\ud835\udc33\ud835\udc1a\ud835\udc2b &amp; \ud835\udc1c\ud835\udc22\ud835\udc1a<\/title>\n<meta name=\"robots\" content=\"index, follow, max-snippet:-1, max-image-preview:large, max-video-preview:-1\" \/>\n<link rel=\"canonical\" href=\"https:\/\/shop.bazarcia.com\/en\/product\/pequeno-principe-convite-animado-em-video\/\" \/>\n<meta property=\"og:locale\" content=\"en_US\" \/>\n<meta property=\"og:type\" content=\"article\" \/>\n<meta property=\"og:title\" content=\"Pequeno Principe Convite Animado em V\u00eddeo - \ud835\udc1b\ud835\udc1a\ud835\udc33\ud835\udc1a\ud835\udc2b &amp; \ud835\udc1c\ud835\udc22\ud835\udc1a\" \/>\n<meta property=\"og:description\" content=\"PARA VISUALISAR O MODELO DO CONVITE ACESSE O LINK ABAIXO   https:\/\/youtu.be\/oQtCiG44-5w?si=xuRf6kBET9Ts_DCG Convites animados em v\u00eddeo Surpreenda e envie um Convite Animado para seus convidados. Eles v\u00e3o amar!!! Convite animado em v\u00eddeo \u00e9 um convite personalizado em v\u00eddeo que pode ser enviado para todos os seus convidados por meio das redes sociais (WhatsApp, Facebook, E-mail e outras redes sociais). Uma forma diferente e econ\u00f4mica de convidar amigos para festas!\" \/>\n<meta property=\"og:url\" content=\"https:\/\/shop.bazarcia.com\/en\/product\/pequeno-principe-convite-animado-em-video\/\" \/>\n<meta property=\"og:site_name\" content=\"\ud835\udc1b\ud835\udc1a\ud835\udc33\ud835\udc1a\ud835\udc2b &amp; \ud835\udc1c\ud835\udc22\ud835\udc1a\" \/>\n<meta property=\"article:publisher\" content=\"https:\/\/www.facebook.com\/shopbazarcia\" \/>\n<meta property=\"article:modified_time\" content=\"2026-03-11T11:29:34+00:00\" \/>\n<meta property=\"og:image\" content=\"https:\/\/shop.bazarcia.com\/wp-content\/uploads\/2026\/03\/Pequeno-Principe-Convite-Animado.jpg\" \/>\n\t<meta property=\"og:image:width\" content=\"800\" \/>\n\t<meta property=\"og:image:height\" content=\"600\" \/>\n\t<meta property=\"og:image:type\" content=\"image\/jpeg\" \/>\n<meta name=\"twitter:card\" content=\"summary_large_image\" \/>\n<meta name=\"twitter:label1\" content=\"Est. reading time\" \/>\n\t<meta name=\"twitter:data1\" content=\"1 minute\" \/>\n<script type=\"application\/ld+json\" class=\"yoast-schema-graph\">{\"@context\":\"https:\/\/schema.org\",\"@graph\":[{\"@type\":\"WebPage\",\"@id\":\"https:\/\/shop.bazarcia.com\/produto\/pequeno-principe-convite-animado-em-video\/\",\"url\":\"https:\/\/shop.bazarcia.com\/produto\/pequeno-principe-convite-animado-em-video\/\",\"name\":\"Pequeno Principe Convite Animado em V\u00eddeo - \ud835\udc1b\ud835\udc1a\ud835\udc33\ud835\udc1a\ud835\udc2b &amp; \ud835\udc1c\ud835\udc22\ud835\udc1a\",\"isPartOf\":{\"@id\":\"https:\/\/shop.bazarcia.com\/#website\"},\"primaryImageOfPage\":{\"@id\":\"https:\/\/shop.bazarcia.com\/produto\/pequeno-principe-convite-animado-em-video\/#primaryimage\"},\"image\":{\"@id\":\"https:\/\/shop.bazarcia.com\/produto\/pequeno-principe-convite-animado-em-video\/#primaryimage\"},\"thumbnailUrl\":\"https:\/\/shop.bazarcia.com\/wp-content\/uploads\/2026\/03\/Pequeno-Principe-Convite-Animado.jpg\",\"datePublished\":\"2026-03-03T10:48:48+00:00\",\"dateModified\":\"2026-03-11T11:29:34+00:00\",\"breadcrumb\":{\"@id\":\"https:\/\/shop.bazarcia.com\/produto\/pequeno-principe-convite-animado-em-video\/#breadcrumb\"},\"inLanguage\":\"en-US\",\"potentialAction\":[{\"@type\":\"ReadAction\",\"target\":[\"https:\/\/shop.bazarcia.com\/produto\/pequeno-principe-convite-animado-em-video\/\"]}]},{\"@type\":\"ImageObject\",\"inLanguage\":\"en-US\",\"@id\":\"https:\/\/shop.bazarcia.com\/produto\/pequeno-principe-convite-animado-em-video\/#primaryimage\",\"url\":\"https:\/\/shop.bazarcia.com\/wp-content\/uploads\/2026\/03\/Pequeno-Principe-Convite-Animado.jpg\",\"contentUrl\":\"https:\/\/shop.bazarcia.com\/wp-content\/uploads\/2026\/03\/Pequeno-Principe-Convite-Animado.jpg\",\"width\":800,\"height\":600},{\"@type\":\"BreadcrumbList\",\"@id\":\"https:\/\/shop.bazarcia.com\/produto\/pequeno-principe-convite-animado-em-video\/#breadcrumb\",\"itemListElement\":[{\"@type\":\"ListItem\",\"position\":1,\"name\":\"In\u00edcio\",\"item\":\"https:\/\/shop.bazarcia.com\/\"},{\"@type\":\"ListItem\",\"position\":2,\"name\":\"Loja\",\"item\":\"https:\/\/shop.bazarcia.com\/loja\/\"},{\"@type\":\"ListItem\",\"position\":3,\"name\":\"Pequeno Principe Convite Animado em V\u00eddeo\"}]},{\"@type\":\"WebSite\",\"@id\":\"https:\/\/shop.bazarcia.com\/#website\",\"url\":\"https:\/\/shop.bazarcia.com\/\",\"name\":\"Bazar & Cia\",\"description\":\"criatividade ponto a ponto\",\"publisher\":{\"@id\":\"https:\/\/shop.bazarcia.com\/#organization\"},\"potentialAction\":[{\"@type\":\"SearchAction\",\"target\":{\"@type\":\"EntryPoint\",\"urlTemplate\":\"https:\/\/shop.bazarcia.com\/?s={search_term_string}\"},\"query-input\":{\"@type\":\"PropertyValueSpecification\",\"valueRequired\":true,\"valueName\":\"search_term_string\"}}],\"inLanguage\":\"en-US\"},{\"@type\":\"Organization\",\"@id\":\"https:\/\/shop.bazarcia.com\/#organization\",\"name\":\"Bazar & Cia\",\"url\":\"https:\/\/shop.bazarcia.com\/\",\"logo\":{\"@type\":\"ImageObject\",\"inLanguage\":\"en-US\",\"@id\":\"https:\/\/shop.bazarcia.com\/#\/schema\/logo\/image\/\",\"url\":\"https:\/\/shop.bazarcia.com\/wp-content\/uploads\/2024\/02\/cropped-logo_bazarcia.png\",\"contentUrl\":\"https:\/\/shop.bazarcia.com\/wp-content\/uploads\/2024\/02\/cropped-logo_bazarcia.png\",\"width\":150,\"height\":150,\"caption\":\"Bazar & Cia\"},\"image\":{\"@id\":\"https:\/\/shop.bazarcia.com\/#\/schema\/logo\/image\/\"},\"sameAs\":[\"https:\/\/www.facebook.com\/shopbazarcia\",\"https:\/\/www.instagram.com\/shopbazarcia\",\"https:\/\/br.pinterest.com\/suzane_eloise\/\",\"https:\/\/www.youtube.com\/c\/BazardoBordadoMatrizeseProjetos\"]}]}<\/script>\n<!-- \/ Yoast SEO plugin. -->","yoast_head_json":{"title":"Pequeno Principe Convite Animado em V\u00eddeo - \ud835\udc1b\ud835\udc1a\ud835\udc33\ud835\udc1a\ud835\udc2b &amp; \ud835\udc1c\ud835\udc22\ud835\udc1a","robots":{"index":"index","follow":"follow","max-snippet":"max-snippet:-1","max-image-preview":"max-image-preview:large","max-video-preview":"max-video-preview:-1"},"canonical":"https:\/\/shop.bazarcia.com\/en\/product\/pequeno-principe-convite-animado-em-video\/","og_locale":"en_US","og_type":"article","og_title":"Pequeno Principe Convite Animado em V\u00eddeo - \ud835\udc1b\ud835\udc1a\ud835\udc33\ud835\udc1a\ud835\udc2b &amp; \ud835\udc1c\ud835\udc22\ud835\udc1a","og_description":"PARA VISUALISAR O MODELO DO CONVITE ACESSE O LINK ABAIXO   https:\/\/youtu.be\/oQtCiG44-5w?si=xuRf6kBET9Ts_DCG Convites animados em v\u00eddeo Surpreenda e envie um Convite Animado para seus convidados. Eles v\u00e3o amar!!! Convite animado em v\u00eddeo \u00e9 um convite personalizado em v\u00eddeo que pode ser enviado para todos os seus convidados por meio das redes sociais (WhatsApp, Facebook, E-mail e outras redes sociais). Uma forma diferente e econ\u00f4mica de convidar amigos para festas!","og_url":"https:\/\/shop.bazarcia.com\/en\/product\/pequeno-principe-convite-animado-em-video\/","og_site_name":"\ud835\udc1b\ud835\udc1a\ud835\udc33\ud835\udc1a\ud835\udc2b &amp; \ud835\udc1c\ud835\udc22\ud835\udc1a","article_publisher":"https:\/\/www.facebook.com\/shopbazarcia","article_modified_time":"2026-03-11T11:29:34+00:00","og_image":[{"width":800,"height":600,"url":"https:\/\/shop.bazarcia.com\/wp-content\/uploads\/2026\/03\/Pequeno-Principe-Convite-Animado.jpg","type":"image\/jpeg"}],"twitter_card":"summary_large_image","twitter_misc":{"Est. reading time":"1 minute"},"schema":{"@context":"https:\/\/schema.org","@graph":[{"@type":"WebPage","@id":"https:\/\/shop.bazarcia.com\/produto\/pequeno-principe-convite-animado-em-video\/","url":"https:\/\/shop.bazarcia.com\/produto\/pequeno-principe-convite-animado-em-video\/","name":"Pequeno Principe Convite Animado em V\u00eddeo - \ud835\udc1b\ud835\udc1a\ud835\udc33\ud835\udc1a\ud835\udc2b &amp; \ud835\udc1c\ud835\udc22\ud835\udc1a","isPartOf":{"@id":"https:\/\/shop.bazarcia.com\/#website"},"primaryImageOfPage":{"@id":"https:\/\/shop.bazarcia.com\/produto\/pequeno-principe-convite-animado-em-video\/#primaryimage"},"image":{"@id":"https:\/\/shop.bazarcia.com\/produto\/pequeno-principe-convite-animado-em-video\/#primaryimage"},"thumbnailUrl":"https:\/\/shop.bazarcia.com\/wp-content\/uploads\/2026\/03\/Pequeno-Principe-Convite-Animado.jpg","datePublished":"2026-03-03T10:48:48+00:00","dateModified":"2026-03-11T11:29:34+00:00","breadcrumb":{"@id":"https:\/\/shop.bazarcia.com\/produto\/pequeno-principe-convite-animado-em-video\/#breadcrumb"},"inLanguage":"en-US","potentialAction":[{"@type":"ReadAction","target":["https:\/\/shop.bazarcia.com\/produto\/pequeno-principe-convite-animado-em-video\/"]}]},{"@type":"ImageObject","inLanguage":"en-US","@id":"https:\/\/shop.bazarcia.com\/produto\/pequeno-principe-convite-animado-em-video\/#primaryimage","url":"https:\/\/shop.bazarcia.com\/wp-content\/uploads\/2026\/03\/Pequeno-Principe-Convite-Animado.jpg","contentUrl":"https:\/\/shop.bazarcia.com\/wp-content\/uploads\/2026\/03\/Pequeno-Principe-Convite-Animado.jpg","width":800,"height":600},{"@type":"BreadcrumbList","@id":"https:\/\/shop.bazarcia.com\/produto\/pequeno-principe-convite-animado-em-video\/#breadcrumb","itemListElement":[{"@type":"ListItem","position":1,"name":"In\u00edcio","item":"https:\/\/shop.bazarcia.com\/"},{"@type":"ListItem","position":2,"name":"Loja","item":"https:\/\/shop.bazarcia.com\/loja\/"},{"@type":"ListItem","position":3,"name":"Pequeno Principe Convite Animado em V\u00eddeo"}]},{"@type":"WebSite","@id":"https:\/\/shop.bazarcia.com\/#website","url":"https:\/\/shop.bazarcia.com\/","name":"Bazar & Cia","description":"criatividade ponto a ponto","publisher":{"@id":"https:\/\/shop.bazarcia.com\/#organization"},"potentialAction":[{"@type":"SearchAction","target":{"@type":"EntryPoint","urlTemplate":"https:\/\/shop.bazarcia.com\/?s={search_term_string}"},"query-input":{"@type":"PropertyValueSpecification","valueRequired":true,"valueName":"search_term_string"}}],"inLanguage":"en-US"},{"@type":"Organization","@id":"https:\/\/shop.bazarcia.com\/#organization","name":"Bazar & Cia","url":"https:\/\/shop.bazarcia.com\/","logo":{"@type":"ImageObject","inLanguage":"en-US","@id":"https:\/\/shop.bazarcia.com\/#\/schema\/logo\/image\/","url":"https:\/\/shop.bazarcia.com\/wp-content\/uploads\/2024\/02\/cropped-logo_bazarcia.png","contentUrl":"https:\/\/shop.bazarcia.com\/wp-content\/uploads\/2024\/02\/cropped-logo_bazarcia.png","width":150,"height":150,"caption":"Bazar & Cia"},"image":{"@id":"https:\/\/shop.bazarcia.com\/#\/schema\/logo\/image\/"},"sameAs":["https:\/\/www.facebook.com\/shopbazarcia","https:\/\/www.instagram.com\/shopbazarcia","https:\/\/br.pinterest.com\/suzane_eloise\/","https:\/\/www.youtube.com\/c\/BazardoBordadoMatrizeseProjetos"]}]}},"_links":{"self":[{"href":"https:\/\/shop.bazarcia.com\/en\/wp-json\/wp\/v2\/product\/369975","targetHints":{"allow":["GET"]}}],"collection":[{"href":"https:\/\/shop.bazarcia.com\/en\/wp-json\/wp\/v2\/product"}],"about":[{"href":"https:\/\/shop.bazarcia.com\/en\/wp-json\/wp\/v2\/types\/product"}],"replies":[{"embeddable":true,"href":"https:\/\/shop.bazarcia.com\/en\/wp-json\/wp\/v2\/comments?post=369975"}],"version-history":[{"count":2,"href":"https:\/\/shop.bazarcia.com\/en\/wp-json\/wp\/v2\/product\/369975\/revisions"}],"predecessor-version":[{"id":374079,"href":"https:\/\/shop.bazarcia.com\/en\/wp-json\/wp\/v2\/product\/369975\/revisions\/374079"}],"wp:featuredmedia":[{"embeddable":true,"href":"https:\/\/shop.bazarcia.com\/en\/wp-json\/wp\/v2\/media\/369976"}],"wp:attachment":[{"href":"https:\/\/shop.bazarcia.com\/en\/wp-json\/wp\/v2\/media?parent=369975"}],"wp:term":[{"taxonomy":"product_brand","embeddable":true,"href":"https:\/\/shop.bazarcia.com\/en\/wp-json\/wp\/v2\/product_brand?post=369975"},{"taxonomy":"product_cat","embeddable":true,"href":"https:\/\/shop.bazarcia.com\/en\/wp-json\/wp\/v2\/product_cat?post=369975"},{"taxonomy":"product_tag","embeddable":true,"href":"https:\/\/shop.bazarcia.com\/en\/wp-json\/wp\/v2\/product_tag?post=369975"}],"curies":[{"name":"wp","href":"https:\/\/api.w.org\/{rel}","templated":true}]}}