{"id":37907,"date":"2020-07-10T12:05:46","date_gmt":"2020-07-10T15:05:46","guid":{"rendered":"https:\/\/shop.bazarcia.com\/produto\/matrizes-de-bordado-colecao-brasoes-simbolos-profissoes-bm\/"},"modified":"2025-03-10T09:23:31","modified_gmt":"2025-03-10T12:23:31","slug":"matrizes-de-bordado-colecao-brasoes-simbolos-profissoes-bm","status":"publish","type":"product","link":"https:\/\/shop.bazarcia.com\/en\/product\/matrizes-de-bordado-colecao-brasoes-simbolos-profissoes-bm\/","title":{"rendered":"Matrizes de Bordado &#8211; Cole\u00e7\u00e3o Bras\u00f5es S\u00edmbolos Profiss\u00f5es &#8211; BM"},"content":{"rendered":"<p>Ao efetuar o download da Cole\u00e7\u00e3o de Matrizes de Bordado Bras\u00f5es S\u00edmbolos Profiss\u00f5es da Baixe Matrizes, voc\u00ea receber\u00e1 um arquivo em .zip que cont\u00e9m as matrizes nos formatos .PES e .JEF<\/p>\n<p>&nbsp;<\/p>\n<p>Informa\u00e7\u00f5es das Matrizes desta Cole\u00e7\u00e3o!<\/p>\n<p>T\u00e9cnico em Pr\u00f3tese Dent\u00e1ria (9,00 x 9,00cm &#8211; 11.247pts &#8211; 05 linhas)<\/p>\n<p>Acupuntura (6,50 x 8,00cm &#8211; 7.144pts &#8211; 04 linhas)<\/p>\n<p>Administra\u00e7\u00e3o (10,00 x 7,00cm &#8211; 9.365pts &#8211; 02 linhas)<\/p>\n<p>Agronomia (6,00 x 8,00cm &#8211; 8.844pts &#8211; 02 linhas)<\/p>\n<p>Direito (9,00 x 10,00cm &#8211; 10.395pts &#8211; 02 linhas)<\/p>\n<p>Educa\u00e7\u00e3o F\u00edsica (9,00 x 10,00cm &#8211; 14.940pts &#8211; 02 linhas)<\/p>\n<p>Enfermagem (10,00 x 8,00cm &#8211; 10.351pts &#8211; 03 linhas)<\/p>\n<p>Engenharia Civil (8,00 x 8,00cm &#8211; 17.774pts &#8211; 03 linhas)<\/p>\n<p>Farm\u00e1cia (9,00 x 10,00cm &#8211; 10.495pts &#8211; 05 linhas)<\/p>\n<p>Fisioterapia (7,50 x 10,00cm &#8211; 7.748pts &#8211; 03 linhas)<\/p>\n<p>Fonoaudiologia (8,00 x 8,00cm &#8211; 11.733pts &#8211; 04 linhas)<\/p>\n<p>Nutri\u00e7\u00e3o 01 (8,00 x 10,00cm &#8211; 10.306pts &#8211; 02 linhas)<\/p>\n<p>Podologia (8,00 x 8,00cm &#8211; 11.670pts &#8211; 05 linhas)<\/p>\n<p>Psicologia (9,50 x 10,00cm &#8211; 9.939pts &#8211; 03 linhas)<\/p>\n<p>Medicina Veterin\u00e1ria (7,50 x 10,00cm &#8211; 11.289pts &#8211; 03 linhas)<\/p>\n<p>Nutri\u00e7\u00e3o 02 (7,00 x 8,50cm &#8211; 7.249pts &#8211; 01 linhas)<\/p>\n<p>Arquitetura e Urbanismo 01 (8,00 x 7,00cm &#8211; 10.363pts &#8211; 02 linhas)<\/p>\n<p>Arquitetura e Urbanismo 02 (6,50 x 8,00cm &#8211; 7.203pts &#8211; 02 linhas)<\/p>\n<p>Bast\u00e3o de Ascl\u00e9pio (1,50 x 7,00cm &#8211; 2.097pts &#8211; 03 linhas)<\/p>\n<p>Biomedicina 01 (7,00 x 8,00cm &#8211; 11.180pts &#8211; 03 linhas)<\/p>\n<p>Biomedicina 02 (8,00 x 8,00cm &#8211; 11.544pts &#8211; 03 linhas)<\/p>\n<p>Caduceu de Hermes (8,00 x 7,00cm &#8211; 10.205pts &#8211; 03 linhas)<\/p>\n<p>Ci\u00eancias Biol\u00f3gicas (6,00 x 8,00cm &#8211; 9.283pts &#8211; 04 linhas)<\/p>\n<p>Ci\u00eancias Cont\u00e1beis (5,50 x 8,00cm &#8211; 6.209pts &#8211; 02 linhas)<\/p>\n<p>Engenharia Ambiental 01 (8,00 x 8,00cm &#8211; 9.432pts &#8211; 03 linhas)<\/p>\n<p>Engenharia Ambiental 02 (8,00 x 7,00cm &#8211; 9.699pts &#8211; 04 linhas)<\/p>\n<p>Engenharia El\u00e9trica 01 (8,00 x 8,00cm &#8211; 9.578pts &#8211; 05 linhas)<\/p>\n<p>Engenharia El\u00e9trica 02 (6,00 x 8,00cm &#8211; 6.602pts &#8211; 03 linhas)<\/p>\n<p>Engenharia Florestal (6,00 x 8,00cm &#8211; 5.943pts &#8211; 02 linhas)<\/p>\n<p>Engenharia Mec\u00e2nica (8,00 x 8,00cm &#8211; 15.320pts &#8211; 02 linhas)<\/p>\n<p>Engenharia de Produ\u00e7\u00e3o 01 (8,00 x 7,50cm &#8211; 11.286pts &#8211; 03 linhas)<\/p>\n<p>Engenharia de Produ\u00e7\u00e3o 02 (8,00 x 7,00cm &#8211; 16.164pts &#8211; 04 linhas)<\/p>\n<p>Engenharia Qu\u00edmica (6,00 x 8,00cm &#8211; 11.262pts &#8211; 03 linhas)<\/p>\n<p>Est\u00e9tica 01 (5,00 x 8,00cm &#8211; 4.966pts &#8211; 02 linhas)<\/p>\n<p>Est\u00e9tica 02 (7,00 x 8,00cm &#8211; 8.033pts &#8211; 02 linhas)<\/p>\n<p>Jornalismo 01 (6,00 x 8,00cm &#8211; 11.753pts &#8211; 05 linhas)<\/p>\n<p>Jornalismo 02 (8,00 x 8,00cm &#8211; 3.700pts &#8211; 02 linhas)<\/p>\n<p>Letras 01 (6,00 x 8,00cm &#8211; 8.789pts &#8211; 02 linhas)<\/p>\n<p>Letras 02 (7,00 x 8,00cm &#8211; 8.453pts &#8211; 03 linhas)<\/p>\n<p>Medicina 01 (7,00 x 8,00cm &#8211; 11.074pts &#8211; 04 linhas)<\/p>\n<p>Medicina 02 (8,00 x 7,00cm &#8211; 10.628pts &#8211; 07 linhas)<\/p>\n<p>Medicina 03 (8,00 x 8,00cm &#8211; 15.680pts &#8211; 05 linhas)<\/p>\n<p>Pedagogia 01 (7,00 x 8,00cm &#8211; 9.686pts &#8211; 03 linhas)<\/p>\n<p>Pedagogia 02 (8,00 x 8,00cm &#8211; 6.829pts &#8211; 03 linhas)<\/p>\n<p>Publicidade e Propaganda 01 (7,00 x 8,00cm &#8211; 11.189pts &#8211; 03 linhas)<\/p>\n<p>Publicidade e Propaganda 02 (7,00 x 8,00cm &#8211; 5.669pts &#8211; 02 linhas)<\/p>\n<p>T\u00e9cnico em Qu\u00edmica (8,00 x 8,00cm &#8211; 13.147pts &#8211; 06 linhas)<\/p>\n<p>Radiologia (7,00 x 8,00cm &#8211; 15.044pts &#8211; 07 linhas)<\/p>\n<p>Recursos Humanos (7,00 x 8,00cm &#8211; 9.623pts &#8211; 03 linhas)<\/p>\n<p>Serviso Social (8,00 x 8,00cm &#8211; 6.930pts &#8211; 05 linhas)<\/p>\n<p>Turismo 01 (6,00 x 8,00cm &#8211; 6.839pts &#8211; 04 linhas)<\/p>\n<p>Turismo 02 (7,00 x 6,50cm &#8211; 5.056pts &#8211; 04 linhas)<\/p>","protected":false},"excerpt":{"rendered":"<p>Cole\u00e7\u00e3o com 52 Matrizes de Bordado Bras\u00f5es S\u00edmbolos Profiss\u00f5es | Baixe Matrizes<\/p>\n<p>T\u00e9cnico em Pr\u00f3tese Dent\u00e1ria, Acupuntura, Administra\u00e7\u00e3o, Agronomia, Direito, Educa\u00e7\u00e3o F\u00edsica, Enfermagem, Engenharia Civil, Farm\u00e1cia, Fisioterapia, Fonoaudiologia, Nutri\u00e7\u00e3o 01, Podologia, Psicologia, Medicina Veterin\u00e1ria, Nutri\u00e7\u00e3o, Arquitetura e Urbanismo 01, Arquitetura e Urbanismo 02, Bast\u00e3o de Ascl\u00e9pio, Biomedicina 01, Biomedicina 02, Caduceu de Hermes, Ci\u00eancias Biol\u00f3gicas, Ci\u00eancias Cont\u00e1beis, Engenharia Ambiental 01, Engenharia Ambiental 02, Engenharia El\u00e9trica 01, Engenharia El\u00e9trica 02, Engenharia Florestal, Engenharia Mec\u00e2nica, Engenharia de Produ\u00e7\u00e3o 01, Engenharia de Produ\u00e7\u00e3o 02, Engenharia Qu\u00edmica, Est\u00e9tica 01, Est\u00e9tica 02, Jornalismo 01, Jornalismo 02, Letras 01, Letras 02, Medicina 01, Medicina 02, Medicina 03, Pedagogia 01, Pedagogia 02, Publicidade e Propaganda 01, Publicidade e Propaganda 02, T\u00e9cnico em Qu\u00edmica, Radiologia, Recursos Humanos, Serviso Social, Turismo 01, Turismo 02.<\/p>\n<p>Nossas matrizes de bordado est\u00e3o dispon\u00edveis nos formatos .PES e .JEF<\/p>","protected":false},"featured_media":37900,"comment_status":"open","ping_status":"closed","template":"","meta":{"_acf_changed":false,"_joinchat":[]},"product_brand":[],"product_cat":[84,1246,1066,306,310,344,347,1085,348,349,351,352,353,354,355,356,358,359,360,361,362,365],"product_tag":[],"class_list":{"0":"post-37907","1":"product","2":"type-product","3":"status-publish","4":"has-post-thumbnail","6":"product_cat-matrizes-de-bordado","7":"product_cat-brasoes","8":"product_cat-colecoes-matrizes-de-bordado","9":"product_cat-pacotinhos-de-matrizes","10":"product_cat-profissoes","11":"product_cat-administracao","12":"product_cat-direito","13":"product_cat-educacao-fisica","14":"product_cat-enfermagem","15":"product_cat-engenharias","16":"product_cat-exatas","17":"product_cat-farmacia","18":"product_cat-fisioterapia","19":"product_cat-humanas","20":"product_cat-medicina","21":"product_cat-nutricao","22":"product_cat-pedagogia","23":"product_cat-podologia","24":"product_cat-psicologia","25":"product_cat-radiologia","26":"product_cat-recursos-humanos","27":"product_cat-servico-social","29":"first","30":"instock","31":"downloadable","32":"virtual","33":"sold-individually","34":"purchasable","35":"product-type-simple"},"acf":[],"yoast_head":"<!-- This site is optimized with the Yoast SEO plugin v27.2 - https:\/\/yoast.com\/product\/yoast-seo-wordpress\/ -->\n<title>Matrizes de Bordado - Cole\u00e7\u00e3o Bras\u00f5es S\u00edmbolos Profiss\u00f5es - BM - \ud835\udc1b\ud835\udc1a\ud835\udc33\ud835\udc1a\ud835\udc2b &amp; \ud835\udc1c\ud835\udc22\ud835\udc1a<\/title>\n<meta name=\"description\" content=\"Please provide a meta description by editing the snippet below. If you don\u2019t, Google will try to find a relevant part of your post to show in the search results.\" \/>\n<meta name=\"robots\" content=\"index, follow, max-snippet:-1, max-image-preview:large, max-video-preview:-1\" \/>\n<link rel=\"canonical\" href=\"https:\/\/shop.bazarcia.com\/en\/product\/matrizes-de-bordado-colecao-brasoes-simbolos-profissoes-bm\/\" \/>\n<meta property=\"og:locale\" content=\"en_US\" \/>\n<meta property=\"og:type\" content=\"article\" \/>\n<meta property=\"og:title\" content=\"Matrizes de Bordado - Cole\u00e7\u00e3o Bras\u00f5es S\u00edmbolos Profiss\u00f5es - BM - \ud835\udc1b\ud835\udc1a\ud835\udc33\ud835\udc1a\ud835\udc2b &amp; \ud835\udc1c\ud835\udc22\ud835\udc1a\" \/>\n<meta property=\"og:description\" content=\"Please provide a meta description by editing the snippet below. If you don\u2019t, Google will try to find a relevant part of your post to show in the search results.\" \/>\n<meta property=\"og:url\" content=\"https:\/\/shop.bazarcia.com\/en\/product\/matrizes-de-bordado-colecao-brasoes-simbolos-profissoes-bm\/\" \/>\n<meta property=\"og:site_name\" content=\"\ud835\udc1b\ud835\udc1a\ud835\udc33\ud835\udc1a\ud835\udc2b &amp; \ud835\udc1c\ud835\udc22\ud835\udc1a\" \/>\n<meta property=\"article:publisher\" content=\"https:\/\/www.facebook.com\/shopbazarcia\" \/>\n<meta property=\"article:modified_time\" content=\"2025-03-10T12:23:31+00:00\" \/>\n<meta property=\"og:image\" content=\"https:\/\/shop.bazarcia.com\/wp-content\/uploads\/2020\/07\/matrizes-de-bordado-colecao-brasoes-simbolos-profissoesBM01.jpg\" \/>\n\t<meta property=\"og:image:width\" content=\"1080\" \/>\n\t<meta property=\"og:image:height\" content=\"1080\" \/>\n\t<meta property=\"og:image:type\" content=\"image\/jpeg\" \/>\n<meta name=\"twitter:card\" content=\"summary_large_image\" \/>\n<meta name=\"twitter:label1\" content=\"Est. reading time\" \/>\n\t<meta name=\"twitter:data1\" content=\"2 minutes\" \/>\n<script type=\"application\/ld+json\" class=\"yoast-schema-graph\">{\"@context\":\"https:\/\/schema.org\",\"@graph\":[{\"@type\":\"WebPage\",\"@id\":\"https:\/\/shop.bazarcia.com\/produto\/matrizes-de-bordado-colecao-brasoes-simbolos-profissoes-bm\/\",\"url\":\"https:\/\/shop.bazarcia.com\/produto\/matrizes-de-bordado-colecao-brasoes-simbolos-profissoes-bm\/\",\"name\":\"Matrizes de Bordado - Cole\u00e7\u00e3o Bras\u00f5es S\u00edmbolos Profiss\u00f5es - BM - \ud835\udc1b\ud835\udc1a\ud835\udc33\ud835\udc1a\ud835\udc2b &amp; \ud835\udc1c\ud835\udc22\ud835\udc1a\",\"isPartOf\":{\"@id\":\"https:\/\/shop.bazarcia.com\/#website\"},\"primaryImageOfPage\":{\"@id\":\"https:\/\/shop.bazarcia.com\/produto\/matrizes-de-bordado-colecao-brasoes-simbolos-profissoes-bm\/#primaryimage\"},\"image\":{\"@id\":\"https:\/\/shop.bazarcia.com\/produto\/matrizes-de-bordado-colecao-brasoes-simbolos-profissoes-bm\/#primaryimage\"},\"thumbnailUrl\":\"https:\/\/shop.bazarcia.com\/wp-content\/uploads\/2020\/07\/matrizes-de-bordado-colecao-brasoes-simbolos-profissoesBM01.jpg\",\"datePublished\":\"2020-07-10T15:05:46+00:00\",\"dateModified\":\"2025-03-10T12:23:31+00:00\",\"description\":\"Please provide a meta description by editing the snippet below. If you don\u2019t, Google will try to find a relevant part of your post to show in the search results.\",\"breadcrumb\":{\"@id\":\"https:\/\/shop.bazarcia.com\/produto\/matrizes-de-bordado-colecao-brasoes-simbolos-profissoes-bm\/#breadcrumb\"},\"inLanguage\":\"en-US\",\"potentialAction\":[{\"@type\":\"ReadAction\",\"target\":[\"https:\/\/shop.bazarcia.com\/produto\/matrizes-de-bordado-colecao-brasoes-simbolos-profissoes-bm\/\"]}]},{\"@type\":\"ImageObject\",\"inLanguage\":\"en-US\",\"@id\":\"https:\/\/shop.bazarcia.com\/produto\/matrizes-de-bordado-colecao-brasoes-simbolos-profissoes-bm\/#primaryimage\",\"url\":\"https:\/\/shop.bazarcia.com\/wp-content\/uploads\/2020\/07\/matrizes-de-bordado-colecao-brasoes-simbolos-profissoesBM01.jpg\",\"contentUrl\":\"https:\/\/shop.bazarcia.com\/wp-content\/uploads\/2020\/07\/matrizes-de-bordado-colecao-brasoes-simbolos-profissoesBM01.jpg\",\"width\":1080,\"height\":1080},{\"@type\":\"BreadcrumbList\",\"@id\":\"https:\/\/shop.bazarcia.com\/produto\/matrizes-de-bordado-colecao-brasoes-simbolos-profissoes-bm\/#breadcrumb\",\"itemListElement\":[{\"@type\":\"ListItem\",\"position\":1,\"name\":\"In\u00edcio\",\"item\":\"https:\/\/shop.bazarcia.com\/\"},{\"@type\":\"ListItem\",\"position\":2,\"name\":\"Loja\",\"item\":\"https:\/\/shop.bazarcia.com\/loja\/\"},{\"@type\":\"ListItem\",\"position\":3,\"name\":\"Matrizes de Bordado &#8211; Cole\u00e7\u00e3o Bras\u00f5es S\u00edmbolos Profiss\u00f5es &#8211; BM\"}]},{\"@type\":\"WebSite\",\"@id\":\"https:\/\/shop.bazarcia.com\/#website\",\"url\":\"https:\/\/shop.bazarcia.com\/\",\"name\":\"Bazar & Cia\",\"description\":\"criatividade ponto a ponto\",\"publisher\":{\"@id\":\"https:\/\/shop.bazarcia.com\/#organization\"},\"potentialAction\":[{\"@type\":\"SearchAction\",\"target\":{\"@type\":\"EntryPoint\",\"urlTemplate\":\"https:\/\/shop.bazarcia.com\/?s={search_term_string}\"},\"query-input\":{\"@type\":\"PropertyValueSpecification\",\"valueRequired\":true,\"valueName\":\"search_term_string\"}}],\"inLanguage\":\"en-US\"},{\"@type\":\"Organization\",\"@id\":\"https:\/\/shop.bazarcia.com\/#organization\",\"name\":\"Bazar & Cia\",\"url\":\"https:\/\/shop.bazarcia.com\/\",\"logo\":{\"@type\":\"ImageObject\",\"inLanguage\":\"en-US\",\"@id\":\"https:\/\/shop.bazarcia.com\/#\/schema\/logo\/image\/\",\"url\":\"https:\/\/shop.bazarcia.com\/wp-content\/uploads\/2024\/02\/cropped-logo_bazarcia.png\",\"contentUrl\":\"https:\/\/shop.bazarcia.com\/wp-content\/uploads\/2024\/02\/cropped-logo_bazarcia.png\",\"width\":150,\"height\":150,\"caption\":\"Bazar & Cia\"},\"image\":{\"@id\":\"https:\/\/shop.bazarcia.com\/#\/schema\/logo\/image\/\"},\"sameAs\":[\"https:\/\/www.facebook.com\/shopbazarcia\",\"https:\/\/www.instagram.com\/shopbazarcia\",\"https:\/\/br.pinterest.com\/suzane_eloise\/\",\"https:\/\/www.youtube.com\/c\/BazardoBordadoMatrizeseProjetos\"]}]}<\/script>\n<!-- \/ Yoast SEO plugin. -->","yoast_head_json":{"title":"Matrizes de Bordado - Cole\u00e7\u00e3o Bras\u00f5es S\u00edmbolos Profiss\u00f5es - BM - \ud835\udc1b\ud835\udc1a\ud835\udc33\ud835\udc1a\ud835\udc2b &amp; \ud835\udc1c\ud835\udc22\ud835\udc1a","description":"Please provide a meta description by editing the snippet below. If you don\u2019t, Google will try to find a relevant part of your post to show in the search results.","robots":{"index":"index","follow":"follow","max-snippet":"max-snippet:-1","max-image-preview":"max-image-preview:large","max-video-preview":"max-video-preview:-1"},"canonical":"https:\/\/shop.bazarcia.com\/en\/product\/matrizes-de-bordado-colecao-brasoes-simbolos-profissoes-bm\/","og_locale":"en_US","og_type":"article","og_title":"Matrizes de Bordado - Cole\u00e7\u00e3o Bras\u00f5es S\u00edmbolos Profiss\u00f5es - BM - \ud835\udc1b\ud835\udc1a\ud835\udc33\ud835\udc1a\ud835\udc2b &amp; \ud835\udc1c\ud835\udc22\ud835\udc1a","og_description":"Please provide a meta description by editing the snippet below. If you don\u2019t, Google will try to find a relevant part of your post to show in the search results.","og_url":"https:\/\/shop.bazarcia.com\/en\/product\/matrizes-de-bordado-colecao-brasoes-simbolos-profissoes-bm\/","og_site_name":"\ud835\udc1b\ud835\udc1a\ud835\udc33\ud835\udc1a\ud835\udc2b &amp; \ud835\udc1c\ud835\udc22\ud835\udc1a","article_publisher":"https:\/\/www.facebook.com\/shopbazarcia","article_modified_time":"2025-03-10T12:23:31+00:00","og_image":[{"width":1080,"height":1080,"url":"https:\/\/shop.bazarcia.com\/wp-content\/uploads\/2020\/07\/matrizes-de-bordado-colecao-brasoes-simbolos-profissoesBM01.jpg","type":"image\/jpeg"}],"twitter_card":"summary_large_image","twitter_misc":{"Est. reading time":"2 minutes"},"schema":{"@context":"https:\/\/schema.org","@graph":[{"@type":"WebPage","@id":"https:\/\/shop.bazarcia.com\/produto\/matrizes-de-bordado-colecao-brasoes-simbolos-profissoes-bm\/","url":"https:\/\/shop.bazarcia.com\/produto\/matrizes-de-bordado-colecao-brasoes-simbolos-profissoes-bm\/","name":"Matrizes de Bordado - Cole\u00e7\u00e3o Bras\u00f5es S\u00edmbolos Profiss\u00f5es - BM - \ud835\udc1b\ud835\udc1a\ud835\udc33\ud835\udc1a\ud835\udc2b &amp; \ud835\udc1c\ud835\udc22\ud835\udc1a","isPartOf":{"@id":"https:\/\/shop.bazarcia.com\/#website"},"primaryImageOfPage":{"@id":"https:\/\/shop.bazarcia.com\/produto\/matrizes-de-bordado-colecao-brasoes-simbolos-profissoes-bm\/#primaryimage"},"image":{"@id":"https:\/\/shop.bazarcia.com\/produto\/matrizes-de-bordado-colecao-brasoes-simbolos-profissoes-bm\/#primaryimage"},"thumbnailUrl":"https:\/\/shop.bazarcia.com\/wp-content\/uploads\/2020\/07\/matrizes-de-bordado-colecao-brasoes-simbolos-profissoesBM01.jpg","datePublished":"2020-07-10T15:05:46+00:00","dateModified":"2025-03-10T12:23:31+00:00","description":"Please provide a meta description by editing the snippet below. If you don\u2019t, Google will try to find a relevant part of your post to show in the search results.","breadcrumb":{"@id":"https:\/\/shop.bazarcia.com\/produto\/matrizes-de-bordado-colecao-brasoes-simbolos-profissoes-bm\/#breadcrumb"},"inLanguage":"en-US","potentialAction":[{"@type":"ReadAction","target":["https:\/\/shop.bazarcia.com\/produto\/matrizes-de-bordado-colecao-brasoes-simbolos-profissoes-bm\/"]}]},{"@type":"ImageObject","inLanguage":"en-US","@id":"https:\/\/shop.bazarcia.com\/produto\/matrizes-de-bordado-colecao-brasoes-simbolos-profissoes-bm\/#primaryimage","url":"https:\/\/shop.bazarcia.com\/wp-content\/uploads\/2020\/07\/matrizes-de-bordado-colecao-brasoes-simbolos-profissoesBM01.jpg","contentUrl":"https:\/\/shop.bazarcia.com\/wp-content\/uploads\/2020\/07\/matrizes-de-bordado-colecao-brasoes-simbolos-profissoesBM01.jpg","width":1080,"height":1080},{"@type":"BreadcrumbList","@id":"https:\/\/shop.bazarcia.com\/produto\/matrizes-de-bordado-colecao-brasoes-simbolos-profissoes-bm\/#breadcrumb","itemListElement":[{"@type":"ListItem","position":1,"name":"In\u00edcio","item":"https:\/\/shop.bazarcia.com\/"},{"@type":"ListItem","position":2,"name":"Loja","item":"https:\/\/shop.bazarcia.com\/loja\/"},{"@type":"ListItem","position":3,"name":"Matrizes de Bordado &#8211; Cole\u00e7\u00e3o Bras\u00f5es S\u00edmbolos Profiss\u00f5es &#8211; BM"}]},{"@type":"WebSite","@id":"https:\/\/shop.bazarcia.com\/#website","url":"https:\/\/shop.bazarcia.com\/","name":"Bazar & Cia","description":"criatividade ponto a ponto","publisher":{"@id":"https:\/\/shop.bazarcia.com\/#organization"},"potentialAction":[{"@type":"SearchAction","target":{"@type":"EntryPoint","urlTemplate":"https:\/\/shop.bazarcia.com\/?s={search_term_string}"},"query-input":{"@type":"PropertyValueSpecification","valueRequired":true,"valueName":"search_term_string"}}],"inLanguage":"en-US"},{"@type":"Organization","@id":"https:\/\/shop.bazarcia.com\/#organization","name":"Bazar & Cia","url":"https:\/\/shop.bazarcia.com\/","logo":{"@type":"ImageObject","inLanguage":"en-US","@id":"https:\/\/shop.bazarcia.com\/#\/schema\/logo\/image\/","url":"https:\/\/shop.bazarcia.com\/wp-content\/uploads\/2024\/02\/cropped-logo_bazarcia.png","contentUrl":"https:\/\/shop.bazarcia.com\/wp-content\/uploads\/2024\/02\/cropped-logo_bazarcia.png","width":150,"height":150,"caption":"Bazar & Cia"},"image":{"@id":"https:\/\/shop.bazarcia.com\/#\/schema\/logo\/image\/"},"sameAs":["https:\/\/www.facebook.com\/shopbazarcia","https:\/\/www.instagram.com\/shopbazarcia","https:\/\/br.pinterest.com\/suzane_eloise\/","https:\/\/www.youtube.com\/c\/BazardoBordadoMatrizeseProjetos"]}]}},"_links":{"self":[{"href":"https:\/\/shop.bazarcia.com\/en\/wp-json\/wp\/v2\/product\/37907","targetHints":{"allow":["GET"]}}],"collection":[{"href":"https:\/\/shop.bazarcia.com\/en\/wp-json\/wp\/v2\/product"}],"about":[{"href":"https:\/\/shop.bazarcia.com\/en\/wp-json\/wp\/v2\/types\/product"}],"replies":[{"embeddable":true,"href":"https:\/\/shop.bazarcia.com\/en\/wp-json\/wp\/v2\/comments?post=37907"}],"version-history":[{"count":1,"href":"https:\/\/shop.bazarcia.com\/en\/wp-json\/wp\/v2\/product\/37907\/revisions"}],"predecessor-version":[{"id":316559,"href":"https:\/\/shop.bazarcia.com\/en\/wp-json\/wp\/v2\/product\/37907\/revisions\/316559"}],"wp:featuredmedia":[{"embeddable":true,"href":"https:\/\/shop.bazarcia.com\/en\/wp-json\/wp\/v2\/media\/37900"}],"wp:attachment":[{"href":"https:\/\/shop.bazarcia.com\/en\/wp-json\/wp\/v2\/media?parent=37907"}],"wp:term":[{"taxonomy":"product_brand","embeddable":true,"href":"https:\/\/shop.bazarcia.com\/en\/wp-json\/wp\/v2\/product_brand?post=37907"},{"taxonomy":"product_cat","embeddable":true,"href":"https:\/\/shop.bazarcia.com\/en\/wp-json\/wp\/v2\/product_cat?post=37907"},{"taxonomy":"product_tag","embeddable":true,"href":"https:\/\/shop.bazarcia.com\/en\/wp-json\/wp\/v2\/product_tag?post=37907"}],"curies":[{"name":"wp","href":"https:\/\/api.w.org\/{rel}","templated":true}]}}