{"id":38023,"date":"2020-07-10T16:02:04","date_gmt":"2020-07-10T19:02:04","guid":{"rendered":"https:\/\/shop.bazarcia.com\/produto\/matriz-de-bordado-capa-de-caderneta-de-vacina-projeto-na-bordadeira\/"},"modified":"2023-11-14T19:27:42","modified_gmt":"2023-11-14T22:27:42","slug":"matriz-de-bordado-capa-de-caderneta-de-vacina-projeto-na-bordadeira","status":"publish","type":"product","link":"https:\/\/shop.bazarcia.com\/en\/product\/matriz-de-bordado-capa-de-caderneta-de-vacina-projeto-na-bordadeira\/","title":{"rendered":"Projeto na Bordadeira &#8211; Capa de Caderneta de Vacina"},"content":{"rendered":"<p>(LEIA COM ATEN\u00c7\u00c3O, em caso de d\u00favidas entre em contato com a Pontinhos de Luz)<\/p>\n<p>(Ap\u00f3s o download do arquivo, n\u00e3o haver\u00e1 devolu\u00e7\u00e3o ou troca do produto)<\/p>\n<p>A capa de caderneta de vacina\u00e7\u00e3o \u00e9 uma pe\u00e7a que n\u00e3o pode faltar no enxoval do beb\u00ea, pois al\u00e9m de embelezar, ela protege o documento. \u00c9 uma pe\u00e7a muito \u00fatil nas idas ao pediatra e ao posto de sa\u00fade.<\/p>\n<p>Projeto para bordadeira, feito em etapas<\/p>\n<p>2 tipos de acabamento:<br \/>\n&#8211; Feston\u00ea (com quilting caminho de b\u00eabado)<br \/>\n&#8211; Liso (com matelass\u00ea)<br \/>\n2 modelos de abas para fechamento<br \/>\n1 Tag<br \/>\n1 Moldura<br \/>\n1 Chaveiro<\/p>\n<p>Para bastidor 15&#215;26 cm ou maior<\/p>\n<p>Dimenss\u00f5es depois de finalizada<\/p>\n<p>15&#215;22,5 cm (com a lombada de 4cm)<br \/>\n17&#215;22,5 cm (com a lombada de 8cm)<\/p>\n<p>Extens\u00f5es: DST, EXP, JEF, PES e XXX<\/p>\n<p>(Esse projeto n\u00e3o \u00e9 compat\u00edvel com o bastidor 13&#215;18 e 13x30cm)<\/p>\n<p>Temos\u00a0 Projeto da Capa de Caderneta para bastidor \u00e0 partir do 13&#215;18 CLIQUE AQUI<\/p>\n<p>Pagamento por boleto, a confirma\u00e7\u00e3o pode demorar at\u00e9 2 dias \u00fateis, somente ap\u00f3s a confirma\u00e7\u00e3o os arquivos ser\u00e3o liberados.<\/p>\n<p>Todos os Download s\u00e3o aqui mesmo no site, na sua conta.<\/p>\n<p>(entre com seu email e senha &#8211; minha conta- downloads)<\/p>\n<p>Para ter acesso ao video clique aqui e informe o n\u00famero do seu pedido. Prazo de at\u00e9 48h para ser liberado o acesso.<\/p>\n<p>&nbsp;<\/p>\n<p>&nbsp;<\/p>","protected":false},"excerpt":{"rendered":"<p>Com o nosso Projeto de Capa de Caderneta de Vacinas, mesmo quem n\u00e3o \u00e9 fera na costura pode entregar pe\u00e7as lindas para as suas clientes, pois o nosso projeto \u00e9 feito todo em bordadeira eletr\u00f4nica n\u00e3o sendo necess\u00e1rio usar a m\u00e1quina de costura.<\/p>\n<p>Compat\u00edvel com bastidores 15&#215;26 cm ou maiores.<\/p>\n<p>Matrizes dispon\u00edveis nas extens\u00f5es PES, JEF, XXX, DST e EXP.<\/p>\n<p>V\u00eddeo com passo a passo em grupo fechado no Facebook.<\/p>\n<p>(leia a descri\u00e7\u00e3o completa no final desta p\u00e1gina, antes de finalizar a compra)<\/p>","protected":false},"featured_media":38011,"comment_status":"open","ping_status":"closed","template":"","meta":{"_acf_changed":false,"_joinchat":[]},"product_brand":[],"product_cat":[1422,98,1386],"product_tag":[1170,1431,1433,1280,1430,1432,1435],"class_list":{"0":"post-38023","1":"product","2":"type-product","3":"status-publish","4":"has-post-thumbnail","6":"product_cat-capa-de-caderneta-na-bordadeira-ith","7":"product_cat-projetos-na-bordadeira-in-the-hoop-embroidery","8":"product_cat-projetos-para-bastidor-15x26-ou-16x26","9":"product_tag-bordado","10":"product_tag-bordado-computadorizado","11":"product_tag-bordado-eletronico","12":"product_tag-bordar","13":"product_tag-matriz-de-bordado","14":"product_tag-matrizes-de-bordado","15":"product_tag-projeto-na-bordadeira-ith","17":"first","18":"instock","19":"downloadable","20":"virtual","21":"purchasable","22":"product-type-simple"},"acf":[],"yoast_head":"<!-- This site is optimized with the Yoast SEO plugin v27.2 - https:\/\/yoast.com\/product\/yoast-seo-wordpress\/ -->\n<title>Projeto na Bordadeira - Capa de Caderneta de Vacina - \ud835\udc1b\ud835\udc1a\ud835\udc33\ud835\udc1a\ud835\udc2b &amp; \ud835\udc1c\ud835\udc22\ud835\udc1a<\/title>\n<meta name=\"description\" content=\"Please provide a meta description by editing the snippet below. If you don\u2019t, Google will try to find a relevant part of your post to show in the search results.\" \/>\n<meta name=\"robots\" content=\"index, follow, max-snippet:-1, max-image-preview:large, max-video-preview:-1\" \/>\n<link rel=\"canonical\" href=\"https:\/\/shop.bazarcia.com\/en\/product\/matriz-de-bordado-capa-de-caderneta-de-vacina-projeto-na-bordadeira\/\" \/>\n<meta property=\"og:locale\" content=\"en_US\" \/>\n<meta property=\"og:type\" content=\"article\" \/>\n<meta property=\"og:title\" content=\"Projeto na Bordadeira - Capa de Caderneta de Vacina - \ud835\udc1b\ud835\udc1a\ud835\udc33\ud835\udc1a\ud835\udc2b &amp; \ud835\udc1c\ud835\udc22\ud835\udc1a\" \/>\n<meta property=\"og:description\" content=\"Please provide a meta description by editing the snippet below. If you don\u2019t, Google will try to find a relevant part of your post to show in the search results.\" \/>\n<meta property=\"og:url\" content=\"https:\/\/shop.bazarcia.com\/en\/product\/matriz-de-bordado-capa-de-caderneta-de-vacina-projeto-na-bordadeira\/\" \/>\n<meta property=\"og:site_name\" content=\"\ud835\udc1b\ud835\udc1a\ud835\udc33\ud835\udc1a\ud835\udc2b &amp; \ud835\udc1c\ud835\udc22\ud835\udc1a\" \/>\n<meta property=\"article:publisher\" content=\"https:\/\/www.facebook.com\/shopbazarcia\" \/>\n<meta property=\"article:modified_time\" content=\"2023-11-14T22:27:42+00:00\" \/>\n<meta property=\"og:image\" content=\"https:\/\/shop.bazarcia.com\/wp-content\/uploads\/2020\/07\/photo_2019-11-18_19-15-51.jpg\" \/>\n\t<meta property=\"og:image:width\" content=\"614\" \/>\n\t<meta property=\"og:image:height\" content=\"618\" \/>\n\t<meta property=\"og:image:type\" content=\"image\/jpeg\" \/>\n<meta name=\"twitter:card\" content=\"summary_large_image\" \/>\n<meta name=\"twitter:label1\" content=\"Est. reading time\" \/>\n\t<meta name=\"twitter:data1\" content=\"1 minute\" \/>\n<script type=\"application\/ld+json\" class=\"yoast-schema-graph\">{\"@context\":\"https:\/\/schema.org\",\"@graph\":[{\"@type\":\"WebPage\",\"@id\":\"https:\/\/shop.bazarcia.com\/produto\/matriz-de-bordado-capa-de-caderneta-de-vacina-projeto-na-bordadeira\/\",\"url\":\"https:\/\/shop.bazarcia.com\/produto\/matriz-de-bordado-capa-de-caderneta-de-vacina-projeto-na-bordadeira\/\",\"name\":\"Projeto na Bordadeira - Capa de Caderneta de Vacina - \ud835\udc1b\ud835\udc1a\ud835\udc33\ud835\udc1a\ud835\udc2b &amp; \ud835\udc1c\ud835\udc22\ud835\udc1a\",\"isPartOf\":{\"@id\":\"https:\/\/shop.bazarcia.com\/#website\"},\"primaryImageOfPage\":{\"@id\":\"https:\/\/shop.bazarcia.com\/produto\/matriz-de-bordado-capa-de-caderneta-de-vacina-projeto-na-bordadeira\/#primaryimage\"},\"image\":{\"@id\":\"https:\/\/shop.bazarcia.com\/produto\/matriz-de-bordado-capa-de-caderneta-de-vacina-projeto-na-bordadeira\/#primaryimage\"},\"thumbnailUrl\":\"https:\/\/shop.bazarcia.com\/wp-content\/uploads\/2020\/07\/photo_2019-11-18_19-15-51.jpg\",\"datePublished\":\"2020-07-10T19:02:04+00:00\",\"dateModified\":\"2023-11-14T22:27:42+00:00\",\"description\":\"Please provide a meta description by editing the snippet below. If you don\u2019t, Google will try to find a relevant part of your post to show in the search results.\",\"breadcrumb\":{\"@id\":\"https:\/\/shop.bazarcia.com\/produto\/matriz-de-bordado-capa-de-caderneta-de-vacina-projeto-na-bordadeira\/#breadcrumb\"},\"inLanguage\":\"en-US\",\"potentialAction\":[{\"@type\":\"ReadAction\",\"target\":[\"https:\/\/shop.bazarcia.com\/produto\/matriz-de-bordado-capa-de-caderneta-de-vacina-projeto-na-bordadeira\/\"]}]},{\"@type\":\"ImageObject\",\"inLanguage\":\"en-US\",\"@id\":\"https:\/\/shop.bazarcia.com\/produto\/matriz-de-bordado-capa-de-caderneta-de-vacina-projeto-na-bordadeira\/#primaryimage\",\"url\":\"https:\/\/shop.bazarcia.com\/wp-content\/uploads\/2020\/07\/photo_2019-11-18_19-15-51.jpg\",\"contentUrl\":\"https:\/\/shop.bazarcia.com\/wp-content\/uploads\/2020\/07\/photo_2019-11-18_19-15-51.jpg\",\"width\":614,\"height\":618},{\"@type\":\"BreadcrumbList\",\"@id\":\"https:\/\/shop.bazarcia.com\/produto\/matriz-de-bordado-capa-de-caderneta-de-vacina-projeto-na-bordadeira\/#breadcrumb\",\"itemListElement\":[{\"@type\":\"ListItem\",\"position\":1,\"name\":\"In\u00edcio\",\"item\":\"https:\/\/shop.bazarcia.com\/\"},{\"@type\":\"ListItem\",\"position\":2,\"name\":\"Loja\",\"item\":\"https:\/\/shop.bazarcia.com\/loja\/\"},{\"@type\":\"ListItem\",\"position\":3,\"name\":\"Projeto na Bordadeira &#8211; Capa de Caderneta de Vacina\"}]},{\"@type\":\"WebSite\",\"@id\":\"https:\/\/shop.bazarcia.com\/#website\",\"url\":\"https:\/\/shop.bazarcia.com\/\",\"name\":\"Bazar & Cia\",\"description\":\"criatividade ponto a ponto\",\"publisher\":{\"@id\":\"https:\/\/shop.bazarcia.com\/#organization\"},\"potentialAction\":[{\"@type\":\"SearchAction\",\"target\":{\"@type\":\"EntryPoint\",\"urlTemplate\":\"https:\/\/shop.bazarcia.com\/?s={search_term_string}\"},\"query-input\":{\"@type\":\"PropertyValueSpecification\",\"valueRequired\":true,\"valueName\":\"search_term_string\"}}],\"inLanguage\":\"en-US\"},{\"@type\":\"Organization\",\"@id\":\"https:\/\/shop.bazarcia.com\/#organization\",\"name\":\"Bazar & Cia\",\"url\":\"https:\/\/shop.bazarcia.com\/\",\"logo\":{\"@type\":\"ImageObject\",\"inLanguage\":\"en-US\",\"@id\":\"https:\/\/shop.bazarcia.com\/#\/schema\/logo\/image\/\",\"url\":\"https:\/\/shop.bazarcia.com\/wp-content\/uploads\/2024\/02\/cropped-logo_bazarcia.png\",\"contentUrl\":\"https:\/\/shop.bazarcia.com\/wp-content\/uploads\/2024\/02\/cropped-logo_bazarcia.png\",\"width\":150,\"height\":150,\"caption\":\"Bazar & Cia\"},\"image\":{\"@id\":\"https:\/\/shop.bazarcia.com\/#\/schema\/logo\/image\/\"},\"sameAs\":[\"https:\/\/www.facebook.com\/shopbazarcia\",\"https:\/\/www.instagram.com\/shopbazarcia\",\"https:\/\/br.pinterest.com\/suzane_eloise\/\",\"https:\/\/www.youtube.com\/c\/BazardoBordadoMatrizeseProjetos\"]}]}<\/script>\n<!-- \/ Yoast SEO plugin. -->","yoast_head_json":{"title":"Projeto na Bordadeira - Capa de Caderneta de Vacina - \ud835\udc1b\ud835\udc1a\ud835\udc33\ud835\udc1a\ud835\udc2b &amp; \ud835\udc1c\ud835\udc22\ud835\udc1a","description":"Please provide a meta description by editing the snippet below. If you don\u2019t, Google will try to find a relevant part of your post to show in the search results.","robots":{"index":"index","follow":"follow","max-snippet":"max-snippet:-1","max-image-preview":"max-image-preview:large","max-video-preview":"max-video-preview:-1"},"canonical":"https:\/\/shop.bazarcia.com\/en\/product\/matriz-de-bordado-capa-de-caderneta-de-vacina-projeto-na-bordadeira\/","og_locale":"en_US","og_type":"article","og_title":"Projeto na Bordadeira - Capa de Caderneta de Vacina - \ud835\udc1b\ud835\udc1a\ud835\udc33\ud835\udc1a\ud835\udc2b &amp; \ud835\udc1c\ud835\udc22\ud835\udc1a","og_description":"Please provide a meta description by editing the snippet below. If you don\u2019t, Google will try to find a relevant part of your post to show in the search results.","og_url":"https:\/\/shop.bazarcia.com\/en\/product\/matriz-de-bordado-capa-de-caderneta-de-vacina-projeto-na-bordadeira\/","og_site_name":"\ud835\udc1b\ud835\udc1a\ud835\udc33\ud835\udc1a\ud835\udc2b &amp; \ud835\udc1c\ud835\udc22\ud835\udc1a","article_publisher":"https:\/\/www.facebook.com\/shopbazarcia","article_modified_time":"2023-11-14T22:27:42+00:00","og_image":[{"width":614,"height":618,"url":"https:\/\/shop.bazarcia.com\/wp-content\/uploads\/2020\/07\/photo_2019-11-18_19-15-51.jpg","type":"image\/jpeg"}],"twitter_card":"summary_large_image","twitter_misc":{"Est. reading time":"1 minute"},"schema":{"@context":"https:\/\/schema.org","@graph":[{"@type":"WebPage","@id":"https:\/\/shop.bazarcia.com\/produto\/matriz-de-bordado-capa-de-caderneta-de-vacina-projeto-na-bordadeira\/","url":"https:\/\/shop.bazarcia.com\/produto\/matriz-de-bordado-capa-de-caderneta-de-vacina-projeto-na-bordadeira\/","name":"Projeto na Bordadeira - Capa de Caderneta de Vacina - \ud835\udc1b\ud835\udc1a\ud835\udc33\ud835\udc1a\ud835\udc2b &amp; \ud835\udc1c\ud835\udc22\ud835\udc1a","isPartOf":{"@id":"https:\/\/shop.bazarcia.com\/#website"},"primaryImageOfPage":{"@id":"https:\/\/shop.bazarcia.com\/produto\/matriz-de-bordado-capa-de-caderneta-de-vacina-projeto-na-bordadeira\/#primaryimage"},"image":{"@id":"https:\/\/shop.bazarcia.com\/produto\/matriz-de-bordado-capa-de-caderneta-de-vacina-projeto-na-bordadeira\/#primaryimage"},"thumbnailUrl":"https:\/\/shop.bazarcia.com\/wp-content\/uploads\/2020\/07\/photo_2019-11-18_19-15-51.jpg","datePublished":"2020-07-10T19:02:04+00:00","dateModified":"2023-11-14T22:27:42+00:00","description":"Please provide a meta description by editing the snippet below. If you don\u2019t, Google will try to find a relevant part of your post to show in the search results.","breadcrumb":{"@id":"https:\/\/shop.bazarcia.com\/produto\/matriz-de-bordado-capa-de-caderneta-de-vacina-projeto-na-bordadeira\/#breadcrumb"},"inLanguage":"en-US","potentialAction":[{"@type":"ReadAction","target":["https:\/\/shop.bazarcia.com\/produto\/matriz-de-bordado-capa-de-caderneta-de-vacina-projeto-na-bordadeira\/"]}]},{"@type":"ImageObject","inLanguage":"en-US","@id":"https:\/\/shop.bazarcia.com\/produto\/matriz-de-bordado-capa-de-caderneta-de-vacina-projeto-na-bordadeira\/#primaryimage","url":"https:\/\/shop.bazarcia.com\/wp-content\/uploads\/2020\/07\/photo_2019-11-18_19-15-51.jpg","contentUrl":"https:\/\/shop.bazarcia.com\/wp-content\/uploads\/2020\/07\/photo_2019-11-18_19-15-51.jpg","width":614,"height":618},{"@type":"BreadcrumbList","@id":"https:\/\/shop.bazarcia.com\/produto\/matriz-de-bordado-capa-de-caderneta-de-vacina-projeto-na-bordadeira\/#breadcrumb","itemListElement":[{"@type":"ListItem","position":1,"name":"In\u00edcio","item":"https:\/\/shop.bazarcia.com\/"},{"@type":"ListItem","position":2,"name":"Loja","item":"https:\/\/shop.bazarcia.com\/loja\/"},{"@type":"ListItem","position":3,"name":"Projeto na Bordadeira &#8211; Capa de Caderneta de Vacina"}]},{"@type":"WebSite","@id":"https:\/\/shop.bazarcia.com\/#website","url":"https:\/\/shop.bazarcia.com\/","name":"Bazar & Cia","description":"criatividade ponto a ponto","publisher":{"@id":"https:\/\/shop.bazarcia.com\/#organization"},"potentialAction":[{"@type":"SearchAction","target":{"@type":"EntryPoint","urlTemplate":"https:\/\/shop.bazarcia.com\/?s={search_term_string}"},"query-input":{"@type":"PropertyValueSpecification","valueRequired":true,"valueName":"search_term_string"}}],"inLanguage":"en-US"},{"@type":"Organization","@id":"https:\/\/shop.bazarcia.com\/#organization","name":"Bazar & Cia","url":"https:\/\/shop.bazarcia.com\/","logo":{"@type":"ImageObject","inLanguage":"en-US","@id":"https:\/\/shop.bazarcia.com\/#\/schema\/logo\/image\/","url":"https:\/\/shop.bazarcia.com\/wp-content\/uploads\/2024\/02\/cropped-logo_bazarcia.png","contentUrl":"https:\/\/shop.bazarcia.com\/wp-content\/uploads\/2024\/02\/cropped-logo_bazarcia.png","width":150,"height":150,"caption":"Bazar & Cia"},"image":{"@id":"https:\/\/shop.bazarcia.com\/#\/schema\/logo\/image\/"},"sameAs":["https:\/\/www.facebook.com\/shopbazarcia","https:\/\/www.instagram.com\/shopbazarcia","https:\/\/br.pinterest.com\/suzane_eloise\/","https:\/\/www.youtube.com\/c\/BazardoBordadoMatrizeseProjetos"]}]}},"_links":{"self":[{"href":"https:\/\/shop.bazarcia.com\/en\/wp-json\/wp\/v2\/product\/38023","targetHints":{"allow":["GET"]}}],"collection":[{"href":"https:\/\/shop.bazarcia.com\/en\/wp-json\/wp\/v2\/product"}],"about":[{"href":"https:\/\/shop.bazarcia.com\/en\/wp-json\/wp\/v2\/types\/product"}],"replies":[{"embeddable":true,"href":"https:\/\/shop.bazarcia.com\/en\/wp-json\/wp\/v2\/comments?post=38023"}],"version-history":[{"count":0,"href":"https:\/\/shop.bazarcia.com\/en\/wp-json\/wp\/v2\/product\/38023\/revisions"}],"wp:featuredmedia":[{"embeddable":true,"href":"https:\/\/shop.bazarcia.com\/en\/wp-json\/wp\/v2\/media\/38011"}],"wp:attachment":[{"href":"https:\/\/shop.bazarcia.com\/en\/wp-json\/wp\/v2\/media?parent=38023"}],"wp:term":[{"taxonomy":"product_brand","embeddable":true,"href":"https:\/\/shop.bazarcia.com\/en\/wp-json\/wp\/v2\/product_brand?post=38023"},{"taxonomy":"product_cat","embeddable":true,"href":"https:\/\/shop.bazarcia.com\/en\/wp-json\/wp\/v2\/product_cat?post=38023"},{"taxonomy":"product_tag","embeddable":true,"href":"https:\/\/shop.bazarcia.com\/en\/wp-json\/wp\/v2\/product_tag?post=38023"}],"curies":[{"name":"wp","href":"https:\/\/api.w.org\/{rel}","templated":true}]}}