{"id":382141,"date":"2026-04-05T19:13:19","date_gmt":"2026-04-05T22:13:19","guid":{"rendered":"https:\/\/shop.bazarcia.com\/?post_type=product&#038;p=382141"},"modified":"2026-04-18T11:56:37","modified_gmt":"2026-04-18T14:56:37","slug":"naninhas-simplificadas-4-0","status":"publish","type":"product","link":"https:\/\/shop.bazarcia.com\/en\/product\/naninhas-simplificadas-4-0\/","title":{"rendered":"Naninhas Simplificadas 4.0"},"content":{"rendered":"<p data-start=\"252\" data-end=\"499\">O <strong data-start=\"254\" data-end=\"284\">Naninhas Simplificadas 4.0<\/strong>\u00a0 \u00e9 a evolu\u00e7\u00e3o da cole\u00e7\u00e3o que j\u00e1 conquistou milhares de artes\u00e3s!<\/p>\n<p data-start=\"252\" data-end=\"499\">Agora com novos bichinhos encantadores, Alpaca\/Tatu\/Urso Polar \/Capivara\/Oncinha\/Gatinho\/ Suricato \/Dino todos com rostinhos expressivos e m\u00e9todo otimizado para voc\u00ea produzir com agilidade e alto padr\u00e3o de acabamento.<\/p>\n<p data-start=\"436\" data-end=\"624\">Elas s\u00e3o feitas <strong data-start=\"483\" data-end=\"521\">em apenas UMA etapa na bordadeira, s<\/strong>em necessidade de acoplar partes 3D, nada de montagem complicada&#8230;<\/p>\n<p data-start=\"1156\" data-end=\"1258\">A vers\u00e3o 4.0 n\u00e3o \u00e9 s\u00f3 mais uma cole\u00e7\u00e3o\u2026<br data-start=\"1195\" data-end=\"1198\" \/>\u00c9 uma forma inteligente de transformar tempo em faturamento.<\/p>\n<p data-start=\"1260\" data-end=\"1325\">Porque aqui voc\u00ea n\u00e3o complica.<br data-start=\"1290\" data-end=\"1293\" \/>Voc\u00ea produz, e\u00a0est\u00e1 pronta para encantar!<\/p>\n<p data-start=\"626\" data-end=\"676\">","protected":false},"excerpt":{"rendered":"<p>Chegou a hora de transformar tecido em afeto\u2026 de forma pr\u00e1tica, r\u00e1pida e extremamente lucrativa , o curso <strong data-start=\"254\" data-end=\"284\">Naninhas Simplificadas 4.0<\/strong> \u00e9 a evolu\u00e7\u00e3o da cole\u00e7\u00e3o que j\u00e1 conquistou tantas artes\u00e3s. Agora com novos bichinhos encantadores, rostinhos expressivos e com o m\u00e9todo simplificado que otimiza o tempo, para voc\u00ea produzir com agilidade e alto padr\u00e3o de acabamento.<\/p>","protected":false},"featured_media":382151,"comment_status":"open","ping_status":"closed","template":"","meta":{"_acf_changed":false,"_joinchat":[]},"product_brand":[],"product_cat":[213,1548,98],"product_tag":[],"class_list":{"0":"post-382141","1":"product","2":"type-product","3":"status-publish","4":"has-post-thumbnail","6":"product_cat-projeto-naninhas-na-bordadeira","7":"product_cat-naninhas-na-bordadeira-modelo-enchimento-ith","8":"product_cat-projetos-na-bordadeira-in-the-hoop-embroidery","10":"first","11":"instock","12":"downloadable","13":"virtual","14":"purchasable","15":"product-type-simple"},"acf":[],"yoast_head":"<!-- This site is optimized with the Yoast SEO plugin v27.2 - https:\/\/yoast.com\/product\/yoast-seo-wordpress\/ -->\n<title>Naninhas Simplificadas 4.0 - Karinhos e Sonhos- \ud835\udc1b\ud835\udc1a\ud835\udc33\ud835\udc1a\ud835\udc2b &amp; \ud835\udc1c\ud835\udc22\ud835\udc1a<\/title>\n<meta name=\"description\" content=\"Naninhas Simplificadas 4.0 \u00e9 um curso completo com bichinhos encantadores feitos em apenas uma etapa na bordadeira, sem partes 3D. Produza mais, com rapidez, acabamento impec\u00e1vel e alto potencial de lucro.\" \/>\n<meta name=\"robots\" content=\"index, follow, max-snippet:-1, max-image-preview:large, max-video-preview:-1\" \/>\n<link rel=\"canonical\" href=\"https:\/\/shop.bazarcia.com\/en\/product\/naninhas-simplificadas-4-0\/\" \/>\n<meta property=\"og:locale\" content=\"en_US\" \/>\n<meta property=\"og:type\" content=\"article\" \/>\n<meta property=\"og:title\" content=\"Naninhas Simplificadas 4.0 - Karinhos e Sonhos- \ud835\udc1b\ud835\udc1a\ud835\udc33\ud835\udc1a\ud835\udc2b &amp; \ud835\udc1c\ud835\udc22\ud835\udc1a\" \/>\n<meta property=\"og:description\" content=\"Naninhas Simplificadas 4.0 \u00e9 um curso completo com bichinhos encantadores feitos em apenas uma etapa na bordadeira, sem partes 3D. Produza mais, com rapidez, acabamento impec\u00e1vel e alto potencial de lucro.\" \/>\n<meta property=\"og:url\" content=\"https:\/\/shop.bazarcia.com\/en\/product\/naninhas-simplificadas-4-0\/\" \/>\n<meta property=\"og:site_name\" content=\"\ud835\udc1b\ud835\udc1a\ud835\udc33\ud835\udc1a\ud835\udc2b &amp; \ud835\udc1c\ud835\udc22\ud835\udc1a\" \/>\n<meta property=\"article:publisher\" content=\"https:\/\/www.facebook.com\/shopbazarcia\" \/>\n<meta property=\"article:modified_time\" content=\"2026-04-18T14:56:37+00:00\" \/>\n<meta property=\"og:image\" content=\"https:\/\/shop.bazarcia.com\/wp-content\/uploads\/2026\/04\/2.png\" \/>\n\t<meta property=\"og:image:width\" content=\"1350\" \/>\n\t<meta property=\"og:image:height\" content=\"1350\" \/>\n\t<meta property=\"og:image:type\" content=\"image\/png\" \/>\n<meta name=\"twitter:card\" content=\"summary_large_image\" \/>\n<meta name=\"twitter:label1\" content=\"Est. reading time\" \/>\n\t<meta name=\"twitter:data1\" content=\"1 minute\" \/>\n<script type=\"application\/ld+json\" class=\"yoast-schema-graph\">{\"@context\":\"https:\/\/schema.org\",\"@graph\":[{\"@type\":\"WebPage\",\"@id\":\"https:\/\/shop.bazarcia.com\/produto\/naninhas-simplificadas-4-0\/\",\"url\":\"https:\/\/shop.bazarcia.com\/produto\/naninhas-simplificadas-4-0\/\",\"name\":\"Naninhas Simplificadas 4.0 - Karinhos e Sonhos- \ud835\udc1b\ud835\udc1a\ud835\udc33\ud835\udc1a\ud835\udc2b &amp; \ud835\udc1c\ud835\udc22\ud835\udc1a\",\"isPartOf\":{\"@id\":\"https:\/\/shop.bazarcia.com\/#website\"},\"primaryImageOfPage\":{\"@id\":\"https:\/\/shop.bazarcia.com\/produto\/naninhas-simplificadas-4-0\/#primaryimage\"},\"image\":{\"@id\":\"https:\/\/shop.bazarcia.com\/produto\/naninhas-simplificadas-4-0\/#primaryimage\"},\"thumbnailUrl\":\"https:\/\/shop.bazarcia.com\/wp-content\/uploads\/2026\/04\/2.png\",\"datePublished\":\"2026-04-05T22:13:19+00:00\",\"dateModified\":\"2026-04-18T14:56:37+00:00\",\"description\":\"Naninhas Simplificadas 4.0 \u00e9 um curso completo com bichinhos encantadores feitos em apenas uma etapa na bordadeira, sem partes 3D. Produza mais, com rapidez, acabamento impec\u00e1vel e alto potencial de lucro.\",\"breadcrumb\":{\"@id\":\"https:\/\/shop.bazarcia.com\/produto\/naninhas-simplificadas-4-0\/#breadcrumb\"},\"inLanguage\":\"en-US\",\"potentialAction\":[{\"@type\":\"ReadAction\",\"target\":[\"https:\/\/shop.bazarcia.com\/produto\/naninhas-simplificadas-4-0\/\"]}]},{\"@type\":\"ImageObject\",\"inLanguage\":\"en-US\",\"@id\":\"https:\/\/shop.bazarcia.com\/produto\/naninhas-simplificadas-4-0\/#primaryimage\",\"url\":\"https:\/\/shop.bazarcia.com\/wp-content\/uploads\/2026\/04\/2.png\",\"contentUrl\":\"https:\/\/shop.bazarcia.com\/wp-content\/uploads\/2026\/04\/2.png\",\"width\":1350,\"height\":1350},{\"@type\":\"BreadcrumbList\",\"@id\":\"https:\/\/shop.bazarcia.com\/produto\/naninhas-simplificadas-4-0\/#breadcrumb\",\"itemListElement\":[{\"@type\":\"ListItem\",\"position\":1,\"name\":\"In\u00edcio\",\"item\":\"https:\/\/shop.bazarcia.com\/\"},{\"@type\":\"ListItem\",\"position\":2,\"name\":\"Loja\",\"item\":\"https:\/\/shop.bazarcia.com\/loja\/\"},{\"@type\":\"ListItem\",\"position\":3,\"name\":\"Naninhas Simplificadas 4.0\"}]},{\"@type\":\"WebSite\",\"@id\":\"https:\/\/shop.bazarcia.com\/#website\",\"url\":\"https:\/\/shop.bazarcia.com\/\",\"name\":\"Bazar & Cia\",\"description\":\"criatividade ponto a ponto\",\"publisher\":{\"@id\":\"https:\/\/shop.bazarcia.com\/#organization\"},\"potentialAction\":[{\"@type\":\"SearchAction\",\"target\":{\"@type\":\"EntryPoint\",\"urlTemplate\":\"https:\/\/shop.bazarcia.com\/?s={search_term_string}\"},\"query-input\":{\"@type\":\"PropertyValueSpecification\",\"valueRequired\":true,\"valueName\":\"search_term_string\"}}],\"inLanguage\":\"en-US\"},{\"@type\":\"Organization\",\"@id\":\"https:\/\/shop.bazarcia.com\/#organization\",\"name\":\"Bazar & Cia\",\"url\":\"https:\/\/shop.bazarcia.com\/\",\"logo\":{\"@type\":\"ImageObject\",\"inLanguage\":\"en-US\",\"@id\":\"https:\/\/shop.bazarcia.com\/#\/schema\/logo\/image\/\",\"url\":\"https:\/\/shop.bazarcia.com\/wp-content\/uploads\/2024\/02\/cropped-logo_bazarcia.png\",\"contentUrl\":\"https:\/\/shop.bazarcia.com\/wp-content\/uploads\/2024\/02\/cropped-logo_bazarcia.png\",\"width\":150,\"height\":150,\"caption\":\"Bazar & Cia\"},\"image\":{\"@id\":\"https:\/\/shop.bazarcia.com\/#\/schema\/logo\/image\/\"},\"sameAs\":[\"https:\/\/www.facebook.com\/shopbazarcia\",\"https:\/\/www.instagram.com\/shopbazarcia\",\"https:\/\/br.pinterest.com\/suzane_eloise\/\",\"https:\/\/www.youtube.com\/c\/BazardoBordadoMatrizeseProjetos\"]}]}<\/script>\n<!-- \/ Yoast SEO plugin. -->","yoast_head_json":{"title":"Naninhas Simplificadas 4.0 - Karinhos e Sonhos- \ud835\udc1b\ud835\udc1a\ud835\udc33\ud835\udc1a\ud835\udc2b &amp; \ud835\udc1c\ud835\udc22\ud835\udc1a","description":"Naninhas Simplificadas 4.0 \u00e9 um curso completo com bichinhos encantadores feitos em apenas uma etapa na bordadeira, sem partes 3D. Produza mais, com rapidez, acabamento impec\u00e1vel e alto potencial de lucro.","robots":{"index":"index","follow":"follow","max-snippet":"max-snippet:-1","max-image-preview":"max-image-preview:large","max-video-preview":"max-video-preview:-1"},"canonical":"https:\/\/shop.bazarcia.com\/en\/product\/naninhas-simplificadas-4-0\/","og_locale":"en_US","og_type":"article","og_title":"Naninhas Simplificadas 4.0 - Karinhos e Sonhos- \ud835\udc1b\ud835\udc1a\ud835\udc33\ud835\udc1a\ud835\udc2b &amp; \ud835\udc1c\ud835\udc22\ud835\udc1a","og_description":"Naninhas Simplificadas 4.0 \u00e9 um curso completo com bichinhos encantadores feitos em apenas uma etapa na bordadeira, sem partes 3D. Produza mais, com rapidez, acabamento impec\u00e1vel e alto potencial de lucro.","og_url":"https:\/\/shop.bazarcia.com\/en\/product\/naninhas-simplificadas-4-0\/","og_site_name":"\ud835\udc1b\ud835\udc1a\ud835\udc33\ud835\udc1a\ud835\udc2b &amp; \ud835\udc1c\ud835\udc22\ud835\udc1a","article_publisher":"https:\/\/www.facebook.com\/shopbazarcia","article_modified_time":"2026-04-18T14:56:37+00:00","og_image":[{"url":"https:\/\/shop.bazarcia.com\/wp-content\/uploads\/2026\/04\/2.png","width":1350,"height":1350,"type":"image\/png"}],"twitter_card":"summary_large_image","twitter_misc":{"Est. reading time":"1 minute"},"schema":{"@context":"https:\/\/schema.org","@graph":[{"@type":"WebPage","@id":"https:\/\/shop.bazarcia.com\/produto\/naninhas-simplificadas-4-0\/","url":"https:\/\/shop.bazarcia.com\/produto\/naninhas-simplificadas-4-0\/","name":"Naninhas Simplificadas 4.0 - Karinhos e Sonhos- \ud835\udc1b\ud835\udc1a\ud835\udc33\ud835\udc1a\ud835\udc2b &amp; \ud835\udc1c\ud835\udc22\ud835\udc1a","isPartOf":{"@id":"https:\/\/shop.bazarcia.com\/#website"},"primaryImageOfPage":{"@id":"https:\/\/shop.bazarcia.com\/produto\/naninhas-simplificadas-4-0\/#primaryimage"},"image":{"@id":"https:\/\/shop.bazarcia.com\/produto\/naninhas-simplificadas-4-0\/#primaryimage"},"thumbnailUrl":"https:\/\/shop.bazarcia.com\/wp-content\/uploads\/2026\/04\/2.png","datePublished":"2026-04-05T22:13:19+00:00","dateModified":"2026-04-18T14:56:37+00:00","description":"Naninhas Simplificadas 4.0 \u00e9 um curso completo com bichinhos encantadores feitos em apenas uma etapa na bordadeira, sem partes 3D. Produza mais, com rapidez, acabamento impec\u00e1vel e alto potencial de lucro.","breadcrumb":{"@id":"https:\/\/shop.bazarcia.com\/produto\/naninhas-simplificadas-4-0\/#breadcrumb"},"inLanguage":"en-US","potentialAction":[{"@type":"ReadAction","target":["https:\/\/shop.bazarcia.com\/produto\/naninhas-simplificadas-4-0\/"]}]},{"@type":"ImageObject","inLanguage":"en-US","@id":"https:\/\/shop.bazarcia.com\/produto\/naninhas-simplificadas-4-0\/#primaryimage","url":"https:\/\/shop.bazarcia.com\/wp-content\/uploads\/2026\/04\/2.png","contentUrl":"https:\/\/shop.bazarcia.com\/wp-content\/uploads\/2026\/04\/2.png","width":1350,"height":1350},{"@type":"BreadcrumbList","@id":"https:\/\/shop.bazarcia.com\/produto\/naninhas-simplificadas-4-0\/#breadcrumb","itemListElement":[{"@type":"ListItem","position":1,"name":"In\u00edcio","item":"https:\/\/shop.bazarcia.com\/"},{"@type":"ListItem","position":2,"name":"Loja","item":"https:\/\/shop.bazarcia.com\/loja\/"},{"@type":"ListItem","position":3,"name":"Naninhas Simplificadas 4.0"}]},{"@type":"WebSite","@id":"https:\/\/shop.bazarcia.com\/#website","url":"https:\/\/shop.bazarcia.com\/","name":"Bazar & Cia","description":"criatividade ponto a ponto","publisher":{"@id":"https:\/\/shop.bazarcia.com\/#organization"},"potentialAction":[{"@type":"SearchAction","target":{"@type":"EntryPoint","urlTemplate":"https:\/\/shop.bazarcia.com\/?s={search_term_string}"},"query-input":{"@type":"PropertyValueSpecification","valueRequired":true,"valueName":"search_term_string"}}],"inLanguage":"en-US"},{"@type":"Organization","@id":"https:\/\/shop.bazarcia.com\/#organization","name":"Bazar & Cia","url":"https:\/\/shop.bazarcia.com\/","logo":{"@type":"ImageObject","inLanguage":"en-US","@id":"https:\/\/shop.bazarcia.com\/#\/schema\/logo\/image\/","url":"https:\/\/shop.bazarcia.com\/wp-content\/uploads\/2024\/02\/cropped-logo_bazarcia.png","contentUrl":"https:\/\/shop.bazarcia.com\/wp-content\/uploads\/2024\/02\/cropped-logo_bazarcia.png","width":150,"height":150,"caption":"Bazar & Cia"},"image":{"@id":"https:\/\/shop.bazarcia.com\/#\/schema\/logo\/image\/"},"sameAs":["https:\/\/www.facebook.com\/shopbazarcia","https:\/\/www.instagram.com\/shopbazarcia","https:\/\/br.pinterest.com\/suzane_eloise\/","https:\/\/www.youtube.com\/c\/BazardoBordadoMatrizeseProjetos"]}]}},"_links":{"self":[{"href":"https:\/\/shop.bazarcia.com\/en\/wp-json\/wp\/v2\/product\/382141","targetHints":{"allow":["GET"]}}],"collection":[{"href":"https:\/\/shop.bazarcia.com\/en\/wp-json\/wp\/v2\/product"}],"about":[{"href":"https:\/\/shop.bazarcia.com\/en\/wp-json\/wp\/v2\/types\/product"}],"replies":[{"embeddable":true,"href":"https:\/\/shop.bazarcia.com\/en\/wp-json\/wp\/v2\/comments?post=382141"}],"version-history":[{"count":3,"href":"https:\/\/shop.bazarcia.com\/en\/wp-json\/wp\/v2\/product\/382141\/revisions"}],"predecessor-version":[{"id":382678,"href":"https:\/\/shop.bazarcia.com\/en\/wp-json\/wp\/v2\/product\/382141\/revisions\/382678"}],"wp:featuredmedia":[{"embeddable":true,"href":"https:\/\/shop.bazarcia.com\/en\/wp-json\/wp\/v2\/media\/382151"}],"wp:attachment":[{"href":"https:\/\/shop.bazarcia.com\/en\/wp-json\/wp\/v2\/media?parent=382141"}],"wp:term":[{"taxonomy":"product_brand","embeddable":true,"href":"https:\/\/shop.bazarcia.com\/en\/wp-json\/wp\/v2\/product_brand?post=382141"},{"taxonomy":"product_cat","embeddable":true,"href":"https:\/\/shop.bazarcia.com\/en\/wp-json\/wp\/v2\/product_cat?post=382141"},{"taxonomy":"product_tag","embeddable":true,"href":"https:\/\/shop.bazarcia.com\/en\/wp-json\/wp\/v2\/product_tag?post=382141"}],"curies":[{"name":"wp","href":"https:\/\/api.w.org\/{rel}","templated":true}]}}