{"id":382295,"date":"2026-04-07T11:49:39","date_gmt":"2026-04-07T14:49:39","guid":{"rendered":"https:\/\/shop.bazarcia.com\/?post_type=product&#038;p=382295"},"modified":"2026-04-07T12:34:48","modified_gmt":"2026-04-07T15:34:48","slug":"monograma-flor-em-pontos-leves","status":"publish","type":"product","link":"https:\/\/shop.bazarcia.com\/en\/product\/monograma-flor-em-pontos-leves\/","title":{"rendered":"Monograma Flor em Pontos Leves"},"content":{"rendered":"<p><strong>ALFABETO COMPLETO &#8211; Monogramas e n\u00fameros em pontos leves<\/strong>, <strong>nos tamanhos 3 e 4cm de altura<\/strong>. Borde em muitos tamanhos de bastidores!<\/p>\n<p><strong>23 Nomes prontos inclu\u00eddos como presente<\/strong>: Ana, Ana Luisa, Antonella, Any, Catarina, Cecilia, Clara, Emilly, Helena, Isabela, Isabella, Julia, Laura, Liz, Luisa, Luna, Mait\u00ea, Maria Clara, Maria, Maria Julia, Maria Liz, Mariana, Serena e Vit\u00f3ria.<\/p>\n<p><strong>Mais de 15 montagens com florzinhas <\/strong><em>(diversas posi\u00e7\u00f5es e tamanhos diferentes)<\/em> <em>pra agilizar a nossa edi\u00e7\u00e3o no ateli\u00ea e s\u00f3 colocar o nome no meio, utilizando essas letras ou qualquer fonte que a gente quiser.<\/em><\/p>\n<p>Sugiro colocar o papel nacarado para dar efeito de brilho. Fica lindo demais!<\/p>\n<p>Quando fizer, nos marque @realizamatrizes e @shopbazarcia<\/p>\n<p>Dispon\u00edvel em DST, EXP, HUS, JEF, PES, VIP e XXX.<\/p>\n<p>Aproveite e venda muito!<\/p>\n<p>Obrigada!<\/p>","protected":false},"excerpt":{"rendered":"<p><strong>Alfabeto completo, n\u00fameros e florzinhas em pontos leves<\/strong>, de forma muito delicada e diferente! Um bordado que chama aten\u00e7\u00e3o das clientes.<\/p>\n<p>E, al\u00e9m de muitas montagens com flores, est\u00e1 inclu\u00eddo 23 nomes como presente!<\/p>\n<p>Aproveite e venda muito!<\/p>","protected":false},"featured_media":382282,"comment_status":"open","ping_status":"closed","template":"","meta":{"_acf_changed":false,"_joinchat":[]},"product_brand":[],"product_cat":[277,296,84,304,1956],"product_tag":[1431],"class_list":{"0":"post-382295","1":"product","2":"type-product","3":"status-publish","4":"has-post-thumbnail","6":"product_cat-alfabetos","7":"product_cat-florais","8":"product_cat-matrizes-de-bordado","9":"product_cat-numerais","10":"product_cat-outras","11":"product_tag-bordado-computadorizado","13":"first","14":"instock","15":"sale","16":"downloadable","17":"virtual","18":"purchasable","19":"product-type-simple"},"acf":[],"yoast_head":"<!-- This site is optimized with the Yoast SEO plugin v27.2 - https:\/\/yoast.com\/product\/yoast-seo-wordpress\/ -->\n<title>Monograma Flor em Pontos Leves - \ud835\udc1b\ud835\udc1a\ud835\udc33\ud835\udc1a\ud835\udc2b &amp; \ud835\udc1c\ud835\udc22\ud835\udc1a<\/title>\n<meta name=\"robots\" content=\"index, follow, max-snippet:-1, max-image-preview:large, max-video-preview:-1\" \/>\n<link rel=\"canonical\" href=\"https:\/\/shop.bazarcia.com\/en\/product\/monograma-flor-em-pontos-leves\/\" \/>\n<meta property=\"og:locale\" content=\"en_US\" \/>\n<meta property=\"og:type\" content=\"article\" \/>\n<meta property=\"og:title\" content=\"Monograma Flor em Pontos Leves - \ud835\udc1b\ud835\udc1a\ud835\udc33\ud835\udc1a\ud835\udc2b &amp; \ud835\udc1c\ud835\udc22\ud835\udc1a\" \/>\n<meta property=\"og:description\" content=\"Alfabeto completo, n\u00fameros e florzinhas em pontos leves, de forma muito delicada e diferente! Um bordado que chama aten\u00e7\u00e3o das clientes.  E, al\u00e9m de muitas montagens com flores, est\u00e1 inclu\u00eddo 23 nomes como presente!  Aproveite e venda muito!\" \/>\n<meta property=\"og:url\" content=\"https:\/\/shop.bazarcia.com\/en\/product\/monograma-flor-em-pontos-leves\/\" \/>\n<meta property=\"og:site_name\" content=\"\ud835\udc1b\ud835\udc1a\ud835\udc33\ud835\udc1a\ud835\udc2b &amp; \ud835\udc1c\ud835\udc22\ud835\udc1a\" \/>\n<meta property=\"article:publisher\" content=\"https:\/\/www.facebook.com\/shopbazarcia\" \/>\n<meta property=\"article:modified_time\" content=\"2026-04-07T15:34:48+00:00\" \/>\n<meta property=\"og:image\" content=\"https:\/\/shop.bazarcia.com\/wp-content\/uploads\/2026\/04\/IMG-Any.jpeg\" \/>\n\t<meta property=\"og:image:width\" content=\"1600\" \/>\n\t<meta property=\"og:image:height\" content=\"1600\" \/>\n\t<meta property=\"og:image:type\" content=\"image\/jpeg\" \/>\n<meta name=\"twitter:card\" content=\"summary_large_image\" \/>\n<meta name=\"twitter:label1\" content=\"Est. reading time\" \/>\n\t<meta name=\"twitter:data1\" content=\"1 minute\" \/>\n<script type=\"application\/ld+json\" class=\"yoast-schema-graph\">{\"@context\":\"https:\/\/schema.org\",\"@graph\":[{\"@type\":\"WebPage\",\"@id\":\"https:\/\/shop.bazarcia.com\/produto\/monograma-flor-em-pontos-leves\/\",\"url\":\"https:\/\/shop.bazarcia.com\/produto\/monograma-flor-em-pontos-leves\/\",\"name\":\"Monograma Flor em Pontos Leves - \ud835\udc1b\ud835\udc1a\ud835\udc33\ud835\udc1a\ud835\udc2b &amp; \ud835\udc1c\ud835\udc22\ud835\udc1a\",\"isPartOf\":{\"@id\":\"https:\/\/shop.bazarcia.com\/#website\"},\"primaryImageOfPage\":{\"@id\":\"https:\/\/shop.bazarcia.com\/produto\/monograma-flor-em-pontos-leves\/#primaryimage\"},\"image\":{\"@id\":\"https:\/\/shop.bazarcia.com\/produto\/monograma-flor-em-pontos-leves\/#primaryimage\"},\"thumbnailUrl\":\"https:\/\/shop.bazarcia.com\/wp-content\/uploads\/2026\/04\/IMG-Any.jpeg\",\"datePublished\":\"2026-04-07T14:49:39+00:00\",\"dateModified\":\"2026-04-07T15:34:48+00:00\",\"breadcrumb\":{\"@id\":\"https:\/\/shop.bazarcia.com\/produto\/monograma-flor-em-pontos-leves\/#breadcrumb\"},\"inLanguage\":\"en-US\",\"potentialAction\":[{\"@type\":\"ReadAction\",\"target\":[\"https:\/\/shop.bazarcia.com\/produto\/monograma-flor-em-pontos-leves\/\"]}]},{\"@type\":\"ImageObject\",\"inLanguage\":\"en-US\",\"@id\":\"https:\/\/shop.bazarcia.com\/produto\/monograma-flor-em-pontos-leves\/#primaryimage\",\"url\":\"https:\/\/shop.bazarcia.com\/wp-content\/uploads\/2026\/04\/IMG-Any.jpeg\",\"contentUrl\":\"https:\/\/shop.bazarcia.com\/wp-content\/uploads\/2026\/04\/IMG-Any.jpeg\",\"width\":1600,\"height\":1600},{\"@type\":\"BreadcrumbList\",\"@id\":\"https:\/\/shop.bazarcia.com\/produto\/monograma-flor-em-pontos-leves\/#breadcrumb\",\"itemListElement\":[{\"@type\":\"ListItem\",\"position\":1,\"name\":\"In\u00edcio\",\"item\":\"https:\/\/shop.bazarcia.com\/\"},{\"@type\":\"ListItem\",\"position\":2,\"name\":\"Loja\",\"item\":\"https:\/\/shop.bazarcia.com\/loja\/\"},{\"@type\":\"ListItem\",\"position\":3,\"name\":\"Monograma Flor em Pontos Leves\"}]},{\"@type\":\"WebSite\",\"@id\":\"https:\/\/shop.bazarcia.com\/#website\",\"url\":\"https:\/\/shop.bazarcia.com\/\",\"name\":\"Bazar & Cia\",\"description\":\"criatividade ponto a ponto\",\"publisher\":{\"@id\":\"https:\/\/shop.bazarcia.com\/#organization\"},\"potentialAction\":[{\"@type\":\"SearchAction\",\"target\":{\"@type\":\"EntryPoint\",\"urlTemplate\":\"https:\/\/shop.bazarcia.com\/?s={search_term_string}\"},\"query-input\":{\"@type\":\"PropertyValueSpecification\",\"valueRequired\":true,\"valueName\":\"search_term_string\"}}],\"inLanguage\":\"en-US\"},{\"@type\":\"Organization\",\"@id\":\"https:\/\/shop.bazarcia.com\/#organization\",\"name\":\"Bazar & Cia\",\"url\":\"https:\/\/shop.bazarcia.com\/\",\"logo\":{\"@type\":\"ImageObject\",\"inLanguage\":\"en-US\",\"@id\":\"https:\/\/shop.bazarcia.com\/#\/schema\/logo\/image\/\",\"url\":\"https:\/\/shop.bazarcia.com\/wp-content\/uploads\/2024\/02\/cropped-logo_bazarcia.png\",\"contentUrl\":\"https:\/\/shop.bazarcia.com\/wp-content\/uploads\/2024\/02\/cropped-logo_bazarcia.png\",\"width\":150,\"height\":150,\"caption\":\"Bazar & Cia\"},\"image\":{\"@id\":\"https:\/\/shop.bazarcia.com\/#\/schema\/logo\/image\/\"},\"sameAs\":[\"https:\/\/www.facebook.com\/shopbazarcia\",\"https:\/\/www.instagram.com\/shopbazarcia\",\"https:\/\/br.pinterest.com\/suzane_eloise\/\",\"https:\/\/www.youtube.com\/c\/BazardoBordadoMatrizeseProjetos\"]}]}<\/script>\n<!-- \/ Yoast SEO plugin. -->","yoast_head_json":{"title":"Monograma Flor em Pontos Leves - \ud835\udc1b\ud835\udc1a\ud835\udc33\ud835\udc1a\ud835\udc2b &amp; \ud835\udc1c\ud835\udc22\ud835\udc1a","robots":{"index":"index","follow":"follow","max-snippet":"max-snippet:-1","max-image-preview":"max-image-preview:large","max-video-preview":"max-video-preview:-1"},"canonical":"https:\/\/shop.bazarcia.com\/en\/product\/monograma-flor-em-pontos-leves\/","og_locale":"en_US","og_type":"article","og_title":"Monograma Flor em Pontos Leves - \ud835\udc1b\ud835\udc1a\ud835\udc33\ud835\udc1a\ud835\udc2b &amp; \ud835\udc1c\ud835\udc22\ud835\udc1a","og_description":"Alfabeto completo, n\u00fameros e florzinhas em pontos leves, de forma muito delicada e diferente! Um bordado que chama aten\u00e7\u00e3o das clientes.  E, al\u00e9m de muitas montagens com flores, est\u00e1 inclu\u00eddo 23 nomes como presente!  Aproveite e venda muito!","og_url":"https:\/\/shop.bazarcia.com\/en\/product\/monograma-flor-em-pontos-leves\/","og_site_name":"\ud835\udc1b\ud835\udc1a\ud835\udc33\ud835\udc1a\ud835\udc2b &amp; \ud835\udc1c\ud835\udc22\ud835\udc1a","article_publisher":"https:\/\/www.facebook.com\/shopbazarcia","article_modified_time":"2026-04-07T15:34:48+00:00","og_image":[{"width":1600,"height":1600,"url":"https:\/\/shop.bazarcia.com\/wp-content\/uploads\/2026\/04\/IMG-Any.jpeg","type":"image\/jpeg"}],"twitter_card":"summary_large_image","twitter_misc":{"Est. reading time":"1 minute"},"schema":{"@context":"https:\/\/schema.org","@graph":[{"@type":"WebPage","@id":"https:\/\/shop.bazarcia.com\/produto\/monograma-flor-em-pontos-leves\/","url":"https:\/\/shop.bazarcia.com\/produto\/monograma-flor-em-pontos-leves\/","name":"Monograma Flor em Pontos Leves - \ud835\udc1b\ud835\udc1a\ud835\udc33\ud835\udc1a\ud835\udc2b &amp; \ud835\udc1c\ud835\udc22\ud835\udc1a","isPartOf":{"@id":"https:\/\/shop.bazarcia.com\/#website"},"primaryImageOfPage":{"@id":"https:\/\/shop.bazarcia.com\/produto\/monograma-flor-em-pontos-leves\/#primaryimage"},"image":{"@id":"https:\/\/shop.bazarcia.com\/produto\/monograma-flor-em-pontos-leves\/#primaryimage"},"thumbnailUrl":"https:\/\/shop.bazarcia.com\/wp-content\/uploads\/2026\/04\/IMG-Any.jpeg","datePublished":"2026-04-07T14:49:39+00:00","dateModified":"2026-04-07T15:34:48+00:00","breadcrumb":{"@id":"https:\/\/shop.bazarcia.com\/produto\/monograma-flor-em-pontos-leves\/#breadcrumb"},"inLanguage":"en-US","potentialAction":[{"@type":"ReadAction","target":["https:\/\/shop.bazarcia.com\/produto\/monograma-flor-em-pontos-leves\/"]}]},{"@type":"ImageObject","inLanguage":"en-US","@id":"https:\/\/shop.bazarcia.com\/produto\/monograma-flor-em-pontos-leves\/#primaryimage","url":"https:\/\/shop.bazarcia.com\/wp-content\/uploads\/2026\/04\/IMG-Any.jpeg","contentUrl":"https:\/\/shop.bazarcia.com\/wp-content\/uploads\/2026\/04\/IMG-Any.jpeg","width":1600,"height":1600},{"@type":"BreadcrumbList","@id":"https:\/\/shop.bazarcia.com\/produto\/monograma-flor-em-pontos-leves\/#breadcrumb","itemListElement":[{"@type":"ListItem","position":1,"name":"In\u00edcio","item":"https:\/\/shop.bazarcia.com\/"},{"@type":"ListItem","position":2,"name":"Loja","item":"https:\/\/shop.bazarcia.com\/loja\/"},{"@type":"ListItem","position":3,"name":"Monograma Flor em Pontos Leves"}]},{"@type":"WebSite","@id":"https:\/\/shop.bazarcia.com\/#website","url":"https:\/\/shop.bazarcia.com\/","name":"Bazar & Cia","description":"criatividade ponto a ponto","publisher":{"@id":"https:\/\/shop.bazarcia.com\/#organization"},"potentialAction":[{"@type":"SearchAction","target":{"@type":"EntryPoint","urlTemplate":"https:\/\/shop.bazarcia.com\/?s={search_term_string}"},"query-input":{"@type":"PropertyValueSpecification","valueRequired":true,"valueName":"search_term_string"}}],"inLanguage":"en-US"},{"@type":"Organization","@id":"https:\/\/shop.bazarcia.com\/#organization","name":"Bazar & Cia","url":"https:\/\/shop.bazarcia.com\/","logo":{"@type":"ImageObject","inLanguage":"en-US","@id":"https:\/\/shop.bazarcia.com\/#\/schema\/logo\/image\/","url":"https:\/\/shop.bazarcia.com\/wp-content\/uploads\/2024\/02\/cropped-logo_bazarcia.png","contentUrl":"https:\/\/shop.bazarcia.com\/wp-content\/uploads\/2024\/02\/cropped-logo_bazarcia.png","width":150,"height":150,"caption":"Bazar & Cia"},"image":{"@id":"https:\/\/shop.bazarcia.com\/#\/schema\/logo\/image\/"},"sameAs":["https:\/\/www.facebook.com\/shopbazarcia","https:\/\/www.instagram.com\/shopbazarcia","https:\/\/br.pinterest.com\/suzane_eloise\/","https:\/\/www.youtube.com\/c\/BazardoBordadoMatrizeseProjetos"]}]}},"_links":{"self":[{"href":"https:\/\/shop.bazarcia.com\/en\/wp-json\/wp\/v2\/product\/382295","targetHints":{"allow":["GET"]}}],"collection":[{"href":"https:\/\/shop.bazarcia.com\/en\/wp-json\/wp\/v2\/product"}],"about":[{"href":"https:\/\/shop.bazarcia.com\/en\/wp-json\/wp\/v2\/types\/product"}],"replies":[{"embeddable":true,"href":"https:\/\/shop.bazarcia.com\/en\/wp-json\/wp\/v2\/comments?post=382295"}],"version-history":[{"count":2,"href":"https:\/\/shop.bazarcia.com\/en\/wp-json\/wp\/v2\/product\/382295\/revisions"}],"predecessor-version":[{"id":382309,"href":"https:\/\/shop.bazarcia.com\/en\/wp-json\/wp\/v2\/product\/382295\/revisions\/382309"}],"wp:featuredmedia":[{"embeddable":true,"href":"https:\/\/shop.bazarcia.com\/en\/wp-json\/wp\/v2\/media\/382282"}],"wp:attachment":[{"href":"https:\/\/shop.bazarcia.com\/en\/wp-json\/wp\/v2\/media?parent=382295"}],"wp:term":[{"taxonomy":"product_brand","embeddable":true,"href":"https:\/\/shop.bazarcia.com\/en\/wp-json\/wp\/v2\/product_brand?post=382295"},{"taxonomy":"product_cat","embeddable":true,"href":"https:\/\/shop.bazarcia.com\/en\/wp-json\/wp\/v2\/product_cat?post=382295"},{"taxonomy":"product_tag","embeddable":true,"href":"https:\/\/shop.bazarcia.com\/en\/wp-json\/wp\/v2\/product_tag?post=382295"}],"curies":[{"name":"wp","href":"https:\/\/api.w.org\/{rel}","templated":true}]}}