{"id":382375,"date":"2026-04-07T18:00:21","date_gmt":"2026-04-07T21:00:21","guid":{"rendered":"https:\/\/shop.bazarcia.com\/?post_type=product&#038;p=382375"},"modified":"2026-04-18T17:50:54","modified_gmt":"2026-04-18T20:50:54","slug":"moldura-quadrada-lavanda-dia-das-maes-matriz-de-bordado","status":"publish","type":"product","link":"https:\/\/shop.bazarcia.com\/en\/product\/moldura-quadrada-lavanda-dia-das-maes-matriz-de-bordado\/","title":{"rendered":"Kit Duas Molduras Quadradas Lavanda Dia das M\u00e3es &#8211; Matriz de Bordado"},"content":{"rendered":"<p data-start=\"2043\" data-end=\"2256\">A Moldura Quadrada Lavanda\u2013 Dia das M\u00e3es foi desenvolvida para destacar nomes, iniciais e pequenas frases com eleg\u00e2ncia. Seu acabamento delicado e o detalhe floral em lavanda trazem charme e sofistica\u00e7\u00e3o \u00e0 pe\u00e7a. Este Kit \u00e9 composto de uma moldura com a letra M e uma outra igual sem letras para que seja personalizada.<\/p>\n<p data-start=\"2258\" data-end=\"2486\">Ideal para toalhas, enxovais, kits presente\u00e1veis e pe\u00e7as personalizadas, permitindo composi\u00e7\u00f5es exclusivas e refinadas.<br data-start=\"2377\" data-end=\"2380\" \/>\u2714\ufe0f Diversos tamanhos para bastidor a partir de 13&#215;18<br data-start=\"2432\" data-end=\"2435\" \/>\u2714\ufe0f Formatos dispon\u00edveis: PES, DST, JEF, EXP e XXX<\/p>\n<p data-start=\"2258\" data-end=\"2486\"><a href=\"https:\/\/shop.bazarcia.com\/en\/store\/damel-programacao-de-bordados\/toc\/\">Termos e Condi\u00e7\u00f5es<\/a><\/p>","protected":false},"excerpt":{"rendered":"<p>Moldura quadrada com detalhe em lavanda, perfeita para monogramas e personaliza\u00e7\u00f5es delicadas para o Dia das M\u00e3es.<br data-start=\"1927\" data-end=\"1930\" \/>Diversos tamanhos para bastidor a partir de 13&#215;18. Formatos: PES, DST, JEF, EXP e XXX.<\/p>\n<p>Gostou desta matriz? \ud83d\udc9c<br data-start=\"453\" data-end=\"456\" \/>Ent\u00e3o voc\u00ea vai amar a cole\u00e7\u00e3o completa!<br data-start=\"495\" data-end=\"498\" \/><a href=\"https:\/\/shop.bazarcia.com\/en\/product\/colecao-lavandim-dia-das-maes-matrizes-de-bordado\/\">Confira aqui<\/a> \u2728<\/p>","protected":false},"featured_media":383583,"comment_status":"open","ping_status":"closed","template":"","meta":{"_acf_changed":false,"_joinchat":[]},"product_brand":[],"product_cat":[1210,1066,154,296,84,1775,312,1956],"product_tag":[1170,1431,1433,1280,1430,1432],"class_list":{"0":"post-382375","1":"product","2":"type-product","3":"status-publish","4":"has-post-thumbnail","6":"product_cat-cama-mesa-banho","7":"product_cat-colecoes-matrizes-de-bordado","8":"product_cat-dia-das-maes","9":"product_cat-florais","10":"product_cat-matrizes-de-bordado","11":"product_cat-matrizes-para-almofadas","12":"product_cat-matrizes-pontos-leves","13":"product_cat-outras","14":"product_tag-bordado","15":"product_tag-bordado-computadorizado","16":"product_tag-bordado-eletronico","17":"product_tag-bordar","18":"product_tag-matriz-de-bordado","19":"product_tag-matrizes-de-bordado","21":"first","22":"instock","23":"downloadable","24":"virtual","25":"purchasable","26":"product-type-simple"},"acf":[],"yoast_head":"<!-- This site is optimized with the Yoast SEO plugin v27.2 - https:\/\/yoast.com\/product\/yoast-seo-wordpress\/ -->\n<title>Kit Duas Molduras Quadradas Lavanda Dia das M\u00e3es - Matriz de Bordado - \ud835\udc1b\ud835\udc1a\ud835\udc33\ud835\udc1a\ud835\udc2b &amp; \ud835\udc1c\ud835\udc22\ud835\udc1a<\/title>\n<meta name=\"robots\" content=\"index, follow, max-snippet:-1, max-image-preview:large, max-video-preview:-1\" \/>\n<link rel=\"canonical\" href=\"https:\/\/shop.bazarcia.com\/en\/product\/moldura-quadrada-lavanda-dia-das-maes-matriz-de-bordado\/\" \/>\n<meta property=\"og:locale\" content=\"en_US\" \/>\n<meta property=\"og:type\" content=\"article\" \/>\n<meta property=\"og:title\" content=\"Kit Duas Molduras Quadradas Lavanda Dia das M\u00e3es - Matriz de Bordado - \ud835\udc1b\ud835\udc1a\ud835\udc33\ud835\udc1a\ud835\udc2b &amp; \ud835\udc1c\ud835\udc22\ud835\udc1a\" \/>\n<meta property=\"og:description\" content=\"Moldura quadrada com detalhe em lavanda, perfeita para monogramas e personaliza\u00e7\u00f5es delicadas para o Dia das M\u00e3es.Diversos tamanhos para bastidor a partir de 13x18. Formatos: PES, DST, JEF, EXP e XXX.  Gostou desta matriz? \ud83d\udc9cEnt\u00e3o voc\u00ea vai amar a cole\u00e7\u00e3o completa!Confira aqui \u2728\" \/>\n<meta property=\"og:url\" content=\"https:\/\/shop.bazarcia.com\/en\/product\/moldura-quadrada-lavanda-dia-das-maes-matriz-de-bordado\/\" \/>\n<meta property=\"og:site_name\" content=\"\ud835\udc1b\ud835\udc1a\ud835\udc33\ud835\udc1a\ud835\udc2b &amp; \ud835\udc1c\ud835\udc22\ud835\udc1a\" \/>\n<meta property=\"article:publisher\" content=\"https:\/\/www.facebook.com\/shopbazarcia\" \/>\n<meta property=\"article:modified_time\" content=\"2026-04-18T20:50:54+00:00\" \/>\n<meta property=\"og:image\" content=\"https:\/\/shop.bazarcia.com\/wp-content\/uploads\/2026\/04\/colecao-lavanda-mae_20260417_225046_0000.png\" \/>\n\t<meta property=\"og:image:width\" content=\"1080\" \/>\n\t<meta property=\"og:image:height\" content=\"1080\" \/>\n\t<meta property=\"og:image:type\" content=\"image\/png\" \/>\n<meta name=\"twitter:card\" content=\"summary_large_image\" \/>\n<script type=\"application\/ld+json\" class=\"yoast-schema-graph\">{\"@context\":\"https:\/\/schema.org\",\"@graph\":[{\"@type\":\"WebPage\",\"@id\":\"https:\/\/shop.bazarcia.com\/produto\/moldura-quadrada-lavanda-dia-das-maes-matriz-de-bordado\/\",\"url\":\"https:\/\/shop.bazarcia.com\/produto\/moldura-quadrada-lavanda-dia-das-maes-matriz-de-bordado\/\",\"name\":\"Kit Duas Molduras Quadradas Lavanda Dia das M\u00e3es - Matriz de Bordado - \ud835\udc1b\ud835\udc1a\ud835\udc33\ud835\udc1a\ud835\udc2b &amp; \ud835\udc1c\ud835\udc22\ud835\udc1a\",\"isPartOf\":{\"@id\":\"https:\/\/shop.bazarcia.com\/#website\"},\"primaryImageOfPage\":{\"@id\":\"https:\/\/shop.bazarcia.com\/produto\/moldura-quadrada-lavanda-dia-das-maes-matriz-de-bordado\/#primaryimage\"},\"image\":{\"@id\":\"https:\/\/shop.bazarcia.com\/produto\/moldura-quadrada-lavanda-dia-das-maes-matriz-de-bordado\/#primaryimage\"},\"thumbnailUrl\":\"https:\/\/shop.bazarcia.com\/wp-content\/uploads\/2026\/04\/colecao-lavanda-mae_20260417_225046_0000.png\",\"datePublished\":\"2026-04-07T21:00:21+00:00\",\"dateModified\":\"2026-04-18T20:50:54+00:00\",\"breadcrumb\":{\"@id\":\"https:\/\/shop.bazarcia.com\/produto\/moldura-quadrada-lavanda-dia-das-maes-matriz-de-bordado\/#breadcrumb\"},\"inLanguage\":\"en-US\",\"potentialAction\":[{\"@type\":\"ReadAction\",\"target\":[\"https:\/\/shop.bazarcia.com\/produto\/moldura-quadrada-lavanda-dia-das-maes-matriz-de-bordado\/\"]}]},{\"@type\":\"ImageObject\",\"inLanguage\":\"en-US\",\"@id\":\"https:\/\/shop.bazarcia.com\/produto\/moldura-quadrada-lavanda-dia-das-maes-matriz-de-bordado\/#primaryimage\",\"url\":\"https:\/\/shop.bazarcia.com\/wp-content\/uploads\/2026\/04\/colecao-lavanda-mae_20260417_225046_0000.png\",\"contentUrl\":\"https:\/\/shop.bazarcia.com\/wp-content\/uploads\/2026\/04\/colecao-lavanda-mae_20260417_225046_0000.png\",\"width\":1080,\"height\":1080},{\"@type\":\"BreadcrumbList\",\"@id\":\"https:\/\/shop.bazarcia.com\/produto\/moldura-quadrada-lavanda-dia-das-maes-matriz-de-bordado\/#breadcrumb\",\"itemListElement\":[{\"@type\":\"ListItem\",\"position\":1,\"name\":\"In\u00edcio\",\"item\":\"https:\/\/shop.bazarcia.com\/\"},{\"@type\":\"ListItem\",\"position\":2,\"name\":\"Loja\",\"item\":\"https:\/\/shop.bazarcia.com\/loja\/\"},{\"@type\":\"ListItem\",\"position\":3,\"name\":\"Kit Duas Molduras Quadradas Lavanda Dia das M\u00e3es &#8211; Matriz de Bordado\"}]},{\"@type\":\"WebSite\",\"@id\":\"https:\/\/shop.bazarcia.com\/#website\",\"url\":\"https:\/\/shop.bazarcia.com\/\",\"name\":\"Bazar & Cia\",\"description\":\"criatividade ponto a ponto\",\"publisher\":{\"@id\":\"https:\/\/shop.bazarcia.com\/#organization\"},\"potentialAction\":[{\"@type\":\"SearchAction\",\"target\":{\"@type\":\"EntryPoint\",\"urlTemplate\":\"https:\/\/shop.bazarcia.com\/?s={search_term_string}\"},\"query-input\":{\"@type\":\"PropertyValueSpecification\",\"valueRequired\":true,\"valueName\":\"search_term_string\"}}],\"inLanguage\":\"en-US\"},{\"@type\":\"Organization\",\"@id\":\"https:\/\/shop.bazarcia.com\/#organization\",\"name\":\"Bazar & Cia\",\"url\":\"https:\/\/shop.bazarcia.com\/\",\"logo\":{\"@type\":\"ImageObject\",\"inLanguage\":\"en-US\",\"@id\":\"https:\/\/shop.bazarcia.com\/#\/schema\/logo\/image\/\",\"url\":\"https:\/\/shop.bazarcia.com\/wp-content\/uploads\/2024\/02\/cropped-logo_bazarcia.png\",\"contentUrl\":\"https:\/\/shop.bazarcia.com\/wp-content\/uploads\/2024\/02\/cropped-logo_bazarcia.png\",\"width\":150,\"height\":150,\"caption\":\"Bazar & Cia\"},\"image\":{\"@id\":\"https:\/\/shop.bazarcia.com\/#\/schema\/logo\/image\/\"},\"sameAs\":[\"https:\/\/www.facebook.com\/shopbazarcia\",\"https:\/\/www.instagram.com\/shopbazarcia\",\"https:\/\/br.pinterest.com\/suzane_eloise\/\",\"https:\/\/www.youtube.com\/c\/BazardoBordadoMatrizeseProjetos\"]}]}<\/script>\n<!-- \/ Yoast SEO plugin. -->","yoast_head_json":{"title":"Kit Duas Molduras Quadradas Lavanda Dia das M\u00e3es - Matriz de Bordado - \ud835\udc1b\ud835\udc1a\ud835\udc33\ud835\udc1a\ud835\udc2b &amp; \ud835\udc1c\ud835\udc22\ud835\udc1a","robots":{"index":"index","follow":"follow","max-snippet":"max-snippet:-1","max-image-preview":"max-image-preview:large","max-video-preview":"max-video-preview:-1"},"canonical":"https:\/\/shop.bazarcia.com\/en\/product\/moldura-quadrada-lavanda-dia-das-maes-matriz-de-bordado\/","og_locale":"en_US","og_type":"article","og_title":"Kit Duas Molduras Quadradas Lavanda Dia das M\u00e3es - Matriz de Bordado - \ud835\udc1b\ud835\udc1a\ud835\udc33\ud835\udc1a\ud835\udc2b &amp; \ud835\udc1c\ud835\udc22\ud835\udc1a","og_description":"Moldura quadrada com detalhe em lavanda, perfeita para monogramas e personaliza\u00e7\u00f5es delicadas para o Dia das M\u00e3es.Diversos tamanhos para bastidor a partir de 13x18. Formatos: PES, DST, JEF, EXP e XXX.  Gostou desta matriz? \ud83d\udc9cEnt\u00e3o voc\u00ea vai amar a cole\u00e7\u00e3o completa!Confira aqui \u2728","og_url":"https:\/\/shop.bazarcia.com\/en\/product\/moldura-quadrada-lavanda-dia-das-maes-matriz-de-bordado\/","og_site_name":"\ud835\udc1b\ud835\udc1a\ud835\udc33\ud835\udc1a\ud835\udc2b &amp; \ud835\udc1c\ud835\udc22\ud835\udc1a","article_publisher":"https:\/\/www.facebook.com\/shopbazarcia","article_modified_time":"2026-04-18T20:50:54+00:00","og_image":[{"width":1080,"height":1080,"url":"https:\/\/shop.bazarcia.com\/wp-content\/uploads\/2026\/04\/colecao-lavanda-mae_20260417_225046_0000.png","type":"image\/png"}],"twitter_card":"summary_large_image","schema":{"@context":"https:\/\/schema.org","@graph":[{"@type":"WebPage","@id":"https:\/\/shop.bazarcia.com\/produto\/moldura-quadrada-lavanda-dia-das-maes-matriz-de-bordado\/","url":"https:\/\/shop.bazarcia.com\/produto\/moldura-quadrada-lavanda-dia-das-maes-matriz-de-bordado\/","name":"Kit Duas Molduras Quadradas Lavanda Dia das M\u00e3es - Matriz de Bordado - \ud835\udc1b\ud835\udc1a\ud835\udc33\ud835\udc1a\ud835\udc2b &amp; \ud835\udc1c\ud835\udc22\ud835\udc1a","isPartOf":{"@id":"https:\/\/shop.bazarcia.com\/#website"},"primaryImageOfPage":{"@id":"https:\/\/shop.bazarcia.com\/produto\/moldura-quadrada-lavanda-dia-das-maes-matriz-de-bordado\/#primaryimage"},"image":{"@id":"https:\/\/shop.bazarcia.com\/produto\/moldura-quadrada-lavanda-dia-das-maes-matriz-de-bordado\/#primaryimage"},"thumbnailUrl":"https:\/\/shop.bazarcia.com\/wp-content\/uploads\/2026\/04\/colecao-lavanda-mae_20260417_225046_0000.png","datePublished":"2026-04-07T21:00:21+00:00","dateModified":"2026-04-18T20:50:54+00:00","breadcrumb":{"@id":"https:\/\/shop.bazarcia.com\/produto\/moldura-quadrada-lavanda-dia-das-maes-matriz-de-bordado\/#breadcrumb"},"inLanguage":"en-US","potentialAction":[{"@type":"ReadAction","target":["https:\/\/shop.bazarcia.com\/produto\/moldura-quadrada-lavanda-dia-das-maes-matriz-de-bordado\/"]}]},{"@type":"ImageObject","inLanguage":"en-US","@id":"https:\/\/shop.bazarcia.com\/produto\/moldura-quadrada-lavanda-dia-das-maes-matriz-de-bordado\/#primaryimage","url":"https:\/\/shop.bazarcia.com\/wp-content\/uploads\/2026\/04\/colecao-lavanda-mae_20260417_225046_0000.png","contentUrl":"https:\/\/shop.bazarcia.com\/wp-content\/uploads\/2026\/04\/colecao-lavanda-mae_20260417_225046_0000.png","width":1080,"height":1080},{"@type":"BreadcrumbList","@id":"https:\/\/shop.bazarcia.com\/produto\/moldura-quadrada-lavanda-dia-das-maes-matriz-de-bordado\/#breadcrumb","itemListElement":[{"@type":"ListItem","position":1,"name":"In\u00edcio","item":"https:\/\/shop.bazarcia.com\/"},{"@type":"ListItem","position":2,"name":"Loja","item":"https:\/\/shop.bazarcia.com\/loja\/"},{"@type":"ListItem","position":3,"name":"Kit Duas Molduras Quadradas Lavanda Dia das M\u00e3es &#8211; Matriz de Bordado"}]},{"@type":"WebSite","@id":"https:\/\/shop.bazarcia.com\/#website","url":"https:\/\/shop.bazarcia.com\/","name":"Bazar & Cia","description":"criatividade ponto a ponto","publisher":{"@id":"https:\/\/shop.bazarcia.com\/#organization"},"potentialAction":[{"@type":"SearchAction","target":{"@type":"EntryPoint","urlTemplate":"https:\/\/shop.bazarcia.com\/?s={search_term_string}"},"query-input":{"@type":"PropertyValueSpecification","valueRequired":true,"valueName":"search_term_string"}}],"inLanguage":"en-US"},{"@type":"Organization","@id":"https:\/\/shop.bazarcia.com\/#organization","name":"Bazar & Cia","url":"https:\/\/shop.bazarcia.com\/","logo":{"@type":"ImageObject","inLanguage":"en-US","@id":"https:\/\/shop.bazarcia.com\/#\/schema\/logo\/image\/","url":"https:\/\/shop.bazarcia.com\/wp-content\/uploads\/2024\/02\/cropped-logo_bazarcia.png","contentUrl":"https:\/\/shop.bazarcia.com\/wp-content\/uploads\/2024\/02\/cropped-logo_bazarcia.png","width":150,"height":150,"caption":"Bazar & Cia"},"image":{"@id":"https:\/\/shop.bazarcia.com\/#\/schema\/logo\/image\/"},"sameAs":["https:\/\/www.facebook.com\/shopbazarcia","https:\/\/www.instagram.com\/shopbazarcia","https:\/\/br.pinterest.com\/suzane_eloise\/","https:\/\/www.youtube.com\/c\/BazardoBordadoMatrizeseProjetos"]}]}},"_links":{"self":[{"href":"https:\/\/shop.bazarcia.com\/en\/wp-json\/wp\/v2\/product\/382375","targetHints":{"allow":["GET"]}}],"collection":[{"href":"https:\/\/shop.bazarcia.com\/en\/wp-json\/wp\/v2\/product"}],"about":[{"href":"https:\/\/shop.bazarcia.com\/en\/wp-json\/wp\/v2\/types\/product"}],"replies":[{"embeddable":true,"href":"https:\/\/shop.bazarcia.com\/en\/wp-json\/wp\/v2\/comments?post=382375"}],"version-history":[{"count":3,"href":"https:\/\/shop.bazarcia.com\/en\/wp-json\/wp\/v2\/product\/382375\/revisions"}],"predecessor-version":[{"id":383584,"href":"https:\/\/shop.bazarcia.com\/en\/wp-json\/wp\/v2\/product\/382375\/revisions\/383584"}],"wp:featuredmedia":[{"embeddable":true,"href":"https:\/\/shop.bazarcia.com\/en\/wp-json\/wp\/v2\/media\/383583"}],"wp:attachment":[{"href":"https:\/\/shop.bazarcia.com\/en\/wp-json\/wp\/v2\/media?parent=382375"}],"wp:term":[{"taxonomy":"product_brand","embeddable":true,"href":"https:\/\/shop.bazarcia.com\/en\/wp-json\/wp\/v2\/product_brand?post=382375"},{"taxonomy":"product_cat","embeddable":true,"href":"https:\/\/shop.bazarcia.com\/en\/wp-json\/wp\/v2\/product_cat?post=382375"},{"taxonomy":"product_tag","embeddable":true,"href":"https:\/\/shop.bazarcia.com\/en\/wp-json\/wp\/v2\/product_tag?post=382375"}],"curies":[{"name":"wp","href":"https:\/\/api.w.org\/{rel}","templated":true}]}}