{"id":382520,"date":"2026-04-09T11:31:55","date_gmt":"2026-04-09T14:31:55","guid":{"rendered":"https:\/\/shop.bazarcia.com\/?post_type=product&#038;p=382520"},"modified":"2026-04-20T12:03:17","modified_gmt":"2026-04-20T15:03:17","slug":"matriz-projeto-carteirinha-aba-redonda","status":"publish","type":"product","link":"https:\/\/shop.bazarcia.com\/en\/product\/matriz-projeto-carteirinha-aba-redonda\/","title":{"rendered":"Matriz Projeto Carteirinha Aba Redonda"},"content":{"rendered":"<p>Matrizes de bordado do tipo projeto ITH para m\u00e1quinas de bordado computadorizadas.<\/p>\n<p>Para bastidores\u00a0 13&#215;18 e 16&#215;26 cm.<\/p>\n<p>Dispon\u00edvel nas extens\u00f5es .PES .DST .HUS .EXP .JEF .XXX .SEW e .DAT<\/p>\n<p><b>ATEN\u00c7\u00c3O:<\/b><\/p>\n<p>Verifique se a matriz que est\u00e1 adquirindo serve para o seu bastidor, ap\u00f3s a entrega n\u00e3o realizaremos troca nem devolu\u00e7\u00e3o, por se tratar de um arquivo eletr\u00f4nico.<\/p>\n<p>Arquivos encontram-se em pastas compactadas (.zip), sendo necess\u00e1rio descompact\u00e1-las ap\u00f3s o download.<\/p>\n<p>Nossos produtos n\u00e3o podem ser copiados, trocados, editados, compartilhados ou revendidos. Eles tem somente a finalidade de uso pessoal, para a produ\u00e7\u00e3o de pe\u00e7as para uso pr\u00f3prio ou venda.<\/p>\n<p>Recomendamos n\u00e3o alterar o tamanho do arquivo.<\/p>\n<p>Desejo que vendam muitos!<\/p>","protected":false},"excerpt":{"rendered":"<p>Atendendo a pedidos, chegou a carteirinha aba redonda, toda feita na m\u00e1quina de bordado.<\/p>\n<p>Perfeita para o Dia das M\u00e3es, mas vendem bem o ano inteiro!<\/p>\n<p>S\u00e3o 2 tamanhos, cada um com 3 op\u00e7\u00f5es de quilting + matrizes &#8220;arabesco m\u00e3e&#8221; de BRINDE \u2728<\/p>\n<p>V\u00eddeo tutorial com passo a passo dispon\u00edvel no Instagram.\u00a0<a href=\"https:\/\/www.instagram.com\/p\/DW6a8IvgHNI\/\">[ASSISTA AQUI]<\/a><\/p>\n<p>\u2714 Projeto ITH (100% na bordadeira)<br \/>\n\u2714 Econ\u00f4mico (usa pouco material)<br \/>\n\u2714 Produ\u00e7\u00e3o r\u00e1pida (perfeito pra fazer e vender)<br \/>\n\u2714 Bastidores: 13&#215;18 e 16&#215;26 cm<\/p>\n<p>Se voc\u00ea quer uma pe\u00e7a bonita, \u00fatil e que vende f\u00e1cil\u2026 essa aqui \u00e9 aposta certa.<\/p>\n<p>Adquira j\u00e1 e comece a produzir hoje mesmo!<\/p>\n","protected":false},"featured_media":382527,"comment_status":"open","ping_status":"closed","template":"","meta":{"_acf_changed":false,"_joinchat":[]},"product_brand":[],"product_cat":[152,154,84,98,1385],"product_tag":[1431,1433,1430,1432,1435],"class_list":{"0":"post-382520","1":"product","2":"type-product","3":"status-publish","4":"has-post-thumbnail","6":"product_cat-projeto-carteiras-na-bordadeira","7":"product_cat-dia-das-maes","8":"product_cat-matrizes-de-bordado","9":"product_cat-projetos-na-bordadeira-in-the-hoop-embroidery","10":"product_cat-projetos-para-bastidor-13x18","11":"product_tag-bordado-computadorizado","12":"product_tag-bordado-eletronico","13":"product_tag-matriz-de-bordado","14":"product_tag-matrizes-de-bordado","15":"product_tag-projeto-na-bordadeira-ith","17":"first","18":"instock","19":"sale","20":"downloadable","21":"virtual","22":"purchasable","23":"product-type-simple"},"acf":[],"yoast_head":"<!-- This site is optimized with the Yoast SEO plugin v27.2 - https:\/\/yoast.com\/product\/yoast-seo-wordpress\/ -->\n<title>Matriz Projeto Carteirinha Aba Redonda - \ud835\udc1b\ud835\udc1a\ud835\udc33\ud835\udc1a\ud835\udc2b &amp; \ud835\udc1c\ud835\udc22\ud835\udc1a<\/title>\n<meta name=\"robots\" content=\"index, follow, max-snippet:-1, max-image-preview:large, max-video-preview:-1\" \/>\n<link rel=\"canonical\" href=\"https:\/\/shop.bazarcia.com\/en\/product\/matriz-projeto-carteirinha-aba-redonda\/\" \/>\n<meta property=\"og:locale\" content=\"en_US\" \/>\n<meta property=\"og:type\" content=\"article\" \/>\n<meta property=\"og:title\" content=\"Matriz Projeto Carteirinha Aba Redonda - \ud835\udc1b\ud835\udc1a\ud835\udc33\ud835\udc1a\ud835\udc2b &amp; \ud835\udc1c\ud835\udc22\ud835\udc1a\" \/>\n<meta property=\"og:description\" content=\"Atendendo a pedidos, chegou a carteirinha aba redonda, toda feita na m\u00e1quina de bordado.  Perfeita para o Dia das M\u00e3es, mas vendem bem o ano inteiro!  S\u00e3o 2 tamanhos, cada um com 3 op\u00e7\u00f5es de quilting + matrizes &quot;arabesco m\u00e3e&quot; de BRINDE \u2728  V\u00eddeo tutorial com passo a passo dispon\u00edvel no Instagram.\u00a0[ASSISTA AQUI]  \u2714 Projeto ITH (100% na bordadeira) \u2714 Econ\u00f4mico (usa pouco material) \u2714 Produ\u00e7\u00e3o r\u00e1pida (perfeito pra fazer e vender) \u2714 Bastidores: 13x18 e 16x26 cm  Se voc\u00ea quer uma pe\u00e7a bonita, \u00fatil e que vende f\u00e1cil\u2026 essa aqui \u00e9 aposta certa.  Adquira j\u00e1 e comece a produzir hoje mesmo!\" \/>\n<meta property=\"og:url\" content=\"https:\/\/shop.bazarcia.com\/en\/product\/matriz-projeto-carteirinha-aba-redonda\/\" \/>\n<meta property=\"og:site_name\" content=\"\ud835\udc1b\ud835\udc1a\ud835\udc33\ud835\udc1a\ud835\udc2b &amp; \ud835\udc1c\ud835\udc22\ud835\udc1a\" \/>\n<meta property=\"article:publisher\" content=\"https:\/\/www.facebook.com\/shopbazarcia\" \/>\n<meta property=\"article:modified_time\" content=\"2026-04-20T15:03:17+00:00\" \/>\n<meta property=\"og:image\" content=\"https:\/\/shop.bazarcia.com\/wp-content\/uploads\/2026\/04\/6.jpg\" \/>\n\t<meta property=\"og:image:width\" content=\"1080\" \/>\n\t<meta property=\"og:image:height\" content=\"1080\" \/>\n\t<meta property=\"og:image:type\" content=\"image\/jpeg\" \/>\n<meta name=\"twitter:card\" content=\"summary_large_image\" \/>\n<meta name=\"twitter:label1\" content=\"Est. reading time\" \/>\n\t<meta name=\"twitter:data1\" content=\"1 minute\" \/>\n<script type=\"application\/ld+json\" class=\"yoast-schema-graph\">{\"@context\":\"https:\/\/schema.org\",\"@graph\":[{\"@type\":\"WebPage\",\"@id\":\"https:\/\/shop.bazarcia.com\/produto\/matriz-projeto-carteirinha-aba-redonda\/\",\"url\":\"https:\/\/shop.bazarcia.com\/produto\/matriz-projeto-carteirinha-aba-redonda\/\",\"name\":\"Matriz Projeto Carteirinha Aba Redonda - \ud835\udc1b\ud835\udc1a\ud835\udc33\ud835\udc1a\ud835\udc2b &amp; \ud835\udc1c\ud835\udc22\ud835\udc1a\",\"isPartOf\":{\"@id\":\"https:\/\/shop.bazarcia.com\/#website\"},\"primaryImageOfPage\":{\"@id\":\"https:\/\/shop.bazarcia.com\/produto\/matriz-projeto-carteirinha-aba-redonda\/#primaryimage\"},\"image\":{\"@id\":\"https:\/\/shop.bazarcia.com\/produto\/matriz-projeto-carteirinha-aba-redonda\/#primaryimage\"},\"thumbnailUrl\":\"https:\/\/shop.bazarcia.com\/wp-content\/uploads\/2026\/04\/6.jpg\",\"datePublished\":\"2026-04-09T14:31:55+00:00\",\"dateModified\":\"2026-04-20T15:03:17+00:00\",\"breadcrumb\":{\"@id\":\"https:\/\/shop.bazarcia.com\/produto\/matriz-projeto-carteirinha-aba-redonda\/#breadcrumb\"},\"inLanguage\":\"en-US\",\"potentialAction\":[{\"@type\":\"ReadAction\",\"target\":[\"https:\/\/shop.bazarcia.com\/produto\/matriz-projeto-carteirinha-aba-redonda\/\"]}]},{\"@type\":\"ImageObject\",\"inLanguage\":\"en-US\",\"@id\":\"https:\/\/shop.bazarcia.com\/produto\/matriz-projeto-carteirinha-aba-redonda\/#primaryimage\",\"url\":\"https:\/\/shop.bazarcia.com\/wp-content\/uploads\/2026\/04\/6.jpg\",\"contentUrl\":\"https:\/\/shop.bazarcia.com\/wp-content\/uploads\/2026\/04\/6.jpg\",\"width\":1080,\"height\":1080},{\"@type\":\"BreadcrumbList\",\"@id\":\"https:\/\/shop.bazarcia.com\/produto\/matriz-projeto-carteirinha-aba-redonda\/#breadcrumb\",\"itemListElement\":[{\"@type\":\"ListItem\",\"position\":1,\"name\":\"In\u00edcio\",\"item\":\"https:\/\/shop.bazarcia.com\/\"},{\"@type\":\"ListItem\",\"position\":2,\"name\":\"Loja\",\"item\":\"https:\/\/shop.bazarcia.com\/loja\/\"},{\"@type\":\"ListItem\",\"position\":3,\"name\":\"Matriz Projeto Carteirinha Aba Redonda\"}]},{\"@type\":\"WebSite\",\"@id\":\"https:\/\/shop.bazarcia.com\/#website\",\"url\":\"https:\/\/shop.bazarcia.com\/\",\"name\":\"Bazar & Cia\",\"description\":\"criatividade ponto a ponto\",\"publisher\":{\"@id\":\"https:\/\/shop.bazarcia.com\/#organization\"},\"potentialAction\":[{\"@type\":\"SearchAction\",\"target\":{\"@type\":\"EntryPoint\",\"urlTemplate\":\"https:\/\/shop.bazarcia.com\/?s={search_term_string}\"},\"query-input\":{\"@type\":\"PropertyValueSpecification\",\"valueRequired\":true,\"valueName\":\"search_term_string\"}}],\"inLanguage\":\"en-US\"},{\"@type\":\"Organization\",\"@id\":\"https:\/\/shop.bazarcia.com\/#organization\",\"name\":\"Bazar & Cia\",\"url\":\"https:\/\/shop.bazarcia.com\/\",\"logo\":{\"@type\":\"ImageObject\",\"inLanguage\":\"en-US\",\"@id\":\"https:\/\/shop.bazarcia.com\/#\/schema\/logo\/image\/\",\"url\":\"https:\/\/shop.bazarcia.com\/wp-content\/uploads\/2024\/02\/cropped-logo_bazarcia.png\",\"contentUrl\":\"https:\/\/shop.bazarcia.com\/wp-content\/uploads\/2024\/02\/cropped-logo_bazarcia.png\",\"width\":150,\"height\":150,\"caption\":\"Bazar & Cia\"},\"image\":{\"@id\":\"https:\/\/shop.bazarcia.com\/#\/schema\/logo\/image\/\"},\"sameAs\":[\"https:\/\/www.facebook.com\/shopbazarcia\",\"https:\/\/www.instagram.com\/shopbazarcia\",\"https:\/\/br.pinterest.com\/suzane_eloise\/\",\"https:\/\/www.youtube.com\/c\/BazardoBordadoMatrizeseProjetos\"]}]}<\/script>\n<!-- \/ Yoast SEO plugin. -->","yoast_head_json":{"title":"Matriz Projeto Carteirinha Aba Redonda - \ud835\udc1b\ud835\udc1a\ud835\udc33\ud835\udc1a\ud835\udc2b &amp; \ud835\udc1c\ud835\udc22\ud835\udc1a","robots":{"index":"index","follow":"follow","max-snippet":"max-snippet:-1","max-image-preview":"max-image-preview:large","max-video-preview":"max-video-preview:-1"},"canonical":"https:\/\/shop.bazarcia.com\/en\/product\/matriz-projeto-carteirinha-aba-redonda\/","og_locale":"en_US","og_type":"article","og_title":"Matriz Projeto Carteirinha Aba Redonda - \ud835\udc1b\ud835\udc1a\ud835\udc33\ud835\udc1a\ud835\udc2b &amp; \ud835\udc1c\ud835\udc22\ud835\udc1a","og_description":"Atendendo a pedidos, chegou a carteirinha aba redonda, toda feita na m\u00e1quina de bordado.  Perfeita para o Dia das M\u00e3es, mas vendem bem o ano inteiro!  S\u00e3o 2 tamanhos, cada um com 3 op\u00e7\u00f5es de quilting + matrizes \"arabesco m\u00e3e\" de BRINDE \u2728  V\u00eddeo tutorial com passo a passo dispon\u00edvel no Instagram.\u00a0[ASSISTA AQUI]  \u2714 Projeto ITH (100% na bordadeira) \u2714 Econ\u00f4mico (usa pouco material) \u2714 Produ\u00e7\u00e3o r\u00e1pida (perfeito pra fazer e vender) \u2714 Bastidores: 13x18 e 16x26 cm  Se voc\u00ea quer uma pe\u00e7a bonita, \u00fatil e que vende f\u00e1cil\u2026 essa aqui \u00e9 aposta certa.  Adquira j\u00e1 e comece a produzir hoje mesmo!","og_url":"https:\/\/shop.bazarcia.com\/en\/product\/matriz-projeto-carteirinha-aba-redonda\/","og_site_name":"\ud835\udc1b\ud835\udc1a\ud835\udc33\ud835\udc1a\ud835\udc2b &amp; \ud835\udc1c\ud835\udc22\ud835\udc1a","article_publisher":"https:\/\/www.facebook.com\/shopbazarcia","article_modified_time":"2026-04-20T15:03:17+00:00","og_image":[{"width":1080,"height":1080,"url":"https:\/\/shop.bazarcia.com\/wp-content\/uploads\/2026\/04\/6.jpg","type":"image\/jpeg"}],"twitter_card":"summary_large_image","twitter_misc":{"Est. reading time":"1 minute"},"schema":{"@context":"https:\/\/schema.org","@graph":[{"@type":"WebPage","@id":"https:\/\/shop.bazarcia.com\/produto\/matriz-projeto-carteirinha-aba-redonda\/","url":"https:\/\/shop.bazarcia.com\/produto\/matriz-projeto-carteirinha-aba-redonda\/","name":"Matriz Projeto Carteirinha Aba Redonda - \ud835\udc1b\ud835\udc1a\ud835\udc33\ud835\udc1a\ud835\udc2b &amp; \ud835\udc1c\ud835\udc22\ud835\udc1a","isPartOf":{"@id":"https:\/\/shop.bazarcia.com\/#website"},"primaryImageOfPage":{"@id":"https:\/\/shop.bazarcia.com\/produto\/matriz-projeto-carteirinha-aba-redonda\/#primaryimage"},"image":{"@id":"https:\/\/shop.bazarcia.com\/produto\/matriz-projeto-carteirinha-aba-redonda\/#primaryimage"},"thumbnailUrl":"https:\/\/shop.bazarcia.com\/wp-content\/uploads\/2026\/04\/6.jpg","datePublished":"2026-04-09T14:31:55+00:00","dateModified":"2026-04-20T15:03:17+00:00","breadcrumb":{"@id":"https:\/\/shop.bazarcia.com\/produto\/matriz-projeto-carteirinha-aba-redonda\/#breadcrumb"},"inLanguage":"en-US","potentialAction":[{"@type":"ReadAction","target":["https:\/\/shop.bazarcia.com\/produto\/matriz-projeto-carteirinha-aba-redonda\/"]}]},{"@type":"ImageObject","inLanguage":"en-US","@id":"https:\/\/shop.bazarcia.com\/produto\/matriz-projeto-carteirinha-aba-redonda\/#primaryimage","url":"https:\/\/shop.bazarcia.com\/wp-content\/uploads\/2026\/04\/6.jpg","contentUrl":"https:\/\/shop.bazarcia.com\/wp-content\/uploads\/2026\/04\/6.jpg","width":1080,"height":1080},{"@type":"BreadcrumbList","@id":"https:\/\/shop.bazarcia.com\/produto\/matriz-projeto-carteirinha-aba-redonda\/#breadcrumb","itemListElement":[{"@type":"ListItem","position":1,"name":"In\u00edcio","item":"https:\/\/shop.bazarcia.com\/"},{"@type":"ListItem","position":2,"name":"Loja","item":"https:\/\/shop.bazarcia.com\/loja\/"},{"@type":"ListItem","position":3,"name":"Matriz Projeto Carteirinha Aba Redonda"}]},{"@type":"WebSite","@id":"https:\/\/shop.bazarcia.com\/#website","url":"https:\/\/shop.bazarcia.com\/","name":"Bazar & Cia","description":"criatividade ponto a ponto","publisher":{"@id":"https:\/\/shop.bazarcia.com\/#organization"},"potentialAction":[{"@type":"SearchAction","target":{"@type":"EntryPoint","urlTemplate":"https:\/\/shop.bazarcia.com\/?s={search_term_string}"},"query-input":{"@type":"PropertyValueSpecification","valueRequired":true,"valueName":"search_term_string"}}],"inLanguage":"en-US"},{"@type":"Organization","@id":"https:\/\/shop.bazarcia.com\/#organization","name":"Bazar & Cia","url":"https:\/\/shop.bazarcia.com\/","logo":{"@type":"ImageObject","inLanguage":"en-US","@id":"https:\/\/shop.bazarcia.com\/#\/schema\/logo\/image\/","url":"https:\/\/shop.bazarcia.com\/wp-content\/uploads\/2024\/02\/cropped-logo_bazarcia.png","contentUrl":"https:\/\/shop.bazarcia.com\/wp-content\/uploads\/2024\/02\/cropped-logo_bazarcia.png","width":150,"height":150,"caption":"Bazar & Cia"},"image":{"@id":"https:\/\/shop.bazarcia.com\/#\/schema\/logo\/image\/"},"sameAs":["https:\/\/www.facebook.com\/shopbazarcia","https:\/\/www.instagram.com\/shopbazarcia","https:\/\/br.pinterest.com\/suzane_eloise\/","https:\/\/www.youtube.com\/c\/BazardoBordadoMatrizeseProjetos"]}]}},"_links":{"self":[{"href":"https:\/\/shop.bazarcia.com\/en\/wp-json\/wp\/v2\/product\/382520","targetHints":{"allow":["GET"]}}],"collection":[{"href":"https:\/\/shop.bazarcia.com\/en\/wp-json\/wp\/v2\/product"}],"about":[{"href":"https:\/\/shop.bazarcia.com\/en\/wp-json\/wp\/v2\/types\/product"}],"replies":[{"embeddable":true,"href":"https:\/\/shop.bazarcia.com\/en\/wp-json\/wp\/v2\/comments?post=382520"}],"version-history":[{"count":1,"href":"https:\/\/shop.bazarcia.com\/en\/wp-json\/wp\/v2\/product\/382520\/revisions"}],"predecessor-version":[{"id":382533,"href":"https:\/\/shop.bazarcia.com\/en\/wp-json\/wp\/v2\/product\/382520\/revisions\/382533"}],"wp:featuredmedia":[{"embeddable":true,"href":"https:\/\/shop.bazarcia.com\/en\/wp-json\/wp\/v2\/media\/382527"}],"wp:attachment":[{"href":"https:\/\/shop.bazarcia.com\/en\/wp-json\/wp\/v2\/media?parent=382520"}],"wp:term":[{"taxonomy":"product_brand","embeddable":true,"href":"https:\/\/shop.bazarcia.com\/en\/wp-json\/wp\/v2\/product_brand?post=382520"},{"taxonomy":"product_cat","embeddable":true,"href":"https:\/\/shop.bazarcia.com\/en\/wp-json\/wp\/v2\/product_cat?post=382520"},{"taxonomy":"product_tag","embeddable":true,"href":"https:\/\/shop.bazarcia.com\/en\/wp-json\/wp\/v2\/product_tag?post=382520"}],"curies":[{"name":"wp","href":"https:\/\/api.w.org\/{rel}","templated":true}]}}