{"id":383435,"date":"2026-04-17T10:14:14","date_gmt":"2026-04-17T13:14:14","guid":{"rendered":"https:\/\/shop.bazarcia.com\/?post_type=product&#038;p=383435"},"modified":"2026-05-06T15:31:22","modified_gmt":"2026-05-06T18:31:22","slug":"colecao-manicure-gel-matrizes-de-bordado-pontos-leves","status":"publish","type":"product","link":"https:\/\/shop.bazarcia.com\/en\/product\/colecao-manicure-gel-matrizes-de-bordado-pontos-leves\/","title":{"rendered":"Cole\u00e7\u00e3o Manicure Gel Matrizes de Bordado (Pontos Leves)"},"content":{"rendered":"<p data-start=\"488\" data-end=\"739\">A Cole\u00e7\u00e3o Manicure Gel foi desenvolvida com um estilo delicado, minimalista e atual, inspirada no universo da beleza e cuidados com as unhas. Com tra\u00e7os suaves e tons femininos, cada elemento foi pensado para compor pe\u00e7as encantadoras e profissionais.<\/p>\n<p data-start=\"741\" data-end=\"988\">A cole\u00e7\u00e3o inclui itens cl\u00e1ssicos do dia a dia da manicure, como cabine UV, motor nail drill, lixas, alicate, frascos de gel e top coat, entre outros. Ideal para aplica\u00e7\u00e3o em toalhas, n\u00e9cessaires, kits profissionais, brindes e pe\u00e7as personalizadas.<\/p>\n<p data-start=\"990\" data-end=\"1194\">Os tamanhos variam entre <strong data-start=\"1015\" data-end=\"1038\">10&#215;10 cm e 13&#215;18 cm<\/strong>, adaptados conforme o melhor aproveitamento de cada desenho. Compat\u00edvel com bastidores 10&#215;10 e 13&#215;18.<br data-start=\"1140\" data-end=\"1143\" \/>Formatos dispon\u00edveis: <strong data-start=\"1165\" data-end=\"1193\">DST, EXP, JEF, PES e XXX<\/strong>.<\/p>\n<p data-start=\"990\" data-end=\"1194\"><a href=\"https:\/\/shop.bazarcia.com\/en\/store\/damel-programacao-de-bordados\/toc\/\">Termos e Condi\u00e7\u00f5es<\/a><\/p>","protected":false},"excerpt":{"rendered":"<p>Delicada e moderna, a Cole\u00e7\u00e3o Manicure Gel traz elementos essenciais do universo das unhas em tra\u00e7os suaves e femininos. Perfeita para personalizar pe\u00e7as com charme e estilo profissional. \ud83d\udc95<\/p>\n<p>Diversos tamanhos sendo que algumas para bastidor a partir 10&#215;10 e outros\u00a0 13&#215;18 ou maiores.<\/p>","protected":false},"featured_media":383436,"comment_status":"open","ping_status":"closed","template":"","meta":{"_acf_changed":false,"_joinchat":[]},"product_brand":[],"product_cat":[1323,1066,1208,1057,1326,1325,84,312,306],"product_tag":[1170,1431,1433,1280,1430,1432],"class_list":{"0":"post-383435","1":"product","2":"type-product","3":"status-publish","4":"has-post-thumbnail","6":"product_cat-acessorios-femininos","7":"product_cat-colecoes-matrizes-de-bordado","8":"product_cat-cute-kawaii","9":"product_cat-higiene-pessoal","10":"product_cat-manicure","11":"product_cat-maquiagem","12":"product_cat-matrizes-de-bordado","13":"product_cat-matrizes-pontos-leves","14":"product_cat-pacotinhos-de-matrizes","15":"product_tag-bordado","16":"product_tag-bordado-computadorizado","17":"product_tag-bordado-eletronico","18":"product_tag-bordar","19":"product_tag-matriz-de-bordado","20":"product_tag-matrizes-de-bordado","22":"first","23":"instock","24":"downloadable","25":"virtual","26":"purchasable","27":"product-type-simple"},"acf":[],"yoast_head":"<!-- This site is optimized with the Yoast SEO plugin v27.2 - https:\/\/yoast.com\/product\/yoast-seo-wordpress\/ -->\n<title>Cole\u00e7\u00e3o Manicure Gel Matrizes de Bordado (Pontos Leves) - \ud835\udc1b\ud835\udc1a\ud835\udc33\ud835\udc1a\ud835\udc2b &amp; \ud835\udc1c\ud835\udc22\ud835\udc1a<\/title>\n<meta name=\"robots\" content=\"index, follow, max-snippet:-1, max-image-preview:large, max-video-preview:-1\" \/>\n<link rel=\"canonical\" href=\"https:\/\/shop.bazarcia.com\/en\/product\/colecao-manicure-gel-matrizes-de-bordado-pontos-leves\/\" \/>\n<meta property=\"og:locale\" content=\"en_US\" \/>\n<meta property=\"og:type\" content=\"article\" \/>\n<meta property=\"og:title\" content=\"Cole\u00e7\u00e3o Manicure Gel Matrizes de Bordado (Pontos Leves) - \ud835\udc1b\ud835\udc1a\ud835\udc33\ud835\udc1a\ud835\udc2b &amp; \ud835\udc1c\ud835\udc22\ud835\udc1a\" \/>\n<meta property=\"og:description\" content=\"Delicada e moderna, a Cole\u00e7\u00e3o Manicure Gel traz elementos essenciais do universo das unhas em tra\u00e7os suaves e femininos. Perfeita para personalizar pe\u00e7as com charme e estilo profissional. \ud83d\udc95  Diversos tamanhos sendo que algumas para bastidor a partir 10x10 e outros\u00a0 13x18 ou maiores.\" \/>\n<meta property=\"og:url\" content=\"https:\/\/shop.bazarcia.com\/en\/product\/colecao-manicure-gel-matrizes-de-bordado-pontos-leves\/\" \/>\n<meta property=\"og:site_name\" content=\"\ud835\udc1b\ud835\udc1a\ud835\udc33\ud835\udc1a\ud835\udc2b &amp; \ud835\udc1c\ud835\udc22\ud835\udc1a\" \/>\n<meta property=\"article:publisher\" content=\"https:\/\/www.facebook.com\/shopbazarcia\" \/>\n<meta property=\"article:modified_time\" content=\"2026-05-06T18:31:22+00:00\" \/>\n<meta property=\"og:image\" content=\"https:\/\/shop.bazarcia.com\/wp-content\/uploads\/2026\/04\/colecao-manicure-gel.png\" \/>\n\t<meta property=\"og:image:width\" content=\"1080\" \/>\n\t<meta property=\"og:image:height\" content=\"1080\" \/>\n\t<meta property=\"og:image:type\" content=\"image\/png\" \/>\n<meta name=\"twitter:card\" content=\"summary_large_image\" \/>\n<meta name=\"twitter:label1\" content=\"Est. reading time\" \/>\n\t<meta name=\"twitter:data1\" content=\"1 minute\" \/>\n<script type=\"application\/ld+json\" class=\"yoast-schema-graph\">{\"@context\":\"https:\/\/schema.org\",\"@graph\":[{\"@type\":\"WebPage\",\"@id\":\"https:\/\/shop.bazarcia.com\/produto\/colecao-manicure-gel-matrizes-de-bordado-pontos-leves\/\",\"url\":\"https:\/\/shop.bazarcia.com\/produto\/colecao-manicure-gel-matrizes-de-bordado-pontos-leves\/\",\"name\":\"Cole\u00e7\u00e3o Manicure Gel Matrizes de Bordado (Pontos Leves) - \ud835\udc1b\ud835\udc1a\ud835\udc33\ud835\udc1a\ud835\udc2b &amp; \ud835\udc1c\ud835\udc22\ud835\udc1a\",\"isPartOf\":{\"@id\":\"https:\/\/shop.bazarcia.com\/#website\"},\"primaryImageOfPage\":{\"@id\":\"https:\/\/shop.bazarcia.com\/produto\/colecao-manicure-gel-matrizes-de-bordado-pontos-leves\/#primaryimage\"},\"image\":{\"@id\":\"https:\/\/shop.bazarcia.com\/produto\/colecao-manicure-gel-matrizes-de-bordado-pontos-leves\/#primaryimage\"},\"thumbnailUrl\":\"https:\/\/shop.bazarcia.com\/wp-content\/uploads\/2026\/04\/colecao-manicure-gel.png\",\"datePublished\":\"2026-04-17T13:14:14+00:00\",\"dateModified\":\"2026-05-06T18:31:22+00:00\",\"breadcrumb\":{\"@id\":\"https:\/\/shop.bazarcia.com\/produto\/colecao-manicure-gel-matrizes-de-bordado-pontos-leves\/#breadcrumb\"},\"inLanguage\":\"en-US\",\"potentialAction\":[{\"@type\":\"ReadAction\",\"target\":[\"https:\/\/shop.bazarcia.com\/produto\/colecao-manicure-gel-matrizes-de-bordado-pontos-leves\/\"]}]},{\"@type\":\"ImageObject\",\"inLanguage\":\"en-US\",\"@id\":\"https:\/\/shop.bazarcia.com\/produto\/colecao-manicure-gel-matrizes-de-bordado-pontos-leves\/#primaryimage\",\"url\":\"https:\/\/shop.bazarcia.com\/wp-content\/uploads\/2026\/04\/colecao-manicure-gel.png\",\"contentUrl\":\"https:\/\/shop.bazarcia.com\/wp-content\/uploads\/2026\/04\/colecao-manicure-gel.png\",\"width\":1080,\"height\":1080},{\"@type\":\"BreadcrumbList\",\"@id\":\"https:\/\/shop.bazarcia.com\/produto\/colecao-manicure-gel-matrizes-de-bordado-pontos-leves\/#breadcrumb\",\"itemListElement\":[{\"@type\":\"ListItem\",\"position\":1,\"name\":\"In\u00edcio\",\"item\":\"https:\/\/shop.bazarcia.com\/\"},{\"@type\":\"ListItem\",\"position\":2,\"name\":\"Loja\",\"item\":\"https:\/\/shop.bazarcia.com\/loja\/\"},{\"@type\":\"ListItem\",\"position\":3,\"name\":\"Cole\u00e7\u00e3o Manicure Gel Matrizes de Bordado (Pontos Leves)\"}]},{\"@type\":\"WebSite\",\"@id\":\"https:\/\/shop.bazarcia.com\/#website\",\"url\":\"https:\/\/shop.bazarcia.com\/\",\"name\":\"Bazar & Cia\",\"description\":\"criatividade ponto a ponto\",\"publisher\":{\"@id\":\"https:\/\/shop.bazarcia.com\/#organization\"},\"potentialAction\":[{\"@type\":\"SearchAction\",\"target\":{\"@type\":\"EntryPoint\",\"urlTemplate\":\"https:\/\/shop.bazarcia.com\/?s={search_term_string}\"},\"query-input\":{\"@type\":\"PropertyValueSpecification\",\"valueRequired\":true,\"valueName\":\"search_term_string\"}}],\"inLanguage\":\"en-US\"},{\"@type\":\"Organization\",\"@id\":\"https:\/\/shop.bazarcia.com\/#organization\",\"name\":\"Bazar & Cia\",\"url\":\"https:\/\/shop.bazarcia.com\/\",\"logo\":{\"@type\":\"ImageObject\",\"inLanguage\":\"en-US\",\"@id\":\"https:\/\/shop.bazarcia.com\/#\/schema\/logo\/image\/\",\"url\":\"https:\/\/shop.bazarcia.com\/wp-content\/uploads\/2024\/02\/cropped-logo_bazarcia.png\",\"contentUrl\":\"https:\/\/shop.bazarcia.com\/wp-content\/uploads\/2024\/02\/cropped-logo_bazarcia.png\",\"width\":150,\"height\":150,\"caption\":\"Bazar & Cia\"},\"image\":{\"@id\":\"https:\/\/shop.bazarcia.com\/#\/schema\/logo\/image\/\"},\"sameAs\":[\"https:\/\/www.facebook.com\/shopbazarcia\",\"https:\/\/www.instagram.com\/shopbazarcia\",\"https:\/\/br.pinterest.com\/suzane_eloise\/\",\"https:\/\/www.youtube.com\/c\/BazardoBordadoMatrizeseProjetos\"]}]}<\/script>\n<!-- \/ Yoast SEO plugin. -->","yoast_head_json":{"title":"Cole\u00e7\u00e3o Manicure Gel Matrizes de Bordado (Pontos Leves) - \ud835\udc1b\ud835\udc1a\ud835\udc33\ud835\udc1a\ud835\udc2b &amp; \ud835\udc1c\ud835\udc22\ud835\udc1a","robots":{"index":"index","follow":"follow","max-snippet":"max-snippet:-1","max-image-preview":"max-image-preview:large","max-video-preview":"max-video-preview:-1"},"canonical":"https:\/\/shop.bazarcia.com\/en\/product\/colecao-manicure-gel-matrizes-de-bordado-pontos-leves\/","og_locale":"en_US","og_type":"article","og_title":"Cole\u00e7\u00e3o Manicure Gel Matrizes de Bordado (Pontos Leves) - \ud835\udc1b\ud835\udc1a\ud835\udc33\ud835\udc1a\ud835\udc2b &amp; \ud835\udc1c\ud835\udc22\ud835\udc1a","og_description":"Delicada e moderna, a Cole\u00e7\u00e3o Manicure Gel traz elementos essenciais do universo das unhas em tra\u00e7os suaves e femininos. Perfeita para personalizar pe\u00e7as com charme e estilo profissional. \ud83d\udc95  Diversos tamanhos sendo que algumas para bastidor a partir 10x10 e outros\u00a0 13x18 ou maiores.","og_url":"https:\/\/shop.bazarcia.com\/en\/product\/colecao-manicure-gel-matrizes-de-bordado-pontos-leves\/","og_site_name":"\ud835\udc1b\ud835\udc1a\ud835\udc33\ud835\udc1a\ud835\udc2b &amp; \ud835\udc1c\ud835\udc22\ud835\udc1a","article_publisher":"https:\/\/www.facebook.com\/shopbazarcia","article_modified_time":"2026-05-06T18:31:22+00:00","og_image":[{"width":1080,"height":1080,"url":"https:\/\/shop.bazarcia.com\/wp-content\/uploads\/2026\/04\/colecao-manicure-gel.png","type":"image\/png"}],"twitter_card":"summary_large_image","twitter_misc":{"Est. reading time":"1 minute"},"schema":{"@context":"https:\/\/schema.org","@graph":[{"@type":"WebPage","@id":"https:\/\/shop.bazarcia.com\/produto\/colecao-manicure-gel-matrizes-de-bordado-pontos-leves\/","url":"https:\/\/shop.bazarcia.com\/produto\/colecao-manicure-gel-matrizes-de-bordado-pontos-leves\/","name":"Cole\u00e7\u00e3o Manicure Gel Matrizes de Bordado (Pontos Leves) - \ud835\udc1b\ud835\udc1a\ud835\udc33\ud835\udc1a\ud835\udc2b &amp; \ud835\udc1c\ud835\udc22\ud835\udc1a","isPartOf":{"@id":"https:\/\/shop.bazarcia.com\/#website"},"primaryImageOfPage":{"@id":"https:\/\/shop.bazarcia.com\/produto\/colecao-manicure-gel-matrizes-de-bordado-pontos-leves\/#primaryimage"},"image":{"@id":"https:\/\/shop.bazarcia.com\/produto\/colecao-manicure-gel-matrizes-de-bordado-pontos-leves\/#primaryimage"},"thumbnailUrl":"https:\/\/shop.bazarcia.com\/wp-content\/uploads\/2026\/04\/colecao-manicure-gel.png","datePublished":"2026-04-17T13:14:14+00:00","dateModified":"2026-05-06T18:31:22+00:00","breadcrumb":{"@id":"https:\/\/shop.bazarcia.com\/produto\/colecao-manicure-gel-matrizes-de-bordado-pontos-leves\/#breadcrumb"},"inLanguage":"en-US","potentialAction":[{"@type":"ReadAction","target":["https:\/\/shop.bazarcia.com\/produto\/colecao-manicure-gel-matrizes-de-bordado-pontos-leves\/"]}]},{"@type":"ImageObject","inLanguage":"en-US","@id":"https:\/\/shop.bazarcia.com\/produto\/colecao-manicure-gel-matrizes-de-bordado-pontos-leves\/#primaryimage","url":"https:\/\/shop.bazarcia.com\/wp-content\/uploads\/2026\/04\/colecao-manicure-gel.png","contentUrl":"https:\/\/shop.bazarcia.com\/wp-content\/uploads\/2026\/04\/colecao-manicure-gel.png","width":1080,"height":1080},{"@type":"BreadcrumbList","@id":"https:\/\/shop.bazarcia.com\/produto\/colecao-manicure-gel-matrizes-de-bordado-pontos-leves\/#breadcrumb","itemListElement":[{"@type":"ListItem","position":1,"name":"In\u00edcio","item":"https:\/\/shop.bazarcia.com\/"},{"@type":"ListItem","position":2,"name":"Loja","item":"https:\/\/shop.bazarcia.com\/loja\/"},{"@type":"ListItem","position":3,"name":"Cole\u00e7\u00e3o Manicure Gel Matrizes de Bordado (Pontos Leves)"}]},{"@type":"WebSite","@id":"https:\/\/shop.bazarcia.com\/#website","url":"https:\/\/shop.bazarcia.com\/","name":"Bazar & Cia","description":"criatividade ponto a ponto","publisher":{"@id":"https:\/\/shop.bazarcia.com\/#organization"},"potentialAction":[{"@type":"SearchAction","target":{"@type":"EntryPoint","urlTemplate":"https:\/\/shop.bazarcia.com\/?s={search_term_string}"},"query-input":{"@type":"PropertyValueSpecification","valueRequired":true,"valueName":"search_term_string"}}],"inLanguage":"en-US"},{"@type":"Organization","@id":"https:\/\/shop.bazarcia.com\/#organization","name":"Bazar & Cia","url":"https:\/\/shop.bazarcia.com\/","logo":{"@type":"ImageObject","inLanguage":"en-US","@id":"https:\/\/shop.bazarcia.com\/#\/schema\/logo\/image\/","url":"https:\/\/shop.bazarcia.com\/wp-content\/uploads\/2024\/02\/cropped-logo_bazarcia.png","contentUrl":"https:\/\/shop.bazarcia.com\/wp-content\/uploads\/2024\/02\/cropped-logo_bazarcia.png","width":150,"height":150,"caption":"Bazar & Cia"},"image":{"@id":"https:\/\/shop.bazarcia.com\/#\/schema\/logo\/image\/"},"sameAs":["https:\/\/www.facebook.com\/shopbazarcia","https:\/\/www.instagram.com\/shopbazarcia","https:\/\/br.pinterest.com\/suzane_eloise\/","https:\/\/www.youtube.com\/c\/BazardoBordadoMatrizeseProjetos"]}]}},"_links":{"self":[{"href":"https:\/\/shop.bazarcia.com\/en\/wp-json\/wp\/v2\/product\/383435","targetHints":{"allow":["GET"]}}],"collection":[{"href":"https:\/\/shop.bazarcia.com\/en\/wp-json\/wp\/v2\/product"}],"about":[{"href":"https:\/\/shop.bazarcia.com\/en\/wp-json\/wp\/v2\/types\/product"}],"replies":[{"embeddable":true,"href":"https:\/\/shop.bazarcia.com\/en\/wp-json\/wp\/v2\/comments?post=383435"}],"version-history":[{"count":2,"href":"https:\/\/shop.bazarcia.com\/en\/wp-json\/wp\/v2\/product\/383435\/revisions"}],"predecessor-version":[{"id":383800,"href":"https:\/\/shop.bazarcia.com\/en\/wp-json\/wp\/v2\/product\/383435\/revisions\/383800"}],"wp:featuredmedia":[{"embeddable":true,"href":"https:\/\/shop.bazarcia.com\/en\/wp-json\/wp\/v2\/media\/383436"}],"wp:attachment":[{"href":"https:\/\/shop.bazarcia.com\/en\/wp-json\/wp\/v2\/media?parent=383435"}],"wp:term":[{"taxonomy":"product_brand","embeddable":true,"href":"https:\/\/shop.bazarcia.com\/en\/wp-json\/wp\/v2\/product_brand?post=383435"},{"taxonomy":"product_cat","embeddable":true,"href":"https:\/\/shop.bazarcia.com\/en\/wp-json\/wp\/v2\/product_cat?post=383435"},{"taxonomy":"product_tag","embeddable":true,"href":"https:\/\/shop.bazarcia.com\/en\/wp-json\/wp\/v2\/product_tag?post=383435"}],"curies":[{"name":"wp","href":"https:\/\/api.w.org\/{rel}","templated":true}]}}