{"id":383675,"date":"2026-04-19T16:51:14","date_gmt":"2026-04-19T19:51:14","guid":{"rendered":"https:\/\/shop.bazarcia.com\/?post_type=product&#038;p=383675"},"modified":"2026-04-19T16:55:28","modified_gmt":"2026-04-19T19:55:28","slug":"matriz-de-bordado-gatinho-arteiro-mordendo-pano-de-prato","status":"publish","type":"product","link":"https:\/\/shop.bazarcia.com\/en\/product\/matriz-de-bordado-gatinho-arteiro-mordendo-pano-de-prato\/","title":{"rendered":"Matriz de Bordado Gatinho Arteiro Mordendo Pano de Prato"},"content":{"rendered":"<p>Matrizes de bordado em pontos leves.<\/p>\n<p>Dispon\u00edveis em tr\u00eas tamanhos.<\/p>\n<p>Para bastidores 10&#215;10 e 13&#215;18 cm.<\/p>\n<p>Arquivo digital para m\u00e1quina de bordado computadorizada, dispon\u00edvel nas extens\u00f5es .PES .DST .HUS .EXP .JEF e .XXX<\/p>\n<p><b>ATEN\u00c7\u00c3O:<\/b><\/p>\n<p>Verifique se a matriz que est\u00e1 adquirindo serve para o seu bastidor, ap\u00f3s a entrega n\u00e3o realizaremos troca nem devolu\u00e7\u00e3o, por se tratar de um arquivo eletr\u00f4nico.<\/p>\n<p>Arquivos encontram-se em pastas compactadas (.zip), sendo necess\u00e1rio descompact\u00e1-las ap\u00f3s o download.<\/p>\n<p>Nossos produtos n\u00e3o podem ser copiados, trocados, editados, compartilhados ou revendidos. Eles tem somente a finalidade de uso pessoal, para a produ\u00e7\u00e3o de pe\u00e7as para uso pr\u00f3prio ou venda.<\/p>\n<p>Recomendamos n\u00e3o alterar o tamanho do arquivo.<\/p>\n<p>Desejo que vendam muitos!<\/p>","protected":false},"excerpt":{"rendered":"<p align=\"left\"><span style=\"color: #777777\"><span style=\"font-family: Lato, Arial, Helvetica, sans-serif\"><span style=\"font-size: medium\">Matriz de Bordado Gatinho Arteiro Mordendo Pano de Prato.<\/p>\n<p>A tend\u00eancia internacional de um jeitinho brasileiro!<\/span><\/span><\/span><\/p>\n<p align=\"left\"><span style=\"color: #777777\"><span style=\"font-family: Lato, Arial, Helvetica, sans-serif\"><span style=\"font-size: small\"><span style=\"font-size: medium\">V\u00eddeo com passo a passo dispon\u00edvel no Instagram. <\/span><a href=\"https:\/\/www.instagram.com\/p\/DXUsv-YEQZz\/\"><span style=\"color: #ed6968\"><span style=\"font-family: inherit\"><span style=\"font-size: medium\">[ASSISTA AQUI]<\/span><\/span><\/span><\/a><\/span><\/span><\/span><\/p>\n<p align=\"left\"><span style=\"color: #777777\">\ud83d\udc96<span style=\"font-family: Lato, Arial, Helvetica, sans-serif\"><span style=\"font-size: small\">Conhe\u00e7a todos os modelos<span style=\"font-size: medium\">:<br \/>\n\ud83d\udc36 Cachorrinho<br \/>\n\ud83d\udc31 Gatinho<br \/>\n\ud83d\udc14 Galinha com pintinho<br \/>\n\ud83d\udc37 Porquinho<br \/>\n<\/span>\ud83e\udd0e\u00a0<span style=\"font-size: medium\">Capivara<\/span><\/span><\/span><\/span><\/p>\n<p align=\"left\"><span style=\"color: #777777\"><span style=\"font-family: Lato, Arial, Helvetica, sans-serif\"><span style=\"font-size: medium\">Matrizes em 3 tamanhos<br \/>\nCompat\u00edveis com bastidores a partir de 10\u00d710 cm<br \/>\nPontos leves = produ\u00e7\u00e3o r\u00e1pida<\/span><\/span><\/span><\/p>\n<p align=\"left\"><span style=\"color: #777777\"><span style=\"font-family: Lato, Arial, Helvetica, sans-serif\"><span style=\"font-size: medium\">Corra garantir, antes que todo mundo comece a vender menos voc\u00ea \ud83d\ude02\ud83d\uded2<\/span><\/span><\/span><\/p>\n","protected":false},"featured_media":383656,"comment_status":"open","ping_status":"closed","template":"","meta":{"_acf_changed":false,"_joinchat":[]},"product_brand":[],"product_cat":[122,326,84,312],"product_tag":[1433,1430],"class_list":{"0":"post-383675","1":"product","2":"type-product","3":"status-publish","4":"has-post-thumbnail","6":"product_cat-matrizes-de-bordado-animais","7":"product_cat-gatinhos","8":"product_cat-matrizes-de-bordado","9":"product_cat-matrizes-pontos-leves","10":"product_tag-bordado-eletronico","11":"product_tag-matriz-de-bordado","13":"first","14":"instock","15":"downloadable","16":"virtual","17":"purchasable","18":"product-type-simple"},"acf":[],"yoast_head":"<!-- This site is optimized with the Yoast SEO plugin v27.2 - https:\/\/yoast.com\/product\/yoast-seo-wordpress\/ -->\n<title>Matriz de Bordado Gatinho Arteiro Mordendo Pano de Prato - \ud835\udc1b\ud835\udc1a\ud835\udc33\ud835\udc1a\ud835\udc2b &amp; \ud835\udc1c\ud835\udc22\ud835\udc1a<\/title>\n<meta name=\"robots\" content=\"index, follow, max-snippet:-1, max-image-preview:large, max-video-preview:-1\" \/>\n<link rel=\"canonical\" href=\"https:\/\/shop.bazarcia.com\/en\/product\/matriz-de-bordado-gatinho-arteiro-mordendo-pano-de-prato\/\" \/>\n<meta property=\"og:locale\" content=\"en_US\" \/>\n<meta property=\"og:type\" content=\"article\" \/>\n<meta property=\"og:title\" content=\"Matriz de Bordado Gatinho Arteiro Mordendo Pano de Prato - \ud835\udc1b\ud835\udc1a\ud835\udc33\ud835\udc1a\ud835\udc2b &amp; \ud835\udc1c\ud835\udc22\ud835\udc1a\" \/>\n<meta property=\"og:description\" content=\"Matriz de Bordado Gatinho Arteiro Mordendo Pano de Prato.  A tend\u00eancia internacional de um jeitinho brasileiro! V\u00eddeo com passo a passo dispon\u00edvel no Instagram. [ASSISTA AQUI] \ud83d\udc96Conhe\u00e7a todos os modelos: \ud83d\udc36 Cachorrinho \ud83d\udc31 Gatinho \ud83d\udc14 Galinha com pintinho \ud83d\udc37 Porquinho \ud83e\udd0e\u00a0Capivara Matrizes em 3 tamanhos Compat\u00edveis com bastidores a partir de 10\u00d710 cm Pontos leves = produ\u00e7\u00e3o r\u00e1pida Corra garantir, antes que todo mundo comece a vender menos voc\u00ea \ud83d\ude02\ud83d\uded2\" \/>\n<meta property=\"og:url\" content=\"https:\/\/shop.bazarcia.com\/en\/product\/matriz-de-bordado-gatinho-arteiro-mordendo-pano-de-prato\/\" \/>\n<meta property=\"og:site_name\" content=\"\ud835\udc1b\ud835\udc1a\ud835\udc33\ud835\udc1a\ud835\udc2b &amp; \ud835\udc1c\ud835\udc22\ud835\udc1a\" \/>\n<meta property=\"article:publisher\" content=\"https:\/\/www.facebook.com\/shopbazarcia\" \/>\n<meta property=\"article:modified_time\" content=\"2026-04-19T19:55:28+00:00\" \/>\n<meta property=\"og:image\" content=\"https:\/\/shop.bazarcia.com\/wp-content\/uploads\/2026\/04\/9-2.jpg\" \/>\n\t<meta property=\"og:image:width\" content=\"1080\" \/>\n\t<meta property=\"og:image:height\" content=\"1080\" \/>\n\t<meta property=\"og:image:type\" content=\"image\/jpeg\" \/>\n<meta name=\"twitter:card\" content=\"summary_large_image\" \/>\n<meta name=\"twitter:label1\" content=\"Est. reading time\" \/>\n\t<meta name=\"twitter:data1\" content=\"1 minute\" \/>\n<script type=\"application\/ld+json\" class=\"yoast-schema-graph\">{\"@context\":\"https:\/\/schema.org\",\"@graph\":[{\"@type\":\"WebPage\",\"@id\":\"https:\/\/shop.bazarcia.com\/produto\/matriz-de-bordado-gatinho-arteiro-mordendo-pano-de-prato\/\",\"url\":\"https:\/\/shop.bazarcia.com\/produto\/matriz-de-bordado-gatinho-arteiro-mordendo-pano-de-prato\/\",\"name\":\"Matriz de Bordado Gatinho Arteiro Mordendo Pano de Prato - \ud835\udc1b\ud835\udc1a\ud835\udc33\ud835\udc1a\ud835\udc2b &amp; \ud835\udc1c\ud835\udc22\ud835\udc1a\",\"isPartOf\":{\"@id\":\"https:\/\/shop.bazarcia.com\/#website\"},\"primaryImageOfPage\":{\"@id\":\"https:\/\/shop.bazarcia.com\/produto\/matriz-de-bordado-gatinho-arteiro-mordendo-pano-de-prato\/#primaryimage\"},\"image\":{\"@id\":\"https:\/\/shop.bazarcia.com\/produto\/matriz-de-bordado-gatinho-arteiro-mordendo-pano-de-prato\/#primaryimage\"},\"thumbnailUrl\":\"https:\/\/shop.bazarcia.com\/wp-content\/uploads\/2026\/04\/9-2.jpg\",\"datePublished\":\"2026-04-19T19:51:14+00:00\",\"dateModified\":\"2026-04-19T19:55:28+00:00\",\"breadcrumb\":{\"@id\":\"https:\/\/shop.bazarcia.com\/produto\/matriz-de-bordado-gatinho-arteiro-mordendo-pano-de-prato\/#breadcrumb\"},\"inLanguage\":\"en-US\",\"potentialAction\":[{\"@type\":\"ReadAction\",\"target\":[\"https:\/\/shop.bazarcia.com\/produto\/matriz-de-bordado-gatinho-arteiro-mordendo-pano-de-prato\/\"]}]},{\"@type\":\"ImageObject\",\"inLanguage\":\"en-US\",\"@id\":\"https:\/\/shop.bazarcia.com\/produto\/matriz-de-bordado-gatinho-arteiro-mordendo-pano-de-prato\/#primaryimage\",\"url\":\"https:\/\/shop.bazarcia.com\/wp-content\/uploads\/2026\/04\/9-2.jpg\",\"contentUrl\":\"https:\/\/shop.bazarcia.com\/wp-content\/uploads\/2026\/04\/9-2.jpg\",\"width\":1080,\"height\":1080},{\"@type\":\"BreadcrumbList\",\"@id\":\"https:\/\/shop.bazarcia.com\/produto\/matriz-de-bordado-gatinho-arteiro-mordendo-pano-de-prato\/#breadcrumb\",\"itemListElement\":[{\"@type\":\"ListItem\",\"position\":1,\"name\":\"In\u00edcio\",\"item\":\"https:\/\/shop.bazarcia.com\/\"},{\"@type\":\"ListItem\",\"position\":2,\"name\":\"Loja\",\"item\":\"https:\/\/shop.bazarcia.com\/loja\/\"},{\"@type\":\"ListItem\",\"position\":3,\"name\":\"Matriz de Bordado Gatinho Arteiro Mordendo Pano de Prato\"}]},{\"@type\":\"WebSite\",\"@id\":\"https:\/\/shop.bazarcia.com\/#website\",\"url\":\"https:\/\/shop.bazarcia.com\/\",\"name\":\"Bazar & Cia\",\"description\":\"criatividade ponto a ponto\",\"publisher\":{\"@id\":\"https:\/\/shop.bazarcia.com\/#organization\"},\"potentialAction\":[{\"@type\":\"SearchAction\",\"target\":{\"@type\":\"EntryPoint\",\"urlTemplate\":\"https:\/\/shop.bazarcia.com\/?s={search_term_string}\"},\"query-input\":{\"@type\":\"PropertyValueSpecification\",\"valueRequired\":true,\"valueName\":\"search_term_string\"}}],\"inLanguage\":\"en-US\"},{\"@type\":\"Organization\",\"@id\":\"https:\/\/shop.bazarcia.com\/#organization\",\"name\":\"Bazar & Cia\",\"url\":\"https:\/\/shop.bazarcia.com\/\",\"logo\":{\"@type\":\"ImageObject\",\"inLanguage\":\"en-US\",\"@id\":\"https:\/\/shop.bazarcia.com\/#\/schema\/logo\/image\/\",\"url\":\"https:\/\/shop.bazarcia.com\/wp-content\/uploads\/2024\/02\/cropped-logo_bazarcia.png\",\"contentUrl\":\"https:\/\/shop.bazarcia.com\/wp-content\/uploads\/2024\/02\/cropped-logo_bazarcia.png\",\"width\":150,\"height\":150,\"caption\":\"Bazar & Cia\"},\"image\":{\"@id\":\"https:\/\/shop.bazarcia.com\/#\/schema\/logo\/image\/\"},\"sameAs\":[\"https:\/\/www.facebook.com\/shopbazarcia\",\"https:\/\/www.instagram.com\/shopbazarcia\",\"https:\/\/br.pinterest.com\/suzane_eloise\/\",\"https:\/\/www.youtube.com\/c\/BazardoBordadoMatrizeseProjetos\"]}]}<\/script>\n<!-- \/ Yoast SEO plugin. -->","yoast_head_json":{"title":"Matriz de Bordado Gatinho Arteiro Mordendo Pano de Prato - \ud835\udc1b\ud835\udc1a\ud835\udc33\ud835\udc1a\ud835\udc2b &amp; \ud835\udc1c\ud835\udc22\ud835\udc1a","robots":{"index":"index","follow":"follow","max-snippet":"max-snippet:-1","max-image-preview":"max-image-preview:large","max-video-preview":"max-video-preview:-1"},"canonical":"https:\/\/shop.bazarcia.com\/en\/product\/matriz-de-bordado-gatinho-arteiro-mordendo-pano-de-prato\/","og_locale":"en_US","og_type":"article","og_title":"Matriz de Bordado Gatinho Arteiro Mordendo Pano de Prato - \ud835\udc1b\ud835\udc1a\ud835\udc33\ud835\udc1a\ud835\udc2b &amp; \ud835\udc1c\ud835\udc22\ud835\udc1a","og_description":"Matriz de Bordado Gatinho Arteiro Mordendo Pano de Prato.  A tend\u00eancia internacional de um jeitinho brasileiro! V\u00eddeo com passo a passo dispon\u00edvel no Instagram. [ASSISTA AQUI] \ud83d\udc96Conhe\u00e7a todos os modelos: \ud83d\udc36 Cachorrinho \ud83d\udc31 Gatinho \ud83d\udc14 Galinha com pintinho \ud83d\udc37 Porquinho \ud83e\udd0e\u00a0Capivara Matrizes em 3 tamanhos Compat\u00edveis com bastidores a partir de 10\u00d710 cm Pontos leves = produ\u00e7\u00e3o r\u00e1pida Corra garantir, antes que todo mundo comece a vender menos voc\u00ea \ud83d\ude02\ud83d\uded2","og_url":"https:\/\/shop.bazarcia.com\/en\/product\/matriz-de-bordado-gatinho-arteiro-mordendo-pano-de-prato\/","og_site_name":"\ud835\udc1b\ud835\udc1a\ud835\udc33\ud835\udc1a\ud835\udc2b &amp; \ud835\udc1c\ud835\udc22\ud835\udc1a","article_publisher":"https:\/\/www.facebook.com\/shopbazarcia","article_modified_time":"2026-04-19T19:55:28+00:00","og_image":[{"width":1080,"height":1080,"url":"https:\/\/shop.bazarcia.com\/wp-content\/uploads\/2026\/04\/9-2.jpg","type":"image\/jpeg"}],"twitter_card":"summary_large_image","twitter_misc":{"Est. reading time":"1 minute"},"schema":{"@context":"https:\/\/schema.org","@graph":[{"@type":"WebPage","@id":"https:\/\/shop.bazarcia.com\/produto\/matriz-de-bordado-gatinho-arteiro-mordendo-pano-de-prato\/","url":"https:\/\/shop.bazarcia.com\/produto\/matriz-de-bordado-gatinho-arteiro-mordendo-pano-de-prato\/","name":"Matriz de Bordado Gatinho Arteiro Mordendo Pano de Prato - \ud835\udc1b\ud835\udc1a\ud835\udc33\ud835\udc1a\ud835\udc2b &amp; \ud835\udc1c\ud835\udc22\ud835\udc1a","isPartOf":{"@id":"https:\/\/shop.bazarcia.com\/#website"},"primaryImageOfPage":{"@id":"https:\/\/shop.bazarcia.com\/produto\/matriz-de-bordado-gatinho-arteiro-mordendo-pano-de-prato\/#primaryimage"},"image":{"@id":"https:\/\/shop.bazarcia.com\/produto\/matriz-de-bordado-gatinho-arteiro-mordendo-pano-de-prato\/#primaryimage"},"thumbnailUrl":"https:\/\/shop.bazarcia.com\/wp-content\/uploads\/2026\/04\/9-2.jpg","datePublished":"2026-04-19T19:51:14+00:00","dateModified":"2026-04-19T19:55:28+00:00","breadcrumb":{"@id":"https:\/\/shop.bazarcia.com\/produto\/matriz-de-bordado-gatinho-arteiro-mordendo-pano-de-prato\/#breadcrumb"},"inLanguage":"en-US","potentialAction":[{"@type":"ReadAction","target":["https:\/\/shop.bazarcia.com\/produto\/matriz-de-bordado-gatinho-arteiro-mordendo-pano-de-prato\/"]}]},{"@type":"ImageObject","inLanguage":"en-US","@id":"https:\/\/shop.bazarcia.com\/produto\/matriz-de-bordado-gatinho-arteiro-mordendo-pano-de-prato\/#primaryimage","url":"https:\/\/shop.bazarcia.com\/wp-content\/uploads\/2026\/04\/9-2.jpg","contentUrl":"https:\/\/shop.bazarcia.com\/wp-content\/uploads\/2026\/04\/9-2.jpg","width":1080,"height":1080},{"@type":"BreadcrumbList","@id":"https:\/\/shop.bazarcia.com\/produto\/matriz-de-bordado-gatinho-arteiro-mordendo-pano-de-prato\/#breadcrumb","itemListElement":[{"@type":"ListItem","position":1,"name":"In\u00edcio","item":"https:\/\/shop.bazarcia.com\/"},{"@type":"ListItem","position":2,"name":"Loja","item":"https:\/\/shop.bazarcia.com\/loja\/"},{"@type":"ListItem","position":3,"name":"Matriz de Bordado Gatinho Arteiro Mordendo Pano de Prato"}]},{"@type":"WebSite","@id":"https:\/\/shop.bazarcia.com\/#website","url":"https:\/\/shop.bazarcia.com\/","name":"Bazar & Cia","description":"criatividade ponto a ponto","publisher":{"@id":"https:\/\/shop.bazarcia.com\/#organization"},"potentialAction":[{"@type":"SearchAction","target":{"@type":"EntryPoint","urlTemplate":"https:\/\/shop.bazarcia.com\/?s={search_term_string}"},"query-input":{"@type":"PropertyValueSpecification","valueRequired":true,"valueName":"search_term_string"}}],"inLanguage":"en-US"},{"@type":"Organization","@id":"https:\/\/shop.bazarcia.com\/#organization","name":"Bazar & Cia","url":"https:\/\/shop.bazarcia.com\/","logo":{"@type":"ImageObject","inLanguage":"en-US","@id":"https:\/\/shop.bazarcia.com\/#\/schema\/logo\/image\/","url":"https:\/\/shop.bazarcia.com\/wp-content\/uploads\/2024\/02\/cropped-logo_bazarcia.png","contentUrl":"https:\/\/shop.bazarcia.com\/wp-content\/uploads\/2024\/02\/cropped-logo_bazarcia.png","width":150,"height":150,"caption":"Bazar & Cia"},"image":{"@id":"https:\/\/shop.bazarcia.com\/#\/schema\/logo\/image\/"},"sameAs":["https:\/\/www.facebook.com\/shopbazarcia","https:\/\/www.instagram.com\/shopbazarcia","https:\/\/br.pinterest.com\/suzane_eloise\/","https:\/\/www.youtube.com\/c\/BazardoBordadoMatrizeseProjetos"]}]}},"_links":{"self":[{"href":"https:\/\/shop.bazarcia.com\/en\/wp-json\/wp\/v2\/product\/383675","targetHints":{"allow":["GET"]}}],"collection":[{"href":"https:\/\/shop.bazarcia.com\/en\/wp-json\/wp\/v2\/product"}],"about":[{"href":"https:\/\/shop.bazarcia.com\/en\/wp-json\/wp\/v2\/types\/product"}],"replies":[{"embeddable":true,"href":"https:\/\/shop.bazarcia.com\/en\/wp-json\/wp\/v2\/comments?post=383675"}],"version-history":[{"count":1,"href":"https:\/\/shop.bazarcia.com\/en\/wp-json\/wp\/v2\/product\/383675\/revisions"}],"predecessor-version":[{"id":383677,"href":"https:\/\/shop.bazarcia.com\/en\/wp-json\/wp\/v2\/product\/383675\/revisions\/383677"}],"wp:featuredmedia":[{"embeddable":true,"href":"https:\/\/shop.bazarcia.com\/en\/wp-json\/wp\/v2\/media\/383656"}],"wp:attachment":[{"href":"https:\/\/shop.bazarcia.com\/en\/wp-json\/wp\/v2\/media?parent=383675"}],"wp:term":[{"taxonomy":"product_brand","embeddable":true,"href":"https:\/\/shop.bazarcia.com\/en\/wp-json\/wp\/v2\/product_brand?post=383675"},{"taxonomy":"product_cat","embeddable":true,"href":"https:\/\/shop.bazarcia.com\/en\/wp-json\/wp\/v2\/product_cat?post=383675"},{"taxonomy":"product_tag","embeddable":true,"href":"https:\/\/shop.bazarcia.com\/en\/wp-json\/wp\/v2\/product_tag?post=383675"}],"curies":[{"name":"wp","href":"https:\/\/api.w.org\/{rel}","templated":true}]}}