{"id":383797,"date":"2026-04-20T14:47:14","date_gmt":"2026-04-20T17:47:14","guid":{"rendered":"https:\/\/shop.bazarcia.com\/?post_type=product&#038;p=383797"},"modified":"2026-04-25T15:27:59","modified_gmt":"2026-04-25T18:27:59","slug":"matriz-de-bordado-esmaltes-manicure-em-gel","status":"publish","type":"product","link":"https:\/\/shop.bazarcia.com\/en\/product\/matriz-de-bordado-esmaltes-manicure-em-gel\/","title":{"rendered":"Matriz de Bordado Esmaltes Manicure em Gel"},"content":{"rendered":"<p data-start=\"3104\" data-end=\"3361\">A dupla de esmaltes gel e top coat finaliza a composi\u00e7\u00e3o com charme e delicadeza, trazendo um visual moderno e feminino. Perfeita para bordados em kits manicure e pe\u00e7as personalizadas. Um detalhe encantador que faz toda a diferen\u00e7a no resultado final. \ud83d\udc96\u2728<\/p>\n<p data-start=\"3363\" data-end=\"3422\">\ud83d\udccf Tamanho: a partir de 10&#215;10<br data-start=\"3380\" data-end=\"3383\" \/>\ud83d\udcc1 Formatos: DST, EXP, JEF, PES e XXX<\/p>\n<p data-start=\"3363\" data-end=\"3422\"><a href=\"https:\/\/shop.bazarcia.com\/en\/store\/damel-programacao-de-bordados\/toc\/\">Termos e Condi\u00e7\u00f5es<\/a><\/p>","protected":false},"excerpt":{"rendered":"<p>A dupla perfeita para finalizar qualquer composi\u00e7\u00e3o com charme e delicadeza. Os frascos de gel e top coat trazem um visual moderno e feminino, ideal para pe\u00e7as que encantam nos detalhes. \ud83d\udc96\u2728<\/p>\n<p>\u2728 Esta matriz faz parte da <strong data-start=\"938\" data-end=\"962\">Cole\u00e7\u00e3o Manicure Gel<\/strong><br data-start=\"962\" data-end=\"965\" \/>\ud83d\udc96 Gostou? Conhe\u00e7a a cole\u00e7\u00e3o completa <a href=\"https:\/\/shop.bazarcia.com\/en\/product\/colecao-manicure-gel-matrizes-de-bordado-pontos-leves\/\">AQUI<\/a> e encante ainda mais seus bordados!<\/p>","protected":false},"featured_media":383439,"comment_status":"open","ping_status":"closed","template":"","meta":{"_acf_changed":false,"_joinchat":[]},"product_brand":[],"product_cat":[1208,1326,84,312],"product_tag":[1170,1431,1433,1280,1430,1432],"class_list":{"0":"post-383797","1":"product","2":"type-product","3":"status-publish","4":"has-post-thumbnail","6":"product_cat-cute-kawaii","7":"product_cat-manicure","8":"product_cat-matrizes-de-bordado","9":"product_cat-matrizes-pontos-leves","10":"product_tag-bordado","11":"product_tag-bordado-computadorizado","12":"product_tag-bordado-eletronico","13":"product_tag-bordar","14":"product_tag-matriz-de-bordado","15":"product_tag-matrizes-de-bordado","17":"first","18":"instock","19":"sale","20":"downloadable","21":"virtual","22":"purchasable","23":"product-type-simple"},"acf":[],"yoast_head":"<!-- This site is optimized with the Yoast SEO plugin v27.2 - https:\/\/yoast.com\/product\/yoast-seo-wordpress\/ -->\n<title>Matriz de Bordado Esmaltes Manicure em Gel - \ud835\udc1b\ud835\udc1a\ud835\udc33\ud835\udc1a\ud835\udc2b &amp; \ud835\udc1c\ud835\udc22\ud835\udc1a<\/title>\n<meta name=\"robots\" content=\"index, follow, max-snippet:-1, max-image-preview:large, max-video-preview:-1\" \/>\n<link rel=\"canonical\" href=\"https:\/\/shop.bazarcia.com\/en\/product\/matriz-de-bordado-esmaltes-manicure-em-gel\/\" \/>\n<meta property=\"og:locale\" content=\"en_US\" \/>\n<meta property=\"og:type\" content=\"article\" \/>\n<meta property=\"og:title\" content=\"Matriz de Bordado Esmaltes Manicure em Gel - \ud835\udc1b\ud835\udc1a\ud835\udc33\ud835\udc1a\ud835\udc2b &amp; \ud835\udc1c\ud835\udc22\ud835\udc1a\" \/>\n<meta property=\"og:description\" content=\"A dupla perfeita para finalizar qualquer composi\u00e7\u00e3o com charme e delicadeza. Os frascos de gel e top coat trazem um visual moderno e feminino, ideal para pe\u00e7as que encantam nos detalhes. \ud83d\udc96\u2728  \u2728 Esta matriz faz parte da Cole\u00e7\u00e3o Manicure Gel\ud83d\udc96 Gostou? Conhe\u00e7a a cole\u00e7\u00e3o completa AQUI e encante ainda mais seus bordados!\" \/>\n<meta property=\"og:url\" content=\"https:\/\/shop.bazarcia.com\/en\/product\/matriz-de-bordado-esmaltes-manicure-em-gel\/\" \/>\n<meta property=\"og:site_name\" content=\"\ud835\udc1b\ud835\udc1a\ud835\udc33\ud835\udc1a\ud835\udc2b &amp; \ud835\udc1c\ud835\udc22\ud835\udc1a\" \/>\n<meta property=\"article:publisher\" content=\"https:\/\/www.facebook.com\/shopbazarcia\" \/>\n<meta property=\"article:modified_time\" content=\"2026-04-25T18:27:59+00:00\" \/>\n<meta property=\"og:image\" content=\"https:\/\/shop.bazarcia.com\/wp-content\/uploads\/2026\/04\/Copia-de-esmalte-gel.png\" \/>\n\t<meta property=\"og:image:width\" content=\"1080\" \/>\n\t<meta property=\"og:image:height\" content=\"1080\" \/>\n\t<meta property=\"og:image:type\" content=\"image\/png\" \/>\n<meta name=\"twitter:card\" content=\"summary_large_image\" \/>\n<script type=\"application\/ld+json\" class=\"yoast-schema-graph\">{\"@context\":\"https:\/\/schema.org\",\"@graph\":[{\"@type\":\"WebPage\",\"@id\":\"https:\/\/shop.bazarcia.com\/produto\/matriz-de-bordado-esmaltes-manicure-em-gel\/\",\"url\":\"https:\/\/shop.bazarcia.com\/produto\/matriz-de-bordado-esmaltes-manicure-em-gel\/\",\"name\":\"Matriz de Bordado Esmaltes Manicure em Gel - \ud835\udc1b\ud835\udc1a\ud835\udc33\ud835\udc1a\ud835\udc2b &amp; \ud835\udc1c\ud835\udc22\ud835\udc1a\",\"isPartOf\":{\"@id\":\"https:\/\/shop.bazarcia.com\/#website\"},\"primaryImageOfPage\":{\"@id\":\"https:\/\/shop.bazarcia.com\/produto\/matriz-de-bordado-esmaltes-manicure-em-gel\/#primaryimage\"},\"image\":{\"@id\":\"https:\/\/shop.bazarcia.com\/produto\/matriz-de-bordado-esmaltes-manicure-em-gel\/#primaryimage\"},\"thumbnailUrl\":\"https:\/\/shop.bazarcia.com\/wp-content\/uploads\/2026\/04\/Copia-de-esmalte-gel.png\",\"datePublished\":\"2026-04-20T17:47:14+00:00\",\"dateModified\":\"2026-04-25T18:27:59+00:00\",\"breadcrumb\":{\"@id\":\"https:\/\/shop.bazarcia.com\/produto\/matriz-de-bordado-esmaltes-manicure-em-gel\/#breadcrumb\"},\"inLanguage\":\"en-US\",\"potentialAction\":[{\"@type\":\"ReadAction\",\"target\":[\"https:\/\/shop.bazarcia.com\/produto\/matriz-de-bordado-esmaltes-manicure-em-gel\/\"]}]},{\"@type\":\"ImageObject\",\"inLanguage\":\"en-US\",\"@id\":\"https:\/\/shop.bazarcia.com\/produto\/matriz-de-bordado-esmaltes-manicure-em-gel\/#primaryimage\",\"url\":\"https:\/\/shop.bazarcia.com\/wp-content\/uploads\/2026\/04\/Copia-de-esmalte-gel.png\",\"contentUrl\":\"https:\/\/shop.bazarcia.com\/wp-content\/uploads\/2026\/04\/Copia-de-esmalte-gel.png\",\"width\":1080,\"height\":1080},{\"@type\":\"BreadcrumbList\",\"@id\":\"https:\/\/shop.bazarcia.com\/produto\/matriz-de-bordado-esmaltes-manicure-em-gel\/#breadcrumb\",\"itemListElement\":[{\"@type\":\"ListItem\",\"position\":1,\"name\":\"In\u00edcio\",\"item\":\"https:\/\/shop.bazarcia.com\/\"},{\"@type\":\"ListItem\",\"position\":2,\"name\":\"Loja\",\"item\":\"https:\/\/shop.bazarcia.com\/loja\/\"},{\"@type\":\"ListItem\",\"position\":3,\"name\":\"Matriz de Bordado Esmaltes Manicure em Gel\"}]},{\"@type\":\"WebSite\",\"@id\":\"https:\/\/shop.bazarcia.com\/#website\",\"url\":\"https:\/\/shop.bazarcia.com\/\",\"name\":\"Bazar & Cia\",\"description\":\"criatividade ponto a ponto\",\"publisher\":{\"@id\":\"https:\/\/shop.bazarcia.com\/#organization\"},\"potentialAction\":[{\"@type\":\"SearchAction\",\"target\":{\"@type\":\"EntryPoint\",\"urlTemplate\":\"https:\/\/shop.bazarcia.com\/?s={search_term_string}\"},\"query-input\":{\"@type\":\"PropertyValueSpecification\",\"valueRequired\":true,\"valueName\":\"search_term_string\"}}],\"inLanguage\":\"en-US\"},{\"@type\":\"Organization\",\"@id\":\"https:\/\/shop.bazarcia.com\/#organization\",\"name\":\"Bazar & Cia\",\"url\":\"https:\/\/shop.bazarcia.com\/\",\"logo\":{\"@type\":\"ImageObject\",\"inLanguage\":\"en-US\",\"@id\":\"https:\/\/shop.bazarcia.com\/#\/schema\/logo\/image\/\",\"url\":\"https:\/\/shop.bazarcia.com\/wp-content\/uploads\/2024\/02\/cropped-logo_bazarcia.png\",\"contentUrl\":\"https:\/\/shop.bazarcia.com\/wp-content\/uploads\/2024\/02\/cropped-logo_bazarcia.png\",\"width\":150,\"height\":150,\"caption\":\"Bazar & Cia\"},\"image\":{\"@id\":\"https:\/\/shop.bazarcia.com\/#\/schema\/logo\/image\/\"},\"sameAs\":[\"https:\/\/www.facebook.com\/shopbazarcia\",\"https:\/\/www.instagram.com\/shopbazarcia\",\"https:\/\/br.pinterest.com\/suzane_eloise\/\",\"https:\/\/www.youtube.com\/c\/BazardoBordadoMatrizeseProjetos\"]}]}<\/script>\n<!-- \/ Yoast SEO plugin. -->","yoast_head_json":{"title":"Matriz de Bordado Esmaltes Manicure em Gel - \ud835\udc1b\ud835\udc1a\ud835\udc33\ud835\udc1a\ud835\udc2b &amp; \ud835\udc1c\ud835\udc22\ud835\udc1a","robots":{"index":"index","follow":"follow","max-snippet":"max-snippet:-1","max-image-preview":"max-image-preview:large","max-video-preview":"max-video-preview:-1"},"canonical":"https:\/\/shop.bazarcia.com\/en\/product\/matriz-de-bordado-esmaltes-manicure-em-gel\/","og_locale":"en_US","og_type":"article","og_title":"Matriz de Bordado Esmaltes Manicure em Gel - \ud835\udc1b\ud835\udc1a\ud835\udc33\ud835\udc1a\ud835\udc2b &amp; \ud835\udc1c\ud835\udc22\ud835\udc1a","og_description":"A dupla perfeita para finalizar qualquer composi\u00e7\u00e3o com charme e delicadeza. Os frascos de gel e top coat trazem um visual moderno e feminino, ideal para pe\u00e7as que encantam nos detalhes. \ud83d\udc96\u2728  \u2728 Esta matriz faz parte da Cole\u00e7\u00e3o Manicure Gel\ud83d\udc96 Gostou? Conhe\u00e7a a cole\u00e7\u00e3o completa AQUI e encante ainda mais seus bordados!","og_url":"https:\/\/shop.bazarcia.com\/en\/product\/matriz-de-bordado-esmaltes-manicure-em-gel\/","og_site_name":"\ud835\udc1b\ud835\udc1a\ud835\udc33\ud835\udc1a\ud835\udc2b &amp; \ud835\udc1c\ud835\udc22\ud835\udc1a","article_publisher":"https:\/\/www.facebook.com\/shopbazarcia","article_modified_time":"2026-04-25T18:27:59+00:00","og_image":[{"width":1080,"height":1080,"url":"https:\/\/shop.bazarcia.com\/wp-content\/uploads\/2026\/04\/Copia-de-esmalte-gel.png","type":"image\/png"}],"twitter_card":"summary_large_image","schema":{"@context":"https:\/\/schema.org","@graph":[{"@type":"WebPage","@id":"https:\/\/shop.bazarcia.com\/produto\/matriz-de-bordado-esmaltes-manicure-em-gel\/","url":"https:\/\/shop.bazarcia.com\/produto\/matriz-de-bordado-esmaltes-manicure-em-gel\/","name":"Matriz de Bordado Esmaltes Manicure em Gel - \ud835\udc1b\ud835\udc1a\ud835\udc33\ud835\udc1a\ud835\udc2b &amp; \ud835\udc1c\ud835\udc22\ud835\udc1a","isPartOf":{"@id":"https:\/\/shop.bazarcia.com\/#website"},"primaryImageOfPage":{"@id":"https:\/\/shop.bazarcia.com\/produto\/matriz-de-bordado-esmaltes-manicure-em-gel\/#primaryimage"},"image":{"@id":"https:\/\/shop.bazarcia.com\/produto\/matriz-de-bordado-esmaltes-manicure-em-gel\/#primaryimage"},"thumbnailUrl":"https:\/\/shop.bazarcia.com\/wp-content\/uploads\/2026\/04\/Copia-de-esmalte-gel.png","datePublished":"2026-04-20T17:47:14+00:00","dateModified":"2026-04-25T18:27:59+00:00","breadcrumb":{"@id":"https:\/\/shop.bazarcia.com\/produto\/matriz-de-bordado-esmaltes-manicure-em-gel\/#breadcrumb"},"inLanguage":"en-US","potentialAction":[{"@type":"ReadAction","target":["https:\/\/shop.bazarcia.com\/produto\/matriz-de-bordado-esmaltes-manicure-em-gel\/"]}]},{"@type":"ImageObject","inLanguage":"en-US","@id":"https:\/\/shop.bazarcia.com\/produto\/matriz-de-bordado-esmaltes-manicure-em-gel\/#primaryimage","url":"https:\/\/shop.bazarcia.com\/wp-content\/uploads\/2026\/04\/Copia-de-esmalte-gel.png","contentUrl":"https:\/\/shop.bazarcia.com\/wp-content\/uploads\/2026\/04\/Copia-de-esmalte-gel.png","width":1080,"height":1080},{"@type":"BreadcrumbList","@id":"https:\/\/shop.bazarcia.com\/produto\/matriz-de-bordado-esmaltes-manicure-em-gel\/#breadcrumb","itemListElement":[{"@type":"ListItem","position":1,"name":"In\u00edcio","item":"https:\/\/shop.bazarcia.com\/"},{"@type":"ListItem","position":2,"name":"Loja","item":"https:\/\/shop.bazarcia.com\/loja\/"},{"@type":"ListItem","position":3,"name":"Matriz de Bordado Esmaltes Manicure em Gel"}]},{"@type":"WebSite","@id":"https:\/\/shop.bazarcia.com\/#website","url":"https:\/\/shop.bazarcia.com\/","name":"Bazar & Cia","description":"criatividade ponto a ponto","publisher":{"@id":"https:\/\/shop.bazarcia.com\/#organization"},"potentialAction":[{"@type":"SearchAction","target":{"@type":"EntryPoint","urlTemplate":"https:\/\/shop.bazarcia.com\/?s={search_term_string}"},"query-input":{"@type":"PropertyValueSpecification","valueRequired":true,"valueName":"search_term_string"}}],"inLanguage":"en-US"},{"@type":"Organization","@id":"https:\/\/shop.bazarcia.com\/#organization","name":"Bazar & Cia","url":"https:\/\/shop.bazarcia.com\/","logo":{"@type":"ImageObject","inLanguage":"en-US","@id":"https:\/\/shop.bazarcia.com\/#\/schema\/logo\/image\/","url":"https:\/\/shop.bazarcia.com\/wp-content\/uploads\/2024\/02\/cropped-logo_bazarcia.png","contentUrl":"https:\/\/shop.bazarcia.com\/wp-content\/uploads\/2024\/02\/cropped-logo_bazarcia.png","width":150,"height":150,"caption":"Bazar & Cia"},"image":{"@id":"https:\/\/shop.bazarcia.com\/#\/schema\/logo\/image\/"},"sameAs":["https:\/\/www.facebook.com\/shopbazarcia","https:\/\/www.instagram.com\/shopbazarcia","https:\/\/br.pinterest.com\/suzane_eloise\/","https:\/\/www.youtube.com\/c\/BazardoBordadoMatrizeseProjetos"]}]}},"_links":{"self":[{"href":"https:\/\/shop.bazarcia.com\/en\/wp-json\/wp\/v2\/product\/383797","targetHints":{"allow":["GET"]}}],"collection":[{"href":"https:\/\/shop.bazarcia.com\/en\/wp-json\/wp\/v2\/product"}],"about":[{"href":"https:\/\/shop.bazarcia.com\/en\/wp-json\/wp\/v2\/types\/product"}],"replies":[{"embeddable":true,"href":"https:\/\/shop.bazarcia.com\/en\/wp-json\/wp\/v2\/comments?post=383797"}],"version-history":[{"count":1,"href":"https:\/\/shop.bazarcia.com\/en\/wp-json\/wp\/v2\/product\/383797\/revisions"}],"predecessor-version":[{"id":383799,"href":"https:\/\/shop.bazarcia.com\/en\/wp-json\/wp\/v2\/product\/383797\/revisions\/383799"}],"wp:featuredmedia":[{"embeddable":true,"href":"https:\/\/shop.bazarcia.com\/en\/wp-json\/wp\/v2\/media\/383439"}],"wp:attachment":[{"href":"https:\/\/shop.bazarcia.com\/en\/wp-json\/wp\/v2\/media?parent=383797"}],"wp:term":[{"taxonomy":"product_brand","embeddable":true,"href":"https:\/\/shop.bazarcia.com\/en\/wp-json\/wp\/v2\/product_brand?post=383797"},{"taxonomy":"product_cat","embeddable":true,"href":"https:\/\/shop.bazarcia.com\/en\/wp-json\/wp\/v2\/product_cat?post=383797"},{"taxonomy":"product_tag","embeddable":true,"href":"https:\/\/shop.bazarcia.com\/en\/wp-json\/wp\/v2\/product_tag?post=383797"}],"curies":[{"name":"wp","href":"https:\/\/api.w.org\/{rel}","templated":true}]}}