{"id":383929,"date":"2026-04-21T16:01:37","date_gmt":"2026-04-21T19:01:37","guid":{"rendered":"https:\/\/shop.bazarcia.com\/?post_type=product&#038;p=383929"},"modified":"2026-04-21T16:55:38","modified_gmt":"2026-04-21T19:55:38","slug":"projeto-bordadeira-amor-de-mae","status":"publish","type":"product","link":"https:\/\/shop.bazarcia.com\/en\/product\/projeto-bordadeira-amor-de-mae\/","title":{"rendered":"Projeto Bordadeira Amor de M\u00e3e"},"content":{"rendered":"<p>\ud83c\udf38 3 em 1: Versatilidade e Lucro no Bastidor 13&#215;18! \ud83c\udf38<br \/>\nVoc\u00ea quer otimizar seu tempo e oferecer produtos que encantam? Com o nosso novo Projeto de Bordadeira, voc\u00ea adquire uma \u00fanica matriz e ganha TR\u00caS possibilidades de venda!<br \/>\n\u2728 O que voc\u00ea vai produzir:<br \/>\n\ud83d\udc84Porta-Batom \/ Chaveiro: Um mimo indispens\u00e1vel.<br \/>\n\ud83d\udc5dPorta-Documentos \/ Carteira: Praticidade com eleg\u00e2ncia.<br \/>\n\ud83d\udcb3Porta-Dinheiro: Ideal para o dia a dia.<\/p>\n<p>Porta-\u00d3culos: (B\u00f4nus!) Sim, com o mesmo projeto voc\u00ea cria uma pe\u00e7a estruturada e linda.<\/p>\n<p>\u2705 Informa\u00e7\u00f5es T\u00e9cnicas:<br \/>\nTamanho: Ideal para bastidores a partir de 13&#215;18.<\/p>\n<p>Execu\u00e7\u00e3o: Quase todo feito na bordadeira (ITH).<br \/>\nFinaliza\u00e7\u00e3o: Super simples! Pode ser finalizado com uma costura reta r\u00e1pida na m\u00e1quina ou at\u00e9 mesmo com cola espec\u00edfica para artesanato. Zero complica\u00e7\u00f5es!<br \/>\nIdeal para montar kits de Dia das M\u00e3es ou lembran\u00e7as personalizadas que vendem o ano todo.<br \/>\n\ud83d\ude80 Garanta j\u00e1 o seu projeto e comece a faturar agora!<\/p>\n<p>&nbsp;<\/p>\n<p>Formatos: PES, XXX, JEF, HUS, EXP, DST<\/p>","protected":false},"excerpt":{"rendered":"<p>voc\u00ea adquire uma \u00fanica matriz e ganha TR\u00caS possibilidades de venda!<br \/>\n\u2728 O que voc\u00ea vai produzir:<br \/>\n\ud83d\udc84Porta-Batom \/ Chaveiro: Um mimo indispens\u00e1vel.<br \/>\n\ud83d\udc5dPorta-Documentos \/ Carteira: Praticidade com eleg\u00e2ncia.<br \/>\n\ud83d\udcb3Porta-Dinheiro: Ideal para o dia a dia.<\/p>\n<p>Porta-\u00d3culos: (B\u00f4nus!) Sim, com o mesmo projeto voc\u00ea cria uma pe\u00e7a estruturada e linda.<\/p>\n<p>\u2705 Informa\u00e7\u00f5es T\u00e9cnicas:<br \/>\nTamanho: Ideal para bastidores a partir de 13&#215;18.<\/p>\n<p>Formatos: PES, XXX, JEF, HUS, EXP, DST<\/p>","protected":false},"featured_media":383930,"comment_status":"open","ping_status":"closed","template":"","meta":{"_acf_changed":false,"_joinchat":[]},"product_brand":[],"product_cat":[1726,98,1330],"product_tag":[1492,1524],"class_list":{"0":"post-383929","1":"product","2":"type-product","3":"status-publish","4":"has-post-thumbnail","6":"product_cat-projeto-dia-das-maes-na-bordadeira-ith","7":"product_cat-projetos-na-bordadeira-in-the-hoop-embroidery","8":"product_cat-projetos-para-datas-especiais","9":"product_tag-porta-cartoes","10":"product_tag-porta-documento-passaporte","12":"first","13":"instock","14":"sale","15":"downloadable","16":"virtual","17":"purchasable","18":"product-type-simple"},"acf":[],"yoast_head":"<!-- This site is optimized with the Yoast SEO plugin v27.2 - https:\/\/yoast.com\/product\/yoast-seo-wordpress\/ -->\n<title>Projeto Bordadeira Amor de M\u00e3e - \ud835\udc1b\ud835\udc1a\ud835\udc33\ud835\udc1a\ud835\udc2b &amp; \ud835\udc1c\ud835\udc22\ud835\udc1a<\/title>\n<meta name=\"robots\" content=\"index, follow, max-snippet:-1, max-image-preview:large, max-video-preview:-1\" \/>\n<link rel=\"canonical\" href=\"https:\/\/shop.bazarcia.com\/en\/product\/projeto-bordadeira-amor-de-mae\/\" \/>\n<meta property=\"og:locale\" content=\"en_US\" \/>\n<meta property=\"og:type\" content=\"article\" \/>\n<meta property=\"og:title\" content=\"Projeto Bordadeira Amor de M\u00e3e - \ud835\udc1b\ud835\udc1a\ud835\udc33\ud835\udc1a\ud835\udc2b &amp; \ud835\udc1c\ud835\udc22\ud835\udc1a\" \/>\n<meta property=\"og:description\" content=\"voc\u00ea adquire uma \u00fanica matriz e ganha TR\u00caS possibilidades de venda! \u2728 O que voc\u00ea vai produzir: \ud83d\udc84Porta-Batom \/ Chaveiro: Um mimo indispens\u00e1vel. \ud83d\udc5dPorta-Documentos \/ Carteira: Praticidade com eleg\u00e2ncia. \ud83d\udcb3Porta-Dinheiro: Ideal para o dia a dia.  Porta-\u00d3culos: (B\u00f4nus!) Sim, com o mesmo projeto voc\u00ea cria uma pe\u00e7a estruturada e linda.  \u2705 Informa\u00e7\u00f5es T\u00e9cnicas: Tamanho: Ideal para bastidores a partir de 13x18.  Formatos: PES, XXX, JEF, HUS, EXP, DST\" \/>\n<meta property=\"og:url\" content=\"https:\/\/shop.bazarcia.com\/en\/product\/projeto-bordadeira-amor-de-mae\/\" \/>\n<meta property=\"og:site_name\" content=\"\ud835\udc1b\ud835\udc1a\ud835\udc33\ud835\udc1a\ud835\udc2b &amp; \ud835\udc1c\ud835\udc22\ud835\udc1a\" \/>\n<meta property=\"article:publisher\" content=\"https:\/\/www.facebook.com\/shopbazarcia\" \/>\n<meta property=\"article:modified_time\" content=\"2026-04-21T19:55:38+00:00\" \/>\n<meta property=\"og:image\" content=\"https:\/\/shop.bazarcia.com\/wp-content\/uploads\/2026\/04\/moldura-mae-1080x1080-10.png\" \/>\n\t<meta property=\"og:image:width\" content=\"1080\" \/>\n\t<meta property=\"og:image:height\" content=\"1080\" \/>\n\t<meta property=\"og:image:type\" content=\"image\/png\" \/>\n<meta name=\"twitter:card\" content=\"summary_large_image\" \/>\n<meta name=\"twitter:label1\" content=\"Est. reading time\" \/>\n\t<meta name=\"twitter:data1\" content=\"1 minute\" \/>\n<script type=\"application\/ld+json\" class=\"yoast-schema-graph\">{\"@context\":\"https:\/\/schema.org\",\"@graph\":[{\"@type\":\"WebPage\",\"@id\":\"https:\/\/shop.bazarcia.com\/produto\/projeto-bordadeira-amor-de-mae\/\",\"url\":\"https:\/\/shop.bazarcia.com\/produto\/projeto-bordadeira-amor-de-mae\/\",\"name\":\"Projeto Bordadeira Amor de M\u00e3e - \ud835\udc1b\ud835\udc1a\ud835\udc33\ud835\udc1a\ud835\udc2b &amp; \ud835\udc1c\ud835\udc22\ud835\udc1a\",\"isPartOf\":{\"@id\":\"https:\/\/shop.bazarcia.com\/#website\"},\"primaryImageOfPage\":{\"@id\":\"https:\/\/shop.bazarcia.com\/produto\/projeto-bordadeira-amor-de-mae\/#primaryimage\"},\"image\":{\"@id\":\"https:\/\/shop.bazarcia.com\/produto\/projeto-bordadeira-amor-de-mae\/#primaryimage\"},\"thumbnailUrl\":\"https:\/\/shop.bazarcia.com\/wp-content\/uploads\/2026\/04\/moldura-mae-1080x1080-10.png\",\"datePublished\":\"2026-04-21T19:01:37+00:00\",\"dateModified\":\"2026-04-21T19:55:38+00:00\",\"breadcrumb\":{\"@id\":\"https:\/\/shop.bazarcia.com\/produto\/projeto-bordadeira-amor-de-mae\/#breadcrumb\"},\"inLanguage\":\"en-US\",\"potentialAction\":[{\"@type\":\"ReadAction\",\"target\":[\"https:\/\/shop.bazarcia.com\/produto\/projeto-bordadeira-amor-de-mae\/\"]}]},{\"@type\":\"ImageObject\",\"inLanguage\":\"en-US\",\"@id\":\"https:\/\/shop.bazarcia.com\/produto\/projeto-bordadeira-amor-de-mae\/#primaryimage\",\"url\":\"https:\/\/shop.bazarcia.com\/wp-content\/uploads\/2026\/04\/moldura-mae-1080x1080-10.png\",\"contentUrl\":\"https:\/\/shop.bazarcia.com\/wp-content\/uploads\/2026\/04\/moldura-mae-1080x1080-10.png\",\"width\":1080,\"height\":1080},{\"@type\":\"BreadcrumbList\",\"@id\":\"https:\/\/shop.bazarcia.com\/produto\/projeto-bordadeira-amor-de-mae\/#breadcrumb\",\"itemListElement\":[{\"@type\":\"ListItem\",\"position\":1,\"name\":\"In\u00edcio\",\"item\":\"https:\/\/shop.bazarcia.com\/\"},{\"@type\":\"ListItem\",\"position\":2,\"name\":\"Loja\",\"item\":\"https:\/\/shop.bazarcia.com\/loja\/\"},{\"@type\":\"ListItem\",\"position\":3,\"name\":\"Projeto Bordadeira Amor de M\u00e3e\"}]},{\"@type\":\"WebSite\",\"@id\":\"https:\/\/shop.bazarcia.com\/#website\",\"url\":\"https:\/\/shop.bazarcia.com\/\",\"name\":\"Bazar & Cia\",\"description\":\"criatividade ponto a ponto\",\"publisher\":{\"@id\":\"https:\/\/shop.bazarcia.com\/#organization\"},\"potentialAction\":[{\"@type\":\"SearchAction\",\"target\":{\"@type\":\"EntryPoint\",\"urlTemplate\":\"https:\/\/shop.bazarcia.com\/?s={search_term_string}\"},\"query-input\":{\"@type\":\"PropertyValueSpecification\",\"valueRequired\":true,\"valueName\":\"search_term_string\"}}],\"inLanguage\":\"en-US\"},{\"@type\":\"Organization\",\"@id\":\"https:\/\/shop.bazarcia.com\/#organization\",\"name\":\"Bazar & Cia\",\"url\":\"https:\/\/shop.bazarcia.com\/\",\"logo\":{\"@type\":\"ImageObject\",\"inLanguage\":\"en-US\",\"@id\":\"https:\/\/shop.bazarcia.com\/#\/schema\/logo\/image\/\",\"url\":\"https:\/\/shop.bazarcia.com\/wp-content\/uploads\/2024\/02\/cropped-logo_bazarcia.png\",\"contentUrl\":\"https:\/\/shop.bazarcia.com\/wp-content\/uploads\/2024\/02\/cropped-logo_bazarcia.png\",\"width\":150,\"height\":150,\"caption\":\"Bazar & Cia\"},\"image\":{\"@id\":\"https:\/\/shop.bazarcia.com\/#\/schema\/logo\/image\/\"},\"sameAs\":[\"https:\/\/www.facebook.com\/shopbazarcia\",\"https:\/\/www.instagram.com\/shopbazarcia\",\"https:\/\/br.pinterest.com\/suzane_eloise\/\",\"https:\/\/www.youtube.com\/c\/BazardoBordadoMatrizeseProjetos\"]}]}<\/script>\n<!-- \/ Yoast SEO plugin. -->","yoast_head_json":{"title":"Projeto Bordadeira Amor de M\u00e3e - \ud835\udc1b\ud835\udc1a\ud835\udc33\ud835\udc1a\ud835\udc2b &amp; \ud835\udc1c\ud835\udc22\ud835\udc1a","robots":{"index":"index","follow":"follow","max-snippet":"max-snippet:-1","max-image-preview":"max-image-preview:large","max-video-preview":"max-video-preview:-1"},"canonical":"https:\/\/shop.bazarcia.com\/en\/product\/projeto-bordadeira-amor-de-mae\/","og_locale":"en_US","og_type":"article","og_title":"Projeto Bordadeira Amor de M\u00e3e - \ud835\udc1b\ud835\udc1a\ud835\udc33\ud835\udc1a\ud835\udc2b &amp; \ud835\udc1c\ud835\udc22\ud835\udc1a","og_description":"voc\u00ea adquire uma \u00fanica matriz e ganha TR\u00caS possibilidades de venda! \u2728 O que voc\u00ea vai produzir: \ud83d\udc84Porta-Batom \/ Chaveiro: Um mimo indispens\u00e1vel. \ud83d\udc5dPorta-Documentos \/ Carteira: Praticidade com eleg\u00e2ncia. \ud83d\udcb3Porta-Dinheiro: Ideal para o dia a dia.  Porta-\u00d3culos: (B\u00f4nus!) Sim, com o mesmo projeto voc\u00ea cria uma pe\u00e7a estruturada e linda.  \u2705 Informa\u00e7\u00f5es T\u00e9cnicas: Tamanho: Ideal para bastidores a partir de 13x18.  Formatos: PES, XXX, JEF, HUS, EXP, DST","og_url":"https:\/\/shop.bazarcia.com\/en\/product\/projeto-bordadeira-amor-de-mae\/","og_site_name":"\ud835\udc1b\ud835\udc1a\ud835\udc33\ud835\udc1a\ud835\udc2b &amp; \ud835\udc1c\ud835\udc22\ud835\udc1a","article_publisher":"https:\/\/www.facebook.com\/shopbazarcia","article_modified_time":"2026-04-21T19:55:38+00:00","og_image":[{"width":1080,"height":1080,"url":"https:\/\/shop.bazarcia.com\/wp-content\/uploads\/2026\/04\/moldura-mae-1080x1080-10.png","type":"image\/png"}],"twitter_card":"summary_large_image","twitter_misc":{"Est. reading time":"1 minute"},"schema":{"@context":"https:\/\/schema.org","@graph":[{"@type":"WebPage","@id":"https:\/\/shop.bazarcia.com\/produto\/projeto-bordadeira-amor-de-mae\/","url":"https:\/\/shop.bazarcia.com\/produto\/projeto-bordadeira-amor-de-mae\/","name":"Projeto Bordadeira Amor de M\u00e3e - \ud835\udc1b\ud835\udc1a\ud835\udc33\ud835\udc1a\ud835\udc2b &amp; \ud835\udc1c\ud835\udc22\ud835\udc1a","isPartOf":{"@id":"https:\/\/shop.bazarcia.com\/#website"},"primaryImageOfPage":{"@id":"https:\/\/shop.bazarcia.com\/produto\/projeto-bordadeira-amor-de-mae\/#primaryimage"},"image":{"@id":"https:\/\/shop.bazarcia.com\/produto\/projeto-bordadeira-amor-de-mae\/#primaryimage"},"thumbnailUrl":"https:\/\/shop.bazarcia.com\/wp-content\/uploads\/2026\/04\/moldura-mae-1080x1080-10.png","datePublished":"2026-04-21T19:01:37+00:00","dateModified":"2026-04-21T19:55:38+00:00","breadcrumb":{"@id":"https:\/\/shop.bazarcia.com\/produto\/projeto-bordadeira-amor-de-mae\/#breadcrumb"},"inLanguage":"en-US","potentialAction":[{"@type":"ReadAction","target":["https:\/\/shop.bazarcia.com\/produto\/projeto-bordadeira-amor-de-mae\/"]}]},{"@type":"ImageObject","inLanguage":"en-US","@id":"https:\/\/shop.bazarcia.com\/produto\/projeto-bordadeira-amor-de-mae\/#primaryimage","url":"https:\/\/shop.bazarcia.com\/wp-content\/uploads\/2026\/04\/moldura-mae-1080x1080-10.png","contentUrl":"https:\/\/shop.bazarcia.com\/wp-content\/uploads\/2026\/04\/moldura-mae-1080x1080-10.png","width":1080,"height":1080},{"@type":"BreadcrumbList","@id":"https:\/\/shop.bazarcia.com\/produto\/projeto-bordadeira-amor-de-mae\/#breadcrumb","itemListElement":[{"@type":"ListItem","position":1,"name":"In\u00edcio","item":"https:\/\/shop.bazarcia.com\/"},{"@type":"ListItem","position":2,"name":"Loja","item":"https:\/\/shop.bazarcia.com\/loja\/"},{"@type":"ListItem","position":3,"name":"Projeto Bordadeira Amor de M\u00e3e"}]},{"@type":"WebSite","@id":"https:\/\/shop.bazarcia.com\/#website","url":"https:\/\/shop.bazarcia.com\/","name":"Bazar & Cia","description":"criatividade ponto a ponto","publisher":{"@id":"https:\/\/shop.bazarcia.com\/#organization"},"potentialAction":[{"@type":"SearchAction","target":{"@type":"EntryPoint","urlTemplate":"https:\/\/shop.bazarcia.com\/?s={search_term_string}"},"query-input":{"@type":"PropertyValueSpecification","valueRequired":true,"valueName":"search_term_string"}}],"inLanguage":"en-US"},{"@type":"Organization","@id":"https:\/\/shop.bazarcia.com\/#organization","name":"Bazar & Cia","url":"https:\/\/shop.bazarcia.com\/","logo":{"@type":"ImageObject","inLanguage":"en-US","@id":"https:\/\/shop.bazarcia.com\/#\/schema\/logo\/image\/","url":"https:\/\/shop.bazarcia.com\/wp-content\/uploads\/2024\/02\/cropped-logo_bazarcia.png","contentUrl":"https:\/\/shop.bazarcia.com\/wp-content\/uploads\/2024\/02\/cropped-logo_bazarcia.png","width":150,"height":150,"caption":"Bazar & Cia"},"image":{"@id":"https:\/\/shop.bazarcia.com\/#\/schema\/logo\/image\/"},"sameAs":["https:\/\/www.facebook.com\/shopbazarcia","https:\/\/www.instagram.com\/shopbazarcia","https:\/\/br.pinterest.com\/suzane_eloise\/","https:\/\/www.youtube.com\/c\/BazardoBordadoMatrizeseProjetos"]}]}},"_links":{"self":[{"href":"https:\/\/shop.bazarcia.com\/en\/wp-json\/wp\/v2\/product\/383929","targetHints":{"allow":["GET"]}}],"collection":[{"href":"https:\/\/shop.bazarcia.com\/en\/wp-json\/wp\/v2\/product"}],"about":[{"href":"https:\/\/shop.bazarcia.com\/en\/wp-json\/wp\/v2\/types\/product"}],"replies":[{"embeddable":true,"href":"https:\/\/shop.bazarcia.com\/en\/wp-json\/wp\/v2\/comments?post=383929"}],"version-history":[{"count":1,"href":"https:\/\/shop.bazarcia.com\/en\/wp-json\/wp\/v2\/product\/383929\/revisions"}],"predecessor-version":[{"id":383935,"href":"https:\/\/shop.bazarcia.com\/en\/wp-json\/wp\/v2\/product\/383929\/revisions\/383935"}],"wp:featuredmedia":[{"embeddable":true,"href":"https:\/\/shop.bazarcia.com\/en\/wp-json\/wp\/v2\/media\/383930"}],"wp:attachment":[{"href":"https:\/\/shop.bazarcia.com\/en\/wp-json\/wp\/v2\/media?parent=383929"}],"wp:term":[{"taxonomy":"product_brand","embeddable":true,"href":"https:\/\/shop.bazarcia.com\/en\/wp-json\/wp\/v2\/product_brand?post=383929"},{"taxonomy":"product_cat","embeddable":true,"href":"https:\/\/shop.bazarcia.com\/en\/wp-json\/wp\/v2\/product_cat?post=383929"},{"taxonomy":"product_tag","embeddable":true,"href":"https:\/\/shop.bazarcia.com\/en\/wp-json\/wp\/v2\/product_tag?post=383929"}],"curies":[{"name":"wp","href":"https:\/\/api.w.org\/{rel}","templated":true}]}}