{"id":384598,"date":"2026-04-28T19:53:22","date_gmt":"2026-04-28T22:53:22","guid":{"rendered":"https:\/\/shop.bazarcia.com\/?post_type=product&#038;p=384598"},"modified":"2026-04-28T20:05:57","modified_gmt":"2026-04-28T23:05:57","slug":"matriz-de-bordado-marcador-de-pagina-rosa","status":"publish","type":"product","link":"https:\/\/shop.bazarcia.com\/en\/product\/matriz-de-bordado-marcador-de-pagina-rosa\/","title":{"rendered":"Matriz de Bordado Marcador de P\u00e1gina Rosa"},"content":{"rendered":"<p>Adquira o projeto digital para criar este lindo marcador de p\u00e1gina diretamente na sua bordadeira.<\/p>\n<p>Um item pr\u00e1tico, lucrativo e com acabamento impec\u00e1vel.<br \/>\n\u200bTamanho do Bastidor: M\u00ednimo 13\u00d718.<\/p>\n<p>\u200bFormatos Dispon\u00edveis: (PES, JEF, DST, EXP, XXX, HUS).<\/p>\n<p>\u200bSugest\u00e3o de Materiais: Pode ser confeccionado em Organza (para um visual cl\u00e1ssico)\u00a0 Pl\u00e1stico traslucido, entretela ou entretela termo sol\u00favel<\/p>","protected":false},"excerpt":{"rendered":"<h1 class=\"product_title entry-title wd-entities-title\">Projeto Marcador de P\u00e1gina M\u00c3E<\/h1>\n<p class=\"price\"><del aria-hidden=\"true\"><span class=\"woocommerce-Price-amount amount\"><span class=\"woocommerce-Price-currencySymbol\">R$<\/span>19,90<\/span><\/del>\u00a0<span class=\"screen-reader-text\">O pre\u00e7o original era: R$19,90.<\/span><ins aria-hidden=\"true\"><span class=\"woocommerce-Price-amount amount\"><span class=\"woocommerce-Price-currencySymbol\">R$<\/span>15,90<\/span><\/ins><span class=\"screen-reader-text\">O pre\u00e7o atual \u00e9: R$15,90.<\/span><\/p>\n<div class=\"woocommerce-product-details__short-description\">\n<p>Adquira o projeto digital para criar este lindo marcador de p\u00e1gina diretamente na sua bordadeira.<\/p>\n<p>Um item pr\u00e1tico, lucrativo e com acabamento impec\u00e1vel.<br \/>\n\u200bTamanho do Bastidor: M\u00ednimo 13\u00d718.<\/p>\n<p>\u200bFormatos Dispon\u00edveis: (PES, JEF, DST, EXP, XXX, HUS).<\/p>\n<p>\u200bSugest\u00e3o de Materiais: Pode ser confeccionado em Organza (para um visual cl\u00e1ssico)\u00a0 Pl\u00e1stico traslucido, entretela ou entretela termo sol\u00favel<\/p>\n<\/div>","protected":false},"featured_media":384599,"comment_status":"open","ping_status":"closed","template":"","meta":{"_acf_changed":false,"_joinchat":[]},"product_brand":[],"product_cat":[176,98],"product_tag":[1432],"class_list":{"0":"post-384598","1":"product","2":"type-product","3":"status-publish","4":"has-post-thumbnail","6":"product_cat-projeto-marcadores-de-paginas-na-bordadeira","7":"product_cat-projetos-na-bordadeira-in-the-hoop-embroidery","8":"product_tag-matrizes-de-bordado","10":"first","11":"instock","12":"downloadable","13":"virtual","14":"purchasable","15":"product-type-simple"},"acf":[],"yoast_head":"<!-- This site is optimized with the Yoast SEO plugin v27.2 - https:\/\/yoast.com\/product\/yoast-seo-wordpress\/ -->\n<title>Matriz de Bordado Marcador de P\u00e1gina Rosa - \ud835\udc1b\ud835\udc1a\ud835\udc33\ud835\udc1a\ud835\udc2b &amp; \ud835\udc1c\ud835\udc22\ud835\udc1a<\/title>\n<meta name=\"robots\" content=\"index, follow, max-snippet:-1, max-image-preview:large, max-video-preview:-1\" \/>\n<link rel=\"canonical\" href=\"https:\/\/shop.bazarcia.com\/en\/product\/matriz-de-bordado-marcador-de-pagina-rosa\/\" \/>\n<meta property=\"og:locale\" content=\"en_US\" \/>\n<meta property=\"og:type\" content=\"article\" \/>\n<meta property=\"og:title\" content=\"Matriz de Bordado Marcador de P\u00e1gina Rosa - \ud835\udc1b\ud835\udc1a\ud835\udc33\ud835\udc1a\ud835\udc2b &amp; \ud835\udc1c\ud835\udc22\ud835\udc1a\" \/>\n<meta property=\"og:description\" content=\"Projeto Marcador de P\u00e1gina M\u00c3E R$19,90\u00a0O pre\u00e7o original era: R$19,90.R$15,90O pre\u00e7o atual \u00e9: R$15,90.    Adquira o projeto digital para criar este lindo marcador de p\u00e1gina diretamente na sua bordadeira.  Um item pr\u00e1tico, lucrativo e com acabamento impec\u00e1vel. \u200bTamanho do Bastidor: M\u00ednimo 13\u00d718.  \u200bFormatos Dispon\u00edveis: (PES, JEF, DST, EXP, XXX, HUS).  \u200bSugest\u00e3o de Materiais: Pode ser confeccionado em Organza (para um visual cl\u00e1ssico)\u00a0 Pl\u00e1stico traslucido, entretela ou entretela termo sol\u00favel\" \/>\n<meta property=\"og:url\" content=\"https:\/\/shop.bazarcia.com\/en\/product\/matriz-de-bordado-marcador-de-pagina-rosa\/\" \/>\n<meta property=\"og:site_name\" content=\"\ud835\udc1b\ud835\udc1a\ud835\udc33\ud835\udc1a\ud835\udc2b &amp; \ud835\udc1c\ud835\udc22\ud835\udc1a\" \/>\n<meta property=\"article:publisher\" content=\"https:\/\/www.facebook.com\/shopbazarcia\" \/>\n<meta property=\"article:modified_time\" content=\"2026-04-28T23:05:57+00:00\" \/>\n<meta property=\"og:image\" content=\"https:\/\/shop.bazarcia.com\/wp-content\/uploads\/2026\/04\/marcador-pagina-mae-1080x1080-4.png\" \/>\n\t<meta property=\"og:image:width\" content=\"1080\" \/>\n\t<meta property=\"og:image:height\" content=\"1080\" \/>\n\t<meta property=\"og:image:type\" content=\"image\/png\" \/>\n<meta name=\"twitter:card\" content=\"summary_large_image\" \/>\n<script type=\"application\/ld+json\" class=\"yoast-schema-graph\">{\"@context\":\"https:\/\/schema.org\",\"@graph\":[{\"@type\":\"WebPage\",\"@id\":\"https:\/\/shop.bazarcia.com\/produto\/matriz-de-bordado-marcador-de-pagina-rosa\/\",\"url\":\"https:\/\/shop.bazarcia.com\/produto\/matriz-de-bordado-marcador-de-pagina-rosa\/\",\"name\":\"Matriz de Bordado Marcador de P\u00e1gina Rosa - \ud835\udc1b\ud835\udc1a\ud835\udc33\ud835\udc1a\ud835\udc2b &amp; \ud835\udc1c\ud835\udc22\ud835\udc1a\",\"isPartOf\":{\"@id\":\"https:\/\/shop.bazarcia.com\/#website\"},\"primaryImageOfPage\":{\"@id\":\"https:\/\/shop.bazarcia.com\/produto\/matriz-de-bordado-marcador-de-pagina-rosa\/#primaryimage\"},\"image\":{\"@id\":\"https:\/\/shop.bazarcia.com\/produto\/matriz-de-bordado-marcador-de-pagina-rosa\/#primaryimage\"},\"thumbnailUrl\":\"https:\/\/shop.bazarcia.com\/wp-content\/uploads\/2026\/04\/marcador-pagina-mae-1080x1080-4.png\",\"datePublished\":\"2026-04-28T22:53:22+00:00\",\"dateModified\":\"2026-04-28T23:05:57+00:00\",\"breadcrumb\":{\"@id\":\"https:\/\/shop.bazarcia.com\/produto\/matriz-de-bordado-marcador-de-pagina-rosa\/#breadcrumb\"},\"inLanguage\":\"en-US\",\"potentialAction\":[{\"@type\":\"ReadAction\",\"target\":[\"https:\/\/shop.bazarcia.com\/produto\/matriz-de-bordado-marcador-de-pagina-rosa\/\"]}]},{\"@type\":\"ImageObject\",\"inLanguage\":\"en-US\",\"@id\":\"https:\/\/shop.bazarcia.com\/produto\/matriz-de-bordado-marcador-de-pagina-rosa\/#primaryimage\",\"url\":\"https:\/\/shop.bazarcia.com\/wp-content\/uploads\/2026\/04\/marcador-pagina-mae-1080x1080-4.png\",\"contentUrl\":\"https:\/\/shop.bazarcia.com\/wp-content\/uploads\/2026\/04\/marcador-pagina-mae-1080x1080-4.png\",\"width\":1080,\"height\":1080},{\"@type\":\"BreadcrumbList\",\"@id\":\"https:\/\/shop.bazarcia.com\/produto\/matriz-de-bordado-marcador-de-pagina-rosa\/#breadcrumb\",\"itemListElement\":[{\"@type\":\"ListItem\",\"position\":1,\"name\":\"In\u00edcio\",\"item\":\"https:\/\/shop.bazarcia.com\/\"},{\"@type\":\"ListItem\",\"position\":2,\"name\":\"Loja\",\"item\":\"https:\/\/shop.bazarcia.com\/loja\/\"},{\"@type\":\"ListItem\",\"position\":3,\"name\":\"Matriz de Bordado Marcador de P\u00e1gina Rosa\"}]},{\"@type\":\"WebSite\",\"@id\":\"https:\/\/shop.bazarcia.com\/#website\",\"url\":\"https:\/\/shop.bazarcia.com\/\",\"name\":\"Bazar & Cia\",\"description\":\"criatividade ponto a ponto\",\"publisher\":{\"@id\":\"https:\/\/shop.bazarcia.com\/#organization\"},\"potentialAction\":[{\"@type\":\"SearchAction\",\"target\":{\"@type\":\"EntryPoint\",\"urlTemplate\":\"https:\/\/shop.bazarcia.com\/?s={search_term_string}\"},\"query-input\":{\"@type\":\"PropertyValueSpecification\",\"valueRequired\":true,\"valueName\":\"search_term_string\"}}],\"inLanguage\":\"en-US\"},{\"@type\":\"Organization\",\"@id\":\"https:\/\/shop.bazarcia.com\/#organization\",\"name\":\"Bazar & Cia\",\"url\":\"https:\/\/shop.bazarcia.com\/\",\"logo\":{\"@type\":\"ImageObject\",\"inLanguage\":\"en-US\",\"@id\":\"https:\/\/shop.bazarcia.com\/#\/schema\/logo\/image\/\",\"url\":\"https:\/\/shop.bazarcia.com\/wp-content\/uploads\/2024\/02\/cropped-logo_bazarcia.png\",\"contentUrl\":\"https:\/\/shop.bazarcia.com\/wp-content\/uploads\/2024\/02\/cropped-logo_bazarcia.png\",\"width\":150,\"height\":150,\"caption\":\"Bazar & Cia\"},\"image\":{\"@id\":\"https:\/\/shop.bazarcia.com\/#\/schema\/logo\/image\/\"},\"sameAs\":[\"https:\/\/www.facebook.com\/shopbazarcia\",\"https:\/\/www.instagram.com\/shopbazarcia\",\"https:\/\/br.pinterest.com\/suzane_eloise\/\",\"https:\/\/www.youtube.com\/c\/BazardoBordadoMatrizeseProjetos\"]}]}<\/script>\n<!-- \/ Yoast SEO plugin. -->","yoast_head_json":{"title":"Matriz de Bordado Marcador de P\u00e1gina Rosa - \ud835\udc1b\ud835\udc1a\ud835\udc33\ud835\udc1a\ud835\udc2b &amp; \ud835\udc1c\ud835\udc22\ud835\udc1a","robots":{"index":"index","follow":"follow","max-snippet":"max-snippet:-1","max-image-preview":"max-image-preview:large","max-video-preview":"max-video-preview:-1"},"canonical":"https:\/\/shop.bazarcia.com\/en\/product\/matriz-de-bordado-marcador-de-pagina-rosa\/","og_locale":"en_US","og_type":"article","og_title":"Matriz de Bordado Marcador de P\u00e1gina Rosa - \ud835\udc1b\ud835\udc1a\ud835\udc33\ud835\udc1a\ud835\udc2b &amp; \ud835\udc1c\ud835\udc22\ud835\udc1a","og_description":"Projeto Marcador de P\u00e1gina M\u00c3E R$19,90\u00a0O pre\u00e7o original era: R$19,90.R$15,90O pre\u00e7o atual \u00e9: R$15,90.    Adquira o projeto digital para criar este lindo marcador de p\u00e1gina diretamente na sua bordadeira.  Um item pr\u00e1tico, lucrativo e com acabamento impec\u00e1vel. \u200bTamanho do Bastidor: M\u00ednimo 13\u00d718.  \u200bFormatos Dispon\u00edveis: (PES, JEF, DST, EXP, XXX, HUS).  \u200bSugest\u00e3o de Materiais: Pode ser confeccionado em Organza (para um visual cl\u00e1ssico)\u00a0 Pl\u00e1stico traslucido, entretela ou entretela termo sol\u00favel","og_url":"https:\/\/shop.bazarcia.com\/en\/product\/matriz-de-bordado-marcador-de-pagina-rosa\/","og_site_name":"\ud835\udc1b\ud835\udc1a\ud835\udc33\ud835\udc1a\ud835\udc2b &amp; \ud835\udc1c\ud835\udc22\ud835\udc1a","article_publisher":"https:\/\/www.facebook.com\/shopbazarcia","article_modified_time":"2026-04-28T23:05:57+00:00","og_image":[{"width":1080,"height":1080,"url":"https:\/\/shop.bazarcia.com\/wp-content\/uploads\/2026\/04\/marcador-pagina-mae-1080x1080-4.png","type":"image\/png"}],"twitter_card":"summary_large_image","schema":{"@context":"https:\/\/schema.org","@graph":[{"@type":"WebPage","@id":"https:\/\/shop.bazarcia.com\/produto\/matriz-de-bordado-marcador-de-pagina-rosa\/","url":"https:\/\/shop.bazarcia.com\/produto\/matriz-de-bordado-marcador-de-pagina-rosa\/","name":"Matriz de Bordado Marcador de P\u00e1gina Rosa - \ud835\udc1b\ud835\udc1a\ud835\udc33\ud835\udc1a\ud835\udc2b &amp; \ud835\udc1c\ud835\udc22\ud835\udc1a","isPartOf":{"@id":"https:\/\/shop.bazarcia.com\/#website"},"primaryImageOfPage":{"@id":"https:\/\/shop.bazarcia.com\/produto\/matriz-de-bordado-marcador-de-pagina-rosa\/#primaryimage"},"image":{"@id":"https:\/\/shop.bazarcia.com\/produto\/matriz-de-bordado-marcador-de-pagina-rosa\/#primaryimage"},"thumbnailUrl":"https:\/\/shop.bazarcia.com\/wp-content\/uploads\/2026\/04\/marcador-pagina-mae-1080x1080-4.png","datePublished":"2026-04-28T22:53:22+00:00","dateModified":"2026-04-28T23:05:57+00:00","breadcrumb":{"@id":"https:\/\/shop.bazarcia.com\/produto\/matriz-de-bordado-marcador-de-pagina-rosa\/#breadcrumb"},"inLanguage":"en-US","potentialAction":[{"@type":"ReadAction","target":["https:\/\/shop.bazarcia.com\/produto\/matriz-de-bordado-marcador-de-pagina-rosa\/"]}]},{"@type":"ImageObject","inLanguage":"en-US","@id":"https:\/\/shop.bazarcia.com\/produto\/matriz-de-bordado-marcador-de-pagina-rosa\/#primaryimage","url":"https:\/\/shop.bazarcia.com\/wp-content\/uploads\/2026\/04\/marcador-pagina-mae-1080x1080-4.png","contentUrl":"https:\/\/shop.bazarcia.com\/wp-content\/uploads\/2026\/04\/marcador-pagina-mae-1080x1080-4.png","width":1080,"height":1080},{"@type":"BreadcrumbList","@id":"https:\/\/shop.bazarcia.com\/produto\/matriz-de-bordado-marcador-de-pagina-rosa\/#breadcrumb","itemListElement":[{"@type":"ListItem","position":1,"name":"In\u00edcio","item":"https:\/\/shop.bazarcia.com\/"},{"@type":"ListItem","position":2,"name":"Loja","item":"https:\/\/shop.bazarcia.com\/loja\/"},{"@type":"ListItem","position":3,"name":"Matriz de Bordado Marcador de P\u00e1gina Rosa"}]},{"@type":"WebSite","@id":"https:\/\/shop.bazarcia.com\/#website","url":"https:\/\/shop.bazarcia.com\/","name":"Bazar & Cia","description":"criatividade ponto a ponto","publisher":{"@id":"https:\/\/shop.bazarcia.com\/#organization"},"potentialAction":[{"@type":"SearchAction","target":{"@type":"EntryPoint","urlTemplate":"https:\/\/shop.bazarcia.com\/?s={search_term_string}"},"query-input":{"@type":"PropertyValueSpecification","valueRequired":true,"valueName":"search_term_string"}}],"inLanguage":"en-US"},{"@type":"Organization","@id":"https:\/\/shop.bazarcia.com\/#organization","name":"Bazar & Cia","url":"https:\/\/shop.bazarcia.com\/","logo":{"@type":"ImageObject","inLanguage":"en-US","@id":"https:\/\/shop.bazarcia.com\/#\/schema\/logo\/image\/","url":"https:\/\/shop.bazarcia.com\/wp-content\/uploads\/2024\/02\/cropped-logo_bazarcia.png","contentUrl":"https:\/\/shop.bazarcia.com\/wp-content\/uploads\/2024\/02\/cropped-logo_bazarcia.png","width":150,"height":150,"caption":"Bazar & Cia"},"image":{"@id":"https:\/\/shop.bazarcia.com\/#\/schema\/logo\/image\/"},"sameAs":["https:\/\/www.facebook.com\/shopbazarcia","https:\/\/www.instagram.com\/shopbazarcia","https:\/\/br.pinterest.com\/suzane_eloise\/","https:\/\/www.youtube.com\/c\/BazardoBordadoMatrizeseProjetos"]}]}},"_links":{"self":[{"href":"https:\/\/shop.bazarcia.com\/en\/wp-json\/wp\/v2\/product\/384598","targetHints":{"allow":["GET"]}}],"collection":[{"href":"https:\/\/shop.bazarcia.com\/en\/wp-json\/wp\/v2\/product"}],"about":[{"href":"https:\/\/shop.bazarcia.com\/en\/wp-json\/wp\/v2\/types\/product"}],"replies":[{"embeddable":true,"href":"https:\/\/shop.bazarcia.com\/en\/wp-json\/wp\/v2\/comments?post=384598"}],"version-history":[{"count":1,"href":"https:\/\/shop.bazarcia.com\/en\/wp-json\/wp\/v2\/product\/384598\/revisions"}],"predecessor-version":[{"id":384602,"href":"https:\/\/shop.bazarcia.com\/en\/wp-json\/wp\/v2\/product\/384598\/revisions\/384602"}],"wp:featuredmedia":[{"embeddable":true,"href":"https:\/\/shop.bazarcia.com\/en\/wp-json\/wp\/v2\/media\/384599"}],"wp:attachment":[{"href":"https:\/\/shop.bazarcia.com\/en\/wp-json\/wp\/v2\/media?parent=384598"}],"wp:term":[{"taxonomy":"product_brand","embeddable":true,"href":"https:\/\/shop.bazarcia.com\/en\/wp-json\/wp\/v2\/product_brand?post=384598"},{"taxonomy":"product_cat","embeddable":true,"href":"https:\/\/shop.bazarcia.com\/en\/wp-json\/wp\/v2\/product_cat?post=384598"},{"taxonomy":"product_tag","embeddable":true,"href":"https:\/\/shop.bazarcia.com\/en\/wp-json\/wp\/v2\/product_tag?post=384598"}],"curies":[{"name":"wp","href":"https:\/\/api.w.org\/{rel}","templated":true}]}}