{"id":40531,"date":"2020-07-23T17:37:58","date_gmt":"2020-07-23T20:37:58","guid":{"rendered":"https:\/\/shop.bazarcia.com\/?post_type=product&#038;p=40531"},"modified":"2023-07-04T19:09:49","modified_gmt":"2023-07-04T22:09:49","slug":"kit-lixeira-para-carro-papai-2-com-10-modelos-matriz-de-bordado-copia","status":"publish","type":"product","link":"https:\/\/shop.bazarcia.com\/en\/product\/kit-lixeira-para-carro-papai-2-com-10-modelos-matriz-de-bordado-copia\/","title":{"rendered":"Matriz de Bordado &#8211; Kit Lixeira para Carro Papai 3 com 10 Modelos"},"content":{"rendered":"<p>Modelo: PRO0014\/ Modelo: PRO0014-1\/ Modelo: PRO0014-2\/ Modelo: PRO0014-3\/ Modelo: PRO0014-4\/ Modelo: PRO0014-5\/ Modelo: PRO0014-6\/ Modelo: PRO0014-7\/ Modelo: PRO0014-8\/ Modelo: PRO0014-9\/ Modelo: PRO0014-10<\/p>\n<p>Os arquivos cont\u00e9m os seguintes formatos:<\/p>\n<p>DST * EXP * HUS * VP3 * XXX * PCS * PES* JEF<\/p>","protected":false},"excerpt":{"rendered":"<p><span style=\"font-weight: bold; color: #666666; font-family: Quicksand, sans-serif; font-size: 12px;\">1 LIXEIRA:<\/span><span style=\"color: #666666; font-family: Quicksand, sans-serif; font-size: 12px;\">\u00a015.80 cm\u00a0<\/span><span style=\"font-weight: bold; color: #666666; font-family: Quicksand, sans-serif; font-size: 12px;\">largura<\/span><span style=\"color: #666666; font-family: Quicksand, sans-serif; font-size: 12px;\">\u00a0&#8211; 24.10 cm\u00a0<\/span><span style=\"font-weight: bold; color: #666666; font-family: Quicksand, sans-serif; font-size: 12px;\">altura<\/span><span style=\"color: #666666; font-family: Quicksand, sans-serif; font-size: 12px;\">\u00a0<\/span><br style=\"color: #666666; font-family: Quicksand, sans-serif; font-size: 12px;\" \/><span style=\"font-weight: bold; color: #666666; font-family: Quicksand, sans-serif; font-size: 12px;\">10 ARQUIVO FRONTAL:<\/span><span style=\"color: #666666; font-family: Quicksand, sans-serif; font-size: 12px;\">\u00a015.80 cm\u00a0<\/span><span style=\"font-weight: bold; color: #666666; font-family: Quicksand, sans-serif; font-size: 12px;\">largura<\/span><span style=\"color: #666666; font-family: Quicksand, sans-serif; font-size: 12px;\">\u00a0&#8211; 19.50 cm\u00a0<\/span><span style=\"font-weight: bold; color: #666666; font-family: Quicksand, sans-serif; font-size: 12px;\">altura<\/span><span style=\"color: #666666; font-family: Quicksand, sans-serif; font-size: 12px;\">\u00a0<\/span><\/p>\n<p>VEJA O PASSO A PASSO DE COMO FAZER SUA LIXEIRA:<br \/>\n<a style=\"color: #23a1d1; font-family: Quicksand, sans-serif; font-size: 12px;\" href=\"https:\/\/www.youtube.com\/watch?v=XY-5nRs3Ycc\" target=\"_blank\" rel=\"noopener noreferrer\">https:\/\/www.youtube.com\/watch?v=XY-5nRs3Ycc<\/a><\/p>\n<p>===== ATEN\u00c7\u00c3O ESTE \u00c9 UM ARQUIVO DIGITAL, N\u00c3O \u00c9 UM PRODUTO PRONTO ====<br \/>\n\u00c9 necess\u00e1rio ter uma m\u00e1quina de bordar para usar esse arquivo.<\/p>","protected":false},"featured_media":40544,"comment_status":"open","ping_status":"closed","template":"","meta":{"_acf_changed":false,"_joinchat":[]},"product_brand":[],"product_cat":[145,84,1400,1442,1330],"product_tag":[1090],"class_list":{"0":"post-40531","1":"product","2":"type-product","3":"status-publish","4":"has-post-thumbnail","6":"product_cat-dia-dos-pais","7":"product_cat-matrizes-de-bordado","8":"product_cat-projetos-bastidor-20x28","9":"product_cat-projetos-para-bastidores-20x30-ith","10":"product_cat-projetos-para-datas-especiais","11":"product_tag-maquina-de-bordar","13":"first","14":"instock","15":"downloadable","16":"virtual","17":"purchasable","18":"product-type-simple"},"acf":[],"yoast_head":"<!-- This site is optimized with the Yoast SEO plugin v27.2 - https:\/\/yoast.com\/product\/yoast-seo-wordpress\/ -->\n<title>Matriz de Bordado - Kit Lixeira para Carro Papai 3 com 10 Modelos - \ud835\udc1b\ud835\udc1a\ud835\udc33\ud835\udc1a\ud835\udc2b &amp; \ud835\udc1c\ud835\udc22\ud835\udc1a<\/title>\n<meta name=\"robots\" content=\"index, follow, max-snippet:-1, max-image-preview:large, max-video-preview:-1\" \/>\n<link rel=\"canonical\" href=\"https:\/\/shop.bazarcia.com\/en\/product\/kit-lixeira-para-carro-papai-2-com-10-modelos-matriz-de-bordado-copia\/\" \/>\n<meta property=\"og:locale\" content=\"en_US\" \/>\n<meta property=\"og:type\" content=\"article\" \/>\n<meta property=\"og:title\" content=\"Matriz de Bordado - Kit Lixeira para Carro Papai 3 com 10 Modelos - \ud835\udc1b\ud835\udc1a\ud835\udc33\ud835\udc1a\ud835\udc2b &amp; \ud835\udc1c\ud835\udc22\ud835\udc1a\" \/>\n<meta property=\"og:description\" content=\"1 LIXEIRA:\u00a015.80 cm\u00a0largura\u00a0- 24.10 cm\u00a0altura\u00a010 ARQUIVO FRONTAL:\u00a015.80 cm\u00a0largura\u00a0- 19.50 cm\u00a0altura\u00a0  VEJA O PASSO A PASSO DE COMO FAZER SUA LIXEIRA: https:\/\/www.youtube.com\/watch?v=XY-5nRs3Ycc  ===== ATEN\u00c7\u00c3O ESTE \u00c9 UM ARQUIVO DIGITAL, N\u00c3O \u00c9 UM PRODUTO PRONTO ==== \u00c9 necess\u00e1rio ter uma m\u00e1quina de bordar para usar esse arquivo.\" \/>\n<meta property=\"og:url\" content=\"https:\/\/shop.bazarcia.com\/en\/product\/kit-lixeira-para-carro-papai-2-com-10-modelos-matriz-de-bordado-copia\/\" \/>\n<meta property=\"og:site_name\" content=\"\ud835\udc1b\ud835\udc1a\ud835\udc33\ud835\udc1a\ud835\udc2b &amp; \ud835\udc1c\ud835\udc22\ud835\udc1a\" \/>\n<meta property=\"article:publisher\" content=\"https:\/\/www.facebook.com\/shopbazarcia\" \/>\n<meta property=\"article:modified_time\" content=\"2023-07-04T22:09:49+00:00\" \/>\n<meta property=\"og:image\" content=\"https:\/\/shop.bazarcia.com\/wp-content\/uploads\/2020\/07\/6-1.jpg\" \/>\n\t<meta property=\"og:image:width\" content=\"400\" \/>\n\t<meta property=\"og:image:height\" content=\"400\" \/>\n\t<meta property=\"og:image:type\" content=\"image\/jpeg\" \/>\n<meta name=\"twitter:card\" content=\"summary_large_image\" \/>\n<script type=\"application\/ld+json\" class=\"yoast-schema-graph\">{\"@context\":\"https:\/\/schema.org\",\"@graph\":[{\"@type\":\"WebPage\",\"@id\":\"https:\/\/shop.bazarcia.com\/produto\/kit-lixeira-para-carro-papai-2-com-10-modelos-matriz-de-bordado-copia\/\",\"url\":\"https:\/\/shop.bazarcia.com\/produto\/kit-lixeira-para-carro-papai-2-com-10-modelos-matriz-de-bordado-copia\/\",\"name\":\"Matriz de Bordado - Kit Lixeira para Carro Papai 3 com 10 Modelos - \ud835\udc1b\ud835\udc1a\ud835\udc33\ud835\udc1a\ud835\udc2b &amp; \ud835\udc1c\ud835\udc22\ud835\udc1a\",\"isPartOf\":{\"@id\":\"https:\/\/shop.bazarcia.com\/#website\"},\"primaryImageOfPage\":{\"@id\":\"https:\/\/shop.bazarcia.com\/produto\/kit-lixeira-para-carro-papai-2-com-10-modelos-matriz-de-bordado-copia\/#primaryimage\"},\"image\":{\"@id\":\"https:\/\/shop.bazarcia.com\/produto\/kit-lixeira-para-carro-papai-2-com-10-modelos-matriz-de-bordado-copia\/#primaryimage\"},\"thumbnailUrl\":\"https:\/\/shop.bazarcia.com\/wp-content\/uploads\/2020\/07\/6-1.jpg\",\"datePublished\":\"2020-07-23T20:37:58+00:00\",\"dateModified\":\"2023-07-04T22:09:49+00:00\",\"breadcrumb\":{\"@id\":\"https:\/\/shop.bazarcia.com\/produto\/kit-lixeira-para-carro-papai-2-com-10-modelos-matriz-de-bordado-copia\/#breadcrumb\"},\"inLanguage\":\"en-US\",\"potentialAction\":[{\"@type\":\"ReadAction\",\"target\":[\"https:\/\/shop.bazarcia.com\/produto\/kit-lixeira-para-carro-papai-2-com-10-modelos-matriz-de-bordado-copia\/\"]}]},{\"@type\":\"ImageObject\",\"inLanguage\":\"en-US\",\"@id\":\"https:\/\/shop.bazarcia.com\/produto\/kit-lixeira-para-carro-papai-2-com-10-modelos-matriz-de-bordado-copia\/#primaryimage\",\"url\":\"https:\/\/shop.bazarcia.com\/wp-content\/uploads\/2020\/07\/6-1.jpg\",\"contentUrl\":\"https:\/\/shop.bazarcia.com\/wp-content\/uploads\/2020\/07\/6-1.jpg\",\"width\":400,\"height\":400},{\"@type\":\"BreadcrumbList\",\"@id\":\"https:\/\/shop.bazarcia.com\/produto\/kit-lixeira-para-carro-papai-2-com-10-modelos-matriz-de-bordado-copia\/#breadcrumb\",\"itemListElement\":[{\"@type\":\"ListItem\",\"position\":1,\"name\":\"In\u00edcio\",\"item\":\"https:\/\/shop.bazarcia.com\/\"},{\"@type\":\"ListItem\",\"position\":2,\"name\":\"Loja\",\"item\":\"https:\/\/shop.bazarcia.com\/loja\/\"},{\"@type\":\"ListItem\",\"position\":3,\"name\":\"Matriz de Bordado &#8211; Kit Lixeira para Carro Papai 3 com 10 Modelos\"}]},{\"@type\":\"WebSite\",\"@id\":\"https:\/\/shop.bazarcia.com\/#website\",\"url\":\"https:\/\/shop.bazarcia.com\/\",\"name\":\"Bazar & Cia\",\"description\":\"criatividade ponto a ponto\",\"publisher\":{\"@id\":\"https:\/\/shop.bazarcia.com\/#organization\"},\"potentialAction\":[{\"@type\":\"SearchAction\",\"target\":{\"@type\":\"EntryPoint\",\"urlTemplate\":\"https:\/\/shop.bazarcia.com\/?s={search_term_string}\"},\"query-input\":{\"@type\":\"PropertyValueSpecification\",\"valueRequired\":true,\"valueName\":\"search_term_string\"}}],\"inLanguage\":\"en-US\"},{\"@type\":\"Organization\",\"@id\":\"https:\/\/shop.bazarcia.com\/#organization\",\"name\":\"Bazar & Cia\",\"url\":\"https:\/\/shop.bazarcia.com\/\",\"logo\":{\"@type\":\"ImageObject\",\"inLanguage\":\"en-US\",\"@id\":\"https:\/\/shop.bazarcia.com\/#\/schema\/logo\/image\/\",\"url\":\"https:\/\/shop.bazarcia.com\/wp-content\/uploads\/2024\/02\/cropped-logo_bazarcia.png\",\"contentUrl\":\"https:\/\/shop.bazarcia.com\/wp-content\/uploads\/2024\/02\/cropped-logo_bazarcia.png\",\"width\":150,\"height\":150,\"caption\":\"Bazar & Cia\"},\"image\":{\"@id\":\"https:\/\/shop.bazarcia.com\/#\/schema\/logo\/image\/\"},\"sameAs\":[\"https:\/\/www.facebook.com\/shopbazarcia\",\"https:\/\/www.instagram.com\/shopbazarcia\",\"https:\/\/br.pinterest.com\/suzane_eloise\/\",\"https:\/\/www.youtube.com\/c\/BazardoBordadoMatrizeseProjetos\"]}]}<\/script>\n<!-- \/ Yoast SEO plugin. -->","yoast_head_json":{"title":"Matriz de Bordado - Kit Lixeira para Carro Papai 3 com 10 Modelos - \ud835\udc1b\ud835\udc1a\ud835\udc33\ud835\udc1a\ud835\udc2b &amp; \ud835\udc1c\ud835\udc22\ud835\udc1a","robots":{"index":"index","follow":"follow","max-snippet":"max-snippet:-1","max-image-preview":"max-image-preview:large","max-video-preview":"max-video-preview:-1"},"canonical":"https:\/\/shop.bazarcia.com\/en\/product\/kit-lixeira-para-carro-papai-2-com-10-modelos-matriz-de-bordado-copia\/","og_locale":"en_US","og_type":"article","og_title":"Matriz de Bordado - Kit Lixeira para Carro Papai 3 com 10 Modelos - \ud835\udc1b\ud835\udc1a\ud835\udc33\ud835\udc1a\ud835\udc2b &amp; \ud835\udc1c\ud835\udc22\ud835\udc1a","og_description":"1 LIXEIRA:\u00a015.80 cm\u00a0largura\u00a0- 24.10 cm\u00a0altura\u00a010 ARQUIVO FRONTAL:\u00a015.80 cm\u00a0largura\u00a0- 19.50 cm\u00a0altura\u00a0  VEJA O PASSO A PASSO DE COMO FAZER SUA LIXEIRA: https:\/\/www.youtube.com\/watch?v=XY-5nRs3Ycc  ===== ATEN\u00c7\u00c3O ESTE \u00c9 UM ARQUIVO DIGITAL, N\u00c3O \u00c9 UM PRODUTO PRONTO ==== \u00c9 necess\u00e1rio ter uma m\u00e1quina de bordar para usar esse arquivo.","og_url":"https:\/\/shop.bazarcia.com\/en\/product\/kit-lixeira-para-carro-papai-2-com-10-modelos-matriz-de-bordado-copia\/","og_site_name":"\ud835\udc1b\ud835\udc1a\ud835\udc33\ud835\udc1a\ud835\udc2b &amp; \ud835\udc1c\ud835\udc22\ud835\udc1a","article_publisher":"https:\/\/www.facebook.com\/shopbazarcia","article_modified_time":"2023-07-04T22:09:49+00:00","og_image":[{"width":400,"height":400,"url":"https:\/\/shop.bazarcia.com\/wp-content\/uploads\/2020\/07\/6-1.jpg","type":"image\/jpeg"}],"twitter_card":"summary_large_image","schema":{"@context":"https:\/\/schema.org","@graph":[{"@type":"WebPage","@id":"https:\/\/shop.bazarcia.com\/produto\/kit-lixeira-para-carro-papai-2-com-10-modelos-matriz-de-bordado-copia\/","url":"https:\/\/shop.bazarcia.com\/produto\/kit-lixeira-para-carro-papai-2-com-10-modelos-matriz-de-bordado-copia\/","name":"Matriz de Bordado - Kit Lixeira para Carro Papai 3 com 10 Modelos - \ud835\udc1b\ud835\udc1a\ud835\udc33\ud835\udc1a\ud835\udc2b &amp; \ud835\udc1c\ud835\udc22\ud835\udc1a","isPartOf":{"@id":"https:\/\/shop.bazarcia.com\/#website"},"primaryImageOfPage":{"@id":"https:\/\/shop.bazarcia.com\/produto\/kit-lixeira-para-carro-papai-2-com-10-modelos-matriz-de-bordado-copia\/#primaryimage"},"image":{"@id":"https:\/\/shop.bazarcia.com\/produto\/kit-lixeira-para-carro-papai-2-com-10-modelos-matriz-de-bordado-copia\/#primaryimage"},"thumbnailUrl":"https:\/\/shop.bazarcia.com\/wp-content\/uploads\/2020\/07\/6-1.jpg","datePublished":"2020-07-23T20:37:58+00:00","dateModified":"2023-07-04T22:09:49+00:00","breadcrumb":{"@id":"https:\/\/shop.bazarcia.com\/produto\/kit-lixeira-para-carro-papai-2-com-10-modelos-matriz-de-bordado-copia\/#breadcrumb"},"inLanguage":"en-US","potentialAction":[{"@type":"ReadAction","target":["https:\/\/shop.bazarcia.com\/produto\/kit-lixeira-para-carro-papai-2-com-10-modelos-matriz-de-bordado-copia\/"]}]},{"@type":"ImageObject","inLanguage":"en-US","@id":"https:\/\/shop.bazarcia.com\/produto\/kit-lixeira-para-carro-papai-2-com-10-modelos-matriz-de-bordado-copia\/#primaryimage","url":"https:\/\/shop.bazarcia.com\/wp-content\/uploads\/2020\/07\/6-1.jpg","contentUrl":"https:\/\/shop.bazarcia.com\/wp-content\/uploads\/2020\/07\/6-1.jpg","width":400,"height":400},{"@type":"BreadcrumbList","@id":"https:\/\/shop.bazarcia.com\/produto\/kit-lixeira-para-carro-papai-2-com-10-modelos-matriz-de-bordado-copia\/#breadcrumb","itemListElement":[{"@type":"ListItem","position":1,"name":"In\u00edcio","item":"https:\/\/shop.bazarcia.com\/"},{"@type":"ListItem","position":2,"name":"Loja","item":"https:\/\/shop.bazarcia.com\/loja\/"},{"@type":"ListItem","position":3,"name":"Matriz de Bordado &#8211; Kit Lixeira para Carro Papai 3 com 10 Modelos"}]},{"@type":"WebSite","@id":"https:\/\/shop.bazarcia.com\/#website","url":"https:\/\/shop.bazarcia.com\/","name":"Bazar & Cia","description":"criatividade ponto a ponto","publisher":{"@id":"https:\/\/shop.bazarcia.com\/#organization"},"potentialAction":[{"@type":"SearchAction","target":{"@type":"EntryPoint","urlTemplate":"https:\/\/shop.bazarcia.com\/?s={search_term_string}"},"query-input":{"@type":"PropertyValueSpecification","valueRequired":true,"valueName":"search_term_string"}}],"inLanguage":"en-US"},{"@type":"Organization","@id":"https:\/\/shop.bazarcia.com\/#organization","name":"Bazar & Cia","url":"https:\/\/shop.bazarcia.com\/","logo":{"@type":"ImageObject","inLanguage":"en-US","@id":"https:\/\/shop.bazarcia.com\/#\/schema\/logo\/image\/","url":"https:\/\/shop.bazarcia.com\/wp-content\/uploads\/2024\/02\/cropped-logo_bazarcia.png","contentUrl":"https:\/\/shop.bazarcia.com\/wp-content\/uploads\/2024\/02\/cropped-logo_bazarcia.png","width":150,"height":150,"caption":"Bazar & Cia"},"image":{"@id":"https:\/\/shop.bazarcia.com\/#\/schema\/logo\/image\/"},"sameAs":["https:\/\/www.facebook.com\/shopbazarcia","https:\/\/www.instagram.com\/shopbazarcia","https:\/\/br.pinterest.com\/suzane_eloise\/","https:\/\/www.youtube.com\/c\/BazardoBordadoMatrizeseProjetos"]}]}},"_links":{"self":[{"href":"https:\/\/shop.bazarcia.com\/en\/wp-json\/wp\/v2\/product\/40531","targetHints":{"allow":["GET"]}}],"collection":[{"href":"https:\/\/shop.bazarcia.com\/en\/wp-json\/wp\/v2\/product"}],"about":[{"href":"https:\/\/shop.bazarcia.com\/en\/wp-json\/wp\/v2\/types\/product"}],"replies":[{"embeddable":true,"href":"https:\/\/shop.bazarcia.com\/en\/wp-json\/wp\/v2\/comments?post=40531"}],"version-history":[{"count":1,"href":"https:\/\/shop.bazarcia.com\/en\/wp-json\/wp\/v2\/product\/40531\/revisions"}],"predecessor-version":[{"id":237518,"href":"https:\/\/shop.bazarcia.com\/en\/wp-json\/wp\/v2\/product\/40531\/revisions\/237518"}],"wp:featuredmedia":[{"embeddable":true,"href":"https:\/\/shop.bazarcia.com\/en\/wp-json\/wp\/v2\/media\/40544"}],"wp:attachment":[{"href":"https:\/\/shop.bazarcia.com\/en\/wp-json\/wp\/v2\/media?parent=40531"}],"wp:term":[{"taxonomy":"product_brand","embeddable":true,"href":"https:\/\/shop.bazarcia.com\/en\/wp-json\/wp\/v2\/product_brand?post=40531"},{"taxonomy":"product_cat","embeddable":true,"href":"https:\/\/shop.bazarcia.com\/en\/wp-json\/wp\/v2\/product_cat?post=40531"},{"taxonomy":"product_tag","embeddable":true,"href":"https:\/\/shop.bazarcia.com\/en\/wp-json\/wp\/v2\/product_tag?post=40531"}],"curies":[{"name":"wp","href":"https:\/\/api.w.org\/{rel}","templated":true}]}}