{"id":41216,"date":"2020-07-28T01:05:25","date_gmt":"2020-07-28T04:05:25","guid":{"rendered":"https:\/\/shop.bazarcia.com\/produto\/kit-lixeirinhas-porta-mascaras-22-modelos-matriz-de-bordado\/"},"modified":"2021-03-03T21:18:34","modified_gmt":"2021-03-04T00:18:34","slug":"kit-lixeirinhas-porta-mascaras-22-modelos-matriz-de-bordado","status":"publish","type":"product","link":"https:\/\/shop.bazarcia.com\/en\/product\/kit-lixeirinhas-porta-mascaras-22-modelos-matriz-de-bordado\/","title":{"rendered":"Matriz de Bordado &#8211; Kit Lixeirinhas Porta M\u00e1scaras 22 Modelos"},"content":{"rendered":"<p><span style=\"font-weight: bold;color: #787878;font-family: Quicksand, sans-serif;font-size: 13.2px;text-align: justify\">Modelo:<\/span><span style=\"color: #787878;font-family: Quicksand, sans-serif;font-size: 13.2px;text-align: justify\">\u00a0PRO0008\/\u00a0<\/span><span style=\"color: #787878;font-family: Quicksand, sans-serif;font-size: 13.2px;text-align: justify\">PRO0008-1\/ <\/span><span style=\"color: #787878;font-family: Quicksand, sans-serif;font-size: 13.2px;text-align: justify\">PRO0008-2\/\u00a0<\/span><span style=\"color: #787878;font-family: Quicksand, sans-serif;font-size: 13.2px;text-align: justify\">PRO0008-3\/\u00a0<\/span><span style=\"color: #787878;font-family: Quicksand, sans-serif;font-size: 13.2px;text-align: justify\">PRO0008-4\/\u00a0<\/span><span style=\"color: #787878;font-family: Quicksand, sans-serif;font-size: 13.2px;text-align: justify\">PRO0008-5\/\u00a0<\/span><span style=\"color: #787878;font-family: Quicksand, sans-serif;font-size: 13.2px;text-align: justify\">PRO0008-6\/\u00a0<\/span><span style=\"color: #787878;font-family: Quicksand, sans-serif;font-size: 13.2px;text-align: justify\">PRO0008-7\/\u00a0<\/span><span style=\"color: #787878;font-family: Quicksand, sans-serif;font-size: 13.2px;text-align: justify\">PRO0008-8\/\u00a0<\/span><span style=\"color: #787878;font-family: Quicksand, sans-serif;font-size: 13.2px;text-align: justify\">PRO0008-9\/\u00a0<\/span><span style=\"color: #787878;font-family: Quicksand, sans-serif;font-size: 13.2px;text-align: justify\">PRO0008-10\/\u00a0<\/span><span style=\"color: #787878;font-family: Quicksand, sans-serif;font-size: 13.2px;text-align: justify\">PRO0008-11\/\u00a0<\/span><span style=\"color: #787878;font-family: Quicksand, sans-serif;font-size: 13.2px;text-align: justify\">PRO0008-12\/\u00a0<\/span><span style=\"color: #787878;font-family: Quicksand, sans-serif;font-size: 13.2px;text-align: justify\">PRO0008-13\/\u00a0<\/span><span style=\"color: #787878;font-family: Quicksand, sans-serif;font-size: 13.2px;text-align: justify\">PRO0008-14\/\u00a0<\/span><span style=\"color: #787878;font-family: Quicksand, sans-serif;font-size: 13.2px;text-align: justify\">PRO0008-15\/\u00a0<\/span><span style=\"color: #787878;font-family: Quicksand, sans-serif;font-size: 13.2px;text-align: justify\">PRO0008-16\/\u00a0<\/span><span style=\"color: #787878;font-family: Quicksand, sans-serif;font-size: 13.2px;text-align: justify\">PRO0008-17\/\u00a0<\/span><span style=\"color: #787878;font-family: Quicksand, sans-serif;font-size: 13.2px;text-align: justify\">PRO0008-18\/\u00a0<\/span><span style=\"color: #787878;font-family: Quicksand, sans-serif;font-size: 13.2px;text-align: justify\">PRO0008-19\/\u00a0<\/span><span style=\"color: #787878;font-family: Quicksand, sans-serif;font-size: 13.2px;text-align: justify\">PRO0008-20\/\u00a0<\/span><span style=\"color: #787878;font-family: Quicksand, sans-serif;font-size: 13.2px;text-align: justify\">PRO0008-21\/\u00a0<\/span><span style=\"color: #787878;font-family: Quicksand, sans-serif;font-size: 13.2px;text-align: justify\">PRO0008-22<\/span><\/p>\n<p>Os arquivos cont\u00e9m os seguintes formatos:<\/p>\n<p>DST * EXP * HUS * VP3 * XXX * PCS * PES*<\/p>","protected":false},"excerpt":{"rendered":"<p>1 sacola completa: 19.90 cm largura &#8211; 29.90 cm altura<br \/>\n22 arquivos frontais: 19.90 cm largura &#8211; 22.90 cm altura<\/p>\n<p>VEJA O PASSO A PASSO DE COMO FAZER SUA LIXEIRA:<br \/>\nhttps:\/\/www.youtube.com\/watch?v=XY-5nRs3Ycc<\/p>\n<p>===== ATEN\u00c7\u00c3O ESTE \u00c9 UM ARQUIVO DIGITAL, N\u00c3O \u00c9 UM PRODUTO PRONTO ====<br \/>\n\u00c9 necess\u00e1rio ter uma m\u00e1quina de bordar para usar esse arquivo.<\/p>","protected":false},"featured_media":41192,"comment_status":"open","ping_status":"closed","template":"","meta":{"_acf_changed":false,"_joinchat":[]},"product_brand":[],"product_cat":[146,84,1442],"product_tag":[1090],"class_list":{"0":"post-41216","1":"product","2":"type-product","3":"status-publish","4":"has-post-thumbnail","6":"product_cat-projeto-lixeirinhas-para-carro-na-bordadeira","7":"product_cat-matrizes-de-bordado","8":"product_cat-projetos-para-bastidores-20x30-ith","9":"product_tag-maquina-de-bordar","11":"first","12":"instock","13":"downloadable","14":"virtual","15":"purchasable","16":"product-type-simple"},"acf":[],"yoast_head":"<!-- This site is optimized with the Yoast SEO plugin v27.2 - https:\/\/yoast.com\/product\/yoast-seo-wordpress\/ -->\n<title>Matriz de Bordado - Kit Lixeirinhas Porta M\u00e1scaras 22 Modelos - \ud835\udc1b\ud835\udc1a\ud835\udc33\ud835\udc1a\ud835\udc2b &amp; \ud835\udc1c\ud835\udc22\ud835\udc1a<\/title>\n<meta name=\"robots\" content=\"index, follow, max-snippet:-1, max-image-preview:large, max-video-preview:-1\" \/>\n<link rel=\"canonical\" href=\"https:\/\/shop.bazarcia.com\/en\/product\/kit-lixeirinhas-porta-mascaras-22-modelos-matriz-de-bordado\/\" \/>\n<meta property=\"og:locale\" content=\"en_US\" \/>\n<meta property=\"og:type\" content=\"article\" \/>\n<meta property=\"og:title\" content=\"Matriz de Bordado - Kit Lixeirinhas Porta M\u00e1scaras 22 Modelos - \ud835\udc1b\ud835\udc1a\ud835\udc33\ud835\udc1a\ud835\udc2b &amp; \ud835\udc1c\ud835\udc22\ud835\udc1a\" \/>\n<meta property=\"og:description\" content=\"1 sacola completa: 19.90 cm largura - 29.90 cm altura 22 arquivos frontais: 19.90 cm largura - 22.90 cm altura  VEJA O PASSO A PASSO DE COMO FAZER SUA LIXEIRA: https:\/\/www.youtube.com\/watch?v=XY-5nRs3Ycc  ===== ATEN\u00c7\u00c3O ESTE \u00c9 UM ARQUIVO DIGITAL, N\u00c3O \u00c9 UM PRODUTO PRONTO ==== \u00c9 necess\u00e1rio ter uma m\u00e1quina de bordar para usar esse arquivo.\" \/>\n<meta property=\"og:url\" content=\"https:\/\/shop.bazarcia.com\/en\/product\/kit-lixeirinhas-porta-mascaras-22-modelos-matriz-de-bordado\/\" \/>\n<meta property=\"og:site_name\" content=\"\ud835\udc1b\ud835\udc1a\ud835\udc33\ud835\udc1a\ud835\udc2b &amp; \ud835\udc1c\ud835\udc22\ud835\udc1a\" \/>\n<meta property=\"article:publisher\" content=\"https:\/\/www.facebook.com\/shopbazarcia\" \/>\n<meta property=\"article:modified_time\" content=\"2021-03-04T00:18:34+00:00\" \/>\n<meta property=\"og:image\" content=\"https:\/\/shop.bazarcia.com\/wp-content\/uploads\/2020\/07\/PRO0008.jpg\" \/>\n\t<meta property=\"og:image:width\" content=\"600\" \/>\n\t<meta property=\"og:image:height\" content=\"600\" \/>\n\t<meta property=\"og:image:type\" content=\"image\/jpeg\" \/>\n<meta name=\"twitter:card\" content=\"summary_large_image\" \/>\n<script type=\"application\/ld+json\" class=\"yoast-schema-graph\">{\"@context\":\"https:\/\/schema.org\",\"@graph\":[{\"@type\":\"WebPage\",\"@id\":\"https:\/\/shop.bazarcia.com\/produto\/kit-lixeirinhas-porta-mascaras-22-modelos-matriz-de-bordado\/\",\"url\":\"https:\/\/shop.bazarcia.com\/produto\/kit-lixeirinhas-porta-mascaras-22-modelos-matriz-de-bordado\/\",\"name\":\"Matriz de Bordado - Kit Lixeirinhas Porta M\u00e1scaras 22 Modelos - \ud835\udc1b\ud835\udc1a\ud835\udc33\ud835\udc1a\ud835\udc2b &amp; \ud835\udc1c\ud835\udc22\ud835\udc1a\",\"isPartOf\":{\"@id\":\"https:\/\/shop.bazarcia.com\/#website\"},\"primaryImageOfPage\":{\"@id\":\"https:\/\/shop.bazarcia.com\/produto\/kit-lixeirinhas-porta-mascaras-22-modelos-matriz-de-bordado\/#primaryimage\"},\"image\":{\"@id\":\"https:\/\/shop.bazarcia.com\/produto\/kit-lixeirinhas-porta-mascaras-22-modelos-matriz-de-bordado\/#primaryimage\"},\"thumbnailUrl\":\"https:\/\/shop.bazarcia.com\/wp-content\/uploads\/2020\/07\/PRO0008.jpg\",\"datePublished\":\"2020-07-28T04:05:25+00:00\",\"dateModified\":\"2021-03-04T00:18:34+00:00\",\"breadcrumb\":{\"@id\":\"https:\/\/shop.bazarcia.com\/produto\/kit-lixeirinhas-porta-mascaras-22-modelos-matriz-de-bordado\/#breadcrumb\"},\"inLanguage\":\"en-US\",\"potentialAction\":[{\"@type\":\"ReadAction\",\"target\":[\"https:\/\/shop.bazarcia.com\/produto\/kit-lixeirinhas-porta-mascaras-22-modelos-matriz-de-bordado\/\"]}]},{\"@type\":\"ImageObject\",\"inLanguage\":\"en-US\",\"@id\":\"https:\/\/shop.bazarcia.com\/produto\/kit-lixeirinhas-porta-mascaras-22-modelos-matriz-de-bordado\/#primaryimage\",\"url\":\"https:\/\/shop.bazarcia.com\/wp-content\/uploads\/2020\/07\/PRO0008.jpg\",\"contentUrl\":\"https:\/\/shop.bazarcia.com\/wp-content\/uploads\/2020\/07\/PRO0008.jpg\",\"width\":600,\"height\":600},{\"@type\":\"BreadcrumbList\",\"@id\":\"https:\/\/shop.bazarcia.com\/produto\/kit-lixeirinhas-porta-mascaras-22-modelos-matriz-de-bordado\/#breadcrumb\",\"itemListElement\":[{\"@type\":\"ListItem\",\"position\":1,\"name\":\"In\u00edcio\",\"item\":\"https:\/\/shop.bazarcia.com\/\"},{\"@type\":\"ListItem\",\"position\":2,\"name\":\"Loja\",\"item\":\"https:\/\/shop.bazarcia.com\/loja\/\"},{\"@type\":\"ListItem\",\"position\":3,\"name\":\"Matriz de Bordado &#8211; Kit Lixeirinhas Porta M\u00e1scaras 22 Modelos\"}]},{\"@type\":\"WebSite\",\"@id\":\"https:\/\/shop.bazarcia.com\/#website\",\"url\":\"https:\/\/shop.bazarcia.com\/\",\"name\":\"Bazar & Cia\",\"description\":\"criatividade ponto a ponto\",\"publisher\":{\"@id\":\"https:\/\/shop.bazarcia.com\/#organization\"},\"potentialAction\":[{\"@type\":\"SearchAction\",\"target\":{\"@type\":\"EntryPoint\",\"urlTemplate\":\"https:\/\/shop.bazarcia.com\/?s={search_term_string}\"},\"query-input\":{\"@type\":\"PropertyValueSpecification\",\"valueRequired\":true,\"valueName\":\"search_term_string\"}}],\"inLanguage\":\"en-US\"},{\"@type\":\"Organization\",\"@id\":\"https:\/\/shop.bazarcia.com\/#organization\",\"name\":\"Bazar & Cia\",\"url\":\"https:\/\/shop.bazarcia.com\/\",\"logo\":{\"@type\":\"ImageObject\",\"inLanguage\":\"en-US\",\"@id\":\"https:\/\/shop.bazarcia.com\/#\/schema\/logo\/image\/\",\"url\":\"https:\/\/shop.bazarcia.com\/wp-content\/uploads\/2024\/02\/cropped-logo_bazarcia.png\",\"contentUrl\":\"https:\/\/shop.bazarcia.com\/wp-content\/uploads\/2024\/02\/cropped-logo_bazarcia.png\",\"width\":150,\"height\":150,\"caption\":\"Bazar & Cia\"},\"image\":{\"@id\":\"https:\/\/shop.bazarcia.com\/#\/schema\/logo\/image\/\"},\"sameAs\":[\"https:\/\/www.facebook.com\/shopbazarcia\",\"https:\/\/www.instagram.com\/shopbazarcia\",\"https:\/\/br.pinterest.com\/suzane_eloise\/\",\"https:\/\/www.youtube.com\/c\/BazardoBordadoMatrizeseProjetos\"]}]}<\/script>\n<!-- \/ Yoast SEO plugin. -->","yoast_head_json":{"title":"Matriz de Bordado - Kit Lixeirinhas Porta M\u00e1scaras 22 Modelos - \ud835\udc1b\ud835\udc1a\ud835\udc33\ud835\udc1a\ud835\udc2b &amp; \ud835\udc1c\ud835\udc22\ud835\udc1a","robots":{"index":"index","follow":"follow","max-snippet":"max-snippet:-1","max-image-preview":"max-image-preview:large","max-video-preview":"max-video-preview:-1"},"canonical":"https:\/\/shop.bazarcia.com\/en\/product\/kit-lixeirinhas-porta-mascaras-22-modelos-matriz-de-bordado\/","og_locale":"en_US","og_type":"article","og_title":"Matriz de Bordado - Kit Lixeirinhas Porta M\u00e1scaras 22 Modelos - \ud835\udc1b\ud835\udc1a\ud835\udc33\ud835\udc1a\ud835\udc2b &amp; \ud835\udc1c\ud835\udc22\ud835\udc1a","og_description":"1 sacola completa: 19.90 cm largura - 29.90 cm altura 22 arquivos frontais: 19.90 cm largura - 22.90 cm altura  VEJA O PASSO A PASSO DE COMO FAZER SUA LIXEIRA: https:\/\/www.youtube.com\/watch?v=XY-5nRs3Ycc  ===== ATEN\u00c7\u00c3O ESTE \u00c9 UM ARQUIVO DIGITAL, N\u00c3O \u00c9 UM PRODUTO PRONTO ==== \u00c9 necess\u00e1rio ter uma m\u00e1quina de bordar para usar esse arquivo.","og_url":"https:\/\/shop.bazarcia.com\/en\/product\/kit-lixeirinhas-porta-mascaras-22-modelos-matriz-de-bordado\/","og_site_name":"\ud835\udc1b\ud835\udc1a\ud835\udc33\ud835\udc1a\ud835\udc2b &amp; \ud835\udc1c\ud835\udc22\ud835\udc1a","article_publisher":"https:\/\/www.facebook.com\/shopbazarcia","article_modified_time":"2021-03-04T00:18:34+00:00","og_image":[{"width":600,"height":600,"url":"https:\/\/shop.bazarcia.com\/wp-content\/uploads\/2020\/07\/PRO0008.jpg","type":"image\/jpeg"}],"twitter_card":"summary_large_image","schema":{"@context":"https:\/\/schema.org","@graph":[{"@type":"WebPage","@id":"https:\/\/shop.bazarcia.com\/produto\/kit-lixeirinhas-porta-mascaras-22-modelos-matriz-de-bordado\/","url":"https:\/\/shop.bazarcia.com\/produto\/kit-lixeirinhas-porta-mascaras-22-modelos-matriz-de-bordado\/","name":"Matriz de Bordado - Kit Lixeirinhas Porta M\u00e1scaras 22 Modelos - \ud835\udc1b\ud835\udc1a\ud835\udc33\ud835\udc1a\ud835\udc2b &amp; \ud835\udc1c\ud835\udc22\ud835\udc1a","isPartOf":{"@id":"https:\/\/shop.bazarcia.com\/#website"},"primaryImageOfPage":{"@id":"https:\/\/shop.bazarcia.com\/produto\/kit-lixeirinhas-porta-mascaras-22-modelos-matriz-de-bordado\/#primaryimage"},"image":{"@id":"https:\/\/shop.bazarcia.com\/produto\/kit-lixeirinhas-porta-mascaras-22-modelos-matriz-de-bordado\/#primaryimage"},"thumbnailUrl":"https:\/\/shop.bazarcia.com\/wp-content\/uploads\/2020\/07\/PRO0008.jpg","datePublished":"2020-07-28T04:05:25+00:00","dateModified":"2021-03-04T00:18:34+00:00","breadcrumb":{"@id":"https:\/\/shop.bazarcia.com\/produto\/kit-lixeirinhas-porta-mascaras-22-modelos-matriz-de-bordado\/#breadcrumb"},"inLanguage":"en-US","potentialAction":[{"@type":"ReadAction","target":["https:\/\/shop.bazarcia.com\/produto\/kit-lixeirinhas-porta-mascaras-22-modelos-matriz-de-bordado\/"]}]},{"@type":"ImageObject","inLanguage":"en-US","@id":"https:\/\/shop.bazarcia.com\/produto\/kit-lixeirinhas-porta-mascaras-22-modelos-matriz-de-bordado\/#primaryimage","url":"https:\/\/shop.bazarcia.com\/wp-content\/uploads\/2020\/07\/PRO0008.jpg","contentUrl":"https:\/\/shop.bazarcia.com\/wp-content\/uploads\/2020\/07\/PRO0008.jpg","width":600,"height":600},{"@type":"BreadcrumbList","@id":"https:\/\/shop.bazarcia.com\/produto\/kit-lixeirinhas-porta-mascaras-22-modelos-matriz-de-bordado\/#breadcrumb","itemListElement":[{"@type":"ListItem","position":1,"name":"In\u00edcio","item":"https:\/\/shop.bazarcia.com\/"},{"@type":"ListItem","position":2,"name":"Loja","item":"https:\/\/shop.bazarcia.com\/loja\/"},{"@type":"ListItem","position":3,"name":"Matriz de Bordado &#8211; Kit Lixeirinhas Porta M\u00e1scaras 22 Modelos"}]},{"@type":"WebSite","@id":"https:\/\/shop.bazarcia.com\/#website","url":"https:\/\/shop.bazarcia.com\/","name":"Bazar & Cia","description":"criatividade ponto a ponto","publisher":{"@id":"https:\/\/shop.bazarcia.com\/#organization"},"potentialAction":[{"@type":"SearchAction","target":{"@type":"EntryPoint","urlTemplate":"https:\/\/shop.bazarcia.com\/?s={search_term_string}"},"query-input":{"@type":"PropertyValueSpecification","valueRequired":true,"valueName":"search_term_string"}}],"inLanguage":"en-US"},{"@type":"Organization","@id":"https:\/\/shop.bazarcia.com\/#organization","name":"Bazar & Cia","url":"https:\/\/shop.bazarcia.com\/","logo":{"@type":"ImageObject","inLanguage":"en-US","@id":"https:\/\/shop.bazarcia.com\/#\/schema\/logo\/image\/","url":"https:\/\/shop.bazarcia.com\/wp-content\/uploads\/2024\/02\/cropped-logo_bazarcia.png","contentUrl":"https:\/\/shop.bazarcia.com\/wp-content\/uploads\/2024\/02\/cropped-logo_bazarcia.png","width":150,"height":150,"caption":"Bazar & Cia"},"image":{"@id":"https:\/\/shop.bazarcia.com\/#\/schema\/logo\/image\/"},"sameAs":["https:\/\/www.facebook.com\/shopbazarcia","https:\/\/www.instagram.com\/shopbazarcia","https:\/\/br.pinterest.com\/suzane_eloise\/","https:\/\/www.youtube.com\/c\/BazardoBordadoMatrizeseProjetos"]}]}},"_links":{"self":[{"href":"https:\/\/shop.bazarcia.com\/en\/wp-json\/wp\/v2\/product\/41216","targetHints":{"allow":["GET"]}}],"collection":[{"href":"https:\/\/shop.bazarcia.com\/en\/wp-json\/wp\/v2\/product"}],"about":[{"href":"https:\/\/shop.bazarcia.com\/en\/wp-json\/wp\/v2\/types\/product"}],"replies":[{"embeddable":true,"href":"https:\/\/shop.bazarcia.com\/en\/wp-json\/wp\/v2\/comments?post=41216"}],"version-history":[{"count":0,"href":"https:\/\/shop.bazarcia.com\/en\/wp-json\/wp\/v2\/product\/41216\/revisions"}],"wp:featuredmedia":[{"embeddable":true,"href":"https:\/\/shop.bazarcia.com\/en\/wp-json\/wp\/v2\/media\/41192"}],"wp:attachment":[{"href":"https:\/\/shop.bazarcia.com\/en\/wp-json\/wp\/v2\/media?parent=41216"}],"wp:term":[{"taxonomy":"product_brand","embeddable":true,"href":"https:\/\/shop.bazarcia.com\/en\/wp-json\/wp\/v2\/product_brand?post=41216"},{"taxonomy":"product_cat","embeddable":true,"href":"https:\/\/shop.bazarcia.com\/en\/wp-json\/wp\/v2\/product_cat?post=41216"},{"taxonomy":"product_tag","embeddable":true,"href":"https:\/\/shop.bazarcia.com\/en\/wp-json\/wp\/v2\/product_tag?post=41216"}],"curies":[{"name":"wp","href":"https:\/\/api.w.org\/{rel}","templated":true}]}}