{"id":43840,"date":"2020-08-12T22:15:24","date_gmt":"2020-08-13T01:15:24","guid":{"rendered":"https:\/\/shop.bazarcia.com\/produto\/matriz-de-bordado-chuva-de-bencaos-brinde\/"},"modified":"2023-04-03T07:49:08","modified_gmt":"2023-04-03T10:49:08","slug":"matriz-de-bordado-chuva-de-bencaos-brinde","status":"publish","type":"product","link":"https:\/\/shop.bazarcia.com\/en\/product\/matriz-de-bordado-chuva-de-bencaos-brinde\/","title":{"rendered":"Matriz de Bordado &#8211; Chuva de Ben\u00e7\u00e3os [BRINDE]"},"content":{"rendered":"<p style=\"margin-top: 0px;margin-bottom: 1rem;color: #7a7a7a;font-family: raleway, sans-serif;font-size: 14px\"><span style=\"color: #333333;font-family: Georgia, 'times new roman', 'bitstream charter', Times, serif;font-size: 16px\">Clique aqui para fazer o download:\u00a0<\/span><a style=\"font-family: Georgia, 'times new roman', 'bitstream charter', Times, serif;font-size: 16px\" href=\"\/wp-content\/uploads\/woocommerce_uploads\/2020\/08\/Matrizes-de-Bordado-Chuva-de-Ben\u00e7\u00e3os.zip\">Chuva de Ben\u00e7\u00e3os<\/a><span style=\"color: #333333;font-family: Georgia, 'times new roman', 'bitstream charter', Times, serif;font-size: 16px\"><br \/>\n<\/span><br \/>\nTamanho: Para bastidor 13&#215;18<\/p>\n<p style=\"margin-top: 0px;margin-bottom: 1rem;color: #7a7a7a;font-family: raleway, sans-serif;font-size: 14px\"><span style=\"font-weight: 700 !important\">Este \u00e9 um produto digital.<\/span><\/p>\n<p style=\"margin-top: 0px;margin-bottom: 1rem;color: #7a7a7a;font-family: raleway, sans-serif;font-size: 14px\">Os arquivos est\u00e3o em pasta compactada (ZIP), sendo necess\u00e1rio descompact\u00e1-la.<\/p>\n<p style=\"margin-top: 0px;margin-bottom: 1rem;color: #7a7a7a;font-family: raleway, sans-serif;font-size: 14px\">Os mesmos s\u00e3o compat\u00edveis com v\u00e1rios tipos e modelos de m\u00e1quinas, com os seguintes formatos :<\/p>\n<p style=\"margin-top: 0px;margin-bottom: 1rem;color: #7a7a7a;font-family: raleway, sans-serif;font-size: 14px\">PES \u2013 JEF \u2013 EXP \u2013 DST \u2013 HUS &#8211; XXX.<\/p>\n<p>Designer da imagem: Carol Grillo &#8211; Est\u00fadio 812<\/p>","protected":false},"excerpt":{"rendered":"<p>Dia 13 de agosto \u00e9 o dia em que a Mam\u00e3e Coruja aqui completa mais um ano de vida, e nesse ano, com o cora\u00e7\u00e3o cheio de gratid\u00e3o, depois de ter me encontrado no mundo do bordado, e por ser t\u00e3o aben\u00e7oada por nosso Pai, tanto na minha profiss\u00e3o, como tamb\u00e9m com tantas pessoas boas que Ele coloca em meu caminho que n\u00e3o poderia escolher outro presente para voc\u00eas que n\u00e3o fosse esse!<br \/>\nQue Ele derrame chuvas de ben\u00e7\u00e3os na vida de cada um de voc\u00eas!<\/p>\n<p>Clique aqui para fazer o download: <a href=\"\/wp-content\/uploads\/woocommerce_uploads\/2020\/08\/Matrizes-de-Bordado-Chuva-de-Ben\u00e7\u00e3os.zip\">Chuva de Ben\u00e7\u00e3os<\/a><\/p>\n<p>Mais informa\u00e7\u00f5es abaixo ??\u2764\ufe0f<\/p>","protected":false},"featured_media":43837,"comment_status":"open","ping_status":"closed","template":"","meta":{"_acf_changed":false,"_joinchat":[]},"product_brand":[],"product_cat":[1219,1445,84,97,312,311],"product_tag":[],"class_list":{"0":"post-43840","1":"product","2":"type-product","3":"status-publish","4":"has-post-thumbnail","6":"product_cat-chuva-de-amor","7":"product_cat-chuva-de-bencaos","8":"product_cat-matrizes-de-bordado","9":"product_cat-matrizes-de-bordado-gratis","10":"product_cat-matrizes-pontos-leves","11":"product_cat-religiosos","13":"first","14":"instock","15":"downloadable","16":"virtual","17":"product-type-simple"},"acf":[],"yoast_head":"<!-- This site is optimized with the Yoast SEO plugin v27.2 - https:\/\/yoast.com\/product\/yoast-seo-wordpress\/ -->\n<title>Matriz de Bordado - Chuva de Ben\u00e7\u00e3os [BRINDE] - \ud835\udc1b\ud835\udc1a\ud835\udc33\ud835\udc1a\ud835\udc2b &amp; \ud835\udc1c\ud835\udc22\ud835\udc1a<\/title>\n<meta name=\"robots\" content=\"index, follow, max-snippet:-1, max-image-preview:large, max-video-preview:-1\" \/>\n<link rel=\"canonical\" href=\"https:\/\/shop.bazarcia.com\/en\/product\/matriz-de-bordado-chuva-de-bencaos-brinde\/\" \/>\n<meta property=\"og:locale\" content=\"en_US\" \/>\n<meta property=\"og:type\" content=\"article\" \/>\n<meta property=\"og:title\" content=\"Matriz de Bordado - Chuva de Ben\u00e7\u00e3os [BRINDE] - \ud835\udc1b\ud835\udc1a\ud835\udc33\ud835\udc1a\ud835\udc2b &amp; \ud835\udc1c\ud835\udc22\ud835\udc1a\" \/>\n<meta property=\"og:description\" content=\"Dia 13 de agosto \u00e9 o dia em que a Mam\u00e3e Coruja aqui completa mais um ano de vida, e nesse ano, com o cora\u00e7\u00e3o cheio de gratid\u00e3o, depois de ter me encontrado no mundo do bordado, e por ser t\u00e3o aben\u00e7oada por nosso Pai, tanto na minha profiss\u00e3o, como tamb\u00e9m com tantas pessoas boas que Ele coloca em meu caminho que n\u00e3o poderia escolher outro presente para voc\u00eas que n\u00e3o fosse esse! Que Ele derrame chuvas de ben\u00e7\u00e3os na vida de cada um de voc\u00eas!  Clique aqui para fazer o download: Chuva de Ben\u00e7\u00e3os  Mais informa\u00e7\u00f5es abaixo ??\u2764\ufe0f\" \/>\n<meta property=\"og:url\" content=\"https:\/\/shop.bazarcia.com\/en\/product\/matriz-de-bordado-chuva-de-bencaos-brinde\/\" \/>\n<meta property=\"og:site_name\" content=\"\ud835\udc1b\ud835\udc1a\ud835\udc33\ud835\udc1a\ud835\udc2b &amp; \ud835\udc1c\ud835\udc22\ud835\udc1a\" \/>\n<meta property=\"article:publisher\" content=\"https:\/\/www.facebook.com\/shopbazarcia\" \/>\n<meta property=\"article:modified_time\" content=\"2023-04-03T10:49:08+00:00\" \/>\n<meta property=\"og:image\" content=\"https:\/\/shop.bazarcia.com\/wp-content\/uploads\/2020\/08\/Design.jpg\" \/>\n\t<meta property=\"og:image:width\" content=\"1080\" \/>\n\t<meta property=\"og:image:height\" content=\"1080\" \/>\n\t<meta property=\"og:image:type\" content=\"image\/jpeg\" \/>\n<meta name=\"twitter:card\" content=\"summary_large_image\" \/>\n<script type=\"application\/ld+json\" class=\"yoast-schema-graph\">{\"@context\":\"https:\/\/schema.org\",\"@graph\":[{\"@type\":\"WebPage\",\"@id\":\"https:\/\/shop.bazarcia.com\/produto\/matriz-de-bordado-chuva-de-bencaos-brinde\/\",\"url\":\"https:\/\/shop.bazarcia.com\/produto\/matriz-de-bordado-chuva-de-bencaos-brinde\/\",\"name\":\"Matriz de Bordado - Chuva de Ben\u00e7\u00e3os [BRINDE] - \ud835\udc1b\ud835\udc1a\ud835\udc33\ud835\udc1a\ud835\udc2b &amp; \ud835\udc1c\ud835\udc22\ud835\udc1a\",\"isPartOf\":{\"@id\":\"https:\/\/shop.bazarcia.com\/#website\"},\"primaryImageOfPage\":{\"@id\":\"https:\/\/shop.bazarcia.com\/produto\/matriz-de-bordado-chuva-de-bencaos-brinde\/#primaryimage\"},\"image\":{\"@id\":\"https:\/\/shop.bazarcia.com\/produto\/matriz-de-bordado-chuva-de-bencaos-brinde\/#primaryimage\"},\"thumbnailUrl\":\"https:\/\/shop.bazarcia.com\/wp-content\/uploads\/2020\/08\/Design.jpg\",\"datePublished\":\"2020-08-13T01:15:24+00:00\",\"dateModified\":\"2023-04-03T10:49:08+00:00\",\"breadcrumb\":{\"@id\":\"https:\/\/shop.bazarcia.com\/produto\/matriz-de-bordado-chuva-de-bencaos-brinde\/#breadcrumb\"},\"inLanguage\":\"en-US\",\"potentialAction\":[{\"@type\":\"ReadAction\",\"target\":[\"https:\/\/shop.bazarcia.com\/produto\/matriz-de-bordado-chuva-de-bencaos-brinde\/\"]}]},{\"@type\":\"ImageObject\",\"inLanguage\":\"en-US\",\"@id\":\"https:\/\/shop.bazarcia.com\/produto\/matriz-de-bordado-chuva-de-bencaos-brinde\/#primaryimage\",\"url\":\"https:\/\/shop.bazarcia.com\/wp-content\/uploads\/2020\/08\/Design.jpg\",\"contentUrl\":\"https:\/\/shop.bazarcia.com\/wp-content\/uploads\/2020\/08\/Design.jpg\",\"width\":1080,\"height\":1080},{\"@type\":\"BreadcrumbList\",\"@id\":\"https:\/\/shop.bazarcia.com\/produto\/matriz-de-bordado-chuva-de-bencaos-brinde\/#breadcrumb\",\"itemListElement\":[{\"@type\":\"ListItem\",\"position\":1,\"name\":\"In\u00edcio\",\"item\":\"https:\/\/shop.bazarcia.com\/\"},{\"@type\":\"ListItem\",\"position\":2,\"name\":\"Loja\",\"item\":\"https:\/\/shop.bazarcia.com\/loja\/\"},{\"@type\":\"ListItem\",\"position\":3,\"name\":\"Matriz de Bordado &#8211; Chuva de Ben\u00e7\u00e3os [BRINDE]\"}]},{\"@type\":\"WebSite\",\"@id\":\"https:\/\/shop.bazarcia.com\/#website\",\"url\":\"https:\/\/shop.bazarcia.com\/\",\"name\":\"Bazar & Cia\",\"description\":\"criatividade ponto a ponto\",\"publisher\":{\"@id\":\"https:\/\/shop.bazarcia.com\/#organization\"},\"potentialAction\":[{\"@type\":\"SearchAction\",\"target\":{\"@type\":\"EntryPoint\",\"urlTemplate\":\"https:\/\/shop.bazarcia.com\/?s={search_term_string}\"},\"query-input\":{\"@type\":\"PropertyValueSpecification\",\"valueRequired\":true,\"valueName\":\"search_term_string\"}}],\"inLanguage\":\"en-US\"},{\"@type\":\"Organization\",\"@id\":\"https:\/\/shop.bazarcia.com\/#organization\",\"name\":\"Bazar & Cia\",\"url\":\"https:\/\/shop.bazarcia.com\/\",\"logo\":{\"@type\":\"ImageObject\",\"inLanguage\":\"en-US\",\"@id\":\"https:\/\/shop.bazarcia.com\/#\/schema\/logo\/image\/\",\"url\":\"https:\/\/shop.bazarcia.com\/wp-content\/uploads\/2024\/02\/cropped-logo_bazarcia.png\",\"contentUrl\":\"https:\/\/shop.bazarcia.com\/wp-content\/uploads\/2024\/02\/cropped-logo_bazarcia.png\",\"width\":150,\"height\":150,\"caption\":\"Bazar & Cia\"},\"image\":{\"@id\":\"https:\/\/shop.bazarcia.com\/#\/schema\/logo\/image\/\"},\"sameAs\":[\"https:\/\/www.facebook.com\/shopbazarcia\",\"https:\/\/www.instagram.com\/shopbazarcia\",\"https:\/\/br.pinterest.com\/suzane_eloise\/\",\"https:\/\/www.youtube.com\/c\/BazardoBordadoMatrizeseProjetos\"]}]}<\/script>\n<!-- \/ Yoast SEO plugin. -->","yoast_head_json":{"title":"Matriz de Bordado - Chuva de Ben\u00e7\u00e3os [BRINDE] - \ud835\udc1b\ud835\udc1a\ud835\udc33\ud835\udc1a\ud835\udc2b &amp; \ud835\udc1c\ud835\udc22\ud835\udc1a","robots":{"index":"index","follow":"follow","max-snippet":"max-snippet:-1","max-image-preview":"max-image-preview:large","max-video-preview":"max-video-preview:-1"},"canonical":"https:\/\/shop.bazarcia.com\/en\/product\/matriz-de-bordado-chuva-de-bencaos-brinde\/","og_locale":"en_US","og_type":"article","og_title":"Matriz de Bordado - Chuva de Ben\u00e7\u00e3os [BRINDE] - \ud835\udc1b\ud835\udc1a\ud835\udc33\ud835\udc1a\ud835\udc2b &amp; \ud835\udc1c\ud835\udc22\ud835\udc1a","og_description":"Dia 13 de agosto \u00e9 o dia em que a Mam\u00e3e Coruja aqui completa mais um ano de vida, e nesse ano, com o cora\u00e7\u00e3o cheio de gratid\u00e3o, depois de ter me encontrado no mundo do bordado, e por ser t\u00e3o aben\u00e7oada por nosso Pai, tanto na minha profiss\u00e3o, como tamb\u00e9m com tantas pessoas boas que Ele coloca em meu caminho que n\u00e3o poderia escolher outro presente para voc\u00eas que n\u00e3o fosse esse! Que Ele derrame chuvas de ben\u00e7\u00e3os na vida de cada um de voc\u00eas!  Clique aqui para fazer o download: Chuva de Ben\u00e7\u00e3os  Mais informa\u00e7\u00f5es abaixo ??\u2764\ufe0f","og_url":"https:\/\/shop.bazarcia.com\/en\/product\/matriz-de-bordado-chuva-de-bencaos-brinde\/","og_site_name":"\ud835\udc1b\ud835\udc1a\ud835\udc33\ud835\udc1a\ud835\udc2b &amp; \ud835\udc1c\ud835\udc22\ud835\udc1a","article_publisher":"https:\/\/www.facebook.com\/shopbazarcia","article_modified_time":"2023-04-03T10:49:08+00:00","og_image":[{"width":1080,"height":1080,"url":"https:\/\/shop.bazarcia.com\/wp-content\/uploads\/2020\/08\/Design.jpg","type":"image\/jpeg"}],"twitter_card":"summary_large_image","schema":{"@context":"https:\/\/schema.org","@graph":[{"@type":"WebPage","@id":"https:\/\/shop.bazarcia.com\/produto\/matriz-de-bordado-chuva-de-bencaos-brinde\/","url":"https:\/\/shop.bazarcia.com\/produto\/matriz-de-bordado-chuva-de-bencaos-brinde\/","name":"Matriz de Bordado - Chuva de Ben\u00e7\u00e3os [BRINDE] - \ud835\udc1b\ud835\udc1a\ud835\udc33\ud835\udc1a\ud835\udc2b &amp; \ud835\udc1c\ud835\udc22\ud835\udc1a","isPartOf":{"@id":"https:\/\/shop.bazarcia.com\/#website"},"primaryImageOfPage":{"@id":"https:\/\/shop.bazarcia.com\/produto\/matriz-de-bordado-chuva-de-bencaos-brinde\/#primaryimage"},"image":{"@id":"https:\/\/shop.bazarcia.com\/produto\/matriz-de-bordado-chuva-de-bencaos-brinde\/#primaryimage"},"thumbnailUrl":"https:\/\/shop.bazarcia.com\/wp-content\/uploads\/2020\/08\/Design.jpg","datePublished":"2020-08-13T01:15:24+00:00","dateModified":"2023-04-03T10:49:08+00:00","breadcrumb":{"@id":"https:\/\/shop.bazarcia.com\/produto\/matriz-de-bordado-chuva-de-bencaos-brinde\/#breadcrumb"},"inLanguage":"en-US","potentialAction":[{"@type":"ReadAction","target":["https:\/\/shop.bazarcia.com\/produto\/matriz-de-bordado-chuva-de-bencaos-brinde\/"]}]},{"@type":"ImageObject","inLanguage":"en-US","@id":"https:\/\/shop.bazarcia.com\/produto\/matriz-de-bordado-chuva-de-bencaos-brinde\/#primaryimage","url":"https:\/\/shop.bazarcia.com\/wp-content\/uploads\/2020\/08\/Design.jpg","contentUrl":"https:\/\/shop.bazarcia.com\/wp-content\/uploads\/2020\/08\/Design.jpg","width":1080,"height":1080},{"@type":"BreadcrumbList","@id":"https:\/\/shop.bazarcia.com\/produto\/matriz-de-bordado-chuva-de-bencaos-brinde\/#breadcrumb","itemListElement":[{"@type":"ListItem","position":1,"name":"In\u00edcio","item":"https:\/\/shop.bazarcia.com\/"},{"@type":"ListItem","position":2,"name":"Loja","item":"https:\/\/shop.bazarcia.com\/loja\/"},{"@type":"ListItem","position":3,"name":"Matriz de Bordado &#8211; Chuva de Ben\u00e7\u00e3os [BRINDE]"}]},{"@type":"WebSite","@id":"https:\/\/shop.bazarcia.com\/#website","url":"https:\/\/shop.bazarcia.com\/","name":"Bazar & Cia","description":"criatividade ponto a ponto","publisher":{"@id":"https:\/\/shop.bazarcia.com\/#organization"},"potentialAction":[{"@type":"SearchAction","target":{"@type":"EntryPoint","urlTemplate":"https:\/\/shop.bazarcia.com\/?s={search_term_string}"},"query-input":{"@type":"PropertyValueSpecification","valueRequired":true,"valueName":"search_term_string"}}],"inLanguage":"en-US"},{"@type":"Organization","@id":"https:\/\/shop.bazarcia.com\/#organization","name":"Bazar & Cia","url":"https:\/\/shop.bazarcia.com\/","logo":{"@type":"ImageObject","inLanguage":"en-US","@id":"https:\/\/shop.bazarcia.com\/#\/schema\/logo\/image\/","url":"https:\/\/shop.bazarcia.com\/wp-content\/uploads\/2024\/02\/cropped-logo_bazarcia.png","contentUrl":"https:\/\/shop.bazarcia.com\/wp-content\/uploads\/2024\/02\/cropped-logo_bazarcia.png","width":150,"height":150,"caption":"Bazar & Cia"},"image":{"@id":"https:\/\/shop.bazarcia.com\/#\/schema\/logo\/image\/"},"sameAs":["https:\/\/www.facebook.com\/shopbazarcia","https:\/\/www.instagram.com\/shopbazarcia","https:\/\/br.pinterest.com\/suzane_eloise\/","https:\/\/www.youtube.com\/c\/BazardoBordadoMatrizeseProjetos"]}]}},"_links":{"self":[{"href":"https:\/\/shop.bazarcia.com\/en\/wp-json\/wp\/v2\/product\/43840","targetHints":{"allow":["GET"]}}],"collection":[{"href":"https:\/\/shop.bazarcia.com\/en\/wp-json\/wp\/v2\/product"}],"about":[{"href":"https:\/\/shop.bazarcia.com\/en\/wp-json\/wp\/v2\/types\/product"}],"replies":[{"embeddable":true,"href":"https:\/\/shop.bazarcia.com\/en\/wp-json\/wp\/v2\/comments?post=43840"}],"version-history":[{"count":0,"href":"https:\/\/shop.bazarcia.com\/en\/wp-json\/wp\/v2\/product\/43840\/revisions"}],"wp:featuredmedia":[{"embeddable":true,"href":"https:\/\/shop.bazarcia.com\/en\/wp-json\/wp\/v2\/media\/43837"}],"wp:attachment":[{"href":"https:\/\/shop.bazarcia.com\/en\/wp-json\/wp\/v2\/media?parent=43840"}],"wp:term":[{"taxonomy":"product_brand","embeddable":true,"href":"https:\/\/shop.bazarcia.com\/en\/wp-json\/wp\/v2\/product_brand?post=43840"},{"taxonomy":"product_cat","embeddable":true,"href":"https:\/\/shop.bazarcia.com\/en\/wp-json\/wp\/v2\/product_cat?post=43840"},{"taxonomy":"product_tag","embeddable":true,"href":"https:\/\/shop.bazarcia.com\/en\/wp-json\/wp\/v2\/product_tag?post=43840"}],"curies":[{"name":"wp","href":"https:\/\/api.w.org\/{rel}","templated":true}]}}