{"id":45166,"date":"2020-08-21T10:45:26","date_gmt":"2020-08-21T13:45:26","guid":{"rendered":"https:\/\/shop.bazarcia.com\/produto\/pre-venda-matrizes-de-bordado-colecao-angel\/"},"modified":"2021-03-19T15:37:41","modified_gmt":"2021-03-19T18:37:41","slug":"pre-venda-matrizes-de-bordado-colecao-angel","status":"publish","type":"product","link":"https:\/\/shop.bazarcia.com\/en\/product\/pre-venda-matrizes-de-bordado-colecao-angel\/","title":{"rendered":"Matrizes de Bordado &#8211; Cole\u00e7\u00e3o Angel"},"content":{"rendered":"<p class=\"MsoNormal\"><span style=\"font-family: 'Arial','sans-serif';color: #262626;background: white\">Cole\u00e7\u00e3o Angel <\/span><\/p>\n<p class=\"MsoNormal\"><span style=\"font-family: 'Arial','sans-serif';color: #262626;background: white\">\u00a0<\/span><span style=\"font-family: 'Arial','sans-serif';color: #262626;background: white\">Cole\u00e7\u00e3o Angel foi preparada com muito carinho pra voc\u00ea que goste de agilidade na hora de bordar. S\u00e3o matrizes leves em ripled.<\/span><\/p>\n<p class=\"MsoNormal\"><span style=\"font-family: 'Arial','sans-serif';color: #262626;background: white\">S\u00e3o 11 matrizes sendo elas:<\/span><\/p>\n<p class=\"MsoNormal\"><span style=\"font-family: 'Arial','sans-serif';color: #262626;background: white\">&#8211; 4 anjinhos nos tamanho 10 e 12 cm<\/span><\/p>\n<p class=\"MsoNormal\"><span style=\"font-family: 'Arial','sans-serif';color: #262626;background: white\">Chaveiro 1 7 cm <\/span><\/p>\n<p class=\"MsoNormal\"><span style=\"font-family: 'Arial','sans-serif';color: #262626;background: white\">Chaveiro 2 14 cm<\/span><\/p>\n<p class=\"MsoNormal\"><span style=\"font-family: 'Arial','sans-serif';color: #262626;background: white\">Chaveiro 3 8 cm <\/span><\/p>\n<p class=\"MsoNormal\"><span style=\"font-family: 'Arial','sans-serif';color: #262626;background: white\">1 barrinha 15,5 cm<\/span><\/p>\n<p class=\"MsoNormal\"><span style=\"font-family: 'Arial','sans-serif';color: #262626;background: white\">Pombinhos com 12 cm<\/span><\/p>\n<p>2 matrizes com 6 cm para m\u00e1scara<\/p>\n<p class=\"MsoNormal\"><span style=\"font-family: 'Arial','sans-serif';color: #262626;background: white\">\u00a0<\/span><span style=\"font-family: 'Arial','sans-serif';color: black;background: white\">Voc\u00ea vai encantar as mam\u00e3es com estas matrizes.<\/span><\/p>\n<p><span style=\"font-size: 11.0pt;font-family: 'Arial','sans-serif';color: #333333\">Com essas mesmas matrizes voc\u00ea pode bordar pe\u00e7as para compor o enxoval de seu beb\u00ea, como: bolsas, fraldas, bodys, n\u00e9cessaires, toalhas fraldas, mantas,batizado, lembran\u00e7as, etc.<\/span><\/p>\n<p><span style=\"font-size: 11.0pt;font-family: 'Arial','sans-serif';color: #333333\">Os arquivos est\u00e3o em pasta compactada (zip), sendo necess\u00e1rio descompact\u00e1 &#8211; las. <\/span><\/p>\n<p><span style=\"font-size: 11.0pt;font-family: 'Arial','sans-serif';color: #333333\">Eles ser\u00e3o disponibilizados para download dia 11\/09\/2020 em sua conta no site.<\/span><\/p>\n<p><span style=\"font-size: 11.0pt;font-family: 'Arial','sans-serif';color: #333333\">Por este produto estar em pr\u00e9 \u2013venda, \u00e9 necess\u00e1rio anotar o n\u00famero do pedido e aguardar a libera\u00e7\u00e3o na data acima informada.<\/span><\/p>\n<p><span style=\"font-size: 11.0pt;font-family: 'Arial','sans-serif';color: #333333\">Os mesmos s\u00e3o compat\u00edveis com v\u00e1rios tipos e modelos de m\u00e1quinas, com os seguintes formatos:<\/span><\/p>\n<p><span style=\"font-size: 11.0pt;font-family: 'Arial','sans-serif';color: #333333\">pes &#8211; xxx &#8211; jef &#8211; dst <\/span><\/p>","protected":false},"excerpt":{"rendered":"<p>Cole\u00e7\u00e3o Angel<\/p>\n<p>Cole\u00e7\u00e3o Angel foi preparada com muito carinho pra voc\u00ea que goste de agilidade na hora de bordar. S\u00e3o matrizes leves em ripled.<br \/>\nCom essas mesmas matrizes voc\u00ea pode bordar pe\u00e7as para compor o enxoval de seu beb\u00ea, como: bolsas, fraldas, bodys, n\u00e9cessaires, toalhas fraldas, mantas, batizado, lembran\u00e7as, m\u00e1scara, etc.<\/p>","protected":false},"featured_media":87354,"comment_status":"open","ping_status":"closed","template":"","meta":{"_acf_changed":false,"_joinchat":[]},"product_brand":[],"product_cat":[84,311,366],"product_tag":[1090,1430],"class_list":{"0":"post-45166","1":"product","2":"type-product","3":"status-publish","4":"has-post-thumbnail","6":"product_cat-matrizes-de-bordado","7":"product_cat-religiosos","8":"product_cat-anjinhos","9":"product_tag-maquina-de-bordar","10":"product_tag-matriz-de-bordado","12":"first","13":"instock","14":"downloadable","15":"virtual","16":"purchasable","17":"product-type-simple"},"acf":[],"yoast_head":"<!-- This site is optimized with the Yoast SEO plugin v27.2 - https:\/\/yoast.com\/product\/yoast-seo-wordpress\/ -->\n<title>Matrizes de Bordado - Cole\u00e7\u00e3o Angel - \ud835\udc1b\ud835\udc1a\ud835\udc33\ud835\udc1a\ud835\udc2b &amp; \ud835\udc1c\ud835\udc22\ud835\udc1a<\/title>\n<meta name=\"robots\" content=\"index, follow, max-snippet:-1, max-image-preview:large, max-video-preview:-1\" \/>\n<link rel=\"canonical\" href=\"https:\/\/shop.bazarcia.com\/en\/product\/pre-venda-matrizes-de-bordado-colecao-angel\/\" \/>\n<meta property=\"og:locale\" content=\"en_US\" \/>\n<meta property=\"og:type\" content=\"article\" \/>\n<meta property=\"og:title\" content=\"Matrizes de Bordado - Cole\u00e7\u00e3o Angel - \ud835\udc1b\ud835\udc1a\ud835\udc33\ud835\udc1a\ud835\udc2b &amp; \ud835\udc1c\ud835\udc22\ud835\udc1a\" \/>\n<meta property=\"og:description\" content=\"Cole\u00e7\u00e3o Angel  Cole\u00e7\u00e3o Angel foi preparada com muito carinho pra voc\u00ea que goste de agilidade na hora de bordar. S\u00e3o matrizes leves em ripled. Com essas mesmas matrizes voc\u00ea pode bordar pe\u00e7as para compor o enxoval de seu beb\u00ea, como: bolsas, fraldas, bodys, n\u00e9cessaires, toalhas fraldas, mantas, batizado, lembran\u00e7as, m\u00e1scara, etc.\" \/>\n<meta property=\"og:url\" content=\"https:\/\/shop.bazarcia.com\/en\/product\/pre-venda-matrizes-de-bordado-colecao-angel\/\" \/>\n<meta property=\"og:site_name\" content=\"\ud835\udc1b\ud835\udc1a\ud835\udc33\ud835\udc1a\ud835\udc2b &amp; \ud835\udc1c\ud835\udc22\ud835\udc1a\" \/>\n<meta property=\"article:publisher\" content=\"https:\/\/www.facebook.com\/shopbazarcia\" \/>\n<meta property=\"article:modified_time\" content=\"2021-03-19T18:37:41+00:00\" \/>\n<meta property=\"og:image\" content=\"https:\/\/shop.bazarcia.com\/wp-content\/uploads\/2021\/03\/Colecao-Angel-1.png\" \/>\n\t<meta property=\"og:image:width\" content=\"1080\" \/>\n\t<meta property=\"og:image:height\" content=\"1080\" \/>\n\t<meta property=\"og:image:type\" content=\"image\/png\" \/>\n<meta name=\"twitter:card\" content=\"summary_large_image\" \/>\n<meta name=\"twitter:label1\" content=\"Est. reading time\" \/>\n\t<meta name=\"twitter:data1\" content=\"1 minute\" \/>\n<script type=\"application\/ld+json\" class=\"yoast-schema-graph\">{\"@context\":\"https:\/\/schema.org\",\"@graph\":[{\"@type\":\"WebPage\",\"@id\":\"https:\/\/shop.bazarcia.com\/en\/product\/pre-venda-matrizes-de-bordado-colecao-angel\/\",\"url\":\"https:\/\/shop.bazarcia.com\/en\/product\/pre-venda-matrizes-de-bordado-colecao-angel\/\",\"name\":\"Matrizes de Bordado - Cole\u00e7\u00e3o Angel - \ud835\udc1b\ud835\udc1a\ud835\udc33\ud835\udc1a\ud835\udc2b &amp; \ud835\udc1c\ud835\udc22\ud835\udc1a\",\"isPartOf\":{\"@id\":\"https:\/\/shop.bazarcia.com\/#website\"},\"primaryImageOfPage\":{\"@id\":\"https:\/\/shop.bazarcia.com\/en\/product\/pre-venda-matrizes-de-bordado-colecao-angel\/#primaryimage\"},\"image\":{\"@id\":\"https:\/\/shop.bazarcia.com\/en\/product\/pre-venda-matrizes-de-bordado-colecao-angel\/#primaryimage\"},\"thumbnailUrl\":\"https:\/\/shop.bazarcia.com\/wp-content\/uploads\/2021\/03\/Colecao-Angel-1.png\",\"datePublished\":\"2020-08-21T13:45:26+00:00\",\"dateModified\":\"2021-03-19T18:37:41+00:00\",\"breadcrumb\":{\"@id\":\"https:\/\/shop.bazarcia.com\/en\/product\/pre-venda-matrizes-de-bordado-colecao-angel\/#breadcrumb\"},\"inLanguage\":\"en-US\",\"potentialAction\":[{\"@type\":\"ReadAction\",\"target\":[\"https:\/\/shop.bazarcia.com\/en\/product\/pre-venda-matrizes-de-bordado-colecao-angel\/\"]}]},{\"@type\":\"ImageObject\",\"inLanguage\":\"en-US\",\"@id\":\"https:\/\/shop.bazarcia.com\/en\/product\/pre-venda-matrizes-de-bordado-colecao-angel\/#primaryimage\",\"url\":\"https:\/\/shop.bazarcia.com\/wp-content\/uploads\/2021\/03\/Colecao-Angel-1.png\",\"contentUrl\":\"https:\/\/shop.bazarcia.com\/wp-content\/uploads\/2021\/03\/Colecao-Angel-1.png\",\"width\":1080,\"height\":1080},{\"@type\":\"BreadcrumbList\",\"@id\":\"https:\/\/shop.bazarcia.com\/en\/product\/pre-venda-matrizes-de-bordado-colecao-angel\/#breadcrumb\",\"itemListElement\":[{\"@type\":\"ListItem\",\"position\":1,\"name\":\"In\u00edcio\",\"item\":\"https:\/\/shop.bazarcia.com\/\"},{\"@type\":\"ListItem\",\"position\":2,\"name\":\"Loja\",\"item\":\"https:\/\/shop.bazarcia.com\/loja\/\"},{\"@type\":\"ListItem\",\"position\":3,\"name\":\"Matrizes de Bordado &#8211; Cole\u00e7\u00e3o Angel\"}]},{\"@type\":\"WebSite\",\"@id\":\"https:\/\/shop.bazarcia.com\/#website\",\"url\":\"https:\/\/shop.bazarcia.com\/\",\"name\":\"Bazar & Cia\",\"description\":\"criatividade ponto a ponto\",\"publisher\":{\"@id\":\"https:\/\/shop.bazarcia.com\/#organization\"},\"potentialAction\":[{\"@type\":\"SearchAction\",\"target\":{\"@type\":\"EntryPoint\",\"urlTemplate\":\"https:\/\/shop.bazarcia.com\/?s={search_term_string}\"},\"query-input\":{\"@type\":\"PropertyValueSpecification\",\"valueRequired\":true,\"valueName\":\"search_term_string\"}}],\"inLanguage\":\"en-US\"},{\"@type\":\"Organization\",\"@id\":\"https:\/\/shop.bazarcia.com\/#organization\",\"name\":\"Bazar & Cia\",\"url\":\"https:\/\/shop.bazarcia.com\/\",\"logo\":{\"@type\":\"ImageObject\",\"inLanguage\":\"en-US\",\"@id\":\"https:\/\/shop.bazarcia.com\/#\/schema\/logo\/image\/\",\"url\":\"https:\/\/shop.bazarcia.com\/wp-content\/uploads\/2024\/02\/cropped-logo_bazarcia.png\",\"contentUrl\":\"https:\/\/shop.bazarcia.com\/wp-content\/uploads\/2024\/02\/cropped-logo_bazarcia.png\",\"width\":150,\"height\":150,\"caption\":\"Bazar & Cia\"},\"image\":{\"@id\":\"https:\/\/shop.bazarcia.com\/#\/schema\/logo\/image\/\"},\"sameAs\":[\"https:\/\/www.facebook.com\/shopbazarcia\",\"https:\/\/www.instagram.com\/shopbazarcia\",\"https:\/\/br.pinterest.com\/suzane_eloise\/\",\"https:\/\/www.youtube.com\/c\/BazardoBordadoMatrizeseProjetos\"]}]}<\/script>\n<!-- \/ Yoast SEO plugin. -->","yoast_head_json":{"title":"Matrizes de Bordado - Cole\u00e7\u00e3o Angel - \ud835\udc1b\ud835\udc1a\ud835\udc33\ud835\udc1a\ud835\udc2b &amp; \ud835\udc1c\ud835\udc22\ud835\udc1a","robots":{"index":"index","follow":"follow","max-snippet":"max-snippet:-1","max-image-preview":"max-image-preview:large","max-video-preview":"max-video-preview:-1"},"canonical":"https:\/\/shop.bazarcia.com\/en\/product\/pre-venda-matrizes-de-bordado-colecao-angel\/","og_locale":"en_US","og_type":"article","og_title":"Matrizes de Bordado - Cole\u00e7\u00e3o Angel - \ud835\udc1b\ud835\udc1a\ud835\udc33\ud835\udc1a\ud835\udc2b &amp; \ud835\udc1c\ud835\udc22\ud835\udc1a","og_description":"Cole\u00e7\u00e3o Angel  Cole\u00e7\u00e3o Angel foi preparada com muito carinho pra voc\u00ea que goste de agilidade na hora de bordar. S\u00e3o matrizes leves em ripled. Com essas mesmas matrizes voc\u00ea pode bordar pe\u00e7as para compor o enxoval de seu beb\u00ea, como: bolsas, fraldas, bodys, n\u00e9cessaires, toalhas fraldas, mantas, batizado, lembran\u00e7as, m\u00e1scara, etc.","og_url":"https:\/\/shop.bazarcia.com\/en\/product\/pre-venda-matrizes-de-bordado-colecao-angel\/","og_site_name":"\ud835\udc1b\ud835\udc1a\ud835\udc33\ud835\udc1a\ud835\udc2b &amp; \ud835\udc1c\ud835\udc22\ud835\udc1a","article_publisher":"https:\/\/www.facebook.com\/shopbazarcia","article_modified_time":"2021-03-19T18:37:41+00:00","og_image":[{"width":1080,"height":1080,"url":"https:\/\/shop.bazarcia.com\/wp-content\/uploads\/2021\/03\/Colecao-Angel-1.png","type":"image\/png"}],"twitter_card":"summary_large_image","twitter_misc":{"Est. reading time":"1 minute"},"schema":{"@context":"https:\/\/schema.org","@graph":[{"@type":"WebPage","@id":"https:\/\/shop.bazarcia.com\/en\/product\/pre-venda-matrizes-de-bordado-colecao-angel\/","url":"https:\/\/shop.bazarcia.com\/en\/product\/pre-venda-matrizes-de-bordado-colecao-angel\/","name":"Matrizes de Bordado - Cole\u00e7\u00e3o Angel - \ud835\udc1b\ud835\udc1a\ud835\udc33\ud835\udc1a\ud835\udc2b &amp; \ud835\udc1c\ud835\udc22\ud835\udc1a","isPartOf":{"@id":"https:\/\/shop.bazarcia.com\/#website"},"primaryImageOfPage":{"@id":"https:\/\/shop.bazarcia.com\/en\/product\/pre-venda-matrizes-de-bordado-colecao-angel\/#primaryimage"},"image":{"@id":"https:\/\/shop.bazarcia.com\/en\/product\/pre-venda-matrizes-de-bordado-colecao-angel\/#primaryimage"},"thumbnailUrl":"https:\/\/shop.bazarcia.com\/wp-content\/uploads\/2021\/03\/Colecao-Angel-1.png","datePublished":"2020-08-21T13:45:26+00:00","dateModified":"2021-03-19T18:37:41+00:00","breadcrumb":{"@id":"https:\/\/shop.bazarcia.com\/en\/product\/pre-venda-matrizes-de-bordado-colecao-angel\/#breadcrumb"},"inLanguage":"en-US","potentialAction":[{"@type":"ReadAction","target":["https:\/\/shop.bazarcia.com\/en\/product\/pre-venda-matrizes-de-bordado-colecao-angel\/"]}]},{"@type":"ImageObject","inLanguage":"en-US","@id":"https:\/\/shop.bazarcia.com\/en\/product\/pre-venda-matrizes-de-bordado-colecao-angel\/#primaryimage","url":"https:\/\/shop.bazarcia.com\/wp-content\/uploads\/2021\/03\/Colecao-Angel-1.png","contentUrl":"https:\/\/shop.bazarcia.com\/wp-content\/uploads\/2021\/03\/Colecao-Angel-1.png","width":1080,"height":1080},{"@type":"BreadcrumbList","@id":"https:\/\/shop.bazarcia.com\/en\/product\/pre-venda-matrizes-de-bordado-colecao-angel\/#breadcrumb","itemListElement":[{"@type":"ListItem","position":1,"name":"In\u00edcio","item":"https:\/\/shop.bazarcia.com\/"},{"@type":"ListItem","position":2,"name":"Loja","item":"https:\/\/shop.bazarcia.com\/loja\/"},{"@type":"ListItem","position":3,"name":"Matrizes de Bordado &#8211; Cole\u00e7\u00e3o Angel"}]},{"@type":"WebSite","@id":"https:\/\/shop.bazarcia.com\/#website","url":"https:\/\/shop.bazarcia.com\/","name":"Bazar & Cia","description":"criatividade ponto a ponto","publisher":{"@id":"https:\/\/shop.bazarcia.com\/#organization"},"potentialAction":[{"@type":"SearchAction","target":{"@type":"EntryPoint","urlTemplate":"https:\/\/shop.bazarcia.com\/?s={search_term_string}"},"query-input":{"@type":"PropertyValueSpecification","valueRequired":true,"valueName":"search_term_string"}}],"inLanguage":"en-US"},{"@type":"Organization","@id":"https:\/\/shop.bazarcia.com\/#organization","name":"Bazar & Cia","url":"https:\/\/shop.bazarcia.com\/","logo":{"@type":"ImageObject","inLanguage":"en-US","@id":"https:\/\/shop.bazarcia.com\/#\/schema\/logo\/image\/","url":"https:\/\/shop.bazarcia.com\/wp-content\/uploads\/2024\/02\/cropped-logo_bazarcia.png","contentUrl":"https:\/\/shop.bazarcia.com\/wp-content\/uploads\/2024\/02\/cropped-logo_bazarcia.png","width":150,"height":150,"caption":"Bazar & Cia"},"image":{"@id":"https:\/\/shop.bazarcia.com\/#\/schema\/logo\/image\/"},"sameAs":["https:\/\/www.facebook.com\/shopbazarcia","https:\/\/www.instagram.com\/shopbazarcia","https:\/\/br.pinterest.com\/suzane_eloise\/","https:\/\/www.youtube.com\/c\/BazardoBordadoMatrizeseProjetos"]}]}},"_links":{"self":[{"href":"https:\/\/shop.bazarcia.com\/en\/wp-json\/wp\/v2\/product\/45166","targetHints":{"allow":["GET"]}}],"collection":[{"href":"https:\/\/shop.bazarcia.com\/en\/wp-json\/wp\/v2\/product"}],"about":[{"href":"https:\/\/shop.bazarcia.com\/en\/wp-json\/wp\/v2\/types\/product"}],"replies":[{"embeddable":true,"href":"https:\/\/shop.bazarcia.com\/en\/wp-json\/wp\/v2\/comments?post=45166"}],"version-history":[{"count":0,"href":"https:\/\/shop.bazarcia.com\/en\/wp-json\/wp\/v2\/product\/45166\/revisions"}],"wp:featuredmedia":[{"embeddable":true,"href":"https:\/\/shop.bazarcia.com\/en\/wp-json\/wp\/v2\/media\/87354"}],"wp:attachment":[{"href":"https:\/\/shop.bazarcia.com\/en\/wp-json\/wp\/v2\/media?parent=45166"}],"wp:term":[{"taxonomy":"product_brand","embeddable":true,"href":"https:\/\/shop.bazarcia.com\/en\/wp-json\/wp\/v2\/product_brand?post=45166"},{"taxonomy":"product_cat","embeddable":true,"href":"https:\/\/shop.bazarcia.com\/en\/wp-json\/wp\/v2\/product_cat?post=45166"},{"taxonomy":"product_tag","embeddable":true,"href":"https:\/\/shop.bazarcia.com\/en\/wp-json\/wp\/v2\/product_tag?post=45166"}],"curies":[{"name":"wp","href":"https:\/\/api.w.org\/{rel}","templated":true}]}}