{"id":45241,"date":"2020-08-21T13:26:54","date_gmt":"2020-08-21T16:26:54","guid":{"rendered":"https:\/\/shop.bazarcia.com\/?post_type=product&#038;p=45241"},"modified":"2020-09-26T11:33:36","modified_gmt":"2020-09-26T14:33:36","slug":"amor-kit-avulso-da-colecao-prosa-palavra-para-mascaras-e-toalhinhas-copia-copia","status":"publish","type":"product","link":"https:\/\/shop.bazarcia.com\/en\/product\/amor-kit-avulso-da-colecao-prosa-palavra-para-mascaras-e-toalhinhas-copia-copia\/","title":{"rendered":"Confio &#8211; Kit Avulso da Cole\u00e7\u00e3o Prosa &#8211; Palavra para M\u00e1scaras e Toalhinhas"},"content":{"rendered":"<p>Kit Avulso da Cole\u00e7\u00e3o Prosa &#8211; CONFIO<\/p>\n<p>A cole\u00e7\u00e3o prosa chegou pra dar um novo \u00e2nimo \u00e0 sua produ\u00e7\u00e3o de m\u00e1scaras e toalhinhas bordadas.<\/p>\n<p>Matrizes de Bordado eletr\u00f4nica, com motivos miudinhos, com letras volumosas e palavras cheias de sentido.<\/p>\n<p>&nbsp;<\/p>\n<p>Esta kit de matrizes de bordado eletr\u00f4nico conta com:<\/p>\n<ul>\n<li>Palavra CONFIO<\/li>\n<li>Modelo 1: \u00a0s\u00f3 palavra com 58mm x 28mm<\/li>\n<li>Modelo 2: palavra, elos e flores com 63mm x 35mm<\/li>\n<li>Modelo 3: palavra, elos e flores com 117mm e 65mm<\/li>\n<li>Total de 3 MATRIZES<\/li>\n<\/ul>\n<p>&nbsp;<\/p>\n<p>Tamb\u00e9m pode ser usado como semaninha, bordadas\u00a0em len\u00e7os, panos de prato, jogos americanos, camisetas, toalhas pra lavabo, rosto e afins.<\/p>\n<p>&nbsp;<\/p>\n<p>Exclusivamente para esta cole\u00e7\u00e3o oferecemos kits avulsos com os 3 modelos de cada palavra.<\/p>\n<p>Confira a cole\u00e7\u00e3o completa <a href=\"https:\/\/shop.bazarcia.com\/en\/product\/colecao-prosa-matrizes-para-mascaras-e-toalhinhas\/\">&gt;&gt;AQUI&lt;&lt;<\/a><\/p>\n<p>S\u00e3o matrizes diferenciadas, testadas e finalizadas com os pitacos de artes\u00e3s experientes e parceiras da M\u00e3ozinha Digital.<\/p>\n<p>&nbsp;<\/p>\n<p><strong>IMPORTANTE: <\/strong><em>\u00c9 preciso salientar que a venda da cole\u00e7\u00e3o est\u00e1 condicionada ao ACEITE por parte da artes\u00e3 de que ela \u00e9 pra USO PESSOAL. A artes\u00e3 pode usar de sua criatividade usando as matrizes para bordar seus produtos, mas n\u00e3o d\u00e1 a artes\u00e3 o direito de distribuir as matrizes ou mesmo ceder ou revender estes arquivos.<\/em><\/p>\n<p>&nbsp;<\/p>\n<p>Fotos ilustrativas com sugest\u00f5es de uso.<\/p>\n<p>&nbsp;<\/p>","protected":false},"excerpt":{"rendered":"<p>Kit Avulso da Cole\u00e7\u00e3o Prosa &#8211; CONFIO<br \/>\nA cole\u00e7\u00e3o prosa chegou pra dar um novo \u00e2nimo \u00e0 sua produ\u00e7\u00e3o de m\u00e1scaras e toalhinhas bordadas.<br \/>\nMatrizes miudinhas pra bordar, com bom volume.<\/p>","protected":false},"featured_media":45200,"comment_status":"open","ping_status":"closed","template":"","meta":{"_acf_changed":false,"_joinchat":[]},"product_brand":[],"product_cat":[296,297,84,1446],"product_tag":[1430],"class_list":{"0":"post-45241","1":"product","2":"type-product","3":"status-publish","4":"has-post-thumbnail","6":"product_cat-florais","7":"product_cat-frases-palavras","8":"product_cat-matrizes-de-bordado","9":"product_cat-mini-matrizes","10":"product_tag-matriz-de-bordado","12":"first","13":"instock","14":"downloadable","15":"virtual","16":"sold-individually","17":"purchasable","18":"product-type-simple"},"acf":[],"yoast_head":"<!-- This site is optimized with the Yoast SEO plugin v27.2 - https:\/\/yoast.com\/product\/yoast-seo-wordpress\/ -->\n<title>Confio - Kit Avulso da Cole\u00e7\u00e3o Prosa - Palavra para M\u00e1scaras e Toalhinhas - \ud835\udc1b\ud835\udc1a\ud835\udc33\ud835\udc1a\ud835\udc2b &amp; \ud835\udc1c\ud835\udc22\ud835\udc1a<\/title>\n<meta name=\"robots\" content=\"index, follow, max-snippet:-1, max-image-preview:large, max-video-preview:-1\" \/>\n<link rel=\"canonical\" href=\"https:\/\/shop.bazarcia.com\/en\/product\/amor-kit-avulso-da-colecao-prosa-palavra-para-mascaras-e-toalhinhas-copia-copia\/\" \/>\n<meta property=\"og:locale\" content=\"en_US\" \/>\n<meta property=\"og:type\" content=\"article\" \/>\n<meta property=\"og:title\" content=\"Confio - Kit Avulso da Cole\u00e7\u00e3o Prosa - Palavra para M\u00e1scaras e Toalhinhas - \ud835\udc1b\ud835\udc1a\ud835\udc33\ud835\udc1a\ud835\udc2b &amp; \ud835\udc1c\ud835\udc22\ud835\udc1a\" \/>\n<meta property=\"og:description\" content=\"Kit Avulso da Cole\u00e7\u00e3o Prosa - CONFIO A cole\u00e7\u00e3o prosa chegou pra dar um novo \u00e2nimo \u00e0 sua produ\u00e7\u00e3o de m\u00e1scaras e toalhinhas bordadas. Matrizes miudinhas pra bordar, com bom volume.\" \/>\n<meta property=\"og:url\" content=\"https:\/\/shop.bazarcia.com\/en\/product\/amor-kit-avulso-da-colecao-prosa-palavra-para-mascaras-e-toalhinhas-copia-copia\/\" \/>\n<meta property=\"og:site_name\" content=\"\ud835\udc1b\ud835\udc1a\ud835\udc33\ud835\udc1a\ud835\udc2b &amp; \ud835\udc1c\ud835\udc22\ud835\udc1a\" \/>\n<meta property=\"article:publisher\" content=\"https:\/\/www.facebook.com\/shopbazarcia\" \/>\n<meta property=\"article:modified_time\" content=\"2020-09-26T14:33:36+00:00\" \/>\n<meta property=\"og:image\" content=\"https:\/\/shop.bazarcia.com\/wp-content\/uploads\/2020\/08\/MaoD-Prosa-confioP.jpg\" \/>\n\t<meta property=\"og:image:width\" content=\"960\" \/>\n\t<meta property=\"og:image:height\" content=\"960\" \/>\n\t<meta property=\"og:image:type\" content=\"image\/jpeg\" \/>\n<meta name=\"twitter:card\" content=\"summary_large_image\" \/>\n<meta name=\"twitter:label1\" content=\"Est. reading time\" \/>\n\t<meta name=\"twitter:data1\" content=\"1 minute\" \/>\n<script type=\"application\/ld+json\" class=\"yoast-schema-graph\">{\"@context\":\"https:\/\/schema.org\",\"@graph\":[{\"@type\":\"WebPage\",\"@id\":\"https:\/\/shop.bazarcia.com\/en\/product\/amor-kit-avulso-da-colecao-prosa-palavra-para-mascaras-e-toalhinhas-copia-copia\/\",\"url\":\"https:\/\/shop.bazarcia.com\/en\/product\/amor-kit-avulso-da-colecao-prosa-palavra-para-mascaras-e-toalhinhas-copia-copia\/\",\"name\":\"Confio - Kit Avulso da Cole\u00e7\u00e3o Prosa - Palavra para M\u00e1scaras e Toalhinhas - \ud835\udc1b\ud835\udc1a\ud835\udc33\ud835\udc1a\ud835\udc2b &amp; \ud835\udc1c\ud835\udc22\ud835\udc1a\",\"isPartOf\":{\"@id\":\"https:\/\/shop.bazarcia.com\/#website\"},\"primaryImageOfPage\":{\"@id\":\"https:\/\/shop.bazarcia.com\/en\/product\/amor-kit-avulso-da-colecao-prosa-palavra-para-mascaras-e-toalhinhas-copia-copia\/#primaryimage\"},\"image\":{\"@id\":\"https:\/\/shop.bazarcia.com\/en\/product\/amor-kit-avulso-da-colecao-prosa-palavra-para-mascaras-e-toalhinhas-copia-copia\/#primaryimage\"},\"thumbnailUrl\":\"https:\/\/shop.bazarcia.com\/wp-content\/uploads\/2020\/08\/MaoD-Prosa-confioP.jpg\",\"datePublished\":\"2020-08-21T16:26:54+00:00\",\"dateModified\":\"2020-09-26T14:33:36+00:00\",\"breadcrumb\":{\"@id\":\"https:\/\/shop.bazarcia.com\/en\/product\/amor-kit-avulso-da-colecao-prosa-palavra-para-mascaras-e-toalhinhas-copia-copia\/#breadcrumb\"},\"inLanguage\":\"en-US\",\"potentialAction\":[{\"@type\":\"ReadAction\",\"target\":[\"https:\/\/shop.bazarcia.com\/en\/product\/amor-kit-avulso-da-colecao-prosa-palavra-para-mascaras-e-toalhinhas-copia-copia\/\"]}]},{\"@type\":\"ImageObject\",\"inLanguage\":\"en-US\",\"@id\":\"https:\/\/shop.bazarcia.com\/en\/product\/amor-kit-avulso-da-colecao-prosa-palavra-para-mascaras-e-toalhinhas-copia-copia\/#primaryimage\",\"url\":\"https:\/\/shop.bazarcia.com\/wp-content\/uploads\/2020\/08\/MaoD-Prosa-confioP.jpg\",\"contentUrl\":\"https:\/\/shop.bazarcia.com\/wp-content\/uploads\/2020\/08\/MaoD-Prosa-confioP.jpg\",\"width\":960,\"height\":960},{\"@type\":\"BreadcrumbList\",\"@id\":\"https:\/\/shop.bazarcia.com\/en\/product\/amor-kit-avulso-da-colecao-prosa-palavra-para-mascaras-e-toalhinhas-copia-copia\/#breadcrumb\",\"itemListElement\":[{\"@type\":\"ListItem\",\"position\":1,\"name\":\"In\u00edcio\",\"item\":\"https:\/\/shop.bazarcia.com\/\"},{\"@type\":\"ListItem\",\"position\":2,\"name\":\"Loja\",\"item\":\"https:\/\/shop.bazarcia.com\/loja\/\"},{\"@type\":\"ListItem\",\"position\":3,\"name\":\"Confio &#8211; Kit Avulso da Cole\u00e7\u00e3o Prosa &#8211; Palavra para M\u00e1scaras e Toalhinhas\"}]},{\"@type\":\"WebSite\",\"@id\":\"https:\/\/shop.bazarcia.com\/#website\",\"url\":\"https:\/\/shop.bazarcia.com\/\",\"name\":\"Bazar & Cia\",\"description\":\"criatividade ponto a ponto\",\"publisher\":{\"@id\":\"https:\/\/shop.bazarcia.com\/#organization\"},\"potentialAction\":[{\"@type\":\"SearchAction\",\"target\":{\"@type\":\"EntryPoint\",\"urlTemplate\":\"https:\/\/shop.bazarcia.com\/?s={search_term_string}\"},\"query-input\":{\"@type\":\"PropertyValueSpecification\",\"valueRequired\":true,\"valueName\":\"search_term_string\"}}],\"inLanguage\":\"en-US\"},{\"@type\":\"Organization\",\"@id\":\"https:\/\/shop.bazarcia.com\/#organization\",\"name\":\"Bazar & Cia\",\"url\":\"https:\/\/shop.bazarcia.com\/\",\"logo\":{\"@type\":\"ImageObject\",\"inLanguage\":\"en-US\",\"@id\":\"https:\/\/shop.bazarcia.com\/#\/schema\/logo\/image\/\",\"url\":\"https:\/\/shop.bazarcia.com\/wp-content\/uploads\/2024\/02\/cropped-logo_bazarcia.png\",\"contentUrl\":\"https:\/\/shop.bazarcia.com\/wp-content\/uploads\/2024\/02\/cropped-logo_bazarcia.png\",\"width\":150,\"height\":150,\"caption\":\"Bazar & Cia\"},\"image\":{\"@id\":\"https:\/\/shop.bazarcia.com\/#\/schema\/logo\/image\/\"},\"sameAs\":[\"https:\/\/www.facebook.com\/shopbazarcia\",\"https:\/\/www.instagram.com\/shopbazarcia\",\"https:\/\/br.pinterest.com\/suzane_eloise\/\",\"https:\/\/www.youtube.com\/c\/BazardoBordadoMatrizeseProjetos\"]}]}<\/script>\n<!-- \/ Yoast SEO plugin. -->","yoast_head_json":{"title":"Confio - Kit Avulso da Cole\u00e7\u00e3o Prosa - Palavra para M\u00e1scaras e Toalhinhas - \ud835\udc1b\ud835\udc1a\ud835\udc33\ud835\udc1a\ud835\udc2b &amp; \ud835\udc1c\ud835\udc22\ud835\udc1a","robots":{"index":"index","follow":"follow","max-snippet":"max-snippet:-1","max-image-preview":"max-image-preview:large","max-video-preview":"max-video-preview:-1"},"canonical":"https:\/\/shop.bazarcia.com\/en\/product\/amor-kit-avulso-da-colecao-prosa-palavra-para-mascaras-e-toalhinhas-copia-copia\/","og_locale":"en_US","og_type":"article","og_title":"Confio - Kit Avulso da Cole\u00e7\u00e3o Prosa - Palavra para M\u00e1scaras e Toalhinhas - \ud835\udc1b\ud835\udc1a\ud835\udc33\ud835\udc1a\ud835\udc2b &amp; \ud835\udc1c\ud835\udc22\ud835\udc1a","og_description":"Kit Avulso da Cole\u00e7\u00e3o Prosa - CONFIO A cole\u00e7\u00e3o prosa chegou pra dar um novo \u00e2nimo \u00e0 sua produ\u00e7\u00e3o de m\u00e1scaras e toalhinhas bordadas. Matrizes miudinhas pra bordar, com bom volume.","og_url":"https:\/\/shop.bazarcia.com\/en\/product\/amor-kit-avulso-da-colecao-prosa-palavra-para-mascaras-e-toalhinhas-copia-copia\/","og_site_name":"\ud835\udc1b\ud835\udc1a\ud835\udc33\ud835\udc1a\ud835\udc2b &amp; \ud835\udc1c\ud835\udc22\ud835\udc1a","article_publisher":"https:\/\/www.facebook.com\/shopbazarcia","article_modified_time":"2020-09-26T14:33:36+00:00","og_image":[{"width":960,"height":960,"url":"https:\/\/shop.bazarcia.com\/wp-content\/uploads\/2020\/08\/MaoD-Prosa-confioP.jpg","type":"image\/jpeg"}],"twitter_card":"summary_large_image","twitter_misc":{"Est. reading time":"1 minute"},"schema":{"@context":"https:\/\/schema.org","@graph":[{"@type":"WebPage","@id":"https:\/\/shop.bazarcia.com\/en\/product\/amor-kit-avulso-da-colecao-prosa-palavra-para-mascaras-e-toalhinhas-copia-copia\/","url":"https:\/\/shop.bazarcia.com\/en\/product\/amor-kit-avulso-da-colecao-prosa-palavra-para-mascaras-e-toalhinhas-copia-copia\/","name":"Confio - Kit Avulso da Cole\u00e7\u00e3o Prosa - Palavra para M\u00e1scaras e Toalhinhas - \ud835\udc1b\ud835\udc1a\ud835\udc33\ud835\udc1a\ud835\udc2b &amp; \ud835\udc1c\ud835\udc22\ud835\udc1a","isPartOf":{"@id":"https:\/\/shop.bazarcia.com\/#website"},"primaryImageOfPage":{"@id":"https:\/\/shop.bazarcia.com\/en\/product\/amor-kit-avulso-da-colecao-prosa-palavra-para-mascaras-e-toalhinhas-copia-copia\/#primaryimage"},"image":{"@id":"https:\/\/shop.bazarcia.com\/en\/product\/amor-kit-avulso-da-colecao-prosa-palavra-para-mascaras-e-toalhinhas-copia-copia\/#primaryimage"},"thumbnailUrl":"https:\/\/shop.bazarcia.com\/wp-content\/uploads\/2020\/08\/MaoD-Prosa-confioP.jpg","datePublished":"2020-08-21T16:26:54+00:00","dateModified":"2020-09-26T14:33:36+00:00","breadcrumb":{"@id":"https:\/\/shop.bazarcia.com\/en\/product\/amor-kit-avulso-da-colecao-prosa-palavra-para-mascaras-e-toalhinhas-copia-copia\/#breadcrumb"},"inLanguage":"en-US","potentialAction":[{"@type":"ReadAction","target":["https:\/\/shop.bazarcia.com\/en\/product\/amor-kit-avulso-da-colecao-prosa-palavra-para-mascaras-e-toalhinhas-copia-copia\/"]}]},{"@type":"ImageObject","inLanguage":"en-US","@id":"https:\/\/shop.bazarcia.com\/en\/product\/amor-kit-avulso-da-colecao-prosa-palavra-para-mascaras-e-toalhinhas-copia-copia\/#primaryimage","url":"https:\/\/shop.bazarcia.com\/wp-content\/uploads\/2020\/08\/MaoD-Prosa-confioP.jpg","contentUrl":"https:\/\/shop.bazarcia.com\/wp-content\/uploads\/2020\/08\/MaoD-Prosa-confioP.jpg","width":960,"height":960},{"@type":"BreadcrumbList","@id":"https:\/\/shop.bazarcia.com\/en\/product\/amor-kit-avulso-da-colecao-prosa-palavra-para-mascaras-e-toalhinhas-copia-copia\/#breadcrumb","itemListElement":[{"@type":"ListItem","position":1,"name":"In\u00edcio","item":"https:\/\/shop.bazarcia.com\/"},{"@type":"ListItem","position":2,"name":"Loja","item":"https:\/\/shop.bazarcia.com\/loja\/"},{"@type":"ListItem","position":3,"name":"Confio &#8211; Kit Avulso da Cole\u00e7\u00e3o Prosa &#8211; Palavra para M\u00e1scaras e Toalhinhas"}]},{"@type":"WebSite","@id":"https:\/\/shop.bazarcia.com\/#website","url":"https:\/\/shop.bazarcia.com\/","name":"Bazar & Cia","description":"criatividade ponto a ponto","publisher":{"@id":"https:\/\/shop.bazarcia.com\/#organization"},"potentialAction":[{"@type":"SearchAction","target":{"@type":"EntryPoint","urlTemplate":"https:\/\/shop.bazarcia.com\/?s={search_term_string}"},"query-input":{"@type":"PropertyValueSpecification","valueRequired":true,"valueName":"search_term_string"}}],"inLanguage":"en-US"},{"@type":"Organization","@id":"https:\/\/shop.bazarcia.com\/#organization","name":"Bazar & Cia","url":"https:\/\/shop.bazarcia.com\/","logo":{"@type":"ImageObject","inLanguage":"en-US","@id":"https:\/\/shop.bazarcia.com\/#\/schema\/logo\/image\/","url":"https:\/\/shop.bazarcia.com\/wp-content\/uploads\/2024\/02\/cropped-logo_bazarcia.png","contentUrl":"https:\/\/shop.bazarcia.com\/wp-content\/uploads\/2024\/02\/cropped-logo_bazarcia.png","width":150,"height":150,"caption":"Bazar & Cia"},"image":{"@id":"https:\/\/shop.bazarcia.com\/#\/schema\/logo\/image\/"},"sameAs":["https:\/\/www.facebook.com\/shopbazarcia","https:\/\/www.instagram.com\/shopbazarcia","https:\/\/br.pinterest.com\/suzane_eloise\/","https:\/\/www.youtube.com\/c\/BazardoBordadoMatrizeseProjetos"]}]}},"_links":{"self":[{"href":"https:\/\/shop.bazarcia.com\/en\/wp-json\/wp\/v2\/product\/45241","targetHints":{"allow":["GET"]}}],"collection":[{"href":"https:\/\/shop.bazarcia.com\/en\/wp-json\/wp\/v2\/product"}],"about":[{"href":"https:\/\/shop.bazarcia.com\/en\/wp-json\/wp\/v2\/types\/product"}],"replies":[{"embeddable":true,"href":"https:\/\/shop.bazarcia.com\/en\/wp-json\/wp\/v2\/comments?post=45241"}],"version-history":[{"count":0,"href":"https:\/\/shop.bazarcia.com\/en\/wp-json\/wp\/v2\/product\/45241\/revisions"}],"wp:featuredmedia":[{"embeddable":true,"href":"https:\/\/shop.bazarcia.com\/en\/wp-json\/wp\/v2\/media\/45200"}],"wp:attachment":[{"href":"https:\/\/shop.bazarcia.com\/en\/wp-json\/wp\/v2\/media?parent=45241"}],"wp:term":[{"taxonomy":"product_brand","embeddable":true,"href":"https:\/\/shop.bazarcia.com\/en\/wp-json\/wp\/v2\/product_brand?post=45241"},{"taxonomy":"product_cat","embeddable":true,"href":"https:\/\/shop.bazarcia.com\/en\/wp-json\/wp\/v2\/product_cat?post=45241"},{"taxonomy":"product_tag","embeddable":true,"href":"https:\/\/shop.bazarcia.com\/en\/wp-json\/wp\/v2\/product_tag?post=45241"}],"curies":[{"name":"wp","href":"https:\/\/api.w.org\/{rel}","templated":true}]}}