{"id":4807,"date":"2017-04-02T00:00:00","date_gmt":"2017-04-02T03:00:00","guid":{"rendered":"https:\/\/shop.bazarcia.com\/produto\/matrizes-de-bordado-sandalias-de-0-a-12-meses-4-tamanhos\/"},"modified":"2021-10-04T12:58:14","modified_gmt":"2021-10-04T15:58:14","slug":"matrizes-de-bordado-sandalias-de-0-a-12-meses-4-tamanhos","status":"publish","type":"product","link":"https:\/\/shop.bazarcia.com\/en\/product\/matrizes-de-bordado-sandalias-de-0-a-12-meses-4-tamanhos\/","title":{"rendered":"Projeto na Bordadeira &#8211; Sand\u00e1lias de 0 a 12 meses (4 Tamanhos)"},"content":{"rendered":"<p>O pacote cont\u00e9m 1 modelo de sand\u00e1lia, nos seguintes tamanhos:<\/p>\n<p>Tamanhos P-M-G-GG<br \/>\nP (0 a 3 meses)<br \/>\nM (3 a 6 meses)<br \/>\nG (6 a 9 meses)<br \/>\nGG (9 a 12 meses)<\/p>\n<p>Bastidores 13X18 ou 14&#215;20<\/p>\n<p>Observa\u00e7\u00e3o: com o mesmo modelo pode-se fazer variadas adapta\u00e7\u00f5es com detalhes para diferencia\u00e7\u00e3o!<\/p>\n<p>&nbsp;<\/p>\n<p>Matrizes para BAIXAR imediatamente ap\u00f3s a compra, nos formatos:<\/p>\n<p>PES<br \/>\nJEF<br \/>\nEXP<br \/>\nDST<br \/>\nXXX<\/p>","protected":false},"excerpt":{"rendered":"<p>O pacote cont\u00e9m 1 modelo de sand\u00e1lia, nos seguintes tamanhos:<\/p>\n<p>Tamanhos P-M-G-GG<br \/>\nP (0 a 3 meses)<br \/>\nM (3 a 6 meses)<br \/>\nG (6 a 9 meses)<br \/>\nGG (9 a 12 meses)<\/p>\n<p>Bastidores 13X18 ou 14&#215;20<\/p>\n<p>Observa\u00e7\u00e3o: n\u00e3o cont\u00e9m passo a passo desse modelo espec\u00edfico (\u00e9 necess\u00e1rio ter experi\u00eancia com projetos na bordadeira), mas deixaremos na aba &#8220;Material Auxiliar&#8221; um outro v\u00eddeo de um outro modelo de sand\u00e1lia que serve como base!<\/p>\n<p>com o mesmo modelo pode-se fazer variadas adapta\u00e7\u00f5es com detalhes para diferencia\u00e7\u00e3o!<\/p>","protected":false},"featured_media":3067,"comment_status":"open","ping_status":"closed","template":"","meta":{"_acf_changed":false,"_joinchat":[]},"product_brand":[],"product_cat":[98,1385,1392,1386,162],"product_tag":[1432,1435],"class_list":{"0":"post-4807","1":"product","2":"type-product","3":"status-publish","4":"has-post-thumbnail","6":"product_cat-projetos-na-bordadeira-in-the-hoop-embroidery","7":"product_cat-projetos-para-bastidor-13x18","8":"product_cat-projetos-para-bastidor-14x20","9":"product_cat-projetos-para-bastidor-15x26-ou-16x26","10":"product_cat-projeto-sandalias-de-bebe-na-bordadeira","11":"product_tag-matrizes-de-bordado","12":"product_tag-projeto-na-bordadeira-ith","14":"first","15":"instock","16":"sale","17":"downloadable","18":"virtual","19":"purchasable","20":"product-type-simple"},"acf":[],"yoast_head":"<!-- This site is optimized with the Yoast SEO plugin v27.2 - https:\/\/yoast.com\/product\/yoast-seo-wordpress\/ -->\n<title>Projeto na Bordadeira - Sand\u00e1lias de 0 a 12 meses (4 Tamanhos) - \ud835\udc1b\ud835\udc1a\ud835\udc33\ud835\udc1a\ud835\udc2b &amp; \ud835\udc1c\ud835\udc22\ud835\udc1a<\/title>\n<meta name=\"robots\" content=\"index, follow, max-snippet:-1, max-image-preview:large, max-video-preview:-1\" \/>\n<link rel=\"canonical\" href=\"https:\/\/shop.bazarcia.com\/en\/product\/matrizes-de-bordado-sandalias-de-0-a-12-meses-4-tamanhos\/\" \/>\n<meta property=\"og:locale\" content=\"en_US\" \/>\n<meta property=\"og:type\" content=\"article\" \/>\n<meta property=\"og:title\" content=\"Projeto na Bordadeira - Sand\u00e1lias de 0 a 12 meses (4 Tamanhos) - \ud835\udc1b\ud835\udc1a\ud835\udc33\ud835\udc1a\ud835\udc2b &amp; \ud835\udc1c\ud835\udc22\ud835\udc1a\" \/>\n<meta property=\"og:description\" content=\"O pacote cont\u00e9m 1 modelo de sand\u00e1lia, nos seguintes tamanhos:  Tamanhos P-M-G-GG P (0 a 3 meses) M (3 a 6 meses) G (6 a 9 meses) GG (9 a 12 meses)  Bastidores 13X18 ou 14x20  Observa\u00e7\u00e3o: n\u00e3o cont\u00e9m passo a passo desse modelo espec\u00edfico (\u00e9 necess\u00e1rio ter experi\u00eancia com projetos na bordadeira), mas deixaremos na aba &quot;Material Auxiliar&quot; um outro v\u00eddeo de um outro modelo de sand\u00e1lia que serve como base!  com o mesmo modelo pode-se fazer variadas adapta\u00e7\u00f5es com detalhes para diferencia\u00e7\u00e3o!\" \/>\n<meta property=\"og:url\" content=\"https:\/\/shop.bazarcia.com\/en\/product\/matrizes-de-bordado-sandalias-de-0-a-12-meses-4-tamanhos\/\" \/>\n<meta property=\"og:site_name\" content=\"\ud835\udc1b\ud835\udc1a\ud835\udc33\ud835\udc1a\ud835\udc2b &amp; \ud835\udc1c\ud835\udc22\ud835\udc1a\" \/>\n<meta property=\"article:publisher\" content=\"https:\/\/www.facebook.com\/shopbazarcia\" \/>\n<meta property=\"article:modified_time\" content=\"2021-10-04T15:58:14+00:00\" \/>\n<meta property=\"og:image\" content=\"https:\/\/shop.bazarcia.com\/wp-content\/uploads\/2019\/12\/Sapatinhos1-scaled.jpg\" \/>\n\t<meta property=\"og:image:width\" content=\"2560\" \/>\n\t<meta property=\"og:image:height\" content=\"1440\" \/>\n\t<meta property=\"og:image:type\" content=\"image\/jpeg\" \/>\n<meta name=\"twitter:card\" content=\"summary_large_image\" \/>\n<meta name=\"twitter:label1\" content=\"Est. reading time\" \/>\n\t<meta name=\"twitter:data1\" content=\"1 minute\" \/>\n<script type=\"application\/ld+json\" class=\"yoast-schema-graph\">{\"@context\":\"https:\/\/schema.org\",\"@graph\":[{\"@type\":\"WebPage\",\"@id\":\"https:\/\/shop.bazarcia.com\/produto\/matrizes-de-bordado-sandalias-de-0-a-12-meses-4-tamanhos\/\",\"url\":\"https:\/\/shop.bazarcia.com\/produto\/matrizes-de-bordado-sandalias-de-0-a-12-meses-4-tamanhos\/\",\"name\":\"Projeto na Bordadeira - Sand\u00e1lias de 0 a 12 meses (4 Tamanhos) - \ud835\udc1b\ud835\udc1a\ud835\udc33\ud835\udc1a\ud835\udc2b &amp; \ud835\udc1c\ud835\udc22\ud835\udc1a\",\"isPartOf\":{\"@id\":\"https:\/\/shop.bazarcia.com\/#website\"},\"primaryImageOfPage\":{\"@id\":\"https:\/\/shop.bazarcia.com\/produto\/matrizes-de-bordado-sandalias-de-0-a-12-meses-4-tamanhos\/#primaryimage\"},\"image\":{\"@id\":\"https:\/\/shop.bazarcia.com\/produto\/matrizes-de-bordado-sandalias-de-0-a-12-meses-4-tamanhos\/#primaryimage\"},\"thumbnailUrl\":\"https:\/\/shop.bazarcia.com\/wp-content\/uploads\/2019\/12\/Sapatinhos1-scaled.jpg\",\"datePublished\":\"2017-04-02T03:00:00+00:00\",\"dateModified\":\"2021-10-04T15:58:14+00:00\",\"breadcrumb\":{\"@id\":\"https:\/\/shop.bazarcia.com\/produto\/matrizes-de-bordado-sandalias-de-0-a-12-meses-4-tamanhos\/#breadcrumb\"},\"inLanguage\":\"en-US\",\"potentialAction\":[{\"@type\":\"ReadAction\",\"target\":[\"https:\/\/shop.bazarcia.com\/produto\/matrizes-de-bordado-sandalias-de-0-a-12-meses-4-tamanhos\/\"]}]},{\"@type\":\"ImageObject\",\"inLanguage\":\"en-US\",\"@id\":\"https:\/\/shop.bazarcia.com\/produto\/matrizes-de-bordado-sandalias-de-0-a-12-meses-4-tamanhos\/#primaryimage\",\"url\":\"https:\/\/shop.bazarcia.com\/wp-content\/uploads\/2019\/12\/Sapatinhos1-scaled.jpg\",\"contentUrl\":\"https:\/\/shop.bazarcia.com\/wp-content\/uploads\/2019\/12\/Sapatinhos1-scaled.jpg\",\"width\":2560,\"height\":1440},{\"@type\":\"BreadcrumbList\",\"@id\":\"https:\/\/shop.bazarcia.com\/produto\/matrizes-de-bordado-sandalias-de-0-a-12-meses-4-tamanhos\/#breadcrumb\",\"itemListElement\":[{\"@type\":\"ListItem\",\"position\":1,\"name\":\"In\u00edcio\",\"item\":\"https:\/\/shop.bazarcia.com\/\"},{\"@type\":\"ListItem\",\"position\":2,\"name\":\"Loja\",\"item\":\"https:\/\/shop.bazarcia.com\/loja\/\"},{\"@type\":\"ListItem\",\"position\":3,\"name\":\"Projeto na Bordadeira &#8211; Sand\u00e1lias de 0 a 12 meses (4 Tamanhos)\"}]},{\"@type\":\"WebSite\",\"@id\":\"https:\/\/shop.bazarcia.com\/#website\",\"url\":\"https:\/\/shop.bazarcia.com\/\",\"name\":\"Bazar & Cia\",\"description\":\"criatividade ponto a ponto\",\"publisher\":{\"@id\":\"https:\/\/shop.bazarcia.com\/#organization\"},\"potentialAction\":[{\"@type\":\"SearchAction\",\"target\":{\"@type\":\"EntryPoint\",\"urlTemplate\":\"https:\/\/shop.bazarcia.com\/?s={search_term_string}\"},\"query-input\":{\"@type\":\"PropertyValueSpecification\",\"valueRequired\":true,\"valueName\":\"search_term_string\"}}],\"inLanguage\":\"en-US\"},{\"@type\":\"Organization\",\"@id\":\"https:\/\/shop.bazarcia.com\/#organization\",\"name\":\"Bazar & Cia\",\"url\":\"https:\/\/shop.bazarcia.com\/\",\"logo\":{\"@type\":\"ImageObject\",\"inLanguage\":\"en-US\",\"@id\":\"https:\/\/shop.bazarcia.com\/#\/schema\/logo\/image\/\",\"url\":\"https:\/\/shop.bazarcia.com\/wp-content\/uploads\/2024\/02\/cropped-logo_bazarcia.png\",\"contentUrl\":\"https:\/\/shop.bazarcia.com\/wp-content\/uploads\/2024\/02\/cropped-logo_bazarcia.png\",\"width\":150,\"height\":150,\"caption\":\"Bazar & Cia\"},\"image\":{\"@id\":\"https:\/\/shop.bazarcia.com\/#\/schema\/logo\/image\/\"},\"sameAs\":[\"https:\/\/www.facebook.com\/shopbazarcia\",\"https:\/\/www.instagram.com\/shopbazarcia\",\"https:\/\/br.pinterest.com\/suzane_eloise\/\",\"https:\/\/www.youtube.com\/c\/BazardoBordadoMatrizeseProjetos\"]}]}<\/script>\n<!-- \/ Yoast SEO plugin. -->","yoast_head_json":{"title":"Projeto na Bordadeira - Sand\u00e1lias de 0 a 12 meses (4 Tamanhos) - \ud835\udc1b\ud835\udc1a\ud835\udc33\ud835\udc1a\ud835\udc2b &amp; \ud835\udc1c\ud835\udc22\ud835\udc1a","robots":{"index":"index","follow":"follow","max-snippet":"max-snippet:-1","max-image-preview":"max-image-preview:large","max-video-preview":"max-video-preview:-1"},"canonical":"https:\/\/shop.bazarcia.com\/en\/product\/matrizes-de-bordado-sandalias-de-0-a-12-meses-4-tamanhos\/","og_locale":"en_US","og_type":"article","og_title":"Projeto na Bordadeira - Sand\u00e1lias de 0 a 12 meses (4 Tamanhos) - \ud835\udc1b\ud835\udc1a\ud835\udc33\ud835\udc1a\ud835\udc2b &amp; \ud835\udc1c\ud835\udc22\ud835\udc1a","og_description":"O pacote cont\u00e9m 1 modelo de sand\u00e1lia, nos seguintes tamanhos:  Tamanhos P-M-G-GG P (0 a 3 meses) M (3 a 6 meses) G (6 a 9 meses) GG (9 a 12 meses)  Bastidores 13X18 ou 14x20  Observa\u00e7\u00e3o: n\u00e3o cont\u00e9m passo a passo desse modelo espec\u00edfico (\u00e9 necess\u00e1rio ter experi\u00eancia com projetos na bordadeira), mas deixaremos na aba \"Material Auxiliar\" um outro v\u00eddeo de um outro modelo de sand\u00e1lia que serve como base!  com o mesmo modelo pode-se fazer variadas adapta\u00e7\u00f5es com detalhes para diferencia\u00e7\u00e3o!","og_url":"https:\/\/shop.bazarcia.com\/en\/product\/matrizes-de-bordado-sandalias-de-0-a-12-meses-4-tamanhos\/","og_site_name":"\ud835\udc1b\ud835\udc1a\ud835\udc33\ud835\udc1a\ud835\udc2b &amp; \ud835\udc1c\ud835\udc22\ud835\udc1a","article_publisher":"https:\/\/www.facebook.com\/shopbazarcia","article_modified_time":"2021-10-04T15:58:14+00:00","og_image":[{"width":2560,"height":1440,"url":"https:\/\/shop.bazarcia.com\/wp-content\/uploads\/2019\/12\/Sapatinhos1-scaled.jpg","type":"image\/jpeg"}],"twitter_card":"summary_large_image","twitter_misc":{"Est. reading time":"1 minute"},"schema":{"@context":"https:\/\/schema.org","@graph":[{"@type":"WebPage","@id":"https:\/\/shop.bazarcia.com\/produto\/matrizes-de-bordado-sandalias-de-0-a-12-meses-4-tamanhos\/","url":"https:\/\/shop.bazarcia.com\/produto\/matrizes-de-bordado-sandalias-de-0-a-12-meses-4-tamanhos\/","name":"Projeto na Bordadeira - Sand\u00e1lias de 0 a 12 meses (4 Tamanhos) - \ud835\udc1b\ud835\udc1a\ud835\udc33\ud835\udc1a\ud835\udc2b &amp; \ud835\udc1c\ud835\udc22\ud835\udc1a","isPartOf":{"@id":"https:\/\/shop.bazarcia.com\/#website"},"primaryImageOfPage":{"@id":"https:\/\/shop.bazarcia.com\/produto\/matrizes-de-bordado-sandalias-de-0-a-12-meses-4-tamanhos\/#primaryimage"},"image":{"@id":"https:\/\/shop.bazarcia.com\/produto\/matrizes-de-bordado-sandalias-de-0-a-12-meses-4-tamanhos\/#primaryimage"},"thumbnailUrl":"https:\/\/shop.bazarcia.com\/wp-content\/uploads\/2019\/12\/Sapatinhos1-scaled.jpg","datePublished":"2017-04-02T03:00:00+00:00","dateModified":"2021-10-04T15:58:14+00:00","breadcrumb":{"@id":"https:\/\/shop.bazarcia.com\/produto\/matrizes-de-bordado-sandalias-de-0-a-12-meses-4-tamanhos\/#breadcrumb"},"inLanguage":"en-US","potentialAction":[{"@type":"ReadAction","target":["https:\/\/shop.bazarcia.com\/produto\/matrizes-de-bordado-sandalias-de-0-a-12-meses-4-tamanhos\/"]}]},{"@type":"ImageObject","inLanguage":"en-US","@id":"https:\/\/shop.bazarcia.com\/produto\/matrizes-de-bordado-sandalias-de-0-a-12-meses-4-tamanhos\/#primaryimage","url":"https:\/\/shop.bazarcia.com\/wp-content\/uploads\/2019\/12\/Sapatinhos1-scaled.jpg","contentUrl":"https:\/\/shop.bazarcia.com\/wp-content\/uploads\/2019\/12\/Sapatinhos1-scaled.jpg","width":2560,"height":1440},{"@type":"BreadcrumbList","@id":"https:\/\/shop.bazarcia.com\/produto\/matrizes-de-bordado-sandalias-de-0-a-12-meses-4-tamanhos\/#breadcrumb","itemListElement":[{"@type":"ListItem","position":1,"name":"In\u00edcio","item":"https:\/\/shop.bazarcia.com\/"},{"@type":"ListItem","position":2,"name":"Loja","item":"https:\/\/shop.bazarcia.com\/loja\/"},{"@type":"ListItem","position":3,"name":"Projeto na Bordadeira &#8211; Sand\u00e1lias de 0 a 12 meses (4 Tamanhos)"}]},{"@type":"WebSite","@id":"https:\/\/shop.bazarcia.com\/#website","url":"https:\/\/shop.bazarcia.com\/","name":"Bazar & Cia","description":"criatividade ponto a ponto","publisher":{"@id":"https:\/\/shop.bazarcia.com\/#organization"},"potentialAction":[{"@type":"SearchAction","target":{"@type":"EntryPoint","urlTemplate":"https:\/\/shop.bazarcia.com\/?s={search_term_string}"},"query-input":{"@type":"PropertyValueSpecification","valueRequired":true,"valueName":"search_term_string"}}],"inLanguage":"en-US"},{"@type":"Organization","@id":"https:\/\/shop.bazarcia.com\/#organization","name":"Bazar & Cia","url":"https:\/\/shop.bazarcia.com\/","logo":{"@type":"ImageObject","inLanguage":"en-US","@id":"https:\/\/shop.bazarcia.com\/#\/schema\/logo\/image\/","url":"https:\/\/shop.bazarcia.com\/wp-content\/uploads\/2024\/02\/cropped-logo_bazarcia.png","contentUrl":"https:\/\/shop.bazarcia.com\/wp-content\/uploads\/2024\/02\/cropped-logo_bazarcia.png","width":150,"height":150,"caption":"Bazar & Cia"},"image":{"@id":"https:\/\/shop.bazarcia.com\/#\/schema\/logo\/image\/"},"sameAs":["https:\/\/www.facebook.com\/shopbazarcia","https:\/\/www.instagram.com\/shopbazarcia","https:\/\/br.pinterest.com\/suzane_eloise\/","https:\/\/www.youtube.com\/c\/BazardoBordadoMatrizeseProjetos"]}]}},"_links":{"self":[{"href":"https:\/\/shop.bazarcia.com\/en\/wp-json\/wp\/v2\/product\/4807","targetHints":{"allow":["GET"]}}],"collection":[{"href":"https:\/\/shop.bazarcia.com\/en\/wp-json\/wp\/v2\/product"}],"about":[{"href":"https:\/\/shop.bazarcia.com\/en\/wp-json\/wp\/v2\/types\/product"}],"replies":[{"embeddable":true,"href":"https:\/\/shop.bazarcia.com\/en\/wp-json\/wp\/v2\/comments?post=4807"}],"version-history":[{"count":0,"href":"https:\/\/shop.bazarcia.com\/en\/wp-json\/wp\/v2\/product\/4807\/revisions"}],"wp:featuredmedia":[{"embeddable":true,"href":"https:\/\/shop.bazarcia.com\/en\/wp-json\/wp\/v2\/media\/3067"}],"wp:attachment":[{"href":"https:\/\/shop.bazarcia.com\/en\/wp-json\/wp\/v2\/media?parent=4807"}],"wp:term":[{"taxonomy":"product_brand","embeddable":true,"href":"https:\/\/shop.bazarcia.com\/en\/wp-json\/wp\/v2\/product_brand?post=4807"},{"taxonomy":"product_cat","embeddable":true,"href":"https:\/\/shop.bazarcia.com\/en\/wp-json\/wp\/v2\/product_cat?post=4807"},{"taxonomy":"product_tag","embeddable":true,"href":"https:\/\/shop.bazarcia.com\/en\/wp-json\/wp\/v2\/product_tag?post=4807"}],"curies":[{"name":"wp","href":"https:\/\/api.w.org\/{rel}","templated":true}]}}