{"id":48224,"date":"2020-09-02T17:40:06","date_gmt":"2020-09-02T20:40:06","guid":{"rendered":"https:\/\/shop.bazarcia.com\/?post_type=product&#038;p=48224"},"modified":"2021-07-14T13:42:40","modified_gmt":"2021-07-14T16:42:40","slug":"matrizes-de-bordado-projeto-paninho-divertido-ursinho-knistertuch-ith","status":"publish","type":"product","link":"https:\/\/shop.bazarcia.com\/en\/product\/matrizes-de-bordado-projeto-paninho-divertido-ursinho-knistertuch-ith\/","title":{"rendered":"Projeto na Bordadeira &#8211; Paninho Divertido Ursinho [Knistertuch ITH]"},"content":{"rendered":"<p>Este produto s\u00e3o matrizes para m\u00e1quinas de bordar computadorizadas.<\/p>\n<p>Os arquivos referentes a estas matrizes poder\u00e3o ser Baixados no site logo ap\u00f3s a confirma\u00e7\u00e3o de pagamento.<\/p>\n<p>Tamanhos 10 cm, 13cm e 16cm.<\/p>\n<p>Bastidores: 10&#215;10, 13&#215;18 &#8211; 14&#215;14 &#8211; 14&#215;20 e 16&#215;26.<\/p>\n<p>Arquivos compat&iacute;veis com v&aacute;rios tipos e modelos de m&aacute;quinas, dispon&iacute;veis em pasta compactada &lt;strong&gt;(ZIP)&lt;\/strong&gt; com os seguintes formatos :<\/p>\n<p>&lt;strong&gt;PES &ndash; JEF &ndash; EXP &ndash; DST &ndash; HUS &ndash; XXX&lt;\/strong&gt;<\/p>\n<p>Inclui tamb\u00e9m um PAP (Passo a passo) todo detalhado em fotos e explica\u00e7\u00e3o em formato PDF.<\/p>\n<p>&amp;nbsp;<\/p>","protected":false},"excerpt":{"rendered":"<p>Voc\u00ea vai aprender a desenvolver esse projeto na sua m\u00e1quina de bordar, atrav\u00e9s de um PAP (Passo a Passo) todo detalhado em fotos e explica\u00e7\u00f5es.&amp;nbsp;<\/p>\n<p>Os arquivos referentes a estas matrizes poder\u00e3o ser Baixados no site logo ap\u00f3s a confirma\u00e7\u00e3o de pagamento!&amp;nbsp;<\/p>\n<p>Tamanhos 10cm, 13cm e 16cm.<\/p>\n<p>Bastidores:&amp;nbsp; 10&#215;10,13&#215;18 &#8211; 14&#215;14 &#8211; 14&#215;20 e 16&#215;26.<\/p>\n<p>Arquivos compat&iacute;veis com v&aacute;rios tipos e modelos de m&aacute;quinas, dispon&iacute;veis em pasta compactada &lt;strong&gt;(ZIP)&lt;\/strong&gt; com os seguintes formatos :<\/p>\n<p>&lt;strong&gt;PES &ndash; JEF &ndash; EXP &ndash; DST &ndash; HUS &ndash; XXX&lt;\/strong&gt;<\/p>\n<p>PAP (Passo a passo) em formato PDF.<\/p>\n<p>&amp;nbsp;<\/p>","protected":false},"featured_media":48226,"comment_status":"open","ping_status":"closed","template":"","meta":{"_acf_changed":false,"_joinchat":[]},"product_brand":[],"product_cat":[213,98],"product_tag":[],"class_list":{"0":"post-48224","1":"product","2":"type-product","3":"status-publish","4":"has-post-thumbnail","6":"product_cat-projeto-naninhas-na-bordadeira","7":"product_cat-projetos-na-bordadeira-in-the-hoop-embroidery","9":"first","10":"instock","11":"downloadable","12":"virtual","13":"purchasable","14":"product-type-simple"},"acf":[],"yoast_head":"<!-- This site is optimized with the Yoast SEO plugin v27.2 - https:\/\/yoast.com\/product\/yoast-seo-wordpress\/ -->\n<title>Projeto na Bordadeira - Paninho Divertido Ursinho [Knistertuch ITH] - \ud835\udc1b\ud835\udc1a\ud835\udc33\ud835\udc1a\ud835\udc2b &amp; \ud835\udc1c\ud835\udc22\ud835\udc1a<\/title>\n<meta name=\"robots\" content=\"index, follow, max-snippet:-1, max-image-preview:large, max-video-preview:-1\" \/>\n<link rel=\"canonical\" href=\"https:\/\/shop.bazarcia.com\/en\/product\/matrizes-de-bordado-projeto-paninho-divertido-ursinho-knistertuch-ith\/\" \/>\n<meta property=\"og:locale\" content=\"en_US\" \/>\n<meta property=\"og:type\" content=\"article\" \/>\n<meta property=\"og:title\" content=\"Projeto na Bordadeira - Paninho Divertido Ursinho [Knistertuch ITH] - \ud835\udc1b\ud835\udc1a\ud835\udc33\ud835\udc1a\ud835\udc2b &amp; \ud835\udc1c\ud835\udc22\ud835\udc1a\" \/>\n<meta property=\"og:description\" content=\"Voc\u00ea vai aprender a desenvolver esse projeto na sua m\u00e1quina de bordar, atrav\u00e9s de um PAP (Passo a Passo) todo detalhado em fotos e explica\u00e7\u00f5es.&amp;nbsp;  Os arquivos referentes a estas matrizes poder\u00e3o ser Baixados no site logo ap\u00f3s a confirma\u00e7\u00e3o de pagamento!&amp;nbsp;  Tamanhos 10cm, 13cm e 16cm.  Bastidores:&amp;nbsp; 10x10,13x18 - 14x14 - 14x20 e 16x26.  Arquivos compat\u00edveis com v\u00e1rios tipos e modelos de m\u00e1quinas, dispon\u00edveis em pasta compactada &lt;strong&gt;(ZIP)&lt;\/strong&gt; com os seguintes formatos :  &lt;strong&gt;PES \u2013 JEF \u2013 EXP \u2013 DST \u2013 HUS \u2013 XXX&lt;\/strong&gt;  PAP (Passo a passo) em formato PDF.  &amp;nbsp;\" \/>\n<meta property=\"og:url\" content=\"https:\/\/shop.bazarcia.com\/en\/product\/matrizes-de-bordado-projeto-paninho-divertido-ursinho-knistertuch-ith\/\" \/>\n<meta property=\"og:site_name\" content=\"\ud835\udc1b\ud835\udc1a\ud835\udc33\ud835\udc1a\ud835\udc2b &amp; \ud835\udc1c\ud835\udc22\ud835\udc1a\" \/>\n<meta property=\"article:publisher\" content=\"https:\/\/www.facebook.com\/shopbazarcia\" \/>\n<meta property=\"article:modified_time\" content=\"2021-07-14T16:42:40+00:00\" \/>\n<meta property=\"og:image\" content=\"https:\/\/shop.bazarcia.com\/wp-content\/uploads\/2020\/09\/52115487_1999723653476957_6273104562521899008_o-300x300-1.jpg\" \/>\n\t<meta property=\"og:image:width\" content=\"300\" \/>\n\t<meta property=\"og:image:height\" content=\"300\" \/>\n\t<meta property=\"og:image:type\" content=\"image\/jpeg\" \/>\n<meta name=\"twitter:card\" content=\"summary_large_image\" \/>\n<meta name=\"twitter:label1\" content=\"Est. reading time\" \/>\n\t<meta name=\"twitter:data1\" content=\"1 minute\" \/>\n<script type=\"application\/ld+json\" class=\"yoast-schema-graph\">{\"@context\":\"https:\/\/schema.org\",\"@graph\":[{\"@type\":\"WebPage\",\"@id\":\"https:\/\/shop.bazarcia.com\/produto\/matrizes-de-bordado-projeto-paninho-divertido-ursinho-knistertuch-ith\/\",\"url\":\"https:\/\/shop.bazarcia.com\/produto\/matrizes-de-bordado-projeto-paninho-divertido-ursinho-knistertuch-ith\/\",\"name\":\"Projeto na Bordadeira - Paninho Divertido Ursinho [Knistertuch ITH] - \ud835\udc1b\ud835\udc1a\ud835\udc33\ud835\udc1a\ud835\udc2b &amp; \ud835\udc1c\ud835\udc22\ud835\udc1a\",\"isPartOf\":{\"@id\":\"https:\/\/shop.bazarcia.com\/#website\"},\"primaryImageOfPage\":{\"@id\":\"https:\/\/shop.bazarcia.com\/produto\/matrizes-de-bordado-projeto-paninho-divertido-ursinho-knistertuch-ith\/#primaryimage\"},\"image\":{\"@id\":\"https:\/\/shop.bazarcia.com\/produto\/matrizes-de-bordado-projeto-paninho-divertido-ursinho-knistertuch-ith\/#primaryimage\"},\"thumbnailUrl\":\"https:\/\/shop.bazarcia.com\/wp-content\/uploads\/2020\/09\/52115487_1999723653476957_6273104562521899008_o-300x300-1.jpg\",\"datePublished\":\"2020-09-02T20:40:06+00:00\",\"dateModified\":\"2021-07-14T16:42:40+00:00\",\"breadcrumb\":{\"@id\":\"https:\/\/shop.bazarcia.com\/produto\/matrizes-de-bordado-projeto-paninho-divertido-ursinho-knistertuch-ith\/#breadcrumb\"},\"inLanguage\":\"en-US\",\"potentialAction\":[{\"@type\":\"ReadAction\",\"target\":[\"https:\/\/shop.bazarcia.com\/produto\/matrizes-de-bordado-projeto-paninho-divertido-ursinho-knistertuch-ith\/\"]}]},{\"@type\":\"ImageObject\",\"inLanguage\":\"en-US\",\"@id\":\"https:\/\/shop.bazarcia.com\/produto\/matrizes-de-bordado-projeto-paninho-divertido-ursinho-knistertuch-ith\/#primaryimage\",\"url\":\"https:\/\/shop.bazarcia.com\/wp-content\/uploads\/2020\/09\/52115487_1999723653476957_6273104562521899008_o-300x300-1.jpg\",\"contentUrl\":\"https:\/\/shop.bazarcia.com\/wp-content\/uploads\/2020\/09\/52115487_1999723653476957_6273104562521899008_o-300x300-1.jpg\",\"width\":300,\"height\":300},{\"@type\":\"BreadcrumbList\",\"@id\":\"https:\/\/shop.bazarcia.com\/produto\/matrizes-de-bordado-projeto-paninho-divertido-ursinho-knistertuch-ith\/#breadcrumb\",\"itemListElement\":[{\"@type\":\"ListItem\",\"position\":1,\"name\":\"In\u00edcio\",\"item\":\"https:\/\/shop.bazarcia.com\/\"},{\"@type\":\"ListItem\",\"position\":2,\"name\":\"Loja\",\"item\":\"https:\/\/shop.bazarcia.com\/loja\/\"},{\"@type\":\"ListItem\",\"position\":3,\"name\":\"Projeto na Bordadeira &#8211; Paninho Divertido Ursinho [Knistertuch ITH]\"}]},{\"@type\":\"WebSite\",\"@id\":\"https:\/\/shop.bazarcia.com\/#website\",\"url\":\"https:\/\/shop.bazarcia.com\/\",\"name\":\"Bazar & Cia\",\"description\":\"criatividade ponto a ponto\",\"publisher\":{\"@id\":\"https:\/\/shop.bazarcia.com\/#organization\"},\"potentialAction\":[{\"@type\":\"SearchAction\",\"target\":{\"@type\":\"EntryPoint\",\"urlTemplate\":\"https:\/\/shop.bazarcia.com\/?s={search_term_string}\"},\"query-input\":{\"@type\":\"PropertyValueSpecification\",\"valueRequired\":true,\"valueName\":\"search_term_string\"}}],\"inLanguage\":\"en-US\"},{\"@type\":\"Organization\",\"@id\":\"https:\/\/shop.bazarcia.com\/#organization\",\"name\":\"Bazar & Cia\",\"url\":\"https:\/\/shop.bazarcia.com\/\",\"logo\":{\"@type\":\"ImageObject\",\"inLanguage\":\"en-US\",\"@id\":\"https:\/\/shop.bazarcia.com\/#\/schema\/logo\/image\/\",\"url\":\"https:\/\/shop.bazarcia.com\/wp-content\/uploads\/2024\/02\/cropped-logo_bazarcia.png\",\"contentUrl\":\"https:\/\/shop.bazarcia.com\/wp-content\/uploads\/2024\/02\/cropped-logo_bazarcia.png\",\"width\":150,\"height\":150,\"caption\":\"Bazar & Cia\"},\"image\":{\"@id\":\"https:\/\/shop.bazarcia.com\/#\/schema\/logo\/image\/\"},\"sameAs\":[\"https:\/\/www.facebook.com\/shopbazarcia\",\"https:\/\/www.instagram.com\/shopbazarcia\",\"https:\/\/br.pinterest.com\/suzane_eloise\/\",\"https:\/\/www.youtube.com\/c\/BazardoBordadoMatrizeseProjetos\"]}]}<\/script>\n<!-- \/ Yoast SEO plugin. -->","yoast_head_json":{"title":"Projeto na Bordadeira - Paninho Divertido Ursinho [Knistertuch ITH] - \ud835\udc1b\ud835\udc1a\ud835\udc33\ud835\udc1a\ud835\udc2b &amp; \ud835\udc1c\ud835\udc22\ud835\udc1a","robots":{"index":"index","follow":"follow","max-snippet":"max-snippet:-1","max-image-preview":"max-image-preview:large","max-video-preview":"max-video-preview:-1"},"canonical":"https:\/\/shop.bazarcia.com\/en\/product\/matrizes-de-bordado-projeto-paninho-divertido-ursinho-knistertuch-ith\/","og_locale":"en_US","og_type":"article","og_title":"Projeto na Bordadeira - Paninho Divertido Ursinho [Knistertuch ITH] - \ud835\udc1b\ud835\udc1a\ud835\udc33\ud835\udc1a\ud835\udc2b &amp; \ud835\udc1c\ud835\udc22\ud835\udc1a","og_description":"Voc\u00ea vai aprender a desenvolver esse projeto na sua m\u00e1quina de bordar, atrav\u00e9s de um PAP (Passo a Passo) todo detalhado em fotos e explica\u00e7\u00f5es.&amp;nbsp;  Os arquivos referentes a estas matrizes poder\u00e3o ser Baixados no site logo ap\u00f3s a confirma\u00e7\u00e3o de pagamento!&amp;nbsp;  Tamanhos 10cm, 13cm e 16cm.  Bastidores:&amp;nbsp; 10x10,13x18 - 14x14 - 14x20 e 16x26.  Arquivos compat\u00edveis com v\u00e1rios tipos e modelos de m\u00e1quinas, dispon\u00edveis em pasta compactada &lt;strong&gt;(ZIP)&lt;\/strong&gt; com os seguintes formatos :  &lt;strong&gt;PES \u2013 JEF \u2013 EXP \u2013 DST \u2013 HUS \u2013 XXX&lt;\/strong&gt;  PAP (Passo a passo) em formato PDF.  &amp;nbsp;","og_url":"https:\/\/shop.bazarcia.com\/en\/product\/matrizes-de-bordado-projeto-paninho-divertido-ursinho-knistertuch-ith\/","og_site_name":"\ud835\udc1b\ud835\udc1a\ud835\udc33\ud835\udc1a\ud835\udc2b &amp; \ud835\udc1c\ud835\udc22\ud835\udc1a","article_publisher":"https:\/\/www.facebook.com\/shopbazarcia","article_modified_time":"2021-07-14T16:42:40+00:00","og_image":[{"width":300,"height":300,"url":"https:\/\/shop.bazarcia.com\/wp-content\/uploads\/2020\/09\/52115487_1999723653476957_6273104562521899008_o-300x300-1.jpg","type":"image\/jpeg"}],"twitter_card":"summary_large_image","twitter_misc":{"Est. reading time":"1 minute"},"schema":{"@context":"https:\/\/schema.org","@graph":[{"@type":"WebPage","@id":"https:\/\/shop.bazarcia.com\/produto\/matrizes-de-bordado-projeto-paninho-divertido-ursinho-knistertuch-ith\/","url":"https:\/\/shop.bazarcia.com\/produto\/matrizes-de-bordado-projeto-paninho-divertido-ursinho-knistertuch-ith\/","name":"Projeto na Bordadeira - Paninho Divertido Ursinho [Knistertuch ITH] - \ud835\udc1b\ud835\udc1a\ud835\udc33\ud835\udc1a\ud835\udc2b &amp; \ud835\udc1c\ud835\udc22\ud835\udc1a","isPartOf":{"@id":"https:\/\/shop.bazarcia.com\/#website"},"primaryImageOfPage":{"@id":"https:\/\/shop.bazarcia.com\/produto\/matrizes-de-bordado-projeto-paninho-divertido-ursinho-knistertuch-ith\/#primaryimage"},"image":{"@id":"https:\/\/shop.bazarcia.com\/produto\/matrizes-de-bordado-projeto-paninho-divertido-ursinho-knistertuch-ith\/#primaryimage"},"thumbnailUrl":"https:\/\/shop.bazarcia.com\/wp-content\/uploads\/2020\/09\/52115487_1999723653476957_6273104562521899008_o-300x300-1.jpg","datePublished":"2020-09-02T20:40:06+00:00","dateModified":"2021-07-14T16:42:40+00:00","breadcrumb":{"@id":"https:\/\/shop.bazarcia.com\/produto\/matrizes-de-bordado-projeto-paninho-divertido-ursinho-knistertuch-ith\/#breadcrumb"},"inLanguage":"en-US","potentialAction":[{"@type":"ReadAction","target":["https:\/\/shop.bazarcia.com\/produto\/matrizes-de-bordado-projeto-paninho-divertido-ursinho-knistertuch-ith\/"]}]},{"@type":"ImageObject","inLanguage":"en-US","@id":"https:\/\/shop.bazarcia.com\/produto\/matrizes-de-bordado-projeto-paninho-divertido-ursinho-knistertuch-ith\/#primaryimage","url":"https:\/\/shop.bazarcia.com\/wp-content\/uploads\/2020\/09\/52115487_1999723653476957_6273104562521899008_o-300x300-1.jpg","contentUrl":"https:\/\/shop.bazarcia.com\/wp-content\/uploads\/2020\/09\/52115487_1999723653476957_6273104562521899008_o-300x300-1.jpg","width":300,"height":300},{"@type":"BreadcrumbList","@id":"https:\/\/shop.bazarcia.com\/produto\/matrizes-de-bordado-projeto-paninho-divertido-ursinho-knistertuch-ith\/#breadcrumb","itemListElement":[{"@type":"ListItem","position":1,"name":"In\u00edcio","item":"https:\/\/shop.bazarcia.com\/"},{"@type":"ListItem","position":2,"name":"Loja","item":"https:\/\/shop.bazarcia.com\/loja\/"},{"@type":"ListItem","position":3,"name":"Projeto na Bordadeira &#8211; Paninho Divertido Ursinho [Knistertuch ITH]"}]},{"@type":"WebSite","@id":"https:\/\/shop.bazarcia.com\/#website","url":"https:\/\/shop.bazarcia.com\/","name":"Bazar & Cia","description":"criatividade ponto a ponto","publisher":{"@id":"https:\/\/shop.bazarcia.com\/#organization"},"potentialAction":[{"@type":"SearchAction","target":{"@type":"EntryPoint","urlTemplate":"https:\/\/shop.bazarcia.com\/?s={search_term_string}"},"query-input":{"@type":"PropertyValueSpecification","valueRequired":true,"valueName":"search_term_string"}}],"inLanguage":"en-US"},{"@type":"Organization","@id":"https:\/\/shop.bazarcia.com\/#organization","name":"Bazar & Cia","url":"https:\/\/shop.bazarcia.com\/","logo":{"@type":"ImageObject","inLanguage":"en-US","@id":"https:\/\/shop.bazarcia.com\/#\/schema\/logo\/image\/","url":"https:\/\/shop.bazarcia.com\/wp-content\/uploads\/2024\/02\/cropped-logo_bazarcia.png","contentUrl":"https:\/\/shop.bazarcia.com\/wp-content\/uploads\/2024\/02\/cropped-logo_bazarcia.png","width":150,"height":150,"caption":"Bazar & Cia"},"image":{"@id":"https:\/\/shop.bazarcia.com\/#\/schema\/logo\/image\/"},"sameAs":["https:\/\/www.facebook.com\/shopbazarcia","https:\/\/www.instagram.com\/shopbazarcia","https:\/\/br.pinterest.com\/suzane_eloise\/","https:\/\/www.youtube.com\/c\/BazardoBordadoMatrizeseProjetos"]}]}},"_links":{"self":[{"href":"https:\/\/shop.bazarcia.com\/en\/wp-json\/wp\/v2\/product\/48224","targetHints":{"allow":["GET"]}}],"collection":[{"href":"https:\/\/shop.bazarcia.com\/en\/wp-json\/wp\/v2\/product"}],"about":[{"href":"https:\/\/shop.bazarcia.com\/en\/wp-json\/wp\/v2\/types\/product"}],"replies":[{"embeddable":true,"href":"https:\/\/shop.bazarcia.com\/en\/wp-json\/wp\/v2\/comments?post=48224"}],"version-history":[{"count":0,"href":"https:\/\/shop.bazarcia.com\/en\/wp-json\/wp\/v2\/product\/48224\/revisions"}],"wp:featuredmedia":[{"embeddable":true,"href":"https:\/\/shop.bazarcia.com\/en\/wp-json\/wp\/v2\/media\/48226"}],"wp:attachment":[{"href":"https:\/\/shop.bazarcia.com\/en\/wp-json\/wp\/v2\/media?parent=48224"}],"wp:term":[{"taxonomy":"product_brand","embeddable":true,"href":"https:\/\/shop.bazarcia.com\/en\/wp-json\/wp\/v2\/product_brand?post=48224"},{"taxonomy":"product_cat","embeddable":true,"href":"https:\/\/shop.bazarcia.com\/en\/wp-json\/wp\/v2\/product_cat?post=48224"},{"taxonomy":"product_tag","embeddable":true,"href":"https:\/\/shop.bazarcia.com\/en\/wp-json\/wp\/v2\/product_tag?post=48224"}],"curies":[{"name":"wp","href":"https:\/\/api.w.org\/{rel}","templated":true}]}}