{"id":49455,"date":"2020-09-08T18:10:58","date_gmt":"2020-09-08T21:10:58","guid":{"rendered":"https:\/\/shop.bazarcia.com\/produto\/matrizes-de-bordado-naninhas-casal-de-passarinhos-trio-turminha-do-bosque-2-ith\/"},"modified":"2021-03-29T17:29:24","modified_gmt":"2021-03-29T20:29:24","slug":"matrizes-de-bordado-naninhas-casal-de-passarinhos-trio-turminha-do-bosque-2-ith","status":"publish","type":"product","link":"https:\/\/shop.bazarcia.com\/en\/product\/matrizes-de-bordado-naninhas-casal-de-passarinhos-trio-turminha-do-bosque-2-ith\/","title":{"rendered":"Projetos na Bordadeira &#8211; Naninhas Passarinhos Turminha do Bosque 2 [ITH]"},"content":{"rendered":"<p style=\"margin-top: 0px;margin-bottom: 1rem;color: #6c737b;font-family: roboto, sans-serif\"><span style=\"font-weight: bolder\"><span style=\"font-weight: bolder\"><span style=\"font-weight: bolder\"><span style=\"font-weight: bolder\"><span style=\"font-weight: bolder\"><span style=\"font-weight: bolder\"><span style=\"font-weight: bolder\"><span style=\"font-weight: bolder\"><i style=\"vertical-align: middle\"><span style=\"font-weight: bolder;font-style: normal\"><span style=\"font-weight: bolder\">Projetos na Bordadeira\u00a0<i style=\"vertical-align: middle\">Naninhas<\/i>\u00a0<i style=\"vertical-align: middle\">Passarinhos<br \/>\n<\/i><\/span><\/span><em><span style=\"font-weight: bolder\"><br \/>\nDescri\u00e7\u00e3o das Matrizes:<\/span><\/em><\/i><\/span><i style=\"vertical-align: middle\"><\/i><\/span><i style=\"vertical-align: middle\"><em><span style=\"font-weight: bolder\"><br \/>\n<\/span><\/em><\/i><\/span><\/span><\/span><\/span><\/span>Projeto para bastidores 13&#215;18, 14&#215;14 ou maiores.<br \/>\nAcompanha tutorial em PDF com passo a passo detalhado com fotos.<\/span><\/p>\n<p style=\"margin-top: 0px;margin-bottom: 1rem;color: #6c737b;font-family: roboto, sans-serif\">Este \u00e9 um produto DIGITAL e os arquivos estar\u00e3o dispon\u00edveis para download aqui mesmo na sua conta ap\u00f3s confirma\u00e7\u00e3o do pagamento.<\/p>\n<p style=\"margin-top: 0px;margin-bottom: 1rem;color: #6c737b;font-family: roboto, sans-serif\">Os arquivos est\u00e3o em pasta compactada (ZIP), sendo necess\u00e1rio descompact\u00e1-la.<\/p>\n<p style=\"margin-top: 0px;margin-bottom: 1rem;color: #6c737b;font-family: roboto, sans-serif\">Os mesmos s\u00e3o compat\u00edveis com v\u00e1rios tipos e modelos de m\u00e1quinas, com os seguintes formatos:<br \/>\nDST &#8211; EXP &#8211; HUS &#8211; JEF &#8211; PES &#8211; XXX<\/p>\n<p style=\"margin-top: 0px;margin-bottom: 1rem;color: #6c737b;font-family: roboto, sans-serif\">Adquirindo nossas matrizes e projetos voc\u00ea se declara de acordo com nossos<span style=\"font-weight: bolder\"><span style=\"font-weight: bolder\">\u00a0<span style=\"font-weight: bolder\"><a style=\"color: #95663c;background-color: transparent\" href=\"https:\/\/shop.bazarcia.com\/en\/store\/atelie-mamae-coruja\/toc\/\" target=\"_blank\" rel=\"nofollow noopener\">TERMOS E CONDI\u00c7\u00d5ES<\/a><\/span>.<\/span><\/span><\/p>\n<p>&nbsp;<\/p>\n<p style=\"margin-top: 0px;margin-bottom: 1rem;color: #6c737b;font-family: roboto, sans-serif\">Designer: Val\u00e9ria Ribeiro (Ateli\u00ea Mam\u00e3e Coruja)<\/p>","protected":false},"excerpt":{"rendered":"<p style=\"margin-top: 0px;margin-bottom: 1rem;color: #6c737b;font-family: roboto, sans-serif\">Projetos na Bordadeira\u00a0<i style=\"vertical-align: middle\">Naninhas Passarinhos<br \/>\n<\/i><i style=\"vertical-align: middle\"><span style=\"font-weight: bolder\">Este \u00e9 um produto digital.<\/span><\/i><\/p>\n<p style=\"margin-top: 0px;margin-bottom: 1rem;color: #6c737b;font-family: roboto, sans-serif\">Quando um beb\u00ea esta a caminho, nasce no cora\u00e7\u00e3o da mam\u00e3e aquele sonho de arrumar o ninho e deixar tudo pronto para a sua chegada (falo com conhecimento de causa!).<br \/>\nRasgando o verbo, ficamos loucas e com raz\u00e3o pois tudo gira em torno daquele serzinho j\u00e1 t\u00e3o amado.<br \/>\nEnt\u00e3o vem a preocupa\u00e7\u00e3o com o enxoval, cada pe\u00e7a de roupa, cada detalhe \u00e9 escolhido com todo carinho, resumindo, \u00e9 um nicho do mercado muito variado e que provavelmente nunca haver\u00e1 uma demanda escassa, pois como dizem&#8230; &#8220;beb\u00eas nascem todos os dias&#8221;.<\/p>\n<p>Uma pe\u00e7a que vem ganhando espa\u00e7o cada vez mais no cora\u00e7\u00e3o das mam\u00e3es s\u00e3o as naninhas.<br \/>\nAs naninhas s\u00e3o objetos que transmitem seguran\u00e7a para o beb\u00ea em suas fases transicionais, como quando o beb\u00ea come\u00e7a a perceber que ele e a mam\u00e3e n\u00e3o s\u00e3o a mesma pessoa. \u00c9 um objeto conhecido para ele e que o ajuda nessas fases.<\/p>\n<p>E pensando em pe\u00e7as que gostar\u00edamos que nossos filhos tivessem, e tamb\u00e9m em sempre trazer pe\u00e7as e temas que est\u00e3o em alta para que nossas amigas artes\u00e3s tenham bastante procura, criamos diversas naninhas que j\u00e1 s\u00e3o sucesso em muitos ateli\u00eas do Brasil e tamb\u00e9m fora do nosso pa\u00eds, o que nos deixa infinitamente orgulhosas e gratas.<\/p>\n<p>Algumas delas s\u00e3o nossas naninhas Trio Turminha do Bosque, s\u00e3o tr\u00eas casais de bichinhos sendo eles: Coelhinhos, Esquilinhos e Passarinhos &#8211; feitos na bordadeira com fechamento e montagem com pontos invis\u00edveis a m\u00e3o.<\/p>\n<p><span style=\"margin: 0px;padding: 0px;border: 0px;vertical-align: baseline;line-height: inherit;font-family: roboto, sans-serif;font-size: 14px;color: #212529\">Lembrando que por esta p\u00e1gina voc\u00ea adquire apenas as naninhas de Passarinhos, clique <\/span><span style=\"margin: 0px;padding: 0px;border: 0px;vertical-align: baseline;font-weight: bolder;line-height: inherit;font-family: roboto, sans-serif;font-size: 14px;color: #212529\"><a style=\"margin: 0px;padding: 0px;border: 0px;vertical-align: baseline;font-style: inherit;font-variant: inherit;font-weight: inherit;line-height: inherit;font-family: inherit;color: #95663c;background-color: transparent\" href=\"https:\/\/shop.bazarcia.com\/en\/product\/matrizes-de-bordado-naninhas-trio-turminha-do-bosque-2-ith\/\" target=\"_blank\" rel=\"nofollow noopener\">AQUI<\/a>\u00a0<\/span><span style=\"margin: 0px;padding: 0px;border: 0px;vertical-align: baseline;line-height: inherit;font-family: roboto, sans-serif;font-size: 14px;color: #212529\">para conhecer o trio completo Naninhas Trio Turminha do Bosque 2. <\/span><span style=\"margin: 0px;padding: 0px;border: 0px;vertical-align: baseline;line-height: inherit;font-family: roboto, sans-serif;font-size: 14px;color: #212529\">Para conhecer a Cole\u00e7\u00e3o Turminha do Bosque, clique\u00a0<\/span><span style=\"margin: 0px;padding: 0px;border: 0px;vertical-align: baseline;font-weight: bolder;line-height: inherit;font-family: roboto, sans-serif;font-size: 14px;color: #212529\"><a style=\"margin: 0px;padding: 0px;border: 0px;vertical-align: baseline;font-style: inherit;font-variant: inherit;font-weight: inherit;line-height: inherit;font-family: inherit;color: #95663c;background-color: transparent\" href=\"https:\/\/shop.bazarcia.com\/en\/product\/matrizes-de-bordado-colecao-turminha-do-bosque\/\" target=\"_blank\" rel=\"nofollow noopener\">AQUI<\/a><\/span><span style=\"margin: 0px;padding: 0px;border: 0px;vertical-align: baseline;line-height: inherit;font-family: roboto, sans-serif;font-size: 14px;color: #212529\">.<\/span><\/p>\n<p><span style=\"margin: 0px;padding: 0px;border: 0px;vertical-align: baseline;line-height: inherit;font-family: roboto, sans-serif;font-size: 14px;color: #212529\"><br \/>\n<\/span><span style=\"color: #6c737b;font-family: roboto, sans-serif\">Confira abaixo todos os detalhes deste projeto, lembrando que qualquer d\u00favida estamos a disposi\u00e7\u00e3o!<\/span><\/p>","protected":false},"featured_media":89550,"comment_status":"open","ping_status":"closed","template":"","meta":{"_acf_changed":false,"_joinchat":[]},"product_brand":[],"product_cat":[201,98,213,1548],"product_tag":[],"class_list":{"0":"post-49455","1":"product","2":"type-product","3":"status-publish","4":"has-post-thumbnail","6":"product_cat-passarinhos","7":"product_cat-projetos-na-bordadeira-in-the-hoop-embroidery","8":"product_cat-projeto-naninhas-na-bordadeira","9":"product_cat-naninhas-na-bordadeira-modelo-enchimento-ith","11":"first","12":"instock","13":"downloadable","14":"virtual","15":"sold-individually","16":"purchasable","17":"product-type-simple"},"acf":[],"yoast_head":"<!-- This site is optimized with the Yoast SEO plugin v27.2 - https:\/\/yoast.com\/product\/yoast-seo-wordpress\/ -->\n<title>Projetos na Bordadeira - Naninhas Passarinhos Turminha do Bosque 2 [ITH] - \ud835\udc1b\ud835\udc1a\ud835\udc33\ud835\udc1a\ud835\udc2b &amp; \ud835\udc1c\ud835\udc22\ud835\udc1a<\/title>\n<meta name=\"description\" content=\"Please provide a meta description by editing the snippet below. If you don\u2019t, Google will try to find a relevant part of your post to show in the search results.\" \/>\n<meta name=\"robots\" content=\"index, follow, max-snippet:-1, max-image-preview:large, max-video-preview:-1\" \/>\n<link rel=\"canonical\" href=\"https:\/\/shop.bazarcia.com\/en\/product\/matrizes-de-bordado-naninhas-casal-de-passarinhos-trio-turminha-do-bosque-2-ith\/\" \/>\n<meta property=\"og:locale\" content=\"en_US\" \/>\n<meta property=\"og:type\" content=\"article\" \/>\n<meta property=\"og:title\" content=\"Projetos na Bordadeira - Naninhas Passarinhos Turminha do Bosque 2 [ITH] - \ud835\udc1b\ud835\udc1a\ud835\udc33\ud835\udc1a\ud835\udc2b &amp; \ud835\udc1c\ud835\udc22\ud835\udc1a\" \/>\n<meta property=\"og:description\" content=\"Please provide a meta description by editing the snippet below. If you don\u2019t, Google will try to find a relevant part of your post to show in the search results.\" \/>\n<meta property=\"og:url\" content=\"https:\/\/shop.bazarcia.com\/en\/product\/matrizes-de-bordado-naninhas-casal-de-passarinhos-trio-turminha-do-bosque-2-ith\/\" \/>\n<meta property=\"og:site_name\" content=\"\ud835\udc1b\ud835\udc1a\ud835\udc33\ud835\udc1a\ud835\udc2b &amp; \ud835\udc1c\ud835\udc22\ud835\udc1a\" \/>\n<meta property=\"article:publisher\" content=\"https:\/\/www.facebook.com\/shopbazarcia\" \/>\n<meta property=\"article:modified_time\" content=\"2021-03-29T20:29:24+00:00\" \/>\n<meta property=\"og:image\" content=\"https:\/\/shop.bazarcia.com\/wp-content\/uploads\/2021\/03\/Projetos-na-Bordadeira-Naninhas-Turminha-do-Bosque-1.png\" \/>\n\t<meta property=\"og:image:width\" content=\"1084\" \/>\n\t<meta property=\"og:image:height\" content=\"1084\" \/>\n\t<meta property=\"og:image:type\" content=\"image\/png\" \/>\n<meta name=\"twitter:card\" content=\"summary_large_image\" \/>\n<meta name=\"twitter:label1\" content=\"Est. reading time\" \/>\n\t<meta name=\"twitter:data1\" content=\"1 minute\" \/>\n<script type=\"application\/ld+json\" class=\"yoast-schema-graph\">{\"@context\":\"https:\/\/schema.org\",\"@graph\":[{\"@type\":\"WebPage\",\"@id\":\"https:\/\/shop.bazarcia.com\/produto\/matrizes-de-bordado-naninhas-casal-de-passarinhos-trio-turminha-do-bosque-2-ith\/\",\"url\":\"https:\/\/shop.bazarcia.com\/produto\/matrizes-de-bordado-naninhas-casal-de-passarinhos-trio-turminha-do-bosque-2-ith\/\",\"name\":\"Projetos na Bordadeira - Naninhas Passarinhos Turminha do Bosque 2 [ITH] - \ud835\udc1b\ud835\udc1a\ud835\udc33\ud835\udc1a\ud835\udc2b &amp; \ud835\udc1c\ud835\udc22\ud835\udc1a\",\"isPartOf\":{\"@id\":\"https:\/\/shop.bazarcia.com\/#website\"},\"primaryImageOfPage\":{\"@id\":\"https:\/\/shop.bazarcia.com\/produto\/matrizes-de-bordado-naninhas-casal-de-passarinhos-trio-turminha-do-bosque-2-ith\/#primaryimage\"},\"image\":{\"@id\":\"https:\/\/shop.bazarcia.com\/produto\/matrizes-de-bordado-naninhas-casal-de-passarinhos-trio-turminha-do-bosque-2-ith\/#primaryimage\"},\"thumbnailUrl\":\"https:\/\/shop.bazarcia.com\/wp-content\/uploads\/2021\/03\/Projetos-na-Bordadeira-Naninhas-Turminha-do-Bosque-1.png\",\"datePublished\":\"2020-09-08T21:10:58+00:00\",\"dateModified\":\"2021-03-29T20:29:24+00:00\",\"description\":\"Please provide a meta description by editing the snippet below. If you don\u2019t, Google will try to find a relevant part of your post to show in the search results.\",\"breadcrumb\":{\"@id\":\"https:\/\/shop.bazarcia.com\/produto\/matrizes-de-bordado-naninhas-casal-de-passarinhos-trio-turminha-do-bosque-2-ith\/#breadcrumb\"},\"inLanguage\":\"en-US\",\"potentialAction\":[{\"@type\":\"ReadAction\",\"target\":[\"https:\/\/shop.bazarcia.com\/produto\/matrizes-de-bordado-naninhas-casal-de-passarinhos-trio-turminha-do-bosque-2-ith\/\"]}]},{\"@type\":\"ImageObject\",\"inLanguage\":\"en-US\",\"@id\":\"https:\/\/shop.bazarcia.com\/produto\/matrizes-de-bordado-naninhas-casal-de-passarinhos-trio-turminha-do-bosque-2-ith\/#primaryimage\",\"url\":\"https:\/\/shop.bazarcia.com\/wp-content\/uploads\/2021\/03\/Projetos-na-Bordadeira-Naninhas-Turminha-do-Bosque-1.png\",\"contentUrl\":\"https:\/\/shop.bazarcia.com\/wp-content\/uploads\/2021\/03\/Projetos-na-Bordadeira-Naninhas-Turminha-do-Bosque-1.png\",\"width\":1084,\"height\":1084},{\"@type\":\"BreadcrumbList\",\"@id\":\"https:\/\/shop.bazarcia.com\/produto\/matrizes-de-bordado-naninhas-casal-de-passarinhos-trio-turminha-do-bosque-2-ith\/#breadcrumb\",\"itemListElement\":[{\"@type\":\"ListItem\",\"position\":1,\"name\":\"In\u00edcio\",\"item\":\"https:\/\/shop.bazarcia.com\/\"},{\"@type\":\"ListItem\",\"position\":2,\"name\":\"Loja\",\"item\":\"https:\/\/shop.bazarcia.com\/loja\/\"},{\"@type\":\"ListItem\",\"position\":3,\"name\":\"Projetos na Bordadeira &#8211; Naninhas Passarinhos Turminha do Bosque 2 [ITH]\"}]},{\"@type\":\"WebSite\",\"@id\":\"https:\/\/shop.bazarcia.com\/#website\",\"url\":\"https:\/\/shop.bazarcia.com\/\",\"name\":\"Bazar & Cia\",\"description\":\"criatividade ponto a ponto\",\"publisher\":{\"@id\":\"https:\/\/shop.bazarcia.com\/#organization\"},\"potentialAction\":[{\"@type\":\"SearchAction\",\"target\":{\"@type\":\"EntryPoint\",\"urlTemplate\":\"https:\/\/shop.bazarcia.com\/?s={search_term_string}\"},\"query-input\":{\"@type\":\"PropertyValueSpecification\",\"valueRequired\":true,\"valueName\":\"search_term_string\"}}],\"inLanguage\":\"en-US\"},{\"@type\":\"Organization\",\"@id\":\"https:\/\/shop.bazarcia.com\/#organization\",\"name\":\"Bazar & Cia\",\"url\":\"https:\/\/shop.bazarcia.com\/\",\"logo\":{\"@type\":\"ImageObject\",\"inLanguage\":\"en-US\",\"@id\":\"https:\/\/shop.bazarcia.com\/#\/schema\/logo\/image\/\",\"url\":\"https:\/\/shop.bazarcia.com\/wp-content\/uploads\/2024\/02\/cropped-logo_bazarcia.png\",\"contentUrl\":\"https:\/\/shop.bazarcia.com\/wp-content\/uploads\/2024\/02\/cropped-logo_bazarcia.png\",\"width\":150,\"height\":150,\"caption\":\"Bazar & Cia\"},\"image\":{\"@id\":\"https:\/\/shop.bazarcia.com\/#\/schema\/logo\/image\/\"},\"sameAs\":[\"https:\/\/www.facebook.com\/shopbazarcia\",\"https:\/\/www.instagram.com\/shopbazarcia\",\"https:\/\/br.pinterest.com\/suzane_eloise\/\",\"https:\/\/www.youtube.com\/c\/BazardoBordadoMatrizeseProjetos\"]}]}<\/script>\n<!-- \/ Yoast SEO plugin. -->","yoast_head_json":{"title":"Projetos na Bordadeira - Naninhas Passarinhos Turminha do Bosque 2 [ITH] - \ud835\udc1b\ud835\udc1a\ud835\udc33\ud835\udc1a\ud835\udc2b &amp; \ud835\udc1c\ud835\udc22\ud835\udc1a","description":"Please provide a meta description by editing the snippet below. If you don\u2019t, Google will try to find a relevant part of your post to show in the search results.","robots":{"index":"index","follow":"follow","max-snippet":"max-snippet:-1","max-image-preview":"max-image-preview:large","max-video-preview":"max-video-preview:-1"},"canonical":"https:\/\/shop.bazarcia.com\/en\/product\/matrizes-de-bordado-naninhas-casal-de-passarinhos-trio-turminha-do-bosque-2-ith\/","og_locale":"en_US","og_type":"article","og_title":"Projetos na Bordadeira - Naninhas Passarinhos Turminha do Bosque 2 [ITH] - \ud835\udc1b\ud835\udc1a\ud835\udc33\ud835\udc1a\ud835\udc2b &amp; \ud835\udc1c\ud835\udc22\ud835\udc1a","og_description":"Please provide a meta description by editing the snippet below. If you don\u2019t, Google will try to find a relevant part of your post to show in the search results.","og_url":"https:\/\/shop.bazarcia.com\/en\/product\/matrizes-de-bordado-naninhas-casal-de-passarinhos-trio-turminha-do-bosque-2-ith\/","og_site_name":"\ud835\udc1b\ud835\udc1a\ud835\udc33\ud835\udc1a\ud835\udc2b &amp; \ud835\udc1c\ud835\udc22\ud835\udc1a","article_publisher":"https:\/\/www.facebook.com\/shopbazarcia","article_modified_time":"2021-03-29T20:29:24+00:00","og_image":[{"width":1084,"height":1084,"url":"https:\/\/shop.bazarcia.com\/wp-content\/uploads\/2021\/03\/Projetos-na-Bordadeira-Naninhas-Turminha-do-Bosque-1.png","type":"image\/png"}],"twitter_card":"summary_large_image","twitter_misc":{"Est. reading time":"1 minute"},"schema":{"@context":"https:\/\/schema.org","@graph":[{"@type":"WebPage","@id":"https:\/\/shop.bazarcia.com\/produto\/matrizes-de-bordado-naninhas-casal-de-passarinhos-trio-turminha-do-bosque-2-ith\/","url":"https:\/\/shop.bazarcia.com\/produto\/matrizes-de-bordado-naninhas-casal-de-passarinhos-trio-turminha-do-bosque-2-ith\/","name":"Projetos na Bordadeira - Naninhas Passarinhos Turminha do Bosque 2 [ITH] - \ud835\udc1b\ud835\udc1a\ud835\udc33\ud835\udc1a\ud835\udc2b &amp; \ud835\udc1c\ud835\udc22\ud835\udc1a","isPartOf":{"@id":"https:\/\/shop.bazarcia.com\/#website"},"primaryImageOfPage":{"@id":"https:\/\/shop.bazarcia.com\/produto\/matrizes-de-bordado-naninhas-casal-de-passarinhos-trio-turminha-do-bosque-2-ith\/#primaryimage"},"image":{"@id":"https:\/\/shop.bazarcia.com\/produto\/matrizes-de-bordado-naninhas-casal-de-passarinhos-trio-turminha-do-bosque-2-ith\/#primaryimage"},"thumbnailUrl":"https:\/\/shop.bazarcia.com\/wp-content\/uploads\/2021\/03\/Projetos-na-Bordadeira-Naninhas-Turminha-do-Bosque-1.png","datePublished":"2020-09-08T21:10:58+00:00","dateModified":"2021-03-29T20:29:24+00:00","description":"Please provide a meta description by editing the snippet below. If you don\u2019t, Google will try to find a relevant part of your post to show in the search results.","breadcrumb":{"@id":"https:\/\/shop.bazarcia.com\/produto\/matrizes-de-bordado-naninhas-casal-de-passarinhos-trio-turminha-do-bosque-2-ith\/#breadcrumb"},"inLanguage":"en-US","potentialAction":[{"@type":"ReadAction","target":["https:\/\/shop.bazarcia.com\/produto\/matrizes-de-bordado-naninhas-casal-de-passarinhos-trio-turminha-do-bosque-2-ith\/"]}]},{"@type":"ImageObject","inLanguage":"en-US","@id":"https:\/\/shop.bazarcia.com\/produto\/matrizes-de-bordado-naninhas-casal-de-passarinhos-trio-turminha-do-bosque-2-ith\/#primaryimage","url":"https:\/\/shop.bazarcia.com\/wp-content\/uploads\/2021\/03\/Projetos-na-Bordadeira-Naninhas-Turminha-do-Bosque-1.png","contentUrl":"https:\/\/shop.bazarcia.com\/wp-content\/uploads\/2021\/03\/Projetos-na-Bordadeira-Naninhas-Turminha-do-Bosque-1.png","width":1084,"height":1084},{"@type":"BreadcrumbList","@id":"https:\/\/shop.bazarcia.com\/produto\/matrizes-de-bordado-naninhas-casal-de-passarinhos-trio-turminha-do-bosque-2-ith\/#breadcrumb","itemListElement":[{"@type":"ListItem","position":1,"name":"In\u00edcio","item":"https:\/\/shop.bazarcia.com\/"},{"@type":"ListItem","position":2,"name":"Loja","item":"https:\/\/shop.bazarcia.com\/loja\/"},{"@type":"ListItem","position":3,"name":"Projetos na Bordadeira &#8211; Naninhas Passarinhos Turminha do Bosque 2 [ITH]"}]},{"@type":"WebSite","@id":"https:\/\/shop.bazarcia.com\/#website","url":"https:\/\/shop.bazarcia.com\/","name":"Bazar & Cia","description":"criatividade ponto a ponto","publisher":{"@id":"https:\/\/shop.bazarcia.com\/#organization"},"potentialAction":[{"@type":"SearchAction","target":{"@type":"EntryPoint","urlTemplate":"https:\/\/shop.bazarcia.com\/?s={search_term_string}"},"query-input":{"@type":"PropertyValueSpecification","valueRequired":true,"valueName":"search_term_string"}}],"inLanguage":"en-US"},{"@type":"Organization","@id":"https:\/\/shop.bazarcia.com\/#organization","name":"Bazar & Cia","url":"https:\/\/shop.bazarcia.com\/","logo":{"@type":"ImageObject","inLanguage":"en-US","@id":"https:\/\/shop.bazarcia.com\/#\/schema\/logo\/image\/","url":"https:\/\/shop.bazarcia.com\/wp-content\/uploads\/2024\/02\/cropped-logo_bazarcia.png","contentUrl":"https:\/\/shop.bazarcia.com\/wp-content\/uploads\/2024\/02\/cropped-logo_bazarcia.png","width":150,"height":150,"caption":"Bazar & Cia"},"image":{"@id":"https:\/\/shop.bazarcia.com\/#\/schema\/logo\/image\/"},"sameAs":["https:\/\/www.facebook.com\/shopbazarcia","https:\/\/www.instagram.com\/shopbazarcia","https:\/\/br.pinterest.com\/suzane_eloise\/","https:\/\/www.youtube.com\/c\/BazardoBordadoMatrizeseProjetos"]}]}},"_links":{"self":[{"href":"https:\/\/shop.bazarcia.com\/en\/wp-json\/wp\/v2\/product\/49455","targetHints":{"allow":["GET"]}}],"collection":[{"href":"https:\/\/shop.bazarcia.com\/en\/wp-json\/wp\/v2\/product"}],"about":[{"href":"https:\/\/shop.bazarcia.com\/en\/wp-json\/wp\/v2\/types\/product"}],"replies":[{"embeddable":true,"href":"https:\/\/shop.bazarcia.com\/en\/wp-json\/wp\/v2\/comments?post=49455"}],"version-history":[{"count":0,"href":"https:\/\/shop.bazarcia.com\/en\/wp-json\/wp\/v2\/product\/49455\/revisions"}],"wp:featuredmedia":[{"embeddable":true,"href":"https:\/\/shop.bazarcia.com\/en\/wp-json\/wp\/v2\/media\/89550"}],"wp:attachment":[{"href":"https:\/\/shop.bazarcia.com\/en\/wp-json\/wp\/v2\/media?parent=49455"}],"wp:term":[{"taxonomy":"product_brand","embeddable":true,"href":"https:\/\/shop.bazarcia.com\/en\/wp-json\/wp\/v2\/product_brand?post=49455"},{"taxonomy":"product_cat","embeddable":true,"href":"https:\/\/shop.bazarcia.com\/en\/wp-json\/wp\/v2\/product_cat?post=49455"},{"taxonomy":"product_tag","embeddable":true,"href":"https:\/\/shop.bazarcia.com\/en\/wp-json\/wp\/v2\/product_tag?post=49455"}],"curies":[{"name":"wp","href":"https:\/\/api.w.org\/{rel}","templated":true}]}}