{"id":50673,"date":"2020-09-15T20:46:26","date_gmt":"2020-09-15T23:46:26","guid":{"rendered":"https:\/\/shop.bazarcia.com\/produto\/colecao-de-matrizes-de-coracao\/"},"modified":"2023-10-31T18:38:01","modified_gmt":"2023-10-31T21:38:01","slug":"colecao-de-matrizes-de-coracao","status":"publish","type":"product","link":"https:\/\/shop.bazarcia.com\/en\/product\/colecao-de-matrizes-de-coracao\/","title":{"rendered":"Matriz de bordado &#8211; Porta cart\u00e3o &#8211; Cole\u00e7\u00e3o DE CORA\u00c7\u00c3O"},"content":{"rendered":"<p style=\"margin-top: 0px; margin-bottom: 1rem; color: #000000; font-family: roboto, sans-serif;\"><span style=\"font-weight: bolder;\">Matrizes para Maquina Bordadeira eletr\u00f4nica &#8221; Cele\u00e7\u00e3o\u00a0 DE CORA\u00c7\u00c3O &#8220;<\/span><\/p>\n<p style=\"margin-top: 0px; margin-bottom: 1rem; color: #000000; font-family: roboto, sans-serif;\"><span style=\"font-weight: bolder;\">S\u00e3o 7 modelos ,dispon\u00edvel no tamanho Porta cart\u00e3o (10 cm x 13 cm)\u00a0 e Porta Documentos (13 cm x 17 cm)<\/span><\/p>\n<p style=\"margin-top: 0px; margin-bottom: 1rem; color: #000000; font-family: roboto, sans-serif;\"><span style=\"font-weight: bolder;\">*para bastidores a partir de 10cm x 13cm<\/span><\/p>\n<p style=\"margin-top: 0px; margin-bottom: 1rem; color: #000000; font-family: roboto, sans-serif;\"><span style=\"font-weight: bolder;\">N\u00e3o ser\u00e1 enviado nado por e-mail e nem por correio, para baixar basta acessar sua \u00e1rea de pedidos .<\/span><\/p>\n<p style=\"margin-top: 0px; margin-bottom: 1rem; color: #000000; font-family: roboto, sans-serif;\"><span style=\"font-weight: bolder;\">Projeto feito 100% na maquina bordadeira<\/span><\/p>\n<p style=\"margin-top: 0px; margin-bottom: 1rem; color: #000000; font-family: roboto, sans-serif;\"><span style=\"font-weight: bolder;\">Porta cart\u00e3o e porta documentos s\u00e3o itens \u00f3timos para presentear, aquelas pe\u00e7as que por mais que seja r\u00e1pida de fazer, \u00e9 uma lembrancinha que damos de cora\u00e7\u00e3o para pessoas especiais , por isso o nome da cole\u00e7\u00e3o \ud83d\ude42\u00a0<\/span><\/p>\n<p style=\"margin-top: 0px; margin-bottom: 1rem; color: #000000; font-family: roboto, sans-serif;\"><span style=\"font-weight: bolder;\">Conteudo :\u00a0<\/span><\/p>\n<p style=\"margin-top: 0px; margin-bottom: 1rem; color: #000000; font-family: roboto, sans-serif;\"><span style=\"font-weight: bolder;\">7 Matrizes no tamanho 10 cm x 13 cm ( porta cart\u00e3o )<\/span><\/p>\n<p style=\"margin-top: 0px; margin-bottom: 1rem; color: #000000; font-family: roboto, sans-serif;\"><span style=\"font-weight: bolder;\">7 Matrizes no tamanho 13 cm x 17 cm ( porta documento )\u00a0<\/span><\/p>\n<p>&nbsp;<\/p>","protected":false},"excerpt":{"rendered":"<p>Matrizes para M\u00e1quina Bordadeira eletr\u00f4nica<\/p>\n<p>V\u00eddeo Passo a Passo na aba material auxiliar, dentro de seus pedidos, ap\u00f3s a compra!<\/p>\n<p style=\"margin-top: 0px; margin-bottom: 1rem; color: #000000; font-family: roboto, sans-serif;\"><span style=\"font-weight: bolder;\">7 Matrizes no tamanho 10 cm x 13 cm ( porta cart\u00e3o )<\/span><\/p>\n<p style=\"margin-top: 0px; margin-bottom: 1rem; color: #000000; font-family: roboto, sans-serif;\"><span style=\"font-weight: bolder;\">7 Matrizes no tamanho 13 cm x 17 cm ( porta documento )\u00a0<\/span><\/p>","protected":false},"featured_media":50672,"comment_status":"open","ping_status":"closed","template":"","meta":{"_acf_changed":false,"_joinchat":[]},"product_brand":[],"product_cat":[1066,84,1726,1713,1368,98,1330],"product_tag":[1280,1090,1524],"class_list":{"0":"post-50673","1":"product","2":"type-product","3":"status-publish","4":"has-post-thumbnail","6":"product_cat-colecoes-matrizes-de-bordado","7":"product_cat-matrizes-de-bordado","8":"product_cat-projeto-dia-das-maes-na-bordadeira-ith","9":"product_cat-projetos-dia-da-mulher-na-bordadeira-ith","10":"product_cat-dia-dos-professores-projetos-para-datas-especiais","11":"product_cat-projetos-na-bordadeira-in-the-hoop-embroidery","12":"product_cat-projetos-para-datas-especiais","13":"product_tag-bordar","14":"product_tag-maquina-de-bordar","15":"product_tag-porta-documento-passaporte","17":"first","18":"instock","19":"downloadable","20":"virtual","21":"purchasable","22":"product-type-simple"},"acf":[],"yoast_head":"<!-- This site is optimized with the Yoast SEO plugin v27.2 - https:\/\/yoast.com\/product\/yoast-seo-wordpress\/ -->\n<title>Matriz de bordado - Porta cart\u00e3o - Cole\u00e7\u00e3o DE CORA\u00c7\u00c3O - \ud835\udc1b\ud835\udc1a\ud835\udc33\ud835\udc1a\ud835\udc2b &amp; \ud835\udc1c\ud835\udc22\ud835\udc1a<\/title>\n<meta name=\"description\" content=\"Please provide a meta description by editing the snippet below. If you don\u2019t, Google will try to find a relevant part of your post to show in the search results.\" \/>\n<meta name=\"robots\" content=\"index, follow, max-snippet:-1, max-image-preview:large, max-video-preview:-1\" \/>\n<link rel=\"canonical\" href=\"https:\/\/shop.bazarcia.com\/en\/product\/colecao-de-matrizes-de-coracao\/\" \/>\n<meta property=\"og:locale\" content=\"en_US\" \/>\n<meta property=\"og:type\" content=\"article\" \/>\n<meta property=\"og:title\" content=\"Matriz de bordado - Porta cart\u00e3o - Cole\u00e7\u00e3o DE CORA\u00c7\u00c3O - \ud835\udc1b\ud835\udc1a\ud835\udc33\ud835\udc1a\ud835\udc2b &amp; \ud835\udc1c\ud835\udc22\ud835\udc1a\" \/>\n<meta property=\"og:description\" content=\"Please provide a meta description by editing the snippet below. If you don\u2019t, Google will try to find a relevant part of your post to show in the search results.\" \/>\n<meta property=\"og:url\" content=\"https:\/\/shop.bazarcia.com\/en\/product\/colecao-de-matrizes-de-coracao\/\" \/>\n<meta property=\"og:site_name\" content=\"\ud835\udc1b\ud835\udc1a\ud835\udc33\ud835\udc1a\ud835\udc2b &amp; \ud835\udc1c\ud835\udc22\ud835\udc1a\" \/>\n<meta property=\"article:publisher\" content=\"https:\/\/www.facebook.com\/shopbazarcia\" \/>\n<meta property=\"article:modified_time\" content=\"2023-10-31T21:38:01+00:00\" \/>\n<meta property=\"og:image\" content=\"https:\/\/shop.bazarcia.com\/wp-content\/uploads\/2020\/09\/post-insta-3.jpg\" \/>\n\t<meta property=\"og:image:width\" content=\"1080\" \/>\n\t<meta property=\"og:image:height\" content=\"1080\" \/>\n\t<meta property=\"og:image:type\" content=\"image\/jpeg\" \/>\n<meta name=\"twitter:card\" content=\"summary_large_image\" \/>\n<meta name=\"twitter:label1\" content=\"Est. reading time\" \/>\n\t<meta name=\"twitter:data1\" content=\"1 minute\" \/>\n<script type=\"application\/ld+json\" class=\"yoast-schema-graph\">{\"@context\":\"https:\/\/schema.org\",\"@graph\":[{\"@type\":\"WebPage\",\"@id\":\"https:\/\/shop.bazarcia.com\/produto\/colecao-de-matrizes-de-coracao\/\",\"url\":\"https:\/\/shop.bazarcia.com\/produto\/colecao-de-matrizes-de-coracao\/\",\"name\":\"Matriz de bordado - Porta cart\u00e3o - Cole\u00e7\u00e3o DE CORA\u00c7\u00c3O - \ud835\udc1b\ud835\udc1a\ud835\udc33\ud835\udc1a\ud835\udc2b &amp; \ud835\udc1c\ud835\udc22\ud835\udc1a\",\"isPartOf\":{\"@id\":\"https:\/\/shop.bazarcia.com\/#website\"},\"primaryImageOfPage\":{\"@id\":\"https:\/\/shop.bazarcia.com\/produto\/colecao-de-matrizes-de-coracao\/#primaryimage\"},\"image\":{\"@id\":\"https:\/\/shop.bazarcia.com\/produto\/colecao-de-matrizes-de-coracao\/#primaryimage\"},\"thumbnailUrl\":\"https:\/\/shop.bazarcia.com\/wp-content\/uploads\/2020\/09\/post-insta-3.jpg\",\"datePublished\":\"2020-09-15T23:46:26+00:00\",\"dateModified\":\"2023-10-31T21:38:01+00:00\",\"description\":\"Please provide a meta description by editing the snippet below. If you don\u2019t, Google will try to find a relevant part of your post to show in the search results.\",\"breadcrumb\":{\"@id\":\"https:\/\/shop.bazarcia.com\/produto\/colecao-de-matrizes-de-coracao\/#breadcrumb\"},\"inLanguage\":\"en-US\",\"potentialAction\":[{\"@type\":\"ReadAction\",\"target\":[\"https:\/\/shop.bazarcia.com\/produto\/colecao-de-matrizes-de-coracao\/\"]}]},{\"@type\":\"ImageObject\",\"inLanguage\":\"en-US\",\"@id\":\"https:\/\/shop.bazarcia.com\/produto\/colecao-de-matrizes-de-coracao\/#primaryimage\",\"url\":\"https:\/\/shop.bazarcia.com\/wp-content\/uploads\/2020\/09\/post-insta-3.jpg\",\"contentUrl\":\"https:\/\/shop.bazarcia.com\/wp-content\/uploads\/2020\/09\/post-insta-3.jpg\",\"width\":1080,\"height\":1080},{\"@type\":\"BreadcrumbList\",\"@id\":\"https:\/\/shop.bazarcia.com\/produto\/colecao-de-matrizes-de-coracao\/#breadcrumb\",\"itemListElement\":[{\"@type\":\"ListItem\",\"position\":1,\"name\":\"In\u00edcio\",\"item\":\"https:\/\/shop.bazarcia.com\/\"},{\"@type\":\"ListItem\",\"position\":2,\"name\":\"Loja\",\"item\":\"https:\/\/shop.bazarcia.com\/loja\/\"},{\"@type\":\"ListItem\",\"position\":3,\"name\":\"Matriz de bordado &#8211; Porta cart\u00e3o &#8211; Cole\u00e7\u00e3o DE CORA\u00c7\u00c3O\"}]},{\"@type\":\"WebSite\",\"@id\":\"https:\/\/shop.bazarcia.com\/#website\",\"url\":\"https:\/\/shop.bazarcia.com\/\",\"name\":\"Bazar & Cia\",\"description\":\"criatividade ponto a ponto\",\"publisher\":{\"@id\":\"https:\/\/shop.bazarcia.com\/#organization\"},\"potentialAction\":[{\"@type\":\"SearchAction\",\"target\":{\"@type\":\"EntryPoint\",\"urlTemplate\":\"https:\/\/shop.bazarcia.com\/?s={search_term_string}\"},\"query-input\":{\"@type\":\"PropertyValueSpecification\",\"valueRequired\":true,\"valueName\":\"search_term_string\"}}],\"inLanguage\":\"en-US\"},{\"@type\":\"Organization\",\"@id\":\"https:\/\/shop.bazarcia.com\/#organization\",\"name\":\"Bazar & Cia\",\"url\":\"https:\/\/shop.bazarcia.com\/\",\"logo\":{\"@type\":\"ImageObject\",\"inLanguage\":\"en-US\",\"@id\":\"https:\/\/shop.bazarcia.com\/#\/schema\/logo\/image\/\",\"url\":\"https:\/\/shop.bazarcia.com\/wp-content\/uploads\/2024\/02\/cropped-logo_bazarcia.png\",\"contentUrl\":\"https:\/\/shop.bazarcia.com\/wp-content\/uploads\/2024\/02\/cropped-logo_bazarcia.png\",\"width\":150,\"height\":150,\"caption\":\"Bazar & Cia\"},\"image\":{\"@id\":\"https:\/\/shop.bazarcia.com\/#\/schema\/logo\/image\/\"},\"sameAs\":[\"https:\/\/www.facebook.com\/shopbazarcia\",\"https:\/\/www.instagram.com\/shopbazarcia\",\"https:\/\/br.pinterest.com\/suzane_eloise\/\",\"https:\/\/www.youtube.com\/c\/BazardoBordadoMatrizeseProjetos\"]}]}<\/script>\n<!-- \/ Yoast SEO plugin. -->","yoast_head_json":{"title":"Matriz de bordado - Porta cart\u00e3o - Cole\u00e7\u00e3o DE CORA\u00c7\u00c3O - \ud835\udc1b\ud835\udc1a\ud835\udc33\ud835\udc1a\ud835\udc2b &amp; \ud835\udc1c\ud835\udc22\ud835\udc1a","description":"Please provide a meta description by editing the snippet below. If you don\u2019t, Google will try to find a relevant part of your post to show in the search results.","robots":{"index":"index","follow":"follow","max-snippet":"max-snippet:-1","max-image-preview":"max-image-preview:large","max-video-preview":"max-video-preview:-1"},"canonical":"https:\/\/shop.bazarcia.com\/en\/product\/colecao-de-matrizes-de-coracao\/","og_locale":"en_US","og_type":"article","og_title":"Matriz de bordado - Porta cart\u00e3o - Cole\u00e7\u00e3o DE CORA\u00c7\u00c3O - \ud835\udc1b\ud835\udc1a\ud835\udc33\ud835\udc1a\ud835\udc2b &amp; \ud835\udc1c\ud835\udc22\ud835\udc1a","og_description":"Please provide a meta description by editing the snippet below. If you don\u2019t, Google will try to find a relevant part of your post to show in the search results.","og_url":"https:\/\/shop.bazarcia.com\/en\/product\/colecao-de-matrizes-de-coracao\/","og_site_name":"\ud835\udc1b\ud835\udc1a\ud835\udc33\ud835\udc1a\ud835\udc2b &amp; \ud835\udc1c\ud835\udc22\ud835\udc1a","article_publisher":"https:\/\/www.facebook.com\/shopbazarcia","article_modified_time":"2023-10-31T21:38:01+00:00","og_image":[{"width":1080,"height":1080,"url":"https:\/\/shop.bazarcia.com\/wp-content\/uploads\/2020\/09\/post-insta-3.jpg","type":"image\/jpeg"}],"twitter_card":"summary_large_image","twitter_misc":{"Est. reading time":"1 minute"},"schema":{"@context":"https:\/\/schema.org","@graph":[{"@type":"WebPage","@id":"https:\/\/shop.bazarcia.com\/produto\/colecao-de-matrizes-de-coracao\/","url":"https:\/\/shop.bazarcia.com\/produto\/colecao-de-matrizes-de-coracao\/","name":"Matriz de bordado - Porta cart\u00e3o - Cole\u00e7\u00e3o DE CORA\u00c7\u00c3O - \ud835\udc1b\ud835\udc1a\ud835\udc33\ud835\udc1a\ud835\udc2b &amp; \ud835\udc1c\ud835\udc22\ud835\udc1a","isPartOf":{"@id":"https:\/\/shop.bazarcia.com\/#website"},"primaryImageOfPage":{"@id":"https:\/\/shop.bazarcia.com\/produto\/colecao-de-matrizes-de-coracao\/#primaryimage"},"image":{"@id":"https:\/\/shop.bazarcia.com\/produto\/colecao-de-matrizes-de-coracao\/#primaryimage"},"thumbnailUrl":"https:\/\/shop.bazarcia.com\/wp-content\/uploads\/2020\/09\/post-insta-3.jpg","datePublished":"2020-09-15T23:46:26+00:00","dateModified":"2023-10-31T21:38:01+00:00","description":"Please provide a meta description by editing the snippet below. If you don\u2019t, Google will try to find a relevant part of your post to show in the search results.","breadcrumb":{"@id":"https:\/\/shop.bazarcia.com\/produto\/colecao-de-matrizes-de-coracao\/#breadcrumb"},"inLanguage":"en-US","potentialAction":[{"@type":"ReadAction","target":["https:\/\/shop.bazarcia.com\/produto\/colecao-de-matrizes-de-coracao\/"]}]},{"@type":"ImageObject","inLanguage":"en-US","@id":"https:\/\/shop.bazarcia.com\/produto\/colecao-de-matrizes-de-coracao\/#primaryimage","url":"https:\/\/shop.bazarcia.com\/wp-content\/uploads\/2020\/09\/post-insta-3.jpg","contentUrl":"https:\/\/shop.bazarcia.com\/wp-content\/uploads\/2020\/09\/post-insta-3.jpg","width":1080,"height":1080},{"@type":"BreadcrumbList","@id":"https:\/\/shop.bazarcia.com\/produto\/colecao-de-matrizes-de-coracao\/#breadcrumb","itemListElement":[{"@type":"ListItem","position":1,"name":"In\u00edcio","item":"https:\/\/shop.bazarcia.com\/"},{"@type":"ListItem","position":2,"name":"Loja","item":"https:\/\/shop.bazarcia.com\/loja\/"},{"@type":"ListItem","position":3,"name":"Matriz de bordado &#8211; Porta cart\u00e3o &#8211; Cole\u00e7\u00e3o DE CORA\u00c7\u00c3O"}]},{"@type":"WebSite","@id":"https:\/\/shop.bazarcia.com\/#website","url":"https:\/\/shop.bazarcia.com\/","name":"Bazar & Cia","description":"criatividade ponto a ponto","publisher":{"@id":"https:\/\/shop.bazarcia.com\/#organization"},"potentialAction":[{"@type":"SearchAction","target":{"@type":"EntryPoint","urlTemplate":"https:\/\/shop.bazarcia.com\/?s={search_term_string}"},"query-input":{"@type":"PropertyValueSpecification","valueRequired":true,"valueName":"search_term_string"}}],"inLanguage":"en-US"},{"@type":"Organization","@id":"https:\/\/shop.bazarcia.com\/#organization","name":"Bazar & Cia","url":"https:\/\/shop.bazarcia.com\/","logo":{"@type":"ImageObject","inLanguage":"en-US","@id":"https:\/\/shop.bazarcia.com\/#\/schema\/logo\/image\/","url":"https:\/\/shop.bazarcia.com\/wp-content\/uploads\/2024\/02\/cropped-logo_bazarcia.png","contentUrl":"https:\/\/shop.bazarcia.com\/wp-content\/uploads\/2024\/02\/cropped-logo_bazarcia.png","width":150,"height":150,"caption":"Bazar & Cia"},"image":{"@id":"https:\/\/shop.bazarcia.com\/#\/schema\/logo\/image\/"},"sameAs":["https:\/\/www.facebook.com\/shopbazarcia","https:\/\/www.instagram.com\/shopbazarcia","https:\/\/br.pinterest.com\/suzane_eloise\/","https:\/\/www.youtube.com\/c\/BazardoBordadoMatrizeseProjetos"]}]}},"_links":{"self":[{"href":"https:\/\/shop.bazarcia.com\/en\/wp-json\/wp\/v2\/product\/50673","targetHints":{"allow":["GET"]}}],"collection":[{"href":"https:\/\/shop.bazarcia.com\/en\/wp-json\/wp\/v2\/product"}],"about":[{"href":"https:\/\/shop.bazarcia.com\/en\/wp-json\/wp\/v2\/types\/product"}],"replies":[{"embeddable":true,"href":"https:\/\/shop.bazarcia.com\/en\/wp-json\/wp\/v2\/comments?post=50673"}],"version-history":[{"count":4,"href":"https:\/\/shop.bazarcia.com\/en\/wp-json\/wp\/v2\/product\/50673\/revisions"}],"predecessor-version":[{"id":251401,"href":"https:\/\/shop.bazarcia.com\/en\/wp-json\/wp\/v2\/product\/50673\/revisions\/251401"}],"wp:featuredmedia":[{"embeddable":true,"href":"https:\/\/shop.bazarcia.com\/en\/wp-json\/wp\/v2\/media\/50672"}],"wp:attachment":[{"href":"https:\/\/shop.bazarcia.com\/en\/wp-json\/wp\/v2\/media?parent=50673"}],"wp:term":[{"taxonomy":"product_brand","embeddable":true,"href":"https:\/\/shop.bazarcia.com\/en\/wp-json\/wp\/v2\/product_brand?post=50673"},{"taxonomy":"product_cat","embeddable":true,"href":"https:\/\/shop.bazarcia.com\/en\/wp-json\/wp\/v2\/product_cat?post=50673"},{"taxonomy":"product_tag","embeddable":true,"href":"https:\/\/shop.bazarcia.com\/en\/wp-json\/wp\/v2\/product_tag?post=50673"}],"curies":[{"name":"wp","href":"https:\/\/api.w.org\/{rel}","templated":true}]}}