{"id":52138,"date":"2020-09-23T19:00:53","date_gmt":"2020-09-23T22:00:53","guid":{"rendered":"https:\/\/shop.bazarcia.com\/produto\/matrizes-de-bordados-mesversario-aniversario-monstrinhos-divertidos-pontos-leves-colecao-monstrinhos-divertidos-pre-venda-pacote-de-matrizes-rippled\/"},"modified":"2022-12-27T19:24:01","modified_gmt":"2022-12-27T22:24:01","slug":"matrizes-de-bordados-mesversario-aniversario-monstrinhos-divertidos-pontos-leves-colecao-monstrinhos-divertidos-pre-venda-pacote-de-matrizes-rippled","status":"publish","type":"product","link":"https:\/\/shop.bazarcia.com\/en\/product\/matrizes-de-bordados-mesversario-aniversario-monstrinhos-divertidos-pontos-leves-colecao-monstrinhos-divertidos-pre-venda-pacote-de-matrizes-rippled\/","title":{"rendered":"Matrizes de Bordados &#8211; Mesvers\u00e1rio &#8211; Anivers\u00e1rio &#8211; Cole\u00e7\u00e3o Monstrinhos Divertidos &#8211; Pontos leves &#8211; Pacote de Matrizes Rippled"},"content":{"rendered":"<p>Cole\u00e7\u00e3o Monstrinhos Divertidos &#8211; Matrizes de Bordados &#8211; Mesvers\u00e1rio &#8211; Anivers\u00e1rio &#8211;\u00a0 Pontos leves &#8211; Rippled &#8211; Pacote de Matrizes para Bordar em M\u00e1quina Eletr\u00f4nica. Todas informa\u00e7\u00f5es de Tamanho, cores utilizadas, quantidade de trocas de linha etc est\u00e3o nas fotos da cole\u00e7\u00e3o. Confira os tamanhos pois, por ser um produto digital n\u00e3o h\u00e1 possibilidade de devolu\u00e7\u00e3o.<\/p>\n<p>&nbsp;<\/p>\n<p>Este produto \u00e9 Digital e vem numa Pasta Compactada (ZIP) com matrizes para M\u00e1quinas de Bordar.<\/p>\n<p>As matrizes ser\u00e3o entregues nos Formatos : PES \u2013 JEF \u2013 XXX -DST \u2013 EXP<\/p>","protected":false},"excerpt":{"rendered":"<p>Matrizes de Bordados &#8211; Cole\u00e7\u00e3o &#8211; Mesvers\u00e1rio &#8211; Anivers\u00e1rio &#8211; Monstrinhos Divertidos &#8211; Pontos leves &#8211; [Cole\u00e7\u00e3o Monstrinhos Divertidos] Pacote de Matrizes Rippled.<\/p>\n","protected":false},"featured_media":52133,"comment_status":"closed","ping_status":"closed","template":"","meta":{"_acf_changed":false,"_joinchat":[]},"product_brand":[],"product_cat":[84,284,312,127,1558,304,306],"product_tag":[1431,1433,1280,1430,1432],"class_list":{"0":"post-52138","1":"product","2":"type-product","3":"status-publish","4":"has-post-thumbnail","6":"product_cat-matrizes-de-bordado","7":"product_cat-carinhas","8":"product_cat-matrizes-pontos-leves","9":"product_cat-mesversario","10":"product_cat-monstrinhos","11":"product_cat-numerais","12":"product_cat-pacotinhos-de-matrizes","13":"product_tag-bordado-computadorizado","14":"product_tag-bordado-eletronico","15":"product_tag-bordar","16":"product_tag-matriz-de-bordado","17":"product_tag-matrizes-de-bordado","19":"first","20":"instock","21":"sale","22":"downloadable","23":"virtual","24":"sold-individually","25":"purchasable","26":"product-type-simple"},"acf":[],"yoast_head":"<!-- This site is optimized with the Yoast SEO plugin v27.2 - https:\/\/yoast.com\/product\/yoast-seo-wordpress\/ -->\n<title>Matrizes de Bordados - Mesvers\u00e1rio - Anivers\u00e1rio - Cole\u00e7\u00e3o Monstrinhos Divertidos - Pontos leves - Pacote de Matrizes Rippled - \ud835\udc1b\ud835\udc1a\ud835\udc33\ud835\udc1a\ud835\udc2b &amp; \ud835\udc1c\ud835\udc22\ud835\udc1a<\/title>\n<meta name=\"description\" content=\"Please provide a meta description by editing the snippet below. If you don\u2019t, Google will try to find a relevant part of your post to show in the search results.\" \/>\n<meta name=\"robots\" content=\"index, follow, max-snippet:-1, max-image-preview:large, max-video-preview:-1\" \/>\n<link rel=\"canonical\" href=\"https:\/\/shop.bazarcia.com\/en\/product\/matrizes-de-bordados-mesversario-aniversario-monstrinhos-divertidos-pontos-leves-colecao-monstrinhos-divertidos-pre-venda-pacote-de-matrizes-rippled\/\" \/>\n<meta property=\"og:locale\" content=\"en_US\" \/>\n<meta property=\"og:type\" content=\"article\" \/>\n<meta property=\"og:title\" content=\"Matrizes de Bordados - Mesvers\u00e1rio - Anivers\u00e1rio - Cole\u00e7\u00e3o Monstrinhos Divertidos - Pontos leves - Pacote de Matrizes Rippled - \ud835\udc1b\ud835\udc1a\ud835\udc33\ud835\udc1a\ud835\udc2b &amp; \ud835\udc1c\ud835\udc22\ud835\udc1a\" \/>\n<meta property=\"og:description\" content=\"Please provide a meta description by editing the snippet below. If you don\u2019t, Google will try to find a relevant part of your post to show in the search results.\" \/>\n<meta property=\"og:url\" content=\"https:\/\/shop.bazarcia.com\/en\/product\/matrizes-de-bordados-mesversario-aniversario-monstrinhos-divertidos-pontos-leves-colecao-monstrinhos-divertidos-pre-venda-pacote-de-matrizes-rippled\/\" \/>\n<meta property=\"og:site_name\" content=\"\ud835\udc1b\ud835\udc1a\ud835\udc33\ud835\udc1a\ud835\udc2b &amp; \ud835\udc1c\ud835\udc22\ud835\udc1a\" \/>\n<meta property=\"article:publisher\" content=\"https:\/\/www.facebook.com\/shopbazarcia\" \/>\n<meta property=\"article:modified_time\" content=\"2022-12-27T22:24:01+00:00\" \/>\n<meta property=\"og:image\" content=\"https:\/\/shop.bazarcia.com\/wp-content\/uploads\/2020\/09\/Matriz-de-Bordado-Cole\u00e7\u00e3o-Mesvers\u00e1rio-e-Anivers\u00e1rio-Montrinhos-Divertidos.png\" \/>\n\t<meta property=\"og:image:width\" content=\"1080\" \/>\n\t<meta property=\"og:image:height\" content=\"1080\" \/>\n\t<meta property=\"og:image:type\" content=\"image\/png\" \/>\n<meta name=\"twitter:card\" content=\"summary_large_image\" \/>\n<script type=\"application\/ld+json\" class=\"yoast-schema-graph\">{\"@context\":\"https:\/\/schema.org\",\"@graph\":[{\"@type\":\"WebPage\",\"@id\":\"https:\/\/shop.bazarcia.com\/produto\/matrizes-de-bordados-mesversario-aniversario-monstrinhos-divertidos-pontos-leves-colecao-monstrinhos-divertidos-pre-venda-pacote-de-matrizes-rippled\/\",\"url\":\"https:\/\/shop.bazarcia.com\/produto\/matrizes-de-bordados-mesversario-aniversario-monstrinhos-divertidos-pontos-leves-colecao-monstrinhos-divertidos-pre-venda-pacote-de-matrizes-rippled\/\",\"name\":\"Matrizes de Bordados - Mesvers\u00e1rio - Anivers\u00e1rio - Cole\u00e7\u00e3o Monstrinhos Divertidos - Pontos leves - Pacote de Matrizes Rippled - \ud835\udc1b\ud835\udc1a\ud835\udc33\ud835\udc1a\ud835\udc2b &amp; \ud835\udc1c\ud835\udc22\ud835\udc1a\",\"isPartOf\":{\"@id\":\"https:\/\/shop.bazarcia.com\/#website\"},\"primaryImageOfPage\":{\"@id\":\"https:\/\/shop.bazarcia.com\/produto\/matrizes-de-bordados-mesversario-aniversario-monstrinhos-divertidos-pontos-leves-colecao-monstrinhos-divertidos-pre-venda-pacote-de-matrizes-rippled\/#primaryimage\"},\"image\":{\"@id\":\"https:\/\/shop.bazarcia.com\/produto\/matrizes-de-bordados-mesversario-aniversario-monstrinhos-divertidos-pontos-leves-colecao-monstrinhos-divertidos-pre-venda-pacote-de-matrizes-rippled\/#primaryimage\"},\"thumbnailUrl\":\"https:\/\/shop.bazarcia.com\/wp-content\/uploads\/2020\/09\/Matriz-de-Bordado-Cole\u00e7\u00e3o-Mesvers\u00e1rio-e-Anivers\u00e1rio-Montrinhos-Divertidos.png\",\"datePublished\":\"2020-09-23T22:00:53+00:00\",\"dateModified\":\"2022-12-27T22:24:01+00:00\",\"description\":\"Please provide a meta description by editing the snippet below. If you don\u2019t, Google will try to find a relevant part of your post to show in the search results.\",\"breadcrumb\":{\"@id\":\"https:\/\/shop.bazarcia.com\/produto\/matrizes-de-bordados-mesversario-aniversario-monstrinhos-divertidos-pontos-leves-colecao-monstrinhos-divertidos-pre-venda-pacote-de-matrizes-rippled\/#breadcrumb\"},\"inLanguage\":\"en-US\",\"potentialAction\":[{\"@type\":\"ReadAction\",\"target\":[\"https:\/\/shop.bazarcia.com\/produto\/matrizes-de-bordados-mesversario-aniversario-monstrinhos-divertidos-pontos-leves-colecao-monstrinhos-divertidos-pre-venda-pacote-de-matrizes-rippled\/\"]}]},{\"@type\":\"ImageObject\",\"inLanguage\":\"en-US\",\"@id\":\"https:\/\/shop.bazarcia.com\/produto\/matrizes-de-bordados-mesversario-aniversario-monstrinhos-divertidos-pontos-leves-colecao-monstrinhos-divertidos-pre-venda-pacote-de-matrizes-rippled\/#primaryimage\",\"url\":\"https:\/\/shop.bazarcia.com\/wp-content\/uploads\/2020\/09\/Matriz-de-Bordado-Cole\u00e7\u00e3o-Mesvers\u00e1rio-e-Anivers\u00e1rio-Montrinhos-Divertidos.png\",\"contentUrl\":\"https:\/\/shop.bazarcia.com\/wp-content\/uploads\/2020\/09\/Matriz-de-Bordado-Cole\u00e7\u00e3o-Mesvers\u00e1rio-e-Anivers\u00e1rio-Montrinhos-Divertidos.png\",\"width\":1080,\"height\":1080},{\"@type\":\"BreadcrumbList\",\"@id\":\"https:\/\/shop.bazarcia.com\/produto\/matrizes-de-bordados-mesversario-aniversario-monstrinhos-divertidos-pontos-leves-colecao-monstrinhos-divertidos-pre-venda-pacote-de-matrizes-rippled\/#breadcrumb\",\"itemListElement\":[{\"@type\":\"ListItem\",\"position\":1,\"name\":\"In\u00edcio\",\"item\":\"https:\/\/shop.bazarcia.com\/\"},{\"@type\":\"ListItem\",\"position\":2,\"name\":\"Loja\",\"item\":\"https:\/\/shop.bazarcia.com\/loja\/\"},{\"@type\":\"ListItem\",\"position\":3,\"name\":\"Matrizes de Bordados &#8211; Mesvers\u00e1rio &#8211; Anivers\u00e1rio &#8211; Cole\u00e7\u00e3o Monstrinhos Divertidos &#8211; Pontos leves &#8211; Pacote de Matrizes Rippled\"}]},{\"@type\":\"WebSite\",\"@id\":\"https:\/\/shop.bazarcia.com\/#website\",\"url\":\"https:\/\/shop.bazarcia.com\/\",\"name\":\"Bazar & Cia\",\"description\":\"criatividade ponto a ponto\",\"publisher\":{\"@id\":\"https:\/\/shop.bazarcia.com\/#organization\"},\"potentialAction\":[{\"@type\":\"SearchAction\",\"target\":{\"@type\":\"EntryPoint\",\"urlTemplate\":\"https:\/\/shop.bazarcia.com\/?s={search_term_string}\"},\"query-input\":{\"@type\":\"PropertyValueSpecification\",\"valueRequired\":true,\"valueName\":\"search_term_string\"}}],\"inLanguage\":\"en-US\"},{\"@type\":\"Organization\",\"@id\":\"https:\/\/shop.bazarcia.com\/#organization\",\"name\":\"Bazar & Cia\",\"url\":\"https:\/\/shop.bazarcia.com\/\",\"logo\":{\"@type\":\"ImageObject\",\"inLanguage\":\"en-US\",\"@id\":\"https:\/\/shop.bazarcia.com\/#\/schema\/logo\/image\/\",\"url\":\"https:\/\/shop.bazarcia.com\/wp-content\/uploads\/2024\/02\/cropped-logo_bazarcia.png\",\"contentUrl\":\"https:\/\/shop.bazarcia.com\/wp-content\/uploads\/2024\/02\/cropped-logo_bazarcia.png\",\"width\":150,\"height\":150,\"caption\":\"Bazar & Cia\"},\"image\":{\"@id\":\"https:\/\/shop.bazarcia.com\/#\/schema\/logo\/image\/\"},\"sameAs\":[\"https:\/\/www.facebook.com\/shopbazarcia\",\"https:\/\/www.instagram.com\/shopbazarcia\",\"https:\/\/br.pinterest.com\/suzane_eloise\/\",\"https:\/\/www.youtube.com\/c\/BazardoBordadoMatrizeseProjetos\"]}]}<\/script>\n<!-- \/ Yoast SEO plugin. -->","yoast_head_json":{"title":"Matrizes de Bordados - Mesvers\u00e1rio - Anivers\u00e1rio - Cole\u00e7\u00e3o Monstrinhos Divertidos - Pontos leves - Pacote de Matrizes Rippled - \ud835\udc1b\ud835\udc1a\ud835\udc33\ud835\udc1a\ud835\udc2b &amp; \ud835\udc1c\ud835\udc22\ud835\udc1a","description":"Please provide a meta description by editing the snippet below. If you don\u2019t, Google will try to find a relevant part of your post to show in the search results.","robots":{"index":"index","follow":"follow","max-snippet":"max-snippet:-1","max-image-preview":"max-image-preview:large","max-video-preview":"max-video-preview:-1"},"canonical":"https:\/\/shop.bazarcia.com\/en\/product\/matrizes-de-bordados-mesversario-aniversario-monstrinhos-divertidos-pontos-leves-colecao-monstrinhos-divertidos-pre-venda-pacote-de-matrizes-rippled\/","og_locale":"en_US","og_type":"article","og_title":"Matrizes de Bordados - Mesvers\u00e1rio - Anivers\u00e1rio - Cole\u00e7\u00e3o Monstrinhos Divertidos - Pontos leves - Pacote de Matrizes Rippled - \ud835\udc1b\ud835\udc1a\ud835\udc33\ud835\udc1a\ud835\udc2b &amp; \ud835\udc1c\ud835\udc22\ud835\udc1a","og_description":"Please provide a meta description by editing the snippet below. If you don\u2019t, Google will try to find a relevant part of your post to show in the search results.","og_url":"https:\/\/shop.bazarcia.com\/en\/product\/matrizes-de-bordados-mesversario-aniversario-monstrinhos-divertidos-pontos-leves-colecao-monstrinhos-divertidos-pre-venda-pacote-de-matrizes-rippled\/","og_site_name":"\ud835\udc1b\ud835\udc1a\ud835\udc33\ud835\udc1a\ud835\udc2b &amp; \ud835\udc1c\ud835\udc22\ud835\udc1a","article_publisher":"https:\/\/www.facebook.com\/shopbazarcia","article_modified_time":"2022-12-27T22:24:01+00:00","og_image":[{"width":1080,"height":1080,"url":"https:\/\/shop.bazarcia.com\/wp-content\/uploads\/2020\/09\/Matriz-de-Bordado-Cole\u00e7\u00e3o-Mesvers\u00e1rio-e-Anivers\u00e1rio-Montrinhos-Divertidos.png","type":"image\/png"}],"twitter_card":"summary_large_image","schema":{"@context":"https:\/\/schema.org","@graph":[{"@type":"WebPage","@id":"https:\/\/shop.bazarcia.com\/produto\/matrizes-de-bordados-mesversario-aniversario-monstrinhos-divertidos-pontos-leves-colecao-monstrinhos-divertidos-pre-venda-pacote-de-matrizes-rippled\/","url":"https:\/\/shop.bazarcia.com\/produto\/matrizes-de-bordados-mesversario-aniversario-monstrinhos-divertidos-pontos-leves-colecao-monstrinhos-divertidos-pre-venda-pacote-de-matrizes-rippled\/","name":"Matrizes de Bordados - Mesvers\u00e1rio - Anivers\u00e1rio - Cole\u00e7\u00e3o Monstrinhos Divertidos - Pontos leves - Pacote de Matrizes Rippled - \ud835\udc1b\ud835\udc1a\ud835\udc33\ud835\udc1a\ud835\udc2b &amp; \ud835\udc1c\ud835\udc22\ud835\udc1a","isPartOf":{"@id":"https:\/\/shop.bazarcia.com\/#website"},"primaryImageOfPage":{"@id":"https:\/\/shop.bazarcia.com\/produto\/matrizes-de-bordados-mesversario-aniversario-monstrinhos-divertidos-pontos-leves-colecao-monstrinhos-divertidos-pre-venda-pacote-de-matrizes-rippled\/#primaryimage"},"image":{"@id":"https:\/\/shop.bazarcia.com\/produto\/matrizes-de-bordados-mesversario-aniversario-monstrinhos-divertidos-pontos-leves-colecao-monstrinhos-divertidos-pre-venda-pacote-de-matrizes-rippled\/#primaryimage"},"thumbnailUrl":"https:\/\/shop.bazarcia.com\/wp-content\/uploads\/2020\/09\/Matriz-de-Bordado-Cole\u00e7\u00e3o-Mesvers\u00e1rio-e-Anivers\u00e1rio-Montrinhos-Divertidos.png","datePublished":"2020-09-23T22:00:53+00:00","dateModified":"2022-12-27T22:24:01+00:00","description":"Please provide a meta description by editing the snippet below. If you don\u2019t, Google will try to find a relevant part of your post to show in the search results.","breadcrumb":{"@id":"https:\/\/shop.bazarcia.com\/produto\/matrizes-de-bordados-mesversario-aniversario-monstrinhos-divertidos-pontos-leves-colecao-monstrinhos-divertidos-pre-venda-pacote-de-matrizes-rippled\/#breadcrumb"},"inLanguage":"en-US","potentialAction":[{"@type":"ReadAction","target":["https:\/\/shop.bazarcia.com\/produto\/matrizes-de-bordados-mesversario-aniversario-monstrinhos-divertidos-pontos-leves-colecao-monstrinhos-divertidos-pre-venda-pacote-de-matrizes-rippled\/"]}]},{"@type":"ImageObject","inLanguage":"en-US","@id":"https:\/\/shop.bazarcia.com\/produto\/matrizes-de-bordados-mesversario-aniversario-monstrinhos-divertidos-pontos-leves-colecao-monstrinhos-divertidos-pre-venda-pacote-de-matrizes-rippled\/#primaryimage","url":"https:\/\/shop.bazarcia.com\/wp-content\/uploads\/2020\/09\/Matriz-de-Bordado-Cole\u00e7\u00e3o-Mesvers\u00e1rio-e-Anivers\u00e1rio-Montrinhos-Divertidos.png","contentUrl":"https:\/\/shop.bazarcia.com\/wp-content\/uploads\/2020\/09\/Matriz-de-Bordado-Cole\u00e7\u00e3o-Mesvers\u00e1rio-e-Anivers\u00e1rio-Montrinhos-Divertidos.png","width":1080,"height":1080},{"@type":"BreadcrumbList","@id":"https:\/\/shop.bazarcia.com\/produto\/matrizes-de-bordados-mesversario-aniversario-monstrinhos-divertidos-pontos-leves-colecao-monstrinhos-divertidos-pre-venda-pacote-de-matrizes-rippled\/#breadcrumb","itemListElement":[{"@type":"ListItem","position":1,"name":"In\u00edcio","item":"https:\/\/shop.bazarcia.com\/"},{"@type":"ListItem","position":2,"name":"Loja","item":"https:\/\/shop.bazarcia.com\/loja\/"},{"@type":"ListItem","position":3,"name":"Matrizes de Bordados &#8211; Mesvers\u00e1rio &#8211; Anivers\u00e1rio &#8211; Cole\u00e7\u00e3o Monstrinhos Divertidos &#8211; Pontos leves &#8211; Pacote de Matrizes Rippled"}]},{"@type":"WebSite","@id":"https:\/\/shop.bazarcia.com\/#website","url":"https:\/\/shop.bazarcia.com\/","name":"Bazar & Cia","description":"criatividade ponto a ponto","publisher":{"@id":"https:\/\/shop.bazarcia.com\/#organization"},"potentialAction":[{"@type":"SearchAction","target":{"@type":"EntryPoint","urlTemplate":"https:\/\/shop.bazarcia.com\/?s={search_term_string}"},"query-input":{"@type":"PropertyValueSpecification","valueRequired":true,"valueName":"search_term_string"}}],"inLanguage":"en-US"},{"@type":"Organization","@id":"https:\/\/shop.bazarcia.com\/#organization","name":"Bazar & Cia","url":"https:\/\/shop.bazarcia.com\/","logo":{"@type":"ImageObject","inLanguage":"en-US","@id":"https:\/\/shop.bazarcia.com\/#\/schema\/logo\/image\/","url":"https:\/\/shop.bazarcia.com\/wp-content\/uploads\/2024\/02\/cropped-logo_bazarcia.png","contentUrl":"https:\/\/shop.bazarcia.com\/wp-content\/uploads\/2024\/02\/cropped-logo_bazarcia.png","width":150,"height":150,"caption":"Bazar & Cia"},"image":{"@id":"https:\/\/shop.bazarcia.com\/#\/schema\/logo\/image\/"},"sameAs":["https:\/\/www.facebook.com\/shopbazarcia","https:\/\/www.instagram.com\/shopbazarcia","https:\/\/br.pinterest.com\/suzane_eloise\/","https:\/\/www.youtube.com\/c\/BazardoBordadoMatrizeseProjetos"]}]}},"_links":{"self":[{"href":"https:\/\/shop.bazarcia.com\/en\/wp-json\/wp\/v2\/product\/52138","targetHints":{"allow":["GET"]}}],"collection":[{"href":"https:\/\/shop.bazarcia.com\/en\/wp-json\/wp\/v2\/product"}],"about":[{"href":"https:\/\/shop.bazarcia.com\/en\/wp-json\/wp\/v2\/types\/product"}],"replies":[{"embeddable":true,"href":"https:\/\/shop.bazarcia.com\/en\/wp-json\/wp\/v2\/comments?post=52138"}],"version-history":[{"count":0,"href":"https:\/\/shop.bazarcia.com\/en\/wp-json\/wp\/v2\/product\/52138\/revisions"}],"wp:featuredmedia":[{"embeddable":true,"href":"https:\/\/shop.bazarcia.com\/en\/wp-json\/wp\/v2\/media\/52133"}],"wp:attachment":[{"href":"https:\/\/shop.bazarcia.com\/en\/wp-json\/wp\/v2\/media?parent=52138"}],"wp:term":[{"taxonomy":"product_brand","embeddable":true,"href":"https:\/\/shop.bazarcia.com\/en\/wp-json\/wp\/v2\/product_brand?post=52138"},{"taxonomy":"product_cat","embeddable":true,"href":"https:\/\/shop.bazarcia.com\/en\/wp-json\/wp\/v2\/product_cat?post=52138"},{"taxonomy":"product_tag","embeddable":true,"href":"https:\/\/shop.bazarcia.com\/en\/wp-json\/wp\/v2\/product_tag?post=52138"}],"curies":[{"name":"wp","href":"https:\/\/api.w.org\/{rel}","templated":true}]}}