{"id":5274,"date":"2019-12-04T15:44:48","date_gmt":"2019-12-04T18:44:48","guid":{"rendered":"https:\/\/shop.bazarcia.com\/produto\/matrizes-de-bordado-robos-divertidos-chaveiro-brinde\/"},"modified":"2021-02-09T09:15:31","modified_gmt":"2021-02-09T12:15:31","slug":"matrizes-de-bordado-robos-divertidos-chaveiro-brinde","status":"publish","type":"product","link":"https:\/\/shop.bazarcia.com\/en\/product\/matrizes-de-bordado-robos-divertidos-chaveiro-brinde\/","title":{"rendered":"Matrizes de Bordado &#8211; Rob\u00f4s Divertidos &#8211; Chaveiro Brinde"},"content":{"rendered":"<p><a href=\"https:\/\/shop.bazarcia.com\/wp-content\/uploads\/2018\/01\/6a9305e8-152d-4efa-9cf3-054560e870ef.jpg\"><img fetchpriority=\"high\" decoding=\"async\" class=\"alignnone size-medium wp-image-11542\" src=\"https:\/\/shop.bazarcia.com\/wp-content\/uploads\/2018\/01\/6a9305e8-152d-4efa-9cf3-054560e870ef-237x300.jpg\" alt=\"\" width=\"237\" height=\"300\" \/><\/a><\/p>\n<p>Este \u00e9 um produto digital que \u00e9 disponibilizado para DOWNLOAD logo ap\u00f3s a comprova\u00e7\u00e3o do pagamento.<\/p>\n<div class=\"text_exposed_show\">\n<p>Os arquivos encontram-se em pasta compactada(ZIP), sendo necess\u00e1rio descompactar.<\/p>\n<p>Os mesmos s\u00e3o compat\u00edveis com v\u00e1rios tipos e modelos de m\u00e1quinas, com os seguintes formatos :<\/p>\n<p>PES \u2013 JEF \u2013 EXP \u2013 DST .<\/p>\n<\/div>\n<p>&nbsp;<\/p>","protected":false},"excerpt":{"rendered":"<p>Matrizes para BAIXAR imediatamente ap\u00f3s a compra, nos formatos:<\/p>\n<p>PES<br \/>\nJEF<br \/>\nEXP<br \/>\nDST<\/p>\n<p>Tamanhos: 10cm, 14cm e 16cm.<br \/>\nVers\u00e3o menina tamb\u00e9m!<br \/>\n<a href=\"https:\/\/shop.bazarcia.com\/wp-content\/uploads\/2018\/01\/Robot-girl-16-cm.jpg\"><img decoding=\"async\" class=\"alignnone size-medium wp-image-11544\" src=\"https:\/\/shop.bazarcia.com\/wp-content\/uploads\/2018\/01\/Robot-girl-16-cm-195x300.jpg\" alt=\"\" width=\"195\" height=\"300\" \/><\/a><\/p>","protected":false},"featured_media":3929,"comment_status":"closed","ping_status":"closed","template":"","meta":{"_acf_changed":false,"_joinchat":[]},"product_brand":[],"product_cat":[84,306,1083],"product_tag":[],"class_list":{"0":"post-5274","1":"product","2":"type-product","3":"status-publish","4":"has-post-thumbnail","6":"product_cat-matrizes-de-bordado","7":"product_cat-pacotinhos-de-matrizes","8":"product_cat-robos","10":"first","11":"instock","12":"sale","13":"downloadable","14":"virtual","15":"purchasable","16":"product-type-simple"},"acf":[],"yoast_head":"<!-- This site is optimized with the Yoast SEO plugin v27.2 - https:\/\/yoast.com\/product\/yoast-seo-wordpress\/ -->\n<title>Matrizes de Bordado - Rob\u00f4s Divertidos - Chaveiro Brinde - \ud835\udc1b\ud835\udc1a\ud835\udc33\ud835\udc1a\ud835\udc2b &amp; \ud835\udc1c\ud835\udc22\ud835\udc1a<\/title>\n<meta name=\"robots\" content=\"index, follow, max-snippet:-1, max-image-preview:large, max-video-preview:-1\" \/>\n<link rel=\"canonical\" href=\"https:\/\/shop.bazarcia.com\/en\/product\/matrizes-de-bordado-robos-divertidos-chaveiro-brinde\/\" \/>\n<meta property=\"og:locale\" content=\"en_US\" \/>\n<meta property=\"og:type\" content=\"article\" \/>\n<meta property=\"og:title\" content=\"Matrizes de Bordado - Rob\u00f4s Divertidos - Chaveiro Brinde - \ud835\udc1b\ud835\udc1a\ud835\udc33\ud835\udc1a\ud835\udc2b &amp; \ud835\udc1c\ud835\udc22\ud835\udc1a\" \/>\n<meta property=\"og:description\" content=\"Matrizes para BAIXAR imediatamente ap\u00f3s a compra, nos formatos:  PES JEF EXP DST  Tamanhos: 10cm, 14cm e 16cm. Vers\u00e3o menina tamb\u00e9m!\" \/>\n<meta property=\"og:url\" content=\"https:\/\/shop.bazarcia.com\/en\/product\/matrizes-de-bordado-robos-divertidos-chaveiro-brinde\/\" \/>\n<meta property=\"og:site_name\" content=\"\ud835\udc1b\ud835\udc1a\ud835\udc33\ud835\udc1a\ud835\udc2b &amp; \ud835\udc1c\ud835\udc22\ud835\udc1a\" \/>\n<meta property=\"article:publisher\" content=\"https:\/\/www.facebook.com\/shopbazarcia\" \/>\n<meta property=\"article:modified_time\" content=\"2021-02-09T12:15:31+00:00\" \/>\n<meta property=\"og:image\" content=\"https:\/\/shop.bazarcia.com\/wp-content\/uploads\/2019\/12\/6a9305e8-152d-4efa-9cf3-054560e870ef.jpg\" \/>\n\t<meta property=\"og:image:width\" content=\"960\" \/>\n\t<meta property=\"og:image:height\" content=\"1216\" \/>\n\t<meta property=\"og:image:type\" content=\"image\/jpeg\" \/>\n<meta name=\"twitter:card\" content=\"summary_large_image\" \/>\n<script type=\"application\/ld+json\" class=\"yoast-schema-graph\">{\"@context\":\"https:\/\/schema.org\",\"@graph\":[{\"@type\":\"WebPage\",\"@id\":\"https:\/\/shop.bazarcia.com\/en\/product\/matrizes-de-bordado-robos-divertidos-chaveiro-brinde\/\",\"url\":\"https:\/\/shop.bazarcia.com\/en\/product\/matrizes-de-bordado-robos-divertidos-chaveiro-brinde\/\",\"name\":\"Matrizes de Bordado - Rob\u00f4s Divertidos - Chaveiro Brinde - \ud835\udc1b\ud835\udc1a\ud835\udc33\ud835\udc1a\ud835\udc2b &amp; \ud835\udc1c\ud835\udc22\ud835\udc1a\",\"isPartOf\":{\"@id\":\"https:\/\/shop.bazarcia.com\/#website\"},\"primaryImageOfPage\":{\"@id\":\"https:\/\/shop.bazarcia.com\/en\/product\/matrizes-de-bordado-robos-divertidos-chaveiro-brinde\/#primaryimage\"},\"image\":{\"@id\":\"https:\/\/shop.bazarcia.com\/en\/product\/matrizes-de-bordado-robos-divertidos-chaveiro-brinde\/#primaryimage\"},\"thumbnailUrl\":\"https:\/\/shop.bazarcia.com\/wp-content\/uploads\/2019\/12\/6a9305e8-152d-4efa-9cf3-054560e870ef.jpg\",\"datePublished\":\"2019-12-04T18:44:48+00:00\",\"dateModified\":\"2021-02-09T12:15:31+00:00\",\"breadcrumb\":{\"@id\":\"https:\/\/shop.bazarcia.com\/en\/product\/matrizes-de-bordado-robos-divertidos-chaveiro-brinde\/#breadcrumb\"},\"inLanguage\":\"en-US\",\"potentialAction\":[{\"@type\":\"ReadAction\",\"target\":[\"https:\/\/shop.bazarcia.com\/en\/product\/matrizes-de-bordado-robos-divertidos-chaveiro-brinde\/\"]}]},{\"@type\":\"ImageObject\",\"inLanguage\":\"en-US\",\"@id\":\"https:\/\/shop.bazarcia.com\/en\/product\/matrizes-de-bordado-robos-divertidos-chaveiro-brinde\/#primaryimage\",\"url\":\"https:\/\/shop.bazarcia.com\/wp-content\/uploads\/2019\/12\/6a9305e8-152d-4efa-9cf3-054560e870ef.jpg\",\"contentUrl\":\"https:\/\/shop.bazarcia.com\/wp-content\/uploads\/2019\/12\/6a9305e8-152d-4efa-9cf3-054560e870ef.jpg\",\"width\":960,\"height\":1216},{\"@type\":\"BreadcrumbList\",\"@id\":\"https:\/\/shop.bazarcia.com\/en\/product\/matrizes-de-bordado-robos-divertidos-chaveiro-brinde\/#breadcrumb\",\"itemListElement\":[{\"@type\":\"ListItem\",\"position\":1,\"name\":\"In\u00edcio\",\"item\":\"https:\/\/shop.bazarcia.com\/\"},{\"@type\":\"ListItem\",\"position\":2,\"name\":\"Loja\",\"item\":\"https:\/\/shop.bazarcia.com\/loja\/\"},{\"@type\":\"ListItem\",\"position\":3,\"name\":\"Matrizes de Bordado &#8211; Rob\u00f4s Divertidos &#8211; Chaveiro Brinde\"}]},{\"@type\":\"WebSite\",\"@id\":\"https:\/\/shop.bazarcia.com\/#website\",\"url\":\"https:\/\/shop.bazarcia.com\/\",\"name\":\"Bazar & Cia\",\"description\":\"criatividade ponto a ponto\",\"publisher\":{\"@id\":\"https:\/\/shop.bazarcia.com\/#organization\"},\"potentialAction\":[{\"@type\":\"SearchAction\",\"target\":{\"@type\":\"EntryPoint\",\"urlTemplate\":\"https:\/\/shop.bazarcia.com\/?s={search_term_string}\"},\"query-input\":{\"@type\":\"PropertyValueSpecification\",\"valueRequired\":true,\"valueName\":\"search_term_string\"}}],\"inLanguage\":\"en-US\"},{\"@type\":\"Organization\",\"@id\":\"https:\/\/shop.bazarcia.com\/#organization\",\"name\":\"Bazar & Cia\",\"url\":\"https:\/\/shop.bazarcia.com\/\",\"logo\":{\"@type\":\"ImageObject\",\"inLanguage\":\"en-US\",\"@id\":\"https:\/\/shop.bazarcia.com\/#\/schema\/logo\/image\/\",\"url\":\"https:\/\/shop.bazarcia.com\/wp-content\/uploads\/2024\/02\/cropped-logo_bazarcia.png\",\"contentUrl\":\"https:\/\/shop.bazarcia.com\/wp-content\/uploads\/2024\/02\/cropped-logo_bazarcia.png\",\"width\":150,\"height\":150,\"caption\":\"Bazar & Cia\"},\"image\":{\"@id\":\"https:\/\/shop.bazarcia.com\/#\/schema\/logo\/image\/\"},\"sameAs\":[\"https:\/\/www.facebook.com\/shopbazarcia\",\"https:\/\/www.instagram.com\/shopbazarcia\",\"https:\/\/br.pinterest.com\/suzane_eloise\/\",\"https:\/\/www.youtube.com\/c\/BazardoBordadoMatrizeseProjetos\"]}]}<\/script>\n<!-- \/ Yoast SEO plugin. -->","yoast_head_json":{"title":"Matrizes de Bordado - Rob\u00f4s Divertidos - Chaveiro Brinde - \ud835\udc1b\ud835\udc1a\ud835\udc33\ud835\udc1a\ud835\udc2b &amp; \ud835\udc1c\ud835\udc22\ud835\udc1a","robots":{"index":"index","follow":"follow","max-snippet":"max-snippet:-1","max-image-preview":"max-image-preview:large","max-video-preview":"max-video-preview:-1"},"canonical":"https:\/\/shop.bazarcia.com\/en\/product\/matrizes-de-bordado-robos-divertidos-chaveiro-brinde\/","og_locale":"en_US","og_type":"article","og_title":"Matrizes de Bordado - Rob\u00f4s Divertidos - Chaveiro Brinde - \ud835\udc1b\ud835\udc1a\ud835\udc33\ud835\udc1a\ud835\udc2b &amp; \ud835\udc1c\ud835\udc22\ud835\udc1a","og_description":"Matrizes para BAIXAR imediatamente ap\u00f3s a compra, nos formatos:  PES JEF EXP DST  Tamanhos: 10cm, 14cm e 16cm. Vers\u00e3o menina tamb\u00e9m!","og_url":"https:\/\/shop.bazarcia.com\/en\/product\/matrizes-de-bordado-robos-divertidos-chaveiro-brinde\/","og_site_name":"\ud835\udc1b\ud835\udc1a\ud835\udc33\ud835\udc1a\ud835\udc2b &amp; \ud835\udc1c\ud835\udc22\ud835\udc1a","article_publisher":"https:\/\/www.facebook.com\/shopbazarcia","article_modified_time":"2021-02-09T12:15:31+00:00","og_image":[{"width":960,"height":1216,"url":"https:\/\/shop.bazarcia.com\/wp-content\/uploads\/2019\/12\/6a9305e8-152d-4efa-9cf3-054560e870ef.jpg","type":"image\/jpeg"}],"twitter_card":"summary_large_image","schema":{"@context":"https:\/\/schema.org","@graph":[{"@type":"WebPage","@id":"https:\/\/shop.bazarcia.com\/en\/product\/matrizes-de-bordado-robos-divertidos-chaveiro-brinde\/","url":"https:\/\/shop.bazarcia.com\/en\/product\/matrizes-de-bordado-robos-divertidos-chaveiro-brinde\/","name":"Matrizes de Bordado - Rob\u00f4s Divertidos - Chaveiro Brinde - \ud835\udc1b\ud835\udc1a\ud835\udc33\ud835\udc1a\ud835\udc2b &amp; \ud835\udc1c\ud835\udc22\ud835\udc1a","isPartOf":{"@id":"https:\/\/shop.bazarcia.com\/#website"},"primaryImageOfPage":{"@id":"https:\/\/shop.bazarcia.com\/en\/product\/matrizes-de-bordado-robos-divertidos-chaveiro-brinde\/#primaryimage"},"image":{"@id":"https:\/\/shop.bazarcia.com\/en\/product\/matrizes-de-bordado-robos-divertidos-chaveiro-brinde\/#primaryimage"},"thumbnailUrl":"https:\/\/shop.bazarcia.com\/wp-content\/uploads\/2019\/12\/6a9305e8-152d-4efa-9cf3-054560e870ef.jpg","datePublished":"2019-12-04T18:44:48+00:00","dateModified":"2021-02-09T12:15:31+00:00","breadcrumb":{"@id":"https:\/\/shop.bazarcia.com\/en\/product\/matrizes-de-bordado-robos-divertidos-chaveiro-brinde\/#breadcrumb"},"inLanguage":"en-US","potentialAction":[{"@type":"ReadAction","target":["https:\/\/shop.bazarcia.com\/en\/product\/matrizes-de-bordado-robos-divertidos-chaveiro-brinde\/"]}]},{"@type":"ImageObject","inLanguage":"en-US","@id":"https:\/\/shop.bazarcia.com\/en\/product\/matrizes-de-bordado-robos-divertidos-chaveiro-brinde\/#primaryimage","url":"https:\/\/shop.bazarcia.com\/wp-content\/uploads\/2019\/12\/6a9305e8-152d-4efa-9cf3-054560e870ef.jpg","contentUrl":"https:\/\/shop.bazarcia.com\/wp-content\/uploads\/2019\/12\/6a9305e8-152d-4efa-9cf3-054560e870ef.jpg","width":960,"height":1216},{"@type":"BreadcrumbList","@id":"https:\/\/shop.bazarcia.com\/en\/product\/matrizes-de-bordado-robos-divertidos-chaveiro-brinde\/#breadcrumb","itemListElement":[{"@type":"ListItem","position":1,"name":"In\u00edcio","item":"https:\/\/shop.bazarcia.com\/"},{"@type":"ListItem","position":2,"name":"Loja","item":"https:\/\/shop.bazarcia.com\/loja\/"},{"@type":"ListItem","position":3,"name":"Matrizes de Bordado &#8211; Rob\u00f4s Divertidos &#8211; Chaveiro Brinde"}]},{"@type":"WebSite","@id":"https:\/\/shop.bazarcia.com\/#website","url":"https:\/\/shop.bazarcia.com\/","name":"Bazar & Cia","description":"criatividade ponto a ponto","publisher":{"@id":"https:\/\/shop.bazarcia.com\/#organization"},"potentialAction":[{"@type":"SearchAction","target":{"@type":"EntryPoint","urlTemplate":"https:\/\/shop.bazarcia.com\/?s={search_term_string}"},"query-input":{"@type":"PropertyValueSpecification","valueRequired":true,"valueName":"search_term_string"}}],"inLanguage":"en-US"},{"@type":"Organization","@id":"https:\/\/shop.bazarcia.com\/#organization","name":"Bazar & Cia","url":"https:\/\/shop.bazarcia.com\/","logo":{"@type":"ImageObject","inLanguage":"en-US","@id":"https:\/\/shop.bazarcia.com\/#\/schema\/logo\/image\/","url":"https:\/\/shop.bazarcia.com\/wp-content\/uploads\/2024\/02\/cropped-logo_bazarcia.png","contentUrl":"https:\/\/shop.bazarcia.com\/wp-content\/uploads\/2024\/02\/cropped-logo_bazarcia.png","width":150,"height":150,"caption":"Bazar & Cia"},"image":{"@id":"https:\/\/shop.bazarcia.com\/#\/schema\/logo\/image\/"},"sameAs":["https:\/\/www.facebook.com\/shopbazarcia","https:\/\/www.instagram.com\/shopbazarcia","https:\/\/br.pinterest.com\/suzane_eloise\/","https:\/\/www.youtube.com\/c\/BazardoBordadoMatrizeseProjetos"]}]}},"_links":{"self":[{"href":"https:\/\/shop.bazarcia.com\/en\/wp-json\/wp\/v2\/product\/5274","targetHints":{"allow":["GET"]}}],"collection":[{"href":"https:\/\/shop.bazarcia.com\/en\/wp-json\/wp\/v2\/product"}],"about":[{"href":"https:\/\/shop.bazarcia.com\/en\/wp-json\/wp\/v2\/types\/product"}],"replies":[{"embeddable":true,"href":"https:\/\/shop.bazarcia.com\/en\/wp-json\/wp\/v2\/comments?post=5274"}],"version-history":[{"count":0,"href":"https:\/\/shop.bazarcia.com\/en\/wp-json\/wp\/v2\/product\/5274\/revisions"}],"wp:featuredmedia":[{"embeddable":true,"href":"https:\/\/shop.bazarcia.com\/en\/wp-json\/wp\/v2\/media\/3929"}],"wp:attachment":[{"href":"https:\/\/shop.bazarcia.com\/en\/wp-json\/wp\/v2\/media?parent=5274"}],"wp:term":[{"taxonomy":"product_brand","embeddable":true,"href":"https:\/\/shop.bazarcia.com\/en\/wp-json\/wp\/v2\/product_brand?post=5274"},{"taxonomy":"product_cat","embeddable":true,"href":"https:\/\/shop.bazarcia.com\/en\/wp-json\/wp\/v2\/product_cat?post=5274"},{"taxonomy":"product_tag","embeddable":true,"href":"https:\/\/shop.bazarcia.com\/en\/wp-json\/wp\/v2\/product_tag?post=5274"}],"curies":[{"name":"wp","href":"https:\/\/api.w.org\/{rel}","templated":true}]}}