{"id":52907,"date":"2020-09-29T13:53:18","date_gmt":"2020-09-29T16:53:18","guid":{"rendered":"https:\/\/shop.bazarcia.com\/produto\/matrizes-de-bordado-molduras-brasao-realeza-mc\/"},"modified":"2022-04-02T11:04:11","modified_gmt":"2022-04-02T14:04:11","slug":"matrizes-de-bordado-molduras-brasao-realeza-mc","status":"publish","type":"product","link":"https:\/\/shop.bazarcia.com\/en\/product\/matrizes-de-bordado-molduras-brasao-realeza-mc\/","title":{"rendered":"Matrizes de Bordado &#8211; Molduras Bras\u00f5es Realeza MC"},"content":{"rendered":"<p style=\"margin: 0cm;margin-bottom: .0001pt\"><span style=\"font-family: 'Arial','sans-serif';color: #333333\">Duo de Molduras Bras\u00e3o para enfeitar as pe\u00e7as de enxoval de pr\u00edncipes e princesas de mam\u00e3es com o estilo mais cl\u00e1ssico.<br \/>\nVers\u00e3o para meninos e meninas dispon\u00edveis nos 3 tamanhos detalhados abaixo.<b> <\/b><\/span><\/p>\n<p style=\"margin: 0cm;margin-bottom: .0001pt\"><b><span style=\"font-family: 'Arial','sans-serif';color: #333333\">\u00a0<\/span><\/b><\/p>\n<p style=\"margin: 0cm;margin-bottom: .0001pt\"><b><span style=\"font-family: 'Arial','sans-serif';color: #333333\">\u00a0<\/span><\/b><\/p>\n<p style=\"margin: 0cm;margin-bottom: .0001pt\"><b><span style=\"font-family: 'Arial','sans-serif';color: #333333\">BRAS\u00c3O VERS\u00c3O MENINA:<\/span><\/b><\/p>\n<table class=\"MsoTableGrid\" style=\"border-collapse: collapse;border: none\" border=\"0\" cellspacing=\"0\" cellpadding=\"0\">\n<tbody>\n<tr>\n<td style=\"width: 106.15pt;padding: 0cm 5.4pt 0cm 5.4pt\" width=\"142\">\n<p style=\"margin: 0cm;margin-bottom: .0001pt;text-align: center\" align=\"center\"><b><span style=\"font-family: 'Arial','sans-serif';color: #333333\">BASTIDOR<\/span><\/b><\/p>\n<\/td>\n<td style=\"width: 106.15pt;padding: 0cm 5.4pt 0cm 5.4pt\" width=\"142\">\n<p style=\"margin: 0cm;margin-bottom: .0001pt;text-align: center\" align=\"center\"><b><span style=\"font-family: 'Arial','sans-serif';color: #333333\">TAMANHO<\/span><\/b><\/p>\n<\/td>\n<td style=\"width: 106.2pt;padding: 0cm 5.4pt 0cm 5.4pt\" width=\"142\">\n<p style=\"margin: 0cm;margin-bottom: .0001pt;text-align: center\" align=\"center\"><b><span style=\"font-family: 'Arial','sans-serif';color: #333333\">TROCAS DE<br \/>\nLINHA<\/span><\/b><\/p>\n<\/td>\n<td style=\"width: 106.2pt;padding: 0cm 5.4pt 0cm 5.4pt\" width=\"142\">\n<p style=\"margin: 0cm;margin-bottom: .0001pt;text-align: center\" align=\"center\"><b><span style=\"font-family: 'Arial','sans-serif';color: #333333\">QUANTIDADE<\/span><\/b><\/p>\n<p style=\"margin: 0cm;margin-bottom: .0001pt;text-align: center\" align=\"center\"><b><span style=\"font-family: 'Arial','sans-serif';color: #333333\">DE PONTOS<\/span><\/b><\/p>\n<\/td>\n<\/tr>\n<tr>\n<td style=\"width: 106.15pt;padding: 0cm 5.4pt 0cm 5.4pt\" valign=\"top\" width=\"142\">\n<p style=\"margin: 0cm;margin-bottom: .0001pt;text-align: center\" align=\"center\"><span style=\"font-family: 'Arial','sans-serif';color: #333333\">13 x 18<\/span><\/p>\n<\/td>\n<td style=\"width: 106.15pt;padding: 0cm 5.4pt 0cm 5.4pt\" valign=\"top\" width=\"142\">\n<p style=\"margin: 0cm;margin-bottom: .0001pt;text-align: center\" align=\"center\"><span style=\"font-family: 'Arial','sans-serif';color: #333333\">13 x 16 cm<\/span><\/p>\n<\/td>\n<td style=\"width: 106.2pt;padding: 0cm 5.4pt 0cm 5.4pt\" valign=\"top\" width=\"142\">\n<p style=\"margin: 0cm;margin-bottom: .0001pt;text-align: center\" align=\"center\"><span style=\"font-family: 'Arial','sans-serif';color: #333333\">4<\/span><\/p>\n<\/td>\n<td style=\"width: 106.2pt;padding: 0cm 5.4pt 0cm 5.4pt\" valign=\"top\" width=\"142\">\n<p style=\"margin: 0cm;margin-bottom: .0001pt;text-align: center\" align=\"center\"><span style=\"font-family: 'Arial','sans-serif';color: #333333\">14658<\/span><\/p>\n<\/td>\n<\/tr>\n<tr>\n<td style=\"width: 106.15pt;padding: 0cm 5.4pt 0cm 5.4pt\" valign=\"top\" width=\"142\">\n<p style=\"margin: 0cm;margin-bottom: .0001pt;text-align: center\" align=\"center\"><span style=\"font-family: 'Arial','sans-serif';color: #333333\">16 x 26<\/span><\/p>\n<\/td>\n<td style=\"width: 106.15pt;padding: 0cm 5.4pt 0cm 5.4pt\" valign=\"top\" width=\"142\">\n<p style=\"margin: 0cm;margin-bottom: .0001pt;text-align: center\" align=\"center\"><span style=\"font-family: 'Arial','sans-serif';color: #333333\">16 x 20 cm<\/span><\/p>\n<\/td>\n<td style=\"width: 106.2pt;padding: 0cm 5.4pt 0cm 5.4pt\" valign=\"top\" width=\"142\">\n<p style=\"margin: 0cm;margin-bottom: .0001pt;text-align: center\" align=\"center\"><span style=\"font-family: 'Arial','sans-serif';color: #333333\">4<\/span><\/p>\n<\/td>\n<td style=\"width: 106.2pt;padding: 0cm 5.4pt 0cm 5.4pt\" valign=\"top\" width=\"142\">\n<p style=\"margin: 0cm;margin-bottom: .0001pt;text-align: center\" align=\"center\"><span style=\"font-family: 'Arial','sans-serif';color: #333333\">17934<\/span><\/p>\n<\/td>\n<\/tr>\n<tr>\n<td style=\"width: 106.15pt;padding: 0cm 5.4pt 0cm 5.4pt\" valign=\"top\" width=\"142\">\n<p style=\"margin: 0cm;margin-bottom: .0001pt;text-align: center\" align=\"center\"><span style=\"font-family: 'Arial','sans-serif';color: #333333\">20 x 30<\/span><\/p>\n<\/td>\n<td style=\"width: 106.15pt;padding: 0cm 5.4pt 0cm 5.4pt\" valign=\"top\" width=\"142\">\n<p style=\"margin: 0cm;margin-bottom: .0001pt;text-align: center\" align=\"center\"><span style=\"font-family: 'Arial','sans-serif';color: #333333\">18 x 22,3<\/span><\/p>\n<\/td>\n<td style=\"width: 106.2pt;padding: 0cm 5.4pt 0cm 5.4pt\" valign=\"top\" width=\"142\">\n<p style=\"margin: 0cm;margin-bottom: .0001pt;text-align: center\" align=\"center\"><span style=\"font-family: 'Arial','sans-serif';color: #333333\">4<\/span><\/p>\n<\/td>\n<td style=\"width: 106.2pt;padding: 0cm 5.4pt 0cm 5.4pt\" valign=\"top\" width=\"142\">\n<p style=\"margin: 0cm;margin-bottom: .0001pt;text-align: center\" align=\"center\"><span style=\"font-family: 'Arial','sans-serif';color: #333333\">20252<\/span><\/p>\n<\/td>\n<\/tr>\n<\/tbody>\n<\/table>\n<p style=\"margin: 0cm;margin-bottom: .0001pt\"><span style=\"font-family: 'Arial','sans-serif';color: #333333\">\u00a0<\/span><\/p>\n<p style=\"margin: 0cm;margin-bottom: .0001pt\"><span style=\"font-family: 'Arial','sans-serif';color: #333333\">\u00a0<\/span><\/p>\n<p style=\"margin: 0cm;margin-bottom: .0001pt;text-align: start\"><b><span style=\"font-family: 'Arial','sans-serif';color: #333333\">BRAS\u00c3O VERS\u00c3O MENINO:<\/span><\/b><\/p>\n<table class=\"MsoTableGrid\" style=\"border-collapse: collapse;border: none\" border=\"0\" cellspacing=\"0\" cellpadding=\"0\">\n<tbody>\n<tr>\n<td style=\"width: 106.15pt;padding: 0cm 5.4pt 0cm 5.4pt\" width=\"142\">\n<p style=\"margin: 0cm;margin-bottom: .0001pt;text-align: center\" align=\"center\"><b><span style=\"font-family: 'Arial','sans-serif';color: #333333\">BASTIDOR<\/span><\/b><\/p>\n<\/td>\n<td style=\"width: 106.15pt;padding: 0cm 5.4pt 0cm 5.4pt\" width=\"142\">\n<p style=\"margin: 0cm;margin-bottom: .0001pt;text-align: center\" align=\"center\"><b><span style=\"font-family: 'Arial','sans-serif';color: #333333\">TAMANHO<\/span><\/b><\/p>\n<\/td>\n<td style=\"width: 106.2pt;padding: 0cm 5.4pt 0cm 5.4pt\" width=\"142\">\n<p style=\"margin: 0cm;margin-bottom: .0001pt;text-align: center\" align=\"center\"><b><span style=\"font-family: 'Arial','sans-serif';color: #333333\">TROCAS DE<br \/>\nLINHA<\/span><\/b><\/p>\n<\/td>\n<td style=\"width: 106.2pt;padding: 0cm 5.4pt 0cm 5.4pt\" width=\"142\">\n<p style=\"margin: 0cm;margin-bottom: .0001pt;text-align: center\" align=\"center\"><b><span style=\"font-family: 'Arial','sans-serif';color: #333333\">QUANTIDADE<\/span><\/b><\/p>\n<p style=\"margin: 0cm;margin-bottom: .0001pt;text-align: center\" align=\"center\"><b><span style=\"font-family: 'Arial','sans-serif';color: #333333\">DE PONTOS<\/span><\/b><\/p>\n<\/td>\n<\/tr>\n<tr>\n<td style=\"width: 106.15pt;padding: 0cm 5.4pt 0cm 5.4pt\" valign=\"top\" width=\"142\">\n<p style=\"margin: 0cm;margin-bottom: .0001pt;text-align: center\" align=\"center\"><span style=\"font-family: 'Arial','sans-serif';color: #333333\">13 x 18<\/span><\/p>\n<\/td>\n<td style=\"width: 106.15pt;padding: 0cm 5.4pt 0cm 5.4pt\" valign=\"top\" width=\"142\">\n<p style=\"margin: 0cm;margin-bottom: .0001pt;text-align: center\" align=\"center\"><span style=\"font-family: 'Arial','sans-serif';color: #333333\">13 x 16 cm<\/span><\/p>\n<\/td>\n<td style=\"width: 106.2pt;padding: 0cm 5.4pt 0cm 5.4pt\" valign=\"top\" width=\"142\">\n<p style=\"margin: 0cm;margin-bottom: .0001pt;text-align: center\" align=\"center\"><span style=\"font-family: 'Arial','sans-serif';color: #333333\">1<\/span><\/p>\n<\/td>\n<td style=\"width: 106.2pt;padding: 0cm 5.4pt 0cm 5.4pt\" valign=\"top\" width=\"142\">\n<p style=\"margin: 0cm;margin-bottom: .0001pt;text-align: center\" align=\"center\"><span style=\"font-family: 'Arial','sans-serif';color: #333333\">10417<\/span><\/p>\n<\/td>\n<\/tr>\n<tr>\n<td style=\"width: 106.15pt;padding: 0cm 5.4pt 0cm 5.4pt\" valign=\"top\" width=\"142\">\n<p style=\"margin: 0cm;margin-bottom: .0001pt;text-align: center\" align=\"center\"><span style=\"font-family: 'Arial','sans-serif';color: #333333\">16 x 26<\/span><\/p>\n<\/td>\n<td style=\"width: 106.15pt;padding: 0cm 5.4pt 0cm 5.4pt\" valign=\"top\" width=\"142\">\n<p style=\"margin: 0cm;margin-bottom: .0001pt;text-align: center\" align=\"center\"><span style=\"font-family: 'Arial','sans-serif';color: #333333\">16 x 19,2 cm<\/span><\/p>\n<\/td>\n<td style=\"width: 106.2pt;padding: 0cm 5.4pt 0cm 5.4pt\" valign=\"top\" width=\"142\">\n<p style=\"margin: 0cm;margin-bottom: .0001pt;text-align: center\" align=\"center\"><span style=\"font-family: 'Arial','sans-serif';color: #333333\">1<\/span><\/p>\n<\/td>\n<td style=\"width: 106.2pt;padding: 0cm 5.4pt 0cm 5.4pt\" valign=\"top\" width=\"142\">\n<p style=\"margin: 0cm;margin-bottom: .0001pt;text-align: center\" align=\"center\"><span style=\"font-family: 'Arial','sans-serif';color: #333333\">12855<\/span><\/p>\n<\/td>\n<\/tr>\n<tr>\n<td style=\"width: 106.15pt;padding: 0cm 5.4pt 0cm 5.4pt\" valign=\"top\" width=\"142\">\n<p style=\"margin: 0cm;margin-bottom: .0001pt;text-align: center\" align=\"center\"><span style=\"font-family: 'Arial','sans-serif';color: #333333\">20 x 30<\/span><\/p>\n<\/td>\n<td style=\"width: 106.15pt;padding: 0cm 5.4pt 0cm 5.4pt\" valign=\"top\" width=\"142\">\n<p style=\"margin: 0cm;margin-bottom: .0001pt;text-align: center\" align=\"center\"><span style=\"font-family: 'Arial','sans-serif';color: #333333\">17,5 x 21,7 cm<\/span><\/p>\n<\/td>\n<td style=\"width: 106.2pt;padding: 0cm 5.4pt 0cm 5.4pt\" valign=\"top\" width=\"142\">\n<p style=\"margin: 0cm;margin-bottom: .0001pt;text-align: center\" align=\"center\"><span style=\"font-family: 'Arial','sans-serif';color: #333333\">1<\/span><\/p>\n<\/td>\n<td style=\"width: 106.2pt;padding: 0cm 5.4pt 0cm 5.4pt\" valign=\"top\" width=\"142\">\n<p style=\"margin: 0cm;margin-bottom: .0001pt;text-align: center\" align=\"center\"><span style=\"font-family: 'Arial','sans-serif';color: #333333\">14465<\/span><\/p>\n<\/td>\n<\/tr>\n<\/tbody>\n<\/table>\n<p style=\"margin: 0cm 0cm .0001pt 36.0pt\"><span style=\"font-family: 'Arial','sans-serif';color: #333333\">\u00a0<\/span><\/p>\n<p style=\"margin: 0cm 0cm .0001pt 36.0pt\"><span style=\"font-family: 'Arial','sans-serif';color: #333333\">\u00a0<\/span><\/p>\n<p class=\"MsoNormal\" style=\"margin-bottom: .0001pt;text-align: start\"><span style=\"font-size: 12.0pt;line-height: 107%;font-family: 'Arial','sans-serif';color: #333333\">Este \u00e9 um produto DIGITAL e os arquivos estar\u00e3o dispon\u00edveis para download, aqui mesmo na sua conta no BDB, ap\u00f3s confirma\u00e7\u00e3o do pagamento. (N\u00e3o ser\u00e3o enviados por email!).<\/span><\/p>\n<p class=\"MsoNormal\" style=\"margin-bottom: .0001pt\"><span style=\"font-size: 12.0pt;line-height: 107%;font-family: 'Arial','sans-serif';color: #333333\">Os arquivos est\u00e3o em pasta compactada (ZIP), sendo necess\u00e1rio descompact\u00e1-la.<\/span><\/p>\n<p class=\"MsoNormal\" style=\"margin-bottom: .0001pt\"><span style=\"font-size: 12.0pt;line-height: 107%;font-family: 'Arial','sans-serif';color: #333333\">Os mesmos s\u00e3o compat\u00edveis com v\u00e1rios tipos e modelos de m\u00e1quinas, com os seguintes formatos :<\/span><\/p>\n<p class=\"MsoNormal\" style=\"margin-bottom: .0001pt\"><b><span style=\"font-size: 12.0pt;line-height: 107%;font-family: 'Arial','sans-serif';color: #333333\">PES \u2013 JEF \u2013 EXP \u2013 HUS \u2013 XXX &#8211; DST.<\/span><\/b><\/p>\n<p class=\"MsoNormal\" style=\"margin-bottom: .0001pt\"><span style=\"font-size: 12.0pt;line-height: 107%;font-family: 'Arial','sans-serif';color: #333333\">Designer dos Desenhos: Val\u00e9ria Ribeiro (Ateli\u00ea Mam\u00e3e Coruja)<\/span><\/p>\n<p class=\"MsoNormal\" style=\"margin-bottom: .0001pt\"><span style=\"font-size: 12.0pt;line-height: 107%;font-family: 'Arial','sans-serif';color: #333333\">Adquirindo nossas matrizes e projetos voc\u00ea se declara de acordo com nossos <a href=\"https:\/\/shop.bazarcia.com\/en\/store\/atelie-mamae-coruja\/toc\/\"><b>TERMOS E CONDI\u00c7\u00d5ES<\/b><\/a>.<\/span><\/p>","protected":false},"excerpt":{"rendered":"<p><span style=\"font-weight: bolder;color: #6c737b;font-family: roboto, sans-serif\">Este \u00e9 um PRODUTO DIGITAL destinado a artes\u00e3s e artes\u00e3os \u2665<\/span><br style=\"color: #6c737b;font-family: roboto, sans-serif\" \/><br style=\"color: #6c737b;font-family: roboto, sans-serif\" \/><span style=\"color: #6c737b;font-family: roboto, sans-serif\">Duo de Molduras Bras\u00e3o para enfeitar as pe\u00e7as de enxoval de pr\u00edncipes e princesas de mam\u00e3es com o estilo mais cl\u00e1ssico.<\/span><br style=\"color: #6c737b;font-family: roboto, sans-serif\" \/><span style=\"color: #6c737b;font-family: roboto, sans-serif\">Vers\u00e3o para meninos e meninas dispon\u00edveis em 3 tamanhos (verificar a \u00faltima foto).<\/span><br style=\"color: #6c737b;font-family: roboto, sans-serif\" \/><br style=\"color: #6c737b;font-family: roboto, sans-serif\" \/><span style=\"color: #6c737b;font-family: roboto, sans-serif\">Idealizados pela nossa querida Fernanda Gama e programadas por n\u00f3s a pedido dela em 2020.<\/span><br style=\"color: #6c737b;font-family: roboto, sans-serif\" \/><br style=\"color: #6c737b;font-family: roboto, sans-serif\" \/><span style=\"color: #6c737b;font-family: roboto, sans-serif\">Mais informa\u00e7\u00f5es abaixo!<\/span><\/p>","protected":false},"featured_media":160169,"comment_status":"open","ping_status":"closed","template":"","meta":{"_acf_changed":false,"_joinchat":[]},"product_brand":[],"product_cat":[279,1246,290,296,84,336],"product_tag":[],"class_list":{"0":"post-52907","1":"product","2":"type-product","3":"status-publish","4":"has-post-thumbnail","6":"product_cat-arabescos-e-ramos","7":"product_cat-brasoes","8":"product_cat-coroas","9":"product_cat-florais","10":"product_cat-matrizes-de-bordado","11":"product_cat-molduras","13":"first","14":"instock","15":"sale","16":"downloadable","17":"virtual","18":"sold-individually","19":"purchasable","20":"product-type-simple"},"acf":[],"yoast_head":"<!-- This site is optimized with the Yoast SEO plugin v27.2 - https:\/\/yoast.com\/product\/yoast-seo-wordpress\/ -->\n<title>Matrizes de Bordado - Molduras Bras\u00f5es Realeza MC - \ud835\udc1b\ud835\udc1a\ud835\udc33\ud835\udc1a\ud835\udc2b &amp; \ud835\udc1c\ud835\udc22\ud835\udc1a<\/title>\n<meta name=\"description\" content=\"Please provide a meta description by editing the snippet below. If you don\u2019t, Google will try to find a relevant part of your post to show in the search results.\" \/>\n<meta name=\"robots\" content=\"index, follow, max-snippet:-1, max-image-preview:large, max-video-preview:-1\" \/>\n<link rel=\"canonical\" href=\"https:\/\/shop.bazarcia.com\/en\/product\/matrizes-de-bordado-molduras-brasao-realeza-mc\/\" \/>\n<meta property=\"og:locale\" content=\"en_US\" \/>\n<meta property=\"og:type\" content=\"article\" \/>\n<meta property=\"og:title\" content=\"Matrizes de Bordado - Molduras Bras\u00f5es Realeza MC - \ud835\udc1b\ud835\udc1a\ud835\udc33\ud835\udc1a\ud835\udc2b &amp; \ud835\udc1c\ud835\udc22\ud835\udc1a\" \/>\n<meta property=\"og:description\" content=\"Please provide a meta description by editing the snippet below. If you don\u2019t, Google will try to find a relevant part of your post to show in the search results.\" \/>\n<meta property=\"og:url\" content=\"https:\/\/shop.bazarcia.com\/en\/product\/matrizes-de-bordado-molduras-brasao-realeza-mc\/\" \/>\n<meta property=\"og:site_name\" content=\"\ud835\udc1b\ud835\udc1a\ud835\udc33\ud835\udc1a\ud835\udc2b &amp; \ud835\udc1c\ud835\udc22\ud835\udc1a\" \/>\n<meta property=\"article:publisher\" content=\"https:\/\/www.facebook.com\/shopbazarcia\" \/>\n<meta property=\"article:modified_time\" content=\"2022-04-02T14:04:11+00:00\" \/>\n<meta property=\"og:image\" content=\"https:\/\/shop.bazarcia.com\/wp-content\/uploads\/2022\/04\/Matriz-de-Bordado-Moldura-Brasao-Realieza-Coroa.png\" \/>\n\t<meta property=\"og:image:width\" content=\"1080\" \/>\n\t<meta property=\"og:image:height\" content=\"1080\" \/>\n\t<meta property=\"og:image:type\" content=\"image\/png\" \/>\n<meta name=\"twitter:card\" content=\"summary_large_image\" \/>\n<meta name=\"twitter:label1\" content=\"Est. reading time\" \/>\n\t<meta name=\"twitter:data1\" content=\"1 minute\" \/>\n<script type=\"application\/ld+json\" class=\"yoast-schema-graph\">{\"@context\":\"https:\/\/schema.org\",\"@graph\":[{\"@type\":\"WebPage\",\"@id\":\"https:\/\/shop.bazarcia.com\/produto\/matrizes-de-bordado-molduras-brasao-realeza-mc\/\",\"url\":\"https:\/\/shop.bazarcia.com\/produto\/matrizes-de-bordado-molduras-brasao-realeza-mc\/\",\"name\":\"Matrizes de Bordado - Molduras Bras\u00f5es Realeza MC - \ud835\udc1b\ud835\udc1a\ud835\udc33\ud835\udc1a\ud835\udc2b &amp; \ud835\udc1c\ud835\udc22\ud835\udc1a\",\"isPartOf\":{\"@id\":\"https:\/\/shop.bazarcia.com\/#website\"},\"primaryImageOfPage\":{\"@id\":\"https:\/\/shop.bazarcia.com\/produto\/matrizes-de-bordado-molduras-brasao-realeza-mc\/#primaryimage\"},\"image\":{\"@id\":\"https:\/\/shop.bazarcia.com\/produto\/matrizes-de-bordado-molduras-brasao-realeza-mc\/#primaryimage\"},\"thumbnailUrl\":\"https:\/\/shop.bazarcia.com\/wp-content\/uploads\/2022\/04\/Matriz-de-Bordado-Moldura-Brasao-Realieza-Coroa.png\",\"datePublished\":\"2020-09-29T16:53:18+00:00\",\"dateModified\":\"2022-04-02T14:04:11+00:00\",\"description\":\"Please provide a meta description by editing the snippet below. If you don\u2019t, Google will try to find a relevant part of your post to show in the search results.\",\"breadcrumb\":{\"@id\":\"https:\/\/shop.bazarcia.com\/produto\/matrizes-de-bordado-molduras-brasao-realeza-mc\/#breadcrumb\"},\"inLanguage\":\"en-US\",\"potentialAction\":[{\"@type\":\"ReadAction\",\"target\":[\"https:\/\/shop.bazarcia.com\/produto\/matrizes-de-bordado-molduras-brasao-realeza-mc\/\"]}]},{\"@type\":\"ImageObject\",\"inLanguage\":\"en-US\",\"@id\":\"https:\/\/shop.bazarcia.com\/produto\/matrizes-de-bordado-molduras-brasao-realeza-mc\/#primaryimage\",\"url\":\"https:\/\/shop.bazarcia.com\/wp-content\/uploads\/2022\/04\/Matriz-de-Bordado-Moldura-Brasao-Realieza-Coroa.png\",\"contentUrl\":\"https:\/\/shop.bazarcia.com\/wp-content\/uploads\/2022\/04\/Matriz-de-Bordado-Moldura-Brasao-Realieza-Coroa.png\",\"width\":1080,\"height\":1080},{\"@type\":\"BreadcrumbList\",\"@id\":\"https:\/\/shop.bazarcia.com\/produto\/matrizes-de-bordado-molduras-brasao-realeza-mc\/#breadcrumb\",\"itemListElement\":[{\"@type\":\"ListItem\",\"position\":1,\"name\":\"In\u00edcio\",\"item\":\"https:\/\/shop.bazarcia.com\/\"},{\"@type\":\"ListItem\",\"position\":2,\"name\":\"Loja\",\"item\":\"https:\/\/shop.bazarcia.com\/loja\/\"},{\"@type\":\"ListItem\",\"position\":3,\"name\":\"Matrizes de Bordado &#8211; Molduras Bras\u00f5es Realeza MC\"}]},{\"@type\":\"WebSite\",\"@id\":\"https:\/\/shop.bazarcia.com\/#website\",\"url\":\"https:\/\/shop.bazarcia.com\/\",\"name\":\"Bazar & Cia\",\"description\":\"criatividade ponto a ponto\",\"publisher\":{\"@id\":\"https:\/\/shop.bazarcia.com\/#organization\"},\"potentialAction\":[{\"@type\":\"SearchAction\",\"target\":{\"@type\":\"EntryPoint\",\"urlTemplate\":\"https:\/\/shop.bazarcia.com\/?s={search_term_string}\"},\"query-input\":{\"@type\":\"PropertyValueSpecification\",\"valueRequired\":true,\"valueName\":\"search_term_string\"}}],\"inLanguage\":\"en-US\"},{\"@type\":\"Organization\",\"@id\":\"https:\/\/shop.bazarcia.com\/#organization\",\"name\":\"Bazar & Cia\",\"url\":\"https:\/\/shop.bazarcia.com\/\",\"logo\":{\"@type\":\"ImageObject\",\"inLanguage\":\"en-US\",\"@id\":\"https:\/\/shop.bazarcia.com\/#\/schema\/logo\/image\/\",\"url\":\"https:\/\/shop.bazarcia.com\/wp-content\/uploads\/2024\/02\/cropped-logo_bazarcia.png\",\"contentUrl\":\"https:\/\/shop.bazarcia.com\/wp-content\/uploads\/2024\/02\/cropped-logo_bazarcia.png\",\"width\":150,\"height\":150,\"caption\":\"Bazar & Cia\"},\"image\":{\"@id\":\"https:\/\/shop.bazarcia.com\/#\/schema\/logo\/image\/\"},\"sameAs\":[\"https:\/\/www.facebook.com\/shopbazarcia\",\"https:\/\/www.instagram.com\/shopbazarcia\",\"https:\/\/br.pinterest.com\/suzane_eloise\/\",\"https:\/\/www.youtube.com\/c\/BazardoBordadoMatrizeseProjetos\"]}]}<\/script>\n<!-- \/ Yoast SEO plugin. -->","yoast_head_json":{"title":"Matrizes de Bordado - Molduras Bras\u00f5es Realeza MC - \ud835\udc1b\ud835\udc1a\ud835\udc33\ud835\udc1a\ud835\udc2b &amp; \ud835\udc1c\ud835\udc22\ud835\udc1a","description":"Please provide a meta description by editing the snippet below. If you don\u2019t, Google will try to find a relevant part of your post to show in the search results.","robots":{"index":"index","follow":"follow","max-snippet":"max-snippet:-1","max-image-preview":"max-image-preview:large","max-video-preview":"max-video-preview:-1"},"canonical":"https:\/\/shop.bazarcia.com\/en\/product\/matrizes-de-bordado-molduras-brasao-realeza-mc\/","og_locale":"en_US","og_type":"article","og_title":"Matrizes de Bordado - Molduras Bras\u00f5es Realeza MC - \ud835\udc1b\ud835\udc1a\ud835\udc33\ud835\udc1a\ud835\udc2b &amp; \ud835\udc1c\ud835\udc22\ud835\udc1a","og_description":"Please provide a meta description by editing the snippet below. If you don\u2019t, Google will try to find a relevant part of your post to show in the search results.","og_url":"https:\/\/shop.bazarcia.com\/en\/product\/matrizes-de-bordado-molduras-brasao-realeza-mc\/","og_site_name":"\ud835\udc1b\ud835\udc1a\ud835\udc33\ud835\udc1a\ud835\udc2b &amp; \ud835\udc1c\ud835\udc22\ud835\udc1a","article_publisher":"https:\/\/www.facebook.com\/shopbazarcia","article_modified_time":"2022-04-02T14:04:11+00:00","og_image":[{"width":1080,"height":1080,"url":"https:\/\/shop.bazarcia.com\/wp-content\/uploads\/2022\/04\/Matriz-de-Bordado-Moldura-Brasao-Realieza-Coroa.png","type":"image\/png"}],"twitter_card":"summary_large_image","twitter_misc":{"Est. reading time":"1 minute"},"schema":{"@context":"https:\/\/schema.org","@graph":[{"@type":"WebPage","@id":"https:\/\/shop.bazarcia.com\/produto\/matrizes-de-bordado-molduras-brasao-realeza-mc\/","url":"https:\/\/shop.bazarcia.com\/produto\/matrizes-de-bordado-molduras-brasao-realeza-mc\/","name":"Matrizes de Bordado - Molduras Bras\u00f5es Realeza MC - \ud835\udc1b\ud835\udc1a\ud835\udc33\ud835\udc1a\ud835\udc2b &amp; \ud835\udc1c\ud835\udc22\ud835\udc1a","isPartOf":{"@id":"https:\/\/shop.bazarcia.com\/#website"},"primaryImageOfPage":{"@id":"https:\/\/shop.bazarcia.com\/produto\/matrizes-de-bordado-molduras-brasao-realeza-mc\/#primaryimage"},"image":{"@id":"https:\/\/shop.bazarcia.com\/produto\/matrizes-de-bordado-molduras-brasao-realeza-mc\/#primaryimage"},"thumbnailUrl":"https:\/\/shop.bazarcia.com\/wp-content\/uploads\/2022\/04\/Matriz-de-Bordado-Moldura-Brasao-Realieza-Coroa.png","datePublished":"2020-09-29T16:53:18+00:00","dateModified":"2022-04-02T14:04:11+00:00","description":"Please provide a meta description by editing the snippet below. If you don\u2019t, Google will try to find a relevant part of your post to show in the search results.","breadcrumb":{"@id":"https:\/\/shop.bazarcia.com\/produto\/matrizes-de-bordado-molduras-brasao-realeza-mc\/#breadcrumb"},"inLanguage":"en-US","potentialAction":[{"@type":"ReadAction","target":["https:\/\/shop.bazarcia.com\/produto\/matrizes-de-bordado-molduras-brasao-realeza-mc\/"]}]},{"@type":"ImageObject","inLanguage":"en-US","@id":"https:\/\/shop.bazarcia.com\/produto\/matrizes-de-bordado-molduras-brasao-realeza-mc\/#primaryimage","url":"https:\/\/shop.bazarcia.com\/wp-content\/uploads\/2022\/04\/Matriz-de-Bordado-Moldura-Brasao-Realieza-Coroa.png","contentUrl":"https:\/\/shop.bazarcia.com\/wp-content\/uploads\/2022\/04\/Matriz-de-Bordado-Moldura-Brasao-Realieza-Coroa.png","width":1080,"height":1080},{"@type":"BreadcrumbList","@id":"https:\/\/shop.bazarcia.com\/produto\/matrizes-de-bordado-molduras-brasao-realeza-mc\/#breadcrumb","itemListElement":[{"@type":"ListItem","position":1,"name":"In\u00edcio","item":"https:\/\/shop.bazarcia.com\/"},{"@type":"ListItem","position":2,"name":"Loja","item":"https:\/\/shop.bazarcia.com\/loja\/"},{"@type":"ListItem","position":3,"name":"Matrizes de Bordado &#8211; Molduras Bras\u00f5es Realeza MC"}]},{"@type":"WebSite","@id":"https:\/\/shop.bazarcia.com\/#website","url":"https:\/\/shop.bazarcia.com\/","name":"Bazar & Cia","description":"criatividade ponto a ponto","publisher":{"@id":"https:\/\/shop.bazarcia.com\/#organization"},"potentialAction":[{"@type":"SearchAction","target":{"@type":"EntryPoint","urlTemplate":"https:\/\/shop.bazarcia.com\/?s={search_term_string}"},"query-input":{"@type":"PropertyValueSpecification","valueRequired":true,"valueName":"search_term_string"}}],"inLanguage":"en-US"},{"@type":"Organization","@id":"https:\/\/shop.bazarcia.com\/#organization","name":"Bazar & Cia","url":"https:\/\/shop.bazarcia.com\/","logo":{"@type":"ImageObject","inLanguage":"en-US","@id":"https:\/\/shop.bazarcia.com\/#\/schema\/logo\/image\/","url":"https:\/\/shop.bazarcia.com\/wp-content\/uploads\/2024\/02\/cropped-logo_bazarcia.png","contentUrl":"https:\/\/shop.bazarcia.com\/wp-content\/uploads\/2024\/02\/cropped-logo_bazarcia.png","width":150,"height":150,"caption":"Bazar & Cia"},"image":{"@id":"https:\/\/shop.bazarcia.com\/#\/schema\/logo\/image\/"},"sameAs":["https:\/\/www.facebook.com\/shopbazarcia","https:\/\/www.instagram.com\/shopbazarcia","https:\/\/br.pinterest.com\/suzane_eloise\/","https:\/\/www.youtube.com\/c\/BazardoBordadoMatrizeseProjetos"]}]}},"_links":{"self":[{"href":"https:\/\/shop.bazarcia.com\/en\/wp-json\/wp\/v2\/product\/52907","targetHints":{"allow":["GET"]}}],"collection":[{"href":"https:\/\/shop.bazarcia.com\/en\/wp-json\/wp\/v2\/product"}],"about":[{"href":"https:\/\/shop.bazarcia.com\/en\/wp-json\/wp\/v2\/types\/product"}],"replies":[{"embeddable":true,"href":"https:\/\/shop.bazarcia.com\/en\/wp-json\/wp\/v2\/comments?post=52907"}],"version-history":[{"count":0,"href":"https:\/\/shop.bazarcia.com\/en\/wp-json\/wp\/v2\/product\/52907\/revisions"}],"wp:featuredmedia":[{"embeddable":true,"href":"https:\/\/shop.bazarcia.com\/en\/wp-json\/wp\/v2\/media\/160169"}],"wp:attachment":[{"href":"https:\/\/shop.bazarcia.com\/en\/wp-json\/wp\/v2\/media?parent=52907"}],"wp:term":[{"taxonomy":"product_brand","embeddable":true,"href":"https:\/\/shop.bazarcia.com\/en\/wp-json\/wp\/v2\/product_brand?post=52907"},{"taxonomy":"product_cat","embeddable":true,"href":"https:\/\/shop.bazarcia.com\/en\/wp-json\/wp\/v2\/product_cat?post=52907"},{"taxonomy":"product_tag","embeddable":true,"href":"https:\/\/shop.bazarcia.com\/en\/wp-json\/wp\/v2\/product_tag?post=52907"}],"curies":[{"name":"wp","href":"https:\/\/api.w.org\/{rel}","templated":true}]}}