{"id":5316,"date":"2018-09-01T21:00:00","date_gmt":"2018-09-02T00:00:00","guid":{"rendered":"https:\/\/shop.bazarcia.com\/produto\/mug-rug-hora-do-lanchinho-13x18-e-14x20\/"},"modified":"2020-11-07T19:02:51","modified_gmt":"2020-11-07T22:02:51","slug":"matrizdebordado-mug-rug-hora-do-lanchinho-13x18-e-14x20","status":"publish","type":"product","link":"https:\/\/shop.bazarcia.com\/en\/product\/matrizdebordado-mug-rug-hora-do-lanchinho-13x18-e-14x20\/","title":{"rendered":"Projeto na Bordadeira- Mug Rug Hora do Lanchinho 13&#215;18 e 14&#215;20"},"content":{"rendered":"<p>Mug Rug (Tapetinho de Caneca) Hora do Lanchinho<\/p>\n<p>Passo a Passo B\u00e1sico<\/p>\n<p>Ajuste apenas a entretela no bastidor e siga a matriz:<\/p>\n<p>Sugest\u00e3o:Entretela rasg\u00e1vel, gramatura m\u00e9dia de 80.<br \/>\n\u27a1\ufe0f Etapa 1 &#8211; Marca\u00e7\u00e3o delimitando o espa\u00e7o da pe\u00e7a;<br \/>\n\u27a1\ufe0f Etapa 2 &#8211; Marca\u00e7\u00e3o para prender Tecido Principal + Feltro ou manta (recortar os excessos ap\u00f3s prender);<br \/>\n\u27a1\ufe0f Etapa 3 &#8211; Quilt;<br \/>\n\u27a1\ufe0fEtapas 4 a 27 &#8211; Apliques e bordados (moldura e frutinhas);<br \/>\n\u27a1\ufe0fEtapa 28 &#8211; Ponto Decorativo;<br \/>\n*Ap\u00f3s isso, retire o bastidor da M\u00e1quina para colocar o forro embaixo dele,com lado direito para fora. Use uma fita crepe para prender o forro seguindo a marca\u00e7\u00e3o, volte o bastidor para m\u00e1quina e prossiga:<br \/>\n\u27a1\ufe0fEtapa 29 &#8211; Marca\u00e7\u00e3o para prender o forro (recortar os excessos ap\u00f3s prender);<br \/>\n\u27a1\ufe0fEtapa 30 &#8211; Finaliza\u00e7\u00e3o da pe\u00e7a, com ponto cheio.<br \/>\n*Ap\u00f3s conclu\u00eddo, remova a pe\u00e7a da entretela com tesoura e se preferir, fa\u00e7a o acabamento com isqueiro (calor do fogo Parte Azul).<\/p>\n<p>\u2b50Bom trabalho!<\/p>\n<p>Suzane Eloise &#8211; BDB<\/p>","protected":false},"excerpt":{"rendered":"<p>Matrizes para BAIXAR imediatamente ap\u00f3s a compra, nos formatos:<\/p>\n<p>PES<br \/>\nJEF<br \/>\nEXP<br \/>\nDST<br \/>\nTamanhos 13&#215;18 e 14&#215;20<\/p>\n<p>Bastidores: 13\u00d718 \u2013 14\u00d720.<br \/>\nPasso a passo na descri\u00e7\u00e3o do produto, logo abaixo.<\/p>","protected":false},"featured_media":3969,"comment_status":"open","ping_status":"closed","template":"","meta":{"_acf_changed":false,"_joinchat":[]},"product_brand":[],"product_cat":[98,1192,1644],"product_tag":[1432,1435],"class_list":{"0":"post-5316","1":"product","2":"type-product","3":"status-publish","4":"has-post-thumbnail","6":"product_cat-projetos-na-bordadeira-in-the-hoop-embroidery","7":"product_cat-cozinha-projetos-na-bordadeira","8":"product_cat-tapete-de-caneca-na-bordadeira-ith","9":"product_tag-matrizes-de-bordado","10":"product_tag-projeto-na-bordadeira-ith","12":"first","13":"instock","14":"sale","15":"downloadable","16":"virtual","17":"purchasable","18":"product-type-simple"},"acf":[],"yoast_head":"<!-- This site is optimized with the Yoast SEO plugin v27.2 - https:\/\/yoast.com\/product\/yoast-seo-wordpress\/ -->\n<title>Projeto na Bordadeira- Mug Rug Hora do Lanchinho 13x18 e 14x20 - \ud835\udc1b\ud835\udc1a\ud835\udc33\ud835\udc1a\ud835\udc2b &amp; \ud835\udc1c\ud835\udc22\ud835\udc1a<\/title>\n<meta name=\"robots\" content=\"index, follow, max-snippet:-1, max-image-preview:large, max-video-preview:-1\" \/>\n<link rel=\"canonical\" href=\"https:\/\/shop.bazarcia.com\/en\/product\/matrizdebordado-mug-rug-hora-do-lanchinho-13x18-e-14x20\/\" \/>\n<meta property=\"og:locale\" content=\"en_US\" \/>\n<meta property=\"og:type\" content=\"article\" \/>\n<meta property=\"og:title\" content=\"Projeto na Bordadeira- Mug Rug Hora do Lanchinho 13x18 e 14x20 - \ud835\udc1b\ud835\udc1a\ud835\udc33\ud835\udc1a\ud835\udc2b &amp; \ud835\udc1c\ud835\udc22\ud835\udc1a\" \/>\n<meta property=\"og:description\" content=\"Matrizes para BAIXAR imediatamente ap\u00f3s a compra, nos formatos:  PES JEF EXP DST Tamanhos 13x18 e 14x20  Bastidores: 13\u00d718 \u2013 14\u00d720. Passo a passo na descri\u00e7\u00e3o do produto, logo abaixo.\" \/>\n<meta property=\"og:url\" content=\"https:\/\/shop.bazarcia.com\/en\/product\/matrizdebordado-mug-rug-hora-do-lanchinho-13x18-e-14x20\/\" \/>\n<meta property=\"og:site_name\" content=\"\ud835\udc1b\ud835\udc1a\ud835\udc33\ud835\udc1a\ud835\udc2b &amp; \ud835\udc1c\ud835\udc22\ud835\udc1a\" \/>\n<meta property=\"article:publisher\" content=\"https:\/\/www.facebook.com\/shopbazarcia\" \/>\n<meta property=\"article:modified_time\" content=\"2020-11-07T22:02:51+00:00\" \/>\n<meta property=\"og:image\" content=\"https:\/\/shop.bazarcia.com\/wp-content\/uploads\/2024\/02\/cropped-logo_bazarcia.png\" \/>\n\t<meta property=\"og:image:width\" content=\"150\" \/>\n\t<meta property=\"og:image:height\" content=\"150\" \/>\n\t<meta property=\"og:image:type\" content=\"image\/png\" \/>\n<meta name=\"twitter:card\" content=\"summary_large_image\" \/>\n<meta name=\"twitter:label1\" content=\"Est. reading time\" \/>\n\t<meta name=\"twitter:data1\" content=\"1 minute\" \/>\n<script type=\"application\/ld+json\" class=\"yoast-schema-graph\">{\"@context\":\"https:\/\/schema.org\",\"@graph\":[{\"@type\":\"WebPage\",\"@id\":\"https:\/\/shop.bazarcia.com\/produto\/matrizdebordado-mug-rug-hora-do-lanchinho-13x18-e-14x20\/\",\"url\":\"https:\/\/shop.bazarcia.com\/produto\/matrizdebordado-mug-rug-hora-do-lanchinho-13x18-e-14x20\/\",\"name\":\"Projeto na Bordadeira- Mug Rug Hora do Lanchinho 13x18 e 14x20 - \ud835\udc1b\ud835\udc1a\ud835\udc33\ud835\udc1a\ud835\udc2b &amp; \ud835\udc1c\ud835\udc22\ud835\udc1a\",\"isPartOf\":{\"@id\":\"https:\/\/shop.bazarcia.com\/#website\"},\"primaryImageOfPage\":{\"@id\":\"https:\/\/shop.bazarcia.com\/produto\/matrizdebordado-mug-rug-hora-do-lanchinho-13x18-e-14x20\/#primaryimage\"},\"image\":{\"@id\":\"https:\/\/shop.bazarcia.com\/produto\/matrizdebordado-mug-rug-hora-do-lanchinho-13x18-e-14x20\/#primaryimage\"},\"thumbnailUrl\":\"https:\/\/shop.bazarcia.com\/wp-content\/uploads\/2019\/12\/Hora-do-Lanchinho-BDB-Mug-Rug-14x20.bmp\",\"datePublished\":\"2018-09-02T00:00:00+00:00\",\"dateModified\":\"2020-11-07T22:02:51+00:00\",\"breadcrumb\":{\"@id\":\"https:\/\/shop.bazarcia.com\/produto\/matrizdebordado-mug-rug-hora-do-lanchinho-13x18-e-14x20\/#breadcrumb\"},\"inLanguage\":\"en-US\",\"potentialAction\":[{\"@type\":\"ReadAction\",\"target\":[\"https:\/\/shop.bazarcia.com\/produto\/matrizdebordado-mug-rug-hora-do-lanchinho-13x18-e-14x20\/\"]}]},{\"@type\":\"ImageObject\",\"inLanguage\":\"en-US\",\"@id\":\"https:\/\/shop.bazarcia.com\/produto\/matrizdebordado-mug-rug-hora-do-lanchinho-13x18-e-14x20\/#primaryimage\",\"url\":\"https:\/\/shop.bazarcia.com\/wp-content\/uploads\/2019\/12\/Hora-do-Lanchinho-BDB-Mug-Rug-14x20.bmp\",\"contentUrl\":\"https:\/\/shop.bazarcia.com\/wp-content\/uploads\/2019\/12\/Hora-do-Lanchinho-BDB-Mug-Rug-14x20.bmp\",\"width\":757,\"height\":531},{\"@type\":\"BreadcrumbList\",\"@id\":\"https:\/\/shop.bazarcia.com\/produto\/matrizdebordado-mug-rug-hora-do-lanchinho-13x18-e-14x20\/#breadcrumb\",\"itemListElement\":[{\"@type\":\"ListItem\",\"position\":1,\"name\":\"In\u00edcio\",\"item\":\"https:\/\/shop.bazarcia.com\/\"},{\"@type\":\"ListItem\",\"position\":2,\"name\":\"Loja\",\"item\":\"https:\/\/shop.bazarcia.com\/loja\/\"},{\"@type\":\"ListItem\",\"position\":3,\"name\":\"Projeto na Bordadeira- Mug Rug Hora do Lanchinho 13&#215;18 e 14&#215;20\"}]},{\"@type\":\"WebSite\",\"@id\":\"https:\/\/shop.bazarcia.com\/#website\",\"url\":\"https:\/\/shop.bazarcia.com\/\",\"name\":\"Bazar & Cia\",\"description\":\"criatividade ponto a ponto\",\"publisher\":{\"@id\":\"https:\/\/shop.bazarcia.com\/#organization\"},\"potentialAction\":[{\"@type\":\"SearchAction\",\"target\":{\"@type\":\"EntryPoint\",\"urlTemplate\":\"https:\/\/shop.bazarcia.com\/?s={search_term_string}\"},\"query-input\":{\"@type\":\"PropertyValueSpecification\",\"valueRequired\":true,\"valueName\":\"search_term_string\"}}],\"inLanguage\":\"en-US\"},{\"@type\":\"Organization\",\"@id\":\"https:\/\/shop.bazarcia.com\/#organization\",\"name\":\"Bazar & Cia\",\"url\":\"https:\/\/shop.bazarcia.com\/\",\"logo\":{\"@type\":\"ImageObject\",\"inLanguage\":\"en-US\",\"@id\":\"https:\/\/shop.bazarcia.com\/#\/schema\/logo\/image\/\",\"url\":\"https:\/\/shop.bazarcia.com\/wp-content\/uploads\/2024\/02\/cropped-logo_bazarcia.png\",\"contentUrl\":\"https:\/\/shop.bazarcia.com\/wp-content\/uploads\/2024\/02\/cropped-logo_bazarcia.png\",\"width\":150,\"height\":150,\"caption\":\"Bazar & Cia\"},\"image\":{\"@id\":\"https:\/\/shop.bazarcia.com\/#\/schema\/logo\/image\/\"},\"sameAs\":[\"https:\/\/www.facebook.com\/shopbazarcia\",\"https:\/\/www.instagram.com\/shopbazarcia\",\"https:\/\/br.pinterest.com\/suzane_eloise\/\",\"https:\/\/www.youtube.com\/c\/BazardoBordadoMatrizeseProjetos\"]}]}<\/script>\n<!-- \/ Yoast SEO plugin. -->","yoast_head_json":{"title":"Projeto na Bordadeira- Mug Rug Hora do Lanchinho 13x18 e 14x20 - \ud835\udc1b\ud835\udc1a\ud835\udc33\ud835\udc1a\ud835\udc2b &amp; \ud835\udc1c\ud835\udc22\ud835\udc1a","robots":{"index":"index","follow":"follow","max-snippet":"max-snippet:-1","max-image-preview":"max-image-preview:large","max-video-preview":"max-video-preview:-1"},"canonical":"https:\/\/shop.bazarcia.com\/en\/product\/matrizdebordado-mug-rug-hora-do-lanchinho-13x18-e-14x20\/","og_locale":"en_US","og_type":"article","og_title":"Projeto na Bordadeira- Mug Rug Hora do Lanchinho 13x18 e 14x20 - \ud835\udc1b\ud835\udc1a\ud835\udc33\ud835\udc1a\ud835\udc2b &amp; \ud835\udc1c\ud835\udc22\ud835\udc1a","og_description":"Matrizes para BAIXAR imediatamente ap\u00f3s a compra, nos formatos:  PES JEF EXP DST Tamanhos 13x18 e 14x20  Bastidores: 13\u00d718 \u2013 14\u00d720. Passo a passo na descri\u00e7\u00e3o do produto, logo abaixo.","og_url":"https:\/\/shop.bazarcia.com\/en\/product\/matrizdebordado-mug-rug-hora-do-lanchinho-13x18-e-14x20\/","og_site_name":"\ud835\udc1b\ud835\udc1a\ud835\udc33\ud835\udc1a\ud835\udc2b &amp; \ud835\udc1c\ud835\udc22\ud835\udc1a","article_publisher":"https:\/\/www.facebook.com\/shopbazarcia","article_modified_time":"2020-11-07T22:02:51+00:00","og_image":[{"width":150,"height":150,"url":"https:\/\/shop.bazarcia.com\/wp-content\/uploads\/2024\/02\/cropped-logo_bazarcia.png","type":"image\/png"}],"twitter_card":"summary_large_image","twitter_misc":{"Est. reading time":"1 minute"},"schema":{"@context":"https:\/\/schema.org","@graph":[{"@type":"WebPage","@id":"https:\/\/shop.bazarcia.com\/produto\/matrizdebordado-mug-rug-hora-do-lanchinho-13x18-e-14x20\/","url":"https:\/\/shop.bazarcia.com\/produto\/matrizdebordado-mug-rug-hora-do-lanchinho-13x18-e-14x20\/","name":"Projeto na Bordadeira- Mug Rug Hora do Lanchinho 13x18 e 14x20 - \ud835\udc1b\ud835\udc1a\ud835\udc33\ud835\udc1a\ud835\udc2b &amp; \ud835\udc1c\ud835\udc22\ud835\udc1a","isPartOf":{"@id":"https:\/\/shop.bazarcia.com\/#website"},"primaryImageOfPage":{"@id":"https:\/\/shop.bazarcia.com\/produto\/matrizdebordado-mug-rug-hora-do-lanchinho-13x18-e-14x20\/#primaryimage"},"image":{"@id":"https:\/\/shop.bazarcia.com\/produto\/matrizdebordado-mug-rug-hora-do-lanchinho-13x18-e-14x20\/#primaryimage"},"thumbnailUrl":"https:\/\/shop.bazarcia.com\/wp-content\/uploads\/2019\/12\/Hora-do-Lanchinho-BDB-Mug-Rug-14x20.bmp","datePublished":"2018-09-02T00:00:00+00:00","dateModified":"2020-11-07T22:02:51+00:00","breadcrumb":{"@id":"https:\/\/shop.bazarcia.com\/produto\/matrizdebordado-mug-rug-hora-do-lanchinho-13x18-e-14x20\/#breadcrumb"},"inLanguage":"en-US","potentialAction":[{"@type":"ReadAction","target":["https:\/\/shop.bazarcia.com\/produto\/matrizdebordado-mug-rug-hora-do-lanchinho-13x18-e-14x20\/"]}]},{"@type":"ImageObject","inLanguage":"en-US","@id":"https:\/\/shop.bazarcia.com\/produto\/matrizdebordado-mug-rug-hora-do-lanchinho-13x18-e-14x20\/#primaryimage","url":"https:\/\/shop.bazarcia.com\/wp-content\/uploads\/2019\/12\/Hora-do-Lanchinho-BDB-Mug-Rug-14x20.bmp","contentUrl":"https:\/\/shop.bazarcia.com\/wp-content\/uploads\/2019\/12\/Hora-do-Lanchinho-BDB-Mug-Rug-14x20.bmp","width":757,"height":531},{"@type":"BreadcrumbList","@id":"https:\/\/shop.bazarcia.com\/produto\/matrizdebordado-mug-rug-hora-do-lanchinho-13x18-e-14x20\/#breadcrumb","itemListElement":[{"@type":"ListItem","position":1,"name":"In\u00edcio","item":"https:\/\/shop.bazarcia.com\/"},{"@type":"ListItem","position":2,"name":"Loja","item":"https:\/\/shop.bazarcia.com\/loja\/"},{"@type":"ListItem","position":3,"name":"Projeto na Bordadeira- Mug Rug Hora do Lanchinho 13&#215;18 e 14&#215;20"}]},{"@type":"WebSite","@id":"https:\/\/shop.bazarcia.com\/#website","url":"https:\/\/shop.bazarcia.com\/","name":"Bazar & Cia","description":"criatividade ponto a ponto","publisher":{"@id":"https:\/\/shop.bazarcia.com\/#organization"},"potentialAction":[{"@type":"SearchAction","target":{"@type":"EntryPoint","urlTemplate":"https:\/\/shop.bazarcia.com\/?s={search_term_string}"},"query-input":{"@type":"PropertyValueSpecification","valueRequired":true,"valueName":"search_term_string"}}],"inLanguage":"en-US"},{"@type":"Organization","@id":"https:\/\/shop.bazarcia.com\/#organization","name":"Bazar & Cia","url":"https:\/\/shop.bazarcia.com\/","logo":{"@type":"ImageObject","inLanguage":"en-US","@id":"https:\/\/shop.bazarcia.com\/#\/schema\/logo\/image\/","url":"https:\/\/shop.bazarcia.com\/wp-content\/uploads\/2024\/02\/cropped-logo_bazarcia.png","contentUrl":"https:\/\/shop.bazarcia.com\/wp-content\/uploads\/2024\/02\/cropped-logo_bazarcia.png","width":150,"height":150,"caption":"Bazar & Cia"},"image":{"@id":"https:\/\/shop.bazarcia.com\/#\/schema\/logo\/image\/"},"sameAs":["https:\/\/www.facebook.com\/shopbazarcia","https:\/\/www.instagram.com\/shopbazarcia","https:\/\/br.pinterest.com\/suzane_eloise\/","https:\/\/www.youtube.com\/c\/BazardoBordadoMatrizeseProjetos"]}]}},"_links":{"self":[{"href":"https:\/\/shop.bazarcia.com\/en\/wp-json\/wp\/v2\/product\/5316","targetHints":{"allow":["GET"]}}],"collection":[{"href":"https:\/\/shop.bazarcia.com\/en\/wp-json\/wp\/v2\/product"}],"about":[{"href":"https:\/\/shop.bazarcia.com\/en\/wp-json\/wp\/v2\/types\/product"}],"replies":[{"embeddable":true,"href":"https:\/\/shop.bazarcia.com\/en\/wp-json\/wp\/v2\/comments?post=5316"}],"version-history":[{"count":0,"href":"https:\/\/shop.bazarcia.com\/en\/wp-json\/wp\/v2\/product\/5316\/revisions"}],"wp:featuredmedia":[{"embeddable":true,"href":"https:\/\/shop.bazarcia.com\/en\/wp-json\/wp\/v2\/media\/3969"}],"wp:attachment":[{"href":"https:\/\/shop.bazarcia.com\/en\/wp-json\/wp\/v2\/media?parent=5316"}],"wp:term":[{"taxonomy":"product_brand","embeddable":true,"href":"https:\/\/shop.bazarcia.com\/en\/wp-json\/wp\/v2\/product_brand?post=5316"},{"taxonomy":"product_cat","embeddable":true,"href":"https:\/\/shop.bazarcia.com\/en\/wp-json\/wp\/v2\/product_cat?post=5316"},{"taxonomy":"product_tag","embeddable":true,"href":"https:\/\/shop.bazarcia.com\/en\/wp-json\/wp\/v2\/product_tag?post=5316"}],"curies":[{"name":"wp","href":"https:\/\/api.w.org\/{rel}","templated":true}]}}