{"id":5394,"date":"2018-12-03T00:00:00","date_gmt":"2018-12-03T02:00:00","guid":{"rendered":"https:\/\/shop.bazarcia.com\/produto\/matriz-de-bordado-chaveiro-coelho-100-gratuito-download-imediato\/"},"modified":"2021-01-21T14:40:44","modified_gmt":"2021-01-21T17:40:44","slug":"matriz-de-bordado-chaveiro-coelho-100-gratuito-download-imediato","status":"publish","type":"product","link":"https:\/\/shop.bazarcia.com\/en\/product\/matriz-de-bordado-chaveiro-coelho-100-gratuito-download-imediato\/","title":{"rendered":"Projeto na Bordadeira &#8211; Chaveiro Coelho -100% gratuito &#8211; Download Imediato"},"content":{"rendered":"<p>Matriz para BAIXAR GRATUITAMENTE, nos formatos:<\/p>\n<p>PES<br \/>\nJEF<br \/>\nEXP<br \/>\nDST<\/p>\n<p>Passo a Passo:<\/p>\n<p>Ajuste apenas a entretela no bastidor e siga a matriz:<\/p>\n<p>Sugest\u00e3o:Entretela rasg\u00e1vel, gramatura m\u00e9dia de 80.<br \/>\n\u27a1 Etapa 1 \u2013 Marca\u00e7\u00e3o delimitando o contorno do chaveiro;<br \/>\n\u27a1 Etapa 2 \u2013 Marca\u00e7\u00e3o para prender Tecido Principal + Feltro ou manta (recortar os excessos ap\u00f3s prender);<br \/>\n\u27a1 Etapa 3 \u2013bordado do nome Easter (P\u00e1scoa em ingl\u00eas), fa\u00e7a todo o bordado com a cor de sua prefer\u00eancia;<br \/>\n*Ap\u00f3s isso, retire o bastidor da M\u00e1quina para colocar o forro embaixo dele,com lado direito para fora. Use uma fita crepe para prender o forro seguindo a marca\u00e7\u00e3o, volte o bastidor para m\u00e1quina e prossiga para as etapas finais:<br \/>\n\u27a1 Etapa 4 \u2013 Marca\u00e7\u00e3o para prender o forro (recortar os excessos ap\u00f3s prender);<br \/>\n\u27a1 Etapa 5 \u2013 Ponto Cheio de acabamento;<br \/>\n\u27a1 Etapa 6 \u2013 Ponto triplo decorativo (opcional);<br \/>\n\u27a1 Etapa 7 \u2013 Marca\u00e7\u00e3o para abrir o \u201cfurinho\u201d (No caso de usar ilh\u00f3s, pular essa etapa;<br \/>\n\u27a1 Etapa 8 \u2013 Ponto Cheio dando acabamento ao &#8220;furinho&#8221;;<br \/>\n*Ap\u00f3s conclu\u00eddo, remova a pe\u00e7a da entretela com tesoura e se preferir, fa\u00e7a o acabamento com isqueiro (calor do fogo Parte Azul).<\/p>\n<p>\u2b50Espero que d\u00ea para entender por esse PAP escrito, tenha um bom trabalho.<\/p>\n<p>&nbsp;<\/p>","protected":false},"excerpt":{"rendered":"<p>Matriz gratuita, clique no nome abaixo para baixar:<\/p>\n<p><a href=\"https:\/\/shop.bazarcia.com\/wp-content\/uploads\/2018\/03\/Chaveiro-coelho-Brinde-Bazar-do-Bordado.zip\">CHAVEIRO COELHINHO BRINDE BDB<\/a><\/p>\n<p>Tamanho: 6 cm;<br \/>\nBastidor 10\u00d710.<\/p>\n<p>Se voc\u00ea\u00a0gostou\u00a0nos ajude divulgando,\u00a0compartilhe\u00a0em suas redes sociais para alcan\u00e7ar mais\u00a0Arteiras Bordadeiras.<br \/>\nBasta escolher sua rede social favorita e compartilhar usando um dos\u00a0bot\u00f5es que temos logo abaixo.<\/p>","protected":false},"featured_media":4047,"comment_status":"closed","ping_status":"closed","template":"","meta":{"_acf_changed":false,"_joinchat":[]},"product_brand":[],"product_cat":[98,106,1071],"product_tag":[],"class_list":{"0":"post-5394","1":"product","2":"type-product","3":"status-publish","4":"has-post-thumbnail","6":"product_cat-projetos-na-bordadeira-in-the-hoop-embroidery","7":"product_cat-projeto-chaveiros-e-tags-na-bordadeira","8":"product_cat-projetos-gratis-free","10":"first","11":"instock","12":"downloadable","13":"virtual","14":"product-type-simple"},"acf":[],"yoast_head":"<!-- This site is optimized with the Yoast SEO plugin v27.2 - https:\/\/yoast.com\/product\/yoast-seo-wordpress\/ -->\n<title>Projeto na Bordadeira - Chaveiro Coelho -100% gratuito - Download Imediato - \ud835\udc1b\ud835\udc1a\ud835\udc33\ud835\udc1a\ud835\udc2b &amp; \ud835\udc1c\ud835\udc22\ud835\udc1a<\/title>\n<meta name=\"robots\" content=\"index, follow, max-snippet:-1, max-image-preview:large, max-video-preview:-1\" \/>\n<link rel=\"canonical\" href=\"https:\/\/shop.bazarcia.com\/en\/product\/matriz-de-bordado-chaveiro-coelho-100-gratuito-download-imediato\/\" \/>\n<meta property=\"og:locale\" content=\"en_US\" \/>\n<meta property=\"og:type\" content=\"article\" \/>\n<meta property=\"og:title\" content=\"Projeto na Bordadeira - Chaveiro Coelho -100% gratuito - Download Imediato - \ud835\udc1b\ud835\udc1a\ud835\udc33\ud835\udc1a\ud835\udc2b &amp; \ud835\udc1c\ud835\udc22\ud835\udc1a\" \/>\n<meta property=\"og:description\" content=\"Matriz gratuita, clique no nome abaixo para baixar:  CHAVEIRO COELHINHO BRINDE BDB  Tamanho: 6 cm; Bastidor 10\u00d710.  Se voc\u00ea\u00a0gostou\u00a0nos ajude divulgando,\u00a0compartilhe\u00a0em suas redes sociais para alcan\u00e7ar mais\u00a0Arteiras Bordadeiras. Basta escolher sua rede social favorita e compartilhar usando um dos\u00a0bot\u00f5es que temos logo abaixo.\" \/>\n<meta property=\"og:url\" content=\"https:\/\/shop.bazarcia.com\/en\/product\/matriz-de-bordado-chaveiro-coelho-100-gratuito-download-imediato\/\" \/>\n<meta property=\"og:site_name\" content=\"\ud835\udc1b\ud835\udc1a\ud835\udc33\ud835\udc1a\ud835\udc2b &amp; \ud835\udc1c\ud835\udc22\ud835\udc1a\" \/>\n<meta property=\"article:publisher\" content=\"https:\/\/www.facebook.com\/shopbazarcia\" \/>\n<meta property=\"article:modified_time\" content=\"2021-01-21T17:40:44+00:00\" \/>\n<meta property=\"og:image\" content=\"https:\/\/shop.bazarcia.com\/wp-content\/uploads\/2019\/12\/Brinde-P\u00e1scoa-scaled.jpg\" \/>\n\t<meta property=\"og:image:width\" content=\"2560\" \/>\n\t<meta property=\"og:image:height\" content=\"2560\" \/>\n\t<meta property=\"og:image:type\" content=\"image\/jpeg\" \/>\n<meta name=\"twitter:card\" content=\"summary_large_image\" \/>\n<meta name=\"twitter:label1\" content=\"Est. reading time\" \/>\n\t<meta name=\"twitter:data1\" content=\"1 minute\" \/>\n<script type=\"application\/ld+json\" class=\"yoast-schema-graph\">{\"@context\":\"https:\/\/schema.org\",\"@graph\":[{\"@type\":\"WebPage\",\"@id\":\"https:\/\/shop.bazarcia.com\/produto\/matriz-de-bordado-chaveiro-coelho-100-gratuito-download-imediato\/\",\"url\":\"https:\/\/shop.bazarcia.com\/produto\/matriz-de-bordado-chaveiro-coelho-100-gratuito-download-imediato\/\",\"name\":\"Projeto na Bordadeira - Chaveiro Coelho -100% gratuito - Download Imediato - \ud835\udc1b\ud835\udc1a\ud835\udc33\ud835\udc1a\ud835\udc2b &amp; \ud835\udc1c\ud835\udc22\ud835\udc1a\",\"isPartOf\":{\"@id\":\"https:\/\/shop.bazarcia.com\/#website\"},\"primaryImageOfPage\":{\"@id\":\"https:\/\/shop.bazarcia.com\/produto\/matriz-de-bordado-chaveiro-coelho-100-gratuito-download-imediato\/#primaryimage\"},\"image\":{\"@id\":\"https:\/\/shop.bazarcia.com\/produto\/matriz-de-bordado-chaveiro-coelho-100-gratuito-download-imediato\/#primaryimage\"},\"thumbnailUrl\":\"https:\/\/shop.bazarcia.com\/wp-content\/uploads\/2019\/12\/Brinde-P\u00e1scoa-scaled.jpg\",\"datePublished\":\"2018-12-03T02:00:00+00:00\",\"dateModified\":\"2021-01-21T17:40:44+00:00\",\"breadcrumb\":{\"@id\":\"https:\/\/shop.bazarcia.com\/produto\/matriz-de-bordado-chaveiro-coelho-100-gratuito-download-imediato\/#breadcrumb\"},\"inLanguage\":\"en-US\",\"potentialAction\":[{\"@type\":\"ReadAction\",\"target\":[\"https:\/\/shop.bazarcia.com\/produto\/matriz-de-bordado-chaveiro-coelho-100-gratuito-download-imediato\/\"]}]},{\"@type\":\"ImageObject\",\"inLanguage\":\"en-US\",\"@id\":\"https:\/\/shop.bazarcia.com\/produto\/matriz-de-bordado-chaveiro-coelho-100-gratuito-download-imediato\/#primaryimage\",\"url\":\"https:\/\/shop.bazarcia.com\/wp-content\/uploads\/2019\/12\/Brinde-P\u00e1scoa-scaled.jpg\",\"contentUrl\":\"https:\/\/shop.bazarcia.com\/wp-content\/uploads\/2019\/12\/Brinde-P\u00e1scoa-scaled.jpg\",\"width\":2560,\"height\":2560},{\"@type\":\"BreadcrumbList\",\"@id\":\"https:\/\/shop.bazarcia.com\/produto\/matriz-de-bordado-chaveiro-coelho-100-gratuito-download-imediato\/#breadcrumb\",\"itemListElement\":[{\"@type\":\"ListItem\",\"position\":1,\"name\":\"In\u00edcio\",\"item\":\"https:\/\/shop.bazarcia.com\/\"},{\"@type\":\"ListItem\",\"position\":2,\"name\":\"Loja\",\"item\":\"https:\/\/shop.bazarcia.com\/loja\/\"},{\"@type\":\"ListItem\",\"position\":3,\"name\":\"Projeto na Bordadeira &#8211; Chaveiro Coelho -100% gratuito &#8211; Download Imediato\"}]},{\"@type\":\"WebSite\",\"@id\":\"https:\/\/shop.bazarcia.com\/#website\",\"url\":\"https:\/\/shop.bazarcia.com\/\",\"name\":\"Bazar & Cia\",\"description\":\"criatividade ponto a ponto\",\"publisher\":{\"@id\":\"https:\/\/shop.bazarcia.com\/#organization\"},\"potentialAction\":[{\"@type\":\"SearchAction\",\"target\":{\"@type\":\"EntryPoint\",\"urlTemplate\":\"https:\/\/shop.bazarcia.com\/?s={search_term_string}\"},\"query-input\":{\"@type\":\"PropertyValueSpecification\",\"valueRequired\":true,\"valueName\":\"search_term_string\"}}],\"inLanguage\":\"en-US\"},{\"@type\":\"Organization\",\"@id\":\"https:\/\/shop.bazarcia.com\/#organization\",\"name\":\"Bazar & Cia\",\"url\":\"https:\/\/shop.bazarcia.com\/\",\"logo\":{\"@type\":\"ImageObject\",\"inLanguage\":\"en-US\",\"@id\":\"https:\/\/shop.bazarcia.com\/#\/schema\/logo\/image\/\",\"url\":\"https:\/\/shop.bazarcia.com\/wp-content\/uploads\/2024\/02\/cropped-logo_bazarcia.png\",\"contentUrl\":\"https:\/\/shop.bazarcia.com\/wp-content\/uploads\/2024\/02\/cropped-logo_bazarcia.png\",\"width\":150,\"height\":150,\"caption\":\"Bazar & Cia\"},\"image\":{\"@id\":\"https:\/\/shop.bazarcia.com\/#\/schema\/logo\/image\/\"},\"sameAs\":[\"https:\/\/www.facebook.com\/shopbazarcia\",\"https:\/\/www.instagram.com\/shopbazarcia\",\"https:\/\/br.pinterest.com\/suzane_eloise\/\",\"https:\/\/www.youtube.com\/c\/BazardoBordadoMatrizeseProjetos\"]}]}<\/script>\n<!-- \/ Yoast SEO plugin. -->","yoast_head_json":{"title":"Projeto na Bordadeira - Chaveiro Coelho -100% gratuito - Download Imediato - \ud835\udc1b\ud835\udc1a\ud835\udc33\ud835\udc1a\ud835\udc2b &amp; \ud835\udc1c\ud835\udc22\ud835\udc1a","robots":{"index":"index","follow":"follow","max-snippet":"max-snippet:-1","max-image-preview":"max-image-preview:large","max-video-preview":"max-video-preview:-1"},"canonical":"https:\/\/shop.bazarcia.com\/en\/product\/matriz-de-bordado-chaveiro-coelho-100-gratuito-download-imediato\/","og_locale":"en_US","og_type":"article","og_title":"Projeto na Bordadeira - Chaveiro Coelho -100% gratuito - Download Imediato - \ud835\udc1b\ud835\udc1a\ud835\udc33\ud835\udc1a\ud835\udc2b &amp; \ud835\udc1c\ud835\udc22\ud835\udc1a","og_description":"Matriz gratuita, clique no nome abaixo para baixar:  CHAVEIRO COELHINHO BRINDE BDB  Tamanho: 6 cm; Bastidor 10\u00d710.  Se voc\u00ea\u00a0gostou\u00a0nos ajude divulgando,\u00a0compartilhe\u00a0em suas redes sociais para alcan\u00e7ar mais\u00a0Arteiras Bordadeiras. Basta escolher sua rede social favorita e compartilhar usando um dos\u00a0bot\u00f5es que temos logo abaixo.","og_url":"https:\/\/shop.bazarcia.com\/en\/product\/matriz-de-bordado-chaveiro-coelho-100-gratuito-download-imediato\/","og_site_name":"\ud835\udc1b\ud835\udc1a\ud835\udc33\ud835\udc1a\ud835\udc2b &amp; \ud835\udc1c\ud835\udc22\ud835\udc1a","article_publisher":"https:\/\/www.facebook.com\/shopbazarcia","article_modified_time":"2021-01-21T17:40:44+00:00","og_image":[{"width":2560,"height":2560,"url":"https:\/\/shop.bazarcia.com\/wp-content\/uploads\/2019\/12\/Brinde-P\u00e1scoa-scaled.jpg","type":"image\/jpeg"}],"twitter_card":"summary_large_image","twitter_misc":{"Est. reading time":"1 minute"},"schema":{"@context":"https:\/\/schema.org","@graph":[{"@type":"WebPage","@id":"https:\/\/shop.bazarcia.com\/produto\/matriz-de-bordado-chaveiro-coelho-100-gratuito-download-imediato\/","url":"https:\/\/shop.bazarcia.com\/produto\/matriz-de-bordado-chaveiro-coelho-100-gratuito-download-imediato\/","name":"Projeto na Bordadeira - Chaveiro Coelho -100% gratuito - Download Imediato - \ud835\udc1b\ud835\udc1a\ud835\udc33\ud835\udc1a\ud835\udc2b &amp; \ud835\udc1c\ud835\udc22\ud835\udc1a","isPartOf":{"@id":"https:\/\/shop.bazarcia.com\/#website"},"primaryImageOfPage":{"@id":"https:\/\/shop.bazarcia.com\/produto\/matriz-de-bordado-chaveiro-coelho-100-gratuito-download-imediato\/#primaryimage"},"image":{"@id":"https:\/\/shop.bazarcia.com\/produto\/matriz-de-bordado-chaveiro-coelho-100-gratuito-download-imediato\/#primaryimage"},"thumbnailUrl":"https:\/\/shop.bazarcia.com\/wp-content\/uploads\/2019\/12\/Brinde-P\u00e1scoa-scaled.jpg","datePublished":"2018-12-03T02:00:00+00:00","dateModified":"2021-01-21T17:40:44+00:00","breadcrumb":{"@id":"https:\/\/shop.bazarcia.com\/produto\/matriz-de-bordado-chaveiro-coelho-100-gratuito-download-imediato\/#breadcrumb"},"inLanguage":"en-US","potentialAction":[{"@type":"ReadAction","target":["https:\/\/shop.bazarcia.com\/produto\/matriz-de-bordado-chaveiro-coelho-100-gratuito-download-imediato\/"]}]},{"@type":"ImageObject","inLanguage":"en-US","@id":"https:\/\/shop.bazarcia.com\/produto\/matriz-de-bordado-chaveiro-coelho-100-gratuito-download-imediato\/#primaryimage","url":"https:\/\/shop.bazarcia.com\/wp-content\/uploads\/2019\/12\/Brinde-P\u00e1scoa-scaled.jpg","contentUrl":"https:\/\/shop.bazarcia.com\/wp-content\/uploads\/2019\/12\/Brinde-P\u00e1scoa-scaled.jpg","width":2560,"height":2560},{"@type":"BreadcrumbList","@id":"https:\/\/shop.bazarcia.com\/produto\/matriz-de-bordado-chaveiro-coelho-100-gratuito-download-imediato\/#breadcrumb","itemListElement":[{"@type":"ListItem","position":1,"name":"In\u00edcio","item":"https:\/\/shop.bazarcia.com\/"},{"@type":"ListItem","position":2,"name":"Loja","item":"https:\/\/shop.bazarcia.com\/loja\/"},{"@type":"ListItem","position":3,"name":"Projeto na Bordadeira &#8211; Chaveiro Coelho -100% gratuito &#8211; Download Imediato"}]},{"@type":"WebSite","@id":"https:\/\/shop.bazarcia.com\/#website","url":"https:\/\/shop.bazarcia.com\/","name":"Bazar & Cia","description":"criatividade ponto a ponto","publisher":{"@id":"https:\/\/shop.bazarcia.com\/#organization"},"potentialAction":[{"@type":"SearchAction","target":{"@type":"EntryPoint","urlTemplate":"https:\/\/shop.bazarcia.com\/?s={search_term_string}"},"query-input":{"@type":"PropertyValueSpecification","valueRequired":true,"valueName":"search_term_string"}}],"inLanguage":"en-US"},{"@type":"Organization","@id":"https:\/\/shop.bazarcia.com\/#organization","name":"Bazar & Cia","url":"https:\/\/shop.bazarcia.com\/","logo":{"@type":"ImageObject","inLanguage":"en-US","@id":"https:\/\/shop.bazarcia.com\/#\/schema\/logo\/image\/","url":"https:\/\/shop.bazarcia.com\/wp-content\/uploads\/2024\/02\/cropped-logo_bazarcia.png","contentUrl":"https:\/\/shop.bazarcia.com\/wp-content\/uploads\/2024\/02\/cropped-logo_bazarcia.png","width":150,"height":150,"caption":"Bazar & Cia"},"image":{"@id":"https:\/\/shop.bazarcia.com\/#\/schema\/logo\/image\/"},"sameAs":["https:\/\/www.facebook.com\/shopbazarcia","https:\/\/www.instagram.com\/shopbazarcia","https:\/\/br.pinterest.com\/suzane_eloise\/","https:\/\/www.youtube.com\/c\/BazardoBordadoMatrizeseProjetos"]}]}},"_links":{"self":[{"href":"https:\/\/shop.bazarcia.com\/en\/wp-json\/wp\/v2\/product\/5394","targetHints":{"allow":["GET"]}}],"collection":[{"href":"https:\/\/shop.bazarcia.com\/en\/wp-json\/wp\/v2\/product"}],"about":[{"href":"https:\/\/shop.bazarcia.com\/en\/wp-json\/wp\/v2\/types\/product"}],"replies":[{"embeddable":true,"href":"https:\/\/shop.bazarcia.com\/en\/wp-json\/wp\/v2\/comments?post=5394"}],"version-history":[{"count":0,"href":"https:\/\/shop.bazarcia.com\/en\/wp-json\/wp\/v2\/product\/5394\/revisions"}],"wp:featuredmedia":[{"embeddable":true,"href":"https:\/\/shop.bazarcia.com\/en\/wp-json\/wp\/v2\/media\/4047"}],"wp:attachment":[{"href":"https:\/\/shop.bazarcia.com\/en\/wp-json\/wp\/v2\/media?parent=5394"}],"wp:term":[{"taxonomy":"product_brand","embeddable":true,"href":"https:\/\/shop.bazarcia.com\/en\/wp-json\/wp\/v2\/product_brand?post=5394"},{"taxonomy":"product_cat","embeddable":true,"href":"https:\/\/shop.bazarcia.com\/en\/wp-json\/wp\/v2\/product_cat?post=5394"},{"taxonomy":"product_tag","embeddable":true,"href":"https:\/\/shop.bazarcia.com\/en\/wp-json\/wp\/v2\/product_tag?post=5394"}],"curies":[{"name":"wp","href":"https:\/\/api.w.org\/{rel}","templated":true}]}}