{"id":5438,"date":"2018-04-04T00:00:00","date_gmt":"2018-04-04T00:00:00","guid":{"rendered":"https:\/\/shop.bazarcia.com\/produto\/matriz-de-bordado-mini-carteira-brinde-maes\/"},"modified":"2020-12-16T18:18:06","modified_gmt":"2020-12-16T21:18:06","slug":"matriz-de-bordado-mini-carteira-brinde-maes","status":"publish","type":"product","link":"https:\/\/shop.bazarcia.com\/en\/product\/matriz-de-bordado-mini-carteira-brinde-maes\/","title":{"rendered":"Matriz de Bordado &#8211; Mini Carteira Brinde M\u00e3es"},"content":{"rendered":"<p><a href=\"https:\/\/shop.bazarcia.com\/wp-content\/uploads\/2018\/04\/Nova-pasta23.jpg\"><img fetchpriority=\"high\" decoding=\"async\" class=\"alignnone size-medium wp-image-14665\" src=\"https:\/\/shop.bazarcia.com\/wp-content\/uploads\/2018\/04\/Nova-pasta23-300x169.jpg\" alt=\"\" width=\"300\" height=\"169\" \/><\/a><br \/>\nMini Carteira BRINDE M\u00c3ES BDB<br \/>\nBastidores 13&#215;18 &#8211; 14&#215;20 ou superiores.<\/p>\n<p>Passo a Passo<\/p>\n<p>Ajuste apenas a entretela no bastidor e siga as Etapas da Matriz.<\/p>\n<p>Sugest\u00e3o:Entretela rasg\u00e1vel, gramatura m\u00e9dia de 80.<\/p>\n<p>\u27a1\ufe0fEtapa 1 &#8211; Marca\u00e7\u00e3o para delimitar o espa\u00e7o da carteira;<br \/>\n\u27a1\ufe0fEtapa 2 &#8211; Marca\u00e7\u00e3o para Aplique da Manta ou Feltro + Tecido Principal, prenda e recorte os excessos;<br \/>\n\u27a1\ufe0fEtapa 3 &#8211; Quilt;<br \/>\n\u27a1\ufe0fEtapa 4 &#8211; Detalhe da Moldura em Bordado;<br \/>\n\u27a1\ufe0fEtapas 5 a 7 &#8211; Aplique da Moldura (recortar os excessos ap\u00f3s prender), depois acabamento da Moldura;<br \/>\n\u27a1\ufe0fEtapas 8 a 11 &#8211; Bordado nome M\u00e3e e Detalhes;<br \/>\n*Ap\u00f3s isso, retire o bastidor d M\u00e1quina para colocar o forro embaixo dele,com lado direito para fora. Use uma fita crepe para prender o forro seguindo a marca\u00e7\u00e3o , volte o bastidor para m\u00e1quina e prossiga:<br \/>\n\u27a1\ufe0fEtapa 12 &#8211; Marca\u00e7\u00e3o prendendo o forro (recortar os excessos ap\u00f3s prender);<br \/>\n\u27a1\ufe0fEtapa 13 &#8211; Marca\u00e7\u00e3o para colocar o 1\u00ba bolsinho (dobrar o tecido ao meio e encaixar, o bolsino tamb\u00e9m dever\u00e1 ser colocado embaixo do bastidor);<br \/>\n\u27a1\ufe0fEtapa 14 &#8211; Marca\u00e7\u00e3o para prender o bolsinho(recortar os excessos ap\u00f3s prender);<br \/>\n*Ap\u00f3s isso, encaixe o 2\u00ba bolsinho (mesmo processo do 1\u00ba);<br \/>\n\u27a1\ufe0fEtapa 15 &#8211; Marca\u00e7\u00e3o para prender o 2\u00ba bolsinho abaixo do primeiro,m\u00e9dia de 1cm de dist\u00e2ncia,(recortar os excessos ap\u00f3s prender) ;<br \/>\n\u27a1\ufe0fEtapa 16 &#8211; Ponto cheio de acabamento do bolsinho;<br \/>\n\u27a1\ufe0fEtapa 17 &#8211; Finaliza\u00e7\u00e3o com ponto cheio.<br \/>\n*Ap\u00f3s conclu\u00eddo, remova a pe\u00e7a da entretela com tesoura e fa\u00e7a o acabamento com o calor do fogo do isqueiro se preferir!<br \/>\n* O fechamento da pe\u00e7a pode ser com bot\u00e3o de press\u00e3o (tic tac), velcro, ou outra maneira que preferir.<br \/>\n\u2b50Espero que d\u00ea para entender por esse PAP escrito.<\/p>","protected":false},"excerpt":{"rendered":"<p>Matriz para Bastidor 13&#215;18 ou 14&#215;20, dispon\u00edvel em PES ou JEF.<br \/>\nPasso a Passo na Descri\u00e7\u00e3o.<br \/>\nClique e Baixe &gt; <a href=\"https:\/\/shop.bazarcia.com\/wp-content\/uploads\/2018\/04\/Mini-Carteira-Brinde-M\u00e3e-Bazar-do-Bordado.zip\">Mini Carteira Brinde M\u00e3e Bazar do Bordado<\/a><\/p>\n<ul style=\"margin: 0px; padding: 0px; color: #222222; font-family: Raleway; font-size: 14px;\">\n<li style=\"margin: 0px; padding: 0px;\">Se voc\u00ea\u00a0<span style=\"font-weight: bolder;\">gostou<\/span>\u00a0nos ajude divulgando,\u00a0<span style=\"font-weight: bolder;\">compartilhe<\/span>\u00a0em suas redes sociais para alcan\u00e7ar mais\u00a0<span style=\"font-weight: bolder;\"><em>Arteiras Bordadeiras.<\/em><\/span><\/li>\n<li style=\"margin: 0px; padding: 0px;\">Basta escolher sua rede social favorita e compartilhar usando um dos\u00a0<span style=\"font-weight: bolder;\">bot\u00f5es<\/span>\u00a0que temos logo abaixo.<\/li>\n<\/ul>\n<p>&nbsp;<\/p>","protected":false},"featured_media":4088,"comment_status":"open","ping_status":"closed","template":"","meta":{"_acf_changed":false,"_joinchat":[]},"product_brand":[],"product_cat":[98,152],"product_tag":[],"class_list":{"0":"post-5438","1":"product","2":"type-product","3":"status-publish","4":"has-post-thumbnail","6":"product_cat-projetos-na-bordadeira-in-the-hoop-embroidery","7":"product_cat-projeto-carteiras-na-bordadeira","9":"first","10":"instock","11":"downloadable","12":"virtual","13":"product-type-simple"},"acf":[],"yoast_head":"<!-- This site is optimized with the Yoast SEO plugin v27.2 - https:\/\/yoast.com\/product\/yoast-seo-wordpress\/ -->\n<title>Matriz de Bordado - Mini Carteira Brinde M\u00e3es - \ud835\udc1b\ud835\udc1a\ud835\udc33\ud835\udc1a\ud835\udc2b &amp; \ud835\udc1c\ud835\udc22\ud835\udc1a<\/title>\n<meta name=\"robots\" content=\"index, follow, max-snippet:-1, max-image-preview:large, max-video-preview:-1\" \/>\n<link rel=\"canonical\" href=\"https:\/\/shop.bazarcia.com\/en\/product\/matriz-de-bordado-mini-carteira-brinde-maes\/\" \/>\n<meta property=\"og:locale\" content=\"en_US\" \/>\n<meta property=\"og:type\" content=\"article\" \/>\n<meta property=\"og:title\" content=\"Matriz de Bordado - Mini Carteira Brinde M\u00e3es - \ud835\udc1b\ud835\udc1a\ud835\udc33\ud835\udc1a\ud835\udc2b &amp; \ud835\udc1c\ud835\udc22\ud835\udc1a\" \/>\n<meta property=\"og:description\" content=\"Matriz para Bastidor 13x18 ou 14x20, dispon\u00edvel em PES ou JEF. Passo a Passo na Descri\u00e7\u00e3o. Clique e Baixe &gt; Mini Carteira Brinde M\u00e3e Bazar do Bordado   Se voc\u00ea\u00a0gostou\u00a0nos ajude divulgando,\u00a0compartilhe\u00a0em suas redes sociais para alcan\u00e7ar mais\u00a0Arteiras Bordadeiras.  Basta escolher sua rede social favorita e compartilhar usando um dos\u00a0bot\u00f5es\u00a0que temos logo abaixo.  &nbsp;\" \/>\n<meta property=\"og:url\" content=\"https:\/\/shop.bazarcia.com\/en\/product\/matriz-de-bordado-mini-carteira-brinde-maes\/\" \/>\n<meta property=\"og:site_name\" content=\"\ud835\udc1b\ud835\udc1a\ud835\udc33\ud835\udc1a\ud835\udc2b &amp; \ud835\udc1c\ud835\udc22\ud835\udc1a\" \/>\n<meta property=\"article:publisher\" content=\"https:\/\/www.facebook.com\/shopbazarcia\" \/>\n<meta property=\"article:modified_time\" content=\"2020-12-16T21:18:06+00:00\" \/>\n<meta property=\"og:image\" content=\"https:\/\/shop.bazarcia.com\/wp-content\/uploads\/2019\/12\/dgd.jpg\" \/>\n\t<meta property=\"og:image:width\" content=\"1004\" \/>\n\t<meta property=\"og:image:height\" content=\"795\" \/>\n\t<meta property=\"og:image:type\" content=\"image\/jpeg\" \/>\n<meta name=\"twitter:card\" content=\"summary_large_image\" \/>\n<meta name=\"twitter:label1\" content=\"Est. reading time\" \/>\n\t<meta name=\"twitter:data1\" content=\"1 minute\" \/>\n<script type=\"application\/ld+json\" class=\"yoast-schema-graph\">{\"@context\":\"https:\/\/schema.org\",\"@graph\":[{\"@type\":\"WebPage\",\"@id\":\"https:\/\/shop.bazarcia.com\/produto\/matriz-de-bordado-mini-carteira-brinde-maes\/\",\"url\":\"https:\/\/shop.bazarcia.com\/produto\/matriz-de-bordado-mini-carteira-brinde-maes\/\",\"name\":\"Matriz de Bordado - Mini Carteira Brinde M\u00e3es - \ud835\udc1b\ud835\udc1a\ud835\udc33\ud835\udc1a\ud835\udc2b &amp; \ud835\udc1c\ud835\udc22\ud835\udc1a\",\"isPartOf\":{\"@id\":\"https:\/\/shop.bazarcia.com\/#website\"},\"primaryImageOfPage\":{\"@id\":\"https:\/\/shop.bazarcia.com\/produto\/matriz-de-bordado-mini-carteira-brinde-maes\/#primaryimage\"},\"image\":{\"@id\":\"https:\/\/shop.bazarcia.com\/produto\/matriz-de-bordado-mini-carteira-brinde-maes\/#primaryimage\"},\"thumbnailUrl\":\"https:\/\/shop.bazarcia.com\/wp-content\/uploads\/2019\/12\/dgd.jpg\",\"datePublished\":\"2018-04-04T00:00:00+00:00\",\"dateModified\":\"2020-12-16T21:18:06+00:00\",\"breadcrumb\":{\"@id\":\"https:\/\/shop.bazarcia.com\/produto\/matriz-de-bordado-mini-carteira-brinde-maes\/#breadcrumb\"},\"inLanguage\":\"en-US\",\"potentialAction\":[{\"@type\":\"ReadAction\",\"target\":[\"https:\/\/shop.bazarcia.com\/produto\/matriz-de-bordado-mini-carteira-brinde-maes\/\"]}]},{\"@type\":\"ImageObject\",\"inLanguage\":\"en-US\",\"@id\":\"https:\/\/shop.bazarcia.com\/produto\/matriz-de-bordado-mini-carteira-brinde-maes\/#primaryimage\",\"url\":\"https:\/\/shop.bazarcia.com\/wp-content\/uploads\/2019\/12\/dgd.jpg\",\"contentUrl\":\"https:\/\/shop.bazarcia.com\/wp-content\/uploads\/2019\/12\/dgd.jpg\",\"width\":1004,\"height\":795},{\"@type\":\"BreadcrumbList\",\"@id\":\"https:\/\/shop.bazarcia.com\/produto\/matriz-de-bordado-mini-carteira-brinde-maes\/#breadcrumb\",\"itemListElement\":[{\"@type\":\"ListItem\",\"position\":1,\"name\":\"In\u00edcio\",\"item\":\"https:\/\/shop.bazarcia.com\/\"},{\"@type\":\"ListItem\",\"position\":2,\"name\":\"Loja\",\"item\":\"https:\/\/shop.bazarcia.com\/loja\/\"},{\"@type\":\"ListItem\",\"position\":3,\"name\":\"Matriz de Bordado &#8211; Mini Carteira Brinde M\u00e3es\"}]},{\"@type\":\"WebSite\",\"@id\":\"https:\/\/shop.bazarcia.com\/#website\",\"url\":\"https:\/\/shop.bazarcia.com\/\",\"name\":\"Bazar & Cia\",\"description\":\"criatividade ponto a ponto\",\"publisher\":{\"@id\":\"https:\/\/shop.bazarcia.com\/#organization\"},\"potentialAction\":[{\"@type\":\"SearchAction\",\"target\":{\"@type\":\"EntryPoint\",\"urlTemplate\":\"https:\/\/shop.bazarcia.com\/?s={search_term_string}\"},\"query-input\":{\"@type\":\"PropertyValueSpecification\",\"valueRequired\":true,\"valueName\":\"search_term_string\"}}],\"inLanguage\":\"en-US\"},{\"@type\":\"Organization\",\"@id\":\"https:\/\/shop.bazarcia.com\/#organization\",\"name\":\"Bazar & Cia\",\"url\":\"https:\/\/shop.bazarcia.com\/\",\"logo\":{\"@type\":\"ImageObject\",\"inLanguage\":\"en-US\",\"@id\":\"https:\/\/shop.bazarcia.com\/#\/schema\/logo\/image\/\",\"url\":\"https:\/\/shop.bazarcia.com\/wp-content\/uploads\/2024\/02\/cropped-logo_bazarcia.png\",\"contentUrl\":\"https:\/\/shop.bazarcia.com\/wp-content\/uploads\/2024\/02\/cropped-logo_bazarcia.png\",\"width\":150,\"height\":150,\"caption\":\"Bazar & Cia\"},\"image\":{\"@id\":\"https:\/\/shop.bazarcia.com\/#\/schema\/logo\/image\/\"},\"sameAs\":[\"https:\/\/www.facebook.com\/shopbazarcia\",\"https:\/\/www.instagram.com\/shopbazarcia\",\"https:\/\/br.pinterest.com\/suzane_eloise\/\",\"https:\/\/www.youtube.com\/c\/BazardoBordadoMatrizeseProjetos\"]}]}<\/script>\n<!-- \/ Yoast SEO plugin. -->","yoast_head_json":{"title":"Matriz de Bordado - Mini Carteira Brinde M\u00e3es - \ud835\udc1b\ud835\udc1a\ud835\udc33\ud835\udc1a\ud835\udc2b &amp; \ud835\udc1c\ud835\udc22\ud835\udc1a","robots":{"index":"index","follow":"follow","max-snippet":"max-snippet:-1","max-image-preview":"max-image-preview:large","max-video-preview":"max-video-preview:-1"},"canonical":"https:\/\/shop.bazarcia.com\/en\/product\/matriz-de-bordado-mini-carteira-brinde-maes\/","og_locale":"en_US","og_type":"article","og_title":"Matriz de Bordado - Mini Carteira Brinde M\u00e3es - \ud835\udc1b\ud835\udc1a\ud835\udc33\ud835\udc1a\ud835\udc2b &amp; \ud835\udc1c\ud835\udc22\ud835\udc1a","og_description":"Matriz para Bastidor 13x18 ou 14x20, dispon\u00edvel em PES ou JEF. Passo a Passo na Descri\u00e7\u00e3o. Clique e Baixe &gt; Mini Carteira Brinde M\u00e3e Bazar do Bordado   Se voc\u00ea\u00a0gostou\u00a0nos ajude divulgando,\u00a0compartilhe\u00a0em suas redes sociais para alcan\u00e7ar mais\u00a0Arteiras Bordadeiras.  Basta escolher sua rede social favorita e compartilhar usando um dos\u00a0bot\u00f5es\u00a0que temos logo abaixo.  &nbsp;","og_url":"https:\/\/shop.bazarcia.com\/en\/product\/matriz-de-bordado-mini-carteira-brinde-maes\/","og_site_name":"\ud835\udc1b\ud835\udc1a\ud835\udc33\ud835\udc1a\ud835\udc2b &amp; \ud835\udc1c\ud835\udc22\ud835\udc1a","article_publisher":"https:\/\/www.facebook.com\/shopbazarcia","article_modified_time":"2020-12-16T21:18:06+00:00","og_image":[{"width":1004,"height":795,"url":"https:\/\/shop.bazarcia.com\/wp-content\/uploads\/2019\/12\/dgd.jpg","type":"image\/jpeg"}],"twitter_card":"summary_large_image","twitter_misc":{"Est. reading time":"1 minute"},"schema":{"@context":"https:\/\/schema.org","@graph":[{"@type":"WebPage","@id":"https:\/\/shop.bazarcia.com\/produto\/matriz-de-bordado-mini-carteira-brinde-maes\/","url":"https:\/\/shop.bazarcia.com\/produto\/matriz-de-bordado-mini-carteira-brinde-maes\/","name":"Matriz de Bordado - Mini Carteira Brinde M\u00e3es - \ud835\udc1b\ud835\udc1a\ud835\udc33\ud835\udc1a\ud835\udc2b &amp; \ud835\udc1c\ud835\udc22\ud835\udc1a","isPartOf":{"@id":"https:\/\/shop.bazarcia.com\/#website"},"primaryImageOfPage":{"@id":"https:\/\/shop.bazarcia.com\/produto\/matriz-de-bordado-mini-carteira-brinde-maes\/#primaryimage"},"image":{"@id":"https:\/\/shop.bazarcia.com\/produto\/matriz-de-bordado-mini-carteira-brinde-maes\/#primaryimage"},"thumbnailUrl":"https:\/\/shop.bazarcia.com\/wp-content\/uploads\/2019\/12\/dgd.jpg","datePublished":"2018-04-04T00:00:00+00:00","dateModified":"2020-12-16T21:18:06+00:00","breadcrumb":{"@id":"https:\/\/shop.bazarcia.com\/produto\/matriz-de-bordado-mini-carteira-brinde-maes\/#breadcrumb"},"inLanguage":"en-US","potentialAction":[{"@type":"ReadAction","target":["https:\/\/shop.bazarcia.com\/produto\/matriz-de-bordado-mini-carteira-brinde-maes\/"]}]},{"@type":"ImageObject","inLanguage":"en-US","@id":"https:\/\/shop.bazarcia.com\/produto\/matriz-de-bordado-mini-carteira-brinde-maes\/#primaryimage","url":"https:\/\/shop.bazarcia.com\/wp-content\/uploads\/2019\/12\/dgd.jpg","contentUrl":"https:\/\/shop.bazarcia.com\/wp-content\/uploads\/2019\/12\/dgd.jpg","width":1004,"height":795},{"@type":"BreadcrumbList","@id":"https:\/\/shop.bazarcia.com\/produto\/matriz-de-bordado-mini-carteira-brinde-maes\/#breadcrumb","itemListElement":[{"@type":"ListItem","position":1,"name":"In\u00edcio","item":"https:\/\/shop.bazarcia.com\/"},{"@type":"ListItem","position":2,"name":"Loja","item":"https:\/\/shop.bazarcia.com\/loja\/"},{"@type":"ListItem","position":3,"name":"Matriz de Bordado &#8211; Mini Carteira Brinde M\u00e3es"}]},{"@type":"WebSite","@id":"https:\/\/shop.bazarcia.com\/#website","url":"https:\/\/shop.bazarcia.com\/","name":"Bazar & Cia","description":"criatividade ponto a ponto","publisher":{"@id":"https:\/\/shop.bazarcia.com\/#organization"},"potentialAction":[{"@type":"SearchAction","target":{"@type":"EntryPoint","urlTemplate":"https:\/\/shop.bazarcia.com\/?s={search_term_string}"},"query-input":{"@type":"PropertyValueSpecification","valueRequired":true,"valueName":"search_term_string"}}],"inLanguage":"en-US"},{"@type":"Organization","@id":"https:\/\/shop.bazarcia.com\/#organization","name":"Bazar & Cia","url":"https:\/\/shop.bazarcia.com\/","logo":{"@type":"ImageObject","inLanguage":"en-US","@id":"https:\/\/shop.bazarcia.com\/#\/schema\/logo\/image\/","url":"https:\/\/shop.bazarcia.com\/wp-content\/uploads\/2024\/02\/cropped-logo_bazarcia.png","contentUrl":"https:\/\/shop.bazarcia.com\/wp-content\/uploads\/2024\/02\/cropped-logo_bazarcia.png","width":150,"height":150,"caption":"Bazar & Cia"},"image":{"@id":"https:\/\/shop.bazarcia.com\/#\/schema\/logo\/image\/"},"sameAs":["https:\/\/www.facebook.com\/shopbazarcia","https:\/\/www.instagram.com\/shopbazarcia","https:\/\/br.pinterest.com\/suzane_eloise\/","https:\/\/www.youtube.com\/c\/BazardoBordadoMatrizeseProjetos"]}]}},"_links":{"self":[{"href":"https:\/\/shop.bazarcia.com\/en\/wp-json\/wp\/v2\/product\/5438","targetHints":{"allow":["GET"]}}],"collection":[{"href":"https:\/\/shop.bazarcia.com\/en\/wp-json\/wp\/v2\/product"}],"about":[{"href":"https:\/\/shop.bazarcia.com\/en\/wp-json\/wp\/v2\/types\/product"}],"replies":[{"embeddable":true,"href":"https:\/\/shop.bazarcia.com\/en\/wp-json\/wp\/v2\/comments?post=5438"}],"version-history":[{"count":0,"href":"https:\/\/shop.bazarcia.com\/en\/wp-json\/wp\/v2\/product\/5438\/revisions"}],"wp:featuredmedia":[{"embeddable":true,"href":"https:\/\/shop.bazarcia.com\/en\/wp-json\/wp\/v2\/media\/4088"}],"wp:attachment":[{"href":"https:\/\/shop.bazarcia.com\/en\/wp-json\/wp\/v2\/media?parent=5438"}],"wp:term":[{"taxonomy":"product_brand","embeddable":true,"href":"https:\/\/shop.bazarcia.com\/en\/wp-json\/wp\/v2\/product_brand?post=5438"},{"taxonomy":"product_cat","embeddable":true,"href":"https:\/\/shop.bazarcia.com\/en\/wp-json\/wp\/v2\/product_cat?post=5438"},{"taxonomy":"product_tag","embeddable":true,"href":"https:\/\/shop.bazarcia.com\/en\/wp-json\/wp\/v2\/product_tag?post=5438"}],"curies":[{"name":"wp","href":"https:\/\/api.w.org\/{rel}","templated":true}]}}