{"id":56249,"date":"2020-10-15T13:23:57","date_gmt":"2020-10-15T16:23:57","guid":{"rendered":"https:\/\/shop.bazarcia.com\/produto\/curso-3-organizadores-em-patchaplique-3\/"},"modified":"2025-05-26T11:18:51","modified_gmt":"2025-05-26T14:18:51","slug":"curso-3-organizadores-em-patchaplique-3","status":"publish","type":"product","link":"https:\/\/shop.bazarcia.com\/en\/product\/curso-3-organizadores-em-patchaplique-3\/","title":{"rendered":"Curso Online: Organizadores com Patch Aplique 3D [3 tamanhos]"},"content":{"rendered":"<p>No curso voc\u00ea aprender\u00e1 a t\u00e9cnica do patchaplique, com v\u00e1rias dicas e todos os &#8220;pulos do gato&#8221; para as aplica\u00e7\u00f5es ficarem certinhas,voc\u00ea aprender\u00e1 a fazer tamb\u00e9m os detalhes em 3D.<\/p>\n<p>Al\u00e9m da t\u00e9cnica do patch aplique voc\u00ea aprender\u00e1 lindas pe\u00e7as organizadoras ,que ser\u00e3o sucesso de vendas, pe\u00e7as \u00fateis e pr\u00e1ticas que facilitam e muito a vida das mam\u00e3es.<\/p>\n<p>Voc\u00ea vai aprender 3 cachep\u00f4s em 3 tamanhos diferentes (P,M e G).<\/p>\n<p>Vai aprender a confeccionar um lindo cesto de brinquedos e tamb\u00e9m um porta fraldas retangular.<\/p>\n<p>Vai receber moldes em dois temas, bichinhos do bosque e saf\u00e1ri.<\/p>\n<p>E o melhor que n\u00e3o precisa de nenhuma m\u00e1quina especial para isso, basta uma m\u00e1quina de costura simples, pode ser at\u00e9 aquelas da vov\u00f3.<\/p>\n<p>Vem se apaixonar e se aventurar no mundo dos patchapliques !<\/p>\n<p><span style=\"color: #1c1e21; font-family: Helvetica, Arial, sans-serif; font-size: 14px;\">\u00a0Ap\u00f3s a confirma\u00e7\u00e3o do pagamento voc\u00ea receber\u00e1 o link de acesso aos conte\u00fados do curso + link do\u00a0 grupo de apoio e intera\u00e7\u00e3o.<\/span><\/p>","protected":false},"excerpt":{"rendered":"<p>No curso voc\u00ea aprender\u00e1 a t\u00e9cnica do patchaplique, com v\u00e1rias dicas e todos os &#8220;pulos do gato&#8221; para as aplica\u00e7\u00f5es ficarem certinhas,voc\u00ea aprender\u00e1 a fazer tamb\u00e9m os detalhes em 3D.<\/p>\n<p>Al\u00e9m da t\u00e9cnica do patch aplique voc\u00ea aprender\u00e1 lindas pe\u00e7as organizadoras ,que ser\u00e3o sucesso de vendas, pe\u00e7as \u00fateis e pr\u00e1ticas que facilitam e muito a vida das mam\u00e3es.<\/p>\n<ul>\n<li>Voc\u00ea vai aprender 3 cachep\u00f4s em 3 tamanhos diferentes (P,M e G).<\/li>\n<li>AULA B\u00d4NUS: Porta Fraldas Retangular.<\/li>\n<li>Moldes em 2 temas: bichinhos do bosque e saf\u00e1ri.<\/li>\n<\/ul>\n<h5 style=\"margin: 1em 0px; font-family: inherit;\">E o melhor que n\u00e3o precisa de nenhuma m\u00e1quina especial para isso, basta uma m\u00e1quina de costura simples, pode ser at\u00e9 aquelas da vov\u00f3.<br \/>\nVem se apaixonar e se aventurar nesse mundo dos patchapliques!!!<\/h5>","protected":false},"featured_media":271202,"comment_status":"open","ping_status":"closed","template":"","meta":{"_acf_changed":false,"_joinchat":[]},"product_brand":[],"product_cat":[1047,1049,1414,1193],"product_tag":[1163,1348],"class_list":{"0":"post-56249","1":"product","2":"type-product","3":"status-publish","4":"has-post-thumbnail","6":"product_cat-cursos","7":"product_cat-cursos-de-costura","8":"product_cat-cursos-patch-aplique","9":"product_cat-projetos-de-costura","10":"product_tag-maquina-de-costura","11":"product_tag-maquina-domestica","13":"first","14":"instock","15":"virtual","16":"purchasable","17":"product-type-simple"},"acf":[],"yoast_head":"<!-- This site is optimized with the Yoast SEO plugin v27.2 - https:\/\/yoast.com\/product\/yoast-seo-wordpress\/ -->\n<title>Curso Online: Organizadores com Patch Aplique 3D [3 tamanhos] - \ud835\udc1b\ud835\udc1a\ud835\udc33\ud835\udc1a\ud835\udc2b &amp; \ud835\udc1c\ud835\udc22\ud835\udc1a<\/title>\n<meta name=\"description\" content=\"Please provide a meta description by editing the snippet below. If you don\u2019t, Google will try to find a relevant part of your post to show in the search results.\" \/>\n<meta name=\"robots\" content=\"index, follow, max-snippet:-1, max-image-preview:large, max-video-preview:-1\" \/>\n<link rel=\"canonical\" href=\"https:\/\/shop.bazarcia.com\/en\/product\/curso-3-organizadores-em-patchaplique-3\/\" \/>\n<meta property=\"og:locale\" content=\"en_US\" \/>\n<meta property=\"og:type\" content=\"article\" \/>\n<meta property=\"og:title\" content=\"Curso Online: Organizadores com Patch Aplique 3D [3 tamanhos] - \ud835\udc1b\ud835\udc1a\ud835\udc33\ud835\udc1a\ud835\udc2b &amp; \ud835\udc1c\ud835\udc22\ud835\udc1a\" \/>\n<meta property=\"og:description\" content=\"Please provide a meta description by editing the snippet below. If you don\u2019t, Google will try to find a relevant part of your post to show in the search results.\" \/>\n<meta property=\"og:url\" content=\"https:\/\/shop.bazarcia.com\/en\/product\/curso-3-organizadores-em-patchaplique-3\/\" \/>\n<meta property=\"og:site_name\" content=\"\ud835\udc1b\ud835\udc1a\ud835\udc33\ud835\udc1a\ud835\udc2b &amp; \ud835\udc1c\ud835\udc22\ud835\udc1a\" \/>\n<meta property=\"article:publisher\" content=\"https:\/\/www.facebook.com\/shopbazarcia\" \/>\n<meta property=\"article:modified_time\" content=\"2025-05-26T14:18:51+00:00\" \/>\n<meta property=\"og:image\" content=\"https:\/\/shop.bazarcia.com\/wp-content\/uploads\/2020\/10\/1-6.png\" \/>\n\t<meta property=\"og:image:width\" content=\"1080\" \/>\n\t<meta property=\"og:image:height\" content=\"1080\" \/>\n\t<meta property=\"og:image:type\" content=\"image\/png\" \/>\n<meta name=\"twitter:card\" content=\"summary_large_image\" \/>\n<meta name=\"twitter:label1\" content=\"Est. reading time\" \/>\n\t<meta name=\"twitter:data1\" content=\"1 minute\" \/>\n<script type=\"application\/ld+json\" class=\"yoast-schema-graph\">{\"@context\":\"https:\/\/schema.org\",\"@graph\":[{\"@type\":\"WebPage\",\"@id\":\"https:\/\/shop.bazarcia.com\/produto\/curso-3-organizadores-em-patchaplique-3\/\",\"url\":\"https:\/\/shop.bazarcia.com\/produto\/curso-3-organizadores-em-patchaplique-3\/\",\"name\":\"Curso Online: Organizadores com Patch Aplique 3D [3 tamanhos] - \ud835\udc1b\ud835\udc1a\ud835\udc33\ud835\udc1a\ud835\udc2b &amp; \ud835\udc1c\ud835\udc22\ud835\udc1a\",\"isPartOf\":{\"@id\":\"https:\/\/shop.bazarcia.com\/#website\"},\"primaryImageOfPage\":{\"@id\":\"https:\/\/shop.bazarcia.com\/produto\/curso-3-organizadores-em-patchaplique-3\/#primaryimage\"},\"image\":{\"@id\":\"https:\/\/shop.bazarcia.com\/produto\/curso-3-organizadores-em-patchaplique-3\/#primaryimage\"},\"thumbnailUrl\":\"https:\/\/shop.bazarcia.com\/wp-content\/uploads\/2020\/10\/1-6.png\",\"datePublished\":\"2020-10-15T16:23:57+00:00\",\"dateModified\":\"2025-05-26T14:18:51+00:00\",\"description\":\"Please provide a meta description by editing the snippet below. If you don\u2019t, Google will try to find a relevant part of your post to show in the search results.\",\"breadcrumb\":{\"@id\":\"https:\/\/shop.bazarcia.com\/produto\/curso-3-organizadores-em-patchaplique-3\/#breadcrumb\"},\"inLanguage\":\"en-US\",\"potentialAction\":[{\"@type\":\"ReadAction\",\"target\":[\"https:\/\/shop.bazarcia.com\/produto\/curso-3-organizadores-em-patchaplique-3\/\"]}]},{\"@type\":\"ImageObject\",\"inLanguage\":\"en-US\",\"@id\":\"https:\/\/shop.bazarcia.com\/produto\/curso-3-organizadores-em-patchaplique-3\/#primaryimage\",\"url\":\"https:\/\/shop.bazarcia.com\/wp-content\/uploads\/2020\/10\/1-6.png\",\"contentUrl\":\"https:\/\/shop.bazarcia.com\/wp-content\/uploads\/2020\/10\/1-6.png\",\"width\":1080,\"height\":1080},{\"@type\":\"BreadcrumbList\",\"@id\":\"https:\/\/shop.bazarcia.com\/produto\/curso-3-organizadores-em-patchaplique-3\/#breadcrumb\",\"itemListElement\":[{\"@type\":\"ListItem\",\"position\":1,\"name\":\"In\u00edcio\",\"item\":\"https:\/\/shop.bazarcia.com\/\"},{\"@type\":\"ListItem\",\"position\":2,\"name\":\"Loja\",\"item\":\"https:\/\/shop.bazarcia.com\/loja\/\"},{\"@type\":\"ListItem\",\"position\":3,\"name\":\"Curso Online: Organizadores com Patch Aplique 3D [3 tamanhos]\"}]},{\"@type\":\"WebSite\",\"@id\":\"https:\/\/shop.bazarcia.com\/#website\",\"url\":\"https:\/\/shop.bazarcia.com\/\",\"name\":\"Bazar & Cia\",\"description\":\"criatividade ponto a ponto\",\"publisher\":{\"@id\":\"https:\/\/shop.bazarcia.com\/#organization\"},\"potentialAction\":[{\"@type\":\"SearchAction\",\"target\":{\"@type\":\"EntryPoint\",\"urlTemplate\":\"https:\/\/shop.bazarcia.com\/?s={search_term_string}\"},\"query-input\":{\"@type\":\"PropertyValueSpecification\",\"valueRequired\":true,\"valueName\":\"search_term_string\"}}],\"inLanguage\":\"en-US\"},{\"@type\":\"Organization\",\"@id\":\"https:\/\/shop.bazarcia.com\/#organization\",\"name\":\"Bazar & Cia\",\"url\":\"https:\/\/shop.bazarcia.com\/\",\"logo\":{\"@type\":\"ImageObject\",\"inLanguage\":\"en-US\",\"@id\":\"https:\/\/shop.bazarcia.com\/#\/schema\/logo\/image\/\",\"url\":\"https:\/\/shop.bazarcia.com\/wp-content\/uploads\/2024\/02\/cropped-logo_bazarcia.png\",\"contentUrl\":\"https:\/\/shop.bazarcia.com\/wp-content\/uploads\/2024\/02\/cropped-logo_bazarcia.png\",\"width\":150,\"height\":150,\"caption\":\"Bazar & Cia\"},\"image\":{\"@id\":\"https:\/\/shop.bazarcia.com\/#\/schema\/logo\/image\/\"},\"sameAs\":[\"https:\/\/www.facebook.com\/shopbazarcia\",\"https:\/\/www.instagram.com\/shopbazarcia\",\"https:\/\/br.pinterest.com\/suzane_eloise\/\",\"https:\/\/www.youtube.com\/c\/BazardoBordadoMatrizeseProjetos\"]}]}<\/script>\n<!-- \/ Yoast SEO plugin. -->","yoast_head_json":{"title":"Curso Online: Organizadores com Patch Aplique 3D [3 tamanhos] - \ud835\udc1b\ud835\udc1a\ud835\udc33\ud835\udc1a\ud835\udc2b &amp; \ud835\udc1c\ud835\udc22\ud835\udc1a","description":"Please provide a meta description by editing the snippet below. If you don\u2019t, Google will try to find a relevant part of your post to show in the search results.","robots":{"index":"index","follow":"follow","max-snippet":"max-snippet:-1","max-image-preview":"max-image-preview:large","max-video-preview":"max-video-preview:-1"},"canonical":"https:\/\/shop.bazarcia.com\/en\/product\/curso-3-organizadores-em-patchaplique-3\/","og_locale":"en_US","og_type":"article","og_title":"Curso Online: Organizadores com Patch Aplique 3D [3 tamanhos] - \ud835\udc1b\ud835\udc1a\ud835\udc33\ud835\udc1a\ud835\udc2b &amp; \ud835\udc1c\ud835\udc22\ud835\udc1a","og_description":"Please provide a meta description by editing the snippet below. If you don\u2019t, Google will try to find a relevant part of your post to show in the search results.","og_url":"https:\/\/shop.bazarcia.com\/en\/product\/curso-3-organizadores-em-patchaplique-3\/","og_site_name":"\ud835\udc1b\ud835\udc1a\ud835\udc33\ud835\udc1a\ud835\udc2b &amp; \ud835\udc1c\ud835\udc22\ud835\udc1a","article_publisher":"https:\/\/www.facebook.com\/shopbazarcia","article_modified_time":"2025-05-26T14:18:51+00:00","og_image":[{"width":1080,"height":1080,"url":"https:\/\/shop.bazarcia.com\/wp-content\/uploads\/2020\/10\/1-6.png","type":"image\/png"}],"twitter_card":"summary_large_image","twitter_misc":{"Est. reading time":"1 minute"},"schema":{"@context":"https:\/\/schema.org","@graph":[{"@type":"WebPage","@id":"https:\/\/shop.bazarcia.com\/produto\/curso-3-organizadores-em-patchaplique-3\/","url":"https:\/\/shop.bazarcia.com\/produto\/curso-3-organizadores-em-patchaplique-3\/","name":"Curso Online: Organizadores com Patch Aplique 3D [3 tamanhos] - \ud835\udc1b\ud835\udc1a\ud835\udc33\ud835\udc1a\ud835\udc2b &amp; \ud835\udc1c\ud835\udc22\ud835\udc1a","isPartOf":{"@id":"https:\/\/shop.bazarcia.com\/#website"},"primaryImageOfPage":{"@id":"https:\/\/shop.bazarcia.com\/produto\/curso-3-organizadores-em-patchaplique-3\/#primaryimage"},"image":{"@id":"https:\/\/shop.bazarcia.com\/produto\/curso-3-organizadores-em-patchaplique-3\/#primaryimage"},"thumbnailUrl":"https:\/\/shop.bazarcia.com\/wp-content\/uploads\/2020\/10\/1-6.png","datePublished":"2020-10-15T16:23:57+00:00","dateModified":"2025-05-26T14:18:51+00:00","description":"Please provide a meta description by editing the snippet below. If you don\u2019t, Google will try to find a relevant part of your post to show in the search results.","breadcrumb":{"@id":"https:\/\/shop.bazarcia.com\/produto\/curso-3-organizadores-em-patchaplique-3\/#breadcrumb"},"inLanguage":"en-US","potentialAction":[{"@type":"ReadAction","target":["https:\/\/shop.bazarcia.com\/produto\/curso-3-organizadores-em-patchaplique-3\/"]}]},{"@type":"ImageObject","inLanguage":"en-US","@id":"https:\/\/shop.bazarcia.com\/produto\/curso-3-organizadores-em-patchaplique-3\/#primaryimage","url":"https:\/\/shop.bazarcia.com\/wp-content\/uploads\/2020\/10\/1-6.png","contentUrl":"https:\/\/shop.bazarcia.com\/wp-content\/uploads\/2020\/10\/1-6.png","width":1080,"height":1080},{"@type":"BreadcrumbList","@id":"https:\/\/shop.bazarcia.com\/produto\/curso-3-organizadores-em-patchaplique-3\/#breadcrumb","itemListElement":[{"@type":"ListItem","position":1,"name":"In\u00edcio","item":"https:\/\/shop.bazarcia.com\/"},{"@type":"ListItem","position":2,"name":"Loja","item":"https:\/\/shop.bazarcia.com\/loja\/"},{"@type":"ListItem","position":3,"name":"Curso Online: Organizadores com Patch Aplique 3D [3 tamanhos]"}]},{"@type":"WebSite","@id":"https:\/\/shop.bazarcia.com\/#website","url":"https:\/\/shop.bazarcia.com\/","name":"Bazar & Cia","description":"criatividade ponto a ponto","publisher":{"@id":"https:\/\/shop.bazarcia.com\/#organization"},"potentialAction":[{"@type":"SearchAction","target":{"@type":"EntryPoint","urlTemplate":"https:\/\/shop.bazarcia.com\/?s={search_term_string}"},"query-input":{"@type":"PropertyValueSpecification","valueRequired":true,"valueName":"search_term_string"}}],"inLanguage":"en-US"},{"@type":"Organization","@id":"https:\/\/shop.bazarcia.com\/#organization","name":"Bazar & Cia","url":"https:\/\/shop.bazarcia.com\/","logo":{"@type":"ImageObject","inLanguage":"en-US","@id":"https:\/\/shop.bazarcia.com\/#\/schema\/logo\/image\/","url":"https:\/\/shop.bazarcia.com\/wp-content\/uploads\/2024\/02\/cropped-logo_bazarcia.png","contentUrl":"https:\/\/shop.bazarcia.com\/wp-content\/uploads\/2024\/02\/cropped-logo_bazarcia.png","width":150,"height":150,"caption":"Bazar & Cia"},"image":{"@id":"https:\/\/shop.bazarcia.com\/#\/schema\/logo\/image\/"},"sameAs":["https:\/\/www.facebook.com\/shopbazarcia","https:\/\/www.instagram.com\/shopbazarcia","https:\/\/br.pinterest.com\/suzane_eloise\/","https:\/\/www.youtube.com\/c\/BazardoBordadoMatrizeseProjetos"]}]}},"_links":{"self":[{"href":"https:\/\/shop.bazarcia.com\/en\/wp-json\/wp\/v2\/product\/56249","targetHints":{"allow":["GET"]}}],"collection":[{"href":"https:\/\/shop.bazarcia.com\/en\/wp-json\/wp\/v2\/product"}],"about":[{"href":"https:\/\/shop.bazarcia.com\/en\/wp-json\/wp\/v2\/types\/product"}],"replies":[{"embeddable":true,"href":"https:\/\/shop.bazarcia.com\/en\/wp-json\/wp\/v2\/comments?post=56249"}],"version-history":[{"count":3,"href":"https:\/\/shop.bazarcia.com\/en\/wp-json\/wp\/v2\/product\/56249\/revisions"}],"predecessor-version":[{"id":271321,"href":"https:\/\/shop.bazarcia.com\/en\/wp-json\/wp\/v2\/product\/56249\/revisions\/271321"}],"wp:featuredmedia":[{"embeddable":true,"href":"https:\/\/shop.bazarcia.com\/en\/wp-json\/wp\/v2\/media\/271202"}],"wp:attachment":[{"href":"https:\/\/shop.bazarcia.com\/en\/wp-json\/wp\/v2\/media?parent=56249"}],"wp:term":[{"taxonomy":"product_brand","embeddable":true,"href":"https:\/\/shop.bazarcia.com\/en\/wp-json\/wp\/v2\/product_brand?post=56249"},{"taxonomy":"product_cat","embeddable":true,"href":"https:\/\/shop.bazarcia.com\/en\/wp-json\/wp\/v2\/product_cat?post=56249"},{"taxonomy":"product_tag","embeddable":true,"href":"https:\/\/shop.bazarcia.com\/en\/wp-json\/wp\/v2\/product_tag?post=56249"}],"curies":[{"name":"wp","href":"https:\/\/api.w.org\/{rel}","templated":true}]}}