{"id":56472,"date":"2020-10-16T21:10:43","date_gmt":"2020-10-17T00:10:43","guid":{"rendered":"https:\/\/shop.bazarcia.com\/produto\/matrizes-de-bordado-colecao-girafinhas-cute-matrizes-em-aplique\/"},"modified":"2021-11-28T13:42:48","modified_gmt":"2021-11-28T16:42:48","slug":"matrizes-de-bordado-colecao-girafinhas-cute-matrizes-em-aplique","status":"publish","type":"product","link":"https:\/\/shop.bazarcia.com\/en\/product\/matrizes-de-bordado-colecao-girafinhas-cute-matrizes-em-aplique\/","title":{"rendered":"Matrizes de Bordado e Projetos na Bordadeira &#8211; Cole\u00e7\u00e3o Girafinhas Cute &#8211; Apliques e TAG&#8217;s"},"content":{"rendered":"<p style=\"margin-top: 0px;margin-bottom: 1rem;color: #6c737b;font-family: roboto, sans-serif\"><span style=\"font-weight: bolder\"><span style=\"font-weight: bolder\">Matrizes e Projetos Girafinhas Apliques e Tags<\/span><\/p>\n<p><span style=\"font-weight: bolder\"><i style=\"vertical-align: middle\"><em><span style=\"font-weight: bolder\">Descri\u00e7\u00e3o das Matrizes:<br \/><\/span><\/em><\/i><\/span>&#8211; 4 matrizes Tag&#8217;s de rostinhos de girafinhas para bastidores 13&#215;13, 14&#215;14, 16&#215;16 e 20&#215;20.<br \/>&#8211; 4 matrizes em apliques e apliques 3D de rostinhos de girafinhas com alturas de 10, 12, 13, 14 (para bastidores a partir de 13&#215;18 e 14&#215;14), 15 (para bastidores a partir de 15&#215;26 e 16&#215;26) e 20 (para bastidores a partir de 16&#215;26 ou 20&#215;20).<br \/>&#8211; 1 Tag para nome nos tamanhos: 4&#215;12, 5&#215;15 e 6&#215;18 cm.\u00a0<br \/>&#8211; 1 Chaveirinho no tamanho de 4,2&#215;6,5 cm.<\/p>\n<p>\u2661 Tutorial das TAG&#8217;s em PDF com passo a passo detalhado com fotos.<\/span><\/p>\n<p style=\"margin-top: 0px;margin-bottom: 1rem;color: #6c737b;font-family: roboto, sans-serif\">\n<p style=\"margin-top: 0px;margin-bottom: 1rem;color: #6c737b;font-family: roboto, sans-serif\">\n<p style=\"margin-top: 0px;margin-bottom: 1rem;color: #6c737b;font-family: roboto, sans-serif\">\n<p style=\"margin-top: 0px;margin-bottom: 1rem;color: #6c737b;font-family: roboto, sans-serif\"><span style=\"font-weight: bolder\">\u2661 Este \u00e9 um produto DIGITAL e os arquivos estar\u00e3o dispon\u00edveis para download aqui mesmo na sua conta ap\u00f3s confirma\u00e7\u00e3o do pagamento.<\/span><\/p>\n<p style=\"margin-top: 0px;margin-bottom: 1rem;color: #6c737b;font-family: roboto, sans-serif\"><span style=\"font-weight: bolder\">\u2661 Os arquivos est\u00e3o em pasta compactada (ZIP), sendo necess\u00e1rio descompact\u00e1-la.<\/span><\/p>\n<p style=\"margin-top: 0px;margin-bottom: 1rem;color: #6c737b\">\n<p style=\"margin-top: 0px;margin-bottom: 1rem;color: #6c737b\">\n<p style=\"margin-top: 0px;margin-bottom: 1rem;color: #6c737b\">\u2661 Os mesmos s\u00e3o compat\u00edveis com v\u00e1rios tipos e modelos de m\u00e1quinas, com os seguintes formatos:<br \/>DST &#8211; EXP &#8211; HUS &#8211; JEF &#8211; PES &#8211; XXX<\/p>\n<p style=\"margin-top: 0px;margin-bottom: 1rem;color: #6c737b\">\n<p style=\"margin-top: 0px;margin-bottom: 1rem;color: #6c737b\">\n<p style=\"margin-top: 0px;margin-bottom: 1rem;color: #6c737b\">\n<p style=\"margin-top: 0px;margin-bottom: 1rem;color: #6c737b\">\n<p style=\"margin-top: 0px;margin-bottom: 1rem;color: #6c737b\">\n<p><span style=\"color: #6c737b;font-family: roboto, sans-serif;font-weight: bolder\">\u2661 Adquirindo nossas matrizes e projetos voc\u00ea se declara de acordo com nossos<\/span>\u00a0<span style=\"font-weight: bolder;color: #6c737b;font-family: roboto, sans-serif\"><a style=\"color: #95663c;background-color: transparent\" href=\"https:\/\/shop.bazarcia.com\/en\/store\/atelie-mamae-coruja\/toc\/\" target=\"_blank\" rel=\"nofollow noopener\">TERMOS E CONDI\u00c7\u00d5ES<\/a><\/span><span style=\"font-weight: bolder;color: #6c737b;font-family: roboto, sans-serif\">.<\/span><\/p>\n<p style=\"margin-top: 0px;margin-bottom: 1rem;color: #6c737b\">\n<p style=\"margin-top: 0px;margin-bottom: 1rem;color: #6c737b\">\n<p style=\"margin-top: 0px;margin-bottom: 1rem;color: #6c737b\">\n<p style=\"margin-top: 0px;margin-bottom: 1rem;color: #6c737b\">\n<p style=\"margin-top: 0px;margin-bottom: 1rem;color: #6c737b\">Designer: Val\u00e9ria Ribeiro (Ateli\u00ea Mam\u00e3e Coruja)<\/p>","protected":false},"excerpt":{"rendered":"<p>&nbsp;<\/p>\n<div class=\"col-md-6 col-12\" style=\"width: 570px;padding-right: 15px;padding-left: 15px;flex: 0 0 50%;max-width: 50%;color: #212529;font-family: roboto, sans-serif\">\n<div class=\"row\" style=\"margin-right: -15px;margin-left: -15px\">\n<div class=\"col-12\" style=\"width: 570px;padding-right: 15px;padding-left: 15px;flex: 0 0 100%;max-width: 100%\">\n<div class=\"row popup-gallery\" style=\"margin-right: -15px;margin-left: -15px\">\n<div class=\"col-12\" style=\"width: 570px;padding-right: 15px;padding-left: 15px;flex: 0 0 100%;max-width: 100%\">\n<div id=\"multi-item-example\" class=\"carousel slide carousel-multi-item\" data-ride=\"carousel\">\n<div class=\"carousel-inner\" style=\"width: 540px;overflow: hidden\" role=\"listbox\">\n<div class=\"carousel-item active\" style=\"float: left;width: 540px;margin-right: -540px\">\n<div class=\"row\" style=\"margin-right: -15px;margin-left: -15px\">\n<div class=\"col-4\" style=\"width: 190px;padding-right: 15px;padding-left: 15px;flex: 0 0 33.3333%;max-width: 33.3333%\"><a style=\"color: #95663c;background-color: transparent\" href=\"https:\/\/ateliemamaecoruja.com.br\/files\/cff23f5579af001073721638115258004.png\"><img decoding=\"async\" class=\"img-fluid\" style=\"vertical-align: middle;border-style: none\" src=\"https:\/\/ateliemamaecoruja.com.br\/files\/cff23f5579af001073721638115258004.png\" \/><\/a><\/div>\n<div class=\"col-4\" style=\"width: 190px;padding-right: 15px;padding-left: 15px;flex: 0 0 33.3333%;max-width: 33.3333%\"><a style=\"color: #95663c;background-color: transparent\" href=\"https:\/\/ateliemamaecoruja.com.br\/files\/2dd57c93d667d3afe3771638115258021.png\"><img decoding=\"async\" class=\"img-fluid\" style=\"vertical-align: middle;border-style: none\" src=\"https:\/\/ateliemamaecoruja.com.br\/files\/2dd57c93d667d3afe3771638115258021.png\" \/><\/a><\/div>\n<div class=\"col-4\" style=\"width: 190px;padding-right: 15px;padding-left: 15px;flex: 0 0 33.3333%;max-width: 33.3333%\"><a style=\"color: #95663c;background-color: transparent\" href=\"https:\/\/ateliemamaecoruja.com.br\/files\/ae718f8b0d19173cd0571638115258074.png\"><img decoding=\"async\" class=\"img-fluid\" style=\"vertical-align: middle;border-style: none\" src=\"https:\/\/ateliemamaecoruja.com.br\/files\/ae718f8b0d19173cd0571638115258074.png\" \/><\/a><\/div>\n<\/div>\n<\/div>\n<\/div>\n<\/div>\n<\/div>\n<\/div>\n<\/div>\n<\/div>\n<\/div>\n<div class=\"col-md-6 col-12\" style=\"width: 570px;padding-right: 15px;padding-left: 15px;flex: 0 0 50%;max-width: 50%;color: #212529;font-family: roboto, sans-serif\">\n<div class=\"row\" style=\"margin-right: -15px;margin-left: -15px\">\n<div class=\"col-12\" style=\"width: 570px;padding-right: 15px;padding-left: 15px;flex: 0 0 100%;max-width: 100%\">\n<p style=\"margin-top: 0px;margin-bottom: 1rem;color: #6c737b\">\n<p style=\"margin-top: 0px;margin-bottom: 1rem;color: #6c737b\"><span style=\"font-weight: bolder\">Este \u00e9 um PRODUTO DIGITAL destinado a artes\u00e3s e artes\u00e3os \u2665<\/p>\n<p><\/span>\u2661 Matrizes em aplique, apliques 3D e Tags.<br \/>S\u00e3o 4 vers\u00f5es de cada, mais tag para nome e chaveirinhos de brinde.<\/p>\n<p>\u2661\u00a0 Matrizes super vers\u00e1teis que podem ser utilizadas em diversos projetos. As Tags com rostinhos pequenas s\u00e3o perfeitas para capas de caderneta de vacina\u00e7\u00e3o. Para quem tem bastidores maiores, j\u00e1 imagino as Tags de 16&#215;16 e 20&#215;20 penduradas substituindo os quadrinhos que est\u00e3o super em alta na decora\u00e7\u00e3o de quartos de beb\u00ea. E os apliques, bem&#8230; podem ser aplicados onde a sua imagina\u00e7\u00e3o permitir!<\/p>\n<p>Mais informa\u00e7\u00f5es abaixo!<\/p>\n<\/div>\n<\/div>\n<\/div>","protected":false},"featured_media":137791,"comment_status":"open","ping_status":"closed","template":"","meta":{"_acf_changed":false,"_joinchat":[]},"product_brand":[],"product_cat":[84,122,235,234,85,302,98,1329],"product_tag":[],"class_list":{"0":"post-56472","1":"product","2":"type-product","3":"status-publish","4":"has-post-thumbnail","6":"product_cat-matrizes-de-bordado","7":"product_cat-matrizes-de-bordado-animais","8":"product_cat-girafinha","9":"product_cat-safari","10":"product_cat-apliques","11":"product_cat-matrizes-de-bordado-3d","12":"product_cat-projetos-na-bordadeira-in-the-hoop-embroidery","13":"product_cat-projetos-abas-na-bordadeira","15":"first","16":"instock","17":"downloadable","18":"virtual","19":"sold-individually","20":"purchasable","21":"product-type-simple"},"acf":[],"yoast_head":"<!-- This site is optimized with the Yoast SEO plugin v27.2 - https:\/\/yoast.com\/product\/yoast-seo-wordpress\/ -->\n<title>Matrizes de Bordado e Projetos na Bordadeira - Cole\u00e7\u00e3o Girafinhas Cute - Apliques e TAG&#039;s - \ud835\udc1b\ud835\udc1a\ud835\udc33\ud835\udc1a\ud835\udc2b &amp; \ud835\udc1c\ud835\udc22\ud835\udc1a<\/title>\n<meta name=\"description\" content=\"Please provide a meta description by editing the snippet below. If you don\u2019t, Google will try to find a relevant part of your post to show in the search results.\" \/>\n<meta name=\"robots\" content=\"index, follow, max-snippet:-1, max-image-preview:large, max-video-preview:-1\" \/>\n<link rel=\"canonical\" href=\"https:\/\/shop.bazarcia.com\/en\/product\/matrizes-de-bordado-colecao-girafinhas-cute-matrizes-em-aplique\/\" \/>\n<meta property=\"og:locale\" content=\"en_US\" \/>\n<meta property=\"og:type\" content=\"article\" \/>\n<meta property=\"og:title\" content=\"Matrizes de Bordado e Projetos na Bordadeira - Cole\u00e7\u00e3o Girafinhas Cute - Apliques e TAG&#039;s - \ud835\udc1b\ud835\udc1a\ud835\udc33\ud835\udc1a\ud835\udc2b &amp; \ud835\udc1c\ud835\udc22\ud835\udc1a\" \/>\n<meta property=\"og:description\" content=\"Please provide a meta description by editing the snippet below. If you don\u2019t, Google will try to find a relevant part of your post to show in the search results.\" \/>\n<meta property=\"og:url\" content=\"https:\/\/shop.bazarcia.com\/en\/product\/matrizes-de-bordado-colecao-girafinhas-cute-matrizes-em-aplique\/\" \/>\n<meta property=\"og:site_name\" content=\"\ud835\udc1b\ud835\udc1a\ud835\udc33\ud835\udc1a\ud835\udc2b &amp; \ud835\udc1c\ud835\udc22\ud835\udc1a\" \/>\n<meta property=\"article:publisher\" content=\"https:\/\/www.facebook.com\/shopbazarcia\" \/>\n<meta property=\"article:modified_time\" content=\"2021-11-28T16:42:48+00:00\" \/>\n<meta property=\"og:image\" content=\"https:\/\/shop.bazarcia.com\/wp-content\/uploads\/2021\/11\/Matrizes-de-bordado-girafinhas-projetos-na-bordadeira-tag-caderneta-aplique-3d-1.png\" \/>\n\t<meta property=\"og:image:width\" content=\"1080\" \/>\n\t<meta property=\"og:image:height\" content=\"1080\" \/>\n\t<meta property=\"og:image:type\" content=\"image\/png\" \/>\n<meta name=\"twitter:card\" content=\"summary_large_image\" \/>\n<meta name=\"twitter:label1\" content=\"Est. reading time\" \/>\n\t<meta name=\"twitter:data1\" content=\"1 minute\" \/>\n<script type=\"application\/ld+json\" class=\"yoast-schema-graph\">{\"@context\":\"https:\/\/schema.org\",\"@graph\":[{\"@type\":\"WebPage\",\"@id\":\"https:\/\/shop.bazarcia.com\/produto\/matrizes-de-bordado-colecao-girafinhas-cute-matrizes-em-aplique\/\",\"url\":\"https:\/\/shop.bazarcia.com\/produto\/matrizes-de-bordado-colecao-girafinhas-cute-matrizes-em-aplique\/\",\"name\":\"Matrizes de Bordado e Projetos na Bordadeira - Cole\u00e7\u00e3o Girafinhas Cute - Apliques e TAG's - \ud835\udc1b\ud835\udc1a\ud835\udc33\ud835\udc1a\ud835\udc2b &amp; \ud835\udc1c\ud835\udc22\ud835\udc1a\",\"isPartOf\":{\"@id\":\"https:\/\/shop.bazarcia.com\/#website\"},\"primaryImageOfPage\":{\"@id\":\"https:\/\/shop.bazarcia.com\/produto\/matrizes-de-bordado-colecao-girafinhas-cute-matrizes-em-aplique\/#primaryimage\"},\"image\":{\"@id\":\"https:\/\/shop.bazarcia.com\/produto\/matrizes-de-bordado-colecao-girafinhas-cute-matrizes-em-aplique\/#primaryimage\"},\"thumbnailUrl\":\"https:\/\/shop.bazarcia.com\/wp-content\/uploads\/2021\/11\/Matrizes-de-bordado-girafinhas-projetos-na-bordadeira-tag-caderneta-aplique-3d-1.png\",\"datePublished\":\"2020-10-17T00:10:43+00:00\",\"dateModified\":\"2021-11-28T16:42:48+00:00\",\"description\":\"Please provide a meta description by editing the snippet below. If you don\u2019t, Google will try to find a relevant part of your post to show in the search results.\",\"breadcrumb\":{\"@id\":\"https:\/\/shop.bazarcia.com\/produto\/matrizes-de-bordado-colecao-girafinhas-cute-matrizes-em-aplique\/#breadcrumb\"},\"inLanguage\":\"en-US\",\"potentialAction\":[{\"@type\":\"ReadAction\",\"target\":[\"https:\/\/shop.bazarcia.com\/produto\/matrizes-de-bordado-colecao-girafinhas-cute-matrizes-em-aplique\/\"]}]},{\"@type\":\"ImageObject\",\"inLanguage\":\"en-US\",\"@id\":\"https:\/\/shop.bazarcia.com\/produto\/matrizes-de-bordado-colecao-girafinhas-cute-matrizes-em-aplique\/#primaryimage\",\"url\":\"https:\/\/shop.bazarcia.com\/wp-content\/uploads\/2021\/11\/Matrizes-de-bordado-girafinhas-projetos-na-bordadeira-tag-caderneta-aplique-3d-1.png\",\"contentUrl\":\"https:\/\/shop.bazarcia.com\/wp-content\/uploads\/2021\/11\/Matrizes-de-bordado-girafinhas-projetos-na-bordadeira-tag-caderneta-aplique-3d-1.png\",\"width\":1080,\"height\":1080},{\"@type\":\"BreadcrumbList\",\"@id\":\"https:\/\/shop.bazarcia.com\/produto\/matrizes-de-bordado-colecao-girafinhas-cute-matrizes-em-aplique\/#breadcrumb\",\"itemListElement\":[{\"@type\":\"ListItem\",\"position\":1,\"name\":\"In\u00edcio\",\"item\":\"https:\/\/shop.bazarcia.com\/\"},{\"@type\":\"ListItem\",\"position\":2,\"name\":\"Loja\",\"item\":\"https:\/\/shop.bazarcia.com\/loja\/\"},{\"@type\":\"ListItem\",\"position\":3,\"name\":\"Matrizes de Bordado e Projetos na Bordadeira &#8211; Cole\u00e7\u00e3o Girafinhas Cute &#8211; Apliques e TAG&#8217;s\"}]},{\"@type\":\"WebSite\",\"@id\":\"https:\/\/shop.bazarcia.com\/#website\",\"url\":\"https:\/\/shop.bazarcia.com\/\",\"name\":\"Bazar & Cia\",\"description\":\"criatividade ponto a ponto\",\"publisher\":{\"@id\":\"https:\/\/shop.bazarcia.com\/#organization\"},\"potentialAction\":[{\"@type\":\"SearchAction\",\"target\":{\"@type\":\"EntryPoint\",\"urlTemplate\":\"https:\/\/shop.bazarcia.com\/?s={search_term_string}\"},\"query-input\":{\"@type\":\"PropertyValueSpecification\",\"valueRequired\":true,\"valueName\":\"search_term_string\"}}],\"inLanguage\":\"en-US\"},{\"@type\":\"Organization\",\"@id\":\"https:\/\/shop.bazarcia.com\/#organization\",\"name\":\"Bazar & Cia\",\"url\":\"https:\/\/shop.bazarcia.com\/\",\"logo\":{\"@type\":\"ImageObject\",\"inLanguage\":\"en-US\",\"@id\":\"https:\/\/shop.bazarcia.com\/#\/schema\/logo\/image\/\",\"url\":\"https:\/\/shop.bazarcia.com\/wp-content\/uploads\/2024\/02\/cropped-logo_bazarcia.png\",\"contentUrl\":\"https:\/\/shop.bazarcia.com\/wp-content\/uploads\/2024\/02\/cropped-logo_bazarcia.png\",\"width\":150,\"height\":150,\"caption\":\"Bazar & Cia\"},\"image\":{\"@id\":\"https:\/\/shop.bazarcia.com\/#\/schema\/logo\/image\/\"},\"sameAs\":[\"https:\/\/www.facebook.com\/shopbazarcia\",\"https:\/\/www.instagram.com\/shopbazarcia\",\"https:\/\/br.pinterest.com\/suzane_eloise\/\",\"https:\/\/www.youtube.com\/c\/BazardoBordadoMatrizeseProjetos\"]}]}<\/script>\n<!-- \/ Yoast SEO plugin. -->","yoast_head_json":{"title":"Matrizes de Bordado e Projetos na Bordadeira - Cole\u00e7\u00e3o Girafinhas Cute - Apliques e TAG's - \ud835\udc1b\ud835\udc1a\ud835\udc33\ud835\udc1a\ud835\udc2b &amp; \ud835\udc1c\ud835\udc22\ud835\udc1a","description":"Please provide a meta description by editing the snippet below. If you don\u2019t, Google will try to find a relevant part of your post to show in the search results.","robots":{"index":"index","follow":"follow","max-snippet":"max-snippet:-1","max-image-preview":"max-image-preview:large","max-video-preview":"max-video-preview:-1"},"canonical":"https:\/\/shop.bazarcia.com\/en\/product\/matrizes-de-bordado-colecao-girafinhas-cute-matrizes-em-aplique\/","og_locale":"en_US","og_type":"article","og_title":"Matrizes de Bordado e Projetos na Bordadeira - Cole\u00e7\u00e3o Girafinhas Cute - Apliques e TAG's - \ud835\udc1b\ud835\udc1a\ud835\udc33\ud835\udc1a\ud835\udc2b &amp; \ud835\udc1c\ud835\udc22\ud835\udc1a","og_description":"Please provide a meta description by editing the snippet below. If you don\u2019t, Google will try to find a relevant part of your post to show in the search results.","og_url":"https:\/\/shop.bazarcia.com\/en\/product\/matrizes-de-bordado-colecao-girafinhas-cute-matrizes-em-aplique\/","og_site_name":"\ud835\udc1b\ud835\udc1a\ud835\udc33\ud835\udc1a\ud835\udc2b &amp; \ud835\udc1c\ud835\udc22\ud835\udc1a","article_publisher":"https:\/\/www.facebook.com\/shopbazarcia","article_modified_time":"2021-11-28T16:42:48+00:00","og_image":[{"width":1080,"height":1080,"url":"https:\/\/shop.bazarcia.com\/wp-content\/uploads\/2021\/11\/Matrizes-de-bordado-girafinhas-projetos-na-bordadeira-tag-caderneta-aplique-3d-1.png","type":"image\/png"}],"twitter_card":"summary_large_image","twitter_misc":{"Est. reading time":"1 minute"},"schema":{"@context":"https:\/\/schema.org","@graph":[{"@type":"WebPage","@id":"https:\/\/shop.bazarcia.com\/produto\/matrizes-de-bordado-colecao-girafinhas-cute-matrizes-em-aplique\/","url":"https:\/\/shop.bazarcia.com\/produto\/matrizes-de-bordado-colecao-girafinhas-cute-matrizes-em-aplique\/","name":"Matrizes de Bordado e Projetos na Bordadeira - Cole\u00e7\u00e3o Girafinhas Cute - Apliques e TAG's - \ud835\udc1b\ud835\udc1a\ud835\udc33\ud835\udc1a\ud835\udc2b &amp; \ud835\udc1c\ud835\udc22\ud835\udc1a","isPartOf":{"@id":"https:\/\/shop.bazarcia.com\/#website"},"primaryImageOfPage":{"@id":"https:\/\/shop.bazarcia.com\/produto\/matrizes-de-bordado-colecao-girafinhas-cute-matrizes-em-aplique\/#primaryimage"},"image":{"@id":"https:\/\/shop.bazarcia.com\/produto\/matrizes-de-bordado-colecao-girafinhas-cute-matrizes-em-aplique\/#primaryimage"},"thumbnailUrl":"https:\/\/shop.bazarcia.com\/wp-content\/uploads\/2021\/11\/Matrizes-de-bordado-girafinhas-projetos-na-bordadeira-tag-caderneta-aplique-3d-1.png","datePublished":"2020-10-17T00:10:43+00:00","dateModified":"2021-11-28T16:42:48+00:00","description":"Please provide a meta description by editing the snippet below. If you don\u2019t, Google will try to find a relevant part of your post to show in the search results.","breadcrumb":{"@id":"https:\/\/shop.bazarcia.com\/produto\/matrizes-de-bordado-colecao-girafinhas-cute-matrizes-em-aplique\/#breadcrumb"},"inLanguage":"en-US","potentialAction":[{"@type":"ReadAction","target":["https:\/\/shop.bazarcia.com\/produto\/matrizes-de-bordado-colecao-girafinhas-cute-matrizes-em-aplique\/"]}]},{"@type":"ImageObject","inLanguage":"en-US","@id":"https:\/\/shop.bazarcia.com\/produto\/matrizes-de-bordado-colecao-girafinhas-cute-matrizes-em-aplique\/#primaryimage","url":"https:\/\/shop.bazarcia.com\/wp-content\/uploads\/2021\/11\/Matrizes-de-bordado-girafinhas-projetos-na-bordadeira-tag-caderneta-aplique-3d-1.png","contentUrl":"https:\/\/shop.bazarcia.com\/wp-content\/uploads\/2021\/11\/Matrizes-de-bordado-girafinhas-projetos-na-bordadeira-tag-caderneta-aplique-3d-1.png","width":1080,"height":1080},{"@type":"BreadcrumbList","@id":"https:\/\/shop.bazarcia.com\/produto\/matrizes-de-bordado-colecao-girafinhas-cute-matrizes-em-aplique\/#breadcrumb","itemListElement":[{"@type":"ListItem","position":1,"name":"In\u00edcio","item":"https:\/\/shop.bazarcia.com\/"},{"@type":"ListItem","position":2,"name":"Loja","item":"https:\/\/shop.bazarcia.com\/loja\/"},{"@type":"ListItem","position":3,"name":"Matrizes de Bordado e Projetos na Bordadeira &#8211; Cole\u00e7\u00e3o Girafinhas Cute &#8211; Apliques e TAG&#8217;s"}]},{"@type":"WebSite","@id":"https:\/\/shop.bazarcia.com\/#website","url":"https:\/\/shop.bazarcia.com\/","name":"Bazar & Cia","description":"criatividade ponto a ponto","publisher":{"@id":"https:\/\/shop.bazarcia.com\/#organization"},"potentialAction":[{"@type":"SearchAction","target":{"@type":"EntryPoint","urlTemplate":"https:\/\/shop.bazarcia.com\/?s={search_term_string}"},"query-input":{"@type":"PropertyValueSpecification","valueRequired":true,"valueName":"search_term_string"}}],"inLanguage":"en-US"},{"@type":"Organization","@id":"https:\/\/shop.bazarcia.com\/#organization","name":"Bazar & Cia","url":"https:\/\/shop.bazarcia.com\/","logo":{"@type":"ImageObject","inLanguage":"en-US","@id":"https:\/\/shop.bazarcia.com\/#\/schema\/logo\/image\/","url":"https:\/\/shop.bazarcia.com\/wp-content\/uploads\/2024\/02\/cropped-logo_bazarcia.png","contentUrl":"https:\/\/shop.bazarcia.com\/wp-content\/uploads\/2024\/02\/cropped-logo_bazarcia.png","width":150,"height":150,"caption":"Bazar & Cia"},"image":{"@id":"https:\/\/shop.bazarcia.com\/#\/schema\/logo\/image\/"},"sameAs":["https:\/\/www.facebook.com\/shopbazarcia","https:\/\/www.instagram.com\/shopbazarcia","https:\/\/br.pinterest.com\/suzane_eloise\/","https:\/\/www.youtube.com\/c\/BazardoBordadoMatrizeseProjetos"]}]}},"_links":{"self":[{"href":"https:\/\/shop.bazarcia.com\/en\/wp-json\/wp\/v2\/product\/56472","targetHints":{"allow":["GET"]}}],"collection":[{"href":"https:\/\/shop.bazarcia.com\/en\/wp-json\/wp\/v2\/product"}],"about":[{"href":"https:\/\/shop.bazarcia.com\/en\/wp-json\/wp\/v2\/types\/product"}],"replies":[{"embeddable":true,"href":"https:\/\/shop.bazarcia.com\/en\/wp-json\/wp\/v2\/comments?post=56472"}],"version-history":[{"count":0,"href":"https:\/\/shop.bazarcia.com\/en\/wp-json\/wp\/v2\/product\/56472\/revisions"}],"wp:featuredmedia":[{"embeddable":true,"href":"https:\/\/shop.bazarcia.com\/en\/wp-json\/wp\/v2\/media\/137791"}],"wp:attachment":[{"href":"https:\/\/shop.bazarcia.com\/en\/wp-json\/wp\/v2\/media?parent=56472"}],"wp:term":[{"taxonomy":"product_brand","embeddable":true,"href":"https:\/\/shop.bazarcia.com\/en\/wp-json\/wp\/v2\/product_brand?post=56472"},{"taxonomy":"product_cat","embeddable":true,"href":"https:\/\/shop.bazarcia.com\/en\/wp-json\/wp\/v2\/product_cat?post=56472"},{"taxonomy":"product_tag","embeddable":true,"href":"https:\/\/shop.bazarcia.com\/en\/wp-json\/wp\/v2\/product_tag?post=56472"}],"curies":[{"name":"wp","href":"https:\/\/api.w.org\/{rel}","templated":true}]}}