{"id":56492,"date":"2020-10-16T22:26:15","date_gmt":"2020-10-17T01:26:15","guid":{"rendered":"https:\/\/shop.bazarcia.com\/produto\/matrizes-de-bordado-colecao-completa-girafinha-cute\/"},"modified":"2021-11-28T16:02:49","modified_gmt":"2021-11-28T19:02:49","slug":"matrizes-de-bordado-colecao-completa-girafinha-cute","status":"publish","type":"product","link":"https:\/\/shop.bazarcia.com\/en\/product\/matrizes-de-bordado-colecao-completa-girafinha-cute\/","title":{"rendered":"Matrizes de Bordado e Projetos na Bordadeira &#8211; Cole\u00e7\u00e3o COMPLETA Girafinha Cute [Pr\u00e9 Venda]"},"content":{"rendered":"<p style=\"margin-top: 0px;margin-bottom: 1rem;color: #6c737b;font-family: roboto, sans-serif\"><span style=\"font-weight: bolder\"><span style=\"font-weight: bolder\"><span style=\"font-weight: bolder\">Cole\u00e7\u00e3o Girafinhas Cute<br \/>\n<\/span><br \/>\n<\/span><\/span><\/p>\n<p style=\"margin-top: 0px;margin-bottom: 1rem;color: #6c737b;font-family: roboto, sans-serif\"><span style=\"font-weight: bolder\"><em><span style=\"font-weight: bolder\">Descri\u00e7\u00e3o das Matrizes:<br \/>\n<\/span><\/em>Caso queira adquirir os projetos e matrizes separados, basta clicar no nome deles abaixo:<\/span><\/p>\n<p><span style=\"font-weight: bolder\">\u2661<\/span><em><span style=\"font-weight: bolder\">\u00a0<a style=\"color: #95663c;background-color: transparent\" href=\"https:\/\/shop.bazarcia.com\/en\/product\/matrizes-de-bordado-naninhas-colecao-girafinhas-cute\/\" target=\"_blank\" rel=\"nofollow noopener\">Naninhas<\/a>:<br \/>\n<\/span><\/em>Projeto para bastidores 13&#215;18, 14&#215;14 ou maiores.<br \/>\n<span style=\"font-weight: bolder\">Tutorial em PDF com passo a passo detalhado com fotos.<\/span><\/p>\n<p><span style=\"font-weight: bolder\">\u2661<\/span><em><span style=\"font-weight: bolder\">\u00a0<a style=\"color: #95663c;background-color: transparent\" href=\"https:\/\/shop.bazarcia.com\/en\/product\/matrizes-de-bordado-colecao-girafinhas-cute-apliques-grandes\/\" target=\"_blank\" rel=\"nofollow noopener\">Apliques Grandes em Etapas<\/a>:<br \/>\n<\/span><\/em>13&#215;18, 14&#215;14, 16&#215;26 e 20&#215;20<br \/>\n<span style=\"font-weight: bolder\">Tutorial em PDF com passo a passo detalhado com fotos.<br \/>\n<\/span><br \/>\n<span style=\"font-weight: bolder\">\u2661\u00a0<i style=\"vertical-align: middle\"><a style=\"color: #95663c;background-color: transparent\" href=\"https:\/\/shop.bazarcia.com\/en\/product\/matrizes-de-bordado-colecao-girafinhas-cute-matrizes-em-aplique\/\" target=\"_blank\" rel=\"nofollow noopener\">Apliques, 3D e Tags<\/a><\/i>:<\/span><em><span style=\"font-weight: bolder\"><br \/>\n<\/span><\/em>&#8211; 4 matrizes Tag&#8217;s de rostinhos de girafinhas para bastidores 13&#215;13, 14&#215;14, 16&#215;16 e 20&#215;20.<br \/>\n&#8211; 4 matrizes em apliques e apliques 3D de rostinhos de girafinhas com alturas de 10, 12, 13, 14 (para bastidores a partir de 13&#215;18 e 14&#215;14), 15 (para bastidores a partir de 15&#215;26 e 16&#215;26) e 20 (para bastidores a partir de 16&#215;26 ou 20&#215;20).<br \/>\n&#8211; 1 Tag para nome nos tamanhos: 4&#215;12, 5&#215;15 e 6&#215;18 cm.<br \/>\n&#8211; 1 Chaveirinho no tamanho de 4,2&#215;6,5 cm.<br \/>\n<span style=\"font-weight: bolder\">Tutorial das TAG&#8217;s em PDF com passo a passo detalhado com fotos.<\/span><\/p>\n<p><span style=\"font-weight: bolder\">\u2661\u00a0<i style=\"vertical-align: middle\"><a style=\"color: #95663c;background-color: transparent\" href=\"https:\/\/shop.bazarcia.com\/en\/product\/matrizes-de-bordado-colecao-girafinha-cute-matrizes-rippled\/\" target=\"_blank\" rel=\"nofollow noopener\">Pontos Leves<\/a><\/i>:<\/span><em><span style=\"font-weight: bolder\"><br \/>\n<\/span><\/em>4 matrizes de rostinho de girafinhas com galhos com alturas de 10, 12 e 14 cm.<br \/>\n2 matrizes de girafinhas de corpo inteiro com roupinhas em aplique, com alturas de 13, 14 e 16 cm.<br \/>\n2 matrizes de galhinhos complementares para as matrizes de rostinhos (tamanho proporcional as de rostinho)<br \/>\n1 matriz de barrinha florida em duas etapas para bastidores 13&#215;18<\/p>\n<p style=\"margin-top: 0px;margin-bottom: 1rem;color: #6c737b;font-family: roboto, sans-serif\"><span style=\"font-weight: bolder\"><br \/>\n<span style=\"font-weight: bolder\">\u2661<\/span>\u00a0Este \u00e9 um produto DIGITAL e os arquivos estar\u00e3o dispon\u00edveis para download aqui mesmo em sua conta ap\u00f3s confirma\u00e7\u00e3o do pagamento.<\/span><\/p>\n<p style=\"margin-top: 0px;margin-bottom: 1rem;color: #6c737b;font-family: roboto, sans-serif\"><span style=\"font-weight: bolder\"><span style=\"font-weight: bolder\">\u2661\u00a0<\/span>Os arquivos est\u00e3o em pasta compactada (ZIP), sendo necess\u00e1rio descompact\u00e1-la.<\/span><\/p>\n<p><span style=\"font-weight: bolder\">\u2661<\/span>\u00a0Os mesmos s\u00e3o compat\u00edveis com v\u00e1rios tipos e modelos de m\u00e1quinas, com os seguintes formatos :<br \/>\nPES \u2013 JEF \u2013 EXP \u2013 HUS \u2013 XXX &#8211; DST.<\/p>\n<p style=\"margin-top: 0px;margin-bottom: 1rem;color: #6c737b;font-family: roboto, sans-serif\"><span style=\"font-weight: bolder\"><span style=\"font-weight: bolder\">\u2661\u00a0<\/span>Adquirindo nossas matrizes e projetos voc\u00ea se declara de acordo com nossos\u00a0<a style=\"color: #95663c;background-color: transparent\" href=\"https:\/\/shop.bazarcia.com\/en\/store\/atelie-mamae-coruja\/toc\/\" target=\"_blank\" rel=\"nofollow noopener\">TERMOS E CONDI\u00c7\u00d5ES<\/a><\/span><\/p>\n<p><span style=\"font-weight: bolder;color: #212529;font-family: roboto, sans-serif\">Designer: Val\u00e9ria Ribeiro (Ateli\u00ea Mam\u00e3e Coruja)<\/span><\/p>","protected":false},"excerpt":{"rendered":"<p style=\"margin-top: 0px;margin-bottom: 1rem;color: #6c737b;font-family: roboto, sans-serif\"><span style=\"font-weight: bolder\">Este \u00e9 um PRODUTO DIGITAL destinado a artes\u00e3s e artes\u00e3os \u2665<\/span><\/p>\n<p><span style=\"font-weight: bolder\">\u2661<\/span>\u00a0 Pensa em uma cole\u00e7\u00e3o fofurenta! Por aqui ela ganhou nosso cora\u00e7\u00e3o!<br \/>\nImagina um enxoval todinho dessas lindezas?! Esta cole\u00e7\u00e3o permite\u00a0uma infinidade de possibilidades!<\/p>\n<p><span style=\"font-weight: bolder\">\u2661<\/span>\u00a0Cont\u00e9m matrizes em pontos leves, aplique simples, aplique 3d, tags, chaveirinho, projeto para naninhas (adapt\u00e1vel para almofadinha t\u00e9rmica), apliques grand\u00f5es para projetos maiores como enfeites de porta, enfim&#8230; d\u00e1 para divertir e muito s\u00f4!<\/p>\n<div style=\"color: #212529;font-family: roboto, sans-serif\">\n<p style=\"margin-top: 0px;margin-bottom: 1rem;color: #6c737b\">\n<\/div>\n<div style=\"color: #212529;font-family: roboto, sans-serif\">\n<p style=\"margin-top: 0px;margin-bottom: 1rem;color: #6c737b\">Mais informa\u00e7\u00f5es abaixo!<\/p>\n<\/div>","protected":false},"featured_media":137809,"comment_status":"open","ping_status":"closed","template":"","meta":{"_acf_changed":false,"_joinchat":[]},"product_brand":[],"product_cat":[84,122,235,234,85,280,296,302,312,98,1329,106,1429,213,1548,1621],"product_tag":[],"class_list":{"0":"post-56492","1":"product","2":"type-product","3":"status-publish","4":"has-post-thumbnail","6":"product_cat-matrizes-de-bordado","7":"product_cat-matrizes-de-bordado-animais","8":"product_cat-girafinha","9":"product_cat-safari","10":"product_cat-apliques","11":"product_cat-bailarinas","12":"product_cat-florais","13":"product_cat-matrizes-de-bordado-3d","14":"product_cat-matrizes-pontos-leves","15":"product_cat-projetos-na-bordadeira-in-the-hoop-embroidery","16":"product_cat-projetos-abas-na-bordadeira","17":"product_cat-projeto-chaveiros-e-tags-na-bordadeira","18":"product_cat-enfeite-porta-na-bordadeira-ith","19":"product_cat-projeto-naninhas-na-bordadeira","20":"product_cat-naninhas-na-bordadeira-modelo-enchimento-ith","21":"product_cat-porta-maternidade-na-bordadeira-ith","23":"first","24":"instock","25":"downloadable","26":"virtual","27":"sold-individually","28":"purchasable","29":"product-type-simple"},"acf":[],"yoast_head":"<!-- This site is optimized with the Yoast SEO plugin v27.2 - https:\/\/yoast.com\/product\/yoast-seo-wordpress\/ -->\n<title>Matrizes de Bordado e Projetos na Bordadeira - Cole\u00e7\u00e3o COMPLETA Girafinha Cute [Pr\u00e9 Venda] - \ud835\udc1b\ud835\udc1a\ud835\udc33\ud835\udc1a\ud835\udc2b &amp; \ud835\udc1c\ud835\udc22\ud835\udc1a<\/title>\n<meta name=\"description\" content=\"Please provide a meta description by editing the snippet below. If you don\u2019t, Google will try to find a relevant part of your post to show in the search results.\" \/>\n<meta name=\"robots\" content=\"index, follow, max-snippet:-1, max-image-preview:large, max-video-preview:-1\" \/>\n<link rel=\"canonical\" href=\"https:\/\/shop.bazarcia.com\/en\/product\/matrizes-de-bordado-colecao-completa-girafinha-cute\/\" \/>\n<meta property=\"og:locale\" content=\"en_US\" \/>\n<meta property=\"og:type\" content=\"article\" \/>\n<meta property=\"og:title\" content=\"Matrizes de Bordado e Projetos na Bordadeira - Cole\u00e7\u00e3o COMPLETA Girafinha Cute [Pr\u00e9 Venda] - \ud835\udc1b\ud835\udc1a\ud835\udc33\ud835\udc1a\ud835\udc2b &amp; \ud835\udc1c\ud835\udc22\ud835\udc1a\" \/>\n<meta property=\"og:description\" content=\"Please provide a meta description by editing the snippet below. If you don\u2019t, Google will try to find a relevant part of your post to show in the search results.\" \/>\n<meta property=\"og:url\" content=\"https:\/\/shop.bazarcia.com\/en\/product\/matrizes-de-bordado-colecao-completa-girafinha-cute\/\" \/>\n<meta property=\"og:site_name\" content=\"\ud835\udc1b\ud835\udc1a\ud835\udc33\ud835\udc1a\ud835\udc2b &amp; \ud835\udc1c\ud835\udc22\ud835\udc1a\" \/>\n<meta property=\"article:publisher\" content=\"https:\/\/www.facebook.com\/shopbazarcia\" \/>\n<meta property=\"article:modified_time\" content=\"2021-11-28T19:02:49+00:00\" \/>\n<meta property=\"og:image\" content=\"https:\/\/shop.bazarcia.com\/wp-content\/uploads\/2021\/11\/Divulgacao-Site-768x768.png\" \/>\n\t<meta property=\"og:image:width\" content=\"768\" \/>\n\t<meta property=\"og:image:height\" content=\"768\" \/>\n\t<meta property=\"og:image:type\" content=\"image\/png\" \/>\n<meta name=\"twitter:card\" content=\"summary_large_image\" \/>\n<meta name=\"twitter:label1\" content=\"Est. reading time\" \/>\n\t<meta name=\"twitter:data1\" content=\"1 minute\" \/>\n<script type=\"application\/ld+json\" class=\"yoast-schema-graph\">{\"@context\":\"https:\/\/schema.org\",\"@graph\":[{\"@type\":\"WebPage\",\"@id\":\"https:\/\/shop.bazarcia.com\/produto\/matrizes-de-bordado-colecao-completa-girafinha-cute\/\",\"url\":\"https:\/\/shop.bazarcia.com\/produto\/matrizes-de-bordado-colecao-completa-girafinha-cute\/\",\"name\":\"Matrizes de Bordado e Projetos na Bordadeira - Cole\u00e7\u00e3o COMPLETA Girafinha Cute [Pr\u00e9 Venda] - \ud835\udc1b\ud835\udc1a\ud835\udc33\ud835\udc1a\ud835\udc2b &amp; \ud835\udc1c\ud835\udc22\ud835\udc1a\",\"isPartOf\":{\"@id\":\"https:\/\/shop.bazarcia.com\/#website\"},\"primaryImageOfPage\":{\"@id\":\"https:\/\/shop.bazarcia.com\/produto\/matrizes-de-bordado-colecao-completa-girafinha-cute\/#primaryimage\"},\"image\":{\"@id\":\"https:\/\/shop.bazarcia.com\/produto\/matrizes-de-bordado-colecao-completa-girafinha-cute\/#primaryimage\"},\"thumbnailUrl\":\"https:\/\/shop.bazarcia.com\/wp-content\/uploads\/2021\/11\/Divulgacao-Site.png\",\"datePublished\":\"2020-10-17T01:26:15+00:00\",\"dateModified\":\"2021-11-28T19:02:49+00:00\",\"description\":\"Please provide a meta description by editing the snippet below. If you don\u2019t, Google will try to find a relevant part of your post to show in the search results.\",\"breadcrumb\":{\"@id\":\"https:\/\/shop.bazarcia.com\/produto\/matrizes-de-bordado-colecao-completa-girafinha-cute\/#breadcrumb\"},\"inLanguage\":\"en-US\",\"potentialAction\":[{\"@type\":\"ReadAction\",\"target\":[\"https:\/\/shop.bazarcia.com\/produto\/matrizes-de-bordado-colecao-completa-girafinha-cute\/\"]}]},{\"@type\":\"ImageObject\",\"inLanguage\":\"en-US\",\"@id\":\"https:\/\/shop.bazarcia.com\/produto\/matrizes-de-bordado-colecao-completa-girafinha-cute\/#primaryimage\",\"url\":\"https:\/\/shop.bazarcia.com\/wp-content\/uploads\/2021\/11\/Divulgacao-Site.png\",\"contentUrl\":\"https:\/\/shop.bazarcia.com\/wp-content\/uploads\/2021\/11\/Divulgacao-Site.png\",\"width\":1080,\"height\":1080},{\"@type\":\"BreadcrumbList\",\"@id\":\"https:\/\/shop.bazarcia.com\/produto\/matrizes-de-bordado-colecao-completa-girafinha-cute\/#breadcrumb\",\"itemListElement\":[{\"@type\":\"ListItem\",\"position\":1,\"name\":\"In\u00edcio\",\"item\":\"https:\/\/shop.bazarcia.com\/\"},{\"@type\":\"ListItem\",\"position\":2,\"name\":\"Loja\",\"item\":\"https:\/\/shop.bazarcia.com\/loja\/\"},{\"@type\":\"ListItem\",\"position\":3,\"name\":\"Matrizes de Bordado e Projetos na Bordadeira &#8211; Cole\u00e7\u00e3o COMPLETA Girafinha Cute [Pr\u00e9 Venda]\"}]},{\"@type\":\"WebSite\",\"@id\":\"https:\/\/shop.bazarcia.com\/#website\",\"url\":\"https:\/\/shop.bazarcia.com\/\",\"name\":\"Bazar & Cia\",\"description\":\"criatividade ponto a ponto\",\"publisher\":{\"@id\":\"https:\/\/shop.bazarcia.com\/#organization\"},\"potentialAction\":[{\"@type\":\"SearchAction\",\"target\":{\"@type\":\"EntryPoint\",\"urlTemplate\":\"https:\/\/shop.bazarcia.com\/?s={search_term_string}\"},\"query-input\":{\"@type\":\"PropertyValueSpecification\",\"valueRequired\":true,\"valueName\":\"search_term_string\"}}],\"inLanguage\":\"en-US\"},{\"@type\":\"Organization\",\"@id\":\"https:\/\/shop.bazarcia.com\/#organization\",\"name\":\"Bazar & Cia\",\"url\":\"https:\/\/shop.bazarcia.com\/\",\"logo\":{\"@type\":\"ImageObject\",\"inLanguage\":\"en-US\",\"@id\":\"https:\/\/shop.bazarcia.com\/#\/schema\/logo\/image\/\",\"url\":\"https:\/\/shop.bazarcia.com\/wp-content\/uploads\/2024\/02\/cropped-logo_bazarcia.png\",\"contentUrl\":\"https:\/\/shop.bazarcia.com\/wp-content\/uploads\/2024\/02\/cropped-logo_bazarcia.png\",\"width\":150,\"height\":150,\"caption\":\"Bazar & Cia\"},\"image\":{\"@id\":\"https:\/\/shop.bazarcia.com\/#\/schema\/logo\/image\/\"},\"sameAs\":[\"https:\/\/www.facebook.com\/shopbazarcia\",\"https:\/\/www.instagram.com\/shopbazarcia\",\"https:\/\/br.pinterest.com\/suzane_eloise\/\",\"https:\/\/www.youtube.com\/c\/BazardoBordadoMatrizeseProjetos\"]}]}<\/script>\n<!-- \/ Yoast SEO plugin. -->","yoast_head_json":{"title":"Matrizes de Bordado e Projetos na Bordadeira - Cole\u00e7\u00e3o COMPLETA Girafinha Cute [Pr\u00e9 Venda] - \ud835\udc1b\ud835\udc1a\ud835\udc33\ud835\udc1a\ud835\udc2b &amp; \ud835\udc1c\ud835\udc22\ud835\udc1a","description":"Please provide a meta description by editing the snippet below. If you don\u2019t, Google will try to find a relevant part of your post to show in the search results.","robots":{"index":"index","follow":"follow","max-snippet":"max-snippet:-1","max-image-preview":"max-image-preview:large","max-video-preview":"max-video-preview:-1"},"canonical":"https:\/\/shop.bazarcia.com\/en\/product\/matrizes-de-bordado-colecao-completa-girafinha-cute\/","og_locale":"en_US","og_type":"article","og_title":"Matrizes de Bordado e Projetos na Bordadeira - Cole\u00e7\u00e3o COMPLETA Girafinha Cute [Pr\u00e9 Venda] - \ud835\udc1b\ud835\udc1a\ud835\udc33\ud835\udc1a\ud835\udc2b &amp; \ud835\udc1c\ud835\udc22\ud835\udc1a","og_description":"Please provide a meta description by editing the snippet below. If you don\u2019t, Google will try to find a relevant part of your post to show in the search results.","og_url":"https:\/\/shop.bazarcia.com\/en\/product\/matrizes-de-bordado-colecao-completa-girafinha-cute\/","og_site_name":"\ud835\udc1b\ud835\udc1a\ud835\udc33\ud835\udc1a\ud835\udc2b &amp; \ud835\udc1c\ud835\udc22\ud835\udc1a","article_publisher":"https:\/\/www.facebook.com\/shopbazarcia","article_modified_time":"2021-11-28T19:02:49+00:00","og_image":[{"width":768,"height":768,"url":"https:\/\/shop.bazarcia.com\/wp-content\/uploads\/2021\/11\/Divulgacao-Site-768x768.png","type":"image\/png"}],"twitter_card":"summary_large_image","twitter_misc":{"Est. reading time":"1 minute"},"schema":{"@context":"https:\/\/schema.org","@graph":[{"@type":"WebPage","@id":"https:\/\/shop.bazarcia.com\/produto\/matrizes-de-bordado-colecao-completa-girafinha-cute\/","url":"https:\/\/shop.bazarcia.com\/produto\/matrizes-de-bordado-colecao-completa-girafinha-cute\/","name":"Matrizes de Bordado e Projetos na Bordadeira - Cole\u00e7\u00e3o COMPLETA Girafinha Cute [Pr\u00e9 Venda] - \ud835\udc1b\ud835\udc1a\ud835\udc33\ud835\udc1a\ud835\udc2b &amp; \ud835\udc1c\ud835\udc22\ud835\udc1a","isPartOf":{"@id":"https:\/\/shop.bazarcia.com\/#website"},"primaryImageOfPage":{"@id":"https:\/\/shop.bazarcia.com\/produto\/matrizes-de-bordado-colecao-completa-girafinha-cute\/#primaryimage"},"image":{"@id":"https:\/\/shop.bazarcia.com\/produto\/matrizes-de-bordado-colecao-completa-girafinha-cute\/#primaryimage"},"thumbnailUrl":"https:\/\/shop.bazarcia.com\/wp-content\/uploads\/2021\/11\/Divulgacao-Site.png","datePublished":"2020-10-17T01:26:15+00:00","dateModified":"2021-11-28T19:02:49+00:00","description":"Please provide a meta description by editing the snippet below. If you don\u2019t, Google will try to find a relevant part of your post to show in the search results.","breadcrumb":{"@id":"https:\/\/shop.bazarcia.com\/produto\/matrizes-de-bordado-colecao-completa-girafinha-cute\/#breadcrumb"},"inLanguage":"en-US","potentialAction":[{"@type":"ReadAction","target":["https:\/\/shop.bazarcia.com\/produto\/matrizes-de-bordado-colecao-completa-girafinha-cute\/"]}]},{"@type":"ImageObject","inLanguage":"en-US","@id":"https:\/\/shop.bazarcia.com\/produto\/matrizes-de-bordado-colecao-completa-girafinha-cute\/#primaryimage","url":"https:\/\/shop.bazarcia.com\/wp-content\/uploads\/2021\/11\/Divulgacao-Site.png","contentUrl":"https:\/\/shop.bazarcia.com\/wp-content\/uploads\/2021\/11\/Divulgacao-Site.png","width":1080,"height":1080},{"@type":"BreadcrumbList","@id":"https:\/\/shop.bazarcia.com\/produto\/matrizes-de-bordado-colecao-completa-girafinha-cute\/#breadcrumb","itemListElement":[{"@type":"ListItem","position":1,"name":"In\u00edcio","item":"https:\/\/shop.bazarcia.com\/"},{"@type":"ListItem","position":2,"name":"Loja","item":"https:\/\/shop.bazarcia.com\/loja\/"},{"@type":"ListItem","position":3,"name":"Matrizes de Bordado e Projetos na Bordadeira &#8211; Cole\u00e7\u00e3o COMPLETA Girafinha Cute [Pr\u00e9 Venda]"}]},{"@type":"WebSite","@id":"https:\/\/shop.bazarcia.com\/#website","url":"https:\/\/shop.bazarcia.com\/","name":"Bazar & Cia","description":"criatividade ponto a ponto","publisher":{"@id":"https:\/\/shop.bazarcia.com\/#organization"},"potentialAction":[{"@type":"SearchAction","target":{"@type":"EntryPoint","urlTemplate":"https:\/\/shop.bazarcia.com\/?s={search_term_string}"},"query-input":{"@type":"PropertyValueSpecification","valueRequired":true,"valueName":"search_term_string"}}],"inLanguage":"en-US"},{"@type":"Organization","@id":"https:\/\/shop.bazarcia.com\/#organization","name":"Bazar & Cia","url":"https:\/\/shop.bazarcia.com\/","logo":{"@type":"ImageObject","inLanguage":"en-US","@id":"https:\/\/shop.bazarcia.com\/#\/schema\/logo\/image\/","url":"https:\/\/shop.bazarcia.com\/wp-content\/uploads\/2024\/02\/cropped-logo_bazarcia.png","contentUrl":"https:\/\/shop.bazarcia.com\/wp-content\/uploads\/2024\/02\/cropped-logo_bazarcia.png","width":150,"height":150,"caption":"Bazar & Cia"},"image":{"@id":"https:\/\/shop.bazarcia.com\/#\/schema\/logo\/image\/"},"sameAs":["https:\/\/www.facebook.com\/shopbazarcia","https:\/\/www.instagram.com\/shopbazarcia","https:\/\/br.pinterest.com\/suzane_eloise\/","https:\/\/www.youtube.com\/c\/BazardoBordadoMatrizeseProjetos"]}]}},"_links":{"self":[{"href":"https:\/\/shop.bazarcia.com\/en\/wp-json\/wp\/v2\/product\/56492","targetHints":{"allow":["GET"]}}],"collection":[{"href":"https:\/\/shop.bazarcia.com\/en\/wp-json\/wp\/v2\/product"}],"about":[{"href":"https:\/\/shop.bazarcia.com\/en\/wp-json\/wp\/v2\/types\/product"}],"replies":[{"embeddable":true,"href":"https:\/\/shop.bazarcia.com\/en\/wp-json\/wp\/v2\/comments?post=56492"}],"version-history":[{"count":0,"href":"https:\/\/shop.bazarcia.com\/en\/wp-json\/wp\/v2\/product\/56492\/revisions"}],"wp:featuredmedia":[{"embeddable":true,"href":"https:\/\/shop.bazarcia.com\/en\/wp-json\/wp\/v2\/media\/137809"}],"wp:attachment":[{"href":"https:\/\/shop.bazarcia.com\/en\/wp-json\/wp\/v2\/media?parent=56492"}],"wp:term":[{"taxonomy":"product_brand","embeddable":true,"href":"https:\/\/shop.bazarcia.com\/en\/wp-json\/wp\/v2\/product_brand?post=56492"},{"taxonomy":"product_cat","embeddable":true,"href":"https:\/\/shop.bazarcia.com\/en\/wp-json\/wp\/v2\/product_cat?post=56492"},{"taxonomy":"product_tag","embeddable":true,"href":"https:\/\/shop.bazarcia.com\/en\/wp-json\/wp\/v2\/product_tag?post=56492"}],"curies":[{"name":"wp","href":"https:\/\/api.w.org\/{rel}","templated":true}]}}