{"id":62279,"date":"2020-11-14T10:23:22","date_gmt":"2020-11-14T13:23:22","guid":{"rendered":"https:\/\/shop.bazarcia.com\/produto\/matrizes-de-bordado-e-projetos-na-bordadeira-combo-anjinhos\/"},"modified":"2021-10-15T19:04:45","modified_gmt":"2021-10-15T22:04:45","slug":"matrizes-de-bordado-e-projetos-na-bordadeira-combo-anjinhos","status":"publish","type":"product","link":"https:\/\/shop.bazarcia.com\/en\/product\/matrizes-de-bordado-e-projetos-na-bordadeira-combo-anjinhos\/","title":{"rendered":"Matrizes de Bordado e Projetos na Bordadeira &#8211; Combo Anjinhos"},"content":{"rendered":"<p style=\"margin-top: 0px;margin-bottom: 1rem;color: #6c737b;font-family: roboto, sans-serif\"><span style=\"font-weight: bolder\"><span style=\"font-weight: bolder\"><span style=\"font-weight: bolder\"><span style=\"font-weight: bolder\">Combo Projetos e Matrizes Anjinhos<br \/>\n<\/span><span style=\"font-weight: bolder\"><span style=\"font-weight: bolder\"><span style=\"font-weight: bolder\"><span style=\"font-weight: bolder\"><span style=\"font-weight: bolder\"><span style=\"font-weight: bolder\"><span style=\"font-weight: bolder\"><span style=\"font-weight: bolder\"><i style=\"vertical-align: middle\"><em><span style=\"font-weight: bolder\"><br \/>\nDescri\u00e7\u00e3o das Matrizes:<br \/>\n<\/span><\/em><\/i><\/span><\/span><\/span><\/span><\/span><\/span><\/span><\/span><\/span>Naninhas &#8211; Projeto para bastidores: 13&#215;18 e 14&#215;14 (ou maiores).<br \/>\n<span style=\"font-weight: bolder\">Apliques 3D em Etapas &#8211; Projeto para bastidores: 13&#215;18, 14&#215;14, 15&#215;26, 16&#215;26, 20&#215;20 (ou maiores).<br \/>\n<\/span><span style=\"font-weight: bolder\"><span style=\"font-weight: bolder\">Apliques &#8211;\u00a0<\/span>13&#215;18<br \/>\n<span style=\"font-weight: bolder\">Pontos Leves:<\/span><br \/>\n<span style=\"font-weight: bolder\">\u00a0 \u00a0 Somente anjinha &#8211;<\/span>\u00a07,7 x 10 &#8211; 9,3 x 12 &#8211; 10,8 x 14 e 13 x 16,5<br \/>\n<span style=\"font-weight: bolder\">\u00a0 \u00a0 Somente anjinho &#8211;<\/span>\u00a08 x 10, 10 x 12, 11,4 x 14 e 13 x 15,8<br \/>\n<span style=\"font-weight: bolder\">\u00a0 \u00a0 Anjinha com nuvem &#8211;<\/span>\u00a09 x 10, 10 x 11, 12,6 x 14 e 13 x 14,3<br \/>\n<span style=\"font-weight: bolder\">\u00a0 \u00a0 Anjinho com nuvem &#8211;<\/span>\u00a09 x 10, 10 x 11, 12,7 x 14 e 13 x 14,1<\/span><br \/>\n<\/span><\/span><\/p>\n<p style=\"margin-top: 0px;margin-bottom: 1rem;color: #6c737b;font-family: roboto, sans-serif\"><span style=\"font-weight: bolder\"><u>Acompanha Tutorial em PDF com passo a passo detalhado com fotos.<\/u><\/span><\/p>\n<p style=\"margin-top: 0px;margin-bottom: 1rem;color: #6c737b;font-family: roboto, sans-serif\">Este \u00e9 um produto DIGITAL e os arquivos estar\u00e3o dispon\u00edveis para download aqui mesmo em sua conta ap\u00f3s confirma\u00e7\u00e3o do pagamento.<\/p>\n<p style=\"margin-top: 0px;margin-bottom: 1rem;color: #6c737b;font-family: roboto, sans-serif\">Os arquivos est\u00e3o em pasta compactada (ZIP), sendo necess\u00e1rio descompact\u00e1-la.<br \/>\nOs mesmos s\u00e3o compat\u00edveis com v\u00e1rios tipos e modelos de m\u00e1quinas, com os seguintes formatos :<br \/>\nPES \u2013 JEF \u2013 EXP \u2013 HUS \u2013 XXX &#8211; DST.<\/p>\n<p style=\"margin-top: 0px;margin-bottom: 1rem;color: #6c737b;font-family: roboto, sans-serif\">Adquirindo nossas matrizes e projetos voc\u00ea se declara de acordo com nossos\u00a0<a href=\"https:\/\/shop.bazarcia.com\/en\/store\/atelie-mamae-coruja\/toc\/\">TERMOS E CONDI\u00c7\u00d5ES<\/a>.<\/p>\n<p><span style=\"color: #6c737b;font-family: roboto, sans-serif\">Designer: Anjinho &#8211; Anita (Ni Est\u00fadio Criativo)<\/span><\/p>","protected":false},"excerpt":{"rendered":"<p><strong>Este \u00e9 um produto digital destinado a artes\u00e3s e artes\u00e3os.<\/strong><\/p>\n<p>Anjinhos super fofos em v\u00e1rios estilo de matrizes para enfeites n\u00e3o s\u00f3 de natal como para batizados tamb\u00e9m, bordados leves para fraldas e toalhinhas, apliques comuns, projetos em etapas para confec\u00e7\u00e3o de anjinhos maiores para enfeites de porta ou para aplica\u00e7\u00e3o em projetos maiores e naninhas super fofurentas.<br \/>\nPara mais informa\u00e7\u00f5es sobre as matrizes acesse os links abaixo:<br \/>\n<a href=\"https:\/\/shop.bazarcia.com\/en\/product\/matrizes-de-bordado-naninhas-anjinhos-ith\/\">Naninhas Anjinhos<\/a><br \/>\n<a href=\"https:\/\/shop.bazarcia.com\/en\/product\/matrizes-de-bordado-anjinhos-grandes-ith\/\">Anjinhos &#8211; Projeto em Etapas<\/a><br \/>\n<a href=\"https:\/\/shop.bazarcia.com\/en\/product\/matrizes-de-bordado-anjinhos-apliques-e-pontos-leves-mc\/\">Anjinhos &#8211; Aplique e Rippled<\/a><\/p>\n<p>Veja abaixo mais informa\u00e7\u00f5es!<\/p>","protected":false},"featured_media":125876,"comment_status":"open","ping_status":"closed","template":"","meta":{"_acf_changed":false,"_joinchat":[]},"product_brand":[],"product_cat":[84,85,222,312,366,98,1429,213,1548,1621],"product_tag":[],"class_list":{"0":"post-62279","1":"product","2":"type-product","3":"status-publish","4":"has-post-thumbnail","6":"product_cat-matrizes-de-bordado","7":"product_cat-apliques","8":"product_cat-batizado","9":"product_cat-matrizes-pontos-leves","10":"product_cat-anjinhos","11":"product_cat-projetos-na-bordadeira-in-the-hoop-embroidery","12":"product_cat-enfeite-porta-na-bordadeira-ith","13":"product_cat-projeto-naninhas-na-bordadeira","14":"product_cat-naninhas-na-bordadeira-modelo-enchimento-ith","15":"product_cat-porta-maternidade-na-bordadeira-ith","17":"first","18":"instock","19":"downloadable","20":"virtual","21":"sold-individually","22":"purchasable","23":"product-type-simple"},"acf":[],"yoast_head":"<!-- This site is optimized with the Yoast SEO plugin v27.2 - https:\/\/yoast.com\/product\/yoast-seo-wordpress\/ -->\n<title>Matrizes de Bordado e Projetos na Bordadeira - Combo Anjinhos - \ud835\udc1b\ud835\udc1a\ud835\udc33\ud835\udc1a\ud835\udc2b &amp; \ud835\udc1c\ud835\udc22\ud835\udc1a<\/title>\n<meta name=\"description\" content=\"Please provide a meta description by editing the snippet below. If you don\u2019t, Google will try to find a relevant part of your post to show in the search results.\" \/>\n<meta name=\"robots\" content=\"index, follow, max-snippet:-1, max-image-preview:large, max-video-preview:-1\" \/>\n<link rel=\"canonical\" href=\"https:\/\/shop.bazarcia.com\/en\/product\/matrizes-de-bordado-e-projetos-na-bordadeira-combo-anjinhos\/\" \/>\n<meta property=\"og:locale\" content=\"en_US\" \/>\n<meta property=\"og:type\" content=\"article\" \/>\n<meta property=\"og:title\" content=\"Matrizes de Bordado e Projetos na Bordadeira - Combo Anjinhos - \ud835\udc1b\ud835\udc1a\ud835\udc33\ud835\udc1a\ud835\udc2b &amp; \ud835\udc1c\ud835\udc22\ud835\udc1a\" \/>\n<meta property=\"og:description\" content=\"Please provide a meta description by editing the snippet below. If you don\u2019t, Google will try to find a relevant part of your post to show in the search results.\" \/>\n<meta property=\"og:url\" content=\"https:\/\/shop.bazarcia.com\/en\/product\/matrizes-de-bordado-e-projetos-na-bordadeira-combo-anjinhos\/\" \/>\n<meta property=\"og:site_name\" content=\"\ud835\udc1b\ud835\udc1a\ud835\udc33\ud835\udc1a\ud835\udc2b &amp; \ud835\udc1c\ud835\udc22\ud835\udc1a\" \/>\n<meta property=\"article:publisher\" content=\"https:\/\/www.facebook.com\/shopbazarcia\" \/>\n<meta property=\"article:modified_time\" content=\"2021-10-15T22:04:45+00:00\" \/>\n<meta property=\"og:image\" content=\"https:\/\/shop.bazarcia.com\/wp-content\/uploads\/2021\/10\/Combo-Matrizes-e-Projetos-Anjinhos.jpg\" \/>\n\t<meta property=\"og:image:width\" content=\"1080\" \/>\n\t<meta property=\"og:image:height\" content=\"1080\" \/>\n\t<meta property=\"og:image:type\" content=\"image\/jpeg\" \/>\n<meta name=\"twitter:card\" content=\"summary_large_image\" \/>\n<meta name=\"twitter:label1\" content=\"Est. reading time\" \/>\n\t<meta name=\"twitter:data1\" content=\"1 minute\" \/>\n<script type=\"application\/ld+json\" class=\"yoast-schema-graph\">{\"@context\":\"https:\/\/schema.org\",\"@graph\":[{\"@type\":\"WebPage\",\"@id\":\"https:\/\/shop.bazarcia.com\/produto\/matrizes-de-bordado-e-projetos-na-bordadeira-combo-anjinhos\/\",\"url\":\"https:\/\/shop.bazarcia.com\/produto\/matrizes-de-bordado-e-projetos-na-bordadeira-combo-anjinhos\/\",\"name\":\"Matrizes de Bordado e Projetos na Bordadeira - Combo Anjinhos - \ud835\udc1b\ud835\udc1a\ud835\udc33\ud835\udc1a\ud835\udc2b &amp; \ud835\udc1c\ud835\udc22\ud835\udc1a\",\"isPartOf\":{\"@id\":\"https:\/\/shop.bazarcia.com\/#website\"},\"primaryImageOfPage\":{\"@id\":\"https:\/\/shop.bazarcia.com\/produto\/matrizes-de-bordado-e-projetos-na-bordadeira-combo-anjinhos\/#primaryimage\"},\"image\":{\"@id\":\"https:\/\/shop.bazarcia.com\/produto\/matrizes-de-bordado-e-projetos-na-bordadeira-combo-anjinhos\/#primaryimage\"},\"thumbnailUrl\":\"https:\/\/shop.bazarcia.com\/wp-content\/uploads\/2021\/10\/Combo-Matrizes-e-Projetos-Anjinhos.jpg\",\"datePublished\":\"2020-11-14T13:23:22+00:00\",\"dateModified\":\"2021-10-15T22:04:45+00:00\",\"description\":\"Please provide a meta description by editing the snippet below. If you don\u2019t, Google will try to find a relevant part of your post to show in the search results.\",\"breadcrumb\":{\"@id\":\"https:\/\/shop.bazarcia.com\/produto\/matrizes-de-bordado-e-projetos-na-bordadeira-combo-anjinhos\/#breadcrumb\"},\"inLanguage\":\"en-US\",\"potentialAction\":[{\"@type\":\"ReadAction\",\"target\":[\"https:\/\/shop.bazarcia.com\/produto\/matrizes-de-bordado-e-projetos-na-bordadeira-combo-anjinhos\/\"]}]},{\"@type\":\"ImageObject\",\"inLanguage\":\"en-US\",\"@id\":\"https:\/\/shop.bazarcia.com\/produto\/matrizes-de-bordado-e-projetos-na-bordadeira-combo-anjinhos\/#primaryimage\",\"url\":\"https:\/\/shop.bazarcia.com\/wp-content\/uploads\/2021\/10\/Combo-Matrizes-e-Projetos-Anjinhos.jpg\",\"contentUrl\":\"https:\/\/shop.bazarcia.com\/wp-content\/uploads\/2021\/10\/Combo-Matrizes-e-Projetos-Anjinhos.jpg\",\"width\":1080,\"height\":1080},{\"@type\":\"BreadcrumbList\",\"@id\":\"https:\/\/shop.bazarcia.com\/produto\/matrizes-de-bordado-e-projetos-na-bordadeira-combo-anjinhos\/#breadcrumb\",\"itemListElement\":[{\"@type\":\"ListItem\",\"position\":1,\"name\":\"In\u00edcio\",\"item\":\"https:\/\/shop.bazarcia.com\/\"},{\"@type\":\"ListItem\",\"position\":2,\"name\":\"Loja\",\"item\":\"https:\/\/shop.bazarcia.com\/loja\/\"},{\"@type\":\"ListItem\",\"position\":3,\"name\":\"Matrizes de Bordado e Projetos na Bordadeira &#8211; Combo Anjinhos\"}]},{\"@type\":\"WebSite\",\"@id\":\"https:\/\/shop.bazarcia.com\/#website\",\"url\":\"https:\/\/shop.bazarcia.com\/\",\"name\":\"Bazar & Cia\",\"description\":\"criatividade ponto a ponto\",\"publisher\":{\"@id\":\"https:\/\/shop.bazarcia.com\/#organization\"},\"potentialAction\":[{\"@type\":\"SearchAction\",\"target\":{\"@type\":\"EntryPoint\",\"urlTemplate\":\"https:\/\/shop.bazarcia.com\/?s={search_term_string}\"},\"query-input\":{\"@type\":\"PropertyValueSpecification\",\"valueRequired\":true,\"valueName\":\"search_term_string\"}}],\"inLanguage\":\"en-US\"},{\"@type\":\"Organization\",\"@id\":\"https:\/\/shop.bazarcia.com\/#organization\",\"name\":\"Bazar & Cia\",\"url\":\"https:\/\/shop.bazarcia.com\/\",\"logo\":{\"@type\":\"ImageObject\",\"inLanguage\":\"en-US\",\"@id\":\"https:\/\/shop.bazarcia.com\/#\/schema\/logo\/image\/\",\"url\":\"https:\/\/shop.bazarcia.com\/wp-content\/uploads\/2024\/02\/cropped-logo_bazarcia.png\",\"contentUrl\":\"https:\/\/shop.bazarcia.com\/wp-content\/uploads\/2024\/02\/cropped-logo_bazarcia.png\",\"width\":150,\"height\":150,\"caption\":\"Bazar & Cia\"},\"image\":{\"@id\":\"https:\/\/shop.bazarcia.com\/#\/schema\/logo\/image\/\"},\"sameAs\":[\"https:\/\/www.facebook.com\/shopbazarcia\",\"https:\/\/www.instagram.com\/shopbazarcia\",\"https:\/\/br.pinterest.com\/suzane_eloise\/\",\"https:\/\/www.youtube.com\/c\/BazardoBordadoMatrizeseProjetos\"]}]}<\/script>\n<!-- \/ Yoast SEO plugin. -->","yoast_head_json":{"title":"Matrizes de Bordado e Projetos na Bordadeira - Combo Anjinhos - \ud835\udc1b\ud835\udc1a\ud835\udc33\ud835\udc1a\ud835\udc2b &amp; \ud835\udc1c\ud835\udc22\ud835\udc1a","description":"Please provide a meta description by editing the snippet below. If you don\u2019t, Google will try to find a relevant part of your post to show in the search results.","robots":{"index":"index","follow":"follow","max-snippet":"max-snippet:-1","max-image-preview":"max-image-preview:large","max-video-preview":"max-video-preview:-1"},"canonical":"https:\/\/shop.bazarcia.com\/en\/product\/matrizes-de-bordado-e-projetos-na-bordadeira-combo-anjinhos\/","og_locale":"en_US","og_type":"article","og_title":"Matrizes de Bordado e Projetos na Bordadeira - Combo Anjinhos - \ud835\udc1b\ud835\udc1a\ud835\udc33\ud835\udc1a\ud835\udc2b &amp; \ud835\udc1c\ud835\udc22\ud835\udc1a","og_description":"Please provide a meta description by editing the snippet below. If you don\u2019t, Google will try to find a relevant part of your post to show in the search results.","og_url":"https:\/\/shop.bazarcia.com\/en\/product\/matrizes-de-bordado-e-projetos-na-bordadeira-combo-anjinhos\/","og_site_name":"\ud835\udc1b\ud835\udc1a\ud835\udc33\ud835\udc1a\ud835\udc2b &amp; \ud835\udc1c\ud835\udc22\ud835\udc1a","article_publisher":"https:\/\/www.facebook.com\/shopbazarcia","article_modified_time":"2021-10-15T22:04:45+00:00","og_image":[{"width":1080,"height":1080,"url":"https:\/\/shop.bazarcia.com\/wp-content\/uploads\/2021\/10\/Combo-Matrizes-e-Projetos-Anjinhos.jpg","type":"image\/jpeg"}],"twitter_card":"summary_large_image","twitter_misc":{"Est. reading time":"1 minute"},"schema":{"@context":"https:\/\/schema.org","@graph":[{"@type":"WebPage","@id":"https:\/\/shop.bazarcia.com\/produto\/matrizes-de-bordado-e-projetos-na-bordadeira-combo-anjinhos\/","url":"https:\/\/shop.bazarcia.com\/produto\/matrizes-de-bordado-e-projetos-na-bordadeira-combo-anjinhos\/","name":"Matrizes de Bordado e Projetos na Bordadeira - Combo Anjinhos - \ud835\udc1b\ud835\udc1a\ud835\udc33\ud835\udc1a\ud835\udc2b &amp; \ud835\udc1c\ud835\udc22\ud835\udc1a","isPartOf":{"@id":"https:\/\/shop.bazarcia.com\/#website"},"primaryImageOfPage":{"@id":"https:\/\/shop.bazarcia.com\/produto\/matrizes-de-bordado-e-projetos-na-bordadeira-combo-anjinhos\/#primaryimage"},"image":{"@id":"https:\/\/shop.bazarcia.com\/produto\/matrizes-de-bordado-e-projetos-na-bordadeira-combo-anjinhos\/#primaryimage"},"thumbnailUrl":"https:\/\/shop.bazarcia.com\/wp-content\/uploads\/2021\/10\/Combo-Matrizes-e-Projetos-Anjinhos.jpg","datePublished":"2020-11-14T13:23:22+00:00","dateModified":"2021-10-15T22:04:45+00:00","description":"Please provide a meta description by editing the snippet below. If you don\u2019t, Google will try to find a relevant part of your post to show in the search results.","breadcrumb":{"@id":"https:\/\/shop.bazarcia.com\/produto\/matrizes-de-bordado-e-projetos-na-bordadeira-combo-anjinhos\/#breadcrumb"},"inLanguage":"en-US","potentialAction":[{"@type":"ReadAction","target":["https:\/\/shop.bazarcia.com\/produto\/matrizes-de-bordado-e-projetos-na-bordadeira-combo-anjinhos\/"]}]},{"@type":"ImageObject","inLanguage":"en-US","@id":"https:\/\/shop.bazarcia.com\/produto\/matrizes-de-bordado-e-projetos-na-bordadeira-combo-anjinhos\/#primaryimage","url":"https:\/\/shop.bazarcia.com\/wp-content\/uploads\/2021\/10\/Combo-Matrizes-e-Projetos-Anjinhos.jpg","contentUrl":"https:\/\/shop.bazarcia.com\/wp-content\/uploads\/2021\/10\/Combo-Matrizes-e-Projetos-Anjinhos.jpg","width":1080,"height":1080},{"@type":"BreadcrumbList","@id":"https:\/\/shop.bazarcia.com\/produto\/matrizes-de-bordado-e-projetos-na-bordadeira-combo-anjinhos\/#breadcrumb","itemListElement":[{"@type":"ListItem","position":1,"name":"In\u00edcio","item":"https:\/\/shop.bazarcia.com\/"},{"@type":"ListItem","position":2,"name":"Loja","item":"https:\/\/shop.bazarcia.com\/loja\/"},{"@type":"ListItem","position":3,"name":"Matrizes de Bordado e Projetos na Bordadeira &#8211; Combo Anjinhos"}]},{"@type":"WebSite","@id":"https:\/\/shop.bazarcia.com\/#website","url":"https:\/\/shop.bazarcia.com\/","name":"Bazar & Cia","description":"criatividade ponto a ponto","publisher":{"@id":"https:\/\/shop.bazarcia.com\/#organization"},"potentialAction":[{"@type":"SearchAction","target":{"@type":"EntryPoint","urlTemplate":"https:\/\/shop.bazarcia.com\/?s={search_term_string}"},"query-input":{"@type":"PropertyValueSpecification","valueRequired":true,"valueName":"search_term_string"}}],"inLanguage":"en-US"},{"@type":"Organization","@id":"https:\/\/shop.bazarcia.com\/#organization","name":"Bazar & Cia","url":"https:\/\/shop.bazarcia.com\/","logo":{"@type":"ImageObject","inLanguage":"en-US","@id":"https:\/\/shop.bazarcia.com\/#\/schema\/logo\/image\/","url":"https:\/\/shop.bazarcia.com\/wp-content\/uploads\/2024\/02\/cropped-logo_bazarcia.png","contentUrl":"https:\/\/shop.bazarcia.com\/wp-content\/uploads\/2024\/02\/cropped-logo_bazarcia.png","width":150,"height":150,"caption":"Bazar & Cia"},"image":{"@id":"https:\/\/shop.bazarcia.com\/#\/schema\/logo\/image\/"},"sameAs":["https:\/\/www.facebook.com\/shopbazarcia","https:\/\/www.instagram.com\/shopbazarcia","https:\/\/br.pinterest.com\/suzane_eloise\/","https:\/\/www.youtube.com\/c\/BazardoBordadoMatrizeseProjetos"]}]}},"_links":{"self":[{"href":"https:\/\/shop.bazarcia.com\/en\/wp-json\/wp\/v2\/product\/62279","targetHints":{"allow":["GET"]}}],"collection":[{"href":"https:\/\/shop.bazarcia.com\/en\/wp-json\/wp\/v2\/product"}],"about":[{"href":"https:\/\/shop.bazarcia.com\/en\/wp-json\/wp\/v2\/types\/product"}],"replies":[{"embeddable":true,"href":"https:\/\/shop.bazarcia.com\/en\/wp-json\/wp\/v2\/comments?post=62279"}],"version-history":[{"count":0,"href":"https:\/\/shop.bazarcia.com\/en\/wp-json\/wp\/v2\/product\/62279\/revisions"}],"wp:featuredmedia":[{"embeddable":true,"href":"https:\/\/shop.bazarcia.com\/en\/wp-json\/wp\/v2\/media\/125876"}],"wp:attachment":[{"href":"https:\/\/shop.bazarcia.com\/en\/wp-json\/wp\/v2\/media?parent=62279"}],"wp:term":[{"taxonomy":"product_brand","embeddable":true,"href":"https:\/\/shop.bazarcia.com\/en\/wp-json\/wp\/v2\/product_brand?post=62279"},{"taxonomy":"product_cat","embeddable":true,"href":"https:\/\/shop.bazarcia.com\/en\/wp-json\/wp\/v2\/product_cat?post=62279"},{"taxonomy":"product_tag","embeddable":true,"href":"https:\/\/shop.bazarcia.com\/en\/wp-json\/wp\/v2\/product_tag?post=62279"}],"curies":[{"name":"wp","href":"https:\/\/api.w.org\/{rel}","templated":true}]}}