{"id":63387,"date":"2020-11-19T15:02:42","date_gmt":"2020-11-19T18:02:42","guid":{"rendered":"https:\/\/shop.bazarcia.com\/produto\/matriz-de-bordado-golinhas-para-body-de-bebe\/"},"modified":"2020-11-30T00:00:12","modified_gmt":"2020-11-30T03:00:12","slug":"matriz-de-bordado-golinhas-para-body-de-bebe","status":"publish","type":"product","link":"https:\/\/shop.bazarcia.com\/en\/product\/matriz-de-bordado-golinhas-para-body-de-bebe\/","title":{"rendered":"Matriz de Bordado &#8211; Golinhas para Body de Beb\u00ea"},"content":{"rendered":"<p>Matrizes de Bordado em aplique com o desenho em pontos leves,\u00a0 para confec\u00e7\u00e3o de 10 modelos decorativos de golinhas para Body de Beb\u00ea sendo\u00a0 cada uma delas em tr\u00eas tamanhos P-M-G para baixar imediatamente ap\u00f3s a compra nos formatos:<\/p>\n<p>PES<\/p>\n<p>JEF<\/p>\n<p>XXX<\/p>\n<p>DST<\/p>\n<p>HUS<\/p>\n<p>EXP<\/p>\n<p>Bastidor sugerido\u00a0 13&#215;18\u00a0 14&#215;14\u00a0 14&#215;20<\/p>\n<p>&nbsp;<\/p>\n<p>REF.MDL070840MB<\/p>\n<p>Atribui\u00e7\u00e3o ao Designer: Freepik.com<\/p>\n<table class=\"MsoTableGrid\" style=\"border-collapse: collapse;border: none\" border=\"1\" cellspacing=\"0\" cellpadding=\"0\">\n<tbody>\n<tr>\n<td style=\"width: 106.15pt;border: solid windowtext 1.0pt;padding: 0cm 5.4pt 0cm 5.4pt\" valign=\"top\" width=\"142\">\n<p class=\"MsoNormal\" style=\"margin-bottom: .0001pt;text-align: center;line-height: normal\" align=\"center\"><span style=\"font-weight: 700 !important\">DESCRI\u00c7\u00c3O<\/span><\/p>\n<\/td>\n<td style=\"width: 106.15pt;border: solid windowtext 1.0pt;border-left: none;padding: 0cm 5.4pt 0cm 5.4pt\" valign=\"top\" width=\"142\">\n<p class=\"MsoNormal\" style=\"margin-bottom: .0001pt;text-align: center;line-height: normal\" align=\"center\"><span style=\"font-weight: 700 !important\">TAMANHO (mm)<\/span><\/p>\n<\/td>\n<\/tr>\n<tr>\n<td style=\"width: 106.15pt;border: solid windowtext 1.0pt;border-top: none;padding: 0cm 5.4pt 0cm 5.4pt\" valign=\"top\" width=\"142\">\n<p class=\"MsoNormal\" style=\"margin-bottom: .0001pt;line-height: normal\">Golinha Cora\u00e7\u00e3o<\/p>\n<p class=\"MsoNormal\" style=\"margin-bottom: .0001pt;line-height: normal\">Golinha Coroa<\/p>\n<p class=\"MsoNormal\" style=\"margin-bottom: .0001pt;line-height: normal\">Golinha Decorativa A<\/p>\n<p class=\"MsoNormal\" style=\"margin-bottom: .0001pt;line-height: normal\">Golinha Decorativa B<\/p>\n<p class=\"MsoNormal\" style=\"margin-bottom: .0001pt;line-height: normal\">Golinha Decorativa C<\/p>\n<p class=\"MsoNormal\" style=\"margin-bottom: .0001pt;line-height: normal\">Golinha Estrela<\/p>\n<p class=\"MsoNormal\" style=\"margin-bottom: .0001pt;line-height: normal\">Golinha Florzinha<\/p>\n<p class=\"MsoNormal\" style=\"margin-bottom: .0001pt;line-height: normal\">Golinha Pata<\/p>\n<p class=\"MsoNormal\" style=\"margin-bottom: .0001pt;line-height: normal\">Golinha Ramo \u00a0Flor<\/p>\n<p class=\"MsoNormal\" style=\"margin-bottom: .0001pt;line-height: normal\">Golinha Trio Floral<\/p>\n<p class=\"MsoNormal\" style=\"margin-bottom: .0001pt;line-height: normal\">\n<\/td>\n<td style=\"width: 106.15pt;border-top: none;border-left: none;border-bottom: solid windowtext 1.0pt;border-right: solid windowtext 1.0pt;padding: 0cm 5.4pt 0cm 5.4pt\" valign=\"top\" width=\"142\">\n<p class=\"MsoNormal\" style=\"margin-bottom: .0001pt;line-height: normal\">P \u00a0\u00a0\u00a0\u00a0\u00a098&#215;90<\/p>\n<p class=\"MsoNormal\" style=\"margin-bottom: .0001pt;line-height: normal\">M \u00a0\u00a0\u00a0\u00a0120&#215;111<\/p>\n<p class=\"MsoNormal\" style=\"margin-bottom: .0001pt;line-height: normal\">G \u00a0\u00a0\u00a0\u00a0\u00a0130&#215;121<\/p>\n<\/td>\n<\/tr>\n<tr>\n<td style=\"width: 212.3pt;border: solid windowtext 1.0pt;border-top: none;padding: 0cm 5.4pt 0cm 5.4pt\" colspan=\"2\" valign=\"top\" width=\"283\">\n<p class=\"MsoNormal\" style=\"margin-bottom: .0001pt;line-height: normal\">\u00a0<span style=\"font-family: inherit;font-size: inherit\">DICA:<\/span><span style=\"font-family: inherit;font-size: inherit\">\u00a0<\/span><span style=\"margin: 0px;padding: 0px;border: 0px;vertical-align: baseline;line-height: inherit;font-family: Raleway;font-size: 14px;color: #7a7a7a\">Voc\u00ea pode colocar papel nacarado por baixo dos pontos leves para seu trabalho ganhar brilho<\/span><\/p>\n<\/td>\n<\/tr>\n<\/tbody>\n<\/table>\n<p>&nbsp;<\/p>\n<p style=\"margin: 0px 0px 1rem;padding: 0px;border: 0px;vertical-align: baseline;line-height: inherit;font-family: Raleway;font-size: 14px;color: #7a7a7a\">As matrizes s\u00e3o disponibilizadas em pasta ZIP, voc\u00ea precisar\u00e1 descompact\u00e1-la ap\u00f3s o download.<\/p>\n<p style=\"margin: 0px 0px 1rem;padding: 0px;border: 0px;vertical-align: baseline;line-height: inherit;font-family: Raleway;font-size: 14px;color: #7a7a7a\">Esse download poder\u00e1 ser feito por at\u00e9 99 (noventa e nove) vezes diretamente no site do Bazar do Bordado, em um per\u00edodo m\u00e1ximo de 365 (trezentos e sessenta e cinco dias) a ser contado da data da disponibiliza\u00e7\u00e3o do material. Ap\u00f3s este per\u00edodo, o link ser\u00e1 expirado.<\/p>\n<p style=\"margin: 0px 0px 1rem;padding: 0px;border: 0px;vertical-align: baseline;line-height: inherit;font-family: Raleway;font-size: 14px;color: #7a7a7a\">Por isso, \u00e9 importante que\u00a0 fa\u00e7a o download do conte\u00fado o quanto antes, armazenando no seu compartimento de interesse.<\/p>\n<p style=\"margin: 0px 0px 1rem;padding: 0px;border: 0px;vertical-align: baseline;line-height: inherit;font-family: Raleway;font-size: 14px;color: #7a7a7a\">Compras realizadas atrav\u00e9s de boleto banc\u00e1rio poder\u00e1 levar at\u00e9 dois dias \u00fateis para libera\u00e7\u00e3o das matrizes.<\/p>\n<p>O passo a passo da montagem da Golinha para Body voc\u00ea encontra em nosso canal do youtube Mimos de Lili ou pode acessar o link :<\/p>\n<p><a href=\"https:\/\/www.youtube.com\/watch?v=fUzsYyeNN4o\">https:\/\/www.youtube.com\/watch?v=fUzsYyeNN4o<\/a><\/p>\n<p>&nbsp;<\/p>","protected":false},"excerpt":{"rendered":"<p>Matrizes de Bordado em aplique com o desenho em pontos leves, para confec\u00e7\u00e3o de 10 modelos decorativos de golinhas para Body de Beb\u00ea sendo cada uma delas em tr\u00eas tamanhos P-M-G para baixar imediatamente ap\u00f3s a compra nos formatos:<\/p>\n<p>PES<\/p>\n<p>JEF<\/p>\n<p>XXX<\/p>\n<p>DST<\/p>\n<p>HUS<\/p>\n<p>EXP<\/p>\n<p>Bastidor sugerido\u00a0 13&#215;18 14&#215;14 14&#215;20<\/p>\n<p>Obs: O Bastidor 10&#215;10 somente conseguir\u00e1 fazer o tamanho P das matrizes .<\/p>\n<p>REF.MDL070840MB<\/p>","protected":false},"featured_media":63362,"comment_status":"open","ping_status":"closed","template":"","meta":{"_acf_changed":false,"_joinchat":[]},"product_brand":[],"product_cat":[84,1393],"product_tag":[],"class_list":{"0":"post-63387","1":"product","2":"type-product","3":"status-publish","4":"has-post-thumbnail","6":"product_cat-matrizes-de-bordado","7":"product_cat-matrizes-de-bordado-para-bodys","9":"first","10":"instock","11":"downloadable","12":"virtual","13":"purchasable","14":"product-type-simple"},"acf":[],"yoast_head":"<!-- This site is optimized with the Yoast SEO plugin v27.2 - https:\/\/yoast.com\/product\/yoast-seo-wordpress\/ -->\n<title>Matriz de Bordado - Golinhas para Body de Beb\u00ea - \ud835\udc1b\ud835\udc1a\ud835\udc33\ud835\udc1a\ud835\udc2b &amp; \ud835\udc1c\ud835\udc22\ud835\udc1a<\/title>\n<meta name=\"description\" content=\"Please provide a meta description by editing the snippet below. If you don\u2019t, Google will try to find a relevant part of your post to show in the search results.\" \/>\n<meta name=\"robots\" content=\"index, follow, max-snippet:-1, max-image-preview:large, max-video-preview:-1\" \/>\n<link rel=\"canonical\" href=\"https:\/\/shop.bazarcia.com\/en\/product\/matriz-de-bordado-golinhas-para-body-de-bebe\/\" \/>\n<meta property=\"og:locale\" content=\"en_US\" \/>\n<meta property=\"og:type\" content=\"article\" \/>\n<meta property=\"og:title\" content=\"Matriz de Bordado - Golinhas para Body de Beb\u00ea - \ud835\udc1b\ud835\udc1a\ud835\udc33\ud835\udc1a\ud835\udc2b &amp; \ud835\udc1c\ud835\udc22\ud835\udc1a\" \/>\n<meta property=\"og:description\" content=\"Please provide a meta description by editing the snippet below. If you don\u2019t, Google will try to find a relevant part of your post to show in the search results.\" \/>\n<meta property=\"og:url\" content=\"https:\/\/shop.bazarcia.com\/en\/product\/matriz-de-bordado-golinhas-para-body-de-bebe\/\" \/>\n<meta property=\"og:site_name\" content=\"\ud835\udc1b\ud835\udc1a\ud835\udc33\ud835\udc1a\ud835\udc2b &amp; \ud835\udc1c\ud835\udc22\ud835\udc1a\" \/>\n<meta property=\"article:publisher\" content=\"https:\/\/www.facebook.com\/shopbazarcia\" \/>\n<meta property=\"article:modified_time\" content=\"2020-11-30T03:00:12+00:00\" \/>\n<meta property=\"og:image\" content=\"https:\/\/shop.bazarcia.com\/wp-content\/uploads\/2020\/11\/20201119_142135_0000.png\" \/>\n\t<meta property=\"og:image:width\" content=\"800\" \/>\n\t<meta property=\"og:image:height\" content=\"800\" \/>\n\t<meta property=\"og:image:type\" content=\"image\/png\" \/>\n<meta name=\"twitter:card\" content=\"summary_large_image\" \/>\n<meta name=\"twitter:label1\" content=\"Est. reading time\" \/>\n\t<meta name=\"twitter:data1\" content=\"1 minute\" \/>\n<script type=\"application\/ld+json\" class=\"yoast-schema-graph\">{\"@context\":\"https:\/\/schema.org\",\"@graph\":[{\"@type\":\"WebPage\",\"@id\":\"https:\/\/shop.bazarcia.com\/produto\/matriz-de-bordado-golinhas-para-body-de-bebe\/\",\"url\":\"https:\/\/shop.bazarcia.com\/produto\/matriz-de-bordado-golinhas-para-body-de-bebe\/\",\"name\":\"Matriz de Bordado - Golinhas para Body de Beb\u00ea - \ud835\udc1b\ud835\udc1a\ud835\udc33\ud835\udc1a\ud835\udc2b &amp; \ud835\udc1c\ud835\udc22\ud835\udc1a\",\"isPartOf\":{\"@id\":\"https:\/\/shop.bazarcia.com\/#website\"},\"primaryImageOfPage\":{\"@id\":\"https:\/\/shop.bazarcia.com\/produto\/matriz-de-bordado-golinhas-para-body-de-bebe\/#primaryimage\"},\"image\":{\"@id\":\"https:\/\/shop.bazarcia.com\/produto\/matriz-de-bordado-golinhas-para-body-de-bebe\/#primaryimage\"},\"thumbnailUrl\":\"https:\/\/shop.bazarcia.com\/wp-content\/uploads\/2020\/11\/20201119_142135_0000.png\",\"datePublished\":\"2020-11-19T18:02:42+00:00\",\"dateModified\":\"2020-11-30T03:00:12+00:00\",\"description\":\"Please provide a meta description by editing the snippet below. If you don\u2019t, Google will try to find a relevant part of your post to show in the search results.\",\"breadcrumb\":{\"@id\":\"https:\/\/shop.bazarcia.com\/produto\/matriz-de-bordado-golinhas-para-body-de-bebe\/#breadcrumb\"},\"inLanguage\":\"en-US\",\"potentialAction\":[{\"@type\":\"ReadAction\",\"target\":[\"https:\/\/shop.bazarcia.com\/produto\/matriz-de-bordado-golinhas-para-body-de-bebe\/\"]}]},{\"@type\":\"ImageObject\",\"inLanguage\":\"en-US\",\"@id\":\"https:\/\/shop.bazarcia.com\/produto\/matriz-de-bordado-golinhas-para-body-de-bebe\/#primaryimage\",\"url\":\"https:\/\/shop.bazarcia.com\/wp-content\/uploads\/2020\/11\/20201119_142135_0000.png\",\"contentUrl\":\"https:\/\/shop.bazarcia.com\/wp-content\/uploads\/2020\/11\/20201119_142135_0000.png\",\"width\":800,\"height\":800},{\"@type\":\"BreadcrumbList\",\"@id\":\"https:\/\/shop.bazarcia.com\/produto\/matriz-de-bordado-golinhas-para-body-de-bebe\/#breadcrumb\",\"itemListElement\":[{\"@type\":\"ListItem\",\"position\":1,\"name\":\"In\u00edcio\",\"item\":\"https:\/\/shop.bazarcia.com\/\"},{\"@type\":\"ListItem\",\"position\":2,\"name\":\"Loja\",\"item\":\"https:\/\/shop.bazarcia.com\/loja\/\"},{\"@type\":\"ListItem\",\"position\":3,\"name\":\"Matriz de Bordado &#8211; Golinhas para Body de Beb\u00ea\"}]},{\"@type\":\"WebSite\",\"@id\":\"https:\/\/shop.bazarcia.com\/#website\",\"url\":\"https:\/\/shop.bazarcia.com\/\",\"name\":\"Bazar & Cia\",\"description\":\"criatividade ponto a ponto\",\"publisher\":{\"@id\":\"https:\/\/shop.bazarcia.com\/#organization\"},\"potentialAction\":[{\"@type\":\"SearchAction\",\"target\":{\"@type\":\"EntryPoint\",\"urlTemplate\":\"https:\/\/shop.bazarcia.com\/?s={search_term_string}\"},\"query-input\":{\"@type\":\"PropertyValueSpecification\",\"valueRequired\":true,\"valueName\":\"search_term_string\"}}],\"inLanguage\":\"en-US\"},{\"@type\":\"Organization\",\"@id\":\"https:\/\/shop.bazarcia.com\/#organization\",\"name\":\"Bazar & Cia\",\"url\":\"https:\/\/shop.bazarcia.com\/\",\"logo\":{\"@type\":\"ImageObject\",\"inLanguage\":\"en-US\",\"@id\":\"https:\/\/shop.bazarcia.com\/#\/schema\/logo\/image\/\",\"url\":\"https:\/\/shop.bazarcia.com\/wp-content\/uploads\/2024\/02\/cropped-logo_bazarcia.png\",\"contentUrl\":\"https:\/\/shop.bazarcia.com\/wp-content\/uploads\/2024\/02\/cropped-logo_bazarcia.png\",\"width\":150,\"height\":150,\"caption\":\"Bazar & Cia\"},\"image\":{\"@id\":\"https:\/\/shop.bazarcia.com\/#\/schema\/logo\/image\/\"},\"sameAs\":[\"https:\/\/www.facebook.com\/shopbazarcia\",\"https:\/\/www.instagram.com\/shopbazarcia\",\"https:\/\/br.pinterest.com\/suzane_eloise\/\",\"https:\/\/www.youtube.com\/c\/BazardoBordadoMatrizeseProjetos\"]}]}<\/script>\n<!-- \/ Yoast SEO plugin. -->","yoast_head_json":{"title":"Matriz de Bordado - Golinhas para Body de Beb\u00ea - \ud835\udc1b\ud835\udc1a\ud835\udc33\ud835\udc1a\ud835\udc2b &amp; \ud835\udc1c\ud835\udc22\ud835\udc1a","description":"Please provide a meta description by editing the snippet below. If you don\u2019t, Google will try to find a relevant part of your post to show in the search results.","robots":{"index":"index","follow":"follow","max-snippet":"max-snippet:-1","max-image-preview":"max-image-preview:large","max-video-preview":"max-video-preview:-1"},"canonical":"https:\/\/shop.bazarcia.com\/en\/product\/matriz-de-bordado-golinhas-para-body-de-bebe\/","og_locale":"en_US","og_type":"article","og_title":"Matriz de Bordado - Golinhas para Body de Beb\u00ea - \ud835\udc1b\ud835\udc1a\ud835\udc33\ud835\udc1a\ud835\udc2b &amp; \ud835\udc1c\ud835\udc22\ud835\udc1a","og_description":"Please provide a meta description by editing the snippet below. If you don\u2019t, Google will try to find a relevant part of your post to show in the search results.","og_url":"https:\/\/shop.bazarcia.com\/en\/product\/matriz-de-bordado-golinhas-para-body-de-bebe\/","og_site_name":"\ud835\udc1b\ud835\udc1a\ud835\udc33\ud835\udc1a\ud835\udc2b &amp; \ud835\udc1c\ud835\udc22\ud835\udc1a","article_publisher":"https:\/\/www.facebook.com\/shopbazarcia","article_modified_time":"2020-11-30T03:00:12+00:00","og_image":[{"width":800,"height":800,"url":"https:\/\/shop.bazarcia.com\/wp-content\/uploads\/2020\/11\/20201119_142135_0000.png","type":"image\/png"}],"twitter_card":"summary_large_image","twitter_misc":{"Est. reading time":"1 minute"},"schema":{"@context":"https:\/\/schema.org","@graph":[{"@type":"WebPage","@id":"https:\/\/shop.bazarcia.com\/produto\/matriz-de-bordado-golinhas-para-body-de-bebe\/","url":"https:\/\/shop.bazarcia.com\/produto\/matriz-de-bordado-golinhas-para-body-de-bebe\/","name":"Matriz de Bordado - Golinhas para Body de Beb\u00ea - \ud835\udc1b\ud835\udc1a\ud835\udc33\ud835\udc1a\ud835\udc2b &amp; \ud835\udc1c\ud835\udc22\ud835\udc1a","isPartOf":{"@id":"https:\/\/shop.bazarcia.com\/#website"},"primaryImageOfPage":{"@id":"https:\/\/shop.bazarcia.com\/produto\/matriz-de-bordado-golinhas-para-body-de-bebe\/#primaryimage"},"image":{"@id":"https:\/\/shop.bazarcia.com\/produto\/matriz-de-bordado-golinhas-para-body-de-bebe\/#primaryimage"},"thumbnailUrl":"https:\/\/shop.bazarcia.com\/wp-content\/uploads\/2020\/11\/20201119_142135_0000.png","datePublished":"2020-11-19T18:02:42+00:00","dateModified":"2020-11-30T03:00:12+00:00","description":"Please provide a meta description by editing the snippet below. If you don\u2019t, Google will try to find a relevant part of your post to show in the search results.","breadcrumb":{"@id":"https:\/\/shop.bazarcia.com\/produto\/matriz-de-bordado-golinhas-para-body-de-bebe\/#breadcrumb"},"inLanguage":"en-US","potentialAction":[{"@type":"ReadAction","target":["https:\/\/shop.bazarcia.com\/produto\/matriz-de-bordado-golinhas-para-body-de-bebe\/"]}]},{"@type":"ImageObject","inLanguage":"en-US","@id":"https:\/\/shop.bazarcia.com\/produto\/matriz-de-bordado-golinhas-para-body-de-bebe\/#primaryimage","url":"https:\/\/shop.bazarcia.com\/wp-content\/uploads\/2020\/11\/20201119_142135_0000.png","contentUrl":"https:\/\/shop.bazarcia.com\/wp-content\/uploads\/2020\/11\/20201119_142135_0000.png","width":800,"height":800},{"@type":"BreadcrumbList","@id":"https:\/\/shop.bazarcia.com\/produto\/matriz-de-bordado-golinhas-para-body-de-bebe\/#breadcrumb","itemListElement":[{"@type":"ListItem","position":1,"name":"In\u00edcio","item":"https:\/\/shop.bazarcia.com\/"},{"@type":"ListItem","position":2,"name":"Loja","item":"https:\/\/shop.bazarcia.com\/loja\/"},{"@type":"ListItem","position":3,"name":"Matriz de Bordado &#8211; Golinhas para Body de Beb\u00ea"}]},{"@type":"WebSite","@id":"https:\/\/shop.bazarcia.com\/#website","url":"https:\/\/shop.bazarcia.com\/","name":"Bazar & Cia","description":"criatividade ponto a ponto","publisher":{"@id":"https:\/\/shop.bazarcia.com\/#organization"},"potentialAction":[{"@type":"SearchAction","target":{"@type":"EntryPoint","urlTemplate":"https:\/\/shop.bazarcia.com\/?s={search_term_string}"},"query-input":{"@type":"PropertyValueSpecification","valueRequired":true,"valueName":"search_term_string"}}],"inLanguage":"en-US"},{"@type":"Organization","@id":"https:\/\/shop.bazarcia.com\/#organization","name":"Bazar & Cia","url":"https:\/\/shop.bazarcia.com\/","logo":{"@type":"ImageObject","inLanguage":"en-US","@id":"https:\/\/shop.bazarcia.com\/#\/schema\/logo\/image\/","url":"https:\/\/shop.bazarcia.com\/wp-content\/uploads\/2024\/02\/cropped-logo_bazarcia.png","contentUrl":"https:\/\/shop.bazarcia.com\/wp-content\/uploads\/2024\/02\/cropped-logo_bazarcia.png","width":150,"height":150,"caption":"Bazar & Cia"},"image":{"@id":"https:\/\/shop.bazarcia.com\/#\/schema\/logo\/image\/"},"sameAs":["https:\/\/www.facebook.com\/shopbazarcia","https:\/\/www.instagram.com\/shopbazarcia","https:\/\/br.pinterest.com\/suzane_eloise\/","https:\/\/www.youtube.com\/c\/BazardoBordadoMatrizeseProjetos"]}]}},"_links":{"self":[{"href":"https:\/\/shop.bazarcia.com\/en\/wp-json\/wp\/v2\/product\/63387","targetHints":{"allow":["GET"]}}],"collection":[{"href":"https:\/\/shop.bazarcia.com\/en\/wp-json\/wp\/v2\/product"}],"about":[{"href":"https:\/\/shop.bazarcia.com\/en\/wp-json\/wp\/v2\/types\/product"}],"replies":[{"embeddable":true,"href":"https:\/\/shop.bazarcia.com\/en\/wp-json\/wp\/v2\/comments?post=63387"}],"version-history":[{"count":0,"href":"https:\/\/shop.bazarcia.com\/en\/wp-json\/wp\/v2\/product\/63387\/revisions"}],"wp:featuredmedia":[{"embeddable":true,"href":"https:\/\/shop.bazarcia.com\/en\/wp-json\/wp\/v2\/media\/63362"}],"wp:attachment":[{"href":"https:\/\/shop.bazarcia.com\/en\/wp-json\/wp\/v2\/media?parent=63387"}],"wp:term":[{"taxonomy":"product_brand","embeddable":true,"href":"https:\/\/shop.bazarcia.com\/en\/wp-json\/wp\/v2\/product_brand?post=63387"},{"taxonomy":"product_cat","embeddable":true,"href":"https:\/\/shop.bazarcia.com\/en\/wp-json\/wp\/v2\/product_cat?post=63387"},{"taxonomy":"product_tag","embeddable":true,"href":"https:\/\/shop.bazarcia.com\/en\/wp-json\/wp\/v2\/product_tag?post=63387"}],"curies":[{"name":"wp","href":"https:\/\/api.w.org\/{rel}","templated":true}]}}