{"id":64378,"date":"2020-11-24T17:09:03","date_gmt":"2020-11-24T20:09:03","guid":{"rendered":"https:\/\/shop.bazarcia.com\/produto\/trio-naninhas-amiguinhos-safari\/"},"modified":"2021-03-20T23:19:50","modified_gmt":"2021-03-21T02:19:50","slug":"trio-naninhas-amiguinhos-safari","status":"publish","type":"product","link":"https:\/\/shop.bazarcia.com\/en\/product\/trio-naninhas-amiguinhos-safari\/","title":{"rendered":"Projetos na Bordadeira &#8211; Trio Naninhas Amiguinhos Safari 1 [ITH]"},"content":{"rendered":"<p><span style=\"color: #262626;font-family: -apple-system, BlinkMacSystemFont, 'Segoe UI', Roboto, Helvetica, Arial, sans-serif;font-size: 14px\"><span style=\"color: #6c737b;font-family: roboto, sans-serif;font-size: 16px\">Projetos na Bordadeira Naninhas\u00a0<i style=\"vertical-align: middle\">Trio Amiguinhos Safari 1<\/i><\/span><\/span><\/p>\n<p><span style=\"font-weight: bolder;color: #6c737b;font-family: roboto, sans-serif\"><span style=\"font-weight: bolder\"><i style=\"vertical-align: middle\"><em>Descri\u00e7\u00e3o das Matrizes:<\/em><\/i><\/span><\/span><br style=\"color: #262626;font-family: -apple-system, BlinkMacSystemFont, 'Segoe UI', Roboto, Helvetica, Arial, sans-serif;font-size: 14px\" \/><span style=\"color: #262626;font-family: -apple-system, BlinkMacSystemFont, 'Segoe UI', Roboto, Helvetica, Arial, sans-serif;font-size: 14px\">Projeto para bastidores 13&#215;18, 14&#215;14 ou maiores.<\/span><br style=\"color: #262626;font-family: -apple-system, BlinkMacSystemFont, 'Segoe UI', Roboto, Helvetica, Arial, sans-serif;font-size: 14px\" \/><span style=\"color: #262626;font-family: -apple-system, BlinkMacSystemFont, 'Segoe UI', Roboto, Helvetica, Arial, sans-serif;font-size: 14px\">Acompanha tutorial em PDF com passo a passo detalhado com fotos.<br \/>\n<\/span><\/p>\n<p>Este \u00e9 um produto DIGITAL e os arquivos estar\u00e3o dispon\u00edveis para download aqui mesmo na sua conta no BDB ap\u00f3s confirma\u00e7\u00e3o do pagamento.<\/p>\n<p>Os arquivos est\u00e3o em pasta compactada (ZIP), sendo necess\u00e1rio descompact\u00e1-la.<br \/>\nOs mesmos s\u00e3o compat\u00edveis com v\u00e1rios tipos e modelos de m\u00e1quinas, com os seguintes formatos :<br \/>\nPES \u2013 JEF \u2013 EXP \u2013 HUS \u2013 XXX &#8211; DST.<\/p>\n<p>Adquirindo nossas matrizes e projetos voc\u00ea se declara de acordo com nossos\u00a0<a href=\"https:\/\/shop.bazarcia.com\/en\/store\/atelie-mamae-coruja\/toc\/\">TERMOS E CONDI\u00c7\u00d5ES<\/a><\/p>\n<p><span style=\"color: #6c737b;font-family: roboto, sans-serif;font-weight: bold\">Designer: Carol (Est\u00fadio 812) &#8211; Adapta\u00e7\u00e3o: Val\u00e9ria Ribeiro (Ateli\u00ea Mam\u00e3e Coruja).<\/span><\/p>","protected":false},"excerpt":{"rendered":"<p><span style=\"color: #6c737b;font-family: roboto, sans-serif\">Projetos na Bordadeira Naninhas\u00a0<\/span><i style=\"vertical-align: middle;color: #6c737b;font-family: roboto, sans-serif\">Trio Amiguinhos Safari 1<br \/>\n<strong>Este \u00e9 um produto digital.<\/strong><\/i><\/p>\n<p><span style=\"color: #262626;font-family: -apple-system, BlinkMacSystemFont, 'Segoe UI', Roboto, Helvetica, Arial, sans-serif;font-size: 14px\">Chegaram novos amiguinhos transicionais! 3 casais de bichinhos j\u00e1 conhecidos pela <a href=\"https:\/\/shop.bazarcia.com\/en\/product\/matrizes-de-bordado-safari\/\">COLE\u00c7\u00c3O SAFARI<\/a> do Clube de Matrizes.<\/span><\/p>\n<p style=\"margin-top: 0px;margin-bottom: 1rem;color: #6c737b;font-family: roboto, sans-serif\">Quando um beb\u00ea esta a caminho, nasce no cora\u00e7\u00e3o da mam\u00e3e aquele sonho de arrumar o ninho e deixar tudo pronto para a sua chegada (falo com conhecimento de causa!).<br \/>\nRasgando o verbo, ficamos loucas e com raz\u00e3o pois tudo gira em torno daquele serzinho j\u00e1 t\u00e3o amado.<br \/>\nEnt\u00e3o vem a preocupa\u00e7\u00e3o com o enxoval, cada pe\u00e7a de roupa, cada detalhe \u00e9 escolhido com todo carinho, resumindo, \u00e9 um nicho do mercado muito variado e que provavelmente nunca haver\u00e1 uma demanda escassa, pois como dizem&#8230; &#8220;beb\u00eas nascem todos os dias&#8221;.<\/p>\n<p>Uma pe\u00e7a que vem ganhando espa\u00e7o cada vez mais no cora\u00e7\u00e3o das mam\u00e3es s\u00e3o as naninhas.<br \/>\nAs naninhas s\u00e3o objetos que transmitem seguran\u00e7a para o beb\u00ea em suas fases transicionais, como quando o beb\u00ea come\u00e7a a perceber que ele e a mam\u00e3e n\u00e3o s\u00e3o a mesma pessoa. \u00c9 um objeto conhecido para ele e que o ajuda nessas fases.<\/p>\n<p>E pensando em pe\u00e7as que gostar\u00edamos que nossos filhos tivessem, e tamb\u00e9m em sempre trazer pe\u00e7as e temas que est\u00e3o em alta para que nossas amigas artes\u00e3s tenham bastante procura, criamos diversas naninhas que j\u00e1 s\u00e3o sucesso em muitos ateli\u00eas do Brasil e tamb\u00e9m fora do nosso pa\u00eds, o que nos deixa infinitamente orgulhosas e gratas.<\/p>\n<p>E para complementar esse time, chegou agora um novo trio, os Amiguinhos Safari 1.<br \/>\nMais tr\u00eas casais de bichinhos sendo eles: Hipop\u00f3tamos, Macaquinhos e Tigres &#8211; feitos na bordadeira com fechamento e montagem com pontos invis\u00edveis a m\u00e3o.<br \/>\nE outra novidade \u00e9 que agora nossas naninhas tamb\u00e9m acompanham o corpinho para montagem dos bichinhos, o que possibilita vendas cruzadas.<\/p>\n<p><span style=\"color: #212529;font-family: roboto, sans-serif\">Clique nos nomes abaixo caso queira adquirir apenas um dos casaizinhos:<\/span><\/p>\n<p><a href=\"https:\/\/shop.bazarcia.com\/en\/product\/projetos-na-bordadeira-naninhas-hipopotamos-amiguinhos-safari-ith\/\">Naninhas Hipop\u00f3tamos<\/a><br \/>\n<a href=\"https:\/\/shop.bazarcia.com\/en\/product\/projetos-na-bordadeira-naninhas-macaquinhos-amiguinhos-safari-ith\/\">Naninhas Macaquinhos<\/a><br \/>\n<a href=\"https:\/\/shop.bazarcia.com\/en\/product\/projetos-na-bordadeira-naninhas-tigres-amiguinhos-safari-ith\/\">Naninhas Tigres<\/a><\/p>\n<p><span style=\"color: #6c737b;font-family: roboto, sans-serif\">Confira abaixo todos os detalhes deste projeto, lembrando que qualquer d\u00favida \u00e9 s\u00f3 nos chamar pelo Chat!<\/span><\/p>","protected":false},"featured_media":87567,"comment_status":"open","ping_status":"closed","template":"","meta":{"_acf_changed":false,"_joinchat":[]},"product_brand":[],"product_cat":[236,238,213,1548,98,239],"product_tag":[],"class_list":{"0":"post-64378","1":"product","2":"type-product","3":"status-publish","4":"has-post-thumbnail","6":"product_cat-hipopotamos","7":"product_cat-macaquinhos","8":"product_cat-projeto-naninhas-na-bordadeira","9":"product_cat-naninhas-na-bordadeira-modelo-enchimento-ith","10":"product_cat-projetos-na-bordadeira-in-the-hoop-embroidery","11":"product_cat-tigre","13":"first","14":"instock","15":"sale","16":"downloadable","17":"virtual","18":"sold-individually","19":"purchasable","20":"product-type-simple"},"acf":[],"yoast_head":"<!-- This site is optimized with the Yoast SEO plugin v27.2 - https:\/\/yoast.com\/product\/yoast-seo-wordpress\/ -->\n<title>Projetos na Bordadeira - Trio Naninhas Amiguinhos Safari 1 [ITH] - \ud835\udc1b\ud835\udc1a\ud835\udc33\ud835\udc1a\ud835\udc2b &amp; \ud835\udc1c\ud835\udc22\ud835\udc1a<\/title>\n<meta name=\"description\" content=\"Please provide a meta description by editing the snippet below. If you don\u2019t, Google will try to find a relevant part of your post to show in the search results.\" \/>\n<meta name=\"robots\" content=\"index, follow, max-snippet:-1, max-image-preview:large, max-video-preview:-1\" \/>\n<link rel=\"canonical\" href=\"https:\/\/shop.bazarcia.com\/en\/product\/trio-naninhas-amiguinhos-safari\/\" \/>\n<meta property=\"og:locale\" content=\"en_US\" \/>\n<meta property=\"og:type\" content=\"article\" \/>\n<meta property=\"og:title\" content=\"Projetos na Bordadeira - Trio Naninhas Amiguinhos Safari 1 [ITH] - \ud835\udc1b\ud835\udc1a\ud835\udc33\ud835\udc1a\ud835\udc2b &amp; \ud835\udc1c\ud835\udc22\ud835\udc1a\" \/>\n<meta property=\"og:description\" content=\"Please provide a meta description by editing the snippet below. If you don\u2019t, Google will try to find a relevant part of your post to show in the search results.\" \/>\n<meta property=\"og:url\" content=\"https:\/\/shop.bazarcia.com\/en\/product\/trio-naninhas-amiguinhos-safari\/\" \/>\n<meta property=\"og:site_name\" content=\"\ud835\udc1b\ud835\udc1a\ud835\udc33\ud835\udc1a\ud835\udc2b &amp; \ud835\udc1c\ud835\udc22\ud835\udc1a\" \/>\n<meta property=\"article:publisher\" content=\"https:\/\/www.facebook.com\/shopbazarcia\" \/>\n<meta property=\"article:modified_time\" content=\"2021-03-21T02:19:50+00:00\" \/>\n<meta property=\"og:image\" content=\"https:\/\/shop.bazarcia.com\/wp-content\/uploads\/2021\/03\/Projetos-Naninhas-Trio-Amiguinhos-Safari-1.png\" \/>\n\t<meta property=\"og:image:width\" content=\"1084\" \/>\n\t<meta property=\"og:image:height\" content=\"1084\" \/>\n\t<meta property=\"og:image:type\" content=\"image\/png\" \/>\n<meta name=\"twitter:card\" content=\"summary_large_image\" \/>\n<meta name=\"twitter:label1\" content=\"Est. reading time\" \/>\n\t<meta name=\"twitter:data1\" content=\"1 minute\" \/>\n<script type=\"application\/ld+json\" class=\"yoast-schema-graph\">{\"@context\":\"https:\/\/schema.org\",\"@graph\":[{\"@type\":\"WebPage\",\"@id\":\"https:\/\/shop.bazarcia.com\/produto\/trio-naninhas-amiguinhos-safari\/\",\"url\":\"https:\/\/shop.bazarcia.com\/produto\/trio-naninhas-amiguinhos-safari\/\",\"name\":\"Projetos na Bordadeira - Trio Naninhas Amiguinhos Safari 1 [ITH] - \ud835\udc1b\ud835\udc1a\ud835\udc33\ud835\udc1a\ud835\udc2b &amp; \ud835\udc1c\ud835\udc22\ud835\udc1a\",\"isPartOf\":{\"@id\":\"https:\/\/shop.bazarcia.com\/#website\"},\"primaryImageOfPage\":{\"@id\":\"https:\/\/shop.bazarcia.com\/produto\/trio-naninhas-amiguinhos-safari\/#primaryimage\"},\"image\":{\"@id\":\"https:\/\/shop.bazarcia.com\/produto\/trio-naninhas-amiguinhos-safari\/#primaryimage\"},\"thumbnailUrl\":\"https:\/\/shop.bazarcia.com\/wp-content\/uploads\/2021\/03\/Projetos-Naninhas-Trio-Amiguinhos-Safari-1.png\",\"datePublished\":\"2020-11-24T20:09:03+00:00\",\"dateModified\":\"2021-03-21T02:19:50+00:00\",\"description\":\"Please provide a meta description by editing the snippet below. If you don\u2019t, Google will try to find a relevant part of your post to show in the search results.\",\"breadcrumb\":{\"@id\":\"https:\/\/shop.bazarcia.com\/produto\/trio-naninhas-amiguinhos-safari\/#breadcrumb\"},\"inLanguage\":\"en-US\",\"potentialAction\":[{\"@type\":\"ReadAction\",\"target\":[\"https:\/\/shop.bazarcia.com\/produto\/trio-naninhas-amiguinhos-safari\/\"]}]},{\"@type\":\"ImageObject\",\"inLanguage\":\"en-US\",\"@id\":\"https:\/\/shop.bazarcia.com\/produto\/trio-naninhas-amiguinhos-safari\/#primaryimage\",\"url\":\"https:\/\/shop.bazarcia.com\/wp-content\/uploads\/2021\/03\/Projetos-Naninhas-Trio-Amiguinhos-Safari-1.png\",\"contentUrl\":\"https:\/\/shop.bazarcia.com\/wp-content\/uploads\/2021\/03\/Projetos-Naninhas-Trio-Amiguinhos-Safari-1.png\",\"width\":1084,\"height\":1084},{\"@type\":\"BreadcrumbList\",\"@id\":\"https:\/\/shop.bazarcia.com\/produto\/trio-naninhas-amiguinhos-safari\/#breadcrumb\",\"itemListElement\":[{\"@type\":\"ListItem\",\"position\":1,\"name\":\"In\u00edcio\",\"item\":\"https:\/\/shop.bazarcia.com\/\"},{\"@type\":\"ListItem\",\"position\":2,\"name\":\"Loja\",\"item\":\"https:\/\/shop.bazarcia.com\/loja\/\"},{\"@type\":\"ListItem\",\"position\":3,\"name\":\"Projetos na Bordadeira &#8211; Trio Naninhas Amiguinhos Safari 1 [ITH]\"}]},{\"@type\":\"WebSite\",\"@id\":\"https:\/\/shop.bazarcia.com\/#website\",\"url\":\"https:\/\/shop.bazarcia.com\/\",\"name\":\"Bazar & Cia\",\"description\":\"criatividade ponto a ponto\",\"publisher\":{\"@id\":\"https:\/\/shop.bazarcia.com\/#organization\"},\"potentialAction\":[{\"@type\":\"SearchAction\",\"target\":{\"@type\":\"EntryPoint\",\"urlTemplate\":\"https:\/\/shop.bazarcia.com\/?s={search_term_string}\"},\"query-input\":{\"@type\":\"PropertyValueSpecification\",\"valueRequired\":true,\"valueName\":\"search_term_string\"}}],\"inLanguage\":\"en-US\"},{\"@type\":\"Organization\",\"@id\":\"https:\/\/shop.bazarcia.com\/#organization\",\"name\":\"Bazar & Cia\",\"url\":\"https:\/\/shop.bazarcia.com\/\",\"logo\":{\"@type\":\"ImageObject\",\"inLanguage\":\"en-US\",\"@id\":\"https:\/\/shop.bazarcia.com\/#\/schema\/logo\/image\/\",\"url\":\"https:\/\/shop.bazarcia.com\/wp-content\/uploads\/2024\/02\/cropped-logo_bazarcia.png\",\"contentUrl\":\"https:\/\/shop.bazarcia.com\/wp-content\/uploads\/2024\/02\/cropped-logo_bazarcia.png\",\"width\":150,\"height\":150,\"caption\":\"Bazar & Cia\"},\"image\":{\"@id\":\"https:\/\/shop.bazarcia.com\/#\/schema\/logo\/image\/\"},\"sameAs\":[\"https:\/\/www.facebook.com\/shopbazarcia\",\"https:\/\/www.instagram.com\/shopbazarcia\",\"https:\/\/br.pinterest.com\/suzane_eloise\/\",\"https:\/\/www.youtube.com\/c\/BazardoBordadoMatrizeseProjetos\"]}]}<\/script>\n<!-- \/ Yoast SEO plugin. -->","yoast_head_json":{"title":"Projetos na Bordadeira - Trio Naninhas Amiguinhos Safari 1 [ITH] - \ud835\udc1b\ud835\udc1a\ud835\udc33\ud835\udc1a\ud835\udc2b &amp; \ud835\udc1c\ud835\udc22\ud835\udc1a","description":"Please provide a meta description by editing the snippet below. If you don\u2019t, Google will try to find a relevant part of your post to show in the search results.","robots":{"index":"index","follow":"follow","max-snippet":"max-snippet:-1","max-image-preview":"max-image-preview:large","max-video-preview":"max-video-preview:-1"},"canonical":"https:\/\/shop.bazarcia.com\/en\/product\/trio-naninhas-amiguinhos-safari\/","og_locale":"en_US","og_type":"article","og_title":"Projetos na Bordadeira - Trio Naninhas Amiguinhos Safari 1 [ITH] - \ud835\udc1b\ud835\udc1a\ud835\udc33\ud835\udc1a\ud835\udc2b &amp; \ud835\udc1c\ud835\udc22\ud835\udc1a","og_description":"Please provide a meta description by editing the snippet below. If you don\u2019t, Google will try to find a relevant part of your post to show in the search results.","og_url":"https:\/\/shop.bazarcia.com\/en\/product\/trio-naninhas-amiguinhos-safari\/","og_site_name":"\ud835\udc1b\ud835\udc1a\ud835\udc33\ud835\udc1a\ud835\udc2b &amp; \ud835\udc1c\ud835\udc22\ud835\udc1a","article_publisher":"https:\/\/www.facebook.com\/shopbazarcia","article_modified_time":"2021-03-21T02:19:50+00:00","og_image":[{"width":1084,"height":1084,"url":"https:\/\/shop.bazarcia.com\/wp-content\/uploads\/2021\/03\/Projetos-Naninhas-Trio-Amiguinhos-Safari-1.png","type":"image\/png"}],"twitter_card":"summary_large_image","twitter_misc":{"Est. reading time":"1 minute"},"schema":{"@context":"https:\/\/schema.org","@graph":[{"@type":"WebPage","@id":"https:\/\/shop.bazarcia.com\/produto\/trio-naninhas-amiguinhos-safari\/","url":"https:\/\/shop.bazarcia.com\/produto\/trio-naninhas-amiguinhos-safari\/","name":"Projetos na Bordadeira - Trio Naninhas Amiguinhos Safari 1 [ITH] - \ud835\udc1b\ud835\udc1a\ud835\udc33\ud835\udc1a\ud835\udc2b &amp; \ud835\udc1c\ud835\udc22\ud835\udc1a","isPartOf":{"@id":"https:\/\/shop.bazarcia.com\/#website"},"primaryImageOfPage":{"@id":"https:\/\/shop.bazarcia.com\/produto\/trio-naninhas-amiguinhos-safari\/#primaryimage"},"image":{"@id":"https:\/\/shop.bazarcia.com\/produto\/trio-naninhas-amiguinhos-safari\/#primaryimage"},"thumbnailUrl":"https:\/\/shop.bazarcia.com\/wp-content\/uploads\/2021\/03\/Projetos-Naninhas-Trio-Amiguinhos-Safari-1.png","datePublished":"2020-11-24T20:09:03+00:00","dateModified":"2021-03-21T02:19:50+00:00","description":"Please provide a meta description by editing the snippet below. If you don\u2019t, Google will try to find a relevant part of your post to show in the search results.","breadcrumb":{"@id":"https:\/\/shop.bazarcia.com\/produto\/trio-naninhas-amiguinhos-safari\/#breadcrumb"},"inLanguage":"en-US","potentialAction":[{"@type":"ReadAction","target":["https:\/\/shop.bazarcia.com\/produto\/trio-naninhas-amiguinhos-safari\/"]}]},{"@type":"ImageObject","inLanguage":"en-US","@id":"https:\/\/shop.bazarcia.com\/produto\/trio-naninhas-amiguinhos-safari\/#primaryimage","url":"https:\/\/shop.bazarcia.com\/wp-content\/uploads\/2021\/03\/Projetos-Naninhas-Trio-Amiguinhos-Safari-1.png","contentUrl":"https:\/\/shop.bazarcia.com\/wp-content\/uploads\/2021\/03\/Projetos-Naninhas-Trio-Amiguinhos-Safari-1.png","width":1084,"height":1084},{"@type":"BreadcrumbList","@id":"https:\/\/shop.bazarcia.com\/produto\/trio-naninhas-amiguinhos-safari\/#breadcrumb","itemListElement":[{"@type":"ListItem","position":1,"name":"In\u00edcio","item":"https:\/\/shop.bazarcia.com\/"},{"@type":"ListItem","position":2,"name":"Loja","item":"https:\/\/shop.bazarcia.com\/loja\/"},{"@type":"ListItem","position":3,"name":"Projetos na Bordadeira &#8211; Trio Naninhas Amiguinhos Safari 1 [ITH]"}]},{"@type":"WebSite","@id":"https:\/\/shop.bazarcia.com\/#website","url":"https:\/\/shop.bazarcia.com\/","name":"Bazar & Cia","description":"criatividade ponto a ponto","publisher":{"@id":"https:\/\/shop.bazarcia.com\/#organization"},"potentialAction":[{"@type":"SearchAction","target":{"@type":"EntryPoint","urlTemplate":"https:\/\/shop.bazarcia.com\/?s={search_term_string}"},"query-input":{"@type":"PropertyValueSpecification","valueRequired":true,"valueName":"search_term_string"}}],"inLanguage":"en-US"},{"@type":"Organization","@id":"https:\/\/shop.bazarcia.com\/#organization","name":"Bazar & Cia","url":"https:\/\/shop.bazarcia.com\/","logo":{"@type":"ImageObject","inLanguage":"en-US","@id":"https:\/\/shop.bazarcia.com\/#\/schema\/logo\/image\/","url":"https:\/\/shop.bazarcia.com\/wp-content\/uploads\/2024\/02\/cropped-logo_bazarcia.png","contentUrl":"https:\/\/shop.bazarcia.com\/wp-content\/uploads\/2024\/02\/cropped-logo_bazarcia.png","width":150,"height":150,"caption":"Bazar & Cia"},"image":{"@id":"https:\/\/shop.bazarcia.com\/#\/schema\/logo\/image\/"},"sameAs":["https:\/\/www.facebook.com\/shopbazarcia","https:\/\/www.instagram.com\/shopbazarcia","https:\/\/br.pinterest.com\/suzane_eloise\/","https:\/\/www.youtube.com\/c\/BazardoBordadoMatrizeseProjetos"]}]}},"_links":{"self":[{"href":"https:\/\/shop.bazarcia.com\/en\/wp-json\/wp\/v2\/product\/64378","targetHints":{"allow":["GET"]}}],"collection":[{"href":"https:\/\/shop.bazarcia.com\/en\/wp-json\/wp\/v2\/product"}],"about":[{"href":"https:\/\/shop.bazarcia.com\/en\/wp-json\/wp\/v2\/types\/product"}],"replies":[{"embeddable":true,"href":"https:\/\/shop.bazarcia.com\/en\/wp-json\/wp\/v2\/comments?post=64378"}],"version-history":[{"count":0,"href":"https:\/\/shop.bazarcia.com\/en\/wp-json\/wp\/v2\/product\/64378\/revisions"}],"wp:featuredmedia":[{"embeddable":true,"href":"https:\/\/shop.bazarcia.com\/en\/wp-json\/wp\/v2\/media\/87567"}],"wp:attachment":[{"href":"https:\/\/shop.bazarcia.com\/en\/wp-json\/wp\/v2\/media?parent=64378"}],"wp:term":[{"taxonomy":"product_brand","embeddable":true,"href":"https:\/\/shop.bazarcia.com\/en\/wp-json\/wp\/v2\/product_brand?post=64378"},{"taxonomy":"product_cat","embeddable":true,"href":"https:\/\/shop.bazarcia.com\/en\/wp-json\/wp\/v2\/product_cat?post=64378"},{"taxonomy":"product_tag","embeddable":true,"href":"https:\/\/shop.bazarcia.com\/en\/wp-json\/wp\/v2\/product_tag?post=64378"}],"curies":[{"name":"wp","href":"https:\/\/api.w.org\/{rel}","templated":true}]}}