{"id":64433,"date":"2020-11-24T18:12:26","date_gmt":"2020-11-24T21:12:26","guid":{"rendered":"https:\/\/shop.bazarcia.com\/?post_type=product&#038;p=64433"},"modified":"2020-11-24T18:18:52","modified_gmt":"2020-11-24T21:18:52","slug":"projeto-na-bordadeira-kit-bolsinha-4-mascaras-cordeiro-copia","status":"publish","type":"product","link":"https:\/\/shop.bazarcia.com\/en\/product\/projeto-na-bordadeira-kit-bolsinha-4-mascaras-cordeiro-copia\/","title":{"rendered":"Projeto na Bordadeira &#8211; Kit Bolsinha + 4 M\u00e1scaras Pomba da Paz"},"content":{"rendered":"<p><span style=\"color: #666666;font-family: Quicksand, sans-serif;font-size: 12px\">1 Bolsinha:<\/span><span style=\"color: #666666;font-family: Quicksand, sans-serif;font-size: 12px\">\u00a013.90 cm\u00a0<\/span><span style=\"color: #666666;font-family: Quicksand, sans-serif;font-size: 12px\">largura<\/span><span style=\"color: #666666;font-family: Quicksand, sans-serif;font-size: 12px\">\u00a0&#8211; 17.90 cm\u00a0<\/span><span style=\"color: #666666;font-family: Quicksand, sans-serif;font-size: 12px\">altura<\/span><span style=\"color: #666666;font-family: Quicksand, sans-serif;font-size: 12px\"> Modelo: MASK0527-4<\/span><br style=\"color: #666666;font-family: Quicksand, sans-serif;font-size: 12px\" \/><span style=\"color: #666666;font-family: Quicksand, sans-serif;font-size: 12px\">1 M\u00e1scara Confort:<\/span><span style=\"color: #666666;font-family: Quicksand, sans-serif;font-size: 12px\">\u00a012.50 cm\u00a0<\/span><span style=\"color: #666666;font-family: Quicksand, sans-serif;font-size: 12px\">largura<\/span><span style=\"color: #666666;font-family: Quicksand, sans-serif;font-size: 12px\">\u00a0&#8211; 19.00 cm\u00a0<\/span><span style=\"color: #666666;font-family: Quicksand, sans-serif;font-size: 12px\">altura<\/span><span style=\"color: #666666;font-family: Quicksand, sans-serif;font-size: 12px\"> Modelo: MASK0527-3<\/span><br style=\"color: #666666;font-family: Quicksand, sans-serif;font-size: 12px\" \/><span style=\"color: #666666;font-family: Quicksand, sans-serif;font-size: 12px\">1 M\u00e1scara Anat\u00f4mica:<\/span><span style=\"color: #666666;font-family: Quicksand, sans-serif;font-size: 12px\">\u00a015.60 cm\u00a0<\/span><span style=\"color: #666666;font-family: Quicksand, sans-serif;font-size: 12px\">largura<\/span><span style=\"color: #666666;font-family: Quicksand, sans-serif;font-size: 12px\">\u00a0&#8211; 22.10 cm\u00a0<\/span><span style=\"color: #666666;font-family: Quicksand, sans-serif;font-size: 12px\">altura<\/span><span style=\"color: #666666;font-family: Quicksand, sans-serif;font-size: 12px\"> MASK0527-2<\/span><br style=\"color: #666666;font-family: Quicksand, sans-serif;font-size: 12px\" \/><span style=\"color: #666666;font-family: Quicksand, sans-serif;font-size: 12px\">1 M\u00e1scara 3D:<\/span><span style=\"color: #666666;font-family: Quicksand, sans-serif;font-size: 12px\">\u00a017.40 cm\u00a0<\/span><span style=\"color: #666666;font-family: Quicksand, sans-serif;font-size: 12px\">largura<\/span><span style=\"color: #666666;font-family: Quicksand, sans-serif;font-size: 12px\">\u00a0&#8211; 24.80 cm\u00a0<\/span><span style=\"color: #666666;font-family: Quicksand, sans-serif;font-size: 12px\">altura Modelo: MASK0527-1<\/span><br style=\"color: #666666;font-family: Quicksand, sans-serif;font-size: 12px\" \/><span style=\"color: #666666;font-family: Quicksand, sans-serif;font-size: 12px\">1 M\u00e1scara Anat\u00f4mica:<\/span><span style=\"color: #666666;font-family: Quicksand, sans-serif;font-size: 12px\">\u00a014.50 cm\u00a0<\/span><span style=\"color: #666666;font-family: Quicksand, sans-serif;font-size: 12px\">largura<\/span><span style=\"color: #666666;font-family: Quicksand, sans-serif;font-size: 12px\">\u00a0&#8211; 20.50 cm\u00a0<\/span><span style=\"color: #666666;font-family: Quicksand, sans-serif;font-size: 12px\">altura MASK0527-5<\/span><\/p>\n<p><span style=\"color: #666666;font-family: Quicksand, sans-serif\"><span style=\"font-size: 12px\">Os arquivos contem os seguintes formatos:<\/span><\/span><\/p>\n<p>DST * EXP * HUS * JEF * VP3 * XXX * PCS * PES *SEW<\/p>","protected":false},"excerpt":{"rendered":"<p>Projeto com 5 matrizes para bordar, 4 modelos de m\u00e1scaras e 1 bolsinha<\/p>\n<p>===== ATEN\u00c7\u00c3O ESTE \u00c9 UM ARQUIVO DIGITAL, N\u00c3O \u00c9 UM PRODUTO PRONTO ====<br \/>\n\u00c9 necess\u00e1rio ter uma m\u00e1quina de bordar para usar esse arquivo.<\/p>","protected":false},"featured_media":64435,"comment_status":"open","ping_status":"closed","template":"","meta":{"_acf_changed":false,"_joinchat":[]},"product_brand":[],"product_cat":[98,1387,1442],"product_tag":[1090],"class_list":{"0":"post-64433","1":"product","2":"type-product","3":"status-publish","4":"has-post-thumbnail","6":"product_cat-projetos-na-bordadeira-in-the-hoop-embroidery","7":"product_cat-projetos-para-bastidores-18x30","8":"product_cat-projetos-para-bastidores-20x30-ith","9":"product_tag-maquina-de-bordar","11":"first","12":"instock","13":"downloadable","14":"virtual","15":"purchasable","16":"product-type-simple"},"acf":[],"yoast_head":"<!-- This site is optimized with the Yoast SEO plugin v27.2 - https:\/\/yoast.com\/product\/yoast-seo-wordpress\/ -->\n<title>Projeto na Bordadeira - Kit Bolsinha + 4 M\u00e1scaras Pomba da Paz - \ud835\udc1b\ud835\udc1a\ud835\udc33\ud835\udc1a\ud835\udc2b &amp; \ud835\udc1c\ud835\udc22\ud835\udc1a<\/title>\n<meta name=\"description\" content=\"Please provide a meta description by editing the snippet below. If you don\u2019t, Google will try to find a relevant part of your post to show in the search results.\" \/>\n<meta name=\"robots\" content=\"index, follow, max-snippet:-1, max-image-preview:large, max-video-preview:-1\" \/>\n<link rel=\"canonical\" href=\"https:\/\/shop.bazarcia.com\/en\/product\/projeto-na-bordadeira-kit-bolsinha-4-mascaras-cordeiro-copia\/\" \/>\n<meta property=\"og:locale\" content=\"en_US\" \/>\n<meta property=\"og:type\" content=\"article\" \/>\n<meta property=\"og:title\" content=\"Projeto na Bordadeira - Kit Bolsinha + 4 M\u00e1scaras Pomba da Paz - \ud835\udc1b\ud835\udc1a\ud835\udc33\ud835\udc1a\ud835\udc2b &amp; \ud835\udc1c\ud835\udc22\ud835\udc1a\" \/>\n<meta property=\"og:description\" content=\"Please provide a meta description by editing the snippet below. If you don\u2019t, Google will try to find a relevant part of your post to show in the search results.\" \/>\n<meta property=\"og:url\" content=\"https:\/\/shop.bazarcia.com\/en\/product\/projeto-na-bordadeira-kit-bolsinha-4-mascaras-cordeiro-copia\/\" \/>\n<meta property=\"og:site_name\" content=\"\ud835\udc1b\ud835\udc1a\ud835\udc33\ud835\udc1a\ud835\udc2b &amp; \ud835\udc1c\ud835\udc22\ud835\udc1a\" \/>\n<meta property=\"article:publisher\" content=\"https:\/\/www.facebook.com\/shopbazarcia\" \/>\n<meta property=\"article:modified_time\" content=\"2020-11-24T21:18:52+00:00\" \/>\n<meta property=\"og:image\" content=\"https:\/\/shop.bazarcia.com\/wp-content\/uploads\/2020\/11\/MASK0527.jpg\" \/>\n\t<meta property=\"og:image:width\" content=\"600\" \/>\n\t<meta property=\"og:image:height\" content=\"600\" \/>\n\t<meta property=\"og:image:type\" content=\"image\/jpeg\" \/>\n<meta name=\"twitter:card\" content=\"summary_large_image\" \/>\n<script type=\"application\/ld+json\" class=\"yoast-schema-graph\">{\"@context\":\"https:\/\/schema.org\",\"@graph\":[{\"@type\":\"WebPage\",\"@id\":\"https:\/\/shop.bazarcia.com\/produto\/projeto-na-bordadeira-kit-bolsinha-4-mascaras-cordeiro-copia\/\",\"url\":\"https:\/\/shop.bazarcia.com\/produto\/projeto-na-bordadeira-kit-bolsinha-4-mascaras-cordeiro-copia\/\",\"name\":\"Projeto na Bordadeira - Kit Bolsinha + 4 M\u00e1scaras Pomba da Paz - \ud835\udc1b\ud835\udc1a\ud835\udc33\ud835\udc1a\ud835\udc2b &amp; \ud835\udc1c\ud835\udc22\ud835\udc1a\",\"isPartOf\":{\"@id\":\"https:\/\/shop.bazarcia.com\/#website\"},\"primaryImageOfPage\":{\"@id\":\"https:\/\/shop.bazarcia.com\/produto\/projeto-na-bordadeira-kit-bolsinha-4-mascaras-cordeiro-copia\/#primaryimage\"},\"image\":{\"@id\":\"https:\/\/shop.bazarcia.com\/produto\/projeto-na-bordadeira-kit-bolsinha-4-mascaras-cordeiro-copia\/#primaryimage\"},\"thumbnailUrl\":\"https:\/\/shop.bazarcia.com\/wp-content\/uploads\/2020\/11\/MASK0527.jpg\",\"datePublished\":\"2020-11-24T21:12:26+00:00\",\"dateModified\":\"2020-11-24T21:18:52+00:00\",\"description\":\"Please provide a meta description by editing the snippet below. If you don\u2019t, Google will try to find a relevant part of your post to show in the search results.\",\"breadcrumb\":{\"@id\":\"https:\/\/shop.bazarcia.com\/produto\/projeto-na-bordadeira-kit-bolsinha-4-mascaras-cordeiro-copia\/#breadcrumb\"},\"inLanguage\":\"en-US\",\"potentialAction\":[{\"@type\":\"ReadAction\",\"target\":[\"https:\/\/shop.bazarcia.com\/produto\/projeto-na-bordadeira-kit-bolsinha-4-mascaras-cordeiro-copia\/\"]}]},{\"@type\":\"ImageObject\",\"inLanguage\":\"en-US\",\"@id\":\"https:\/\/shop.bazarcia.com\/produto\/projeto-na-bordadeira-kit-bolsinha-4-mascaras-cordeiro-copia\/#primaryimage\",\"url\":\"https:\/\/shop.bazarcia.com\/wp-content\/uploads\/2020\/11\/MASK0527.jpg\",\"contentUrl\":\"https:\/\/shop.bazarcia.com\/wp-content\/uploads\/2020\/11\/MASK0527.jpg\",\"width\":600,\"height\":600},{\"@type\":\"BreadcrumbList\",\"@id\":\"https:\/\/shop.bazarcia.com\/produto\/projeto-na-bordadeira-kit-bolsinha-4-mascaras-cordeiro-copia\/#breadcrumb\",\"itemListElement\":[{\"@type\":\"ListItem\",\"position\":1,\"name\":\"In\u00edcio\",\"item\":\"https:\/\/shop.bazarcia.com\/\"},{\"@type\":\"ListItem\",\"position\":2,\"name\":\"Loja\",\"item\":\"https:\/\/shop.bazarcia.com\/loja\/\"},{\"@type\":\"ListItem\",\"position\":3,\"name\":\"Projeto na Bordadeira &#8211; Kit Bolsinha + 4 M\u00e1scaras Pomba da Paz\"}]},{\"@type\":\"WebSite\",\"@id\":\"https:\/\/shop.bazarcia.com\/#website\",\"url\":\"https:\/\/shop.bazarcia.com\/\",\"name\":\"Bazar & Cia\",\"description\":\"criatividade ponto a ponto\",\"publisher\":{\"@id\":\"https:\/\/shop.bazarcia.com\/#organization\"},\"potentialAction\":[{\"@type\":\"SearchAction\",\"target\":{\"@type\":\"EntryPoint\",\"urlTemplate\":\"https:\/\/shop.bazarcia.com\/?s={search_term_string}\"},\"query-input\":{\"@type\":\"PropertyValueSpecification\",\"valueRequired\":true,\"valueName\":\"search_term_string\"}}],\"inLanguage\":\"en-US\"},{\"@type\":\"Organization\",\"@id\":\"https:\/\/shop.bazarcia.com\/#organization\",\"name\":\"Bazar & Cia\",\"url\":\"https:\/\/shop.bazarcia.com\/\",\"logo\":{\"@type\":\"ImageObject\",\"inLanguage\":\"en-US\",\"@id\":\"https:\/\/shop.bazarcia.com\/#\/schema\/logo\/image\/\",\"url\":\"https:\/\/shop.bazarcia.com\/wp-content\/uploads\/2024\/02\/cropped-logo_bazarcia.png\",\"contentUrl\":\"https:\/\/shop.bazarcia.com\/wp-content\/uploads\/2024\/02\/cropped-logo_bazarcia.png\",\"width\":150,\"height\":150,\"caption\":\"Bazar & Cia\"},\"image\":{\"@id\":\"https:\/\/shop.bazarcia.com\/#\/schema\/logo\/image\/\"},\"sameAs\":[\"https:\/\/www.facebook.com\/shopbazarcia\",\"https:\/\/www.instagram.com\/shopbazarcia\",\"https:\/\/br.pinterest.com\/suzane_eloise\/\",\"https:\/\/www.youtube.com\/c\/BazardoBordadoMatrizeseProjetos\"]}]}<\/script>\n<!-- \/ Yoast SEO plugin. -->","yoast_head_json":{"title":"Projeto na Bordadeira - Kit Bolsinha + 4 M\u00e1scaras Pomba da Paz - \ud835\udc1b\ud835\udc1a\ud835\udc33\ud835\udc1a\ud835\udc2b &amp; \ud835\udc1c\ud835\udc22\ud835\udc1a","description":"Please provide a meta description by editing the snippet below. If you don\u2019t, Google will try to find a relevant part of your post to show in the search results.","robots":{"index":"index","follow":"follow","max-snippet":"max-snippet:-1","max-image-preview":"max-image-preview:large","max-video-preview":"max-video-preview:-1"},"canonical":"https:\/\/shop.bazarcia.com\/en\/product\/projeto-na-bordadeira-kit-bolsinha-4-mascaras-cordeiro-copia\/","og_locale":"en_US","og_type":"article","og_title":"Projeto na Bordadeira - Kit Bolsinha + 4 M\u00e1scaras Pomba da Paz - \ud835\udc1b\ud835\udc1a\ud835\udc33\ud835\udc1a\ud835\udc2b &amp; \ud835\udc1c\ud835\udc22\ud835\udc1a","og_description":"Please provide a meta description by editing the snippet below. If you don\u2019t, Google will try to find a relevant part of your post to show in the search results.","og_url":"https:\/\/shop.bazarcia.com\/en\/product\/projeto-na-bordadeira-kit-bolsinha-4-mascaras-cordeiro-copia\/","og_site_name":"\ud835\udc1b\ud835\udc1a\ud835\udc33\ud835\udc1a\ud835\udc2b &amp; \ud835\udc1c\ud835\udc22\ud835\udc1a","article_publisher":"https:\/\/www.facebook.com\/shopbazarcia","article_modified_time":"2020-11-24T21:18:52+00:00","og_image":[{"width":600,"height":600,"url":"https:\/\/shop.bazarcia.com\/wp-content\/uploads\/2020\/11\/MASK0527.jpg","type":"image\/jpeg"}],"twitter_card":"summary_large_image","schema":{"@context":"https:\/\/schema.org","@graph":[{"@type":"WebPage","@id":"https:\/\/shop.bazarcia.com\/produto\/projeto-na-bordadeira-kit-bolsinha-4-mascaras-cordeiro-copia\/","url":"https:\/\/shop.bazarcia.com\/produto\/projeto-na-bordadeira-kit-bolsinha-4-mascaras-cordeiro-copia\/","name":"Projeto na Bordadeira - Kit Bolsinha + 4 M\u00e1scaras Pomba da Paz - \ud835\udc1b\ud835\udc1a\ud835\udc33\ud835\udc1a\ud835\udc2b &amp; \ud835\udc1c\ud835\udc22\ud835\udc1a","isPartOf":{"@id":"https:\/\/shop.bazarcia.com\/#website"},"primaryImageOfPage":{"@id":"https:\/\/shop.bazarcia.com\/produto\/projeto-na-bordadeira-kit-bolsinha-4-mascaras-cordeiro-copia\/#primaryimage"},"image":{"@id":"https:\/\/shop.bazarcia.com\/produto\/projeto-na-bordadeira-kit-bolsinha-4-mascaras-cordeiro-copia\/#primaryimage"},"thumbnailUrl":"https:\/\/shop.bazarcia.com\/wp-content\/uploads\/2020\/11\/MASK0527.jpg","datePublished":"2020-11-24T21:12:26+00:00","dateModified":"2020-11-24T21:18:52+00:00","description":"Please provide a meta description by editing the snippet below. If you don\u2019t, Google will try to find a relevant part of your post to show in the search results.","breadcrumb":{"@id":"https:\/\/shop.bazarcia.com\/produto\/projeto-na-bordadeira-kit-bolsinha-4-mascaras-cordeiro-copia\/#breadcrumb"},"inLanguage":"en-US","potentialAction":[{"@type":"ReadAction","target":["https:\/\/shop.bazarcia.com\/produto\/projeto-na-bordadeira-kit-bolsinha-4-mascaras-cordeiro-copia\/"]}]},{"@type":"ImageObject","inLanguage":"en-US","@id":"https:\/\/shop.bazarcia.com\/produto\/projeto-na-bordadeira-kit-bolsinha-4-mascaras-cordeiro-copia\/#primaryimage","url":"https:\/\/shop.bazarcia.com\/wp-content\/uploads\/2020\/11\/MASK0527.jpg","contentUrl":"https:\/\/shop.bazarcia.com\/wp-content\/uploads\/2020\/11\/MASK0527.jpg","width":600,"height":600},{"@type":"BreadcrumbList","@id":"https:\/\/shop.bazarcia.com\/produto\/projeto-na-bordadeira-kit-bolsinha-4-mascaras-cordeiro-copia\/#breadcrumb","itemListElement":[{"@type":"ListItem","position":1,"name":"In\u00edcio","item":"https:\/\/shop.bazarcia.com\/"},{"@type":"ListItem","position":2,"name":"Loja","item":"https:\/\/shop.bazarcia.com\/loja\/"},{"@type":"ListItem","position":3,"name":"Projeto na Bordadeira &#8211; Kit Bolsinha + 4 M\u00e1scaras Pomba da Paz"}]},{"@type":"WebSite","@id":"https:\/\/shop.bazarcia.com\/#website","url":"https:\/\/shop.bazarcia.com\/","name":"Bazar & Cia","description":"criatividade ponto a ponto","publisher":{"@id":"https:\/\/shop.bazarcia.com\/#organization"},"potentialAction":[{"@type":"SearchAction","target":{"@type":"EntryPoint","urlTemplate":"https:\/\/shop.bazarcia.com\/?s={search_term_string}"},"query-input":{"@type":"PropertyValueSpecification","valueRequired":true,"valueName":"search_term_string"}}],"inLanguage":"en-US"},{"@type":"Organization","@id":"https:\/\/shop.bazarcia.com\/#organization","name":"Bazar & Cia","url":"https:\/\/shop.bazarcia.com\/","logo":{"@type":"ImageObject","inLanguage":"en-US","@id":"https:\/\/shop.bazarcia.com\/#\/schema\/logo\/image\/","url":"https:\/\/shop.bazarcia.com\/wp-content\/uploads\/2024\/02\/cropped-logo_bazarcia.png","contentUrl":"https:\/\/shop.bazarcia.com\/wp-content\/uploads\/2024\/02\/cropped-logo_bazarcia.png","width":150,"height":150,"caption":"Bazar & Cia"},"image":{"@id":"https:\/\/shop.bazarcia.com\/#\/schema\/logo\/image\/"},"sameAs":["https:\/\/www.facebook.com\/shopbazarcia","https:\/\/www.instagram.com\/shopbazarcia","https:\/\/br.pinterest.com\/suzane_eloise\/","https:\/\/www.youtube.com\/c\/BazardoBordadoMatrizeseProjetos"]}]}},"_links":{"self":[{"href":"https:\/\/shop.bazarcia.com\/en\/wp-json\/wp\/v2\/product\/64433","targetHints":{"allow":["GET"]}}],"collection":[{"href":"https:\/\/shop.bazarcia.com\/en\/wp-json\/wp\/v2\/product"}],"about":[{"href":"https:\/\/shop.bazarcia.com\/en\/wp-json\/wp\/v2\/types\/product"}],"replies":[{"embeddable":true,"href":"https:\/\/shop.bazarcia.com\/en\/wp-json\/wp\/v2\/comments?post=64433"}],"version-history":[{"count":0,"href":"https:\/\/shop.bazarcia.com\/en\/wp-json\/wp\/v2\/product\/64433\/revisions"}],"wp:featuredmedia":[{"embeddable":true,"href":"https:\/\/shop.bazarcia.com\/en\/wp-json\/wp\/v2\/media\/64435"}],"wp:attachment":[{"href":"https:\/\/shop.bazarcia.com\/en\/wp-json\/wp\/v2\/media?parent=64433"}],"wp:term":[{"taxonomy":"product_brand","embeddable":true,"href":"https:\/\/shop.bazarcia.com\/en\/wp-json\/wp\/v2\/product_brand?post=64433"},{"taxonomy":"product_cat","embeddable":true,"href":"https:\/\/shop.bazarcia.com\/en\/wp-json\/wp\/v2\/product_cat?post=64433"},{"taxonomy":"product_tag","embeddable":true,"href":"https:\/\/shop.bazarcia.com\/en\/wp-json\/wp\/v2\/product_tag?post=64433"}],"curies":[{"name":"wp","href":"https:\/\/api.w.org\/{rel}","templated":true}]}}