{"id":66771,"date":"2020-12-04T23:51:49","date_gmt":"2020-12-05T02:51:49","guid":{"rendered":"https:\/\/shop.bazarcia.com\/?post_type=product&#038;p=66771"},"modified":"2023-01-09T14:43:00","modified_gmt":"2023-01-09T17:43:00","slug":"matrizes-de-bordado-leve-4-pague-2-combo-baby-pontos-leves","status":"publish","type":"product","link":"https:\/\/shop.bazarcia.com\/en\/product\/matrizes-de-bordado-leve-4-pague-2-combo-baby-pontos-leves\/","title":{"rendered":"Matrizes de Bordado &#8211; Leve 4 pague 2 [Combo Baby &#8211; Pontos Leves]"},"content":{"rendered":"<p>Tamanhos das matrizes:<\/p>\n<p>Cole\u00e7\u00e3o Boemia Baby (ver foto da galeria)<\/p>\n<p>Bal\u00f5es Saf\u00e1ri = 8 x 14 cm<\/p>\n<p>Arco-\u00cdris chuva cora\u00e7\u00f5es=<\/p>\n<p>Arco \u00edris com sol e nuvem<br \/>\nCen\u00e1rios:<br \/>\n8 x 14 cm \u2013 9 x 16 cm \u2013 10 x 18 cm<\/p>\n<p>Elementos avulsos:<\/p>\n<p>Arco-\u00edris: 5 x 10 cm<br \/>\nNuvem: 4 x 5 cm<br \/>\nSol: 5 x 5 cm<\/p>\n<p>Lhama Fofa [Cen\u00e1rio e Avulsas]<\/p>\n<p>Lhama e cacto: 10\u00d714 cm<\/p>\n<p>Lhama e Sol: 9,2 x 9,9 cm<\/p>\n<p>Lhama cen\u00e1rio nuvem: 11 x 18 cm<\/p>\n<p>Lhama cen\u00e1rio Sol: 10 x 18 cm<\/p>\n<p>Elementos Avulsos:<\/p>\n<p>Sol: 4 cm<\/p>\n<p>Cacto: 6 x 7 cm<\/p>\n<p>Este \u00e9 um produto DIGITAL e os arquivos estar\u00e3o dispon\u00edveis aqui mesmo na sua conta no Bazar na aba DOWNLOADS .<\/p>\n<p>Os arquivos est\u00e3o em pasta compactada (ZIP), sendo necess\u00e1rio descompact\u00e1-la.<\/p>\n<p>Os mesmos s\u00e3o compat\u00edveis com v\u00e1rios tipos e modelos de m\u00e1quinas, com os seguintes formatos :<\/p>\n<p>PES \u2013 JEF \u2013 EXP \u2013 HUS \u2013 XXX \u2013 DST &#8211; VP3.<\/p>\n<p>Adquirindo nossas matrizes e projetos voc\u00ea se declara de acordo com nossos <a href=\"https:\/\/shop.bazarcia.com\/store\/clube-de-matrizes\/toc\/\" target=\"_blank\" rel=\"noopener noreferrer\">TERMOS E CONDI\u00c7\u00d5ES<\/a>.<br \/>\nPrograma\u00e7\u00e3o das Matrizes: Clube de Matrizes \u2013 by Bazar do Bordado<br \/>\nDesigner cole\u00e7\u00e3o Boemia Baby: OwlAsyaShop<\/p>\n","protected":false},"excerpt":{"rendered":"<p>Levando esse pacote de matrizes voc\u00ea recebe:<br \/>\nPacote Boho Baby<br \/>\nMatrizes Saf\u00e1ri no Bal\u00e3o (vers\u00e3o menina e menino)<br \/>\nMatrizes Arco-\u00cdris<br \/>\nKit Lhamas Fofas<\/p>\n<p>Todas as matrizes em pontos leves e r\u00e1pidos de bordar!<\/p>","protected":false},"featured_media":71858,"comment_status":"open","ping_status":"closed","template":"","meta":{"_acf_changed":false,"_joinchat":[]},"product_brand":[],"product_cat":[84,122,330,105,288,1219,1066,1646,306],"product_tag":[],"class_list":{"0":"post-66771","1":"product","2":"type-product","3":"status-publish","4":"has-post-thumbnail","6":"product_cat-matrizes-de-bordado","7":"product_cat-matrizes-de-bordado-animais","8":"product_cat-lhamas","9":"product_cat-baloes","10":"product_cat-ceu","11":"product_cat-chuva-de-amor","12":"product_cat-colecoes-matrizes-de-bordado","13":"product_cat-estilo-boho","14":"product_cat-pacotinhos-de-matrizes","16":"first","17":"instock","18":"sale","19":"downloadable","20":"virtual","21":"purchasable","22":"product-type-simple"},"acf":[],"yoast_head":"<!-- This site is optimized with the Yoast SEO plugin v27.2 - https:\/\/yoast.com\/product\/yoast-seo-wordpress\/ -->\n<title>Matrizes de Bordado - Leve 4 pague 2 [Combo Baby - Pontos Leves] - \ud835\udc1b\ud835\udc1a\ud835\udc33\ud835\udc1a\ud835\udc2b &amp; \ud835\udc1c\ud835\udc22\ud835\udc1a<\/title>\n<meta name=\"robots\" content=\"index, follow, max-snippet:-1, max-image-preview:large, max-video-preview:-1\" \/>\n<link rel=\"canonical\" href=\"https:\/\/shop.bazarcia.com\/en\/product\/matrizes-de-bordado-leve-4-pague-2-combo-baby-pontos-leves\/\" \/>\n<meta property=\"og:locale\" content=\"en_US\" \/>\n<meta property=\"og:type\" content=\"article\" \/>\n<meta property=\"og:title\" content=\"Matrizes de Bordado - Leve 4 pague 2 [Combo Baby - Pontos Leves] - \ud835\udc1b\ud835\udc1a\ud835\udc33\ud835\udc1a\ud835\udc2b &amp; \ud835\udc1c\ud835\udc22\ud835\udc1a\" \/>\n<meta property=\"og:description\" content=\"Levando esse pacote de matrizes voc\u00ea recebe: Pacote Boho Baby Matrizes Saf\u00e1ri no Bal\u00e3o (vers\u00e3o menina e menino) Matrizes Arco-\u00cdris Kit Lhamas Fofas  Todas as matrizes em pontos leves e r\u00e1pidos de bordar!\" \/>\n<meta property=\"og:url\" content=\"https:\/\/shop.bazarcia.com\/en\/product\/matrizes-de-bordado-leve-4-pague-2-combo-baby-pontos-leves\/\" \/>\n<meta property=\"og:site_name\" content=\"\ud835\udc1b\ud835\udc1a\ud835\udc33\ud835\udc1a\ud835\udc2b &amp; \ud835\udc1c\ud835\udc22\ud835\udc1a\" \/>\n<meta property=\"article:publisher\" content=\"https:\/\/www.facebook.com\/shopbazarcia\" \/>\n<meta property=\"article:modified_time\" content=\"2023-01-09T17:43:00+00:00\" \/>\n<meta property=\"og:image\" content=\"https:\/\/shop.bazarcia.com\/wp-content\/uploads\/2021\/01\/3.png\" \/>\n\t<meta property=\"og:image:width\" content=\"1080\" \/>\n\t<meta property=\"og:image:height\" content=\"1080\" \/>\n\t<meta property=\"og:image:type\" content=\"image\/png\" \/>\n<meta name=\"twitter:card\" content=\"summary_large_image\" \/>\n<meta name=\"twitter:label1\" content=\"Est. reading time\" \/>\n\t<meta name=\"twitter:data1\" content=\"1 minute\" \/>\n<script type=\"application\/ld+json\" class=\"yoast-schema-graph\">{\"@context\":\"https:\/\/schema.org\",\"@graph\":[{\"@type\":\"WebPage\",\"@id\":\"https:\/\/shop.bazarcia.com\/produto\/matrizes-de-bordado-leve-4-pague-2-combo-baby-pontos-leves\/\",\"url\":\"https:\/\/shop.bazarcia.com\/produto\/matrizes-de-bordado-leve-4-pague-2-combo-baby-pontos-leves\/\",\"name\":\"Matrizes de Bordado - Leve 4 pague 2 [Combo Baby - Pontos Leves] - \ud835\udc1b\ud835\udc1a\ud835\udc33\ud835\udc1a\ud835\udc2b &amp; \ud835\udc1c\ud835\udc22\ud835\udc1a\",\"isPartOf\":{\"@id\":\"https:\/\/shop.bazarcia.com\/#website\"},\"primaryImageOfPage\":{\"@id\":\"https:\/\/shop.bazarcia.com\/produto\/matrizes-de-bordado-leve-4-pague-2-combo-baby-pontos-leves\/#primaryimage\"},\"image\":{\"@id\":\"https:\/\/shop.bazarcia.com\/produto\/matrizes-de-bordado-leve-4-pague-2-combo-baby-pontos-leves\/#primaryimage\"},\"thumbnailUrl\":\"https:\/\/shop.bazarcia.com\/wp-content\/uploads\/2021\/01\/3.png\",\"datePublished\":\"2020-12-05T02:51:49+00:00\",\"dateModified\":\"2023-01-09T17:43:00+00:00\",\"breadcrumb\":{\"@id\":\"https:\/\/shop.bazarcia.com\/produto\/matrizes-de-bordado-leve-4-pague-2-combo-baby-pontos-leves\/#breadcrumb\"},\"inLanguage\":\"en-US\",\"potentialAction\":[{\"@type\":\"ReadAction\",\"target\":[\"https:\/\/shop.bazarcia.com\/produto\/matrizes-de-bordado-leve-4-pague-2-combo-baby-pontos-leves\/\"]}]},{\"@type\":\"ImageObject\",\"inLanguage\":\"en-US\",\"@id\":\"https:\/\/shop.bazarcia.com\/produto\/matrizes-de-bordado-leve-4-pague-2-combo-baby-pontos-leves\/#primaryimage\",\"url\":\"https:\/\/shop.bazarcia.com\/wp-content\/uploads\/2021\/01\/3.png\",\"contentUrl\":\"https:\/\/shop.bazarcia.com\/wp-content\/uploads\/2021\/01\/3.png\",\"width\":1080,\"height\":1080},{\"@type\":\"BreadcrumbList\",\"@id\":\"https:\/\/shop.bazarcia.com\/produto\/matrizes-de-bordado-leve-4-pague-2-combo-baby-pontos-leves\/#breadcrumb\",\"itemListElement\":[{\"@type\":\"ListItem\",\"position\":1,\"name\":\"In\u00edcio\",\"item\":\"https:\/\/shop.bazarcia.com\/\"},{\"@type\":\"ListItem\",\"position\":2,\"name\":\"Loja\",\"item\":\"https:\/\/shop.bazarcia.com\/loja\/\"},{\"@type\":\"ListItem\",\"position\":3,\"name\":\"Matrizes de Bordado &#8211; Leve 4 pague 2 [Combo Baby &#8211; Pontos Leves]\"}]},{\"@type\":\"WebSite\",\"@id\":\"https:\/\/shop.bazarcia.com\/#website\",\"url\":\"https:\/\/shop.bazarcia.com\/\",\"name\":\"Bazar & Cia\",\"description\":\"criatividade ponto a ponto\",\"publisher\":{\"@id\":\"https:\/\/shop.bazarcia.com\/#organization\"},\"potentialAction\":[{\"@type\":\"SearchAction\",\"target\":{\"@type\":\"EntryPoint\",\"urlTemplate\":\"https:\/\/shop.bazarcia.com\/?s={search_term_string}\"},\"query-input\":{\"@type\":\"PropertyValueSpecification\",\"valueRequired\":true,\"valueName\":\"search_term_string\"}}],\"inLanguage\":\"en-US\"},{\"@type\":\"Organization\",\"@id\":\"https:\/\/shop.bazarcia.com\/#organization\",\"name\":\"Bazar & Cia\",\"url\":\"https:\/\/shop.bazarcia.com\/\",\"logo\":{\"@type\":\"ImageObject\",\"inLanguage\":\"en-US\",\"@id\":\"https:\/\/shop.bazarcia.com\/#\/schema\/logo\/image\/\",\"url\":\"https:\/\/shop.bazarcia.com\/wp-content\/uploads\/2024\/02\/cropped-logo_bazarcia.png\",\"contentUrl\":\"https:\/\/shop.bazarcia.com\/wp-content\/uploads\/2024\/02\/cropped-logo_bazarcia.png\",\"width\":150,\"height\":150,\"caption\":\"Bazar & Cia\"},\"image\":{\"@id\":\"https:\/\/shop.bazarcia.com\/#\/schema\/logo\/image\/\"},\"sameAs\":[\"https:\/\/www.facebook.com\/shopbazarcia\",\"https:\/\/www.instagram.com\/shopbazarcia\",\"https:\/\/br.pinterest.com\/suzane_eloise\/\",\"https:\/\/www.youtube.com\/c\/BazardoBordadoMatrizeseProjetos\"]}]}<\/script>\n<!-- \/ Yoast SEO plugin. -->","yoast_head_json":{"title":"Matrizes de Bordado - Leve 4 pague 2 [Combo Baby - Pontos Leves] - \ud835\udc1b\ud835\udc1a\ud835\udc33\ud835\udc1a\ud835\udc2b &amp; \ud835\udc1c\ud835\udc22\ud835\udc1a","robots":{"index":"index","follow":"follow","max-snippet":"max-snippet:-1","max-image-preview":"max-image-preview:large","max-video-preview":"max-video-preview:-1"},"canonical":"https:\/\/shop.bazarcia.com\/en\/product\/matrizes-de-bordado-leve-4-pague-2-combo-baby-pontos-leves\/","og_locale":"en_US","og_type":"article","og_title":"Matrizes de Bordado - Leve 4 pague 2 [Combo Baby - Pontos Leves] - \ud835\udc1b\ud835\udc1a\ud835\udc33\ud835\udc1a\ud835\udc2b &amp; \ud835\udc1c\ud835\udc22\ud835\udc1a","og_description":"Levando esse pacote de matrizes voc\u00ea recebe: Pacote Boho Baby Matrizes Saf\u00e1ri no Bal\u00e3o (vers\u00e3o menina e menino) Matrizes Arco-\u00cdris Kit Lhamas Fofas  Todas as matrizes em pontos leves e r\u00e1pidos de bordar!","og_url":"https:\/\/shop.bazarcia.com\/en\/product\/matrizes-de-bordado-leve-4-pague-2-combo-baby-pontos-leves\/","og_site_name":"\ud835\udc1b\ud835\udc1a\ud835\udc33\ud835\udc1a\ud835\udc2b &amp; \ud835\udc1c\ud835\udc22\ud835\udc1a","article_publisher":"https:\/\/www.facebook.com\/shopbazarcia","article_modified_time":"2023-01-09T17:43:00+00:00","og_image":[{"width":1080,"height":1080,"url":"https:\/\/shop.bazarcia.com\/wp-content\/uploads\/2021\/01\/3.png","type":"image\/png"}],"twitter_card":"summary_large_image","twitter_misc":{"Est. reading time":"1 minute"},"schema":{"@context":"https:\/\/schema.org","@graph":[{"@type":"WebPage","@id":"https:\/\/shop.bazarcia.com\/produto\/matrizes-de-bordado-leve-4-pague-2-combo-baby-pontos-leves\/","url":"https:\/\/shop.bazarcia.com\/produto\/matrizes-de-bordado-leve-4-pague-2-combo-baby-pontos-leves\/","name":"Matrizes de Bordado - Leve 4 pague 2 [Combo Baby - Pontos Leves] - \ud835\udc1b\ud835\udc1a\ud835\udc33\ud835\udc1a\ud835\udc2b &amp; \ud835\udc1c\ud835\udc22\ud835\udc1a","isPartOf":{"@id":"https:\/\/shop.bazarcia.com\/#website"},"primaryImageOfPage":{"@id":"https:\/\/shop.bazarcia.com\/produto\/matrizes-de-bordado-leve-4-pague-2-combo-baby-pontos-leves\/#primaryimage"},"image":{"@id":"https:\/\/shop.bazarcia.com\/produto\/matrizes-de-bordado-leve-4-pague-2-combo-baby-pontos-leves\/#primaryimage"},"thumbnailUrl":"https:\/\/shop.bazarcia.com\/wp-content\/uploads\/2021\/01\/3.png","datePublished":"2020-12-05T02:51:49+00:00","dateModified":"2023-01-09T17:43:00+00:00","breadcrumb":{"@id":"https:\/\/shop.bazarcia.com\/produto\/matrizes-de-bordado-leve-4-pague-2-combo-baby-pontos-leves\/#breadcrumb"},"inLanguage":"en-US","potentialAction":[{"@type":"ReadAction","target":["https:\/\/shop.bazarcia.com\/produto\/matrizes-de-bordado-leve-4-pague-2-combo-baby-pontos-leves\/"]}]},{"@type":"ImageObject","inLanguage":"en-US","@id":"https:\/\/shop.bazarcia.com\/produto\/matrizes-de-bordado-leve-4-pague-2-combo-baby-pontos-leves\/#primaryimage","url":"https:\/\/shop.bazarcia.com\/wp-content\/uploads\/2021\/01\/3.png","contentUrl":"https:\/\/shop.bazarcia.com\/wp-content\/uploads\/2021\/01\/3.png","width":1080,"height":1080},{"@type":"BreadcrumbList","@id":"https:\/\/shop.bazarcia.com\/produto\/matrizes-de-bordado-leve-4-pague-2-combo-baby-pontos-leves\/#breadcrumb","itemListElement":[{"@type":"ListItem","position":1,"name":"In\u00edcio","item":"https:\/\/shop.bazarcia.com\/"},{"@type":"ListItem","position":2,"name":"Loja","item":"https:\/\/shop.bazarcia.com\/loja\/"},{"@type":"ListItem","position":3,"name":"Matrizes de Bordado &#8211; Leve 4 pague 2 [Combo Baby &#8211; Pontos Leves]"}]},{"@type":"WebSite","@id":"https:\/\/shop.bazarcia.com\/#website","url":"https:\/\/shop.bazarcia.com\/","name":"Bazar & Cia","description":"criatividade ponto a ponto","publisher":{"@id":"https:\/\/shop.bazarcia.com\/#organization"},"potentialAction":[{"@type":"SearchAction","target":{"@type":"EntryPoint","urlTemplate":"https:\/\/shop.bazarcia.com\/?s={search_term_string}"},"query-input":{"@type":"PropertyValueSpecification","valueRequired":true,"valueName":"search_term_string"}}],"inLanguage":"en-US"},{"@type":"Organization","@id":"https:\/\/shop.bazarcia.com\/#organization","name":"Bazar & Cia","url":"https:\/\/shop.bazarcia.com\/","logo":{"@type":"ImageObject","inLanguage":"en-US","@id":"https:\/\/shop.bazarcia.com\/#\/schema\/logo\/image\/","url":"https:\/\/shop.bazarcia.com\/wp-content\/uploads\/2024\/02\/cropped-logo_bazarcia.png","contentUrl":"https:\/\/shop.bazarcia.com\/wp-content\/uploads\/2024\/02\/cropped-logo_bazarcia.png","width":150,"height":150,"caption":"Bazar & Cia"},"image":{"@id":"https:\/\/shop.bazarcia.com\/#\/schema\/logo\/image\/"},"sameAs":["https:\/\/www.facebook.com\/shopbazarcia","https:\/\/www.instagram.com\/shopbazarcia","https:\/\/br.pinterest.com\/suzane_eloise\/","https:\/\/www.youtube.com\/c\/BazardoBordadoMatrizeseProjetos"]}]}},"_links":{"self":[{"href":"https:\/\/shop.bazarcia.com\/en\/wp-json\/wp\/v2\/product\/66771","targetHints":{"allow":["GET"]}}],"collection":[{"href":"https:\/\/shop.bazarcia.com\/en\/wp-json\/wp\/v2\/product"}],"about":[{"href":"https:\/\/shop.bazarcia.com\/en\/wp-json\/wp\/v2\/types\/product"}],"replies":[{"embeddable":true,"href":"https:\/\/shop.bazarcia.com\/en\/wp-json\/wp\/v2\/comments?post=66771"}],"version-history":[{"count":0,"href":"https:\/\/shop.bazarcia.com\/en\/wp-json\/wp\/v2\/product\/66771\/revisions"}],"wp:featuredmedia":[{"embeddable":true,"href":"https:\/\/shop.bazarcia.com\/en\/wp-json\/wp\/v2\/media\/71858"}],"wp:attachment":[{"href":"https:\/\/shop.bazarcia.com\/en\/wp-json\/wp\/v2\/media?parent=66771"}],"wp:term":[{"taxonomy":"product_brand","embeddable":true,"href":"https:\/\/shop.bazarcia.com\/en\/wp-json\/wp\/v2\/product_brand?post=66771"},{"taxonomy":"product_cat","embeddable":true,"href":"https:\/\/shop.bazarcia.com\/en\/wp-json\/wp\/v2\/product_cat?post=66771"},{"taxonomy":"product_tag","embeddable":true,"href":"https:\/\/shop.bazarcia.com\/en\/wp-json\/wp\/v2\/product_tag?post=66771"}],"curies":[{"name":"wp","href":"https:\/\/api.w.org\/{rel}","templated":true}]}}