{"id":67538,"date":"2020-12-12T17:16:31","date_gmt":"2020-12-12T20:16:31","guid":{"rendered":"https:\/\/shop.bazarcia.com\/?post_type=product&#038;p=67538"},"modified":"2025-09-03T17:22:37","modified_gmt":"2025-09-03T20:22:37","slug":"matrizes-de-bordado-leve-4-pague-2-montagens-safari-leao-fringe","status":"publish","type":"product","link":"https:\/\/shop.bazarcia.com\/en\/product\/matrizes-de-bordado-leve-4-pague-2-montagens-safari-leao-fringe\/","title":{"rendered":"Matrizes de Bordado &#8211; Leve + pague &#8211; [ Montagens Saf\u00e1ri + Le\u00e3o Fringe]"},"content":{"rendered":"<p>Este \u00e9 um produto DIGITAL e os arquivos estar\u00e3o dispon\u00edveis aqui mesmo na sua conta no Bazar na aba DOWNLOADS .<\/p>\n<p>Os arquivos est\u00e3o em pasta compactada (ZIP), sendo necess\u00e1rio descompact\u00e1-la.<\/p>\n<p>Os mesmos s\u00e3o compat\u00edveis com v\u00e1rios tipos e modelos de m\u00e1quinas, com os seguintes formatos :<\/p>\n<p>PES \u2013 JEF \u2013 EXP \u2013 DST.<\/p>\n<p>Adquirindo nossas matrizes e projetos voc\u00ea se declara de acordo com nossos TERMOS E CONDI\u00c7\u00d5ES.<br \/>\nPrograma\u00e7\u00e3o das Matrizes: Clube de Matrizes \u2013 by Bazar do Bordado<br \/>\nDesigner dos Desenhos: Carol (Est\u00fadio 812) + adapta\u00e7\u00f5es Clube de Matrizes \u2013 by Bazar do Bordado<\/p>","protected":false},"excerpt":{"rendered":"<p>Neste combo de matrizes voc\u00ea leva:<\/p>\n<p><strong>Matriz de bordado Le\u00e3o com T\u00e9cnica Fringe<\/strong><\/p>\n<p>Tamanho aproximado:\u00a0 9,5 cm.<\/p>\n<p><em><strong>CONT\u00c9M PASSO A PASSO EM V\u00cdDEO<\/strong><\/em>, ap\u00f3s a compra voc\u00ea assite aqui mesmo no Bazar, na aba &gt; Material Complementar.<\/p>\n<p>+<\/p>\n<p><strong>Matriz de Bordado \u2013 Turminha Saf\u00e1ri\u00a0<\/strong><\/p>\n<p>Tamanhos: 18, 20 ou 24 cm.<\/p>\n<p>16 x 17 cm<\/p>\n<p><strong>Matriz de Bordado \u2013\u00a0 Saf\u00e1ri Moldura Baby<\/strong><\/p>\n<p>Tamanhos: 13\u00d713 ou 16\u00d716 cm<\/p>\n<div class=\"single-breadcrumbs-wrapper\">\n<div class=\"single-breadcrumbs\">\n<div class=\"woodmart-products-nav\">\n<div class=\"product-btn product-prev\"><\/div>\n<div class=\"product-btn product-next\">\n<div class=\"wrapper-short\">\n<div class=\"product-short\">\n<div class=\"product-short-image\"><strong>Matriz de Bordado \u2013 Saf\u00e1ri no Jipe<\/strong><\/div>\n<\/div>\n<\/div>\n<\/div>\n<\/div>\n<\/div>\n<\/div>\n<p>Tamanho: 13 cm (largura) e 14 cm (altura).<\/p>\n<p>&nbsp;<\/p>\n<p>&nbsp;<\/p>\n<p>&nbsp;<\/p>","protected":false},"featured_media":71856,"comment_status":"open","ping_status":"closed","template":"","meta":{"_acf_changed":false,"_joinchat":[]},"product_brand":[],"product_cat":[122,237,84,306,234],"product_tag":[],"class_list":{"0":"post-67538","1":"product","2":"type-product","3":"status-publish","4":"has-post-thumbnail","6":"product_cat-matrizes-de-bordado-animais","7":"product_cat-leaozinho","8":"product_cat-matrizes-de-bordado","9":"product_cat-pacotinhos-de-matrizes","10":"product_cat-safari","12":"first","13":"instock","14":"sale","15":"downloadable","16":"virtual","17":"purchasable","18":"product-type-simple"},"acf":[],"yoast_head":"<!-- This site is optimized with the Yoast SEO plugin v27.2 - https:\/\/yoast.com\/product\/yoast-seo-wordpress\/ -->\n<title>Matrizes de Bordado - Leve + pague - [ Montagens Saf\u00e1ri + Le\u00e3o Fringe] - \ud835\udc1b\ud835\udc1a\ud835\udc33\ud835\udc1a\ud835\udc2b &amp; \ud835\udc1c\ud835\udc22\ud835\udc1a<\/title>\n<meta name=\"robots\" content=\"index, follow, max-snippet:-1, max-image-preview:large, max-video-preview:-1\" \/>\n<link rel=\"canonical\" href=\"https:\/\/shop.bazarcia.com\/en\/product\/matrizes-de-bordado-leve-4-pague-2-montagens-safari-leao-fringe\/\" \/>\n<meta property=\"og:locale\" content=\"en_US\" \/>\n<meta property=\"og:type\" content=\"article\" \/>\n<meta property=\"og:title\" content=\"Matrizes de Bordado - Leve + pague - [ Montagens Saf\u00e1ri + Le\u00e3o Fringe] - \ud835\udc1b\ud835\udc1a\ud835\udc33\ud835\udc1a\ud835\udc2b &amp; \ud835\udc1c\ud835\udc22\ud835\udc1a\" \/>\n<meta property=\"og:description\" content=\"Neste combo de matrizes voc\u00ea leva:  Matriz de bordado Le\u00e3o com T\u00e9cnica Fringe  Tamanho aproximado:\u00a0 9,5 cm.  CONT\u00c9M PASSO A PASSO EM V\u00cdDEO, ap\u00f3s a compra voc\u00ea assite aqui mesmo no Bazar, na aba &gt; Material Complementar.  +  Matriz de Bordado \u2013 Turminha Saf\u00e1ri\u00a0  Tamanhos: 18, 20 ou 24 cm.  16 x 17 cm  Matriz de Bordado \u2013\u00a0 Saf\u00e1ri Moldura Baby  Tamanhos: 13\u00d713 ou 16\u00d716 cm        Matriz de Bordado \u2013 Saf\u00e1ri no Jipe       Tamanho: 13 cm (largura) e 14 cm (altura).  &nbsp;  &nbsp;  &nbsp;\" \/>\n<meta property=\"og:url\" content=\"https:\/\/shop.bazarcia.com\/en\/product\/matrizes-de-bordado-leve-4-pague-2-montagens-safari-leao-fringe\/\" \/>\n<meta property=\"og:site_name\" content=\"\ud835\udc1b\ud835\udc1a\ud835\udc33\ud835\udc1a\ud835\udc2b &amp; \ud835\udc1c\ud835\udc22\ud835\udc1a\" \/>\n<meta property=\"article:publisher\" content=\"https:\/\/www.facebook.com\/shopbazarcia\" \/>\n<meta property=\"article:modified_time\" content=\"2025-09-03T20:22:37+00:00\" \/>\n<meta property=\"og:image\" content=\"https:\/\/shop.bazarcia.com\/wp-content\/uploads\/2021\/01\/1.png\" \/>\n\t<meta property=\"og:image:width\" content=\"1080\" \/>\n\t<meta property=\"og:image:height\" content=\"1080\" \/>\n\t<meta property=\"og:image:type\" content=\"image\/png\" \/>\n<meta name=\"twitter:card\" content=\"summary_large_image\" \/>\n<meta name=\"twitter:label1\" content=\"Est. reading time\" \/>\n\t<meta name=\"twitter:data1\" content=\"1 minute\" \/>\n<script type=\"application\/ld+json\" class=\"yoast-schema-graph\">{\"@context\":\"https:\/\/schema.org\",\"@graph\":[{\"@type\":\"WebPage\",\"@id\":\"https:\/\/shop.bazarcia.com\/produto\/matrizes-de-bordado-leve-4-pague-2-montagens-safari-leao-fringe\/\",\"url\":\"https:\/\/shop.bazarcia.com\/produto\/matrizes-de-bordado-leve-4-pague-2-montagens-safari-leao-fringe\/\",\"name\":\"Matrizes de Bordado - Leve + pague - [ Montagens Saf\u00e1ri + Le\u00e3o Fringe] - \ud835\udc1b\ud835\udc1a\ud835\udc33\ud835\udc1a\ud835\udc2b &amp; \ud835\udc1c\ud835\udc22\ud835\udc1a\",\"isPartOf\":{\"@id\":\"https:\/\/shop.bazarcia.com\/#website\"},\"primaryImageOfPage\":{\"@id\":\"https:\/\/shop.bazarcia.com\/produto\/matrizes-de-bordado-leve-4-pague-2-montagens-safari-leao-fringe\/#primaryimage\"},\"image\":{\"@id\":\"https:\/\/shop.bazarcia.com\/produto\/matrizes-de-bordado-leve-4-pague-2-montagens-safari-leao-fringe\/#primaryimage\"},\"thumbnailUrl\":\"https:\/\/shop.bazarcia.com\/wp-content\/uploads\/2021\/01\/1.png\",\"datePublished\":\"2020-12-12T20:16:31+00:00\",\"dateModified\":\"2025-09-03T20:22:37+00:00\",\"breadcrumb\":{\"@id\":\"https:\/\/shop.bazarcia.com\/produto\/matrizes-de-bordado-leve-4-pague-2-montagens-safari-leao-fringe\/#breadcrumb\"},\"inLanguage\":\"en-US\",\"potentialAction\":[{\"@type\":\"ReadAction\",\"target\":[\"https:\/\/shop.bazarcia.com\/produto\/matrizes-de-bordado-leve-4-pague-2-montagens-safari-leao-fringe\/\"]}]},{\"@type\":\"ImageObject\",\"inLanguage\":\"en-US\",\"@id\":\"https:\/\/shop.bazarcia.com\/produto\/matrizes-de-bordado-leve-4-pague-2-montagens-safari-leao-fringe\/#primaryimage\",\"url\":\"https:\/\/shop.bazarcia.com\/wp-content\/uploads\/2021\/01\/1.png\",\"contentUrl\":\"https:\/\/shop.bazarcia.com\/wp-content\/uploads\/2021\/01\/1.png\",\"width\":1080,\"height\":1080},{\"@type\":\"BreadcrumbList\",\"@id\":\"https:\/\/shop.bazarcia.com\/produto\/matrizes-de-bordado-leve-4-pague-2-montagens-safari-leao-fringe\/#breadcrumb\",\"itemListElement\":[{\"@type\":\"ListItem\",\"position\":1,\"name\":\"In\u00edcio\",\"item\":\"https:\/\/shop.bazarcia.com\/\"},{\"@type\":\"ListItem\",\"position\":2,\"name\":\"Loja\",\"item\":\"https:\/\/shop.bazarcia.com\/loja\/\"},{\"@type\":\"ListItem\",\"position\":3,\"name\":\"Matrizes de Bordado &#8211; Leve + pague &#8211; [ Montagens Saf\u00e1ri + Le\u00e3o Fringe]\"}]},{\"@type\":\"WebSite\",\"@id\":\"https:\/\/shop.bazarcia.com\/#website\",\"url\":\"https:\/\/shop.bazarcia.com\/\",\"name\":\"Bazar & Cia\",\"description\":\"criatividade ponto a ponto\",\"publisher\":{\"@id\":\"https:\/\/shop.bazarcia.com\/#organization\"},\"potentialAction\":[{\"@type\":\"SearchAction\",\"target\":{\"@type\":\"EntryPoint\",\"urlTemplate\":\"https:\/\/shop.bazarcia.com\/?s={search_term_string}\"},\"query-input\":{\"@type\":\"PropertyValueSpecification\",\"valueRequired\":true,\"valueName\":\"search_term_string\"}}],\"inLanguage\":\"en-US\"},{\"@type\":\"Organization\",\"@id\":\"https:\/\/shop.bazarcia.com\/#organization\",\"name\":\"Bazar & Cia\",\"url\":\"https:\/\/shop.bazarcia.com\/\",\"logo\":{\"@type\":\"ImageObject\",\"inLanguage\":\"en-US\",\"@id\":\"https:\/\/shop.bazarcia.com\/#\/schema\/logo\/image\/\",\"url\":\"https:\/\/shop.bazarcia.com\/wp-content\/uploads\/2024\/02\/cropped-logo_bazarcia.png\",\"contentUrl\":\"https:\/\/shop.bazarcia.com\/wp-content\/uploads\/2024\/02\/cropped-logo_bazarcia.png\",\"width\":150,\"height\":150,\"caption\":\"Bazar & Cia\"},\"image\":{\"@id\":\"https:\/\/shop.bazarcia.com\/#\/schema\/logo\/image\/\"},\"sameAs\":[\"https:\/\/www.facebook.com\/shopbazarcia\",\"https:\/\/www.instagram.com\/shopbazarcia\",\"https:\/\/br.pinterest.com\/suzane_eloise\/\",\"https:\/\/www.youtube.com\/c\/BazardoBordadoMatrizeseProjetos\"]}]}<\/script>\n<!-- \/ Yoast SEO plugin. -->","yoast_head_json":{"title":"Matrizes de Bordado - Leve + pague - [ Montagens Saf\u00e1ri + Le\u00e3o Fringe] - \ud835\udc1b\ud835\udc1a\ud835\udc33\ud835\udc1a\ud835\udc2b &amp; \ud835\udc1c\ud835\udc22\ud835\udc1a","robots":{"index":"index","follow":"follow","max-snippet":"max-snippet:-1","max-image-preview":"max-image-preview:large","max-video-preview":"max-video-preview:-1"},"canonical":"https:\/\/shop.bazarcia.com\/en\/product\/matrizes-de-bordado-leve-4-pague-2-montagens-safari-leao-fringe\/","og_locale":"en_US","og_type":"article","og_title":"Matrizes de Bordado - Leve + pague - [ Montagens Saf\u00e1ri + Le\u00e3o Fringe] - \ud835\udc1b\ud835\udc1a\ud835\udc33\ud835\udc1a\ud835\udc2b &amp; \ud835\udc1c\ud835\udc22\ud835\udc1a","og_description":"Neste combo de matrizes voc\u00ea leva:  Matriz de bordado Le\u00e3o com T\u00e9cnica Fringe  Tamanho aproximado:\u00a0 9,5 cm.  CONT\u00c9M PASSO A PASSO EM V\u00cdDEO, ap\u00f3s a compra voc\u00ea assite aqui mesmo no Bazar, na aba &gt; Material Complementar.  +  Matriz de Bordado \u2013 Turminha Saf\u00e1ri\u00a0  Tamanhos: 18, 20 ou 24 cm.  16 x 17 cm  Matriz de Bordado \u2013\u00a0 Saf\u00e1ri Moldura Baby  Tamanhos: 13\u00d713 ou 16\u00d716 cm        Matriz de Bordado \u2013 Saf\u00e1ri no Jipe       Tamanho: 13 cm (largura) e 14 cm (altura).  &nbsp;  &nbsp;  &nbsp;","og_url":"https:\/\/shop.bazarcia.com\/en\/product\/matrizes-de-bordado-leve-4-pague-2-montagens-safari-leao-fringe\/","og_site_name":"\ud835\udc1b\ud835\udc1a\ud835\udc33\ud835\udc1a\ud835\udc2b &amp; \ud835\udc1c\ud835\udc22\ud835\udc1a","article_publisher":"https:\/\/www.facebook.com\/shopbazarcia","article_modified_time":"2025-09-03T20:22:37+00:00","og_image":[{"width":1080,"height":1080,"url":"https:\/\/shop.bazarcia.com\/wp-content\/uploads\/2021\/01\/1.png","type":"image\/png"}],"twitter_card":"summary_large_image","twitter_misc":{"Est. reading time":"1 minute"},"schema":{"@context":"https:\/\/schema.org","@graph":[{"@type":"WebPage","@id":"https:\/\/shop.bazarcia.com\/produto\/matrizes-de-bordado-leve-4-pague-2-montagens-safari-leao-fringe\/","url":"https:\/\/shop.bazarcia.com\/produto\/matrizes-de-bordado-leve-4-pague-2-montagens-safari-leao-fringe\/","name":"Matrizes de Bordado - Leve + pague - [ Montagens Saf\u00e1ri + Le\u00e3o Fringe] - \ud835\udc1b\ud835\udc1a\ud835\udc33\ud835\udc1a\ud835\udc2b &amp; \ud835\udc1c\ud835\udc22\ud835\udc1a","isPartOf":{"@id":"https:\/\/shop.bazarcia.com\/#website"},"primaryImageOfPage":{"@id":"https:\/\/shop.bazarcia.com\/produto\/matrizes-de-bordado-leve-4-pague-2-montagens-safari-leao-fringe\/#primaryimage"},"image":{"@id":"https:\/\/shop.bazarcia.com\/produto\/matrizes-de-bordado-leve-4-pague-2-montagens-safari-leao-fringe\/#primaryimage"},"thumbnailUrl":"https:\/\/shop.bazarcia.com\/wp-content\/uploads\/2021\/01\/1.png","datePublished":"2020-12-12T20:16:31+00:00","dateModified":"2025-09-03T20:22:37+00:00","breadcrumb":{"@id":"https:\/\/shop.bazarcia.com\/produto\/matrizes-de-bordado-leve-4-pague-2-montagens-safari-leao-fringe\/#breadcrumb"},"inLanguage":"en-US","potentialAction":[{"@type":"ReadAction","target":["https:\/\/shop.bazarcia.com\/produto\/matrizes-de-bordado-leve-4-pague-2-montagens-safari-leao-fringe\/"]}]},{"@type":"ImageObject","inLanguage":"en-US","@id":"https:\/\/shop.bazarcia.com\/produto\/matrizes-de-bordado-leve-4-pague-2-montagens-safari-leao-fringe\/#primaryimage","url":"https:\/\/shop.bazarcia.com\/wp-content\/uploads\/2021\/01\/1.png","contentUrl":"https:\/\/shop.bazarcia.com\/wp-content\/uploads\/2021\/01\/1.png","width":1080,"height":1080},{"@type":"BreadcrumbList","@id":"https:\/\/shop.bazarcia.com\/produto\/matrizes-de-bordado-leve-4-pague-2-montagens-safari-leao-fringe\/#breadcrumb","itemListElement":[{"@type":"ListItem","position":1,"name":"In\u00edcio","item":"https:\/\/shop.bazarcia.com\/"},{"@type":"ListItem","position":2,"name":"Loja","item":"https:\/\/shop.bazarcia.com\/loja\/"},{"@type":"ListItem","position":3,"name":"Matrizes de Bordado &#8211; Leve + pague &#8211; [ Montagens Saf\u00e1ri + Le\u00e3o Fringe]"}]},{"@type":"WebSite","@id":"https:\/\/shop.bazarcia.com\/#website","url":"https:\/\/shop.bazarcia.com\/","name":"Bazar & Cia","description":"criatividade ponto a ponto","publisher":{"@id":"https:\/\/shop.bazarcia.com\/#organization"},"potentialAction":[{"@type":"SearchAction","target":{"@type":"EntryPoint","urlTemplate":"https:\/\/shop.bazarcia.com\/?s={search_term_string}"},"query-input":{"@type":"PropertyValueSpecification","valueRequired":true,"valueName":"search_term_string"}}],"inLanguage":"en-US"},{"@type":"Organization","@id":"https:\/\/shop.bazarcia.com\/#organization","name":"Bazar & Cia","url":"https:\/\/shop.bazarcia.com\/","logo":{"@type":"ImageObject","inLanguage":"en-US","@id":"https:\/\/shop.bazarcia.com\/#\/schema\/logo\/image\/","url":"https:\/\/shop.bazarcia.com\/wp-content\/uploads\/2024\/02\/cropped-logo_bazarcia.png","contentUrl":"https:\/\/shop.bazarcia.com\/wp-content\/uploads\/2024\/02\/cropped-logo_bazarcia.png","width":150,"height":150,"caption":"Bazar & Cia"},"image":{"@id":"https:\/\/shop.bazarcia.com\/#\/schema\/logo\/image\/"},"sameAs":["https:\/\/www.facebook.com\/shopbazarcia","https:\/\/www.instagram.com\/shopbazarcia","https:\/\/br.pinterest.com\/suzane_eloise\/","https:\/\/www.youtube.com\/c\/BazardoBordadoMatrizeseProjetos"]}]}},"_links":{"self":[{"href":"https:\/\/shop.bazarcia.com\/en\/wp-json\/wp\/v2\/product\/67538","targetHints":{"allow":["GET"]}}],"collection":[{"href":"https:\/\/shop.bazarcia.com\/en\/wp-json\/wp\/v2\/product"}],"about":[{"href":"https:\/\/shop.bazarcia.com\/en\/wp-json\/wp\/v2\/types\/product"}],"replies":[{"embeddable":true,"href":"https:\/\/shop.bazarcia.com\/en\/wp-json\/wp\/v2\/comments?post=67538"}],"version-history":[{"count":1,"href":"https:\/\/shop.bazarcia.com\/en\/wp-json\/wp\/v2\/product\/67538\/revisions"}],"predecessor-version":[{"id":336859,"href":"https:\/\/shop.bazarcia.com\/en\/wp-json\/wp\/v2\/product\/67538\/revisions\/336859"}],"wp:featuredmedia":[{"embeddable":true,"href":"https:\/\/shop.bazarcia.com\/en\/wp-json\/wp\/v2\/media\/71856"}],"wp:attachment":[{"href":"https:\/\/shop.bazarcia.com\/en\/wp-json\/wp\/v2\/media?parent=67538"}],"wp:term":[{"taxonomy":"product_brand","embeddable":true,"href":"https:\/\/shop.bazarcia.com\/en\/wp-json\/wp\/v2\/product_brand?post=67538"},{"taxonomy":"product_cat","embeddable":true,"href":"https:\/\/shop.bazarcia.com\/en\/wp-json\/wp\/v2\/product_cat?post=67538"},{"taxonomy":"product_tag","embeddable":true,"href":"https:\/\/shop.bazarcia.com\/en\/wp-json\/wp\/v2\/product_tag?post=67538"}],"curies":[{"name":"wp","href":"https:\/\/api.w.org\/{rel}","templated":true}]}}